{"id":145,"date":"2022-01-25T18:36:54","date_gmt":"2022-01-25T18:36:54","guid":{"rendered":"https:\/\/mi.addevmaterials.com\/?page_id=145"},"modified":"2026-02-23T15:21:57","modified_gmt":"2026-02-23T15:21:57","slug":"funkcionalizace-materialu","status":"publish","type":"page","link":"https:\/\/addevmaterials.com\/converting\/cs\/fonctionnalisation-des-materiaux\/","title":{"rendered":"Funkcionalizace materi\u00e1l\u016f"},"content":{"rendered":"\t\t<div data-elementor-type=\"wp-page\" data-elementor-id=\"145\" class=\"elementor elementor-145\" data-elementor-post-type=\"page\">\n\t\t\t\t<div class=\"elementor-element elementor-element-20f169f e-flex e-con-boxed e-con e-parent\" data-id=\"20f169f\" data-element_type=\"container\" data-e-type=\"container\" data-settings=\"{&quot;background_background&quot;:&quot;classic&quot;,&quot;background_motion_fx_motion_fx_scrolling&quot;:&quot;yes&quot;,&quot;background_motion_fx_translateX_effect&quot;:&quot;yes&quot;,&quot;background_motion_fx_translateX_speed&quot;:{&quot;unit&quot;:&quot;px&quot;,&quot;size&quot;:4,&quot;sizes&quot;:[]},&quot;background_motion_fx_translateX_affectedRange&quot;:{&quot;unit&quot;:&quot;%&quot;,&quot;size&quot;:&quot;&quot;,&quot;sizes&quot;:{&quot;start&quot;:0,&quot;end&quot;:100}},&quot;background_motion_fx_devices&quot;:[&quot;widescreen&quot;,&quot;desktop&quot;,&quot;laptop&quot;,&quot;tablet_extra&quot;,&quot;tablet&quot;,&quot;mobile_extra&quot;,&quot;mobile&quot;]}\">\n\t\t\t\t\t<div class=\"e-con-inner\">\n\t\t\t\t<div class=\"elementor-element elementor-element-ba0b01d elementor-widget elementor-widget-heading\" data-id=\"ba0b01d\" data-element_type=\"widget\" data-e-type=\"widget\" data-widget_type=\"heading.default\">\n\t\t\t\t<div class=\"elementor-widget-container\">\n\t\t\t\t\t<h1 class=\"elementor-heading-title elementor-size-default\">Fonctionnalisation des mat\u00e9riaux : transformation technique sur-mesure<\/h1>\t\t\t\t<\/div>\n\t\t\t\t<\/div>\n\t\t\t\t\t<\/div>\n\t\t\t\t<\/div>\n\t\t<div class=\"elementor-element elementor-element-0c56862 e-flex e-con-boxed e-con e-parent\" data-id=\"0c56862\" data-element_type=\"container\" data-e-type=\"container\">\n\t\t\t\t\t<div class=\"e-con-inner\">\n\t\t\t\t<div class=\"elementor-element elementor-element-3c5e19e elementor-widget elementor-widget-text-editor\" data-id=\"3c5e19e\" data-element_type=\"widget\" data-e-type=\"widget\" data-widget_type=\"text-editor.default\">\n\t\t\t\t<div class=\"elementor-widget-container\">\n\t\t\t\t\t\t\t\t\t<p><em>ADDEV Materials, un transformateur de mat\u00e9riaux haute performance, offre l&rsquo;une des plus larges gammes de mat\u00e9riaux du march\u00e9 avec plus de 15 000 produits transform\u00e9s et d\u00e9coup\u00e9s en plus de 40 000 solutions personnalis\u00e9es.<\/em><\/p>\t\t\t\t\t\t\t\t<\/div>\n\t\t\t\t<\/div>\n\t\t\t\t\t<\/div>\n\t\t\t\t<\/div>\n\t\t<div class=\"elementor-element elementor-element-dea49a4 e-flex e-con-boxed e-con e-parent\" data-id=\"dea49a4\" data-element_type=\"container\" data-e-type=\"container\">\n\t\t\t\t\t<div class=\"e-con-inner\">\n\t\t\t\t<div class=\"elementor-element elementor-element-a7503d0 elementor-widget-divider--view-line elementor-widget elementor-widget-divider\" data-id=\"a7503d0\" data-element_type=\"widget\" data-e-type=\"widget\" data-widget_type=\"divider.default\">\n\t\t\t\t<div class=\"elementor-widget-container\">\n\t\t\t\t\t\t\t<div class=\"elementor-divider\">\n\t\t\t<span class=\"elementor-divider-separator\">\n\t\t\t\t\t\t<\/span>\n\t\t<\/div>\n\t\t\t\t\t\t<\/div>\n\t\t\t\t<\/div>\n\t\t\t\t\t<\/div>\n\t\t\t\t<\/div>\n\t\t<div class=\"elementor-element elementor-element-52ca1f9 e-flex e-con-boxed e-con e-parent\" data-id=\"52ca1f9\" data-element_type=\"container\" data-e-type=\"container\">\n\t\t\t\t\t<div class=\"e-con-inner\">\n\t\t\t\t<div class=\"elementor-element elementor-element-3f303bb elementor-widget elementor-widget-heading\" data-id=\"3f303bb\" data-element_type=\"widget\" data-e-type=\"widget\" data-widget_type=\"heading.default\">\n\t\t\t\t<div class=\"elementor-widget-container\">\n\t\t\t\t\t<h2 class=\"elementor-heading-title elementor-size-default\">Qu'est-ce que la fonctionnalisation des mat\u00e9rieux?<\/h2>\t\t\t\t<\/div>\n\t\t\t\t<\/div>\n\t\t\t\t<div class=\"elementor-element elementor-element-ef49c76 elementor-widget elementor-widget-text-editor\" data-id=\"ef49c76\" data-element_type=\"widget\" data-e-type=\"widget\" data-widget_type=\"text-editor.default\">\n\t\t\t\t<div class=\"elementor-widget-container\">\n\t\t\t\t\t\t\t\t\t<p data-start=\"636\" data-end=\"696\"><span class=\"relative -mx-px my-[-0.2rem] rounded px-px py-[0.2rem] transition-colors duration-100 ease-in-out\">La fonctionnalisation des mat\u00e9riaux regroupe les proc\u00e9d\u00e9s industriels de traitement et d\u2019assemblage visant \u00e0 doter un support (film, mousse, tissu, liner\u2026) de propri\u00e9t\u00e9s techniques sp\u00e9cifiques\u202f: adh\u00e9sivit\u00e9, \u00e9tanch\u00e9it\u00e9, barri\u00e8re, renfort, esth\u00e9tique.<\/span><\/p><p data-start=\"698\" data-end=\"735\"><span class=\"relative -mx-px my-[-0.2rem] rounded px-px py-[0.2rem] transition-colors duration-100 ease-in-out\">Elle inclut notamment le <strong data-start=\"25\" data-end=\"39\">complexage<\/strong>, <strong data-start=\"41\" data-end=\"57\">l\u2019adh\u00e9sivage<\/strong>, la <strong data-start=\"62\" data-end=\"76\">lamination<\/strong> ou <strong data-start=\"80\" data-end=\"95\">l\u2019enduction<\/strong>, et r\u00e9pond \u00e0 des besoins d\u2019int\u00e9gration en production, de pr\u00e9paration de surface ou de performance fonctionnelle<\/span><\/p>\t\t\t\t\t\t\t\t<\/div>\n\t\t\t\t<\/div>\n\t\t\t\t\t<\/div>\n\t\t\t\t<\/div>\n\t\t<div class=\"elementor-element elementor-element-3113a0b e-flex e-con-boxed e-con e-parent\" data-id=\"3113a0b\" data-element_type=\"container\" data-e-type=\"container\">\n\t\t\t\t\t<div class=\"e-con-inner\">\n\t\t\t\t<div class=\"elementor-element elementor-element-e82a9b0 elementor-widget elementor-widget-heading\" data-id=\"e82a9b0\" data-element_type=\"widget\" data-e-type=\"widget\" data-widget_type=\"heading.default\">\n\t\t\t\t<div class=\"elementor-widget-container\">\n\t\t\t\t\t<h2 class=\"elementor-heading-title elementor-size-default\">Nos capacit\u00e9s en mati\u00e8re de fonctionnalisation des mat\u00e9riaux<\/h2>\t\t\t\t<\/div>\n\t\t\t\t<\/div>\n\t\t\t\t\t<\/div>\n\t\t\t\t<\/div>\n\t\t<div class=\"elementor-element elementor-element-4da0bb2 e-flex e-con-boxed e-con e-parent\" data-id=\"4da0bb2\" data-element_type=\"container\" data-e-type=\"container\">\n\t\t\t\t\t<div class=\"e-con-inner\">\n\t\t<a class=\"elementor-element elementor-element-fe0651d e-con-full e-flex e-con e-child\" data-id=\"fe0651d\" data-element_type=\"container\" data-e-type=\"container\" data-settings=\"{&quot;background_background&quot;:&quot;classic&quot;}\" href=\"https:\/\/addevmaterials.com\/converting\/complexage\/\">\n\t\t\t\t<div class=\"elementor-element elementor-element-43ff70b elementor-widget elementor-widget-heading\" data-id=\"43ff70b\" data-element_type=\"widget\" data-e-type=\"widget\" data-widget_type=\"heading.default\">\n\t\t\t\t<div class=\"elementor-widget-container\">\n\t\t\t\t\t<h3 class=\"elementor-heading-title elementor-size-default\">Complexage<\/h3>\t\t\t\t<\/div>\n\t\t\t\t<\/div>\n\t\t\t\t<\/a>\n\t\t<a class=\"elementor-element elementor-element-2447709 e-con-full e-flex e-con e-child\" data-id=\"2447709\" data-element_type=\"container\" data-e-type=\"container\" data-settings=\"{&quot;background_background&quot;:&quot;classic&quot;}\" href=\"https:\/\/addevmaterials.com\/converting\/complexage\/\">\n\t\t\t\t<div class=\"elementor-element elementor-element-667afeb elementor-widget elementor-widget-heading\" data-id=\"667afeb\" data-element_type=\"widget\" data-e-type=\"widget\" data-widget_type=\"heading.default\">\n\t\t\t\t<div class=\"elementor-widget-container\">\n\t\t\t\t\t<h3 class=\"elementor-heading-title elementor-size-default\">Adh\u00e9sivage<\/h3>\t\t\t\t<\/div>\n\t\t\t\t<\/div>\n\t\t\t\t<\/a>\n\t\t\t\t\t<\/div>\n\t\t\t\t<\/div>\n\t\t<div class=\"elementor-element elementor-element-f315ace e-flex e-con-boxed e-con e-parent\" data-id=\"f315ace\" data-element_type=\"container\" data-e-type=\"container\">\n\t\t\t\t\t<div class=\"e-con-inner\">\n\t\t<a class=\"elementor-element elementor-element-58b4e02 e-con-full e-flex e-con e-child\" data-id=\"58b4e02\" data-element_type=\"container\" data-e-type=\"container\" data-settings=\"{&quot;background_background&quot;:&quot;classic&quot;}\" href=\"https:\/\/addevmaterials.com\/converting\/lamination-2\/\">\n\t\t\t\t<div class=\"elementor-element elementor-element-721fd1b elementor-widget elementor-widget-heading\" data-id=\"721fd1b\" data-element_type=\"widget\" data-e-type=\"widget\" data-widget_type=\"heading.default\">\n\t\t\t\t<div class=\"elementor-widget-container\">\n\t\t\t\t\t<h3 class=\"elementor-heading-title elementor-size-default\">Lamination<\/h3>\t\t\t\t<\/div>\n\t\t\t\t<\/div>\n\t\t\t\t<\/a>\n\t\t<a class=\"elementor-element elementor-element-40e6447 e-con-full e-flex e-con e-child\" data-id=\"40e6447\" data-element_type=\"container\" data-e-type=\"container\" data-settings=\"{&quot;background_background&quot;:&quot;classic&quot;}\" href=\"https:\/\/addevmaterials.com\/converting\/enduction\/\">\n\t\t\t\t<div class=\"elementor-element elementor-element-ec63471 elementor-widget elementor-widget-heading\" data-id=\"ec63471\" data-element_type=\"widget\" data-e-type=\"widget\" data-widget_type=\"heading.default\">\n\t\t\t\t<div class=\"elementor-widget-container\">\n\t\t\t\t\t<h3 class=\"elementor-heading-title elementor-size-default\">Enduction<\/h3>\t\t\t\t<\/div>\n\t\t\t\t<\/div>\n\t\t\t\t<\/a>\n\t\t<a class=\"elementor-element elementor-element-afffd59 e-con-full e-flex e-con e-child\" data-id=\"afffd59\" data-element_type=\"container\" data-e-type=\"container\" data-settings=\"{&quot;background_background&quot;:&quot;classic&quot;}\" href=\"https:\/\/addevmaterials.com\/converting\/?page_id=4679\">\n\t\t\t\t<div class=\"elementor-element elementor-element-b3262a0 elementor-widget elementor-widget-heading\" data-id=\"b3262a0\" data-element_type=\"widget\" data-e-type=\"widget\" data-widget_type=\"heading.default\">\n\t\t\t\t<div class=\"elementor-widget-container\">\n\t\t\t\t\t<h3 class=\"elementor-heading-title elementor-size-default\">Traitements de surface<\/h3>\t\t\t\t<\/div>\n\t\t\t\t<\/div>\n\t\t\t\t<\/a>\n\t\t\t\t\t<\/div>\n\t\t\t\t<\/div>\n\t\t\t\t<\/div>\n\t\t","protected":false},"excerpt":{"rendered":"<p>Fonctionnalisation des mat\u00e9riaux : transformation technique sur-mesure ADDEV Materials, un transformateur de mat\u00e9riaux haute performance, offre l&rsquo;une des plus larges gammes de mat\u00e9riaux du march\u00e9 avec plus de 15 000 produits transform\u00e9s et d\u00e9coup\u00e9s en plus de 40 000 solutions personnalis\u00e9es. Qu&rsquo;est-ce que la fonctionnalisation des mat\u00e9rieux? La fonctionnalisation des mat\u00e9riaux regroupe les proc\u00e9d\u00e9s industriels [&hellip;]<\/p>\n","protected":false},"author":3,"featured_media":0,"parent":0,"menu_order":0,"comment_status":"closed","ping_status":"closed","template":"elementor_header_footer","meta":{"footnotes":""},"class_list":["post-145","page","type-page","status-publish","hentry"],"yoast_head":"<!-- This site is optimized with the Yoast SEO plugin v27.4 - https:\/\/yoast.com\/product\/yoast-seo-wordpress\/ -->\n<title>Fonctionnalisation des mat\u00e9riaux : expertise &amp; savoir-faire | ADDEV<\/title>\n<meta name=\"description\" content=\"D\u00e9couvrez la fonctionnalisation des mat\u00e9riaux ADDEV : proc\u00e9d\u00e9s sur mesure pour am\u00e9liorer la performance, la r\u00e9sistance et la durabilit\u00e9.\" \/>\n<meta name=\"robots\" content=\"index, follow, max-snippet:-1, max-image-preview:large, max-video-preview:-1\" \/>\n<link rel=\"canonical\" href=\"https:\/\/addevmaterials.com\/converting\/cs\/funkcionalizace-materialu\/\" \/>\n<meta property=\"og:locale\" content=\"cs_CZ\" \/>\n<meta property=\"og:type\" content=\"article\" \/>\n<meta property=\"og:title\" content=\"Fonctionnalisation des mat\u00e9riaux : expertise &amp; savoir-faire | ADDEV\" \/>\n<meta property=\"og:description\" content=\"D\u00e9couvrez la fonctionnalisation des mat\u00e9riaux ADDEV : proc\u00e9d\u00e9s sur mesure pour am\u00e9liorer la performance, la r\u00e9sistance et la durabilit\u00e9.\" \/>\n<meta property=\"og:url\" content=\"https:\/\/addevmaterials.com\/converting\/cs\/funkcionalizace-materialu\/\" \/>\n<meta property=\"og:site_name\" content=\"ADDEV Materials Converting\" \/>\n<meta property=\"article:modified_time\" content=\"2026-02-23T15:21:57+00:00\" \/>\n<meta name=\"twitter:card\" content=\"summary_large_image\" \/>\n<meta name=\"twitter:label1\" content=\"Odhadovan\u00e1 doba \u010dten\u00ed\" \/>\n\t<meta name=\"twitter:data1\" content=\"1 minuta\" \/>\n<script type=\"application\/ld+json\" class=\"yoast-schema-graph\">{\"@context\":\"https:\\\/\\\/schema.org\",\"@graph\":[{\"@type\":\"WebPage\",\"@id\":\"https:\\\/\\\/addevmaterials.com\\\/converting\\\/fonctionnalisation-des-materiaux\\\/\",\"url\":\"https:\\\/\\\/addevmaterials.com\\\/converting\\\/fonctionnalisation-des-materiaux\\\/\",\"name\":\"Fonctionnalisation des mat\u00e9riaux : expertise & savoir-faire | ADDEV\",\"isPartOf\":{\"@id\":\"https:\\\/\\\/addevmaterials.com\\\/converting\\\/ro\\\/#website\"},\"datePublished\":\"2022-01-25T18:36:54+00:00\",\"dateModified\":\"2026-02-23T15:21:57+00:00\",\"description\":\"D\u00e9couvrez la fonctionnalisation des mat\u00e9riaux ADDEV : proc\u00e9d\u00e9s sur mesure pour am\u00e9liorer la performance, la r\u00e9sistance et la durabilit\u00e9.\",\"breadcrumb\":{\"@id\":\"https:\\\/\\\/addevmaterials.com\\\/converting\\\/fonctionnalisation-des-materiaux\\\/#breadcrumb\"},\"inLanguage\":\"cs\",\"potentialAction\":[{\"@type\":\"ReadAction\",\"target\":[\"https:\\\/\\\/addevmaterials.com\\\/converting\\\/fonctionnalisation-des-materiaux\\\/\"]}]},{\"@type\":\"BreadcrumbList\",\"@id\":\"https:\\\/\\\/addevmaterials.com\\\/converting\\\/fonctionnalisation-des-materiaux\\\/#breadcrumb\",\"itemListElement\":[{\"@type\":\"ListItem\",\"position\":1,\"name\":\"Accueil\",\"item\":\"https:\\\/\\\/addevmaterials.com\\\/converting\\\/\"},{\"@type\":\"ListItem\",\"position\":2,\"name\":\"Fonctionnalisation des mat\u00e9riaux\"}]},{\"@type\":\"WebSite\",\"@id\":\"https:\\\/\\\/addevmaterials.com\\\/converting\\\/ro\\\/#website\",\"url\":\"https:\\\/\\\/addevmaterials.com\\\/converting\\\/ro\\\/\",\"name\":\"ADDEV Materials Converting\",\"description\":\"\",\"publisher\":{\"@id\":\"https:\\\/\\\/addevmaterials.com\\\/converting\\\/ro\\\/#organization\"},\"potentialAction\":[{\"@type\":\"SearchAction\",\"target\":{\"@type\":\"EntryPoint\",\"urlTemplate\":\"https:\\\/\\\/addevmaterials.com\\\/converting\\\/ro\\\/?s={search_term_string}\"},\"query-input\":{\"@type\":\"PropertyValueSpecification\",\"valueRequired\":true,\"valueName\":\"search_term_string\"}}],\"inLanguage\":\"cs\"},{\"@type\":\"Organization\",\"@id\":\"https:\\\/\\\/addevmaterials.com\\\/converting\\\/ro\\\/#organization\",\"name\":\"ADDEV Materials Converting\",\"url\":\"https:\\\/\\\/addevmaterials.com\\\/converting\\\/ro\\\/\",\"logo\":{\"@type\":\"ImageObject\",\"inLanguage\":\"cs\",\"@id\":\"https:\\\/\\\/addevmaterials.com\\\/converting\\\/ro\\\/#\\\/schema\\\/logo\\\/image\\\/\",\"url\":\"https:\\\/\\\/addevmaterials.com\\\/converting\\\/wp-content\\\/uploads\\\/sites\\\/2\\\/2023\\\/04\\\/cropped-ADDEV_Materials-LOGO_RGB.png\",\"contentUrl\":\"https:\\\/\\\/addevmaterials.com\\\/converting\\\/wp-content\\\/uploads\\\/sites\\\/2\\\/2023\\\/04\\\/cropped-ADDEV_Materials-LOGO_RGB.png\",\"width\":2948,\"height\":929,\"caption\":\"ADDEV Materials Converting\"},\"image\":{\"@id\":\"https:\\\/\\\/addevmaterials.com\\\/converting\\\/ro\\\/#\\\/schema\\\/logo\\\/image\\\/\"},\"sameAs\":[\"https:\\\/\\\/www.linkedin.com\\\/company\\\/addev-materials\\\/\"]}]}<\/script>\n<!-- \/ Yoast SEO plugin. -->","yoast_head_json":{"title":"Funkcionalizace materi\u00e1l\u016f: odborn\u00e9 znalosti a know-how | ADDEV","description":"Zjist\u011bte v\u00edce informac\u00ed o funkcionalizaci materi\u00e1l\u016f ADDEV: procesy \u0161it\u00e9 na m\u00edru pro zlep\u0161en\u00ed v\u00fdkonu, pevnosti a trvanlivosti.","robots":{"index":"index","follow":"follow","max-snippet":"max-snippet:-1","max-image-preview":"max-image-preview:large","max-video-preview":"max-video-preview:-1"},"canonical":"https:\/\/addevmaterials.com\/converting\/cs\/funkcionalizace-materialu\/","og_locale":"cs_CZ","og_type":"article","og_title":"Fonctionnalisation des mat\u00e9riaux : expertise & savoir-faire | ADDEV","og_description":"D\u00e9couvrez la fonctionnalisation des mat\u00e9riaux ADDEV : proc\u00e9d\u00e9s sur mesure pour am\u00e9liorer la performance, la r\u00e9sistance et la durabilit\u00e9.","og_url":"https:\/\/addevmaterials.com\/converting\/cs\/funkcionalizace-materialu\/","og_site_name":"ADDEV Materials Converting","article_modified_time":"2026-02-23T15:21:57+00:00","twitter_card":"summary_large_image","twitter_misc":{"Odhadovan\u00e1 doba \u010dten\u00ed":"1 minuta"},"schema":{"@context":"https:\/\/schema.org","@graph":[{"@type":"WebPage","@id":"https:\/\/addevmaterials.com\/converting\/fonctionnalisation-des-materiaux\/","url":"https:\/\/addevmaterials.com\/converting\/fonctionnalisation-des-materiaux\/","name":"Funkcionalizace materi\u00e1l\u016f: odborn\u00e9 znalosti a know-how | ADDEV","isPartOf":{"@id":"https:\/\/addevmaterials.com\/converting\/ro\/#website"},"datePublished":"2022-01-25T18:36:54+00:00","dateModified":"2026-02-23T15:21:57+00:00","description":"Zjist\u011bte v\u00edce informac\u00ed o funkcionalizaci materi\u00e1l\u016f ADDEV: procesy \u0161it\u00e9 na m\u00edru pro zlep\u0161en\u00ed v\u00fdkonu, pevnosti a trvanlivosti.","breadcrumb":{"@id":"https:\/\/addevmaterials.com\/converting\/fonctionnalisation-des-materiaux\/#breadcrumb"},"inLanguage":"cs","potentialAction":[{"@type":"ReadAction","target":["https:\/\/addevmaterials.com\/converting\/fonctionnalisation-des-materiaux\/"]}]},{"@type":"BreadcrumbList","@id":"https:\/\/addevmaterials.com\/converting\/fonctionnalisation-des-materiaux\/#breadcrumb","itemListElement":[{"@type":"ListItem","position":1,"name":"Accueil","item":"https:\/\/addevmaterials.com\/converting\/"},{"@type":"ListItem","position":2,"name":"Fonctionnalisation des mat\u00e9riaux"}]},{"@type":"WebSite","@id":"https:\/\/addevmaterials.com\/converting\/ro\/#website","url":"https:\/\/addevmaterials.com\/converting\/ro\/","name":"ADDEV Zpracov\u00e1n\u00ed materi\u00e1l\u016f","description":"","publisher":{"@id":"https:\/\/addevmaterials.com\/converting\/ro\/#organization"},"potentialAction":[{"@type":"SearchAction","target":{"@type":"EntryPoint","urlTemplate":"https:\/\/addevmaterials.com\/converting\/ro\/?s={search_term_string}"},"query-input":{"@type":"PropertyValueSpecification","valueRequired":true,"valueName":"search_term_string"}}],"inLanguage":"cs"},{"@type":"Organization","@id":"https:\/\/addevmaterials.com\/converting\/ro\/#organization","name":"ADDEV Zpracov\u00e1n\u00ed materi\u00e1l\u016f","url":"https:\/\/addevmaterials.com\/converting\/ro\/","logo":{"@type":"ImageObject","inLanguage":"cs","@id":"https:\/\/addevmaterials.com\/converting\/ro\/#\/schema\/logo\/image\/","url":"https:\/\/addevmaterials.com\/converting\/wp-content\/uploads\/sites\/2\/2023\/04\/cropped-ADDEV_Materials-LOGO_RGB.png","contentUrl":"https:\/\/addevmaterials.com\/converting\/wp-content\/uploads\/sites\/2\/2023\/04\/cropped-ADDEV_Materials-LOGO_RGB.png","width":2948,"height":929,"caption":"ADDEV Materials Converting"},"image":{"@id":"https:\/\/addevmaterials.com\/converting\/ro\/#\/schema\/logo\/image\/"},"sameAs":["https:\/\/www.linkedin.com\/company\/addev-materials\/"]}]}},"distributor_meta":false,"distributor_terms":false,"distributor_media":false,"distributor_original_site_name":"ADDEV Materials Converting","distributor_original_site_url":"https:\/\/addevmaterials.com\/converting\/cs","push-errors":false,"_links":{"self":[{"href":"https:\/\/addevmaterials.com\/converting\/cs\/wp-json\/wp\/v2\/pages\/145","targetHints":{"allow":["GET"]}}],"collection":[{"href":"https:\/\/addevmaterials.com\/converting\/cs\/wp-json\/wp\/v2\/pages"}],"about":[{"href":"https:\/\/addevmaterials.com\/converting\/cs\/wp-json\/wp\/v2\/types\/page"}],"author":[{"embeddable":true,"href":"https:\/\/addevmaterials.com\/converting\/cs\/wp-json\/wp\/v2\/users\/3"}],"replies":[{"embeddable":true,"href":"https:\/\/addevmaterials.com\/converting\/cs\/wp-json\/wp\/v2\/comments?post=145"}],"version-history":[{"count":81,"href":"https:\/\/addevmaterials.com\/converting\/cs\/wp-json\/wp\/v2\/pages\/145\/revisions"}],"predecessor-version":[{"id":27560,"href":"https:\/\/addevmaterials.com\/converting\/cs\/wp-json\/wp\/v2\/pages\/145\/revisions\/27560"}],"wp:attachment":[{"href":"https:\/\/addevmaterials.com\/converting\/cs\/wp-json\/wp\/v2\/media?parent=145"}],"curies":[{"name":"wp","href":"https:\/\/api.w.org\/{rel}","templated":true}]}}