{"id":16961,"date":"2023-06-12T21:00:27","date_gmt":"2023-06-12T19:00:27","guid":{"rendered":"https:\/\/mi.addevmaterials.com\/?page_id=12554"},"modified":"2023-07-12T20:03:37","modified_gmt":"2023-07-12T20:03:37","slug":"nylonove-vlakno-106n","status":"publish","type":"page","link":"https:\/\/addevmaterials.com\/converting\/cs\/nylon-flock-106n\/","title":{"rendered":"Nylonov\u00fd flok 106N"},"content":{"rendered":"<div data-elementor-type=\"wp-page\" data-elementor-id=\"16961\" class=\"elementor elementor-16961\" data-elementor-post-type=\"page\">\n\t\t\t\t\t\t<section class=\"elementor-section elementor-top-section elementor-element elementor-element-16cf55d0 elementor-section-boxed elementor-section-height-default elementor-section-height-default\" data-id=\"16cf55d0\" data-element_type=\"section\" data-e-type=\"section\" data-settings=\"{&quot;background_background&quot;:&quot;classic&quot;}\">\n\t\t\t\t\t\t\t<div class=\"elementor-background-overlay\"><\/div>\n\t\t\t\t\t\t\t<div class=\"elementor-container elementor-column-gap-default\">\n\t\t\t\t\t<div class=\"elementor-column elementor-col-100 elementor-top-column elementor-element elementor-element-408402f\" data-id=\"408402f\" data-element_type=\"column\" data-e-type=\"column\">\n\t\t\t<div class=\"elementor-widget-wrap elementor-element-populated\">\n\t\t\t\t\t\t<div class=\"elementor-element elementor-element-899b830 elementor-widget elementor-widget-heading\" data-id=\"899b830\" data-element_type=\"widget\" data-e-type=\"widget\" data-widget_type=\"heading.default\">\n\t\t\t\t<div class=\"elementor-widget-container\">\n\t\t\t\t\t<p class=\"elementor-heading-title elementor-size-default\">Technick\u00fd list<\/p>\t\t\t\t<\/div>\n\t\t\t\t<\/div>\n\t\t\t\t<div class=\"elementor-element elementor-element-23ab1fe7 elementor-widget elementor-widget-heading\" data-id=\"23ab1fe7\" data-element_type=\"widget\" data-e-type=\"widget\" data-widget_type=\"heading.default\">\n\t\t\t\t<div class=\"elementor-widget-container\">\n\t\t\t\t\t<h1 class=\"elementor-heading-title elementor-size-default\">Nylonov\u00fd flok 106N<\/h1>\t\t\t\t<\/div>\n\t\t\t\t<\/div>\n\t\t\t\t\t<\/div>\n\t\t<\/div>\n\t\t\t\t\t<\/div>\n\t\t<\/section>\n\t\t\t\t<section class=\"elementor-section elementor-top-section elementor-element elementor-element-38d60772 elementor-section-boxed elementor-section-height-default elementor-section-height-default\" data-id=\"38d60772\" data-element_type=\"section\" data-e-type=\"section\">\n\t\t\t\t\t\t<div class=\"elementor-container elementor-column-gap-default\">\n\t\t\t\t\t<div class=\"elementor-column elementor-col-50 elementor-top-column elementor-element elementor-element-47d2986b\" data-id=\"47d2986b\" data-element_type=\"column\" data-e-type=\"column\">\n\t\t\t<div class=\"elementor-widget-wrap elementor-element-populated\">\n\t\t\t\t\t\t<div class=\"elementor-element elementor-element-2d420c21 elementor-widget elementor-widget-heading\" data-id=\"2d420c21\" data-element_type=\"widget\" data-e-type=\"widget\" data-widget_type=\"heading.default\">\n\t\t\t\t<div class=\"elementor-widget-container\">\n\t\t\t\t\t<h2 class=\"elementor-heading-title elementor-size-default\">Popis produktu<\/h2>\t\t\t\t<\/div>\n\t\t\t\t<\/div>\n\t\t\t\t<div class=\"elementor-element elementor-element-5c4f06cf elementor-widget elementor-widget-text-editor\" data-id=\"5c4f06cf\" data-element_type=\"widget\" data-e-type=\"widget\" data-widget_type=\"text-editor.default\">\n\t\t\t\t<div class=\"elementor-widget-container\">\n\t\t\t\t\t\t\t\t\t<p>Nylon Flock 106N je 36milimetrov\u00fd \u010dern\u00fd flock s jedn\u00edm povlakem, vysoce \u00fa\u010dinn\u00fdm akrylov\u00fdm lepidlem s n\u00edzk\u00fdm obsahem VOC a polyesterovou separa\u010dn\u00ed vlo\u017ekou. Lepidlo velmi dob\u0159e lep\u00ed materi\u00e1ly s n\u00edzkou povrchovou energi\u00ed a flock poskytuje protiskluzov\u00e9 vlastnosti s vysokou odolnost\u00ed proti opot\u0159eben\u00ed. B\u011b\u017en\u011b se pou\u017e\u00edv\u00e1 v automobilov\u00e9m pr\u016fmyslu a tam, kde jsou vy\u017eadov\u00e1ny n\u00edzk\u00e9 vlastnosti VOC.<\/p>\t\t\t\t\t\t\t\t<\/div>\n\t\t\t\t<\/div>\n\t\t\t\t\t<\/div>\n\t\t<\/div>\n\t\t\t\t<div class=\"elementor-column elementor-col-50 elementor-top-column elementor-element elementor-element-4503a52a\" data-id=\"4503a52a\" data-element_type=\"column\" data-e-type=\"column\">\n\t\t\t<div class=\"elementor-widget-wrap elementor-element-populated\">\n\t\t\t\t\t\t<div class=\"elementor-element elementor-element-36ea945c elementor-widget elementor-widget-image\" data-id=\"36ea945c\" data-element_type=\"widget\" data-e-type=\"widget\" data-widget_type=\"image.default\">\n\t\t\t\t<div class=\"elementor-widget-container\">\n\t\t\t\t\t\t\t\t\t\t\t\t\t\t\t<img fetchpriority=\"high\" decoding=\"async\" width=\"300\" height=\"250\" src=\"https:\/\/addevmaterials.com\/converting\/wp-content\/uploads\/sites\/2\/2023\/07\/106N.png\" class=\"attachment-large size-large wp-image-18875\" alt=\"\" srcset=\"https:\/\/addevmaterials.com\/converting\/wp-content\/uploads\/sites\/2\/2023\/07\/106N.png 300w, https:\/\/addevmaterials.com\/converting\/wp-content\/uploads\/sites\/2\/2023\/07\/106N-14x12.png 14w\" sizes=\"(max-width: 300px) 100vw, 300px\" \/>\t\t\t\t\t\t\t\t\t\t\t\t\t\t\t<\/div>\n\t\t\t\t<\/div>\n\t\t\t\t\t<\/div>\n\t\t<\/div>\n\t\t\t\t\t<\/div>\n\t\t<\/section>\n\t\t\t\t<section class=\"elementor-section elementor-top-section elementor-element elementor-element-f379eb5 elementor-section-boxed elementor-section-height-default elementor-section-height-default\" data-id=\"f379eb5\" data-element_type=\"section\" data-e-type=\"section\">\n\t\t\t\t\t\t<div class=\"elementor-container elementor-column-gap-default\">\n\t\t\t\t\t<div class=\"elementor-column elementor-col-100 elementor-top-column elementor-element elementor-element-d90c5d1\" data-id=\"d90c5d1\" data-element_type=\"column\" data-e-type=\"column\">\n\t\t\t<div class=\"elementor-widget-wrap elementor-element-populated\">\n\t\t\t\t\t\t<div class=\"elementor-element elementor-element-a27d1c3 elementor-widget elementor-widget-heading\" data-id=\"a27d1c3\" data-element_type=\"widget\" data-e-type=\"widget\" data-widget_type=\"heading.default\">\n\t\t\t\t<div class=\"elementor-widget-container\">\n\t\t\t\t\t<h2 class=\"elementor-heading-title elementor-size-default\">Vlastnosti produktu<\/h2>\t\t\t\t<\/div>\n\t\t\t\t<\/div>\n\t\t\t\t\t<\/div>\n\t\t<\/div>\n\t\t\t\t\t<\/div>\n\t\t<\/section>\n\t\t\t\t<section class=\"elementor-section elementor-top-section elementor-element elementor-element-f7deadb elementor-section-boxed elementor-section-height-default elementor-section-height-default\" data-id=\"f7deadb\" data-element_type=\"section\" data-e-type=\"section\">\n\t\t\t\t\t\t<div class=\"elementor-container elementor-column-gap-default\">\n\t\t\t\t\t<div class=\"elementor-column elementor-col-50 elementor-top-column elementor-element elementor-element-b7c5a83\" data-id=\"b7c5a83\" data-element_type=\"column\" data-e-type=\"column\">\n\t\t\t<div class=\"elementor-widget-wrap elementor-element-populated\">\n\t\t\t\t\t\t<div class=\"elementor-element elementor-element-a1b7387 elementor-widget elementor-widget-text-editor\" data-id=\"a1b7387\" data-element_type=\"widget\" data-e-type=\"widget\" data-widget_type=\"text-editor.default\">\n\t\t\t\t<div class=\"elementor-widget-container\">\n\t\t\t\t\t\t\t\t\t<ul><li>Konstrukce p\u00e1sky s jedn\u00edm povlakem<\/li><li>Vysoce v\u00fdkonn\u00e9 modifikovan\u00e9 akryl\u00e1tov\u00e9 lepidlo s n\u00edzk\u00fdm obsahem plyn\u016f<\/li><li>Nylonov\u00e9 st\u00e1do<\/li><li>Polyesterov\u00e1 f\u00f3lie pro uvoln\u011bn\u00ed<\/li><li>Vynikaj\u00edc\u00ed vlhkostn\u00ed stabilita a v\u00fdsekov\u00e9 vlastnosti s dobr\u00fdm zpracovatelsk\u00fdm v\u00fdkonem<\/li><\/ul>\t\t\t\t\t\t\t\t<\/div>\n\t\t\t\t<\/div>\n\t\t\t\t\t<\/div>\n\t\t<\/div>\n\t\t\t\t<div class=\"elementor-column elementor-col-50 elementor-top-column elementor-element elementor-element-b5d54e6\" data-id=\"b5d54e6\" data-element_type=\"column\" data-e-type=\"column\">\n\t\t\t<div class=\"elementor-widget-wrap elementor-element-populated\">\n\t\t\t\t\t\t<div class=\"elementor-element elementor-element-69ac483 elementor-widget elementor-widget-text-editor\" data-id=\"69ac483\" data-element_type=\"widget\" data-e-type=\"widget\" data-widget_type=\"text-editor.default\">\n\t\t\t\t<div class=\"elementor-widget-container\">\n\t\t\t\t\t\t\t\t\t<ul><li>Funk\u010dn\u00ed p\u00e1ska, kter\u00e1 umo\u017e\u0148uje vysek\u00e1v\u00e1n\u00ed<\/li><li>Lepidlo bez rozpou\u0161t\u011bdel s dobrou p\u0159ilnavost\u00ed k materi\u00e1l\u016fm s n\u00edzkou povrchovou energi\u00ed<\/li><li>Dobr\u00e1 tepeln\u00e1 odolnost<\/li><li>Vysok\u00e1 odolnost proti od\u011bru a sn\u00ed\u017een\u00ed NVH<\/li><\/ul>\t\t\t\t\t\t\t\t<\/div>\n\t\t\t\t<\/div>\n\t\t\t\t\t<\/div>\n\t\t<\/div>\n\t\t\t\t\t<\/div>\n\t\t<\/section>\n\t\t\t\t<section class=\"elementor-section elementor-top-section elementor-element elementor-element-6b635787 elementor-section-boxed elementor-section-height-default elementor-section-height-default\" data-id=\"6b635787\" data-element_type=\"section\" data-e-type=\"section\">\n\t\t\t\t\t\t<div class=\"elementor-container elementor-column-gap-default\">\n\t\t\t\t\t<div class=\"elementor-column elementor-col-100 elementor-top-column elementor-element elementor-element-3bf0a8fd\" data-id=\"3bf0a8fd\" data-element_type=\"column\" data-e-type=\"column\">\n\t\t\t<div class=\"elementor-widget-wrap elementor-element-populated\">\n\t\t\t\t\t\t<div class=\"elementor-element elementor-element-f9c9e8a elementor-widget elementor-widget-heading\" data-id=\"f9c9e8a\" data-element_type=\"widget\" data-e-type=\"widget\" data-widget_type=\"heading.default\">\n\t\t\t\t<div class=\"elementor-widget-container\">\n\t\t\t\t\t<h2 class=\"elementor-heading-title elementor-size-default\">Typick\u00e9 fyzik\u00e1ln\u00ed vlastnosti<\/h2>\t\t\t\t<\/div>\n\t\t\t\t<\/div>\n\t\t\t\t<div class=\"elementor-element elementor-element-b90bfe1 elementor-widget elementor-widget-image\" data-id=\"b90bfe1\" data-element_type=\"widget\" data-e-type=\"widget\" data-widget_type=\"image.default\">\n\t\t\t\t<div class=\"elementor-widget-container\">\n\t\t\t\t\t\t\t\t\t\t\t\t\t\t\t<img decoding=\"async\" width=\"780\" height=\"386\" src=\"https:\/\/addevmaterials.com\/converting\/wp-content\/uploads\/sites\/2\/2023\/07\/106N-Typical-Physical-Properties.png\" class=\"attachment-large size-large wp-image-18617\" alt=\"\" srcset=\"https:\/\/addevmaterials.com\/converting\/wp-content\/uploads\/sites\/2\/2023\/07\/106N-Typical-Physical-Properties.png 780w, https:\/\/addevmaterials.com\/converting\/wp-content\/uploads\/sites\/2\/2023\/07\/106N-Typical-Physical-Properties-300x148.png 300w, https:\/\/addevmaterials.com\/converting\/wp-content\/uploads\/sites\/2\/2023\/07\/106N-Typical-Physical-Properties-768x380.png 768w, https:\/\/addevmaterials.com\/converting\/wp-content\/uploads\/sites\/2\/2023\/07\/106N-Typical-Physical-Properties-18x9.png 18w\" sizes=\"(max-width: 780px) 100vw, 780px\" \/>\t\t\t\t\t\t\t\t\t\t\t\t\t\t\t<\/div>\n\t\t\t\t<\/div>\n\t\t\t\t\t<\/div>\n\t\t<\/div>\n\t\t\t\t\t<\/div>\n\t\t<\/section>\n\t\t\t\t<section class=\"elementor-section elementor-top-section elementor-element elementor-element-d29f7b5 elementor-section-boxed elementor-section-height-default elementor-section-height-default\" data-id=\"d29f7b5\" data-element_type=\"section\" data-e-type=\"section\">\n\t\t\t\t\t\t<div class=\"elementor-container elementor-column-gap-default\">\n\t\t\t\t\t<div class=\"elementor-column elementor-col-100 elementor-top-column elementor-element elementor-element-1e54dc4\" data-id=\"1e54dc4\" data-element_type=\"column\" data-e-type=\"column\">\n\t\t\t<div class=\"elementor-widget-wrap elementor-element-populated\">\n\t\t\t\t\t\t<div class=\"elementor-element elementor-element-2c96d9a elementor-widget elementor-widget-heading\" data-id=\"2c96d9a\" data-element_type=\"widget\" data-e-type=\"widget\" data-widget_type=\"heading.default\">\n\t\t\t\t<div class=\"elementor-widget-container\">\n\t\t\t\t\t<h2 class=\"elementor-heading-title elementor-size-default\">Skladov\u00e1n\u00ed a doba pou\u017eitelnosti<\/h2>\t\t\t\t<\/div>\n\t\t\t\t<\/div>\n\t\t\t\t<div class=\"elementor-element elementor-element-5c8fc15 elementor-widget elementor-widget-text-editor\" data-id=\"5c8fc15\" data-element_type=\"widget\" data-e-type=\"widget\" data-widget_type=\"text-editor.default\">\n\t\t\t\t<div class=\"elementor-widget-container\">\n\t\t\t\t\t\t\t\t\t<p>Jeden rok p\u0159i skladov\u00e1n\u00ed p\u0159i teplot\u011b 64-72\u00baF (18-22\u00baC) \/ relativn\u00ed vlhkosti 30-70%, mimo dosah p\u0159\u00edm\u00e9ho slune\u010dn\u00edho z\u00e1\u0159en\u00ed a v p\u016fvodn\u00edm obalu.<\/p>\t\t\t\t\t\t\t\t<\/div>\n\t\t\t\t<\/div>\n\t\t\t\t\t<\/div>\n\t\t<\/div>\n\t\t\t\t\t<\/div>\n\t\t<\/section>\n\t\t\t\t<\/div>","protected":false},"excerpt":{"rendered":"<p>\/*! elementor &#8211; v3.15.0 &#8211; 09-07-2023 *\/ .elementor-heading-title{padding:0;margin:0;line-height:1}.elementor-widget-heading .elementor-heading-title[class*=elementor-size-]&gt;a{color:inherit;font-size:inherit;line-height:inherit}.elementor-widget-heading .elementor-heading-title.elementor-size-small{font-size:15px}.elementor-widget-heading .elementor-heading-title.elementor-size-medium{font-size:19px}.elementor-widget-heading .elementor-heading-title.elementor-size-large{font-size:29px}.elementor-widget-heading .elementor-heading-title.elementor-size-xl{font-size:39px}.elementor-widget-heading .elementor-heading-title.elementor-size-xxl{font-size:59px} Technical Data Sheet Nylon Flock 106N Product description\u200b Nylon Flock 106N is a 36 mil single coated black flock with a high performance low VOC acrylic adhesive and a polyester release liner. The adhesive bonds very well to low surface energy [&hellip;]<\/p>\n","protected":false},"author":3,"featured_media":18875,"parent":0,"menu_order":0,"comment_status":"closed","ping_status":"closed","template":"elementor_header_footer","meta":{"footnotes":""},"class_list":["post-16961","page","type-page","status-publish","has-post-thumbnail","hentry"],"yoast_head":"<!-- This site is optimized with the Yoast SEO plugin v27.5 - https:\/\/yoast.com\/product\/yoast-seo-wordpress\/ -->\n<title>Nylon Flock 106N - ADDEV Materials Converting<\/title>\n<meta name=\"robots\" content=\"index, follow, max-snippet:-1, max-image-preview:large, max-video-preview:-1\" \/>\n<link rel=\"canonical\" href=\"https:\/\/addevmaterials.com\/converting\/cs\/nylonove-vlakno-106n\/\" \/>\n<meta property=\"og:locale\" content=\"cs_CZ\" \/>\n<meta property=\"og:type\" content=\"article\" \/>\n<meta property=\"og:title\" content=\"Nylon Flock 106N - ADDEV Materials Converting\" \/>\n<meta property=\"og:description\" content=\"\/*! elementor &#8211; v3.15.0 &#8211; 09-07-2023 *\/ .elementor-heading-title{padding:0;margin:0;line-height:1}.elementor-widget-heading .elementor-heading-title[class*=elementor-size-]&gt;a{color:inherit;font-size:inherit;line-height:inherit}.elementor-widget-heading .elementor-heading-title.elementor-size-small{font-size:15px}.elementor-widget-heading .elementor-heading-title.elementor-size-medium{font-size:19px}.elementor-widget-heading .elementor-heading-title.elementor-size-large{font-size:29px}.elementor-widget-heading .elementor-heading-title.elementor-size-xl{font-size:39px}.elementor-widget-heading .elementor-heading-title.elementor-size-xxl{font-size:59px} Technical Data Sheet Nylon Flock 106N Product description\u200b Nylon Flock 106N is a 36 mil single coated black flock with a high performance low VOC acrylic adhesive and a polyester release liner. The adhesive bonds very well to low surface energy [&hellip;]\" \/>\n<meta property=\"og:url\" content=\"https:\/\/addevmaterials.com\/converting\/cs\/nylonove-vlakno-106n\/\" \/>\n<meta property=\"og:site_name\" content=\"ADDEV Materials Converting\" \/>\n<meta property=\"article:modified_time\" content=\"2023-07-12T20:03:37+00:00\" \/>\n<meta property=\"og:image\" content=\"https:\/\/addevmaterials.com\/converting\/wp-content\/uploads\/sites\/2\/2023\/07\/106N.png\" \/>\n\t<meta property=\"og:image:width\" content=\"300\" \/>\n\t<meta property=\"og:image:height\" content=\"250\" \/>\n\t<meta property=\"og:image:type\" content=\"image\/png\" \/>\n<meta name=\"twitter:card\" content=\"summary_large_image\" \/>\n<meta name=\"twitter:label1\" content=\"Odhadovan\u00e1 doba \u010dten\u00ed\" \/>\n\t<meta name=\"twitter:data1\" content=\"1 minuta\" \/>\n<script type=\"application\/ld+json\" class=\"yoast-schema-graph\">{\"@context\":\"https:\\\/\\\/schema.org\",\"@graph\":[{\"@type\":\"WebPage\",\"@id\":\"https:\\\/\\\/addevmaterials.com\\\/converting\\\/nylon-flock-106n\\\/\",\"url\":\"https:\\\/\\\/addevmaterials.com\\\/converting\\\/nylon-flock-106n\\\/\",\"name\":\"Nylon Flock 106N - ADDEV Materials Converting\",\"isPartOf\":{\"@id\":\"https:\\\/\\\/addevmaterials.com\\\/converting\\\/ro\\\/#website\"},\"primaryImageOfPage\":{\"@id\":\"https:\\\/\\\/addevmaterials.com\\\/converting\\\/nylon-flock-106n\\\/#primaryimage\"},\"image\":{\"@id\":\"https:\\\/\\\/addevmaterials.com\\\/converting\\\/nylon-flock-106n\\\/#primaryimage\"},\"thumbnailUrl\":\"https:\\\/\\\/addevmaterials.com\\\/converting\\\/wp-content\\\/uploads\\\/sites\\\/2\\\/2023\\\/07\\\/106N.png\",\"datePublished\":\"2023-06-12T19:00:27+00:00\",\"dateModified\":\"2023-07-12T20:03:37+00:00\",\"breadcrumb\":{\"@id\":\"https:\\\/\\\/addevmaterials.com\\\/converting\\\/nylon-flock-106n\\\/#breadcrumb\"},\"inLanguage\":\"cs\",\"potentialAction\":[{\"@type\":\"ReadAction\",\"target\":[\"https:\\\/\\\/addevmaterials.com\\\/converting\\\/nylon-flock-106n\\\/\"]}]},{\"@type\":\"ImageObject\",\"inLanguage\":\"cs\",\"@id\":\"https:\\\/\\\/addevmaterials.com\\\/converting\\\/nylon-flock-106n\\\/#primaryimage\",\"url\":\"https:\\\/\\\/addevmaterials.com\\\/converting\\\/wp-content\\\/uploads\\\/sites\\\/2\\\/2023\\\/07\\\/106N.png\",\"contentUrl\":\"https:\\\/\\\/addevmaterials.com\\\/converting\\\/wp-content\\\/uploads\\\/sites\\\/2\\\/2023\\\/07\\\/106N.png\",\"width\":300,\"height\":250},{\"@type\":\"BreadcrumbList\",\"@id\":\"https:\\\/\\\/addevmaterials.com\\\/converting\\\/nylon-flock-106n\\\/#breadcrumb\",\"itemListElement\":[{\"@type\":\"ListItem\",\"position\":1,\"name\":\"Accueil\",\"item\":\"https:\\\/\\\/addevmaterials.com\\\/converting\\\/\"},{\"@type\":\"ListItem\",\"position\":2,\"name\":\"Nylon Flock 106N\"}]},{\"@type\":\"WebSite\",\"@id\":\"https:\\\/\\\/addevmaterials.com\\\/converting\\\/ro\\\/#website\",\"url\":\"https:\\\/\\\/addevmaterials.com\\\/converting\\\/ro\\\/\",\"name\":\"ADDEV Materials Converting\",\"description\":\"\",\"publisher\":{\"@id\":\"https:\\\/\\\/addevmaterials.com\\\/converting\\\/ro\\\/#organization\"},\"potentialAction\":[{\"@type\":\"SearchAction\",\"target\":{\"@type\":\"EntryPoint\",\"urlTemplate\":\"https:\\\/\\\/addevmaterials.com\\\/converting\\\/ro\\\/?s={search_term_string}\"},\"query-input\":{\"@type\":\"PropertyValueSpecification\",\"valueRequired\":true,\"valueName\":\"search_term_string\"}}],\"inLanguage\":\"cs\"},{\"@type\":\"Organization\",\"@id\":\"https:\\\/\\\/addevmaterials.com\\\/converting\\\/ro\\\/#organization\",\"name\":\"ADDEV Materials Converting\",\"url\":\"https:\\\/\\\/addevmaterials.com\\\/converting\\\/ro\\\/\",\"logo\":{\"@type\":\"ImageObject\",\"inLanguage\":\"cs\",\"@id\":\"https:\\\/\\\/addevmaterials.com\\\/converting\\\/ro\\\/#\\\/schema\\\/logo\\\/image\\\/\",\"url\":\"https:\\\/\\\/addevmaterials.com\\\/converting\\\/wp-content\\\/uploads\\\/sites\\\/2\\\/2023\\\/04\\\/cropped-ADDEV_Materials-LOGO_RGB.png\",\"contentUrl\":\"https:\\\/\\\/addevmaterials.com\\\/converting\\\/wp-content\\\/uploads\\\/sites\\\/2\\\/2023\\\/04\\\/cropped-ADDEV_Materials-LOGO_RGB.png\",\"width\":2948,\"height\":929,\"caption\":\"ADDEV Materials Converting\"},\"image\":{\"@id\":\"https:\\\/\\\/addevmaterials.com\\\/converting\\\/ro\\\/#\\\/schema\\\/logo\\\/image\\\/\"},\"sameAs\":[\"https:\\\/\\\/www.linkedin.com\\\/company\\\/addev-materials\\\/\"]}]}<\/script>\n<!-- \/ Yoast SEO plugin. -->","yoast_head_json":{"title":"Nylonov\u00fd flok 106N - ADDEV Materials Converting","robots":{"index":"index","follow":"follow","max-snippet":"max-snippet:-1","max-image-preview":"max-image-preview:large","max-video-preview":"max-video-preview:-1"},"canonical":"https:\/\/addevmaterials.com\/converting\/cs\/nylonove-vlakno-106n\/","og_locale":"cs_CZ","og_type":"article","og_title":"Nylon Flock 106N - ADDEV Materials Converting","og_description":"\/*! elementor &#8211; v3.15.0 &#8211; 09-07-2023 *\/ .elementor-heading-title{padding:0;margin:0;line-height:1}.elementor-widget-heading .elementor-heading-title[class*=elementor-size-]&gt;a{color:inherit;font-size:inherit;line-height:inherit}.elementor-widget-heading .elementor-heading-title.elementor-size-small{font-size:15px}.elementor-widget-heading .elementor-heading-title.elementor-size-medium{font-size:19px}.elementor-widget-heading .elementor-heading-title.elementor-size-large{font-size:29px}.elementor-widget-heading .elementor-heading-title.elementor-size-xl{font-size:39px}.elementor-widget-heading .elementor-heading-title.elementor-size-xxl{font-size:59px} Technical Data Sheet Nylon Flock 106N Product description\u200b Nylon Flock 106N is a 36 mil single coated black flock with a high performance low VOC acrylic adhesive and a polyester release liner. The adhesive bonds very well to low surface energy [&hellip;]","og_url":"https:\/\/addevmaterials.com\/converting\/cs\/nylonove-vlakno-106n\/","og_site_name":"ADDEV Materials Converting","article_modified_time":"2023-07-12T20:03:37+00:00","og_image":[{"width":300,"height":250,"url":"https:\/\/addevmaterials.com\/converting\/wp-content\/uploads\/sites\/2\/2023\/07\/106N.png","type":"image\/png"}],"twitter_card":"summary_large_image","twitter_misc":{"Odhadovan\u00e1 doba \u010dten\u00ed":"1 minuta"},"schema":{"@context":"https:\/\/schema.org","@graph":[{"@type":"WebPage","@id":"https:\/\/addevmaterials.com\/converting\/nylon-flock-106n\/","url":"https:\/\/addevmaterials.com\/converting\/nylon-flock-106n\/","name":"Nylonov\u00fd flok 106N - ADDEV Materials Converting","isPartOf":{"@id":"https:\/\/addevmaterials.com\/converting\/ro\/#website"},"primaryImageOfPage":{"@id":"https:\/\/addevmaterials.com\/converting\/nylon-flock-106n\/#primaryimage"},"image":{"@id":"https:\/\/addevmaterials.com\/converting\/nylon-flock-106n\/#primaryimage"},"thumbnailUrl":"https:\/\/addevmaterials.com\/converting\/wp-content\/uploads\/sites\/2\/2023\/07\/106N.png","datePublished":"2023-06-12T19:00:27+00:00","dateModified":"2023-07-12T20:03:37+00:00","breadcrumb":{"@id":"https:\/\/addevmaterials.com\/converting\/nylon-flock-106n\/#breadcrumb"},"inLanguage":"cs","potentialAction":[{"@type":"ReadAction","target":["https:\/\/addevmaterials.com\/converting\/nylon-flock-106n\/"]}]},{"@type":"ImageObject","inLanguage":"cs","@id":"https:\/\/addevmaterials.com\/converting\/nylon-flock-106n\/#primaryimage","url":"https:\/\/addevmaterials.com\/converting\/wp-content\/uploads\/sites\/2\/2023\/07\/106N.png","contentUrl":"https:\/\/addevmaterials.com\/converting\/wp-content\/uploads\/sites\/2\/2023\/07\/106N.png","width":300,"height":250},{"@type":"BreadcrumbList","@id":"https:\/\/addevmaterials.com\/converting\/nylon-flock-106n\/#breadcrumb","itemListElement":[{"@type":"ListItem","position":1,"name":"Accueil","item":"https:\/\/addevmaterials.com\/converting\/"},{"@type":"ListItem","position":2,"name":"Nylon Flock 106N"}]},{"@type":"WebSite","@id":"https:\/\/addevmaterials.com\/converting\/ro\/#website","url":"https:\/\/addevmaterials.com\/converting\/ro\/","name":"ADDEV Zpracov\u00e1n\u00ed materi\u00e1l\u016f","description":"","publisher":{"@id":"https:\/\/addevmaterials.com\/converting\/ro\/#organization"},"potentialAction":[{"@type":"SearchAction","target":{"@type":"EntryPoint","urlTemplate":"https:\/\/addevmaterials.com\/converting\/ro\/?s={search_term_string}"},"query-input":{"@type":"PropertyValueSpecification","valueRequired":true,"valueName":"search_term_string"}}],"inLanguage":"cs"},{"@type":"Organization","@id":"https:\/\/addevmaterials.com\/converting\/ro\/#organization","name":"ADDEV Zpracov\u00e1n\u00ed materi\u00e1l\u016f","url":"https:\/\/addevmaterials.com\/converting\/ro\/","logo":{"@type":"ImageObject","inLanguage":"cs","@id":"https:\/\/addevmaterials.com\/converting\/ro\/#\/schema\/logo\/image\/","url":"https:\/\/addevmaterials.com\/converting\/wp-content\/uploads\/sites\/2\/2023\/04\/cropped-ADDEV_Materials-LOGO_RGB.png","contentUrl":"https:\/\/addevmaterials.com\/converting\/wp-content\/uploads\/sites\/2\/2023\/04\/cropped-ADDEV_Materials-LOGO_RGB.png","width":2948,"height":929,"caption":"ADDEV Materials Converting"},"image":{"@id":"https:\/\/addevmaterials.com\/converting\/ro\/#\/schema\/logo\/image\/"},"sameAs":["https:\/\/www.linkedin.com\/company\/addev-materials\/"]}]}},"distributor_meta":false,"distributor_terms":false,"distributor_media":false,"distributor_original_site_name":"ADDEV Materials Converting","distributor_original_site_url":"https:\/\/addevmaterials.com\/converting\/cs","push-errors":false,"_links":{"self":[{"href":"https:\/\/addevmaterials.com\/converting\/cs\/wp-json\/wp\/v2\/pages\/16961","targetHints":{"allow":["GET"]}}],"collection":[{"href":"https:\/\/addevmaterials.com\/converting\/cs\/wp-json\/wp\/v2\/pages"}],"about":[{"href":"https:\/\/addevmaterials.com\/converting\/cs\/wp-json\/wp\/v2\/types\/page"}],"author":[{"embeddable":true,"href":"https:\/\/addevmaterials.com\/converting\/cs\/wp-json\/wp\/v2\/users\/3"}],"replies":[{"embeddable":true,"href":"https:\/\/addevmaterials.com\/converting\/cs\/wp-json\/wp\/v2\/comments?post=16961"}],"version-history":[{"count":10,"href":"https:\/\/addevmaterials.com\/converting\/cs\/wp-json\/wp\/v2\/pages\/16961\/revisions"}],"predecessor-version":[{"id":18879,"href":"https:\/\/addevmaterials.com\/converting\/cs\/wp-json\/wp\/v2\/pages\/16961\/revisions\/18879"}],"wp:featuredmedia":[{"embeddable":true,"href":"https:\/\/addevmaterials.com\/converting\/cs\/wp-json\/wp\/v2\/media\/18875"}],"wp:attachment":[{"href":"https:\/\/addevmaterials.com\/converting\/cs\/wp-json\/wp\/v2\/media?parent=16961"}],"curies":[{"name":"wp","href":"https:\/\/api.w.org\/{rel}","templated":true}]}}