{"id":2302,"date":"2022-03-16T08:40:13","date_gmt":"2022-03-16T08:40:13","guid":{"rendered":"https:\/\/mi.addevmaterials.com\/?page_id=2302"},"modified":"2023-11-07T15:07:38","modified_gmt":"2023-11-07T15:07:38","slug":"covestro-page-partner","status":"publish","type":"page","link":"https:\/\/addevmaterials.com\/converting\/cs\/covestro-page-partenaire\/","title":{"rendered":"Partnersk\u00e1 str\u00e1nka spole\u010dnosti Covestro"},"content":{"rendered":"<div data-elementor-type=\"wp-page\" data-elementor-id=\"2302\" class=\"elementor elementor-2302\" data-elementor-post-type=\"page\">\n\t\t\t\t\t\t<section class=\"elementor-section elementor-top-section elementor-element elementor-element-2bd83d39 elementor-section-boxed elementor-section-height-default elementor-section-height-default\" data-id=\"2bd83d39\" data-element_type=\"section\" data-e-type=\"section\" data-settings=\"{&quot;background_background&quot;:&quot;classic&quot;}\">\n\t\t\t\t\t\t\t<div class=\"elementor-background-overlay\"><\/div>\n\t\t\t\t\t\t\t<div class=\"elementor-container elementor-column-gap-default\">\n\t\t\t\t\t<div class=\"elementor-column elementor-col-100 elementor-top-column elementor-element elementor-element-13e4159f\" data-id=\"13e4159f\" data-element_type=\"column\" data-e-type=\"column\">\n\t\t\t<div class=\"elementor-widget-wrap elementor-element-populated\">\n\t\t\t\t\t\t<div class=\"elementor-element elementor-element-2318887f elementor-widget elementor-widget-heading\" data-id=\"2318887f\" data-element_type=\"widget\" data-e-type=\"widget\" data-widget_type=\"heading.default\">\n\t\t\t\t<div class=\"elementor-widget-container\">\n\t\t\t\t\t<h1 class=\"elementor-heading-title elementor-size-default\">Covestro &amp; ADDEV Materials<\/h1>\t\t\t\t<\/div>\n\t\t\t\t<\/div>\n\t\t\t\t\t<\/div>\n\t\t<\/div>\n\t\t\t\t\t<\/div>\n\t\t<\/section>\n\t\t\t\t<section class=\"elementor-section elementor-top-section elementor-element elementor-element-43b9923e elementor-section-boxed elementor-section-height-default elementor-section-height-default\" data-id=\"43b9923e\" data-element_type=\"section\" data-e-type=\"section\">\n\t\t\t\t\t\t<div class=\"elementor-container elementor-column-gap-default\">\n\t\t\t\t\t<div class=\"elementor-column elementor-col-100 elementor-top-column elementor-element elementor-element-624cc93b\" data-id=\"624cc93b\" data-element_type=\"column\" data-e-type=\"column\">\n\t\t\t<div class=\"elementor-widget-wrap elementor-element-populated\">\n\t\t\t\t\t\t<div class=\"elementor-element elementor-element-10bdfbe2 elementor-widget elementor-widget-text-editor\" data-id=\"10bdfbe2\" data-element_type=\"widget\" data-e-type=\"widget\" data-widget_type=\"text-editor.default\">\n\t\t\t\t<div class=\"elementor-widget-container\">\n\t\t\t\t\t\t\t\t\t<p>Z\u00e1kladem na\u0161eho podnik\u00e1n\u00ed jsou inovace. Na tomto z\u00e1klad\u011b jsme nav\u00e1zali pevn\u00e9 partnerstv\u00ed se spole\u010dnost\u00ed Covestro, abychom splnili po\u017eadavky na\u0161ich z\u00e1kazn\u00edk\u016f.<\/p>\t\t\t\t\t\t\t\t<\/div>\n\t\t\t\t<\/div>\n\t\t\t\t\t<\/div>\n\t\t<\/div>\n\t\t\t\t\t<\/div>\n\t\t<\/section>\n\t\t\t\t<section class=\"elementor-section elementor-top-section elementor-element elementor-element-2bc377e9 elementor-section-boxed elementor-section-height-default elementor-section-height-default\" data-id=\"2bc377e9\" data-element_type=\"section\" data-e-type=\"section\">\n\t\t\t\t\t\t<div class=\"elementor-container elementor-column-gap-default\">\n\t\t\t\t\t<div class=\"elementor-column elementor-col-50 elementor-top-column elementor-element elementor-element-1e0f568\" data-id=\"1e0f568\" data-element_type=\"column\" data-e-type=\"column\">\n\t\t\t<div class=\"elementor-widget-wrap elementor-element-populated\">\n\t\t\t\t\t\t<div class=\"elementor-element elementor-element-18b2fd43 elementor-widget elementor-widget-image\" data-id=\"18b2fd43\" data-element_type=\"widget\" data-e-type=\"widget\" data-widget_type=\"image.default\">\n\t\t\t\t<div class=\"elementor-widget-container\">\n\t\t\t\t\t\t\t\t\t\t\t\t\t\t\t<img fetchpriority=\"high\" decoding=\"async\" width=\"960\" height=\"540\" src=\"https:\/\/addevmaterials.com\/converting\/wp-content\/uploads\/sites\/2\/2022\/03\/Covestro-1-2.jpg\" class=\"attachment-large size-large wp-image-1940\" alt=\"Logo Covestro\" srcset=\"https:\/\/addevmaterials.com\/converting\/wp-content\/uploads\/sites\/2\/2022\/03\/Covestro-1-2.jpg 960w, https:\/\/addevmaterials.com\/converting\/wp-content\/uploads\/sites\/2\/2022\/03\/Covestro-1-2-300x169.jpg 300w, https:\/\/addevmaterials.com\/converting\/wp-content\/uploads\/sites\/2\/2022\/03\/Covestro-1-2-768x432.jpg 768w, https:\/\/addevmaterials.com\/converting\/wp-content\/uploads\/sites\/2\/2022\/03\/Covestro-1-2-18x10.jpg 18w\" sizes=\"(max-width: 960px) 100vw, 960px\" \/>\t\t\t\t\t\t\t\t\t\t\t\t\t\t\t<\/div>\n\t\t\t\t<\/div>\n\t\t\t\t\t<\/div>\n\t\t<\/div>\n\t\t\t\t<div class=\"elementor-column elementor-col-50 elementor-top-column elementor-element elementor-element-704cd623\" data-id=\"704cd623\" data-element_type=\"column\" data-e-type=\"column\">\n\t\t\t<div class=\"elementor-widget-wrap elementor-element-populated\">\n\t\t\t\t\t\t<div class=\"elementor-element elementor-element-14524364 elementor-widget elementor-widget-heading\" data-id=\"14524364\" data-element_type=\"widget\" data-e-type=\"widget\" data-widget_type=\"heading.default\">\n\t\t\t\t<div class=\"elementor-widget-container\">\n\t\t\t\t\t<span class=\"elementor-heading-title elementor-size-default\">Partnerstv\u00ed zalo\u017een\u00e9 na d\u016fv\u011b\u0159e\n<\/span>\t\t\t\t<\/div>\n\t\t\t\t<\/div>\n\t\t\t\t<div class=\"elementor-element elementor-element-4acf3426 elementor-widget elementor-widget-heading\" data-id=\"4acf3426\" data-element_type=\"widget\" data-e-type=\"widget\" data-widget_type=\"heading.default\">\n\t\t\t\t<div class=\"elementor-widget-container\">\n\t\t\t\t\t<h2 class=\"elementor-heading-title elementor-size-default\">Covestro &amp; ADDEV Materials<\/h2>\t\t\t\t<\/div>\n\t\t\t\t<\/div>\n\t\t\t\t<div class=\"elementor-element elementor-element-405c6a1b elementor-widget elementor-widget-text-editor\" data-id=\"405c6a1b\" data-element_type=\"widget\" data-e-type=\"widget\" data-widget_type=\"text-editor.default\">\n\t\t\t\t<div class=\"elementor-widget-container\">\n\t\t\t\t\t\t\t\t\t<p>Spole\u010dnosti Covestro a ADDEV Materials spolupracuj\u00ed ji\u017e \u0159adu let a nab\u00edzej\u00ed specializovan\u00e1 \u0159e\u0161en\u00ed pro energetick\u00fd a automobilov\u00fd trh.<\/p><p>Covestro nab\u00edz\u00ed \u0161irokou \u0161k\u00e1lu technick\u00fdch materi\u00e1l\u016f, v\u010detn\u011b polykarbon\u00e1tov\u00fdch f\u00f3li\u00ed pod specializovan\u00fdmi zna\u010dkami (Makrofol\u00ae a Bayfol\u00ae). Kombinace t\u00e9to nab\u00eddky produkt\u016f se schopnostmi spole\u010dnosti ADDEV Materials n\u00e1m umo\u017e\u0148uje nab\u00edzet \u0161irokou \u0161k\u00e1lu \u0159e\u0161en\u00ed pro \u0159e\u0161en\u00ed pr\u016fmyslov\u00fdch v\u00fdzev na\u0161ich z\u00e1kazn\u00edk\u016f.\u00a0<\/p>\t\t\t\t\t\t\t\t<\/div>\n\t\t\t\t<\/div>\n\t\t\t\t\t<\/div>\n\t\t<\/div>\n\t\t\t\t\t<\/div>\n\t\t<\/section>\n\t\t\t\t<section class=\"elementor-section elementor-top-section elementor-element elementor-element-295c5eae elementor-section-boxed elementor-section-height-default elementor-section-height-default\" data-id=\"295c5eae\" data-element_type=\"section\" data-e-type=\"section\">\n\t\t\t\t\t\t<div class=\"elementor-container elementor-column-gap-default\">\n\t\t\t\t\t<div class=\"elementor-column elementor-col-100 elementor-top-column elementor-element elementor-element-2511e100\" data-id=\"2511e100\" data-element_type=\"column\" data-e-type=\"column\">\n\t\t\t<div class=\"elementor-widget-wrap elementor-element-populated\">\n\t\t\t\t\t\t<div class=\"elementor-element elementor-element-5d2158 elementor-widget elementor-widget-heading\" data-id=\"5d2158\" data-element_type=\"widget\" data-e-type=\"widget\" data-widget_type=\"heading.default\">\n\t\t\t\t<div class=\"elementor-widget-container\">\n\t\t\t\t\t<h2 class=\"elementor-heading-title elementor-size-default\">Covestro<\/h2>\t\t\t\t<\/div>\n\t\t\t\t<\/div>\n\t\t\t\t<div class=\"elementor-element elementor-element-5dea7a35 elementor-widget elementor-widget-text-editor\" data-id=\"5dea7a35\" data-element_type=\"widget\" data-e-type=\"widget\" data-widget_type=\"text-editor.default\">\n\t\t\t\t<div class=\"elementor-widget-container\">\n\t\t\t\t\t\t\t\t\t<p>Spole\u010dnost Covestro je jedn\u00edm z p\u0159edn\u00edch sv\u011btov\u00fdch v\u00fdrobc\u016f \u0161pi\u010dkov\u00fdch polymern\u00edch materi\u00e1l\u016f, kter\u00fd m\u00e1 dva hlavn\u00ed \u00fakoly: vyv\u00edjet inovativn\u00ed a udr\u017eiteln\u00e1 \u0159e\u0161en\u00ed pro sv\u00e9 z\u00e1kazn\u00edky.<\/p><p>D\u00edky sv\u00fdm siln\u00fdm odborn\u00fdm znalostem v \u0161irok\u00e9m spektru materi\u00e1l\u016f (lepidla, n\u00e1t\u011brov\u00e9 hmoty, kompozity, elastomery, p\u011bny, f\u00f3lie...) je spole\u010dnost Covestro dob\u0159e zavedena na trz\u00edch mobility, jako je \u017eelezni\u010dn\u00ed a automobilov\u00fd pr\u016fmysl, ale tak\u00e9 v mnoha dal\u0161\u00edch odv\u011btv\u00edch, jako je stavebnictv\u00ed, energetika, elektronika...<\/p>\t\t\t\t\t\t\t\t<\/div>\n\t\t\t\t<\/div>\n\t\t\t\t\t<\/div>\n\t\t<\/div>\n\t\t\t\t\t<\/div>\n\t\t<\/section>\n\t\t\t\t<section class=\"elementor-section elementor-top-section elementor-element elementor-element-24785307 elementor-reverse-tablet elementor-reverse-mobile elementor-section-boxed elementor-section-height-default elementor-section-height-default\" data-id=\"24785307\" data-element_type=\"section\" data-e-type=\"section\">\n\t\t\t\t\t\t<div class=\"elementor-container elementor-column-gap-default\">\n\t\t\t\t\t<div class=\"elementor-column elementor-col-50 elementor-top-column elementor-element elementor-element-10252f9d\" data-id=\"10252f9d\" data-element_type=\"column\" data-e-type=\"column\">\n\t\t\t<div class=\"elementor-widget-wrap elementor-element-populated\">\n\t\t\t\t\t\t<div class=\"elementor-element elementor-element-5c60b716 elementor-widget elementor-widget-heading\" data-id=\"5c60b716\" data-element_type=\"widget\" data-e-type=\"widget\" data-widget_type=\"heading.default\">\n\t\t\t\t<div class=\"elementor-widget-container\">\n\t\t\t\t\t<span class=\"elementor-heading-title elementor-size-default\">Zam\u011b\u0159te se na<\/span>\t\t\t\t<\/div>\n\t\t\t\t<\/div>\n\t\t\t\t<div class=\"elementor-element elementor-element-6103e68f elementor-widget elementor-widget-heading\" data-id=\"6103e68f\" data-element_type=\"widget\" data-e-type=\"widget\" data-widget_type=\"heading.default\">\n\t\t\t\t<div class=\"elementor-widget-container\">\n\t\t\t\t\t<h2 class=\"elementor-heading-title elementor-size-default\">Makrofol\u00ae<\/h2>\t\t\t\t<\/div>\n\t\t\t\t<\/div>\n\t\t\t\t<div class=\"elementor-element elementor-element-712daf87 elementor-widget elementor-widget-text-editor\" data-id=\"712daf87\" data-element_type=\"widget\" data-e-type=\"widget\" data-widget_type=\"text-editor.default\">\n\t\t\t\t<div class=\"elementor-widget-container\">\n\t\t\t\t\t\t\t\t\t<p>Makrofol\u00ae je zna\u010dka spole\u010dnosti Covestro pro polykarbon\u00e1tov\u00e9 f\u00f3lie. Tyto v\u00fdrobky se vyzna\u010duj\u00ed vysokou tepelnou odolnost\u00ed, pr\u016fhlednost\u00ed a pru\u017enost\u00ed v \u0161irok\u00e9m rozsahu teplot. Nab\u00edzej\u00ed tak\u00e9 v\u00fdjime\u010dn\u00e9 elektroizola\u010dn\u00ed vlastnosti a odolnost proti od\u011bru a chemik\u00e1li\u00edm.<\/p><p>Jsou ide\u00e1ln\u00ed pro aplikace rozhran\u00ed \u010dlov\u011bk-stroj a s\u00edtotisk.<\/p>\t\t\t\t\t\t\t\t<\/div>\n\t\t\t\t<\/div>\n\t\t\t\t\t<\/div>\n\t\t<\/div>\n\t\t\t\t<div class=\"elementor-column elementor-col-50 elementor-top-column elementor-element elementor-element-4e90105c\" data-id=\"4e90105c\" data-element_type=\"column\" data-e-type=\"column\">\n\t\t\t<div class=\"elementor-widget-wrap elementor-element-populated\">\n\t\t\t\t\t\t<div class=\"elementor-element elementor-element-6adf8a5f elementor-widget elementor-widget-image\" data-id=\"6adf8a5f\" data-element_type=\"widget\" data-e-type=\"widget\" data-widget_type=\"image.default\">\n\t\t\t\t<div class=\"elementor-widget-container\">\n\t\t\t\t\t\t\t\t\t\t\t\t\t\t\t<img decoding=\"async\" width=\"482\" height=\"104\" src=\"https:\/\/addevmaterials.com\/converting\/wp-content\/uploads\/sites\/2\/2022\/03\/logo-makrofol.png\" class=\"attachment-large size-large wp-image-2315\" alt=\"Logo spole\u010dnosti Makrofol\" srcset=\"https:\/\/addevmaterials.com\/converting\/wp-content\/uploads\/sites\/2\/2022\/03\/logo-makrofol.png 482w, https:\/\/addevmaterials.com\/converting\/wp-content\/uploads\/sites\/2\/2022\/03\/logo-makrofol-300x65.png 300w, https:\/\/addevmaterials.com\/converting\/wp-content\/uploads\/sites\/2\/2022\/03\/logo-makrofol-18x4.png 18w\" sizes=\"(max-width: 482px) 100vw, 482px\" \/>\t\t\t\t\t\t\t\t\t\t\t\t\t\t\t<\/div>\n\t\t\t\t<\/div>\n\t\t\t\t\t<\/div>\n\t\t<\/div>\n\t\t\t\t\t<\/div>\n\t\t<\/section>\n\t\t\t\t<\/div>","protected":false},"excerpt":{"rendered":"<p>Covestro &amp; ADDEV Materials L&rsquo;innovation est au c\u0153ur de notre activit\u00e9. C&rsquo;est sur cette base que nous avons construit un partenariat solide avec Covestro pour r\u00e9pondre aux exigences de nos clients. Un partenariat de confiance Covestro &amp; ADDEV Materials Depuis de nombreuses ann\u00e9es, Covestro et ADDEV Materials travaillent ensemble pour offrir des solutions d\u00e9di\u00e9es aux [&hellip;]<\/p>\n","protected":false},"author":3,"featured_media":0,"parent":0,"menu_order":0,"comment_status":"closed","ping_status":"closed","template":"elementor_header_footer","meta":{"footnotes":""},"class_list":["post-2302","page","type-page","status-publish","hentry"],"yoast_head":"<!-- This site is optimized with the Yoast SEO plugin v27.3 - https:\/\/yoast.com\/product\/yoast-seo-wordpress\/ -->\n<title>Covestro page partenaire - ADDEV Materials Converting<\/title>\n<meta name=\"robots\" content=\"index, follow, max-snippet:-1, max-image-preview:large, max-video-preview:-1\" \/>\n<link rel=\"canonical\" href=\"https:\/\/addevmaterials.com\/converting\/cs\/covestro-page-partner\/\" \/>\n<meta property=\"og:locale\" content=\"cs_CZ\" \/>\n<meta property=\"og:type\" content=\"article\" \/>\n<meta property=\"og:title\" content=\"Covestro page partenaire - ADDEV Materials Converting\" \/>\n<meta property=\"og:description\" content=\"Covestro &amp; ADDEV Materials L&rsquo;innovation est au c\u0153ur de notre activit\u00e9. C&rsquo;est sur cette base que nous avons construit un partenariat solide avec Covestro pour r\u00e9pondre aux exigences de nos clients. Un partenariat de confiance Covestro &amp; ADDEV Materials Depuis de nombreuses ann\u00e9es, Covestro et ADDEV Materials travaillent ensemble pour offrir des solutions d\u00e9di\u00e9es aux [&hellip;]\" \/>\n<meta property=\"og:url\" content=\"https:\/\/addevmaterials.com\/converting\/cs\/covestro-page-partner\/\" \/>\n<meta property=\"og:site_name\" content=\"ADDEV Materials Converting\" \/>\n<meta property=\"article:modified_time\" content=\"2023-11-07T15:07:38+00:00\" \/>\n<meta property=\"og:image\" content=\"https:\/\/addevmaterials.com\/converting\/wp-content\/uploads\/sites\/2\/2022\/03\/Covestro-1-2.jpg\" \/>\n<meta name=\"twitter:card\" content=\"summary_large_image\" \/>\n<meta name=\"twitter:label1\" content=\"Odhadovan\u00e1 doba \u010dten\u00ed\" \/>\n\t<meta name=\"twitter:data1\" content=\"2 minuty\" \/>\n<script type=\"application\/ld+json\" class=\"yoast-schema-graph\">{\"@context\":\"https:\\\/\\\/schema.org\",\"@graph\":[{\"@type\":\"WebPage\",\"@id\":\"https:\\\/\\\/addevmaterials.com\\\/converting\\\/covestro-page-partenaire\\\/\",\"url\":\"https:\\\/\\\/addevmaterials.com\\\/converting\\\/covestro-page-partenaire\\\/\",\"name\":\"Covestro page partenaire - ADDEV Materials Converting\",\"isPartOf\":{\"@id\":\"https:\\\/\\\/addevmaterials.com\\\/converting\\\/ro\\\/#website\"},\"primaryImageOfPage\":{\"@id\":\"https:\\\/\\\/addevmaterials.com\\\/converting\\\/covestro-page-partenaire\\\/#primaryimage\"},\"image\":{\"@id\":\"https:\\\/\\\/addevmaterials.com\\\/converting\\\/covestro-page-partenaire\\\/#primaryimage\"},\"thumbnailUrl\":\"https:\\\/\\\/addevmaterials.com\\\/converting\\\/wp-content\\\/uploads\\\/sites\\\/2\\\/2022\\\/03\\\/Covestro-1-2.jpg\",\"datePublished\":\"2022-03-16T08:40:13+00:00\",\"dateModified\":\"2023-11-07T15:07:38+00:00\",\"breadcrumb\":{\"@id\":\"https:\\\/\\\/addevmaterials.com\\\/converting\\\/covestro-page-partenaire\\\/#breadcrumb\"},\"inLanguage\":\"cs\",\"potentialAction\":[{\"@type\":\"ReadAction\",\"target\":[\"https:\\\/\\\/addevmaterials.com\\\/converting\\\/covestro-page-partenaire\\\/\"]}]},{\"@type\":\"ImageObject\",\"inLanguage\":\"cs\",\"@id\":\"https:\\\/\\\/addevmaterials.com\\\/converting\\\/covestro-page-partenaire\\\/#primaryimage\",\"url\":\"https:\\\/\\\/addevmaterials.com\\\/converting\\\/wp-content\\\/uploads\\\/sites\\\/2\\\/2022\\\/03\\\/Covestro-1-2.jpg\",\"contentUrl\":\"https:\\\/\\\/addevmaterials.com\\\/converting\\\/wp-content\\\/uploads\\\/sites\\\/2\\\/2022\\\/03\\\/Covestro-1-2.jpg\"},{\"@type\":\"BreadcrumbList\",\"@id\":\"https:\\\/\\\/addevmaterials.com\\\/converting\\\/covestro-page-partenaire\\\/#breadcrumb\",\"itemListElement\":[{\"@type\":\"ListItem\",\"position\":1,\"name\":\"Accueil\",\"item\":\"https:\\\/\\\/addevmaterials.com\\\/converting\\\/\"},{\"@type\":\"ListItem\",\"position\":2,\"name\":\"Covestro page partenaire\"}]},{\"@type\":\"WebSite\",\"@id\":\"https:\\\/\\\/addevmaterials.com\\\/converting\\\/ro\\\/#website\",\"url\":\"https:\\\/\\\/addevmaterials.com\\\/converting\\\/ro\\\/\",\"name\":\"ADDEV Materials Converting\",\"description\":\"\",\"publisher\":{\"@id\":\"https:\\\/\\\/addevmaterials.com\\\/converting\\\/ro\\\/#organization\"},\"potentialAction\":[{\"@type\":\"SearchAction\",\"target\":{\"@type\":\"EntryPoint\",\"urlTemplate\":\"https:\\\/\\\/addevmaterials.com\\\/converting\\\/ro\\\/?s={search_term_string}\"},\"query-input\":{\"@type\":\"PropertyValueSpecification\",\"valueRequired\":true,\"valueName\":\"search_term_string\"}}],\"inLanguage\":\"cs\"},{\"@type\":\"Organization\",\"@id\":\"https:\\\/\\\/addevmaterials.com\\\/converting\\\/ro\\\/#organization\",\"name\":\"ADDEV Materials Converting\",\"url\":\"https:\\\/\\\/addevmaterials.com\\\/converting\\\/ro\\\/\",\"logo\":{\"@type\":\"ImageObject\",\"inLanguage\":\"cs\",\"@id\":\"https:\\\/\\\/addevmaterials.com\\\/converting\\\/ro\\\/#\\\/schema\\\/logo\\\/image\\\/\",\"url\":\"https:\\\/\\\/addevmaterials.com\\\/converting\\\/wp-content\\\/uploads\\\/sites\\\/2\\\/2023\\\/04\\\/cropped-ADDEV_Materials-LOGO_RGB.png\",\"contentUrl\":\"https:\\\/\\\/addevmaterials.com\\\/converting\\\/wp-content\\\/uploads\\\/sites\\\/2\\\/2023\\\/04\\\/cropped-ADDEV_Materials-LOGO_RGB.png\",\"width\":2948,\"height\":929,\"caption\":\"ADDEV Materials Converting\"},\"image\":{\"@id\":\"https:\\\/\\\/addevmaterials.com\\\/converting\\\/ro\\\/#\\\/schema\\\/logo\\\/image\\\/\"},\"sameAs\":[\"https:\\\/\\\/www.linkedin.com\\\/company\\\/addev-materials\\\/\"]}]}<\/script>\n<!-- \/ Yoast SEO plugin. -->","yoast_head_json":{"title":"Partnersk\u00e1 str\u00e1nka spole\u010dnosti Covestro - ADDEV Materials Converting","robots":{"index":"index","follow":"follow","max-snippet":"max-snippet:-1","max-image-preview":"max-image-preview:large","max-video-preview":"max-video-preview:-1"},"canonical":"https:\/\/addevmaterials.com\/converting\/cs\/covestro-page-partner\/","og_locale":"cs_CZ","og_type":"article","og_title":"Covestro page partenaire - ADDEV Materials Converting","og_description":"Covestro &amp; ADDEV Materials L&rsquo;innovation est au c\u0153ur de notre activit\u00e9. C&rsquo;est sur cette base que nous avons construit un partenariat solide avec Covestro pour r\u00e9pondre aux exigences de nos clients. Un partenariat de confiance Covestro &amp; ADDEV Materials Depuis de nombreuses ann\u00e9es, Covestro et ADDEV Materials travaillent ensemble pour offrir des solutions d\u00e9di\u00e9es aux [&hellip;]","og_url":"https:\/\/addevmaterials.com\/converting\/cs\/covestro-page-partner\/","og_site_name":"ADDEV Materials Converting","article_modified_time":"2023-11-07T15:07:38+00:00","og_image":[{"url":"https:\/\/addevmaterials.com\/converting\/wp-content\/uploads\/sites\/2\/2022\/03\/Covestro-1-2.jpg","type":"","width":"","height":""}],"twitter_card":"summary_large_image","twitter_misc":{"Odhadovan\u00e1 doba \u010dten\u00ed":"2 minuty"},"schema":{"@context":"https:\/\/schema.org","@graph":[{"@type":"WebPage","@id":"https:\/\/addevmaterials.com\/converting\/covestro-page-partenaire\/","url":"https:\/\/addevmaterials.com\/converting\/covestro-page-partenaire\/","name":"Partnersk\u00e1 str\u00e1nka spole\u010dnosti Covestro - ADDEV Materials Converting","isPartOf":{"@id":"https:\/\/addevmaterials.com\/converting\/ro\/#website"},"primaryImageOfPage":{"@id":"https:\/\/addevmaterials.com\/converting\/covestro-page-partenaire\/#primaryimage"},"image":{"@id":"https:\/\/addevmaterials.com\/converting\/covestro-page-partenaire\/#primaryimage"},"thumbnailUrl":"https:\/\/addevmaterials.com\/converting\/wp-content\/uploads\/sites\/2\/2022\/03\/Covestro-1-2.jpg","datePublished":"2022-03-16T08:40:13+00:00","dateModified":"2023-11-07T15:07:38+00:00","breadcrumb":{"@id":"https:\/\/addevmaterials.com\/converting\/covestro-page-partenaire\/#breadcrumb"},"inLanguage":"cs","potentialAction":[{"@type":"ReadAction","target":["https:\/\/addevmaterials.com\/converting\/covestro-page-partenaire\/"]}]},{"@type":"ImageObject","inLanguage":"cs","@id":"https:\/\/addevmaterials.com\/converting\/covestro-page-partenaire\/#primaryimage","url":"https:\/\/addevmaterials.com\/converting\/wp-content\/uploads\/sites\/2\/2022\/03\/Covestro-1-2.jpg","contentUrl":"https:\/\/addevmaterials.com\/converting\/wp-content\/uploads\/sites\/2\/2022\/03\/Covestro-1-2.jpg"},{"@type":"BreadcrumbList","@id":"https:\/\/addevmaterials.com\/converting\/covestro-page-partenaire\/#breadcrumb","itemListElement":[{"@type":"ListItem","position":1,"name":"Accueil","item":"https:\/\/addevmaterials.com\/converting\/"},{"@type":"ListItem","position":2,"name":"Covestro page partenaire"}]},{"@type":"WebSite","@id":"https:\/\/addevmaterials.com\/converting\/ro\/#website","url":"https:\/\/addevmaterials.com\/converting\/ro\/","name":"ADDEV Zpracov\u00e1n\u00ed materi\u00e1l\u016f","description":"","publisher":{"@id":"https:\/\/addevmaterials.com\/converting\/ro\/#organization"},"potentialAction":[{"@type":"SearchAction","target":{"@type":"EntryPoint","urlTemplate":"https:\/\/addevmaterials.com\/converting\/ro\/?s={search_term_string}"},"query-input":{"@type":"PropertyValueSpecification","valueRequired":true,"valueName":"search_term_string"}}],"inLanguage":"cs"},{"@type":"Organization","@id":"https:\/\/addevmaterials.com\/converting\/ro\/#organization","name":"ADDEV Zpracov\u00e1n\u00ed materi\u00e1l\u016f","url":"https:\/\/addevmaterials.com\/converting\/ro\/","logo":{"@type":"ImageObject","inLanguage":"cs","@id":"https:\/\/addevmaterials.com\/converting\/ro\/#\/schema\/logo\/image\/","url":"https:\/\/addevmaterials.com\/converting\/wp-content\/uploads\/sites\/2\/2023\/04\/cropped-ADDEV_Materials-LOGO_RGB.png","contentUrl":"https:\/\/addevmaterials.com\/converting\/wp-content\/uploads\/sites\/2\/2023\/04\/cropped-ADDEV_Materials-LOGO_RGB.png","width":2948,"height":929,"caption":"ADDEV Materials Converting"},"image":{"@id":"https:\/\/addevmaterials.com\/converting\/ro\/#\/schema\/logo\/image\/"},"sameAs":["https:\/\/www.linkedin.com\/company\/addev-materials\/"]}]}},"distributor_meta":false,"distributor_terms":false,"distributor_media":false,"distributor_original_site_name":"ADDEV Materials Converting","distributor_original_site_url":"https:\/\/addevmaterials.com\/converting\/cs","push-errors":false,"_links":{"self":[{"href":"https:\/\/addevmaterials.com\/converting\/cs\/wp-json\/wp\/v2\/pages\/2302","targetHints":{"allow":["GET"]}}],"collection":[{"href":"https:\/\/addevmaterials.com\/converting\/cs\/wp-json\/wp\/v2\/pages"}],"about":[{"href":"https:\/\/addevmaterials.com\/converting\/cs\/wp-json\/wp\/v2\/types\/page"}],"author":[{"embeddable":true,"href":"https:\/\/addevmaterials.com\/converting\/cs\/wp-json\/wp\/v2\/users\/3"}],"replies":[{"embeddable":true,"href":"https:\/\/addevmaterials.com\/converting\/cs\/wp-json\/wp\/v2\/comments?post=2302"}],"version-history":[{"count":10,"href":"https:\/\/addevmaterials.com\/converting\/cs\/wp-json\/wp\/v2\/pages\/2302\/revisions"}],"predecessor-version":[{"id":19367,"href":"https:\/\/addevmaterials.com\/converting\/cs\/wp-json\/wp\/v2\/pages\/2302\/revisions\/19367"}],"wp:attachment":[{"href":"https:\/\/addevmaterials.com\/converting\/cs\/wp-json\/wp\/v2\/media?parent=2302"}],"curies":[{"name":"wp","href":"https:\/\/api.w.org\/{rel}","templated":true}]}}