{"id":4544,"date":"2022-04-19T12:56:46","date_gmt":"2022-04-19T12:56:46","guid":{"rendered":"https:\/\/mi.addevmaterials.com\/?page_id=4544"},"modified":"2025-12-05T09:52:06","modified_gmt":"2025-12-05T09:52:06","slug":"prototypovani","status":"publish","type":"page","link":"https:\/\/addevmaterials.com\/converting\/cs\/prototypage\/","title":{"rendered":"Vytv\u00e1\u0159en\u00ed prototyp\u016f"},"content":{"rendered":"<div data-elementor-type=\"wp-page\" data-elementor-id=\"4544\" class=\"elementor elementor-4544\" data-elementor-post-type=\"page\">\n\t\t\t\t\t\t<section class=\"elementor-section elementor-top-section elementor-element elementor-element-58a06f7f elementor-section-boxed elementor-section-height-default elementor-section-height-default\" data-id=\"58a06f7f\" data-element_type=\"section\" data-e-type=\"section\" data-settings=\"{&quot;background_background&quot;:&quot;classic&quot;}\">\n\t\t\t\t\t\t\t<div class=\"elementor-background-overlay\"><\/div>\n\t\t\t\t\t\t\t<div class=\"elementor-container elementor-column-gap-default\">\n\t\t\t\t\t<div class=\"elementor-column elementor-col-100 elementor-top-column elementor-element elementor-element-b4fbc6f\" data-id=\"b4fbc6f\" data-element_type=\"column\" data-e-type=\"column\">\n\t\t\t<div class=\"elementor-widget-wrap elementor-element-populated\">\n\t\t\t\t\t\t<div class=\"elementor-element elementor-element-3999a145 elementor-widget elementor-widget-heading\" data-id=\"3999a145\" data-element_type=\"widget\" data-e-type=\"widget\" data-widget_type=\"heading.default\">\n\t\t\t\t<div class=\"elementor-widget-container\">\n\t\t\t\t\t<h1 class=\"elementor-heading-title elementor-size-default\">Vytv\u00e1\u0159en\u00ed prototyp\u016f<\/h1>\t\t\t\t<\/div>\n\t\t\t\t<\/div>\n\t\t\t\t\t<\/div>\n\t\t<\/div>\n\t\t\t\t\t<\/div>\n\t\t<\/section>\n\t\t\t\t<section class=\"elementor-section elementor-top-section elementor-element elementor-element-2635f7f0 elementor-section-boxed elementor-section-height-default elementor-section-height-default\" data-id=\"2635f7f0\" data-element_type=\"section\" data-e-type=\"section\">\n\t\t\t\t\t\t<div class=\"elementor-container elementor-column-gap-default\">\n\t\t\t\t\t<div class=\"elementor-column elementor-col-100 elementor-top-column elementor-element elementor-element-6d877cb3\" data-id=\"6d877cb3\" data-element_type=\"column\" data-e-type=\"column\">\n\t\t\t<div class=\"elementor-widget-wrap elementor-element-populated\">\n\t\t\t\t\t\t<div class=\"elementor-element elementor-element-2835e4f1 elementor-widget elementor-widget-text-editor\" data-id=\"2835e4f1\" data-element_type=\"widget\" data-e-type=\"widget\" data-widget_type=\"text-editor.default\">\n\t\t\t\t<div class=\"elementor-widget-container\">\n\t\t\t\t\t\t\t\t\t<p><em>V\u00fdvojov\u00e9 a inova\u010dn\u00ed t\u00fdmy spole\u010dnosti ADDEV Materials nab\u00edzej\u00ed slu\u017eby prototypov\u00e1n\u00ed ur\u010den\u00e9 k v\u00fdrob\u011b d\u00edl\u016f z materi\u00e1l\u016f identick\u00fdch s materi\u00e1ly pou\u017eit\u00fdmi ve va\u0161em kone\u010dn\u00e9m \u0159e\u0161en\u00ed (potahovan\u00e9 f\u00f3lie, v\u00edcevrstv\u00e9 materi\u00e1ly, lepen\u00e9 d\u00edly, pevn\u00e9 d\u00edly atd.).<\/em><\/p>\t\t\t\t\t\t\t\t<\/div>\n\t\t\t\t<\/div>\n\t\t\t\t<div class=\"elementor-element elementor-element-1d3add6 elementor-widget-divider--view-line elementor-widget elementor-widget-divider\" data-id=\"1d3add6\" data-element_type=\"widget\" data-e-type=\"widget\" data-widget_type=\"divider.default\">\n\t\t\t\t<div class=\"elementor-widget-container\">\n\t\t\t\t\t\t\t<div class=\"elementor-divider\">\n\t\t\t<span class=\"elementor-divider-separator\">\n\t\t\t\t\t\t<\/span>\n\t\t<\/div>\n\t\t\t\t\t\t<\/div>\n\t\t\t\t<\/div>\n\t\t\t\t\t<\/div>\n\t\t<\/div>\n\t\t\t\t\t<\/div>\n\t\t<\/section>\n\t\t\t\t<section class=\"elementor-section elementor-top-section elementor-element elementor-element-71707423 elementor-section-boxed elementor-section-height-default elementor-section-height-default\" data-id=\"71707423\" data-element_type=\"section\" data-e-type=\"section\">\n\t\t\t\t\t\t<div class=\"elementor-container elementor-column-gap-default\">\n\t\t\t\t\t<div class=\"elementor-column elementor-col-100 elementor-top-column elementor-element elementor-element-71e0b108\" data-id=\"71e0b108\" data-element_type=\"column\" data-e-type=\"column\">\n\t\t\t<div class=\"elementor-widget-wrap elementor-element-populated\">\n\t\t\t\t\t\t<div class=\"elementor-element elementor-element-4c75b5d7 elementor-widget elementor-widget-heading\" data-id=\"4c75b5d7\" data-element_type=\"widget\" data-e-type=\"widget\" data-widget_type=\"heading.default\">\n\t\t\t\t<div class=\"elementor-widget-container\">\n\t\t\t\t\t<h2 class=\"elementor-heading-title elementor-size-default\">V\u00edte p\u0159esn\u011b, co chcete?<\/h2>\t\t\t\t<\/div>\n\t\t\t\t<\/div>\n\t\t\t\t<div class=\"elementor-element elementor-element-74c39148 elementor-widget elementor-widget-text-editor\" data-id=\"74c39148\" data-element_type=\"widget\" data-e-type=\"widget\" data-widget_type=\"text-editor.default\">\n\t\t\t\t<div class=\"elementor-widget-container\">\n\t\t\t\t\t\t\t\t\t<p>Vytvo\u0159\u00edme prototyp podle va\u0161ich specifikac\u00ed, abyste mohli rychle otestovat a ov\u011b\u0159it sv\u016fj koncept v re\u00e1ln\u00fdch podm\u00ednk\u00e1ch.<\/p>\t\t\t\t\t\t\t\t<\/div>\n\t\t\t\t<\/div>\n\t\t\t\t<div class=\"elementor-element elementor-element-2acd885f elementor-align-center elementor-widget elementor-widget-button\" data-id=\"2acd885f\" data-element_type=\"widget\" data-e-type=\"widget\" data-widget_type=\"button.default\">\n\t\t\t\t<div class=\"elementor-widget-container\">\n\t\t\t\t\t\t\t\t\t<div class=\"elementor-button-wrapper\">\n\t\t\t\t\t<a class=\"elementor-button elementor-button-link elementor-size-sm\" href=\"#contact\">\n\t\t\t\t\t\t<span class=\"elementor-button-content-wrapper\">\n\t\t\t\t\t\t\t\t\t<span class=\"elementor-button-text\">Kontaktujte n\u00e1s<\/span>\n\t\t\t\t\t<\/span>\n\t\t\t\t\t<\/a>\n\t\t\t\t<\/div>\n\t\t\t\t\t\t\t\t<\/div>\n\t\t\t\t<\/div>\n\t\t\t\t\t<\/div>\n\t\t<\/div>\n\t\t\t\t\t<\/div>\n\t\t<\/section>\n\t\t\t\t<section class=\"elementor-section elementor-top-section elementor-element elementor-element-d55dd57 elementor-section-boxed elementor-section-height-default elementor-section-height-default\" data-id=\"d55dd57\" data-element_type=\"section\" data-e-type=\"section\">\n\t\t\t\t\t\t<div class=\"elementor-container elementor-column-gap-default\">\n\t\t\t\t\t<div class=\"elementor-column elementor-col-50 elementor-top-column elementor-element elementor-element-1037a19\" data-id=\"1037a19\" data-element_type=\"column\" data-e-type=\"column\">\n\t\t\t<div class=\"elementor-widget-wrap elementor-element-populated\">\n\t\t\t\t\t\t<div class=\"elementor-element elementor-element-d1ba142 elementor-widget elementor-widget-image\" data-id=\"d1ba142\" data-element_type=\"widget\" data-e-type=\"widget\" data-widget_type=\"image.default\">\n\t\t\t\t<div class=\"elementor-widget-container\">\n\t\t\t\t\t\t\t\t\t\t\t\t\t\t\t<img fetchpriority=\"high\" decoding=\"async\" width=\"1024\" height=\"671\" src=\"https:\/\/addevmaterials.com\/converting\/wp-content\/uploads\/sites\/2\/2022\/06\/Technical-expertise-1024x671.jpg\" class=\"attachment-large size-large wp-image-9661\" alt=\"Vytv\u00e1\u0159en\u00ed prototyp\u016f\" srcset=\"https:\/\/addevmaterials.com\/converting\/wp-content\/uploads\/sites\/2\/2022\/06\/Technical-expertise-1024x671.jpg 1024w, https:\/\/addevmaterials.com\/converting\/wp-content\/uploads\/sites\/2\/2022\/06\/Technical-expertise-300x196.jpg 300w, https:\/\/addevmaterials.com\/converting\/wp-content\/uploads\/sites\/2\/2022\/06\/Technical-expertise-768x503.jpg 768w, https:\/\/addevmaterials.com\/converting\/wp-content\/uploads\/sites\/2\/2022\/06\/Technical-expertise-18x12.jpg 18w, https:\/\/addevmaterials.com\/converting\/wp-content\/uploads\/sites\/2\/2022\/06\/Technical-expertise.jpg 1133w\" sizes=\"(max-width: 1024px) 100vw, 1024px\" \/>\t\t\t\t\t\t\t\t\t\t\t\t\t\t\t<\/div>\n\t\t\t\t<\/div>\n\t\t\t\t\t<\/div>\n\t\t<\/div>\n\t\t\t\t<div class=\"elementor-column elementor-col-50 elementor-top-column elementor-element elementor-element-755ef16\" data-id=\"755ef16\" data-element_type=\"column\" data-e-type=\"column\">\n\t\t\t<div class=\"elementor-widget-wrap elementor-element-populated\">\n\t\t\t\t\t\t<div class=\"elementor-element elementor-element-efd3c49 elementor-widget elementor-widget-heading\" data-id=\"efd3c49\" data-element_type=\"widget\" data-e-type=\"widget\" data-widget_type=\"heading.default\">\n\t\t\t\t<div class=\"elementor-widget-container\">\n\t\t\t\t\t<h2 class=\"elementor-heading-title elementor-size-default\">Hled\u00e1te \u0159e\u0161en\u00ed probl\u00e9mu spojen\u00e9ho s pou\u017e\u00edv\u00e1n\u00edm v\u00fdrobku nebo s konkr\u00e9tn\u00edm probl\u00e9mem v oblasti \u017eivotn\u00edho prost\u0159ed\u00ed?<\/h2>\t\t\t\t<\/div>\n\t\t\t\t<\/div>\n\t\t\t\t<div class=\"elementor-element elementor-element-09b1f72 elementor-widget elementor-widget-text-editor\" data-id=\"09b1f72\" data-element_type=\"widget\" data-e-type=\"widget\" data-widget_type=\"text-editor.default\">\n\t\t\t\t<div class=\"elementor-widget-container\">\n\t\t\t\t\t\t\t\t\t<p>Na\u0161i in\u017een\u00fd\u0159i v\u00e1m porad\u00ed s v\u00fdb\u011brem materi\u00e1l\u016f a mo\u017enost\u00ed zpracov\u00e1n\u00ed a ve spolupr\u00e1ci s v\u00e1mi vyvinou \u0159e\u0161en\u00ed, kter\u00e9 nejl\u00e9pe vyhovuje po\u017eadavk\u016fm va\u0161eho projektu.<\/p><p>Spole\u010dnost ADDEV Materials m\u016f\u017ee vyu\u017e\u00edt r\u016fzn\u00e9 stroje k ov\u011b\u0159en\u00ed n\u00e1vrhu a v\u00fdrob\u011b va\u0161ich budouc\u00edch v\u00fdrobk\u016f: induk\u010dn\u00ed laminovac\u00ed stroj pro v\u00edcevrstv\u00e9 v\u00fdrobky, CNC \u0159ezac\u00ed stoly pro \u0159ez\u00e1n\u00ed mal\u00fdch mno\u017estv\u00ed d\u00edl\u016f atd.<\/p><p>Na\u0161e vlastn\u00ed laborato\u0159 je zodpov\u011bdn\u00e1 za kontrolu pevnosti a vlastnost\u00ed v\u00fdrobku z hlediska :<\/p><ul><li>povrchov\u00e1 energie<\/li><li>propustnost<\/li><li>odolnost v\u016f\u010di st\u00e1rnut\u00ed<\/li><li>fyzick\u00e1 odolnost<\/li><li>chemick\u00e1 a mechanick\u00e1 odolnost<\/li><\/ul>\t\t\t\t\t\t\t\t<\/div>\n\t\t\t\t<\/div>\n\t\t\t\t<section class=\"elementor-section elementor-inner-section elementor-element elementor-element-b01e62a elementor-section-boxed elementor-section-height-default elementor-section-height-default\" data-id=\"b01e62a\" data-element_type=\"section\" data-e-type=\"section\">\n\t\t\t\t\t\t<div class=\"elementor-container elementor-column-gap-default\">\n\t\t\t\t\t<div class=\"elementor-column elementor-col-100 elementor-inner-column elementor-element elementor-element-c23374f\" data-id=\"c23374f\" data-element_type=\"column\" data-e-type=\"column\">\n\t\t\t<div class=\"elementor-widget-wrap elementor-element-populated\">\n\t\t\t\t\t\t<div class=\"elementor-element elementor-element-ec04413 elementor-widget elementor-widget-button\" data-id=\"ec04413\" data-element_type=\"widget\" data-e-type=\"widget\" data-widget_type=\"button.default\">\n\t\t\t\t<div class=\"elementor-widget-container\">\n\t\t\t\t\t\t\t\t\t<div class=\"elementor-button-wrapper\">\n\t\t\t\t\t<a class=\"elementor-button elementor-button-link elementor-size-sm\" href=\"#contact\">\n\t\t\t\t\t\t<span class=\"elementor-button-content-wrapper\">\n\t\t\t\t\t\t\t\t\t<span class=\"elementor-button-text\">Kontaktujte n\u00e1s<\/span>\n\t\t\t\t\t<\/span>\n\t\t\t\t\t<\/a>\n\t\t\t\t<\/div>\n\t\t\t\t\t\t\t\t<\/div>\n\t\t\t\t<\/div>\n\t\t\t\t\t<\/div>\n\t\t<\/div>\n\t\t\t\t\t<\/div>\n\t\t<\/section>\n\t\t\t\t\t<\/div>\n\t\t<\/div>\n\t\t\t\t\t<\/div>\n\t\t<\/section>\n\t\t\t\t<\/div>","protected":false},"excerpt":{"rendered":"<p>Prototypage Les \u00e9quipes D\u00e9veloppement &amp; Innovation d&rsquo;ADDEV Materials proposent des services de prototypage mis en place pour r\u00e9aliser des pi\u00e8ces \u00e0 partir de mat\u00e9riaux identiques \u00e0 ceux utilis\u00e9s dans votre solution finale (films enduits, multicouches, pi\u00e8ces adh\u00e9sives, pi\u00e8ces rigides&#8230;). Savez-vous exactement ce que vous voulez ? Nous fabriquons un prototype conforme \u00e0 vos sp\u00e9cifications afin [&hellip;]<\/p>\n","protected":false},"author":3,"featured_media":0,"parent":0,"menu_order":0,"comment_status":"closed","ping_status":"closed","template":"elementor_header_footer","meta":{"footnotes":""},"class_list":["post-4544","page","type-page","status-publish","hentry"],"yoast_head":"<!-- This site is optimized with the Yoast SEO plugin v27.5 - https:\/\/yoast.com\/product\/yoast-seo-wordpress\/ -->\n<title>Prototypage - ADDEV Materials Converting<\/title>\n<meta name=\"robots\" content=\"index, follow, max-snippet:-1, max-image-preview:large, max-video-preview:-1\" \/>\n<link rel=\"canonical\" href=\"https:\/\/addevmaterials.com\/converting\/cs\/prototypovani\/\" \/>\n<meta property=\"og:locale\" content=\"cs_CZ\" \/>\n<meta property=\"og:type\" content=\"article\" \/>\n<meta property=\"og:title\" content=\"Prototypage - ADDEV Materials Converting\" \/>\n<meta property=\"og:description\" content=\"Prototypage Les \u00e9quipes D\u00e9veloppement &amp; Innovation d&rsquo;ADDEV Materials proposent des services de prototypage mis en place pour r\u00e9aliser des pi\u00e8ces \u00e0 partir de mat\u00e9riaux identiques \u00e0 ceux utilis\u00e9s dans votre solution finale (films enduits, multicouches, pi\u00e8ces adh\u00e9sives, pi\u00e8ces rigides&#8230;). Savez-vous exactement ce que vous voulez ? Nous fabriquons un prototype conforme \u00e0 vos sp\u00e9cifications afin [&hellip;]\" \/>\n<meta property=\"og:url\" content=\"https:\/\/addevmaterials.com\/converting\/cs\/prototypovani\/\" \/>\n<meta property=\"og:site_name\" content=\"ADDEV Materials Converting\" \/>\n<meta property=\"article:modified_time\" content=\"2025-12-05T09:52:06+00:00\" \/>\n<meta property=\"og:image\" content=\"https:\/\/addevmaterials.com\/converting\/wp-content\/uploads\/sites\/2\/2022\/06\/Technical-expertise-1024x671.jpg\" \/>\n<meta name=\"twitter:card\" content=\"summary_large_image\" \/>\n<meta name=\"twitter:label1\" content=\"Odhadovan\u00e1 doba \u010dten\u00ed\" \/>\n\t<meta name=\"twitter:data1\" content=\"2 minuty\" \/>\n<script type=\"application\/ld+json\" class=\"yoast-schema-graph\">{\"@context\":\"https:\\\/\\\/schema.org\",\"@graph\":[{\"@type\":\"WebPage\",\"@id\":\"https:\\\/\\\/addevmaterials.com\\\/converting\\\/prototypage\\\/\",\"url\":\"https:\\\/\\\/addevmaterials.com\\\/converting\\\/prototypage\\\/\",\"name\":\"Prototypage - ADDEV Materials Converting\",\"isPartOf\":{\"@id\":\"https:\\\/\\\/addevmaterials.com\\\/converting\\\/ro\\\/#website\"},\"primaryImageOfPage\":{\"@id\":\"https:\\\/\\\/addevmaterials.com\\\/converting\\\/prototypage\\\/#primaryimage\"},\"image\":{\"@id\":\"https:\\\/\\\/addevmaterials.com\\\/converting\\\/prototypage\\\/#primaryimage\"},\"thumbnailUrl\":\"https:\\\/\\\/addevmaterials.com\\\/converting\\\/wp-content\\\/uploads\\\/sites\\\/2\\\/2022\\\/06\\\/Technical-expertise-1024x671.jpg\",\"datePublished\":\"2022-04-19T12:56:46+00:00\",\"dateModified\":\"2025-12-05T09:52:06+00:00\",\"breadcrumb\":{\"@id\":\"https:\\\/\\\/addevmaterials.com\\\/converting\\\/prototypage\\\/#breadcrumb\"},\"inLanguage\":\"cs\",\"potentialAction\":[{\"@type\":\"ReadAction\",\"target\":[\"https:\\\/\\\/addevmaterials.com\\\/converting\\\/prototypage\\\/\"]}]},{\"@type\":\"ImageObject\",\"inLanguage\":\"cs\",\"@id\":\"https:\\\/\\\/addevmaterials.com\\\/converting\\\/prototypage\\\/#primaryimage\",\"url\":\"https:\\\/\\\/addevmaterials.com\\\/converting\\\/wp-content\\\/uploads\\\/sites\\\/2\\\/2022\\\/06\\\/Technical-expertise-1024x671.jpg\",\"contentUrl\":\"https:\\\/\\\/addevmaterials.com\\\/converting\\\/wp-content\\\/uploads\\\/sites\\\/2\\\/2022\\\/06\\\/Technical-expertise-1024x671.jpg\"},{\"@type\":\"BreadcrumbList\",\"@id\":\"https:\\\/\\\/addevmaterials.com\\\/converting\\\/prototypage\\\/#breadcrumb\",\"itemListElement\":[{\"@type\":\"ListItem\",\"position\":1,\"name\":\"Accueil\",\"item\":\"https:\\\/\\\/addevmaterials.com\\\/converting\\\/\"},{\"@type\":\"ListItem\",\"position\":2,\"name\":\"Prototypage\"}]},{\"@type\":\"WebSite\",\"@id\":\"https:\\\/\\\/addevmaterials.com\\\/converting\\\/ro\\\/#website\",\"url\":\"https:\\\/\\\/addevmaterials.com\\\/converting\\\/ro\\\/\",\"name\":\"ADDEV Materials Converting\",\"description\":\"\",\"publisher\":{\"@id\":\"https:\\\/\\\/addevmaterials.com\\\/converting\\\/ro\\\/#organization\"},\"potentialAction\":[{\"@type\":\"SearchAction\",\"target\":{\"@type\":\"EntryPoint\",\"urlTemplate\":\"https:\\\/\\\/addevmaterials.com\\\/converting\\\/ro\\\/?s={search_term_string}\"},\"query-input\":{\"@type\":\"PropertyValueSpecification\",\"valueRequired\":true,\"valueName\":\"search_term_string\"}}],\"inLanguage\":\"cs\"},{\"@type\":\"Organization\",\"@id\":\"https:\\\/\\\/addevmaterials.com\\\/converting\\\/ro\\\/#organization\",\"name\":\"ADDEV Materials Converting\",\"url\":\"https:\\\/\\\/addevmaterials.com\\\/converting\\\/ro\\\/\",\"logo\":{\"@type\":\"ImageObject\",\"inLanguage\":\"cs\",\"@id\":\"https:\\\/\\\/addevmaterials.com\\\/converting\\\/ro\\\/#\\\/schema\\\/logo\\\/image\\\/\",\"url\":\"https:\\\/\\\/addevmaterials.com\\\/converting\\\/wp-content\\\/uploads\\\/sites\\\/2\\\/2023\\\/04\\\/cropped-ADDEV_Materials-LOGO_RGB.png\",\"contentUrl\":\"https:\\\/\\\/addevmaterials.com\\\/converting\\\/wp-content\\\/uploads\\\/sites\\\/2\\\/2023\\\/04\\\/cropped-ADDEV_Materials-LOGO_RGB.png\",\"width\":2948,\"height\":929,\"caption\":\"ADDEV Materials Converting\"},\"image\":{\"@id\":\"https:\\\/\\\/addevmaterials.com\\\/converting\\\/ro\\\/#\\\/schema\\\/logo\\\/image\\\/\"},\"sameAs\":[\"https:\\\/\\\/www.linkedin.com\\\/company\\\/addev-materials\\\/\"]}]}<\/script>\n<!-- \/ Yoast SEO plugin. -->","yoast_head_json":{"title":"V\u00fdroba prototyp\u016f - ADDEV Materials Converting","robots":{"index":"index","follow":"follow","max-snippet":"max-snippet:-1","max-image-preview":"max-image-preview:large","max-video-preview":"max-video-preview:-1"},"canonical":"https:\/\/addevmaterials.com\/converting\/cs\/prototypovani\/","og_locale":"cs_CZ","og_type":"article","og_title":"Prototypage - ADDEV Materials Converting","og_description":"Prototypage Les \u00e9quipes D\u00e9veloppement &amp; Innovation d&rsquo;ADDEV Materials proposent des services de prototypage mis en place pour r\u00e9aliser des pi\u00e8ces \u00e0 partir de mat\u00e9riaux identiques \u00e0 ceux utilis\u00e9s dans votre solution finale (films enduits, multicouches, pi\u00e8ces adh\u00e9sives, pi\u00e8ces rigides&#8230;). Savez-vous exactement ce que vous voulez ? Nous fabriquons un prototype conforme \u00e0 vos sp\u00e9cifications afin [&hellip;]","og_url":"https:\/\/addevmaterials.com\/converting\/cs\/prototypovani\/","og_site_name":"ADDEV Materials Converting","article_modified_time":"2025-12-05T09:52:06+00:00","og_image":[{"url":"https:\/\/addevmaterials.com\/converting\/wp-content\/uploads\/sites\/2\/2022\/06\/Technical-expertise-1024x671.jpg","type":"","width":"","height":""}],"twitter_card":"summary_large_image","twitter_misc":{"Odhadovan\u00e1 doba \u010dten\u00ed":"2 minuty"},"schema":{"@context":"https:\/\/schema.org","@graph":[{"@type":"WebPage","@id":"https:\/\/addevmaterials.com\/converting\/prototypage\/","url":"https:\/\/addevmaterials.com\/converting\/prototypage\/","name":"V\u00fdroba prototyp\u016f - ADDEV Materials Converting","isPartOf":{"@id":"https:\/\/addevmaterials.com\/converting\/ro\/#website"},"primaryImageOfPage":{"@id":"https:\/\/addevmaterials.com\/converting\/prototypage\/#primaryimage"},"image":{"@id":"https:\/\/addevmaterials.com\/converting\/prototypage\/#primaryimage"},"thumbnailUrl":"https:\/\/addevmaterials.com\/converting\/wp-content\/uploads\/sites\/2\/2022\/06\/Technical-expertise-1024x671.jpg","datePublished":"2022-04-19T12:56:46+00:00","dateModified":"2025-12-05T09:52:06+00:00","breadcrumb":{"@id":"https:\/\/addevmaterials.com\/converting\/prototypage\/#breadcrumb"},"inLanguage":"cs","potentialAction":[{"@type":"ReadAction","target":["https:\/\/addevmaterials.com\/converting\/prototypage\/"]}]},{"@type":"ImageObject","inLanguage":"cs","@id":"https:\/\/addevmaterials.com\/converting\/prototypage\/#primaryimage","url":"https:\/\/addevmaterials.com\/converting\/wp-content\/uploads\/sites\/2\/2022\/06\/Technical-expertise-1024x671.jpg","contentUrl":"https:\/\/addevmaterials.com\/converting\/wp-content\/uploads\/sites\/2\/2022\/06\/Technical-expertise-1024x671.jpg"},{"@type":"BreadcrumbList","@id":"https:\/\/addevmaterials.com\/converting\/prototypage\/#breadcrumb","itemListElement":[{"@type":"ListItem","position":1,"name":"Accueil","item":"https:\/\/addevmaterials.com\/converting\/"},{"@type":"ListItem","position":2,"name":"Prototypage"}]},{"@type":"WebSite","@id":"https:\/\/addevmaterials.com\/converting\/ro\/#website","url":"https:\/\/addevmaterials.com\/converting\/ro\/","name":"ADDEV Zpracov\u00e1n\u00ed materi\u00e1l\u016f","description":"","publisher":{"@id":"https:\/\/addevmaterials.com\/converting\/ro\/#organization"},"potentialAction":[{"@type":"SearchAction","target":{"@type":"EntryPoint","urlTemplate":"https:\/\/addevmaterials.com\/converting\/ro\/?s={search_term_string}"},"query-input":{"@type":"PropertyValueSpecification","valueRequired":true,"valueName":"search_term_string"}}],"inLanguage":"cs"},{"@type":"Organization","@id":"https:\/\/addevmaterials.com\/converting\/ro\/#organization","name":"ADDEV Zpracov\u00e1n\u00ed materi\u00e1l\u016f","url":"https:\/\/addevmaterials.com\/converting\/ro\/","logo":{"@type":"ImageObject","inLanguage":"cs","@id":"https:\/\/addevmaterials.com\/converting\/ro\/#\/schema\/logo\/image\/","url":"https:\/\/addevmaterials.com\/converting\/wp-content\/uploads\/sites\/2\/2023\/04\/cropped-ADDEV_Materials-LOGO_RGB.png","contentUrl":"https:\/\/addevmaterials.com\/converting\/wp-content\/uploads\/sites\/2\/2023\/04\/cropped-ADDEV_Materials-LOGO_RGB.png","width":2948,"height":929,"caption":"ADDEV Materials Converting"},"image":{"@id":"https:\/\/addevmaterials.com\/converting\/ro\/#\/schema\/logo\/image\/"},"sameAs":["https:\/\/www.linkedin.com\/company\/addev-materials\/"]}]}},"distributor_meta":false,"distributor_terms":false,"distributor_media":false,"distributor_original_site_name":"ADDEV Materials Converting","distributor_original_site_url":"https:\/\/addevmaterials.com\/converting\/cs","push-errors":false,"_links":{"self":[{"href":"https:\/\/addevmaterials.com\/converting\/cs\/wp-json\/wp\/v2\/pages\/4544","targetHints":{"allow":["GET"]}}],"collection":[{"href":"https:\/\/addevmaterials.com\/converting\/cs\/wp-json\/wp\/v2\/pages"}],"about":[{"href":"https:\/\/addevmaterials.com\/converting\/cs\/wp-json\/wp\/v2\/types\/page"}],"author":[{"embeddable":true,"href":"https:\/\/addevmaterials.com\/converting\/cs\/wp-json\/wp\/v2\/users\/3"}],"replies":[{"embeddable":true,"href":"https:\/\/addevmaterials.com\/converting\/cs\/wp-json\/wp\/v2\/comments?post=4544"}],"version-history":[{"count":19,"href":"https:\/\/addevmaterials.com\/converting\/cs\/wp-json\/wp\/v2\/pages\/4544\/revisions"}],"predecessor-version":[{"id":25937,"href":"https:\/\/addevmaterials.com\/converting\/cs\/wp-json\/wp\/v2\/pages\/4544\/revisions\/25937"}],"wp:attachment":[{"href":"https:\/\/addevmaterials.com\/converting\/cs\/wp-json\/wp\/v2\/media?parent=4544"}],"curies":[{"name":"wp","href":"https:\/\/api.w.org\/{rel}","templated":true}]}}