{"id":4593,"date":"2022-04-19T15:39:14","date_gmt":"2022-04-19T15:39:14","guid":{"rendered":"https:\/\/mi.addevmaterials.com\/?page_id=4593"},"modified":"2023-11-29T14:42:22","modified_gmt":"2023-11-29T14:42:22","slug":"filmy-pp","status":"publish","type":"page","link":"https:\/\/addevmaterials.com\/converting\/cs\/films-pp\/","title":{"rendered":"PP Films"},"content":{"rendered":"<h1>PP (polypropylenov\u00e9) f\u00f3lie<\/h1>\n<h2>Popis produktu<\/h2>\n<p>PP (polypropylenov\u00e9) f\u00f3lie maj\u00ed vynikaj\u00edc\u00ed optick\u00e9 vlastnosti, vynikaj\u00edc\u00ed tuhost a v\u00fdbornou potiskovatelnost. PP m\u00e1 d\u00edky sv\u00e9 n\u00edzk\u00e9 hustot\u011b (0,92) vysok\u00e9 mechanick\u00e9 vlastnosti.<\/p>\n<h2>Technick\u00e9 vlastnosti<\/h2>\n<ul>\n<li>Vynikaj\u00edc\u00ed optick\u00e9 vlastnosti<\/li>\n<li>Vysok\u00e9 mechanick\u00e9 vlastnosti<\/li>\n<li>Vysok\u00e1 tuhost<\/li>\n<li>Mo\u017enost tisku<\/li>\n<\/ul>\n<p>\t\t\t<a href=\"#contact\"><br \/>\n\t\t\t\t\t\tKontakt<br \/>\n\t\t\t\t\t<\/a><\/p>\n<h2>Hlavn\u00ed aplikace<\/h2>\n<p>\t\t\t\t\t\t\t\t\t\t\t\t\t\t\t\t<a href=\"\/converting\/films-disolation-electrique\/\"><br \/>\n\t\t\t\t\t\t\t<img decoding=\"async\" width=\"500\" height=\"500\" src=\"https:\/\/addevmaterials.com\/converting\/wp-content\/uploads\/sites\/2\/2022\/04\/ELECTRICAL-INSULATION-1.jpg\" alt=\"Elektrick\u00e1 izolace\" srcset=\"https:\/\/addevmaterials.com\/converting\/wp-content\/uploads\/sites\/2\/2022\/04\/ELECTRICAL-INSULATION-1.jpg 500w, https:\/\/addevmaterials.com\/converting\/wp-content\/uploads\/sites\/2\/2022\/04\/ELECTRICAL-INSULATION-1-300x300.jpg 300w, https:\/\/addevmaterials.com\/converting\/wp-content\/uploads\/sites\/2\/2022\/04\/ELECTRICAL-INSULATION-1-150x150.jpg 150w, https:\/\/addevmaterials.com\/converting\/wp-content\/uploads\/sites\/2\/2022\/04\/ELECTRICAL-INSULATION-1-12x12.jpg 12w\" sizes=\"(max-width: 500px) 100vw, 500px\" \/>\t\t\t\t\t\t\t\t<\/a><\/p>\n<h3>Elektrick\u00e1 izolace<\/h3>\n<p>\t\t\t\t\t\t\t\t\t\t\t\t\t\t\t\t<a href=\"\/converting\/films-imprimables\/\"><br \/>\n\t\t\t\t\t\t\t<img decoding=\"async\" width=\"500\" height=\"500\" src=\"https:\/\/addevmaterials.com\/converting\/wp-content\/uploads\/sites\/2\/2022\/04\/SCREEN_PRINTING.jpg\" alt=\"tisk\" srcset=\"https:\/\/addevmaterials.com\/converting\/wp-content\/uploads\/sites\/2\/2022\/04\/SCREEN_PRINTING.jpg 500w, https:\/\/addevmaterials.com\/converting\/wp-content\/uploads\/sites\/2\/2022\/04\/SCREEN_PRINTING-300x300.jpg 300w, https:\/\/addevmaterials.com\/converting\/wp-content\/uploads\/sites\/2\/2022\/04\/SCREEN_PRINTING-150x150.jpg 150w, https:\/\/addevmaterials.com\/converting\/wp-content\/uploads\/sites\/2\/2022\/04\/SCREEN_PRINTING-12x12.jpg 12w\" sizes=\"(max-width: 500px) 100vw, 500px\" \/>\t\t\t\t\t\t\t\t<\/a><\/p>\n<h3>Tisk<\/h3>\n<h2>N\u00e1\u0161 strategick\u00fd dodavatel<\/h2>\n<p>\t\t\t\t\t\t\t\t\t\t\t\t\t\t\t<img decoding=\"async\" width=\"500\" height=\"120\" src=\"https:\/\/addevmaterials.com\/converting\/wp-content\/uploads\/sites\/2\/2022\/06\/Logo_ITW-Formex.jpg\" alt=\"Logo Itw Formex\" srcset=\"https:\/\/addevmaterials.com\/converting\/wp-content\/uploads\/sites\/2\/2022\/06\/Logo_ITW-Formex.jpg 500w, https:\/\/addevmaterials.com\/converting\/wp-content\/uploads\/sites\/2\/2022\/06\/Logo_ITW-Formex-300x72.jpg 300w, https:\/\/addevmaterials.com\/converting\/wp-content\/uploads\/sites\/2\/2022\/06\/Logo_ITW-Formex-18x4.jpg 18w\" sizes=\"(max-width: 500px) 100vw, 500px\" \/>\t\t\t\t\t\t\t\t\t\t\t\t\t\t\t<\/p>\n<h2>Na\u0161e specializovan\u00e9 kapacity pro zpracov\u00e1n\u00ed film\u016f<br \/>\n<\/h2>\n<h2><a href=\"\/converting\/lamination-enduction\/\">Laminace \/ Endukce<\/a><\/h2>\n<h2><a href=\"\/converting\/decoupe-en-pieces\/\">Kr\u00e1jen\u00ed na kousky<\/a><\/h2>\n<h2><a href=\"\/converting\/decoupe-format\/\">Form\u00e1tov\u00e9 \u0159ez\u00e1n\u00ed<\/a><\/h2>\n<h2><a href=\"\/converting\/decoupe-rouleaux\/\">\u0158ez\u00e1n\u00ed rol\u00ed<\/a><\/h2>\n<h2><a href=\"\/converting\/services\/\">Na\u0161e slu\u017eby<\/a><\/h2>\n<p>\t\t\t\t\t\t\t\t\t\t\t\t\t\t\t\t<a href=\"\/converting\/services\/\"><br \/>\n\t\t\t\t\t\t\t<img decoding=\"async\" width=\"1024\" height=\"445\" src=\"https:\/\/addevmaterials.com\/converting\/wp-content\/uploads\/sites\/2\/2022\/02\/Services-2-1024x445.jpg\" alt=\"Na\u0161e slu\u017eby\" srcset=\"https:\/\/addevmaterials.com\/converting\/wp-content\/uploads\/sites\/2\/2022\/02\/Services-2-1024x445.jpg 1024w, https:\/\/addevmaterials.com\/converting\/wp-content\/uploads\/sites\/2\/2022\/02\/Services-2-300x131.jpg 300w, https:\/\/addevmaterials.com\/converting\/wp-content\/uploads\/sites\/2\/2022\/02\/Services-2-768x334.jpg 768w, https:\/\/addevmaterials.com\/converting\/wp-content\/uploads\/sites\/2\/2022\/02\/Services-2-18x8.jpg 18w, https:\/\/addevmaterials.com\/converting\/wp-content\/uploads\/sites\/2\/2022\/02\/Services-2.jpg 1200w\" sizes=\"(max-width: 1024px) 100vw, 1024px\" \/>\t\t\t\t\t\t\t\t<\/a><\/p>","protected":false},"excerpt":{"rendered":"<p>PP (Polypropylene) films Description du produit Les films PP (polypropyl\u00e8ne) sont des films pr\u00e9sentant d&rsquo;excellentes propri\u00e9t\u00e9s optiques, une rigidit\u00e9 sup\u00e9rieure et une excellente imprimabilit\u00e9. Le PP poss\u00e8de des propri\u00e9t\u00e9s m\u00e9caniques \u00e9lev\u00e9es gr\u00e2ce \u00e0 sa faible densit\u00e9 (0,92). Technical properties Excellentes propri\u00e9t\u00e9s optiques Propri\u00e9t\u00e9s m\u00e9caniques \u00e9lev\u00e9es Grande rigidit\u00e9 Imprimabilit\u00e9 Contact Principales applications Isolation \u00e9lectrique Impression Notre [&hellip;]<\/p>\n","protected":false},"author":2,"featured_media":0,"parent":0,"menu_order":0,"comment_status":"closed","ping_status":"closed","template":"elementor_header_footer","meta":{"footnotes":""},"class_list":["post-4593","page","type-page","status-publish","hentry"],"yoast_head":"<!-- This site is optimized with the Yoast SEO plugin v27.4 - https:\/\/yoast.com\/product\/yoast-seo-wordpress\/ -->\n<title>Films PP - ADDEV Materials Converting<\/title>\n<meta name=\"robots\" content=\"index, follow, max-snippet:-1, max-image-preview:large, max-video-preview:-1\" \/>\n<link rel=\"canonical\" href=\"https:\/\/addevmaterials.com\/converting\/cs\/filmy-pp\/\" \/>\n<meta property=\"og:locale\" content=\"cs_CZ\" \/>\n<meta property=\"og:type\" content=\"article\" \/>\n<meta property=\"og:title\" content=\"Films PP - ADDEV Materials Converting\" \/>\n<meta property=\"og:description\" content=\"PP (Polypropylene) films Description du produit Les films PP (polypropyl\u00e8ne) sont des films pr\u00e9sentant d&rsquo;excellentes propri\u00e9t\u00e9s optiques, une rigidit\u00e9 sup\u00e9rieure et une excellente imprimabilit\u00e9. Le PP poss\u00e8de des propri\u00e9t\u00e9s m\u00e9caniques \u00e9lev\u00e9es gr\u00e2ce \u00e0 sa faible densit\u00e9 (0,92). Technical properties Excellentes propri\u00e9t\u00e9s optiques Propri\u00e9t\u00e9s m\u00e9caniques \u00e9lev\u00e9es Grande rigidit\u00e9 Imprimabilit\u00e9 Contact Principales applications Isolation \u00e9lectrique Impression Notre [&hellip;]\" \/>\n<meta property=\"og:url\" content=\"https:\/\/addevmaterials.com\/converting\/cs\/filmy-pp\/\" \/>\n<meta property=\"og:site_name\" content=\"ADDEV Materials Converting\" \/>\n<meta property=\"article:modified_time\" content=\"2023-11-29T14:42:22+00:00\" \/>\n<meta property=\"og:image\" content=\"https:\/\/addevmaterials.com\/converting\/wp-content\/uploads\/sites\/2\/2022\/04\/ELECTRICAL-INSULATION-1.jpg\" \/>\n<meta name=\"twitter:card\" content=\"summary_large_image\" \/>\n<meta name=\"twitter:label1\" content=\"Odhadovan\u00e1 doba \u010dten\u00ed\" \/>\n\t<meta name=\"twitter:data1\" content=\"2 minuty\" \/>\n<script type=\"application\/ld+json\" class=\"yoast-schema-graph\">{\"@context\":\"https:\\\/\\\/schema.org\",\"@graph\":[{\"@type\":\"WebPage\",\"@id\":\"https:\\\/\\\/addevmaterials.com\\\/converting\\\/films-pp\\\/\",\"url\":\"https:\\\/\\\/addevmaterials.com\\\/converting\\\/films-pp\\\/\",\"name\":\"Films PP - ADDEV Materials Converting\",\"isPartOf\":{\"@id\":\"https:\\\/\\\/addevmaterials.com\\\/converting\\\/ro\\\/#website\"},\"primaryImageOfPage\":{\"@id\":\"https:\\\/\\\/addevmaterials.com\\\/converting\\\/films-pp\\\/#primaryimage\"},\"image\":{\"@id\":\"https:\\\/\\\/addevmaterials.com\\\/converting\\\/films-pp\\\/#primaryimage\"},\"thumbnailUrl\":\"https:\\\/\\\/addevmaterials.com\\\/converting\\\/wp-content\\\/uploads\\\/sites\\\/2\\\/2022\\\/04\\\/ELECTRICAL-INSULATION-1.jpg\",\"datePublished\":\"2022-04-19T15:39:14+00:00\",\"dateModified\":\"2023-11-29T14:42:22+00:00\",\"breadcrumb\":{\"@id\":\"https:\\\/\\\/addevmaterials.com\\\/converting\\\/films-pp\\\/#breadcrumb\"},\"inLanguage\":\"cs\",\"potentialAction\":[{\"@type\":\"ReadAction\",\"target\":[\"https:\\\/\\\/addevmaterials.com\\\/converting\\\/films-pp\\\/\"]}]},{\"@type\":\"ImageObject\",\"inLanguage\":\"cs\",\"@id\":\"https:\\\/\\\/addevmaterials.com\\\/converting\\\/films-pp\\\/#primaryimage\",\"url\":\"https:\\\/\\\/addevmaterials.com\\\/converting\\\/wp-content\\\/uploads\\\/sites\\\/2\\\/2022\\\/04\\\/ELECTRICAL-INSULATION-1.jpg\",\"contentUrl\":\"https:\\\/\\\/addevmaterials.com\\\/converting\\\/wp-content\\\/uploads\\\/sites\\\/2\\\/2022\\\/04\\\/ELECTRICAL-INSULATION-1.jpg\"},{\"@type\":\"BreadcrumbList\",\"@id\":\"https:\\\/\\\/addevmaterials.com\\\/converting\\\/films-pp\\\/#breadcrumb\",\"itemListElement\":[{\"@type\":\"ListItem\",\"position\":1,\"name\":\"Accueil\",\"item\":\"https:\\\/\\\/addevmaterials.com\\\/converting\\\/\"},{\"@type\":\"ListItem\",\"position\":2,\"name\":\"Films PP\"}]},{\"@type\":\"WebSite\",\"@id\":\"https:\\\/\\\/addevmaterials.com\\\/converting\\\/ro\\\/#website\",\"url\":\"https:\\\/\\\/addevmaterials.com\\\/converting\\\/ro\\\/\",\"name\":\"ADDEV Materials Converting\",\"description\":\"\",\"publisher\":{\"@id\":\"https:\\\/\\\/addevmaterials.com\\\/converting\\\/ro\\\/#organization\"},\"potentialAction\":[{\"@type\":\"SearchAction\",\"target\":{\"@type\":\"EntryPoint\",\"urlTemplate\":\"https:\\\/\\\/addevmaterials.com\\\/converting\\\/ro\\\/?s={search_term_string}\"},\"query-input\":{\"@type\":\"PropertyValueSpecification\",\"valueRequired\":true,\"valueName\":\"search_term_string\"}}],\"inLanguage\":\"cs\"},{\"@type\":\"Organization\",\"@id\":\"https:\\\/\\\/addevmaterials.com\\\/converting\\\/ro\\\/#organization\",\"name\":\"ADDEV Materials Converting\",\"url\":\"https:\\\/\\\/addevmaterials.com\\\/converting\\\/ro\\\/\",\"logo\":{\"@type\":\"ImageObject\",\"inLanguage\":\"cs\",\"@id\":\"https:\\\/\\\/addevmaterials.com\\\/converting\\\/ro\\\/#\\\/schema\\\/logo\\\/image\\\/\",\"url\":\"https:\\\/\\\/addevmaterials.com\\\/converting\\\/wp-content\\\/uploads\\\/sites\\\/2\\\/2023\\\/04\\\/cropped-ADDEV_Materials-LOGO_RGB.png\",\"contentUrl\":\"https:\\\/\\\/addevmaterials.com\\\/converting\\\/wp-content\\\/uploads\\\/sites\\\/2\\\/2023\\\/04\\\/cropped-ADDEV_Materials-LOGO_RGB.png\",\"width\":2948,\"height\":929,\"caption\":\"ADDEV Materials Converting\"},\"image\":{\"@id\":\"https:\\\/\\\/addevmaterials.com\\\/converting\\\/ro\\\/#\\\/schema\\\/logo\\\/image\\\/\"},\"sameAs\":[\"https:\\\/\\\/www.linkedin.com\\\/company\\\/addev-materials\\\/\"]}]}<\/script>\n<!-- \/ Yoast SEO plugin. -->","yoast_head_json":{"title":"PP f\u00f3lie - ADDEV Materials Converting","robots":{"index":"index","follow":"follow","max-snippet":"max-snippet:-1","max-image-preview":"max-image-preview:large","max-video-preview":"max-video-preview:-1"},"canonical":"https:\/\/addevmaterials.com\/converting\/cs\/filmy-pp\/","og_locale":"cs_CZ","og_type":"article","og_title":"Films PP - ADDEV Materials Converting","og_description":"PP (Polypropylene) films Description du produit Les films PP (polypropyl\u00e8ne) sont des films pr\u00e9sentant d&rsquo;excellentes propri\u00e9t\u00e9s optiques, une rigidit\u00e9 sup\u00e9rieure et une excellente imprimabilit\u00e9. Le PP poss\u00e8de des propri\u00e9t\u00e9s m\u00e9caniques \u00e9lev\u00e9es gr\u00e2ce \u00e0 sa faible densit\u00e9 (0,92). Technical properties Excellentes propri\u00e9t\u00e9s optiques Propri\u00e9t\u00e9s m\u00e9caniques \u00e9lev\u00e9es Grande rigidit\u00e9 Imprimabilit\u00e9 Contact Principales applications Isolation \u00e9lectrique Impression Notre [&hellip;]","og_url":"https:\/\/addevmaterials.com\/converting\/cs\/filmy-pp\/","og_site_name":"ADDEV Materials Converting","article_modified_time":"2023-11-29T14:42:22+00:00","og_image":[{"url":"https:\/\/addevmaterials.com\/converting\/wp-content\/uploads\/sites\/2\/2022\/04\/ELECTRICAL-INSULATION-1.jpg","type":"","width":"","height":""}],"twitter_card":"summary_large_image","twitter_misc":{"Odhadovan\u00e1 doba \u010dten\u00ed":"2 minuty"},"schema":{"@context":"https:\/\/schema.org","@graph":[{"@type":"WebPage","@id":"https:\/\/addevmaterials.com\/converting\/films-pp\/","url":"https:\/\/addevmaterials.com\/converting\/films-pp\/","name":"PP f\u00f3lie - ADDEV Materials Converting","isPartOf":{"@id":"https:\/\/addevmaterials.com\/converting\/ro\/#website"},"primaryImageOfPage":{"@id":"https:\/\/addevmaterials.com\/converting\/films-pp\/#primaryimage"},"image":{"@id":"https:\/\/addevmaterials.com\/converting\/films-pp\/#primaryimage"},"thumbnailUrl":"https:\/\/addevmaterials.com\/converting\/wp-content\/uploads\/sites\/2\/2022\/04\/ELECTRICAL-INSULATION-1.jpg","datePublished":"2022-04-19T15:39:14+00:00","dateModified":"2023-11-29T14:42:22+00:00","breadcrumb":{"@id":"https:\/\/addevmaterials.com\/converting\/films-pp\/#breadcrumb"},"inLanguage":"cs","potentialAction":[{"@type":"ReadAction","target":["https:\/\/addevmaterials.com\/converting\/films-pp\/"]}]},{"@type":"ImageObject","inLanguage":"cs","@id":"https:\/\/addevmaterials.com\/converting\/films-pp\/#primaryimage","url":"https:\/\/addevmaterials.com\/converting\/wp-content\/uploads\/sites\/2\/2022\/04\/ELECTRICAL-INSULATION-1.jpg","contentUrl":"https:\/\/addevmaterials.com\/converting\/wp-content\/uploads\/sites\/2\/2022\/04\/ELECTRICAL-INSULATION-1.jpg"},{"@type":"BreadcrumbList","@id":"https:\/\/addevmaterials.com\/converting\/films-pp\/#breadcrumb","itemListElement":[{"@type":"ListItem","position":1,"name":"Accueil","item":"https:\/\/addevmaterials.com\/converting\/"},{"@type":"ListItem","position":2,"name":"Films PP"}]},{"@type":"WebSite","@id":"https:\/\/addevmaterials.com\/converting\/ro\/#website","url":"https:\/\/addevmaterials.com\/converting\/ro\/","name":"ADDEV Zpracov\u00e1n\u00ed materi\u00e1l\u016f","description":"","publisher":{"@id":"https:\/\/addevmaterials.com\/converting\/ro\/#organization"},"potentialAction":[{"@type":"SearchAction","target":{"@type":"EntryPoint","urlTemplate":"https:\/\/addevmaterials.com\/converting\/ro\/?s={search_term_string}"},"query-input":{"@type":"PropertyValueSpecification","valueRequired":true,"valueName":"search_term_string"}}],"inLanguage":"cs"},{"@type":"Organization","@id":"https:\/\/addevmaterials.com\/converting\/ro\/#organization","name":"ADDEV Zpracov\u00e1n\u00ed materi\u00e1l\u016f","url":"https:\/\/addevmaterials.com\/converting\/ro\/","logo":{"@type":"ImageObject","inLanguage":"cs","@id":"https:\/\/addevmaterials.com\/converting\/ro\/#\/schema\/logo\/image\/","url":"https:\/\/addevmaterials.com\/converting\/wp-content\/uploads\/sites\/2\/2023\/04\/cropped-ADDEV_Materials-LOGO_RGB.png","contentUrl":"https:\/\/addevmaterials.com\/converting\/wp-content\/uploads\/sites\/2\/2023\/04\/cropped-ADDEV_Materials-LOGO_RGB.png","width":2948,"height":929,"caption":"ADDEV Materials Converting"},"image":{"@id":"https:\/\/addevmaterials.com\/converting\/ro\/#\/schema\/logo\/image\/"},"sameAs":["https:\/\/www.linkedin.com\/company\/addev-materials\/"]}]}},"distributor_meta":false,"distributor_terms":false,"distributor_media":false,"distributor_original_site_name":"ADDEV Materials Converting","distributor_original_site_url":"https:\/\/addevmaterials.com\/converting\/cs","push-errors":false,"_links":{"self":[{"href":"https:\/\/addevmaterials.com\/converting\/cs\/wp-json\/wp\/v2\/pages\/4593","targetHints":{"allow":["GET"]}}],"collection":[{"href":"https:\/\/addevmaterials.com\/converting\/cs\/wp-json\/wp\/v2\/pages"}],"about":[{"href":"https:\/\/addevmaterials.com\/converting\/cs\/wp-json\/wp\/v2\/types\/page"}],"author":[{"embeddable":true,"href":"https:\/\/addevmaterials.com\/converting\/cs\/wp-json\/wp\/v2\/users\/2"}],"replies":[{"embeddable":true,"href":"https:\/\/addevmaterials.com\/converting\/cs\/wp-json\/wp\/v2\/comments?post=4593"}],"version-history":[{"count":23,"href":"https:\/\/addevmaterials.com\/converting\/cs\/wp-json\/wp\/v2\/pages\/4593\/revisions"}],"predecessor-version":[{"id":19898,"href":"https:\/\/addevmaterials.com\/converting\/cs\/wp-json\/wp\/v2\/pages\/4593\/revisions\/19898"}],"wp:attachment":[{"href":"https:\/\/addevmaterials.com\/converting\/cs\/wp-json\/wp\/v2\/media?parent=4593"}],"curies":[{"name":"wp","href":"https:\/\/api.w.org\/{rel}","templated":true}]}}