{"id":2323,"date":"2022-03-16T10:00:52","date_gmt":"2022-03-16T10:00:52","guid":{"rendered":"https:\/\/mi.addevmaterials.com\/?page_id=2323"},"modified":"2023-11-07T15:17:13","modified_gmt":"2023-11-07T15:17:13","slug":"rogers-partnerseite","status":"publish","type":"page","link":"https:\/\/addevmaterials.com\/converting\/de\/rogers-page-partenaire\/","title":{"rendered":"Rogers Partnerseite"},"content":{"rendered":"<div data-elementor-type=\"wp-page\" data-elementor-id=\"2323\" class=\"elementor elementor-2323\" data-elementor-post-type=\"page\">\n\t\t\t\t\t\t<section class=\"elementor-section elementor-top-section elementor-element elementor-element-2bd83d39 elementor-section-boxed elementor-section-height-default elementor-section-height-default\" data-id=\"2bd83d39\" data-element_type=\"section\" data-e-type=\"section\" data-settings=\"{&quot;background_background&quot;:&quot;classic&quot;}\">\n\t\t\t\t\t\t\t<div class=\"elementor-background-overlay\"><\/div>\n\t\t\t\t\t\t\t<div class=\"elementor-container elementor-column-gap-default\">\n\t\t\t\t\t<div class=\"elementor-column elementor-col-100 elementor-top-column elementor-element elementor-element-13e4159f\" data-id=\"13e4159f\" data-element_type=\"column\" data-e-type=\"column\">\n\t\t\t<div class=\"elementor-widget-wrap elementor-element-populated\">\n\t\t\t\t\t\t<div class=\"elementor-element elementor-element-2318887f elementor-widget elementor-widget-heading\" data-id=\"2318887f\" data-element_type=\"widget\" data-e-type=\"widget\" data-widget_type=\"heading.default\">\n\t\t\t\t<div class=\"elementor-widget-container\">\n\t\t\t\t\t<h1 class=\"elementor-heading-title elementor-size-default\">Rogers &amp; ADDEV Materials<\/h1>\t\t\t\t<\/div>\n\t\t\t\t<\/div>\n\t\t\t\t\t<\/div>\n\t\t<\/div>\n\t\t\t\t\t<\/div>\n\t\t<\/section>\n\t\t\t\t<section class=\"elementor-section elementor-top-section elementor-element elementor-element-43b9923e elementor-section-boxed elementor-section-height-default elementor-section-height-default\" data-id=\"43b9923e\" data-element_type=\"section\" data-e-type=\"section\">\n\t\t\t\t\t\t<div class=\"elementor-container elementor-column-gap-default\">\n\t\t\t\t\t<div class=\"elementor-column elementor-col-100 elementor-top-column elementor-element elementor-element-624cc93b\" data-id=\"624cc93b\" data-element_type=\"column\" data-e-type=\"column\">\n\t\t\t<div class=\"elementor-widget-wrap elementor-element-populated\">\n\t\t\t\t\t\t<div class=\"elementor-element elementor-element-10bdfbe2 elementor-widget elementor-widget-text-editor\" data-id=\"10bdfbe2\" data-element_type=\"widget\" data-e-type=\"widget\" data-widget_type=\"text-editor.default\">\n\t\t\t\t<div class=\"elementor-widget-container\">\n\t\t\t\t\t\t\t\t\t<p>Innovation ist das Herzst\u00fcck unseres Gesch\u00e4fts. Auf dieser Grundlage haben wir eine starke Partnerschaft mit Rogers aufgebaut, um den Anforderungen unserer Kunden gerecht zu werden.<\/p>\t\t\t\t\t\t\t\t<\/div>\n\t\t\t\t<\/div>\n\t\t\t\t\t<\/div>\n\t\t<\/div>\n\t\t\t\t\t<\/div>\n\t\t<\/section>\n\t\t\t\t<section class=\"elementor-section elementor-top-section elementor-element elementor-element-2bc377e9 elementor-section-boxed elementor-section-height-default elementor-section-height-default\" data-id=\"2bc377e9\" data-element_type=\"section\" data-e-type=\"section\">\n\t\t\t\t\t\t<div class=\"elementor-container elementor-column-gap-default\">\n\t\t\t\t\t<div class=\"elementor-column elementor-col-50 elementor-top-column elementor-element elementor-element-1e0f568\" data-id=\"1e0f568\" data-element_type=\"column\" data-e-type=\"column\">\n\t\t\t<div class=\"elementor-widget-wrap elementor-element-populated\">\n\t\t\t\t\t\t<div class=\"elementor-element elementor-element-18b2fd43 elementor-widget elementor-widget-image\" data-id=\"18b2fd43\" data-element_type=\"widget\" data-e-type=\"widget\" data-widget_type=\"image.default\">\n\t\t\t\t<div class=\"elementor-widget-container\">\n\t\t\t\t\t\t\t\t\t\t\t\t\t\t\t<img fetchpriority=\"high\" decoding=\"async\" width=\"960\" height=\"540\" src=\"https:\/\/addevmaterials.com\/converting\/wp-content\/uploads\/sites\/2\/2022\/03\/Rogers-1-2.jpg\" class=\"attachment-large size-large wp-image-1955\" alt=\"Rogers-Logo\" srcset=\"https:\/\/addevmaterials.com\/converting\/wp-content\/uploads\/sites\/2\/2022\/03\/Rogers-1-2.jpg 960w, https:\/\/addevmaterials.com\/converting\/wp-content\/uploads\/sites\/2\/2022\/03\/Rogers-1-2-300x169.jpg 300w, https:\/\/addevmaterials.com\/converting\/wp-content\/uploads\/sites\/2\/2022\/03\/Rogers-1-2-768x432.jpg 768w, https:\/\/addevmaterials.com\/converting\/wp-content\/uploads\/sites\/2\/2022\/03\/Rogers-1-2-18x10.jpg 18w\" sizes=\"(max-width: 960px) 100vw, 960px\" \/>\t\t\t\t\t\t\t\t\t\t\t\t\t\t\t<\/div>\n\t\t\t\t<\/div>\n\t\t\t\t\t<\/div>\n\t\t<\/div>\n\t\t\t\t<div class=\"elementor-column elementor-col-50 elementor-top-column elementor-element elementor-element-704cd623\" data-id=\"704cd623\" data-element_type=\"column\" data-e-type=\"column\">\n\t\t\t<div class=\"elementor-widget-wrap elementor-element-populated\">\n\t\t\t\t\t\t<div class=\"elementor-element elementor-element-14524364 elementor-widget elementor-widget-heading\" data-id=\"14524364\" data-element_type=\"widget\" data-e-type=\"widget\" data-widget_type=\"heading.default\">\n\t\t\t\t<div class=\"elementor-widget-container\">\n\t\t\t\t\t<span class=\"elementor-heading-title elementor-size-default\">Eine starke Partnerschaft\n<\/span>\t\t\t\t<\/div>\n\t\t\t\t<\/div>\n\t\t\t\t<div class=\"elementor-element elementor-element-4acf3426 elementor-widget elementor-widget-heading\" data-id=\"4acf3426\" data-element_type=\"widget\" data-e-type=\"widget\" data-widget_type=\"heading.default\">\n\t\t\t\t<div class=\"elementor-widget-container\">\n\t\t\t\t\t<h2 class=\"elementor-heading-title elementor-size-default\">Rogers &amp; ADDEV Materials<\/h2>\t\t\t\t<\/div>\n\t\t\t\t<\/div>\n\t\t\t\t<div class=\"elementor-element elementor-element-405c6a1b elementor-widget elementor-widget-text-editor\" data-id=\"405c6a1b\" data-element_type=\"widget\" data-e-type=\"widget\" data-widget_type=\"text-editor.default\">\n\t\t\t\t<div class=\"elementor-widget-container\">\n\t\t\t\t\t\t\t\t\t<p>Rogers &amp; ADDEV Materials ist eine starke Partnerschaft, die in Nordamerika ihren Ursprung hat.<\/p><p>Wir arbeiten gemeinsam an der Entwicklung innovativer L\u00f6sungen f\u00fcr zahlreiche M\u00e4rkte und Anwendungen (wie z. B. Automobil, Eisenbahn, Wind- und Solarenergie...).\u00a0<\/p><p>Rogers' starke Expertise in den Bereichen Laminate, Verbundstoffe, Schaumstoffe und elastomere Materialien in Verbindung mit unseren Verarbeitungsm\u00f6glichkeiten (einschlie\u00dflich Spalten) erm\u00f6glicht es uns, unseren Branchen und gemeinsamen Kunden mit ma\u00dfgeschneiderten L\u00f6sungen zu begegnen.<\/p>\t\t\t\t\t\t\t\t<\/div>\n\t\t\t\t<\/div>\n\t\t\t\t\t<\/div>\n\t\t<\/div>\n\t\t\t\t\t<\/div>\n\t\t<\/section>\n\t\t\t\t<section class=\"elementor-section elementor-top-section elementor-element elementor-element-3d04829a elementor-section-boxed elementor-section-height-default elementor-section-height-default\" data-id=\"3d04829a\" data-element_type=\"section\" data-e-type=\"section\">\n\t\t\t\t\t\t<div class=\"elementor-container elementor-column-gap-default\">\n\t\t\t\t\t<div class=\"elementor-column elementor-col-100 elementor-top-column elementor-element elementor-element-2c3a629e\" data-id=\"2c3a629e\" data-element_type=\"column\" data-e-type=\"column\">\n\t\t\t<div class=\"elementor-widget-wrap elementor-element-populated\">\n\t\t\t\t\t\t<div class=\"elementor-element elementor-element-487711b5 elementor-widget elementor-widget-heading\" data-id=\"487711b5\" data-element_type=\"widget\" data-e-type=\"widget\" data-widget_type=\"heading.default\">\n\t\t\t\t<div class=\"elementor-widget-container\">\n\t\t\t\t\t<h2 class=\"elementor-heading-title elementor-size-default\">Rogers Corporation<\/h2>\t\t\t\t<\/div>\n\t\t\t\t<\/div>\n\t\t\t\t<div class=\"elementor-element elementor-element-13ba776a elementor-widget elementor-widget-text-editor\" data-id=\"13ba776a\" data-element_type=\"widget\" data-e-type=\"widget\" data-widget_type=\"text-editor.default\">\n\t\t\t\t<div class=\"elementor-widget-container\">\n\t\t\t\t\t\t\t\t\t<p>Rogers Corporation ist ein weltweit f\u00fchrender Anbieter von technischen Materialien, die unsere Welt mit Energie versorgen, sch\u00fctzen und verbinden.\u00a0<\/p><p>Ihre breite Palette an L\u00f6sungen reicht von fortschrittlichen Elektronikl\u00f6sungen bis hin zu L\u00f6sungen f\u00fcr Elastomermaterialien und Elastomerkomponenten. Dank dieses breiten Produktportfolios sind sie in den meisten energieorientierten M\u00e4rkten (vernetzte Ger\u00e4te, Gro\u00dfger\u00e4te, tragbare Elektronik, Wind- und Solarenergie...) und in Mobilit\u00e4tsm\u00e4rkten wie Automobilen, Schienenverkehr... etabliert.<\/p>\t\t\t\t\t\t\t\t<\/div>\n\t\t\t\t<\/div>\n\t\t\t\t\t<\/div>\n\t\t<\/div>\n\t\t\t\t\t<\/div>\n\t\t<\/section>\n\t\t\t\t<section class=\"elementor-section elementor-top-section elementor-element elementor-element-792fc121 elementor-reverse-tablet elementor-reverse-mobile elementor-section-boxed elementor-section-height-default elementor-section-height-default\" data-id=\"792fc121\" data-element_type=\"section\" data-e-type=\"section\">\n\t\t\t\t\t\t<div class=\"elementor-container elementor-column-gap-default\">\n\t\t\t\t\t<div class=\"elementor-column elementor-col-50 elementor-top-column elementor-element elementor-element-17993fc9\" data-id=\"17993fc9\" data-element_type=\"column\" data-e-type=\"column\">\n\t\t\t<div class=\"elementor-widget-wrap elementor-element-populated\">\n\t\t\t\t\t\t<div class=\"elementor-element elementor-element-3eb81bbb elementor-widget elementor-widget-heading\" data-id=\"3eb81bbb\" data-element_type=\"widget\" data-e-type=\"widget\" data-widget_type=\"heading.default\">\n\t\t\t\t<div class=\"elementor-widget-container\">\n\t\t\t\t\t<span class=\"elementor-heading-title elementor-size-default\">Fokus auf<\/span>\t\t\t\t<\/div>\n\t\t\t\t<\/div>\n\t\t\t\t<div class=\"elementor-element elementor-element-7cd6d41f elementor-widget elementor-widget-heading\" data-id=\"7cd6d41f\" data-element_type=\"widget\" data-e-type=\"widget\" data-widget_type=\"heading.default\">\n\t\t\t\t<div class=\"elementor-widget-container\">\n\t\t\t\t\t<h2 class=\"elementor-heading-title elementor-size-default\">BISCO\u00ae Silikone<\/h2>\t\t\t\t<\/div>\n\t\t\t\t<\/div>\n\t\t\t\t<div class=\"elementor-element elementor-element-48a3db2 elementor-widget elementor-widget-text-editor\" data-id=\"48a3db2\" data-element_type=\"widget\" data-e-type=\"widget\" data-widget_type=\"text-editor.default\">\n\t\t\t\t<div class=\"elementor-widget-container\">\n\t\t\t\t\t\t\t\t\t<p>Rogers BISCOs Produktreihen sind weltweit f\u00fchrend bei Silikonschaumstoffen, die f\u00fcr Fugen- und Dichtungsanwendungen verwendet werden. BISCO bietet eine breite Palette an zellul\u00e4ren, festen und spezialisierten Materialien, die auf Rollen produziert werden. Diese Hochleistungsmaterialien k\u00f6nnen zu Hitzeschutz-, Brandschutz-, Dichtungs-, Polster- und Isoliermaterialien verarbeitet werden.\u00a0<\/p><p>Ihre Eigenschaften machen diese Produktreihe zu einer idealen L\u00f6sung f\u00fcr zahlreiche Anwendungen, wie z. B. Polsterung, Lochf\u00fcllung, Dichtung und Versiegelung, HEV-Geh\u00e4use, Sto\u00dfd\u00e4mpfung, Schalld\u00e4mmung, Vibrationsmanagement, W\u00e4rmemanagement...<\/p>\t\t\t\t\t\t\t\t<\/div>\n\t\t\t\t<\/div>\n\t\t\t\t\t<\/div>\n\t\t<\/div>\n\t\t\t\t<div class=\"elementor-column elementor-col-50 elementor-top-column elementor-element elementor-element-2bc83776\" data-id=\"2bc83776\" data-element_type=\"column\" data-e-type=\"column\">\n\t\t\t<div class=\"elementor-widget-wrap elementor-element-populated\">\n\t\t\t\t\t\t<div class=\"elementor-element elementor-element-39ee32e9 elementor-widget elementor-widget-image\" data-id=\"39ee32e9\" data-element_type=\"widget\" data-e-type=\"widget\" data-widget_type=\"image.default\">\n\t\t\t\t<div class=\"elementor-widget-container\">\n\t\t\t\t\t\t\t\t\t\t\t\t\t\t\t<img decoding=\"async\" width=\"450\" height=\"450\" src=\"https:\/\/addevmaterials.com\/converting\/wp-content\/uploads\/sites\/2\/2022\/03\/Bisco.jpg\" class=\"attachment-large size-large wp-image-2341\" alt=\"\" srcset=\"https:\/\/addevmaterials.com\/converting\/wp-content\/uploads\/sites\/2\/2022\/03\/Bisco.jpg 450w, https:\/\/addevmaterials.com\/converting\/wp-content\/uploads\/sites\/2\/2022\/03\/Bisco-300x300.jpg 300w, https:\/\/addevmaterials.com\/converting\/wp-content\/uploads\/sites\/2\/2022\/03\/Bisco-150x150.jpg 150w, https:\/\/addevmaterials.com\/converting\/wp-content\/uploads\/sites\/2\/2022\/03\/Bisco-12x12.jpg 12w\" sizes=\"(max-width: 450px) 100vw, 450px\" \/>\t\t\t\t\t\t\t\t\t\t\t\t\t\t\t<\/div>\n\t\t\t\t<\/div>\n\t\t\t\t\t<\/div>\n\t\t<\/div>\n\t\t\t\t\t<\/div>\n\t\t<\/section>\n\t\t\t\t<\/div>","protected":false},"excerpt":{"rendered":"<p>Rogers &amp; ADDEV Materials L&rsquo;innovation est au c\u0153ur de notre activit\u00e9. C&rsquo;est sur cette base que nous avons \u00e9tabli un partenariat solide avec Rogers pour r\u00e9pondre aux exigences de nos clients. Un partenariat solide Rogers &amp; ADDEV Materials Rogers &amp; ADDEV Materials est un partenariat solide qui est n\u00e9 en Am\u00e9rique du Nord. Nous travaillons [&hellip;]<\/p>\n","protected":false},"author":3,"featured_media":0,"parent":0,"menu_order":0,"comment_status":"closed","ping_status":"closed","template":"elementor_header_footer","meta":{"footnotes":""},"class_list":["post-2323","page","type-page","status-publish","hentry"],"yoast_head":"<!-- This site is optimized with the Yoast SEO plugin v27.4 - https:\/\/yoast.com\/product\/yoast-seo-wordpress\/ -->\n<title>Rogers page partenaire - ADDEV Materials Converting<\/title>\n<meta name=\"robots\" content=\"index, follow, max-snippet:-1, max-image-preview:large, max-video-preview:-1\" \/>\n<link rel=\"canonical\" href=\"https:\/\/addevmaterials.com\/converting\/de\/rogers-partnerseite\/\" \/>\n<meta property=\"og:locale\" content=\"de_DE\" \/>\n<meta property=\"og:type\" content=\"article\" \/>\n<meta property=\"og:title\" content=\"Rogers page partenaire - ADDEV Materials Converting\" \/>\n<meta property=\"og:description\" content=\"Rogers &amp; ADDEV Materials L&rsquo;innovation est au c\u0153ur de notre activit\u00e9. C&rsquo;est sur cette base que nous avons \u00e9tabli un partenariat solide avec Rogers pour r\u00e9pondre aux exigences de nos clients. Un partenariat solide Rogers &amp; ADDEV Materials Rogers &amp; ADDEV Materials est un partenariat solide qui est n\u00e9 en Am\u00e9rique du Nord. Nous travaillons [&hellip;]\" \/>\n<meta property=\"og:url\" content=\"https:\/\/addevmaterials.com\/converting\/de\/rogers-partnerseite\/\" \/>\n<meta property=\"og:site_name\" content=\"ADDEV Materials Converting\" \/>\n<meta property=\"article:modified_time\" content=\"2023-11-07T15:17:13+00:00\" \/>\n<meta property=\"og:image\" content=\"https:\/\/addevmaterials.com\/converting\/wp-content\/uploads\/sites\/2\/2022\/03\/Rogers-1-2.jpg\" \/>\n<meta name=\"twitter:card\" content=\"summary_large_image\" \/>\n<meta name=\"twitter:label1\" content=\"Gesch\u00e4tzte Lesezeit\" \/>\n\t<meta name=\"twitter:data1\" content=\"2\u00a0Minuten\" \/>\n<script type=\"application\/ld+json\" class=\"yoast-schema-graph\">{\"@context\":\"https:\\\/\\\/schema.org\",\"@graph\":[{\"@type\":\"WebPage\",\"@id\":\"https:\\\/\\\/addevmaterials.com\\\/converting\\\/rogers-page-partenaire\\\/\",\"url\":\"https:\\\/\\\/addevmaterials.com\\\/converting\\\/rogers-page-partenaire\\\/\",\"name\":\"Rogers page partenaire - ADDEV Materials Converting\",\"isPartOf\":{\"@id\":\"https:\\\/\\\/addevmaterials.com\\\/converting\\\/ro\\\/#website\"},\"primaryImageOfPage\":{\"@id\":\"https:\\\/\\\/addevmaterials.com\\\/converting\\\/rogers-page-partenaire\\\/#primaryimage\"},\"image\":{\"@id\":\"https:\\\/\\\/addevmaterials.com\\\/converting\\\/rogers-page-partenaire\\\/#primaryimage\"},\"thumbnailUrl\":\"https:\\\/\\\/addevmaterials.com\\\/converting\\\/wp-content\\\/uploads\\\/sites\\\/2\\\/2022\\\/03\\\/Rogers-1-2.jpg\",\"datePublished\":\"2022-03-16T10:00:52+00:00\",\"dateModified\":\"2023-11-07T15:17:13+00:00\",\"breadcrumb\":{\"@id\":\"https:\\\/\\\/addevmaterials.com\\\/converting\\\/rogers-page-partenaire\\\/#breadcrumb\"},\"inLanguage\":\"de\",\"potentialAction\":[{\"@type\":\"ReadAction\",\"target\":[\"https:\\\/\\\/addevmaterials.com\\\/converting\\\/rogers-page-partenaire\\\/\"]}]},{\"@type\":\"ImageObject\",\"inLanguage\":\"de\",\"@id\":\"https:\\\/\\\/addevmaterials.com\\\/converting\\\/rogers-page-partenaire\\\/#primaryimage\",\"url\":\"https:\\\/\\\/addevmaterials.com\\\/converting\\\/wp-content\\\/uploads\\\/sites\\\/2\\\/2022\\\/03\\\/Rogers-1-2.jpg\",\"contentUrl\":\"https:\\\/\\\/addevmaterials.com\\\/converting\\\/wp-content\\\/uploads\\\/sites\\\/2\\\/2022\\\/03\\\/Rogers-1-2.jpg\"},{\"@type\":\"BreadcrumbList\",\"@id\":\"https:\\\/\\\/addevmaterials.com\\\/converting\\\/rogers-page-partenaire\\\/#breadcrumb\",\"itemListElement\":[{\"@type\":\"ListItem\",\"position\":1,\"name\":\"Accueil\",\"item\":\"https:\\\/\\\/addevmaterials.com\\\/converting\\\/\"},{\"@type\":\"ListItem\",\"position\":2,\"name\":\"Rogers page partenaire\"}]},{\"@type\":\"WebSite\",\"@id\":\"https:\\\/\\\/addevmaterials.com\\\/converting\\\/ro\\\/#website\",\"url\":\"https:\\\/\\\/addevmaterials.com\\\/converting\\\/ro\\\/\",\"name\":\"ADDEV Materials Converting\",\"description\":\"\",\"publisher\":{\"@id\":\"https:\\\/\\\/addevmaterials.com\\\/converting\\\/ro\\\/#organization\"},\"potentialAction\":[{\"@type\":\"SearchAction\",\"target\":{\"@type\":\"EntryPoint\",\"urlTemplate\":\"https:\\\/\\\/addevmaterials.com\\\/converting\\\/ro\\\/?s={search_term_string}\"},\"query-input\":{\"@type\":\"PropertyValueSpecification\",\"valueRequired\":true,\"valueName\":\"search_term_string\"}}],\"inLanguage\":\"de\"},{\"@type\":\"Organization\",\"@id\":\"https:\\\/\\\/addevmaterials.com\\\/converting\\\/ro\\\/#organization\",\"name\":\"ADDEV Materials Converting\",\"url\":\"https:\\\/\\\/addevmaterials.com\\\/converting\\\/ro\\\/\",\"logo\":{\"@type\":\"ImageObject\",\"inLanguage\":\"de\",\"@id\":\"https:\\\/\\\/addevmaterials.com\\\/converting\\\/ro\\\/#\\\/schema\\\/logo\\\/image\\\/\",\"url\":\"https:\\\/\\\/addevmaterials.com\\\/converting\\\/wp-content\\\/uploads\\\/sites\\\/2\\\/2023\\\/04\\\/cropped-ADDEV_Materials-LOGO_RGB.png\",\"contentUrl\":\"https:\\\/\\\/addevmaterials.com\\\/converting\\\/wp-content\\\/uploads\\\/sites\\\/2\\\/2023\\\/04\\\/cropped-ADDEV_Materials-LOGO_RGB.png\",\"width\":2948,\"height\":929,\"caption\":\"ADDEV Materials Converting\"},\"image\":{\"@id\":\"https:\\\/\\\/addevmaterials.com\\\/converting\\\/ro\\\/#\\\/schema\\\/logo\\\/image\\\/\"},\"sameAs\":[\"https:\\\/\\\/www.linkedin.com\\\/company\\\/addev-materials\\\/\"]}]}<\/script>\n<!-- \/ Yoast SEO plugin. -->","yoast_head_json":{"title":"Rogers Partnerseite - ADDEV Materials Converting","robots":{"index":"index","follow":"follow","max-snippet":"max-snippet:-1","max-image-preview":"max-image-preview:large","max-video-preview":"max-video-preview:-1"},"canonical":"https:\/\/addevmaterials.com\/converting\/de\/rogers-partnerseite\/","og_locale":"de_DE","og_type":"article","og_title":"Rogers page partenaire - ADDEV Materials Converting","og_description":"Rogers &amp; ADDEV Materials L&rsquo;innovation est au c\u0153ur de notre activit\u00e9. C&rsquo;est sur cette base que nous avons \u00e9tabli un partenariat solide avec Rogers pour r\u00e9pondre aux exigences de nos clients. Un partenariat solide Rogers &amp; ADDEV Materials Rogers &amp; ADDEV Materials est un partenariat solide qui est n\u00e9 en Am\u00e9rique du Nord. Nous travaillons [&hellip;]","og_url":"https:\/\/addevmaterials.com\/converting\/de\/rogers-partnerseite\/","og_site_name":"ADDEV Materials Converting","article_modified_time":"2023-11-07T15:17:13+00:00","og_image":[{"url":"https:\/\/addevmaterials.com\/converting\/wp-content\/uploads\/sites\/2\/2022\/03\/Rogers-1-2.jpg","type":"","width":"","height":""}],"twitter_card":"summary_large_image","twitter_misc":{"Gesch\u00e4tzte Lesezeit":"2\u00a0Minuten"},"schema":{"@context":"https:\/\/schema.org","@graph":[{"@type":"WebPage","@id":"https:\/\/addevmaterials.com\/converting\/rogers-page-partenaire\/","url":"https:\/\/addevmaterials.com\/converting\/rogers-page-partenaire\/","name":"Rogers Partnerseite - ADDEV Materials Converting","isPartOf":{"@id":"https:\/\/addevmaterials.com\/converting\/ro\/#website"},"primaryImageOfPage":{"@id":"https:\/\/addevmaterials.com\/converting\/rogers-page-partenaire\/#primaryimage"},"image":{"@id":"https:\/\/addevmaterials.com\/converting\/rogers-page-partenaire\/#primaryimage"},"thumbnailUrl":"https:\/\/addevmaterials.com\/converting\/wp-content\/uploads\/sites\/2\/2022\/03\/Rogers-1-2.jpg","datePublished":"2022-03-16T10:00:52+00:00","dateModified":"2023-11-07T15:17:13+00:00","breadcrumb":{"@id":"https:\/\/addevmaterials.com\/converting\/rogers-page-partenaire\/#breadcrumb"},"inLanguage":"de","potentialAction":[{"@type":"ReadAction","target":["https:\/\/addevmaterials.com\/converting\/rogers-page-partenaire\/"]}]},{"@type":"ImageObject","inLanguage":"de","@id":"https:\/\/addevmaterials.com\/converting\/rogers-page-partenaire\/#primaryimage","url":"https:\/\/addevmaterials.com\/converting\/wp-content\/uploads\/sites\/2\/2022\/03\/Rogers-1-2.jpg","contentUrl":"https:\/\/addevmaterials.com\/converting\/wp-content\/uploads\/sites\/2\/2022\/03\/Rogers-1-2.jpg"},{"@type":"BreadcrumbList","@id":"https:\/\/addevmaterials.com\/converting\/rogers-page-partenaire\/#breadcrumb","itemListElement":[{"@type":"ListItem","position":1,"name":"Accueil","item":"https:\/\/addevmaterials.com\/converting\/"},{"@type":"ListItem","position":2,"name":"Rogers page partenaire"}]},{"@type":"WebSite","@id":"https:\/\/addevmaterials.com\/converting\/ro\/#website","url":"https:\/\/addevmaterials.com\/converting\/ro\/","name":"ADDEV Materials Converting","description":"","publisher":{"@id":"https:\/\/addevmaterials.com\/converting\/ro\/#organization"},"potentialAction":[{"@type":"SearchAction","target":{"@type":"EntryPoint","urlTemplate":"https:\/\/addevmaterials.com\/converting\/ro\/?s={search_term_string}"},"query-input":{"@type":"PropertyValueSpecification","valueRequired":true,"valueName":"search_term_string"}}],"inLanguage":"de"},{"@type":"Organization","@id":"https:\/\/addevmaterials.com\/converting\/ro\/#organization","name":"ADDEV Materials Converting","url":"https:\/\/addevmaterials.com\/converting\/ro\/","logo":{"@type":"ImageObject","inLanguage":"de","@id":"https:\/\/addevmaterials.com\/converting\/ro\/#\/schema\/logo\/image\/","url":"https:\/\/addevmaterials.com\/converting\/wp-content\/uploads\/sites\/2\/2023\/04\/cropped-ADDEV_Materials-LOGO_RGB.png","contentUrl":"https:\/\/addevmaterials.com\/converting\/wp-content\/uploads\/sites\/2\/2023\/04\/cropped-ADDEV_Materials-LOGO_RGB.png","width":2948,"height":929,"caption":"ADDEV Materials Converting"},"image":{"@id":"https:\/\/addevmaterials.com\/converting\/ro\/#\/schema\/logo\/image\/"},"sameAs":["https:\/\/www.linkedin.com\/company\/addev-materials\/"]}]}},"distributor_meta":false,"distributor_terms":false,"distributor_media":false,"distributor_original_site_name":"ADDEV Materials Converting","distributor_original_site_url":"https:\/\/addevmaterials.com\/converting\/de","push-errors":false,"_links":{"self":[{"href":"https:\/\/addevmaterials.com\/converting\/de\/wp-json\/wp\/v2\/pages\/2323","targetHints":{"allow":["GET"]}}],"collection":[{"href":"https:\/\/addevmaterials.com\/converting\/de\/wp-json\/wp\/v2\/pages"}],"about":[{"href":"https:\/\/addevmaterials.com\/converting\/de\/wp-json\/wp\/v2\/types\/page"}],"author":[{"embeddable":true,"href":"https:\/\/addevmaterials.com\/converting\/de\/wp-json\/wp\/v2\/users\/3"}],"replies":[{"embeddable":true,"href":"https:\/\/addevmaterials.com\/converting\/de\/wp-json\/wp\/v2\/comments?post=2323"}],"version-history":[{"count":10,"href":"https:\/\/addevmaterials.com\/converting\/de\/wp-json\/wp\/v2\/pages\/2323\/revisions"}],"predecessor-version":[{"id":19377,"href":"https:\/\/addevmaterials.com\/converting\/de\/wp-json\/wp\/v2\/pages\/2323\/revisions\/19377"}],"wp:attachment":[{"href":"https:\/\/addevmaterials.com\/converting\/de\/wp-json\/wp\/v2\/media?parent=2323"}],"curies":[{"name":"wp","href":"https:\/\/api.w.org\/{rel}","templated":true}]}}