{"id":4402,"date":"2022-04-19T11:40:35","date_gmt":"2022-04-19T11:40:35","guid":{"rendered":"https:\/\/mi.addevmaterials.com\/?page_id=4402"},"modified":"2023-06-20T13:08:17","modified_gmt":"2023-06-20T13:08:17","slug":"pultrudes","status":"publish","type":"page","link":"https:\/\/addevmaterials.com\/converting\/de\/pultrudes\/","title":{"rendered":"Pultrudierte"},"content":{"rendered":"<div data-elementor-type=\"wp-page\" data-elementor-id=\"4402\" class=\"elementor elementor-4402\" data-elementor-post-type=\"page\">\n\t\t\t\t\t\t<section class=\"elementor-section elementor-top-section elementor-element elementor-element-3733f66b elementor-section-boxed elementor-section-height-default elementor-section-height-default\" data-id=\"3733f66b\" data-element_type=\"section\" data-e-type=\"section\" data-settings=\"{&quot;background_background&quot;:&quot;classic&quot;}\">\n\t\t\t\t\t\t\t<div class=\"elementor-background-overlay\"><\/div>\n\t\t\t\t\t\t\t<div class=\"elementor-container elementor-column-gap-default\">\n\t\t\t\t\t<div class=\"elementor-column elementor-col-100 elementor-top-column elementor-element elementor-element-165adf04\" data-id=\"165adf04\" data-element_type=\"column\" data-e-type=\"column\">\n\t\t\t<div class=\"elementor-widget-wrap elementor-element-populated\">\n\t\t\t\t\t\t<div class=\"elementor-element elementor-element-201bd74e elementor-widget elementor-widget-heading\" data-id=\"201bd74e\" data-element_type=\"widget\" data-e-type=\"widget\" data-widget_type=\"heading.default\">\n\t\t\t\t<div class=\"elementor-widget-container\">\n\t\t\t\t\t<h1 class=\"elementor-heading-title elementor-size-default\">Pultrudierte<\/h1>\t\t\t\t<\/div>\n\t\t\t\t<\/div>\n\t\t\t\t\t<\/div>\n\t\t<\/div>\n\t\t\t\t\t<\/div>\n\t\t<\/section>\n\t\t\t\t<section class=\"elementor-section elementor-top-section elementor-element elementor-element-6fd8c634 elementor-section-boxed elementor-section-height-default elementor-section-height-default\" data-id=\"6fd8c634\" data-element_type=\"section\" data-e-type=\"section\">\n\t\t\t\t\t\t<div class=\"elementor-container elementor-column-gap-default\">\n\t\t\t\t\t<div class=\"elementor-column elementor-col-50 elementor-top-column elementor-element elementor-element-29190a2f\" data-id=\"29190a2f\" data-element_type=\"column\" data-e-type=\"column\">\n\t\t\t<div class=\"elementor-widget-wrap elementor-element-populated\">\n\t\t\t\t\t\t<div class=\"elementor-element elementor-element-8074629 elementor-widget elementor-widget-text-editor\" data-id=\"8074629\" data-element_type=\"widget\" data-e-type=\"widget\" data-widget_type=\"text-editor.default\">\n\t\t\t\t<div class=\"elementor-widget-container\">\n\t\t\t\t\t\t\t\t\t<p>Polyester-Pultrudierte sind Standardprofile (Glasfaser, die mit Polyesterharz impr\u00e4gniert ist). Lieferung und Bearbeitung aller Arten von pultrudierten Profilen: Hundeknochen, Eckecken, Winkel, St\u00e4be oder quadratische und rechteckige Rohre.<\/p><p>Hauptanwendungen von pultrudierten Thermoplasten :<\/p><ul><li>Abschreibung von Transformatoren<\/li><li>Komponenten f\u00fcr Strukturen (Winkel, Vierkantrohr, Stoppring)<\/li><\/ul><p>Pultrudierte Profile sind Elemente aus Verbundwerkstoffen, die durch Pultrusion, d. h. in einem kontinuierlichen Verfahren, hergestellt werden. Sie bestehen aus organischen Harzen, die mit Glas- oder Kohlefasern verst\u00e4rkt sind. Sie bieten zahlreiche Vorteile, darunter geringes Gewicht und hohe Widerstandsf\u00e4higkeit, insbesondere gegen Korrosion.<\/p>\t\t\t\t\t\t\t\t<\/div>\n\t\t\t\t<\/div>\n\t\t\t\t<section class=\"elementor-section elementor-inner-section elementor-element elementor-element-29cb7895 elementor-section-boxed elementor-section-height-default elementor-section-height-default\" data-id=\"29cb7895\" data-element_type=\"section\" data-e-type=\"section\">\n\t\t\t\t\t\t<div class=\"elementor-container elementor-column-gap-default\">\n\t\t\t\t\t<div class=\"elementor-column elementor-col-100 elementor-inner-column elementor-element elementor-element-6f4ad796\" data-id=\"6f4ad796\" data-element_type=\"column\" data-e-type=\"column\">\n\t\t\t<div class=\"elementor-widget-wrap elementor-element-populated\">\n\t\t\t\t\t\t<div class=\"elementor-element elementor-element-37a167d0 elementor-mobile-align-center elementor-widget elementor-widget-button\" data-id=\"37a167d0\" data-element_type=\"widget\" data-e-type=\"widget\" data-widget_type=\"button.default\">\n\t\t\t\t<div class=\"elementor-widget-container\">\n\t\t\t\t\t\t\t\t\t<div class=\"elementor-button-wrapper\">\n\t\t\t\t\t<a class=\"elementor-button elementor-button-link elementor-size-sm\" href=\"#contact\">\n\t\t\t\t\t\t<span class=\"elementor-button-content-wrapper\">\n\t\t\t\t\t\t\t\t\t<span class=\"elementor-button-text\">Kontaktieren Sie uns<\/span>\n\t\t\t\t\t<\/span>\n\t\t\t\t\t<\/a>\n\t\t\t\t<\/div>\n\t\t\t\t\t\t\t\t<\/div>\n\t\t\t\t<\/div>\n\t\t\t\t\t<\/div>\n\t\t<\/div>\n\t\t\t\t\t<\/div>\n\t\t<\/section>\n\t\t\t\t\t<\/div>\n\t\t<\/div>\n\t\t\t\t<div class=\"elementor-column elementor-col-50 elementor-top-column elementor-element elementor-element-2a9c3d27\" data-id=\"2a9c3d27\" data-element_type=\"column\" data-e-type=\"column\">\n\t\t\t<div class=\"elementor-widget-wrap elementor-element-populated\">\n\t\t\t\t\t\t<div class=\"elementor-element elementor-element-271be584 elementor-widget elementor-widget-image\" data-id=\"271be584\" data-element_type=\"widget\" data-e-type=\"widget\" data-widget_type=\"image.default\">\n\t\t\t\t<div class=\"elementor-widget-container\">\n\t\t\t\t\t\t\t\t\t\t\t\t\t\t\t<img fetchpriority=\"high\" decoding=\"async\" width=\"460\" height=\"308\" src=\"https:\/\/addevmaterials.com\/converting\/wp-content\/uploads\/sites\/2\/2022\/05\/Pultruded.jpg\" class=\"attachment-large size-large wp-image-7051\" alt=\"Pultruded\" srcset=\"https:\/\/addevmaterials.com\/converting\/wp-content\/uploads\/sites\/2\/2022\/05\/Pultruded.jpg 460w, https:\/\/addevmaterials.com\/converting\/wp-content\/uploads\/sites\/2\/2022\/05\/Pultruded-300x201.jpg 300w, https:\/\/addevmaterials.com\/converting\/wp-content\/uploads\/sites\/2\/2022\/05\/Pultruded-18x12.jpg 18w\" sizes=\"(max-width: 460px) 100vw, 460px\" \/>\t\t\t\t\t\t\t\t\t\t\t\t\t\t\t<\/div>\n\t\t\t\t<\/div>\n\t\t\t\t\t<\/div>\n\t\t<\/div>\n\t\t\t\t\t<\/div>\n\t\t<\/section>\n\t\t\t\t<\/div>","protected":false},"excerpt":{"rendered":"<p>Pultrud\u00e9s Les pultrud\u00e9s en polyester sont des profils standards (fibre de verre impr\u00e9gn\u00e9e de r\u00e9sine polyester). Fourniture et usinage de tous types de profil\u00e9s pultrud\u00e9s : Os de chien, coins d&rsquo;angle, corni\u00e8res, tiges ou tubes carr\u00e9s et rectangulaires. Principales applications des thermoplastiques pultrud\u00e9s : Amortissement des transformateurs Composants pour les structures (angle, tube carr\u00e9, anneau [&hellip;]<\/p>\n","protected":false},"author":3,"featured_media":0,"parent":0,"menu_order":0,"comment_status":"closed","ping_status":"closed","template":"elementor_header_footer","meta":{"footnotes":""},"class_list":["post-4402","page","type-page","status-publish","hentry"],"yoast_head":"<!-- This site is optimized with the Yoast SEO plugin v27.3 - https:\/\/yoast.com\/product\/yoast-seo-wordpress\/ -->\n<title>Pultrud\u00e9s - ADDEV Materials Converting<\/title>\n<meta name=\"robots\" content=\"index, follow, max-snippet:-1, max-image-preview:large, max-video-preview:-1\" \/>\n<link rel=\"canonical\" href=\"https:\/\/addevmaterials.com\/converting\/de\/pultrudes\/\" \/>\n<meta property=\"og:locale\" content=\"de_DE\" \/>\n<meta property=\"og:type\" content=\"article\" \/>\n<meta property=\"og:title\" content=\"Pultrud\u00e9s - ADDEV Materials Converting\" \/>\n<meta property=\"og:description\" content=\"Pultrud\u00e9s Les pultrud\u00e9s en polyester sont des profils standards (fibre de verre impr\u00e9gn\u00e9e de r\u00e9sine polyester). Fourniture et usinage de tous types de profil\u00e9s pultrud\u00e9s : Os de chien, coins d&rsquo;angle, corni\u00e8res, tiges ou tubes carr\u00e9s et rectangulaires. Principales applications des thermoplastiques pultrud\u00e9s : Amortissement des transformateurs Composants pour les structures (angle, tube carr\u00e9, anneau [&hellip;]\" \/>\n<meta property=\"og:url\" content=\"https:\/\/addevmaterials.com\/converting\/de\/pultrudes\/\" \/>\n<meta property=\"og:site_name\" content=\"ADDEV Materials Converting\" \/>\n<meta property=\"article:modified_time\" content=\"2023-06-20T13:08:17+00:00\" \/>\n<meta property=\"og:image\" content=\"https:\/\/addevmaterials.com\/mi\/wp-content\/uploads\/sites\/2\/2022\/05\/Pultruded.jpg\" \/>\n<meta name=\"twitter:card\" content=\"summary_large_image\" \/>\n<meta name=\"twitter:label1\" content=\"Gesch\u00e4tzte Lesezeit\" \/>\n\t<meta name=\"twitter:data1\" content=\"3\u00a0Minuten\" \/>\n<script type=\"application\/ld+json\" class=\"yoast-schema-graph\">{\"@context\":\"https:\\\/\\\/schema.org\",\"@graph\":[{\"@type\":\"WebPage\",\"@id\":\"https:\\\/\\\/addevmaterials.com\\\/converting\\\/pultrudes\\\/\",\"url\":\"https:\\\/\\\/addevmaterials.com\\\/converting\\\/pultrudes\\\/\",\"name\":\"Pultrud\u00e9s - ADDEV Materials Converting\",\"isPartOf\":{\"@id\":\"https:\\\/\\\/addevmaterials.com\\\/converting\\\/ro\\\/#website\"},\"primaryImageOfPage\":{\"@id\":\"https:\\\/\\\/addevmaterials.com\\\/converting\\\/pultrudes\\\/#primaryimage\"},\"image\":{\"@id\":\"https:\\\/\\\/addevmaterials.com\\\/converting\\\/pultrudes\\\/#primaryimage\"},\"thumbnailUrl\":\"https:\\\/\\\/addevmaterials.com\\\/mi\\\/wp-content\\\/uploads\\\/sites\\\/2\\\/2022\\\/05\\\/Pultruded.jpg\",\"datePublished\":\"2022-04-19T11:40:35+00:00\",\"dateModified\":\"2023-06-20T13:08:17+00:00\",\"breadcrumb\":{\"@id\":\"https:\\\/\\\/addevmaterials.com\\\/converting\\\/pultrudes\\\/#breadcrumb\"},\"inLanguage\":\"de\",\"potentialAction\":[{\"@type\":\"ReadAction\",\"target\":[\"https:\\\/\\\/addevmaterials.com\\\/converting\\\/pultrudes\\\/\"]}]},{\"@type\":\"ImageObject\",\"inLanguage\":\"de\",\"@id\":\"https:\\\/\\\/addevmaterials.com\\\/converting\\\/pultrudes\\\/#primaryimage\",\"url\":\"https:\\\/\\\/addevmaterials.com\\\/mi\\\/wp-content\\\/uploads\\\/sites\\\/2\\\/2022\\\/05\\\/Pultruded.jpg\",\"contentUrl\":\"https:\\\/\\\/addevmaterials.com\\\/mi\\\/wp-content\\\/uploads\\\/sites\\\/2\\\/2022\\\/05\\\/Pultruded.jpg\"},{\"@type\":\"BreadcrumbList\",\"@id\":\"https:\\\/\\\/addevmaterials.com\\\/converting\\\/pultrudes\\\/#breadcrumb\",\"itemListElement\":[{\"@type\":\"ListItem\",\"position\":1,\"name\":\"Accueil\",\"item\":\"https:\\\/\\\/addevmaterials.com\\\/converting\\\/\"},{\"@type\":\"ListItem\",\"position\":2,\"name\":\"Pultrud\u00e9s\"}]},{\"@type\":\"WebSite\",\"@id\":\"https:\\\/\\\/addevmaterials.com\\\/converting\\\/ro\\\/#website\",\"url\":\"https:\\\/\\\/addevmaterials.com\\\/converting\\\/ro\\\/\",\"name\":\"ADDEV Materials Converting\",\"description\":\"\",\"publisher\":{\"@id\":\"https:\\\/\\\/addevmaterials.com\\\/converting\\\/ro\\\/#organization\"},\"potentialAction\":[{\"@type\":\"SearchAction\",\"target\":{\"@type\":\"EntryPoint\",\"urlTemplate\":\"https:\\\/\\\/addevmaterials.com\\\/converting\\\/ro\\\/?s={search_term_string}\"},\"query-input\":{\"@type\":\"PropertyValueSpecification\",\"valueRequired\":true,\"valueName\":\"search_term_string\"}}],\"inLanguage\":\"de\"},{\"@type\":\"Organization\",\"@id\":\"https:\\\/\\\/addevmaterials.com\\\/converting\\\/ro\\\/#organization\",\"name\":\"ADDEV Materials Converting\",\"url\":\"https:\\\/\\\/addevmaterials.com\\\/converting\\\/ro\\\/\",\"logo\":{\"@type\":\"ImageObject\",\"inLanguage\":\"de\",\"@id\":\"https:\\\/\\\/addevmaterials.com\\\/converting\\\/ro\\\/#\\\/schema\\\/logo\\\/image\\\/\",\"url\":\"https:\\\/\\\/addevmaterials.com\\\/converting\\\/wp-content\\\/uploads\\\/sites\\\/2\\\/2023\\\/04\\\/cropped-ADDEV_Materials-LOGO_RGB.png\",\"contentUrl\":\"https:\\\/\\\/addevmaterials.com\\\/converting\\\/wp-content\\\/uploads\\\/sites\\\/2\\\/2023\\\/04\\\/cropped-ADDEV_Materials-LOGO_RGB.png\",\"width\":2948,\"height\":929,\"caption\":\"ADDEV Materials Converting\"},\"image\":{\"@id\":\"https:\\\/\\\/addevmaterials.com\\\/converting\\\/ro\\\/#\\\/schema\\\/logo\\\/image\\\/\"},\"sameAs\":[\"https:\\\/\\\/www.linkedin.com\\\/company\\\/addev-materials\\\/\"]}]}<\/script>\n<!-- \/ Yoast SEO plugin. -->","yoast_head_json":{"title":"Pultrudierte - ADDEV Materials Converting","robots":{"index":"index","follow":"follow","max-snippet":"max-snippet:-1","max-image-preview":"max-image-preview:large","max-video-preview":"max-video-preview:-1"},"canonical":"https:\/\/addevmaterials.com\/converting\/de\/pultrudes\/","og_locale":"de_DE","og_type":"article","og_title":"Pultrud\u00e9s - ADDEV Materials Converting","og_description":"Pultrud\u00e9s Les pultrud\u00e9s en polyester sont des profils standards (fibre de verre impr\u00e9gn\u00e9e de r\u00e9sine polyester). Fourniture et usinage de tous types de profil\u00e9s pultrud\u00e9s : Os de chien, coins d&rsquo;angle, corni\u00e8res, tiges ou tubes carr\u00e9s et rectangulaires. Principales applications des thermoplastiques pultrud\u00e9s : Amortissement des transformateurs Composants pour les structures (angle, tube carr\u00e9, anneau [&hellip;]","og_url":"https:\/\/addevmaterials.com\/converting\/de\/pultrudes\/","og_site_name":"ADDEV Materials Converting","article_modified_time":"2023-06-20T13:08:17+00:00","og_image":[{"url":"https:\/\/addevmaterials.com\/mi\/wp-content\/uploads\/sites\/2\/2022\/05\/Pultruded.jpg","type":"","width":"","height":""}],"twitter_card":"summary_large_image","twitter_misc":{"Gesch\u00e4tzte Lesezeit":"3\u00a0Minuten"},"schema":{"@context":"https:\/\/schema.org","@graph":[{"@type":"WebPage","@id":"https:\/\/addevmaterials.com\/converting\/pultrudes\/","url":"https:\/\/addevmaterials.com\/converting\/pultrudes\/","name":"Pultrudierte - ADDEV Materials Converting","isPartOf":{"@id":"https:\/\/addevmaterials.com\/converting\/ro\/#website"},"primaryImageOfPage":{"@id":"https:\/\/addevmaterials.com\/converting\/pultrudes\/#primaryimage"},"image":{"@id":"https:\/\/addevmaterials.com\/converting\/pultrudes\/#primaryimage"},"thumbnailUrl":"https:\/\/addevmaterials.com\/mi\/wp-content\/uploads\/sites\/2\/2022\/05\/Pultruded.jpg","datePublished":"2022-04-19T11:40:35+00:00","dateModified":"2023-06-20T13:08:17+00:00","breadcrumb":{"@id":"https:\/\/addevmaterials.com\/converting\/pultrudes\/#breadcrumb"},"inLanguage":"de","potentialAction":[{"@type":"ReadAction","target":["https:\/\/addevmaterials.com\/converting\/pultrudes\/"]}]},{"@type":"ImageObject","inLanguage":"de","@id":"https:\/\/addevmaterials.com\/converting\/pultrudes\/#primaryimage","url":"https:\/\/addevmaterials.com\/mi\/wp-content\/uploads\/sites\/2\/2022\/05\/Pultruded.jpg","contentUrl":"https:\/\/addevmaterials.com\/mi\/wp-content\/uploads\/sites\/2\/2022\/05\/Pultruded.jpg"},{"@type":"BreadcrumbList","@id":"https:\/\/addevmaterials.com\/converting\/pultrudes\/#breadcrumb","itemListElement":[{"@type":"ListItem","position":1,"name":"Accueil","item":"https:\/\/addevmaterials.com\/converting\/"},{"@type":"ListItem","position":2,"name":"Pultrud\u00e9s"}]},{"@type":"WebSite","@id":"https:\/\/addevmaterials.com\/converting\/ro\/#website","url":"https:\/\/addevmaterials.com\/converting\/ro\/","name":"ADDEV Materials Converting","description":"","publisher":{"@id":"https:\/\/addevmaterials.com\/converting\/ro\/#organization"},"potentialAction":[{"@type":"SearchAction","target":{"@type":"EntryPoint","urlTemplate":"https:\/\/addevmaterials.com\/converting\/ro\/?s={search_term_string}"},"query-input":{"@type":"PropertyValueSpecification","valueRequired":true,"valueName":"search_term_string"}}],"inLanguage":"de"},{"@type":"Organization","@id":"https:\/\/addevmaterials.com\/converting\/ro\/#organization","name":"ADDEV Materials Converting","url":"https:\/\/addevmaterials.com\/converting\/ro\/","logo":{"@type":"ImageObject","inLanguage":"de","@id":"https:\/\/addevmaterials.com\/converting\/ro\/#\/schema\/logo\/image\/","url":"https:\/\/addevmaterials.com\/converting\/wp-content\/uploads\/sites\/2\/2023\/04\/cropped-ADDEV_Materials-LOGO_RGB.png","contentUrl":"https:\/\/addevmaterials.com\/converting\/wp-content\/uploads\/sites\/2\/2023\/04\/cropped-ADDEV_Materials-LOGO_RGB.png","width":2948,"height":929,"caption":"ADDEV Materials Converting"},"image":{"@id":"https:\/\/addevmaterials.com\/converting\/ro\/#\/schema\/logo\/image\/"},"sameAs":["https:\/\/www.linkedin.com\/company\/addev-materials\/"]}]}},"distributor_meta":false,"distributor_terms":false,"distributor_media":false,"distributor_original_site_name":"ADDEV Materials Converting","distributor_original_site_url":"https:\/\/addevmaterials.com\/converting\/de","push-errors":false,"_links":{"self":[{"href":"https:\/\/addevmaterials.com\/converting\/de\/wp-json\/wp\/v2\/pages\/4402","targetHints":{"allow":["GET"]}}],"collection":[{"href":"https:\/\/addevmaterials.com\/converting\/de\/wp-json\/wp\/v2\/pages"}],"about":[{"href":"https:\/\/addevmaterials.com\/converting\/de\/wp-json\/wp\/v2\/types\/page"}],"author":[{"embeddable":true,"href":"https:\/\/addevmaterials.com\/converting\/de\/wp-json\/wp\/v2\/users\/3"}],"replies":[{"embeddable":true,"href":"https:\/\/addevmaterials.com\/converting\/de\/wp-json\/wp\/v2\/comments?post=4402"}],"version-history":[{"count":8,"href":"https:\/\/addevmaterials.com\/converting\/de\/wp-json\/wp\/v2\/pages\/4402\/revisions"}],"predecessor-version":[{"id":16437,"href":"https:\/\/addevmaterials.com\/converting\/de\/wp-json\/wp\/v2\/pages\/4402\/revisions\/16437"}],"wp:attachment":[{"href":"https:\/\/addevmaterials.com\/converting\/de\/wp-json\/wp\/v2\/media?parent=4402"}],"curies":[{"name":"wp","href":"https:\/\/api.w.org\/{rel}","templated":true}]}}