{"id":12019,"date":"2023-03-20T15:19:36","date_gmt":"2023-03-20T15:19:36","guid":{"rendered":"https:\/\/mi.addevmaterials.com\/?page_id=12019"},"modified":"2025-09-24T09:50:35","modified_gmt":"2025-09-24T09:50:35","slug":"legal-information","status":"publish","type":"page","link":"https:\/\/addevmaterials.com\/converting\/en\/mentions-legales\/","title":{"rendered":"Legal information"},"content":{"rendered":"<div data-elementor-type=\"wp-page\" data-elementor-id=\"12019\" class=\"elementor elementor-12019\" data-elementor-post-type=\"page\">\n\t\t\t\t\t\t<section class=\"elementor-section elementor-top-section elementor-element elementor-element-3039bbe elementor-section-boxed elementor-section-height-default elementor-section-height-default\" data-id=\"3039bbe\" data-element_type=\"section\" data-e-type=\"section\" data-settings=\"{&quot;background_background&quot;:&quot;classic&quot;}\">\n\t\t\t\t\t\t<div class=\"elementor-container elementor-column-gap-default\">\n\t\t\t\t\t<div class=\"elementor-column elementor-col-100 elementor-top-column elementor-element elementor-element-fdda546\" data-id=\"fdda546\" data-element_type=\"column\" data-e-type=\"column\">\n\t\t\t<div class=\"elementor-widget-wrap\">\n\t\t\t\t\t\t\t<\/div>\n\t\t<\/div>\n\t\t\t\t\t<\/div>\n\t\t<\/section>\n\t\t\t\t<section class=\"elementor-section elementor-top-section elementor-element elementor-element-77ea1160 elementor-section-boxed elementor-section-height-default elementor-section-height-default\" data-id=\"77ea1160\" data-element_type=\"section\" data-e-type=\"section\" data-settings=\"{&quot;background_background&quot;:&quot;classic&quot;}\">\n\t\t\t\t\t\t\t<div class=\"elementor-background-overlay\"><\/div>\n\t\t\t\t\t\t\t<div class=\"elementor-container elementor-column-gap-default\">\n\t\t\t\t\t<div class=\"elementor-column elementor-col-100 elementor-top-column elementor-element elementor-element-7bfbd7a4\" data-id=\"7bfbd7a4\" data-element_type=\"column\" data-e-type=\"column\">\n\t\t\t<div class=\"elementor-widget-wrap elementor-element-populated\">\n\t\t\t\t\t\t<div class=\"elementor-element elementor-element-7ed46950 elementor-widget elementor-widget-heading\" data-id=\"7ed46950\" data-element_type=\"widget\" data-e-type=\"widget\" data-widget_type=\"heading.default\">\n\t\t\t\t<div class=\"elementor-widget-container\">\n\t\t\t\t\t<h1 class=\"elementor-heading-title elementor-size-default\">Legal information<\/h1>\t\t\t\t<\/div>\n\t\t\t\t<\/div>\n\t\t\t\t\t<\/div>\n\t\t<\/div>\n\t\t\t\t\t<\/div>\n\t\t<\/section>\n\t\t\t\t<section class=\"elementor-section elementor-top-section elementor-element elementor-element-4684d57 elementor-section-boxed elementor-section-height-default elementor-section-height-default\" data-id=\"4684d57\" data-element_type=\"section\" data-e-type=\"section\">\n\t\t\t\t\t\t<div class=\"elementor-container elementor-column-gap-default\">\n\t\t\t\t\t<div class=\"elementor-column elementor-col-100 elementor-top-column elementor-element elementor-element-2229c60\" data-id=\"2229c60\" data-element_type=\"column\" data-e-type=\"column\">\n\t\t\t<div class=\"elementor-widget-wrap elementor-element-populated\">\n\t\t\t\t\t\t<div class=\"elementor-element elementor-element-84b8f5a elementor-widget elementor-widget-text-editor\" data-id=\"84b8f5a\" data-element_type=\"widget\" data-e-type=\"widget\" data-widget_type=\"text-editor.default\">\n\t\t\t\t<div class=\"elementor-widget-container\">\n\t\t\t\t\t\t\t\t\t<h1 data-start=\"102\" data-end=\"126\"><strong data-start=\"104\" data-end=\"124\">LEGAL NOTICES<\/strong><\/h1>\n<p data-start=\"127\" data-end=\"157\"><strong data-start=\"127\" data-end=\"155\">Effective 12\/03\/2025<\/strong><\/p>\n<p data-start=\"159\" data-end=\"500\">In accordance with the provisions of Articles <strong data-start=\"202\" data-end=\"217\">6-III and 19<\/strong> of the <strong data-start=\"224\" data-end=\"258\">Law no. 2004-575 of 21 June 2004<\/strong> for Confidence in the Digital Economy (<strong data-start=\"304\" data-end=\"312\">LCEN<\/strong>), users and visitors to the site are hereby informed that <a href=\"https:\/\/addevmaterials.com\/\" target=\"_new\" rel=\"noopener\" data-start=\"384\" data-end=\"442\">https:\/\/addevmaterials.com\/<\/a> (hereinafter referred to as \"the Site\"), this legal notice.<\/p>\n<p data-start=\"502\" data-end=\"675\">Connection to and browsing of the Site by the user (hereinafter referred to as the \"User\") implies full and unreserved acceptance of this legal notice.<\/p>\n<p data-start=\"677\" data-end=\"759\">These are available on the Site under the heading <strong data-start=\"734\" data-end=\"758\">\"Legal information<\/strong>.<\/p>\n<hr data-start=\"761\" data-end=\"764\">\n<h2 data-start=\"766\" data-end=\"794\"><strong data-start=\"769\" data-end=\"792\">ARTICLE 1 - PUBLISHER<\/strong><\/h2>\n<p data-start=\"796\" data-end=\"1074\">The Site is edited and published by <strong data-start=\"866\" data-end=\"889\">ADDEV Materials SAS<\/strong>at <strong data-start=\"894\" data-end=\"932\">share capital of 38,322,519 euros<\/strong>registered at <strong data-start=\"950\" data-end=\"1004\">Lyon Trade and Companies Register (RCS)<\/strong> under the number <strong data-start=\"1020\" data-end=\"1035\">820 724 508<\/strong>whose registered office is located at :<\/p>\n<p data-start=\"1076\" data-end=\"1289\">\ud83d\udccd <strong data-start=\"1079\" data-end=\"1120\">30 Quai Perrache, 69002, Lyon, France<\/strong><br data-start=\"1120\" data-end=\"1123\">\ud83d\udcde <strong data-start=\"1126\" data-end=\"1149\">Telephone number<\/strong> : +33 (0)4 72 11 35 00<br data-start=\"1172\" data-end=\"1175\">\u2709\ufe0f <strong data-start=\"1178\" data-end=\"1196\">E-mail address<\/strong> : <a rel=\"noopener\" data-start=\"1199\" data-end=\"1225\">contact@addevmaterials.com<\/a><br data-start=\"1225\" data-end=\"1228\">\ud83d\udccc <strong data-start=\"1231\" data-end=\"1267\">Intra-Community VAT number<\/strong> : <strong data-start=\"1270\" data-end=\"1287\">FR32820724508<\/strong><\/p>\n<p data-start=\"1291\" data-end=\"1365\">The Publication Director is <b>Marie BLANCHARD BRUNEL&nbsp;<\/b>(hereinafter \"the Publisher\").<\/p>\n<hr data-start=\"1367\" data-end=\"1370\">\n<h2 data-start=\"1372\" data-end=\"1402\"><strong data-start=\"1375\" data-end=\"1400\">ARTICLE 2 - HOST<\/strong><\/h2>\n<p data-start=\"1404\" data-end=\"1491\">The Site is hosted by <strong data-start=\"1428\" data-end=\"1453\">Infomaniak Network SA<\/strong>whose registered office is located at :<\/p>\n<p data-start=\"1493\" data-end=\"1728\">\ud83d\udccd <strong data-start=\"1496\" data-end=\"1556\">Rue Eug\u00e8ne-Marziano 25, 1227 Les Acacias, Geneva, Switzerland<\/strong><br data-start=\"1556\" data-end=\"1559\">\ud83d\udcde <strong data-start=\"1562\" data-end=\"1575\">Phone number<\/strong> : +41 (0)22 820 35 44<br data-start=\"1597\" data-end=\"1600\">\u2709\ufe0f <strong data-start=\"1603\" data-end=\"1624\">Contact e-mail<\/strong> : <a rel=\"noopener\" data-start=\"1627\" data-end=\"1649\">support@infomaniak.com<\/a><br data-start=\"1649\" data-end=\"1652\">\ud83c\udf0d <strong data-start=\"1655\" data-end=\"1667\">Website<\/strong> : <a href=\"https:\/\/www.infomaniak.com\" target=\"_new\" rel=\"noopener\" data-start=\"1670\" data-end=\"1726\">https:\/\/www.infomaniak.com<\/a><\/p>\n<hr data-start=\"1730\" data-end=\"1733\">\n<h2 data-start=\"1735\" data-end=\"1769\"><strong data-start=\"1738\" data-end=\"1767\">ARTICLE 3 - ACCESS TO THE SITE<\/strong><\/h2>\n<p data-start=\"1771\" data-end=\"1919\">The Site is accessible 24 hours a day, 7 days a week, except in the event of <strong data-start=\"1825\" data-end=\"1842\">force majeure<\/strong>, d'<strong data-start=\"1846\" data-end=\"1873\">scheduled interruption<\/strong> or not for reasons of <strong data-start=\"1901\" data-end=\"1916\">maintenance<\/strong>.<\/p>\n<p data-start=\"1921\" data-end=\"2024\">The Publisher cannot be held liable for any modification, interruption or suspension of the Site.<\/p>\n<hr data-start=\"2026\" data-end=\"2029\">\n<h2 data-start=\"2031\" data-end=\"2096\"><strong data-start=\"2034\" data-end=\"2094\">ARTICLE 4 - COLLECTION OF PERSONAL DATA AND COOKIES<\/strong><\/h2>\n<h3 data-start=\"2098\" data-end=\"2158\"><strong data-start=\"2102\" data-end=\"2156\">1. Collection and processing of personal data<\/strong><\/h3>\n<p data-start=\"2160\" data-end=\"2300\">The Site collects and processes the User's personal data. <strong data-start=\"2225\" data-end=\"2249\">personal data<\/strong> while respecting privacy, in accordance with :<\/p>\n<ul data-start=\"2301\" data-end=\"2507\">\n<li data-start=\"2301\" data-end=\"2409\">to the <strong data-start=\"2308\" data-end=\"2341\">Law no. 78-17 of 6 January 1978<\/strong>amended relating to information technology, files and civil liberties<\/li>\n<li data-start=\"2410\" data-end=\"2507\">and <strong data-start=\"2418\" data-end=\"2487\">General Data Protection Regulation (GDPR) n\u00b02016\/679<\/strong> of 27 April 2016.<\/li>\n<\/ul>\n<p data-start=\"2509\" data-end=\"2766\">The User has the following rights with regard to his\/her data:<br data-start=\"2568\" data-end=\"2571\">\u2705 <strong data-start=\"2573\" data-end=\"2590\">Right of access<\/strong><br data-start=\"2590\" data-end=\"2593\">\u2705 <strong data-start=\"2595\" data-end=\"2621\">Right of rectification<\/strong><br data-start=\"2621\" data-end=\"2624\">\u2705 <strong data-start=\"2626\" data-end=\"2650\">Right of deletion<\/strong><br data-start=\"2650\" data-end=\"2653\">\u2705 <strong data-start=\"2655\" data-end=\"2677\">Right to object<\/strong><br data-start=\"2677\" data-end=\"2680\">\u2705 <strong data-start=\"2682\" data-end=\"2720\">Right to data portability<\/strong><br data-start=\"2720\" data-end=\"2723\">\u2705 <strong data-start=\"2725\" data-end=\"2764\">Right to restrict processing<\/strong><\/p>\n<p data-start=\"2768\" data-end=\"2901\">To exercise these rights, Users may contact the Publisher at the following address<br data-start=\"2854\" data-end=\"2857\">\ud83d\udce7 <strong data-start=\"2860\" data-end=\"2870\">E-mail<\/strong> : <a rel=\"noopener\" data-start=\"2873\" data-end=\"2899\">contact@addevmaterials.com<\/a><\/p>\n<p data-start=\"2903\" data-end=\"3005\">In the event of a complaint, the User may <strong data-start=\"2945\" data-end=\"2963\">refer the matter to the CNIL<\/strong> via <a href=\"https:\/\/www.cnil.fr\" target=\"_new\" rel=\"noopener\" data-start=\"2968\" data-end=\"3002\">www.cnil.fr<\/a>.<\/p>\n<hr data-start=\"3007\" data-end=\"3010\">\n<h3 data-start=\"3012\" data-end=\"3046\"><strong data-start=\"3016\" data-end=\"3044\">2. Cookie policy<\/strong><\/h3>\n<p data-start=\"3048\" data-end=\"3154\">When browsing the Site, some <strong data-start=\"3087\" data-end=\"3098\">cookies<\/strong> may be deposited on the User's device.<\/p>\n<p data-start=\"3156\" data-end=\"3307\">In accordance with the recommendations of the <strong data-start=\"3195\" data-end=\"3203\">CNIL<\/strong>, <strong data-start=\"3205\" data-end=\"3266\">the User is informed and must explicitly consent<\/strong> to the use of the following cookies:<\/p>\n<ul data-start=\"3308\" data-end=\"3487\">\n<li data-start=\"3308\" data-end=\"3369\"><strong data-start=\"3310\" data-end=\"3333\">Analytical cookies<\/strong> to measure the Site's audience<\/li>\n<li data-start=\"3370\" data-end=\"3433\"><strong data-start=\"3372\" data-end=\"3397\">Advertising cookies<\/strong> to personalise your ads<\/li>\n<li data-start=\"3434\" data-end=\"3487\"><strong data-start=\"3436\" data-end=\"3458\">Sharing cookies<\/strong> for social networks<\/li>\n<\/ul>\n<p data-start=\"3489\" data-end=\"3630\">The User may <strong data-start=\"3508\" data-end=\"3531\">accept or refuse<\/strong> the use of these cookies via the <strong data-start=\"3568\" data-end=\"3595\">consent banner<\/strong> displayed on first connection.<\/p>\n<p data-start=\"3632\" data-end=\"3778\">\u2139\ufe0f <strong data-start=\"3635\" data-end=\"3688\">To find out more about our cookie management<\/strong>the User can consult the <strong data-start=\"3722\" data-end=\"3754\">Privacy policy<\/strong> available on the Site.<\/p>\n<hr data-start=\"3780\" data-end=\"3783\">\n<h2 data-start=\"3785\" data-end=\"3830\"><strong data-start=\"3788\" data-end=\"3828\">ARTICLE 5 - INTELLECTUAL PROPERTY<\/strong><\/h2>\n<p data-start=\"3832\" data-end=\"4073\">All content on the Site (text, images, logos, videos, graphic charter, etc.) is the property of their respective owners. <strong data-start=\"3932\" data-end=\"3988\">protected by intellectual property law<\/strong> and are the exclusive property of <strong data-start=\"4023\" data-end=\"4046\">ADDEV Materials SAS<\/strong>unless otherwise stated.<\/p>\n<p data-start=\"4075\" data-end=\"4395\">All <strong data-start=\"4081\" data-end=\"4156\">use, reproduction, distribution, marketing or modification<\/strong> all or part of the Site <strong data-start=\"4183\" data-end=\"4229\">without the prior authorisation of the Publisher<\/strong> is prohibited and may be subject to <strong data-start=\"4271\" data-end=\"4297\">legal proceedings<\/strong>in accordance with the provisions of <strong data-start=\"4332\" data-end=\"4371\">Intellectual Property Code<\/strong> and <strong data-start=\"4378\" data-end=\"4392\">Civil Code<\/strong>.<\/p>\n<p data-start=\"4397\" data-end=\"4532\">If the User wishes to re-use any content on the Site, a request for authorisation must be sent to <strong data-start=\"4501\" data-end=\"4531\"><a rel=\"noopener\" data-start=\"4503\" data-end=\"4529\">contact@addevmaterials.com<\/a><\/strong>.<\/p>\n<hr data-start=\"4534\" data-end=\"4537\">\n<h2 data-start=\"4539\" data-end=\"4574\"><strong data-start=\"4542\" data-end=\"4572\">ARTICLE 6 - LIABILITY<\/strong><\/h2>\n<p data-start=\"4576\" data-end=\"4708\">The Publisher makes every effort to provide information <strong data-start=\"4634\" data-end=\"4655\">accurate and up-to-date<\/strong>but cannot be held responsible in the event of :<\/p>\n<ul data-start=\"4709\" data-end=\"4923\">\n<li data-start=\"4709\" data-end=\"4786\">Errors, omissions or inaccuracies in the information available on the Site<\/li>\n<li data-start=\"4787\" data-end=\"4849\">Technical problem resulting in <strong data-start=\"4823\" data-end=\"4839\">interruption<\/strong> of the Site<\/li>\n<li data-start=\"4850\" data-end=\"4923\">Direct or indirect damage arising from access to or use of the Site<\/li>\n<\/ul>\n<p data-start=\"4925\" data-end=\"5035\">The Publisher reserves the right to <strong data-start=\"4958\" data-end=\"4994\">modify, suspend or delete<\/strong> all or part of the Site <strong data-start=\"5018\" data-end=\"5034\">without notice<\/strong>.<\/p>\n<hr data-start=\"5037\" data-end=\"5040\">\n<h2 data-start=\"5042\" data-end=\"5105\"><strong data-start=\"5045\" data-end=\"5103\">ARTICLE 7 - APPLICABLE LAW AND JURISDICTION<\/strong><\/h2>\n<p data-start=\"5107\" data-end=\"5178\">This legal notice is governed by the <strong data-start=\"5157\" data-end=\"5175\">French law<\/strong>.<\/p>\n<p data-start=\"5180\" data-end=\"5340\">In the event of a dispute, and failing amicable resolution, the dispute will be brought before <strong data-start=\"5261\" data-end=\"5339\">the competent courts within the jurisdiction of the registered office of ADDEV Materials SAS<\/strong>.<\/p>\n<hr data-start=\"5342\" data-end=\"5345\">\n<h3 data-start=\"5347\" data-end=\"5368\"><strong data-start=\"5351\" data-end=\"5366\">UPDATE<\/strong><\/h3>\n<p data-start=\"5370\" data-end=\"5444\">This legal notice has been updated <strong data-start=\"5422\" data-end=\"5441\">12 March 2025<\/strong>.<\/p>\n<p data-start=\"5446\" data-end=\"5576\">The Publisher reserves the right to <strong data-start=\"5483\" data-end=\"5509\">change at any time<\/strong> to ensure that they comply with current legislation.<\/p>\n<p data-start=\"5578\" data-end=\"5715\">\u2139\ufe0f <strong data-start=\"5581\" data-end=\"5622\">Latest update available on :<\/strong> <a target=\"_new\" rel=\"noopener\" data-start=\"5623\" data-end=\"5713\">https:\/\/addevmaterials.com\/mentions-legales<\/a><\/p>\t\t\t\t\t\t\t\t<\/div>\n\t\t\t\t<\/div>\n\t\t\t\t\t<\/div>\n\t\t<\/div>\n\t\t\t\t\t<\/div>\n\t\t<\/section>\n\t\t\t\t<\/div>","protected":false},"excerpt":{"rendered":"<p>Mentions l\u00e9gales MENTIONS L\u00c9GALES En vigueur au 12\/03\/2025 Conform\u00e9ment aux dispositions des articles 6-III et 19 de la Loi n\u00b02004-575 du 21 juin 2004 pour la Confiance dans l\u2019\u00c9conomie Num\u00e9rique (LCEN), il est port\u00e9 \u00e0 la connaissance des utilisateurs et visiteurs du site https:\/\/addevmaterials.com\/ (ci-apr\u00e8s \u00ab le Site \u00bb), les pr\u00e9sentes mentions l\u00e9gales. La connexion [&hellip;]<\/p>\n","protected":false},"author":3,"featured_media":0,"parent":0,"menu_order":0,"comment_status":"closed","ping_status":"closed","template":"elementor_header_footer","meta":{"footnotes":""},"class_list":["post-12019","page","type-page","status-publish","hentry"],"yoast_head":"<!-- This site is optimized with the Yoast SEO plugin v27.5 - https:\/\/yoast.com\/product\/yoast-seo-wordpress\/ -->\n<title>Mentions l\u00e9gales - ADDEV Materials Converting<\/title>\n<meta name=\"robots\" content=\"noindex, follow\" \/>\n<meta property=\"og:locale\" content=\"en_GB\" \/>\n<meta property=\"og:type\" content=\"article\" \/>\n<meta property=\"og:title\" content=\"Mentions l\u00e9gales - ADDEV Materials Converting\" \/>\n<meta property=\"og:description\" content=\"Mentions l\u00e9gales MENTIONS L\u00c9GALES En vigueur au 12\/03\/2025 Conform\u00e9ment aux dispositions des articles 6-III et 19 de la Loi n\u00b02004-575 du 21 juin 2004 pour la Confiance dans l\u2019\u00c9conomie Num\u00e9rique (LCEN), il est port\u00e9 \u00e0 la connaissance des utilisateurs et visiteurs du site https:\/\/addevmaterials.com\/ (ci-apr\u00e8s \u00ab le Site \u00bb), les pr\u00e9sentes mentions l\u00e9gales. La connexion [&hellip;]\" \/>\n<meta property=\"og:url\" content=\"https:\/\/addevmaterials.com\/converting\/en\/legal-information\/\" \/>\n<meta property=\"og:site_name\" content=\"ADDEV Materials Converting\" \/>\n<meta property=\"article:modified_time\" content=\"2025-09-24T09:50:35+00:00\" \/>\n<meta name=\"twitter:card\" content=\"summary_large_image\" \/>\n<meta name=\"twitter:label1\" content=\"Estimated reading time\" \/>\n\t<meta name=\"twitter:data1\" content=\"7 minutes\" \/>\n<script type=\"application\/ld+json\" class=\"yoast-schema-graph\">{\"@context\":\"https:\\\/\\\/schema.org\",\"@graph\":[{\"@type\":\"WebPage\",\"@id\":\"https:\\\/\\\/addevmaterials.com\\\/converting\\\/mentions-legales\\\/\",\"url\":\"https:\\\/\\\/addevmaterials.com\\\/converting\\\/mentions-legales\\\/\",\"name\":\"Mentions l\u00e9gales - ADDEV Materials Converting\",\"isPartOf\":{\"@id\":\"https:\\\/\\\/addevmaterials.com\\\/converting\\\/ro\\\/#website\"},\"datePublished\":\"2023-03-20T15:19:36+00:00\",\"dateModified\":\"2025-09-24T09:50:35+00:00\",\"breadcrumb\":{\"@id\":\"https:\\\/\\\/addevmaterials.com\\\/converting\\\/mentions-legales\\\/#breadcrumb\"},\"inLanguage\":\"en-GB\",\"potentialAction\":[{\"@type\":\"ReadAction\",\"target\":[\"https:\\\/\\\/addevmaterials.com\\\/converting\\\/mentions-legales\\\/\"]}]},{\"@type\":\"BreadcrumbList\",\"@id\":\"https:\\\/\\\/addevmaterials.com\\\/converting\\\/mentions-legales\\\/#breadcrumb\",\"itemListElement\":[{\"@type\":\"ListItem\",\"position\":1,\"name\":\"Accueil\",\"item\":\"https:\\\/\\\/addevmaterials.com\\\/converting\\\/\"},{\"@type\":\"ListItem\",\"position\":2,\"name\":\"Mentions l\u00e9gales\"}]},{\"@type\":\"WebSite\",\"@id\":\"https:\\\/\\\/addevmaterials.com\\\/converting\\\/ro\\\/#website\",\"url\":\"https:\\\/\\\/addevmaterials.com\\\/converting\\\/ro\\\/\",\"name\":\"ADDEV Materials Converting\",\"description\":\"\",\"publisher\":{\"@id\":\"https:\\\/\\\/addevmaterials.com\\\/converting\\\/ro\\\/#organization\"},\"potentialAction\":[{\"@type\":\"SearchAction\",\"target\":{\"@type\":\"EntryPoint\",\"urlTemplate\":\"https:\\\/\\\/addevmaterials.com\\\/converting\\\/ro\\\/?s={search_term_string}\"},\"query-input\":{\"@type\":\"PropertyValueSpecification\",\"valueRequired\":true,\"valueName\":\"search_term_string\"}}],\"inLanguage\":\"en-GB\"},{\"@type\":\"Organization\",\"@id\":\"https:\\\/\\\/addevmaterials.com\\\/converting\\\/ro\\\/#organization\",\"name\":\"ADDEV Materials Converting\",\"url\":\"https:\\\/\\\/addevmaterials.com\\\/converting\\\/ro\\\/\",\"logo\":{\"@type\":\"ImageObject\",\"inLanguage\":\"en-GB\",\"@id\":\"https:\\\/\\\/addevmaterials.com\\\/converting\\\/ro\\\/#\\\/schema\\\/logo\\\/image\\\/\",\"url\":\"https:\\\/\\\/addevmaterials.com\\\/converting\\\/wp-content\\\/uploads\\\/sites\\\/2\\\/2023\\\/04\\\/cropped-ADDEV_Materials-LOGO_RGB.png\",\"contentUrl\":\"https:\\\/\\\/addevmaterials.com\\\/converting\\\/wp-content\\\/uploads\\\/sites\\\/2\\\/2023\\\/04\\\/cropped-ADDEV_Materials-LOGO_RGB.png\",\"width\":2948,\"height\":929,\"caption\":\"ADDEV Materials Converting\"},\"image\":{\"@id\":\"https:\\\/\\\/addevmaterials.com\\\/converting\\\/ro\\\/#\\\/schema\\\/logo\\\/image\\\/\"},\"sameAs\":[\"https:\\\/\\\/www.linkedin.com\\\/company\\\/addev-materials\\\/\"]}]}<\/script>\n<!-- \/ Yoast SEO plugin. -->","yoast_head_json":{"title":"Legal information - ADDEV Materials Converting","robots":{"index":"noindex","follow":"follow"},"og_locale":"en_GB","og_type":"article","og_title":"Mentions l\u00e9gales - ADDEV Materials Converting","og_description":"Mentions l\u00e9gales MENTIONS L\u00c9GALES En vigueur au 12\/03\/2025 Conform\u00e9ment aux dispositions des articles 6-III et 19 de la Loi n\u00b02004-575 du 21 juin 2004 pour la Confiance dans l\u2019\u00c9conomie Num\u00e9rique (LCEN), il est port\u00e9 \u00e0 la connaissance des utilisateurs et visiteurs du site https:\/\/addevmaterials.com\/ (ci-apr\u00e8s \u00ab le Site \u00bb), les pr\u00e9sentes mentions l\u00e9gales. La connexion [&hellip;]","og_url":"https:\/\/addevmaterials.com\/converting\/en\/legal-information\/","og_site_name":"ADDEV Materials Converting","article_modified_time":"2025-09-24T09:50:35+00:00","twitter_card":"summary_large_image","twitter_misc":{"Estimated reading time":"7 minutes"},"schema":{"@context":"https:\/\/schema.org","@graph":[{"@type":"WebPage","@id":"https:\/\/addevmaterials.com\/converting\/mentions-legales\/","url":"https:\/\/addevmaterials.com\/converting\/mentions-legales\/","name":"Legal information - ADDEV Materials Converting","isPartOf":{"@id":"https:\/\/addevmaterials.com\/converting\/ro\/#website"},"datePublished":"2023-03-20T15:19:36+00:00","dateModified":"2025-09-24T09:50:35+00:00","breadcrumb":{"@id":"https:\/\/addevmaterials.com\/converting\/mentions-legales\/#breadcrumb"},"inLanguage":"en-GB","potentialAction":[{"@type":"ReadAction","target":["https:\/\/addevmaterials.com\/converting\/mentions-legales\/"]}]},{"@type":"BreadcrumbList","@id":"https:\/\/addevmaterials.com\/converting\/mentions-legales\/#breadcrumb","itemListElement":[{"@type":"ListItem","position":1,"name":"Accueil","item":"https:\/\/addevmaterials.com\/converting\/"},{"@type":"ListItem","position":2,"name":"Mentions l\u00e9gales"}]},{"@type":"WebSite","@id":"https:\/\/addevmaterials.com\/converting\/ro\/#website","url":"https:\/\/addevmaterials.com\/converting\/ro\/","name":"ADDEV Materials Converting","description":"","publisher":{"@id":"https:\/\/addevmaterials.com\/converting\/ro\/#organization"},"potentialAction":[{"@type":"SearchAction","target":{"@type":"EntryPoint","urlTemplate":"https:\/\/addevmaterials.com\/converting\/ro\/?s={search_term_string}"},"query-input":{"@type":"PropertyValueSpecification","valueRequired":true,"valueName":"search_term_string"}}],"inLanguage":"en-GB"},{"@type":"Organization","@id":"https:\/\/addevmaterials.com\/converting\/ro\/#organization","name":"ADDEV Materials Converting","url":"https:\/\/addevmaterials.com\/converting\/ro\/","logo":{"@type":"ImageObject","inLanguage":"en-GB","@id":"https:\/\/addevmaterials.com\/converting\/ro\/#\/schema\/logo\/image\/","url":"https:\/\/addevmaterials.com\/converting\/wp-content\/uploads\/sites\/2\/2023\/04\/cropped-ADDEV_Materials-LOGO_RGB.png","contentUrl":"https:\/\/addevmaterials.com\/converting\/wp-content\/uploads\/sites\/2\/2023\/04\/cropped-ADDEV_Materials-LOGO_RGB.png","width":2948,"height":929,"caption":"ADDEV Materials Converting"},"image":{"@id":"https:\/\/addevmaterials.com\/converting\/ro\/#\/schema\/logo\/image\/"},"sameAs":["https:\/\/www.linkedin.com\/company\/addev-materials\/"]}]}},"distributor_meta":false,"distributor_terms":false,"distributor_media":false,"distributor_original_site_name":"ADDEV Materials Converting","distributor_original_site_url":"https:\/\/addevmaterials.com\/converting\/en","push-errors":false,"_links":{"self":[{"href":"https:\/\/addevmaterials.com\/converting\/en\/wp-json\/wp\/v2\/pages\/12019","targetHints":{"allow":["GET"]}}],"collection":[{"href":"https:\/\/addevmaterials.com\/converting\/en\/wp-json\/wp\/v2\/pages"}],"about":[{"href":"https:\/\/addevmaterials.com\/converting\/en\/wp-json\/wp\/v2\/types\/page"}],"author":[{"embeddable":true,"href":"https:\/\/addevmaterials.com\/converting\/en\/wp-json\/wp\/v2\/users\/3"}],"replies":[{"embeddable":true,"href":"https:\/\/addevmaterials.com\/converting\/en\/wp-json\/wp\/v2\/comments?post=12019"}],"version-history":[{"count":17,"href":"https:\/\/addevmaterials.com\/converting\/en\/wp-json\/wp\/v2\/pages\/12019\/revisions"}],"predecessor-version":[{"id":24732,"href":"https:\/\/addevmaterials.com\/converting\/en\/wp-json\/wp\/v2\/pages\/12019\/revisions\/24732"}],"wp:attachment":[{"href":"https:\/\/addevmaterials.com\/converting\/en\/wp-json\/wp\/v2\/media?parent=12019"}],"curies":[{"name":"wp","href":"https:\/\/api.w.org\/{rel}","templated":true}]}}