{"id":4544,"date":"2022-04-19T12:56:46","date_gmt":"2022-04-19T12:56:46","guid":{"rendered":"https:\/\/mi.addevmaterials.com\/?page_id=4544"},"modified":"2025-12-05T09:52:06","modified_gmt":"2025-12-05T09:52:06","slug":"prototyping","status":"publish","type":"page","link":"https:\/\/addevmaterials.com\/converting\/en\/prototypage\/","title":{"rendered":"Prototyping"},"content":{"rendered":"<div data-elementor-type=\"wp-page\" data-elementor-id=\"4544\" class=\"elementor elementor-4544\" data-elementor-post-type=\"page\">\n\t\t\t\t\t\t<section class=\"elementor-section elementor-top-section elementor-element elementor-element-58a06f7f elementor-section-boxed elementor-section-height-default elementor-section-height-default\" data-id=\"58a06f7f\" data-element_type=\"section\" data-e-type=\"section\" data-settings=\"{&quot;background_background&quot;:&quot;classic&quot;}\">\n\t\t\t\t\t\t\t<div class=\"elementor-background-overlay\"><\/div>\n\t\t\t\t\t\t\t<div class=\"elementor-container elementor-column-gap-default\">\n\t\t\t\t\t<div class=\"elementor-column elementor-col-100 elementor-top-column elementor-element elementor-element-b4fbc6f\" data-id=\"b4fbc6f\" data-element_type=\"column\" data-e-type=\"column\">\n\t\t\t<div class=\"elementor-widget-wrap elementor-element-populated\">\n\t\t\t\t\t\t<div class=\"elementor-element elementor-element-3999a145 elementor-widget elementor-widget-heading\" data-id=\"3999a145\" data-element_type=\"widget\" data-e-type=\"widget\" data-widget_type=\"heading.default\">\n\t\t\t\t<div class=\"elementor-widget-container\">\n\t\t\t\t\t<h1 class=\"elementor-heading-title elementor-size-default\">Prototyping<\/h1>\t\t\t\t<\/div>\n\t\t\t\t<\/div>\n\t\t\t\t\t<\/div>\n\t\t<\/div>\n\t\t\t\t\t<\/div>\n\t\t<\/section>\n\t\t\t\t<section class=\"elementor-section elementor-top-section elementor-element elementor-element-2635f7f0 elementor-section-boxed elementor-section-height-default elementor-section-height-default\" data-id=\"2635f7f0\" data-element_type=\"section\" data-e-type=\"section\">\n\t\t\t\t\t\t<div class=\"elementor-container elementor-column-gap-default\">\n\t\t\t\t\t<div class=\"elementor-column elementor-col-100 elementor-top-column elementor-element elementor-element-6d877cb3\" data-id=\"6d877cb3\" data-element_type=\"column\" data-e-type=\"column\">\n\t\t\t<div class=\"elementor-widget-wrap elementor-element-populated\">\n\t\t\t\t\t\t<div class=\"elementor-element elementor-element-2835e4f1 elementor-widget elementor-widget-text-editor\" data-id=\"2835e4f1\" data-element_type=\"widget\" data-e-type=\"widget\" data-widget_type=\"text-editor.default\">\n\t\t\t\t<div class=\"elementor-widget-container\">\n\t\t\t\t\t\t\t\t\t<p><em>ADDEV Materials' Development &amp; Innovation teams offer prototyping services set up to produce parts from materials identical to those used in your final solution (coated films, multilayers, adhesive parts, rigid parts, etc.).<\/em><\/p>\t\t\t\t\t\t\t\t<\/div>\n\t\t\t\t<\/div>\n\t\t\t\t<div class=\"elementor-element elementor-element-1d3add6 elementor-widget-divider--view-line elementor-widget elementor-widget-divider\" data-id=\"1d3add6\" data-element_type=\"widget\" data-e-type=\"widget\" data-widget_type=\"divider.default\">\n\t\t\t\t<div class=\"elementor-widget-container\">\n\t\t\t\t\t\t\t<div class=\"elementor-divider\">\n\t\t\t<span class=\"elementor-divider-separator\">\n\t\t\t\t\t\t<\/span>\n\t\t<\/div>\n\t\t\t\t\t\t<\/div>\n\t\t\t\t<\/div>\n\t\t\t\t\t<\/div>\n\t\t<\/div>\n\t\t\t\t\t<\/div>\n\t\t<\/section>\n\t\t\t\t<section class=\"elementor-section elementor-top-section elementor-element elementor-element-71707423 elementor-section-boxed elementor-section-height-default elementor-section-height-default\" data-id=\"71707423\" data-element_type=\"section\" data-e-type=\"section\">\n\t\t\t\t\t\t<div class=\"elementor-container elementor-column-gap-default\">\n\t\t\t\t\t<div class=\"elementor-column elementor-col-100 elementor-top-column elementor-element elementor-element-71e0b108\" data-id=\"71e0b108\" data-element_type=\"column\" data-e-type=\"column\">\n\t\t\t<div class=\"elementor-widget-wrap elementor-element-populated\">\n\t\t\t\t\t\t<div class=\"elementor-element elementor-element-4c75b5d7 elementor-widget elementor-widget-heading\" data-id=\"4c75b5d7\" data-element_type=\"widget\" data-e-type=\"widget\" data-widget_type=\"heading.default\">\n\t\t\t\t<div class=\"elementor-widget-container\">\n\t\t\t\t\t<h2 class=\"elementor-heading-title elementor-size-default\">Do you know exactly what you want?<\/h2>\t\t\t\t<\/div>\n\t\t\t\t<\/div>\n\t\t\t\t<div class=\"elementor-element elementor-element-74c39148 elementor-widget elementor-widget-text-editor\" data-id=\"74c39148\" data-element_type=\"widget\" data-e-type=\"widget\" data-widget_type=\"text-editor.default\">\n\t\t\t\t<div class=\"elementor-widget-container\">\n\t\t\t\t\t\t\t\t\t<p>We build a prototype to your specifications so that you can test and validate your concept quickly and under real conditions.<\/p>\t\t\t\t\t\t\t\t<\/div>\n\t\t\t\t<\/div>\n\t\t\t\t<div class=\"elementor-element elementor-element-2acd885f elementor-align-center elementor-widget elementor-widget-button\" data-id=\"2acd885f\" data-element_type=\"widget\" data-e-type=\"widget\" data-widget_type=\"button.default\">\n\t\t\t\t<div class=\"elementor-widget-container\">\n\t\t\t\t\t\t\t\t\t<div class=\"elementor-button-wrapper\">\n\t\t\t\t\t<a class=\"elementor-button elementor-button-link elementor-size-sm\" href=\"#contact\">\n\t\t\t\t\t\t<span class=\"elementor-button-content-wrapper\">\n\t\t\t\t\t\t\t\t\t<span class=\"elementor-button-text\">Contact us<\/span>\n\t\t\t\t\t<\/span>\n\t\t\t\t\t<\/a>\n\t\t\t\t<\/div>\n\t\t\t\t\t\t\t\t<\/div>\n\t\t\t\t<\/div>\n\t\t\t\t\t<\/div>\n\t\t<\/div>\n\t\t\t\t\t<\/div>\n\t\t<\/section>\n\t\t\t\t<section class=\"elementor-section elementor-top-section elementor-element elementor-element-d55dd57 elementor-section-boxed elementor-section-height-default elementor-section-height-default\" data-id=\"d55dd57\" data-element_type=\"section\" data-e-type=\"section\">\n\t\t\t\t\t\t<div class=\"elementor-container elementor-column-gap-default\">\n\t\t\t\t\t<div class=\"elementor-column elementor-col-50 elementor-top-column elementor-element elementor-element-1037a19\" data-id=\"1037a19\" data-element_type=\"column\" data-e-type=\"column\">\n\t\t\t<div class=\"elementor-widget-wrap elementor-element-populated\">\n\t\t\t\t\t\t<div class=\"elementor-element elementor-element-d1ba142 elementor-widget elementor-widget-image\" data-id=\"d1ba142\" data-element_type=\"widget\" data-e-type=\"widget\" data-widget_type=\"image.default\">\n\t\t\t\t<div class=\"elementor-widget-container\">\n\t\t\t\t\t\t\t\t\t\t\t\t\t\t\t<img fetchpriority=\"high\" decoding=\"async\" width=\"1024\" height=\"671\" src=\"https:\/\/addevmaterials.com\/converting\/wp-content\/uploads\/sites\/2\/2022\/06\/Technical-expertise-1024x671.jpg\" class=\"attachment-large size-large wp-image-9661\" alt=\"Prototyping\" srcset=\"https:\/\/addevmaterials.com\/converting\/wp-content\/uploads\/sites\/2\/2022\/06\/Technical-expertise-1024x671.jpg 1024w, https:\/\/addevmaterials.com\/converting\/wp-content\/uploads\/sites\/2\/2022\/06\/Technical-expertise-300x196.jpg 300w, https:\/\/addevmaterials.com\/converting\/wp-content\/uploads\/sites\/2\/2022\/06\/Technical-expertise-768x503.jpg 768w, https:\/\/addevmaterials.com\/converting\/wp-content\/uploads\/sites\/2\/2022\/06\/Technical-expertise-18x12.jpg 18w, https:\/\/addevmaterials.com\/converting\/wp-content\/uploads\/sites\/2\/2022\/06\/Technical-expertise.jpg 1133w\" sizes=\"(max-width: 1024px) 100vw, 1024px\" \/>\t\t\t\t\t\t\t\t\t\t\t\t\t\t\t<\/div>\n\t\t\t\t<\/div>\n\t\t\t\t\t<\/div>\n\t\t<\/div>\n\t\t\t\t<div class=\"elementor-column elementor-col-50 elementor-top-column elementor-element elementor-element-755ef16\" data-id=\"755ef16\" data-element_type=\"column\" data-e-type=\"column\">\n\t\t\t<div class=\"elementor-widget-wrap elementor-element-populated\">\n\t\t\t\t\t\t<div class=\"elementor-element elementor-element-efd3c49 elementor-widget elementor-widget-heading\" data-id=\"efd3c49\" data-element_type=\"widget\" data-e-type=\"widget\" data-widget_type=\"heading.default\">\n\t\t\t\t<div class=\"elementor-widget-container\">\n\t\t\t\t\t<h2 class=\"elementor-heading-title elementor-size-default\">Are you looking for a solution to a problem related to product use or a specific environmental challenge?<\/h2>\t\t\t\t<\/div>\n\t\t\t\t<\/div>\n\t\t\t\t<div class=\"elementor-element elementor-element-09b1f72 elementor-widget elementor-widget-text-editor\" data-id=\"09b1f72\" data-element_type=\"widget\" data-e-type=\"widget\" data-widget_type=\"text-editor.default\">\n\t\t\t\t<div class=\"elementor-widget-container\">\n\t\t\t\t\t\t\t\t\t<p>Our engineers can advise you on the choice of materials and processing capabilities and work with you to develop the solution best suited to the requirements of your project.<\/p><p>ADDEV Materials can use its various machines to validate the design and manufacture your future products: induction lamination machine for multi-layer products, CNC cutting tables for cutting small quantities of parts, etc.<\/p><p>Our in-house laboratory is responsible for checking the strength and properties of the product in terms of :<\/p><ul><li>surface energy<\/li><li>permeability<\/li><li>resistance to ageing<\/li><li>physical resistance<\/li><li>chemical and mechanical resistance<\/li><\/ul>\t\t\t\t\t\t\t\t<\/div>\n\t\t\t\t<\/div>\n\t\t\t\t<section class=\"elementor-section elementor-inner-section elementor-element elementor-element-b01e62a elementor-section-boxed elementor-section-height-default elementor-section-height-default\" data-id=\"b01e62a\" data-element_type=\"section\" data-e-type=\"section\">\n\t\t\t\t\t\t<div class=\"elementor-container elementor-column-gap-default\">\n\t\t\t\t\t<div class=\"elementor-column elementor-col-100 elementor-inner-column elementor-element elementor-element-c23374f\" data-id=\"c23374f\" data-element_type=\"column\" data-e-type=\"column\">\n\t\t\t<div class=\"elementor-widget-wrap elementor-element-populated\">\n\t\t\t\t\t\t<div class=\"elementor-element elementor-element-ec04413 elementor-widget elementor-widget-button\" data-id=\"ec04413\" data-element_type=\"widget\" data-e-type=\"widget\" data-widget_type=\"button.default\">\n\t\t\t\t<div class=\"elementor-widget-container\">\n\t\t\t\t\t\t\t\t\t<div class=\"elementor-button-wrapper\">\n\t\t\t\t\t<a class=\"elementor-button elementor-button-link elementor-size-sm\" href=\"#contact\">\n\t\t\t\t\t\t<span class=\"elementor-button-content-wrapper\">\n\t\t\t\t\t\t\t\t\t<span class=\"elementor-button-text\">Contact us<\/span>\n\t\t\t\t\t<\/span>\n\t\t\t\t\t<\/a>\n\t\t\t\t<\/div>\n\t\t\t\t\t\t\t\t<\/div>\n\t\t\t\t<\/div>\n\t\t\t\t\t<\/div>\n\t\t<\/div>\n\t\t\t\t\t<\/div>\n\t\t<\/section>\n\t\t\t\t\t<\/div>\n\t\t<\/div>\n\t\t\t\t\t<\/div>\n\t\t<\/section>\n\t\t\t\t<\/div>","protected":false},"excerpt":{"rendered":"<p>Prototypage Les \u00e9quipes D\u00e9veloppement &amp; Innovation d&rsquo;ADDEV Materials proposent des services de prototypage mis en place pour r\u00e9aliser des pi\u00e8ces \u00e0 partir de mat\u00e9riaux identiques \u00e0 ceux utilis\u00e9s dans votre solution finale (films enduits, multicouches, pi\u00e8ces adh\u00e9sives, pi\u00e8ces rigides&#8230;). Savez-vous exactement ce que vous voulez ? Nous fabriquons un prototype conforme \u00e0 vos sp\u00e9cifications afin [&hellip;]<\/p>\n","protected":false},"author":3,"featured_media":0,"parent":0,"menu_order":0,"comment_status":"closed","ping_status":"closed","template":"elementor_header_footer","meta":{"footnotes":""},"class_list":["post-4544","page","type-page","status-publish","hentry"],"yoast_head":"<!-- This site is optimized with the Yoast SEO plugin v27.6 - https:\/\/yoast.com\/product\/yoast-seo-wordpress\/ -->\n<title>Prototypage - ADDEV Materials Converting<\/title>\n<meta name=\"robots\" content=\"index, follow, max-snippet:-1, max-image-preview:large, max-video-preview:-1\" \/>\n<link rel=\"canonical\" href=\"https:\/\/addevmaterials.com\/converting\/en\/prototyping\/\" \/>\n<meta property=\"og:locale\" content=\"en_GB\" \/>\n<meta property=\"og:type\" content=\"article\" \/>\n<meta property=\"og:title\" content=\"Prototypage - ADDEV Materials Converting\" \/>\n<meta property=\"og:description\" content=\"Prototypage Les \u00e9quipes D\u00e9veloppement &amp; Innovation d&rsquo;ADDEV Materials proposent des services de prototypage mis en place pour r\u00e9aliser des pi\u00e8ces \u00e0 partir de mat\u00e9riaux identiques \u00e0 ceux utilis\u00e9s dans votre solution finale (films enduits, multicouches, pi\u00e8ces adh\u00e9sives, pi\u00e8ces rigides&#8230;). Savez-vous exactement ce que vous voulez ? Nous fabriquons un prototype conforme \u00e0 vos sp\u00e9cifications afin [&hellip;]\" \/>\n<meta property=\"og:url\" content=\"https:\/\/addevmaterials.com\/converting\/en\/prototyping\/\" \/>\n<meta property=\"og:site_name\" content=\"ADDEV Materials Converting\" \/>\n<meta property=\"article:modified_time\" content=\"2025-12-05T09:52:06+00:00\" \/>\n<meta property=\"og:image\" content=\"https:\/\/addevmaterials.com\/converting\/wp-content\/uploads\/sites\/2\/2022\/06\/Technical-expertise-1024x671.jpg\" \/>\n<meta name=\"twitter:card\" content=\"summary_large_image\" \/>\n<meta name=\"twitter:label1\" content=\"Estimated reading time\" \/>\n\t<meta name=\"twitter:data1\" content=\"2 minutes\" \/>\n<script type=\"application\/ld+json\" class=\"yoast-schema-graph\">{\"@context\":\"https:\\\/\\\/schema.org\",\"@graph\":[{\"@type\":\"WebPage\",\"@id\":\"https:\\\/\\\/addevmaterials.com\\\/converting\\\/prototypage\\\/\",\"url\":\"https:\\\/\\\/addevmaterials.com\\\/converting\\\/prototypage\\\/\",\"name\":\"Prototypage - ADDEV Materials Converting\",\"isPartOf\":{\"@id\":\"https:\\\/\\\/addevmaterials.com\\\/converting\\\/ro\\\/#website\"},\"primaryImageOfPage\":{\"@id\":\"https:\\\/\\\/addevmaterials.com\\\/converting\\\/prototypage\\\/#primaryimage\"},\"image\":{\"@id\":\"https:\\\/\\\/addevmaterials.com\\\/converting\\\/prototypage\\\/#primaryimage\"},\"thumbnailUrl\":\"https:\\\/\\\/addevmaterials.com\\\/converting\\\/wp-content\\\/uploads\\\/sites\\\/2\\\/2022\\\/06\\\/Technical-expertise-1024x671.jpg\",\"datePublished\":\"2022-04-19T12:56:46+00:00\",\"dateModified\":\"2025-12-05T09:52:06+00:00\",\"breadcrumb\":{\"@id\":\"https:\\\/\\\/addevmaterials.com\\\/converting\\\/prototypage\\\/#breadcrumb\"},\"inLanguage\":\"en-GB\",\"potentialAction\":[{\"@type\":\"ReadAction\",\"target\":[\"https:\\\/\\\/addevmaterials.com\\\/converting\\\/prototypage\\\/\"]}]},{\"@type\":\"ImageObject\",\"inLanguage\":\"en-GB\",\"@id\":\"https:\\\/\\\/addevmaterials.com\\\/converting\\\/prototypage\\\/#primaryimage\",\"url\":\"https:\\\/\\\/addevmaterials.com\\\/converting\\\/wp-content\\\/uploads\\\/sites\\\/2\\\/2022\\\/06\\\/Technical-expertise-1024x671.jpg\",\"contentUrl\":\"https:\\\/\\\/addevmaterials.com\\\/converting\\\/wp-content\\\/uploads\\\/sites\\\/2\\\/2022\\\/06\\\/Technical-expertise-1024x671.jpg\"},{\"@type\":\"BreadcrumbList\",\"@id\":\"https:\\\/\\\/addevmaterials.com\\\/converting\\\/prototypage\\\/#breadcrumb\",\"itemListElement\":[{\"@type\":\"ListItem\",\"position\":1,\"name\":\"Accueil\",\"item\":\"https:\\\/\\\/addevmaterials.com\\\/converting\\\/\"},{\"@type\":\"ListItem\",\"position\":2,\"name\":\"Prototypage\"}]},{\"@type\":\"WebSite\",\"@id\":\"https:\\\/\\\/addevmaterials.com\\\/converting\\\/ro\\\/#website\",\"url\":\"https:\\\/\\\/addevmaterials.com\\\/converting\\\/ro\\\/\",\"name\":\"ADDEV Materials Converting\",\"description\":\"\",\"publisher\":{\"@id\":\"https:\\\/\\\/addevmaterials.com\\\/converting\\\/ro\\\/#organization\"},\"potentialAction\":[{\"@type\":\"SearchAction\",\"target\":{\"@type\":\"EntryPoint\",\"urlTemplate\":\"https:\\\/\\\/addevmaterials.com\\\/converting\\\/ro\\\/?s={search_term_string}\"},\"query-input\":{\"@type\":\"PropertyValueSpecification\",\"valueRequired\":true,\"valueName\":\"search_term_string\"}}],\"inLanguage\":\"en-GB\"},{\"@type\":\"Organization\",\"@id\":\"https:\\\/\\\/addevmaterials.com\\\/converting\\\/ro\\\/#organization\",\"name\":\"ADDEV Materials Converting\",\"url\":\"https:\\\/\\\/addevmaterials.com\\\/converting\\\/ro\\\/\",\"logo\":{\"@type\":\"ImageObject\",\"inLanguage\":\"en-GB\",\"@id\":\"https:\\\/\\\/addevmaterials.com\\\/converting\\\/ro\\\/#\\\/schema\\\/logo\\\/image\\\/\",\"url\":\"https:\\\/\\\/addevmaterials.com\\\/converting\\\/wp-content\\\/uploads\\\/sites\\\/2\\\/2023\\\/04\\\/cropped-ADDEV_Materials-LOGO_RGB.png\",\"contentUrl\":\"https:\\\/\\\/addevmaterials.com\\\/converting\\\/wp-content\\\/uploads\\\/sites\\\/2\\\/2023\\\/04\\\/cropped-ADDEV_Materials-LOGO_RGB.png\",\"width\":2948,\"height\":929,\"caption\":\"ADDEV Materials Converting\"},\"image\":{\"@id\":\"https:\\\/\\\/addevmaterials.com\\\/converting\\\/ro\\\/#\\\/schema\\\/logo\\\/image\\\/\"},\"sameAs\":[\"https:\\\/\\\/www.linkedin.com\\\/company\\\/addev-materials\\\/\"]}]}<\/script>\n<!-- \/ Yoast SEO plugin. -->","yoast_head_json":{"title":"Prototyping - ADDEV Materials Converting","robots":{"index":"index","follow":"follow","max-snippet":"max-snippet:-1","max-image-preview":"max-image-preview:large","max-video-preview":"max-video-preview:-1"},"canonical":"https:\/\/addevmaterials.com\/converting\/en\/prototyping\/","og_locale":"en_GB","og_type":"article","og_title":"Prototypage - ADDEV Materials Converting","og_description":"Prototypage Les \u00e9quipes D\u00e9veloppement &amp; Innovation d&rsquo;ADDEV Materials proposent des services de prototypage mis en place pour r\u00e9aliser des pi\u00e8ces \u00e0 partir de mat\u00e9riaux identiques \u00e0 ceux utilis\u00e9s dans votre solution finale (films enduits, multicouches, pi\u00e8ces adh\u00e9sives, pi\u00e8ces rigides&#8230;). Savez-vous exactement ce que vous voulez ? Nous fabriquons un prototype conforme \u00e0 vos sp\u00e9cifications afin [&hellip;]","og_url":"https:\/\/addevmaterials.com\/converting\/en\/prototyping\/","og_site_name":"ADDEV Materials Converting","article_modified_time":"2025-12-05T09:52:06+00:00","og_image":[{"url":"https:\/\/addevmaterials.com\/converting\/wp-content\/uploads\/sites\/2\/2022\/06\/Technical-expertise-1024x671.jpg","type":"","width":"","height":""}],"twitter_card":"summary_large_image","twitter_misc":{"Estimated reading time":"2 minutes"},"schema":{"@context":"https:\/\/schema.org","@graph":[{"@type":"WebPage","@id":"https:\/\/addevmaterials.com\/converting\/prototypage\/","url":"https:\/\/addevmaterials.com\/converting\/prototypage\/","name":"Prototyping - ADDEV Materials Converting","isPartOf":{"@id":"https:\/\/addevmaterials.com\/converting\/ro\/#website"},"primaryImageOfPage":{"@id":"https:\/\/addevmaterials.com\/converting\/prototypage\/#primaryimage"},"image":{"@id":"https:\/\/addevmaterials.com\/converting\/prototypage\/#primaryimage"},"thumbnailUrl":"https:\/\/addevmaterials.com\/converting\/wp-content\/uploads\/sites\/2\/2022\/06\/Technical-expertise-1024x671.jpg","datePublished":"2022-04-19T12:56:46+00:00","dateModified":"2025-12-05T09:52:06+00:00","breadcrumb":{"@id":"https:\/\/addevmaterials.com\/converting\/prototypage\/#breadcrumb"},"inLanguage":"en-GB","potentialAction":[{"@type":"ReadAction","target":["https:\/\/addevmaterials.com\/converting\/prototypage\/"]}]},{"@type":"ImageObject","inLanguage":"en-GB","@id":"https:\/\/addevmaterials.com\/converting\/prototypage\/#primaryimage","url":"https:\/\/addevmaterials.com\/converting\/wp-content\/uploads\/sites\/2\/2022\/06\/Technical-expertise-1024x671.jpg","contentUrl":"https:\/\/addevmaterials.com\/converting\/wp-content\/uploads\/sites\/2\/2022\/06\/Technical-expertise-1024x671.jpg"},{"@type":"BreadcrumbList","@id":"https:\/\/addevmaterials.com\/converting\/prototypage\/#breadcrumb","itemListElement":[{"@type":"ListItem","position":1,"name":"Accueil","item":"https:\/\/addevmaterials.com\/converting\/"},{"@type":"ListItem","position":2,"name":"Prototypage"}]},{"@type":"WebSite","@id":"https:\/\/addevmaterials.com\/converting\/ro\/#website","url":"https:\/\/addevmaterials.com\/converting\/ro\/","name":"ADDEV Materials Converting","description":"","publisher":{"@id":"https:\/\/addevmaterials.com\/converting\/ro\/#organization"},"potentialAction":[{"@type":"SearchAction","target":{"@type":"EntryPoint","urlTemplate":"https:\/\/addevmaterials.com\/converting\/ro\/?s={search_term_string}"},"query-input":{"@type":"PropertyValueSpecification","valueRequired":true,"valueName":"search_term_string"}}],"inLanguage":"en-GB"},{"@type":"Organization","@id":"https:\/\/addevmaterials.com\/converting\/ro\/#organization","name":"ADDEV Materials Converting","url":"https:\/\/addevmaterials.com\/converting\/ro\/","logo":{"@type":"ImageObject","inLanguage":"en-GB","@id":"https:\/\/addevmaterials.com\/converting\/ro\/#\/schema\/logo\/image\/","url":"https:\/\/addevmaterials.com\/converting\/wp-content\/uploads\/sites\/2\/2023\/04\/cropped-ADDEV_Materials-LOGO_RGB.png","contentUrl":"https:\/\/addevmaterials.com\/converting\/wp-content\/uploads\/sites\/2\/2023\/04\/cropped-ADDEV_Materials-LOGO_RGB.png","width":2948,"height":929,"caption":"ADDEV Materials Converting"},"image":{"@id":"https:\/\/addevmaterials.com\/converting\/ro\/#\/schema\/logo\/image\/"},"sameAs":["https:\/\/www.linkedin.com\/company\/addev-materials\/"]}]}},"distributor_meta":false,"distributor_terms":false,"distributor_media":false,"distributor_original_site_name":"ADDEV Materials Converting","distributor_original_site_url":"https:\/\/addevmaterials.com\/converting\/en","push-errors":false,"_links":{"self":[{"href":"https:\/\/addevmaterials.com\/converting\/en\/wp-json\/wp\/v2\/pages\/4544","targetHints":{"allow":["GET"]}}],"collection":[{"href":"https:\/\/addevmaterials.com\/converting\/en\/wp-json\/wp\/v2\/pages"}],"about":[{"href":"https:\/\/addevmaterials.com\/converting\/en\/wp-json\/wp\/v2\/types\/page"}],"author":[{"embeddable":true,"href":"https:\/\/addevmaterials.com\/converting\/en\/wp-json\/wp\/v2\/users\/3"}],"replies":[{"embeddable":true,"href":"https:\/\/addevmaterials.com\/converting\/en\/wp-json\/wp\/v2\/comments?post=4544"}],"version-history":[{"count":19,"href":"https:\/\/addevmaterials.com\/converting\/en\/wp-json\/wp\/v2\/pages\/4544\/revisions"}],"predecessor-version":[{"id":25937,"href":"https:\/\/addevmaterials.com\/converting\/en\/wp-json\/wp\/v2\/pages\/4544\/revisions\/25937"}],"wp:attachment":[{"href":"https:\/\/addevmaterials.com\/converting\/en\/wp-json\/wp\/v2\/media?parent=4544"}],"curies":[{"name":"wp","href":"https:\/\/api.w.org\/{rel}","templated":true}]}}