{"id":16959,"date":"2023-06-09T21:28:39","date_gmt":"2023-06-09T19:28:39","guid":{"rendered":"https:\/\/mi.addevmaterials.com\/?page_id=12541"},"modified":"2025-07-24T12:19:31","modified_gmt":"2025-07-24T12:19:31","slug":"polieszter-szalag-3m-8992","status":"publish","type":"page","link":"https:\/\/addevmaterials.com\/converting\/hu\/ruban-polyester-3m-8992\/","title":{"rendered":"3M 8992 poli\u00e9szter szalag"},"content":{"rendered":"<div data-elementor-type=\"wp-page\" data-elementor-id=\"16959\" class=\"elementor elementor-16959\" data-elementor-post-type=\"page\">\n\t\t\t\t\t\t<section class=\"elementor-section elementor-top-section elementor-element elementor-element-16cf55d0 elementor-section-boxed elementor-section-height-default elementor-section-height-default\" data-id=\"16cf55d0\" data-element_type=\"section\" data-e-type=\"section\" data-settings=\"{&quot;background_background&quot;:&quot;classic&quot;}\">\n\t\t\t\t\t\t\t<div class=\"elementor-background-overlay\"><\/div>\n\t\t\t\t\t\t\t<div class=\"elementor-container elementor-column-gap-default\">\n\t\t\t\t\t<div class=\"elementor-column elementor-col-100 elementor-top-column elementor-element elementor-element-408402f\" data-id=\"408402f\" data-element_type=\"column\" data-e-type=\"column\">\n\t\t\t<div class=\"elementor-widget-wrap elementor-element-populated\">\n\t\t\t\t\t\t<div class=\"elementor-element elementor-element-899b830 elementor-widget elementor-widget-heading\" data-id=\"899b830\" data-element_type=\"widget\" data-e-type=\"widget\" data-widget_type=\"heading.default\">\n\t\t\t\t<div class=\"elementor-widget-container\">\n\t\t\t\t\t<p class=\"elementor-heading-title elementor-size-default\">M\u0171szaki adatlap<\/p>\t\t\t\t<\/div>\n\t\t\t\t<\/div>\n\t\t\t\t<div class=\"elementor-element elementor-element-23ab1fe7 elementor-widget elementor-widget-heading\" data-id=\"23ab1fe7\" data-element_type=\"widget\" data-e-type=\"widget\" data-widget_type=\"heading.default\">\n\t\t\t\t<div class=\"elementor-widget-container\">\n\t\t\t\t\t<h1 class=\"elementor-heading-title elementor-size-default\">3M\u2122 8992 poli\u00e9szter szalag<\/h1>\t\t\t\t<\/div>\n\t\t\t\t<\/div>\n\t\t\t\t\t<\/div>\n\t\t<\/div>\n\t\t\t\t\t<\/div>\n\t\t<\/section>\n\t\t\t\t<section class=\"elementor-section elementor-top-section elementor-element elementor-element-38d60772 elementor-section-boxed elementor-section-height-default elementor-section-height-default\" data-id=\"38d60772\" data-element_type=\"section\" data-e-type=\"section\">\n\t\t\t\t\t\t<div class=\"elementor-container elementor-column-gap-default\">\n\t\t\t\t\t<div class=\"elementor-column elementor-col-50 elementor-top-column elementor-element elementor-element-47d2986b\" data-id=\"47d2986b\" data-element_type=\"column\" data-e-type=\"column\">\n\t\t\t<div class=\"elementor-widget-wrap elementor-element-populated\">\n\t\t\t\t\t\t<div class=\"elementor-element elementor-element-2d420c21 elementor-widget elementor-widget-heading\" data-id=\"2d420c21\" data-element_type=\"widget\" data-e-type=\"widget\" data-widget_type=\"heading.default\">\n\t\t\t\t<div class=\"elementor-widget-container\">\n\t\t\t\t\t<h2 class=\"elementor-heading-title elementor-size-default\">Term\u00e9kle\u00edr\u00e1s<\/h2>\t\t\t\t<\/div>\n\t\t\t\t<\/div>\n\t\t\t\t<div class=\"elementor-element elementor-element-5c4f06cf elementor-widget elementor-widget-text-editor\" data-id=\"5c4f06cf\" data-element_type=\"widget\" data-e-type=\"widget\" data-widget_type=\"text-editor.default\">\n\t\t\t\t<div class=\"elementor-widget-container\">\n\t\t\t\t\t\t\t\t\t<p>A 3M Polyester Tape 8992 egy s\u00f6t\u00e9tz\u00f6ld sz\u00edn\u0171 poli\u00e9szter szalag szilikon ragaszt\u00f3val. Sokf\u00e9le magas h\u0151m\u00e9rs\u00e9klet\u0171 alkalmaz\u00e1sban haszn\u00e1lhat\u00f3, bele\u00e9rtve a porbevonatok, szikrasz\u0171r\u0151k \u00e9s zs\u00e1kok lez\u00e1r\u00e1s\u00e1nak maszkol\u00e1s\u00e1t. Haszn\u00e1lhat\u00f3 tov\u00e1bb\u00e1 szilikonnal kezelt b\u00e9l\u00e9sek vagy anyagok tekercs\u00e9nek illeszt\u00e9s\u00e9re, \u00f6sszek\u00f6t\u00e9s\u00e9re vagy lez\u00e1r\u00e1s\u00e1ra.<\/p>\t\t\t\t\t\t\t\t<\/div>\n\t\t\t\t<\/div>\n\t\t\t\t\t<\/div>\n\t\t<\/div>\n\t\t\t\t<div class=\"elementor-column elementor-col-50 elementor-top-column elementor-element elementor-element-4503a52a\" data-id=\"4503a52a\" data-element_type=\"column\" data-e-type=\"column\">\n\t\t\t<div class=\"elementor-widget-wrap elementor-element-populated\">\n\t\t\t\t\t\t<div class=\"elementor-element elementor-element-36ea945c elementor-widget elementor-widget-image\" data-id=\"36ea945c\" data-element_type=\"widget\" data-e-type=\"widget\" data-widget_type=\"image.default\">\n\t\t\t\t<div class=\"elementor-widget-container\">\n\t\t\t\t\t\t\t\t\t\t\t\t\t\t\t<img fetchpriority=\"high\" decoding=\"async\" width=\"300\" height=\"250\" src=\"https:\/\/addevmaterials.com\/converting\/wp-content\/uploads\/sites\/2\/2023\/07\/8992.png\" class=\"attachment-large size-large wp-image-18819\" alt=\"3M 8992 poli\u00e9szter szalag\" srcset=\"https:\/\/addevmaterials.com\/converting\/wp-content\/uploads\/sites\/2\/2023\/07\/8992.png 300w, https:\/\/addevmaterials.com\/converting\/wp-content\/uploads\/sites\/2\/2023\/07\/8992-14x12.png 14w\" sizes=\"(max-width: 300px) 100vw, 300px\" \/>\t\t\t\t\t\t\t\t\t\t\t\t\t\t\t<\/div>\n\t\t\t\t<\/div>\n\t\t\t\t\t<\/div>\n\t\t<\/div>\n\t\t\t\t\t<\/div>\n\t\t<\/section>\n\t\t\t\t<section class=\"elementor-section elementor-top-section elementor-element elementor-element-f379eb5 elementor-section-boxed elementor-section-height-default elementor-section-height-default\" data-id=\"f379eb5\" data-element_type=\"section\" data-e-type=\"section\">\n\t\t\t\t\t\t<div class=\"elementor-container elementor-column-gap-default\">\n\t\t\t\t\t<div class=\"elementor-column elementor-col-100 elementor-top-column elementor-element elementor-element-d90c5d1\" data-id=\"d90c5d1\" data-element_type=\"column\" data-e-type=\"column\">\n\t\t\t<div class=\"elementor-widget-wrap elementor-element-populated\">\n\t\t\t\t\t\t<div class=\"elementor-element elementor-element-a27d1c3 elementor-widget elementor-widget-heading\" data-id=\"a27d1c3\" data-element_type=\"widget\" data-e-type=\"widget\" data-widget_type=\"heading.default\">\n\t\t\t\t<div class=\"elementor-widget-container\">\n\t\t\t\t\t<h2 class=\"elementor-heading-title elementor-size-default\">A term\u00e9k jellemz\u0151i<\/h2>\t\t\t\t<\/div>\n\t\t\t\t<\/div>\n\t\t\t\t<div class=\"elementor-element elementor-element-570537f elementor-widget elementor-widget-text-editor\" data-id=\"570537f\" data-element_type=\"widget\" data-e-type=\"widget\" data-widget_type=\"text-editor.default\">\n\t\t\t\t<div class=\"elementor-widget-container\">\n\t\t\t\t\t\t\t\t\t<ul><li>A 3M 8992 poli\u00e9szter szalag kiv\u00e1l\u00f3 h\u0151-, kop\u00e1s- \u00e9s vegyszer\u00e1ll\u00f3s\u00e1got biztos\u00edt, mik\u00f6zben meg\u0151rzi rugalmass\u00e1g\u00e1t.<\/li><li>A z\u00f6ld sz\u00ednnek k\u00f6sz\u00f6nhet\u0151en a szalag k\u00f6nnyen \u00e9szrevehet\u0151, mind felhelyez\u00e9skor, mind elt\u00e1vol\u00edt\u00e1skor.<\/li><li>A t\u00e1masz tiszta fest\u00e9kvonalat hagy.<\/li><li>A szilikonalap\u00fa ragaszt\u00f3k sok gumi- \u00e9s akrilalap\u00fa ragaszt\u00f3hoz k\u00e9pest magas h\u0151\u00e1ll\u00f3s\u00e1got biztos\u00edtanak, cs\u00f6kkentve a l\u00e1gyul\u00e1sb\u00f3l, v\u00e9rz\u00e9sb\u0151l \u00e9s ragaszt\u00f3anyag-\u00e1thelyez\u0151d\u00e9sb\u0151l ered\u0151 meghib\u00e1sod\u00e1sokat.<\/li><li>A szilikonragaszt\u00f3k j\u00f3l tapadnak a nehezen tapad\u00f3 fel\u00fcletekhez, p\u00e9ld\u00e1ul a szilikonbevonatokhoz \u00e9s az old\u00f3szerrel bevont r\u00f6gz\u00edt\u00e9sekhez.<\/li><li>A szilikonragaszt\u00f3 sok fel\u00fcletr\u0151l tiszt\u00e1n elt\u00e1vol\u00edthat\u00f3.<\/li><li>Bevont v\u00e1ltozat el\u00e9rhet\u0151 kiv\u00e1g\u00e1sokhoz.<\/li><\/ul>\t\t\t\t\t\t\t\t<\/div>\n\t\t\t\t<\/div>\n\t\t\t\t\t<\/div>\n\t\t<\/div>\n\t\t\t\t\t<\/div>\n\t\t<\/section>\n\t\t\t\t<section class=\"elementor-section elementor-top-section elementor-element elementor-element-6b635787 elementor-section-boxed elementor-section-height-default elementor-section-height-default\" data-id=\"6b635787\" data-element_type=\"section\" data-e-type=\"section\">\n\t\t\t\t\t\t<div class=\"elementor-container elementor-column-gap-default\">\n\t\t\t\t\t<div class=\"elementor-column elementor-col-100 elementor-top-column elementor-element elementor-element-3bf0a8fd\" data-id=\"3bf0a8fd\" data-element_type=\"column\" data-e-type=\"column\">\n\t\t\t<div class=\"elementor-widget-wrap elementor-element-populated\">\n\t\t\t\t\t\t<div class=\"elementor-element elementor-element-f9c9e8a elementor-widget elementor-widget-heading\" data-id=\"f9c9e8a\" data-element_type=\"widget\" data-e-type=\"widget\" data-widget_type=\"heading.default\">\n\t\t\t\t<div class=\"elementor-widget-container\">\n\t\t\t\t\t<h2 class=\"elementor-heading-title elementor-size-default\"> Fizikai tulajdons\u00e1gok<\/h2>\t\t\t\t<\/div>\n\t\t\t\t<\/div>\n\t\t\t\t<div class=\"elementor-element elementor-element-3ee273b elementor-widget elementor-widget-image\" data-id=\"3ee273b\" data-element_type=\"widget\" data-e-type=\"widget\" data-widget_type=\"image.default\">\n\t\t\t\t<div class=\"elementor-widget-container\">\n\t\t\t\t\t\t\t\t\t\t\t\t\t\t\t<img decoding=\"async\" width=\"776\" height=\"353\" src=\"https:\/\/addevmaterials.com\/converting\/wp-content\/uploads\/sites\/2\/2023\/07\/8992-Typical-Physical-Properties.png\" class=\"attachment-large size-large wp-image-18644\" alt=\"\" srcset=\"https:\/\/addevmaterials.com\/converting\/wp-content\/uploads\/sites\/2\/2023\/07\/8992-Typical-Physical-Properties.png 776w, https:\/\/addevmaterials.com\/converting\/wp-content\/uploads\/sites\/2\/2023\/07\/8992-Typical-Physical-Properties-300x136.png 300w, https:\/\/addevmaterials.com\/converting\/wp-content\/uploads\/sites\/2\/2023\/07\/8992-Typical-Physical-Properties-768x349.png 768w, https:\/\/addevmaterials.com\/converting\/wp-content\/uploads\/sites\/2\/2023\/07\/8992-Typical-Physical-Properties-18x8.png 18w\" sizes=\"(max-width: 776px) 100vw, 776px\" \/>\t\t\t\t\t\t\t\t\t\t\t\t\t\t\t<\/div>\n\t\t\t\t<\/div>\n\t\t\t\t\t<\/div>\n\t\t<\/div>\n\t\t\t\t\t<\/div>\n\t\t<\/section>\n\t\t\t\t<section class=\"elementor-section elementor-top-section elementor-element elementor-element-528ba9f elementor-section-boxed elementor-section-height-default elementor-section-height-default\" data-id=\"528ba9f\" data-element_type=\"section\" data-e-type=\"section\">\n\t\t\t\t\t\t<div class=\"elementor-container elementor-column-gap-default\">\n\t\t\t\t\t<div class=\"elementor-column elementor-col-100 elementor-top-column elementor-element elementor-element-2fb94e8\" data-id=\"2fb94e8\" data-element_type=\"column\" data-e-type=\"column\">\n\t\t\t<div class=\"elementor-widget-wrap elementor-element-populated\">\n\t\t\t\t\t\t<div class=\"elementor-element elementor-element-43c82e7 elementor-widget elementor-widget-heading\" data-id=\"43c82e7\" data-element_type=\"widget\" data-e-type=\"widget\" data-widget_type=\"heading.default\">\n\t\t\t\t<div class=\"elementor-widget-container\">\n\t\t\t\t\t<h2 class=\"elementor-heading-title elementor-size-default\">Teljes\u00edtm\u00e9nyjellemz\u0151k<\/h2>\t\t\t\t<\/div>\n\t\t\t\t<\/div>\n\t\t\t\t<div class=\"elementor-element elementor-element-faa5e7a elementor-widget elementor-widget-image\" data-id=\"faa5e7a\" data-element_type=\"widget\" data-e-type=\"widget\" data-widget_type=\"image.default\">\n\t\t\t\t<div class=\"elementor-widget-container\">\n\t\t\t\t\t\t\t\t\t\t\t\t\t\t\t<img decoding=\"async\" width=\"776\" height=\"258\" src=\"https:\/\/addevmaterials.com\/converting\/wp-content\/uploads\/sites\/2\/2023\/07\/8992-Typical-Performance-Characteristics.png\" class=\"attachment-large size-large wp-image-18643\" alt=\"\" srcset=\"https:\/\/addevmaterials.com\/converting\/wp-content\/uploads\/sites\/2\/2023\/07\/8992-Typical-Performance-Characteristics.png 776w, https:\/\/addevmaterials.com\/converting\/wp-content\/uploads\/sites\/2\/2023\/07\/8992-Typical-Performance-Characteristics-300x100.png 300w, https:\/\/addevmaterials.com\/converting\/wp-content\/uploads\/sites\/2\/2023\/07\/8992-Typical-Performance-Characteristics-768x255.png 768w, https:\/\/addevmaterials.com\/converting\/wp-content\/uploads\/sites\/2\/2023\/07\/8992-Typical-Performance-Characteristics-18x6.png 18w\" sizes=\"(max-width: 776px) 100vw, 776px\" \/>\t\t\t\t\t\t\t\t\t\t\t\t\t\t\t<\/div>\n\t\t\t\t<\/div>\n\t\t\t\t\t<\/div>\n\t\t<\/div>\n\t\t\t\t\t<\/div>\n\t\t<\/section>\n\t\t\t\t<section class=\"elementor-section elementor-top-section elementor-element elementor-element-d29f7b5 elementor-section-boxed elementor-section-height-default elementor-section-height-default\" data-id=\"d29f7b5\" data-element_type=\"section\" data-e-type=\"section\">\n\t\t\t\t\t\t<div class=\"elementor-container elementor-column-gap-default\">\n\t\t\t\t\t<div class=\"elementor-column elementor-col-100 elementor-top-column elementor-element elementor-element-1e54dc4\" data-id=\"1e54dc4\" data-element_type=\"column\" data-e-type=\"column\">\n\t\t\t<div class=\"elementor-widget-wrap elementor-element-populated\">\n\t\t\t\t\t\t<div class=\"elementor-element elementor-element-2c96d9a elementor-widget elementor-widget-heading\" data-id=\"2c96d9a\" data-element_type=\"widget\" data-e-type=\"widget\" data-widget_type=\"heading.default\">\n\t\t\t\t<div class=\"elementor-widget-container\">\n\t\t\t\t\t<h2 class=\"elementor-heading-title elementor-size-default\">T\u00e1rol\u00e1s \u00e9s eltarthat\u00f3s\u00e1g<\/h2>\t\t\t\t<\/div>\n\t\t\t\t<\/div>\n\t\t\t\t<div class=\"elementor-element elementor-element-5c8fc15 elementor-widget elementor-widget-text-editor\" data-id=\"5c8fc15\" data-element_type=\"widget\" data-e-type=\"widget\" data-widget_type=\"text-editor.default\">\n\t\t\t\t<div class=\"elementor-widget-container\">\n\t\t\t\t\t\t\t\t\t<p>T\u00e1rolja norm\u00e1l k\u00f6r\u00fclm\u00e9nyek k\u00f6z\u00f6tt, 16\u00b0C \u00e9s 27\u00b0C (60\u00b0F \u00e9s 80\u00b0F) k\u00f6z\u00f6tt, 40 % \u00e9s 60 % k\u00f6z\u00f6tti relat\u00edv p\u00e1ratartalom mellett, eredeti csomagol\u00e1s\u00e1ban.<br \/>A legjobb teljes\u00edtm\u00e9ny \u00e9rdek\u00e9ben a term\u00e9ket a gy\u00e1rt\u00e1si d\u00e1tumt\u00f3l sz\u00e1m\u00edtott 24 h\u00f3napon bel\u00fcl haszn\u00e1lja.<\/p>\t\t\t\t\t\t\t\t<\/div>\n\t\t\t\t<\/div>\n\t\t\t\t\t<\/div>\n\t\t<\/div>\n\t\t\t\t\t<\/div>\n\t\t<\/section>\n\t\t\t\t<\/div>","protected":false},"excerpt":{"rendered":"<p>Technical Data Sheet Ruban polyester 3M\u2122 8992 D\u00e9scription produit Le ruban polyester 3M 8992 est un ruban polyester vert fonc\u00e9 avec un adh\u00e9sif silicone. Il peut \u00eatre utilis\u00e9 dans une grande vari\u00e9t\u00e9 d&rsquo;applications \u00e0 haute temp\u00e9rature, notamment le masquage de rev\u00eatements en poudre, les pare-\u00e9tincelles et le scellage de sacs. Il peut \u00e9galement \u00eatre utilis\u00e9 [&hellip;]<\/p>\n","protected":false},"author":3,"featured_media":18819,"parent":0,"menu_order":0,"comment_status":"closed","ping_status":"closed","template":"elementor_header_footer","meta":{"footnotes":""},"class_list":["post-16959","page","type-page","status-publish","has-post-thumbnail","hentry"],"yoast_head":"<!-- This site is optimized with the Yoast SEO plugin v27.3 - https:\/\/yoast.com\/product\/yoast-seo-wordpress\/ -->\n<title>Ruban polyester 3M 8992 : usages et performances<\/title>\n<meta name=\"description\" content=\"D\u00e9couvrez les caract\u00e9ristiques du ruban polyester 3M 8992 et ses applications techniques. Contactez ADDEV pour plus d\u2019informations.\" \/>\n<meta name=\"robots\" content=\"index, follow, max-snippet:-1, max-image-preview:large, max-video-preview:-1\" \/>\n<link rel=\"canonical\" href=\"https:\/\/addevmaterials.com\/converting\/hu\/polieszter-szalag-3m-8992\/\" \/>\n<meta property=\"og:locale\" content=\"hu_HU\" \/>\n<meta property=\"og:type\" content=\"article\" \/>\n<meta property=\"og:title\" content=\"Ruban polyester 3M 8992 : usages et performances\" \/>\n<meta property=\"og:description\" content=\"D\u00e9couvrez les caract\u00e9ristiques du ruban polyester 3M 8992 et ses applications techniques. Contactez ADDEV pour plus d\u2019informations.\" \/>\n<meta property=\"og:url\" content=\"https:\/\/addevmaterials.com\/converting\/hu\/polieszter-szalag-3m-8992\/\" \/>\n<meta property=\"og:site_name\" content=\"ADDEV Materials Converting\" \/>\n<meta property=\"article:modified_time\" content=\"2025-07-24T12:19:31+00:00\" \/>\n<meta property=\"og:image\" content=\"https:\/\/addevmaterials.com\/converting\/wp-content\/uploads\/sites\/2\/2023\/07\/8992.png\" \/>\n\t<meta property=\"og:image:width\" content=\"300\" \/>\n\t<meta property=\"og:image:height\" content=\"250\" \/>\n\t<meta property=\"og:image:type\" content=\"image\/png\" \/>\n<meta name=\"twitter:card\" content=\"summary_large_image\" \/>\n<meta name=\"twitter:label1\" content=\"Becs\u00fclt olvas\u00e1si id\u0151\" \/>\n\t<meta name=\"twitter:data1\" content=\"2 perc\" \/>\n<script type=\"application\/ld+json\" class=\"yoast-schema-graph\">{\"@context\":\"https:\\\/\\\/schema.org\",\"@graph\":[{\"@type\":\"WebPage\",\"@id\":\"https:\\\/\\\/addevmaterials.com\\\/converting\\\/ruban-polyester-3m-8992\\\/\",\"url\":\"https:\\\/\\\/addevmaterials.com\\\/converting\\\/ruban-polyester-3m-8992\\\/\",\"name\":\"Ruban polyester 3M 8992 : usages et performances\",\"isPartOf\":{\"@id\":\"https:\\\/\\\/addevmaterials.com\\\/converting\\\/ro\\\/#website\"},\"primaryImageOfPage\":{\"@id\":\"https:\\\/\\\/addevmaterials.com\\\/converting\\\/ruban-polyester-3m-8992\\\/#primaryimage\"},\"image\":{\"@id\":\"https:\\\/\\\/addevmaterials.com\\\/converting\\\/ruban-polyester-3m-8992\\\/#primaryimage\"},\"thumbnailUrl\":\"https:\\\/\\\/addevmaterials.com\\\/converting\\\/wp-content\\\/uploads\\\/sites\\\/2\\\/2023\\\/07\\\/8992.png\",\"datePublished\":\"2023-06-09T19:28:39+00:00\",\"dateModified\":\"2025-07-24T12:19:31+00:00\",\"description\":\"D\u00e9couvrez les caract\u00e9ristiques du ruban polyester 3M 8992 et ses applications techniques. Contactez ADDEV pour plus d\u2019informations.\",\"breadcrumb\":{\"@id\":\"https:\\\/\\\/addevmaterials.com\\\/converting\\\/ruban-polyester-3m-8992\\\/#breadcrumb\"},\"inLanguage\":\"hu\",\"potentialAction\":[{\"@type\":\"ReadAction\",\"target\":[\"https:\\\/\\\/addevmaterials.com\\\/converting\\\/ruban-polyester-3m-8992\\\/\"]}]},{\"@type\":\"ImageObject\",\"inLanguage\":\"hu\",\"@id\":\"https:\\\/\\\/addevmaterials.com\\\/converting\\\/ruban-polyester-3m-8992\\\/#primaryimage\",\"url\":\"https:\\\/\\\/addevmaterials.com\\\/converting\\\/wp-content\\\/uploads\\\/sites\\\/2\\\/2023\\\/07\\\/8992.png\",\"contentUrl\":\"https:\\\/\\\/addevmaterials.com\\\/converting\\\/wp-content\\\/uploads\\\/sites\\\/2\\\/2023\\\/07\\\/8992.png\",\"width\":300,\"height\":250,\"caption\":\"Ruban polyester 3M 8992\"},{\"@type\":\"BreadcrumbList\",\"@id\":\"https:\\\/\\\/addevmaterials.com\\\/converting\\\/ruban-polyester-3m-8992\\\/#breadcrumb\",\"itemListElement\":[{\"@type\":\"ListItem\",\"position\":1,\"name\":\"Accueil\",\"item\":\"https:\\\/\\\/addevmaterials.com\\\/converting\\\/\"},{\"@type\":\"ListItem\",\"position\":2,\"name\":\"Ruban polyester 3M 8992\"}]},{\"@type\":\"WebSite\",\"@id\":\"https:\\\/\\\/addevmaterials.com\\\/converting\\\/ro\\\/#website\",\"url\":\"https:\\\/\\\/addevmaterials.com\\\/converting\\\/ro\\\/\",\"name\":\"ADDEV Materials Converting\",\"description\":\"\",\"publisher\":{\"@id\":\"https:\\\/\\\/addevmaterials.com\\\/converting\\\/ro\\\/#organization\"},\"potentialAction\":[{\"@type\":\"SearchAction\",\"target\":{\"@type\":\"EntryPoint\",\"urlTemplate\":\"https:\\\/\\\/addevmaterials.com\\\/converting\\\/ro\\\/?s={search_term_string}\"},\"query-input\":{\"@type\":\"PropertyValueSpecification\",\"valueRequired\":true,\"valueName\":\"search_term_string\"}}],\"inLanguage\":\"hu\"},{\"@type\":\"Organization\",\"@id\":\"https:\\\/\\\/addevmaterials.com\\\/converting\\\/ro\\\/#organization\",\"name\":\"ADDEV Materials Converting\",\"url\":\"https:\\\/\\\/addevmaterials.com\\\/converting\\\/ro\\\/\",\"logo\":{\"@type\":\"ImageObject\",\"inLanguage\":\"hu\",\"@id\":\"https:\\\/\\\/addevmaterials.com\\\/converting\\\/ro\\\/#\\\/schema\\\/logo\\\/image\\\/\",\"url\":\"https:\\\/\\\/addevmaterials.com\\\/converting\\\/wp-content\\\/uploads\\\/sites\\\/2\\\/2023\\\/04\\\/cropped-ADDEV_Materials-LOGO_RGB.png\",\"contentUrl\":\"https:\\\/\\\/addevmaterials.com\\\/converting\\\/wp-content\\\/uploads\\\/sites\\\/2\\\/2023\\\/04\\\/cropped-ADDEV_Materials-LOGO_RGB.png\",\"width\":2948,\"height\":929,\"caption\":\"ADDEV Materials Converting\"},\"image\":{\"@id\":\"https:\\\/\\\/addevmaterials.com\\\/converting\\\/ro\\\/#\\\/schema\\\/logo\\\/image\\\/\"},\"sameAs\":[\"https:\\\/\\\/www.linkedin.com\\\/company\\\/addev-materials\\\/\"]}]}<\/script>\n<!-- \/ Yoast SEO plugin. -->","yoast_head_json":{"title":"3M 8992 poli\u00e9szter szalag: felhaszn\u00e1l\u00e1s \u00e9s teljes\u00edtm\u00e9ny","description":"Tudjon meg t\u00f6bbet a 3M 8992 poli\u00e9szter szalag jellemz\u0151ir\u0151l \u00e9s m\u0171szaki alkalmaz\u00e1sair\u00f3l. Tov\u00e1bbi inform\u00e1ci\u00f3\u00e9rt forduljon az ADDEV-hez.","robots":{"index":"index","follow":"follow","max-snippet":"max-snippet:-1","max-image-preview":"max-image-preview:large","max-video-preview":"max-video-preview:-1"},"canonical":"https:\/\/addevmaterials.com\/converting\/hu\/polieszter-szalag-3m-8992\/","og_locale":"hu_HU","og_type":"article","og_title":"Ruban polyester 3M 8992 : usages et performances","og_description":"D\u00e9couvrez les caract\u00e9ristiques du ruban polyester 3M 8992 et ses applications techniques. Contactez ADDEV pour plus d\u2019informations.","og_url":"https:\/\/addevmaterials.com\/converting\/hu\/polieszter-szalag-3m-8992\/","og_site_name":"ADDEV Materials Converting","article_modified_time":"2025-07-24T12:19:31+00:00","og_image":[{"width":300,"height":250,"url":"https:\/\/addevmaterials.com\/converting\/wp-content\/uploads\/sites\/2\/2023\/07\/8992.png","type":"image\/png"}],"twitter_card":"summary_large_image","twitter_misc":{"Becs\u00fclt olvas\u00e1si id\u0151":"2 perc"},"schema":{"@context":"https:\/\/schema.org","@graph":[{"@type":"WebPage","@id":"https:\/\/addevmaterials.com\/converting\/ruban-polyester-3m-8992\/","url":"https:\/\/addevmaterials.com\/converting\/ruban-polyester-3m-8992\/","name":"3M 8992 poli\u00e9szter szalag: felhaszn\u00e1l\u00e1s \u00e9s teljes\u00edtm\u00e9ny","isPartOf":{"@id":"https:\/\/addevmaterials.com\/converting\/ro\/#website"},"primaryImageOfPage":{"@id":"https:\/\/addevmaterials.com\/converting\/ruban-polyester-3m-8992\/#primaryimage"},"image":{"@id":"https:\/\/addevmaterials.com\/converting\/ruban-polyester-3m-8992\/#primaryimage"},"thumbnailUrl":"https:\/\/addevmaterials.com\/converting\/wp-content\/uploads\/sites\/2\/2023\/07\/8992.png","datePublished":"2023-06-09T19:28:39+00:00","dateModified":"2025-07-24T12:19:31+00:00","description":"Tudjon meg t\u00f6bbet a 3M 8992 poli\u00e9szter szalag jellemz\u0151ir\u0151l \u00e9s m\u0171szaki alkalmaz\u00e1sair\u00f3l. Tov\u00e1bbi inform\u00e1ci\u00f3\u00e9rt forduljon az ADDEV-hez.","breadcrumb":{"@id":"https:\/\/addevmaterials.com\/converting\/ruban-polyester-3m-8992\/#breadcrumb"},"inLanguage":"hu","potentialAction":[{"@type":"ReadAction","target":["https:\/\/addevmaterials.com\/converting\/ruban-polyester-3m-8992\/"]}]},{"@type":"ImageObject","inLanguage":"hu","@id":"https:\/\/addevmaterials.com\/converting\/ruban-polyester-3m-8992\/#primaryimage","url":"https:\/\/addevmaterials.com\/converting\/wp-content\/uploads\/sites\/2\/2023\/07\/8992.png","contentUrl":"https:\/\/addevmaterials.com\/converting\/wp-content\/uploads\/sites\/2\/2023\/07\/8992.png","width":300,"height":250,"caption":"Ruban polyester 3M 8992"},{"@type":"BreadcrumbList","@id":"https:\/\/addevmaterials.com\/converting\/ruban-polyester-3m-8992\/#breadcrumb","itemListElement":[{"@type":"ListItem","position":1,"name":"Accueil","item":"https:\/\/addevmaterials.com\/converting\/"},{"@type":"ListItem","position":2,"name":"Ruban polyester 3M 8992"}]},{"@type":"WebSite","@id":"https:\/\/addevmaterials.com\/converting\/ro\/#website","url":"https:\/\/addevmaterials.com\/converting\/ro\/","name":"ADDEV Anyagok feldolgoz\u00e1sa","description":"","publisher":{"@id":"https:\/\/addevmaterials.com\/converting\/ro\/#organization"},"potentialAction":[{"@type":"SearchAction","target":{"@type":"EntryPoint","urlTemplate":"https:\/\/addevmaterials.com\/converting\/ro\/?s={search_term_string}"},"query-input":{"@type":"PropertyValueSpecification","valueRequired":true,"valueName":"search_term_string"}}],"inLanguage":"hu"},{"@type":"Organization","@id":"https:\/\/addevmaterials.com\/converting\/ro\/#organization","name":"ADDEV Anyagok feldolgoz\u00e1sa","url":"https:\/\/addevmaterials.com\/converting\/ro\/","logo":{"@type":"ImageObject","inLanguage":"hu","@id":"https:\/\/addevmaterials.com\/converting\/ro\/#\/schema\/logo\/image\/","url":"https:\/\/addevmaterials.com\/converting\/wp-content\/uploads\/sites\/2\/2023\/04\/cropped-ADDEV_Materials-LOGO_RGB.png","contentUrl":"https:\/\/addevmaterials.com\/converting\/wp-content\/uploads\/sites\/2\/2023\/04\/cropped-ADDEV_Materials-LOGO_RGB.png","width":2948,"height":929,"caption":"ADDEV Materials Converting"},"image":{"@id":"https:\/\/addevmaterials.com\/converting\/ro\/#\/schema\/logo\/image\/"},"sameAs":["https:\/\/www.linkedin.com\/company\/addev-materials\/"]}]}},"distributor_meta":false,"distributor_terms":false,"distributor_media":false,"distributor_original_site_name":"ADDEV Materials Converting","distributor_original_site_url":"https:\/\/addevmaterials.com\/converting\/hu","push-errors":false,"_links":{"self":[{"href":"https:\/\/addevmaterials.com\/converting\/hu\/wp-json\/wp\/v2\/pages\/16959","targetHints":{"allow":["GET"]}}],"collection":[{"href":"https:\/\/addevmaterials.com\/converting\/hu\/wp-json\/wp\/v2\/pages"}],"about":[{"href":"https:\/\/addevmaterials.com\/converting\/hu\/wp-json\/wp\/v2\/types\/page"}],"author":[{"embeddable":true,"href":"https:\/\/addevmaterials.com\/converting\/hu\/wp-json\/wp\/v2\/users\/3"}],"replies":[{"embeddable":true,"href":"https:\/\/addevmaterials.com\/converting\/hu\/wp-json\/wp\/v2\/comments?post=16959"}],"version-history":[{"count":13,"href":"https:\/\/addevmaterials.com\/converting\/hu\/wp-json\/wp\/v2\/pages\/16959\/revisions"}],"predecessor-version":[{"id":23999,"href":"https:\/\/addevmaterials.com\/converting\/hu\/wp-json\/wp\/v2\/pages\/16959\/revisions\/23999"}],"wp:featuredmedia":[{"embeddable":true,"href":"https:\/\/addevmaterials.com\/converting\/hu\/wp-json\/wp\/v2\/media\/18819"}],"wp:attachment":[{"href":"https:\/\/addevmaterials.com\/converting\/hu\/wp-json\/wp\/v2\/media?parent=16959"}],"curies":[{"name":"wp","href":"https:\/\/api.w.org\/{rel}","templated":true}]}}