{"id":2323,"date":"2022-03-16T10:00:52","date_gmt":"2022-03-16T10:00:52","guid":{"rendered":"https:\/\/mi.addevmaterials.com\/?page_id=2323"},"modified":"2023-11-07T15:17:13","modified_gmt":"2023-11-07T15:17:13","slug":"rogers-partner-oldal","status":"publish","type":"page","link":"https:\/\/addevmaterials.com\/converting\/hu\/rogers-page-partenaire\/","title":{"rendered":"Rogers partner oldala"},"content":{"rendered":"<div data-elementor-type=\"wp-page\" data-elementor-id=\"2323\" class=\"elementor elementor-2323\" data-elementor-post-type=\"page\">\n\t\t\t\t\t\t<section class=\"elementor-section elementor-top-section elementor-element elementor-element-2bd83d39 elementor-section-boxed elementor-section-height-default elementor-section-height-default\" data-id=\"2bd83d39\" data-element_type=\"section\" data-e-type=\"section\" data-settings=\"{&quot;background_background&quot;:&quot;classic&quot;}\">\n\t\t\t\t\t\t\t<div class=\"elementor-background-overlay\"><\/div>\n\t\t\t\t\t\t\t<div class=\"elementor-container elementor-column-gap-default\">\n\t\t\t\t\t<div class=\"elementor-column elementor-col-100 elementor-top-column elementor-element elementor-element-13e4159f\" data-id=\"13e4159f\" data-element_type=\"column\" data-e-type=\"column\">\n\t\t\t<div class=\"elementor-widget-wrap elementor-element-populated\">\n\t\t\t\t\t\t<div class=\"elementor-element elementor-element-2318887f elementor-widget elementor-widget-heading\" data-id=\"2318887f\" data-element_type=\"widget\" data-e-type=\"widget\" data-widget_type=\"heading.default\">\n\t\t\t\t<div class=\"elementor-widget-container\">\n\t\t\t\t\t<h1 class=\"elementor-heading-title elementor-size-default\">Rogers \u00e9s ADDEV Materials<\/h1>\t\t\t\t<\/div>\n\t\t\t\t<\/div>\n\t\t\t\t\t<\/div>\n\t\t<\/div>\n\t\t\t\t\t<\/div>\n\t\t<\/section>\n\t\t\t\t<section class=\"elementor-section elementor-top-section elementor-element elementor-element-43b9923e elementor-section-boxed elementor-section-height-default elementor-section-height-default\" data-id=\"43b9923e\" data-element_type=\"section\" data-e-type=\"section\">\n\t\t\t\t\t\t<div class=\"elementor-container elementor-column-gap-default\">\n\t\t\t\t\t<div class=\"elementor-column elementor-col-100 elementor-top-column elementor-element elementor-element-624cc93b\" data-id=\"624cc93b\" data-element_type=\"column\" data-e-type=\"column\">\n\t\t\t<div class=\"elementor-widget-wrap elementor-element-populated\">\n\t\t\t\t\t\t<div class=\"elementor-element elementor-element-10bdfbe2 elementor-widget elementor-widget-text-editor\" data-id=\"10bdfbe2\" data-element_type=\"widget\" data-e-type=\"widget\" data-widget_type=\"text-editor.default\">\n\t\t\t\t<div class=\"elementor-widget-container\">\n\t\t\t\t\t\t\t\t\t<p>\u00dczlet\u00fcnk k\u00f6z\u00e9ppontj\u00e1ban az innov\u00e1ci\u00f3 \u00e1ll. Ezen az alapon szil\u00e1rd partners\u00e9get alak\u00edtottunk ki a Rogersszel, hogy megfelelhess\u00fcnk \u00fcgyfeleink ig\u00e9nyeinek.<\/p>\t\t\t\t\t\t\t\t<\/div>\n\t\t\t\t<\/div>\n\t\t\t\t\t<\/div>\n\t\t<\/div>\n\t\t\t\t\t<\/div>\n\t\t<\/section>\n\t\t\t\t<section class=\"elementor-section elementor-top-section elementor-element elementor-element-2bc377e9 elementor-section-boxed elementor-section-height-default elementor-section-height-default\" data-id=\"2bc377e9\" data-element_type=\"section\" data-e-type=\"section\">\n\t\t\t\t\t\t<div class=\"elementor-container elementor-column-gap-default\">\n\t\t\t\t\t<div class=\"elementor-column elementor-col-50 elementor-top-column elementor-element elementor-element-1e0f568\" data-id=\"1e0f568\" data-element_type=\"column\" data-e-type=\"column\">\n\t\t\t<div class=\"elementor-widget-wrap elementor-element-populated\">\n\t\t\t\t\t\t<div class=\"elementor-element elementor-element-18b2fd43 elementor-widget elementor-widget-image\" data-id=\"18b2fd43\" data-element_type=\"widget\" data-e-type=\"widget\" data-widget_type=\"image.default\">\n\t\t\t\t<div class=\"elementor-widget-container\">\n\t\t\t\t\t\t\t\t\t\t\t\t\t\t\t<img fetchpriority=\"high\" decoding=\"async\" width=\"960\" height=\"540\" src=\"https:\/\/addevmaterials.com\/converting\/wp-content\/uploads\/sites\/2\/2022\/03\/Rogers-1-2.jpg\" class=\"attachment-large size-large wp-image-1955\" alt=\"Rogers log\u00f3\" srcset=\"https:\/\/addevmaterials.com\/converting\/wp-content\/uploads\/sites\/2\/2022\/03\/Rogers-1-2.jpg 960w, https:\/\/addevmaterials.com\/converting\/wp-content\/uploads\/sites\/2\/2022\/03\/Rogers-1-2-300x169.jpg 300w, https:\/\/addevmaterials.com\/converting\/wp-content\/uploads\/sites\/2\/2022\/03\/Rogers-1-2-768x432.jpg 768w, https:\/\/addevmaterials.com\/converting\/wp-content\/uploads\/sites\/2\/2022\/03\/Rogers-1-2-18x10.jpg 18w\" sizes=\"(max-width: 960px) 100vw, 960px\" \/>\t\t\t\t\t\t\t\t\t\t\t\t\t\t\t<\/div>\n\t\t\t\t<\/div>\n\t\t\t\t\t<\/div>\n\t\t<\/div>\n\t\t\t\t<div class=\"elementor-column elementor-col-50 elementor-top-column elementor-element elementor-element-704cd623\" data-id=\"704cd623\" data-element_type=\"column\" data-e-type=\"column\">\n\t\t\t<div class=\"elementor-widget-wrap elementor-element-populated\">\n\t\t\t\t\t\t<div class=\"elementor-element elementor-element-14524364 elementor-widget elementor-widget-heading\" data-id=\"14524364\" data-element_type=\"widget\" data-e-type=\"widget\" data-widget_type=\"heading.default\">\n\t\t\t\t<div class=\"elementor-widget-container\">\n\t\t\t\t\t<span class=\"elementor-heading-title elementor-size-default\">Szil\u00e1rd partners\u00e9g\n<\/span>\t\t\t\t<\/div>\n\t\t\t\t<\/div>\n\t\t\t\t<div class=\"elementor-element elementor-element-4acf3426 elementor-widget elementor-widget-heading\" data-id=\"4acf3426\" data-element_type=\"widget\" data-e-type=\"widget\" data-widget_type=\"heading.default\">\n\t\t\t\t<div class=\"elementor-widget-container\">\n\t\t\t\t\t<h2 class=\"elementor-heading-title elementor-size-default\">Rogers \u00e9s ADDEV Materials<\/h2>\t\t\t\t<\/div>\n\t\t\t\t<\/div>\n\t\t\t\t<div class=\"elementor-element elementor-element-405c6a1b elementor-widget elementor-widget-text-editor\" data-id=\"405c6a1b\" data-element_type=\"widget\" data-e-type=\"widget\" data-widget_type=\"text-editor.default\">\n\t\t\t\t<div class=\"elementor-widget-container\">\n\t\t\t\t\t\t\t\t\t<p>A Rogers \u00e9s az ADDEV Materials egy er\u0151s partners\u00e9g, amely \u00c9szak-Amerik\u00e1b\u00f3l sz\u00e1rmazik.<\/p><p>Egy\u00fctt dolgozunk innovat\u00edv megold\u00e1sok kifejleszt\u00e9s\u00e9n a piacok \u00e9s alkalmaz\u00e1sok sz\u00e9les sk\u00e1l\u00e1j\u00e1ra (t\u00f6bbek k\u00f6z\u00f6tt az aut\u00f3ipar, a vas\u00fat, a sz\u00e9l- \u00e9s napenergia stb. sz\u00e1m\u00e1ra).\u00a0<\/p><p>A Rogers nagy szak\u00e9rtelme a lamin\u00e1lt anyagok, kompozitok, habok \u00e9s elasztomer anyagok ter\u00e9n, valamint feldolgoz\u00e1si k\u00e9pess\u00e9geink (bele\u00e9rtve a has\u00edt\u00e1st is) lehet\u0151v\u00e9 teszik sz\u00e1munkra, hogy szem\u00e9lyre szabott megold\u00e1sokkal v\u00e1laszoljunk k\u00f6z\u00f6s ipar\u00e1gainknak \u00e9s \u00fcgyfeleinknek.<\/p>\t\t\t\t\t\t\t\t<\/div>\n\t\t\t\t<\/div>\n\t\t\t\t\t<\/div>\n\t\t<\/div>\n\t\t\t\t\t<\/div>\n\t\t<\/section>\n\t\t\t\t<section class=\"elementor-section elementor-top-section elementor-element elementor-element-3d04829a elementor-section-boxed elementor-section-height-default elementor-section-height-default\" data-id=\"3d04829a\" data-element_type=\"section\" data-e-type=\"section\">\n\t\t\t\t\t\t<div class=\"elementor-container elementor-column-gap-default\">\n\t\t\t\t\t<div class=\"elementor-column elementor-col-100 elementor-top-column elementor-element elementor-element-2c3a629e\" data-id=\"2c3a629e\" data-element_type=\"column\" data-e-type=\"column\">\n\t\t\t<div class=\"elementor-widget-wrap elementor-element-populated\">\n\t\t\t\t\t\t<div class=\"elementor-element elementor-element-487711b5 elementor-widget elementor-widget-heading\" data-id=\"487711b5\" data-element_type=\"widget\" data-e-type=\"widget\" data-widget_type=\"heading.default\">\n\t\t\t\t<div class=\"elementor-widget-container\">\n\t\t\t\t\t<h2 class=\"elementor-heading-title elementor-size-default\">Rogers Corporation<\/h2>\t\t\t\t<\/div>\n\t\t\t\t<\/div>\n\t\t\t\t<div class=\"elementor-element elementor-element-13ba776a elementor-widget elementor-widget-text-editor\" data-id=\"13ba776a\" data-element_type=\"widget\" data-e-type=\"widget\" data-widget_type=\"text-editor.default\">\n\t\t\t\t<div class=\"elementor-widget-container\">\n\t\t\t\t\t\t\t\t\t<p>A Rogers Corporation vil\u00e1gels\u0151 a vil\u00e1got energi\u00e1val, v\u00e9delemmel \u00e9s \u00f6sszek\u00f6ttet\u00e9ssel ell\u00e1t\u00f3, m\u00e9rn\u00f6ki anyagokkal foglalkoz\u00f3 v\u00e1llalatok k\u00f6z\u00f6tt.\u00a0<\/p><p>Sz\u00e9les k\u00f6r\u0171 megold\u00e1saik a fejlett elektronikai megold\u00e1sokt\u00f3l az elasztomer anyagmegold\u00e1sokig \u00e9s elasztomer alkatr\u00e9szekig terjednek. Ez a sz\u00e9les term\u00e9kportf\u00f3li\u00f3 megveti a l\u00e1bukat a legt\u00f6bb energi\u00e1val kapcsolatos piacon (csatlakoztatott eszk\u00f6z\u00f6k, nagy k\u00e9sz\u00fcl\u00e9kek, hordozhat\u00f3 elektronika, sz\u00e9l- \u00e9s napenergia stb.), valamint a mobilit\u00e1si piacokon, p\u00e9ld\u00e1ul az aut\u00f3iparban, a vas\u00fati k\u00f6zleked\u00e9sben stb.<\/p>\t\t\t\t\t\t\t\t<\/div>\n\t\t\t\t<\/div>\n\t\t\t\t\t<\/div>\n\t\t<\/div>\n\t\t\t\t\t<\/div>\n\t\t<\/section>\n\t\t\t\t<section class=\"elementor-section elementor-top-section elementor-element elementor-element-792fc121 elementor-reverse-tablet elementor-reverse-mobile elementor-section-boxed elementor-section-height-default elementor-section-height-default\" data-id=\"792fc121\" data-element_type=\"section\" data-e-type=\"section\">\n\t\t\t\t\t\t<div class=\"elementor-container elementor-column-gap-default\">\n\t\t\t\t\t<div class=\"elementor-column elementor-col-50 elementor-top-column elementor-element elementor-element-17993fc9\" data-id=\"17993fc9\" data-element_type=\"column\" data-e-type=\"column\">\n\t\t\t<div class=\"elementor-widget-wrap elementor-element-populated\">\n\t\t\t\t\t\t<div class=\"elementor-element elementor-element-3eb81bbb elementor-widget elementor-widget-heading\" data-id=\"3eb81bbb\" data-element_type=\"widget\" data-e-type=\"widget\" data-widget_type=\"heading.default\">\n\t\t\t\t<div class=\"elementor-widget-container\">\n\t\t\t\t\t<span class=\"elementor-heading-title elementor-size-default\">F\u00f3kuszban<\/span>\t\t\t\t<\/div>\n\t\t\t\t<\/div>\n\t\t\t\t<div class=\"elementor-element elementor-element-7cd6d41f elementor-widget elementor-widget-heading\" data-id=\"7cd6d41f\" data-element_type=\"widget\" data-e-type=\"widget\" data-widget_type=\"heading.default\">\n\t\t\t\t<div class=\"elementor-widget-container\">\n\t\t\t\t\t<h2 class=\"elementor-heading-title elementor-size-default\">BISCO\u00ae szilikonok<\/h2>\t\t\t\t<\/div>\n\t\t\t\t<\/div>\n\t\t\t\t<div class=\"elementor-element elementor-element-48a3db2 elementor-widget elementor-widget-text-editor\" data-id=\"48a3db2\" data-element_type=\"widget\" data-e-type=\"widget\" data-widget_type=\"text-editor.default\">\n\t\t\t\t<div class=\"elementor-widget-container\">\n\t\t\t\t\t\t\t\t\t<p>A Rogers BISCO term\u00e9kcsal\u00e1dok a vil\u00e1g vezet\u0151 szilikonhabjai, amelyeket t\u00f6m\u00edt\u00e9sekhez \u00e9s t\u00f6m\u00edt\u0151 alkalmaz\u00e1sokhoz haszn\u00e1lnak. A BISCO a cell\u00e1s, t\u00f6m\u00f6r \u00e9s speci\u00e1lis anyagok sz\u00e9les v\u00e1laszt\u00e9k\u00e1t k\u00edn\u00e1lja, amelyeket tekercsben gy\u00e1rtanak. Ezek a nagy teljes\u00edtm\u00e9ny\u0171 anyagok k\u00e9szen \u00e1llnak arra, hogy h\u0151v\u00e9d\u0151, t\u0171zg\u00e1tl\u00f3, t\u00f6m\u00edt\u0151, p\u00e1rn\u00e1z\u00f3 \u00e9s szigetel\u0151 anyagokk\u00e1 alak\u00edts\u00e1k \u0151ket.\u00a0<\/p><p>Tulajdons\u00e1gaiknak k\u00f6sz\u00f6nhet\u0151en ez a term\u00e9kcsal\u00e1d ide\u00e1lis a legk\u00fcl\u00f6nb\u00f6z\u0151bb alkalmaz\u00e1sokhoz, mint p\u00e9ld\u00e1ul p\u00e1rn\u00e1z\u00e1s, lyukak kit\u00f6lt\u00e9se, t\u00f6m\u00edt\u00e9s \u00e9s t\u00f6m\u00edt\u00e9s, HEV burkolatok, \u00fct\u00e9scsillap\u00edt\u00e1s, hangszigetel\u00e9s, rezg\u00e9scsillap\u00edt\u00e1s, h\u0151kezel\u00e9s...<\/p>\t\t\t\t\t\t\t\t<\/div>\n\t\t\t\t<\/div>\n\t\t\t\t\t<\/div>\n\t\t<\/div>\n\t\t\t\t<div class=\"elementor-column elementor-col-50 elementor-top-column elementor-element elementor-element-2bc83776\" data-id=\"2bc83776\" data-element_type=\"column\" data-e-type=\"column\">\n\t\t\t<div class=\"elementor-widget-wrap elementor-element-populated\">\n\t\t\t\t\t\t<div class=\"elementor-element elementor-element-39ee32e9 elementor-widget elementor-widget-image\" data-id=\"39ee32e9\" data-element_type=\"widget\" data-e-type=\"widget\" data-widget_type=\"image.default\">\n\t\t\t\t<div class=\"elementor-widget-container\">\n\t\t\t\t\t\t\t\t\t\t\t\t\t\t\t<img decoding=\"async\" width=\"450\" height=\"450\" src=\"https:\/\/addevmaterials.com\/converting\/wp-content\/uploads\/sites\/2\/2022\/03\/Bisco.jpg\" class=\"attachment-large size-large wp-image-2341\" alt=\"\" srcset=\"https:\/\/addevmaterials.com\/converting\/wp-content\/uploads\/sites\/2\/2022\/03\/Bisco.jpg 450w, https:\/\/addevmaterials.com\/converting\/wp-content\/uploads\/sites\/2\/2022\/03\/Bisco-300x300.jpg 300w, https:\/\/addevmaterials.com\/converting\/wp-content\/uploads\/sites\/2\/2022\/03\/Bisco-150x150.jpg 150w, https:\/\/addevmaterials.com\/converting\/wp-content\/uploads\/sites\/2\/2022\/03\/Bisco-12x12.jpg 12w\" sizes=\"(max-width: 450px) 100vw, 450px\" \/>\t\t\t\t\t\t\t\t\t\t\t\t\t\t\t<\/div>\n\t\t\t\t<\/div>\n\t\t\t\t\t<\/div>\n\t\t<\/div>\n\t\t\t\t\t<\/div>\n\t\t<\/section>\n\t\t\t\t<\/div>","protected":false},"excerpt":{"rendered":"<p>Rogers &amp; ADDEV Materials L&rsquo;innovation est au c\u0153ur de notre activit\u00e9. C&rsquo;est sur cette base que nous avons \u00e9tabli un partenariat solide avec Rogers pour r\u00e9pondre aux exigences de nos clients. Un partenariat solide Rogers &amp; ADDEV Materials Rogers &amp; ADDEV Materials est un partenariat solide qui est n\u00e9 en Am\u00e9rique du Nord. Nous travaillons [&hellip;]<\/p>\n","protected":false},"author":3,"featured_media":0,"parent":0,"menu_order":0,"comment_status":"closed","ping_status":"closed","template":"elementor_header_footer","meta":{"footnotes":""},"class_list":["post-2323","page","type-page","status-publish","hentry"],"yoast_head":"<!-- This site is optimized with the Yoast SEO plugin v27.3 - https:\/\/yoast.com\/product\/yoast-seo-wordpress\/ -->\n<title>Rogers page partenaire - ADDEV Materials Converting<\/title>\n<meta name=\"robots\" content=\"index, follow, max-snippet:-1, max-image-preview:large, max-video-preview:-1\" \/>\n<link rel=\"canonical\" href=\"https:\/\/addevmaterials.com\/converting\/hu\/rogers-partner-oldal\/\" \/>\n<meta property=\"og:locale\" content=\"hu_HU\" \/>\n<meta property=\"og:type\" content=\"article\" \/>\n<meta property=\"og:title\" content=\"Rogers page partenaire - ADDEV Materials Converting\" \/>\n<meta property=\"og:description\" content=\"Rogers &amp; ADDEV Materials L&rsquo;innovation est au c\u0153ur de notre activit\u00e9. C&rsquo;est sur cette base que nous avons \u00e9tabli un partenariat solide avec Rogers pour r\u00e9pondre aux exigences de nos clients. Un partenariat solide Rogers &amp; ADDEV Materials Rogers &amp; ADDEV Materials est un partenariat solide qui est n\u00e9 en Am\u00e9rique du Nord. Nous travaillons [&hellip;]\" \/>\n<meta property=\"og:url\" content=\"https:\/\/addevmaterials.com\/converting\/hu\/rogers-partner-oldal\/\" \/>\n<meta property=\"og:site_name\" content=\"ADDEV Materials Converting\" \/>\n<meta property=\"article:modified_time\" content=\"2023-11-07T15:17:13+00:00\" \/>\n<meta property=\"og:image\" content=\"https:\/\/addevmaterials.com\/converting\/wp-content\/uploads\/sites\/2\/2022\/03\/Rogers-1-2.jpg\" \/>\n<meta name=\"twitter:card\" content=\"summary_large_image\" \/>\n<meta name=\"twitter:label1\" content=\"Becs\u00fclt olvas\u00e1si id\u0151\" \/>\n\t<meta name=\"twitter:data1\" content=\"2 perc\" \/>\n<script type=\"application\/ld+json\" class=\"yoast-schema-graph\">{\"@context\":\"https:\\\/\\\/schema.org\",\"@graph\":[{\"@type\":\"WebPage\",\"@id\":\"https:\\\/\\\/addevmaterials.com\\\/converting\\\/rogers-page-partenaire\\\/\",\"url\":\"https:\\\/\\\/addevmaterials.com\\\/converting\\\/rogers-page-partenaire\\\/\",\"name\":\"Rogers page partenaire - ADDEV Materials Converting\",\"isPartOf\":{\"@id\":\"https:\\\/\\\/addevmaterials.com\\\/converting\\\/ro\\\/#website\"},\"primaryImageOfPage\":{\"@id\":\"https:\\\/\\\/addevmaterials.com\\\/converting\\\/rogers-page-partenaire\\\/#primaryimage\"},\"image\":{\"@id\":\"https:\\\/\\\/addevmaterials.com\\\/converting\\\/rogers-page-partenaire\\\/#primaryimage\"},\"thumbnailUrl\":\"https:\\\/\\\/addevmaterials.com\\\/converting\\\/wp-content\\\/uploads\\\/sites\\\/2\\\/2022\\\/03\\\/Rogers-1-2.jpg\",\"datePublished\":\"2022-03-16T10:00:52+00:00\",\"dateModified\":\"2023-11-07T15:17:13+00:00\",\"breadcrumb\":{\"@id\":\"https:\\\/\\\/addevmaterials.com\\\/converting\\\/rogers-page-partenaire\\\/#breadcrumb\"},\"inLanguage\":\"hu\",\"potentialAction\":[{\"@type\":\"ReadAction\",\"target\":[\"https:\\\/\\\/addevmaterials.com\\\/converting\\\/rogers-page-partenaire\\\/\"]}]},{\"@type\":\"ImageObject\",\"inLanguage\":\"hu\",\"@id\":\"https:\\\/\\\/addevmaterials.com\\\/converting\\\/rogers-page-partenaire\\\/#primaryimage\",\"url\":\"https:\\\/\\\/addevmaterials.com\\\/converting\\\/wp-content\\\/uploads\\\/sites\\\/2\\\/2022\\\/03\\\/Rogers-1-2.jpg\",\"contentUrl\":\"https:\\\/\\\/addevmaterials.com\\\/converting\\\/wp-content\\\/uploads\\\/sites\\\/2\\\/2022\\\/03\\\/Rogers-1-2.jpg\"},{\"@type\":\"BreadcrumbList\",\"@id\":\"https:\\\/\\\/addevmaterials.com\\\/converting\\\/rogers-page-partenaire\\\/#breadcrumb\",\"itemListElement\":[{\"@type\":\"ListItem\",\"position\":1,\"name\":\"Accueil\",\"item\":\"https:\\\/\\\/addevmaterials.com\\\/converting\\\/\"},{\"@type\":\"ListItem\",\"position\":2,\"name\":\"Rogers page partenaire\"}]},{\"@type\":\"WebSite\",\"@id\":\"https:\\\/\\\/addevmaterials.com\\\/converting\\\/ro\\\/#website\",\"url\":\"https:\\\/\\\/addevmaterials.com\\\/converting\\\/ro\\\/\",\"name\":\"ADDEV Materials Converting\",\"description\":\"\",\"publisher\":{\"@id\":\"https:\\\/\\\/addevmaterials.com\\\/converting\\\/ro\\\/#organization\"},\"potentialAction\":[{\"@type\":\"SearchAction\",\"target\":{\"@type\":\"EntryPoint\",\"urlTemplate\":\"https:\\\/\\\/addevmaterials.com\\\/converting\\\/ro\\\/?s={search_term_string}\"},\"query-input\":{\"@type\":\"PropertyValueSpecification\",\"valueRequired\":true,\"valueName\":\"search_term_string\"}}],\"inLanguage\":\"hu\"},{\"@type\":\"Organization\",\"@id\":\"https:\\\/\\\/addevmaterials.com\\\/converting\\\/ro\\\/#organization\",\"name\":\"ADDEV Materials Converting\",\"url\":\"https:\\\/\\\/addevmaterials.com\\\/converting\\\/ro\\\/\",\"logo\":{\"@type\":\"ImageObject\",\"inLanguage\":\"hu\",\"@id\":\"https:\\\/\\\/addevmaterials.com\\\/converting\\\/ro\\\/#\\\/schema\\\/logo\\\/image\\\/\",\"url\":\"https:\\\/\\\/addevmaterials.com\\\/converting\\\/wp-content\\\/uploads\\\/sites\\\/2\\\/2023\\\/04\\\/cropped-ADDEV_Materials-LOGO_RGB.png\",\"contentUrl\":\"https:\\\/\\\/addevmaterials.com\\\/converting\\\/wp-content\\\/uploads\\\/sites\\\/2\\\/2023\\\/04\\\/cropped-ADDEV_Materials-LOGO_RGB.png\",\"width\":2948,\"height\":929,\"caption\":\"ADDEV Materials Converting\"},\"image\":{\"@id\":\"https:\\\/\\\/addevmaterials.com\\\/converting\\\/ro\\\/#\\\/schema\\\/logo\\\/image\\\/\"},\"sameAs\":[\"https:\\\/\\\/www.linkedin.com\\\/company\\\/addev-materials\\\/\"]}]}<\/script>\n<!-- \/ Yoast SEO plugin. -->","yoast_head_json":{"title":"Rogers partner oldala - ADDEV Materials Converting","robots":{"index":"index","follow":"follow","max-snippet":"max-snippet:-1","max-image-preview":"max-image-preview:large","max-video-preview":"max-video-preview:-1"},"canonical":"https:\/\/addevmaterials.com\/converting\/hu\/rogers-partner-oldal\/","og_locale":"hu_HU","og_type":"article","og_title":"Rogers page partenaire - ADDEV Materials Converting","og_description":"Rogers &amp; ADDEV Materials L&rsquo;innovation est au c\u0153ur de notre activit\u00e9. C&rsquo;est sur cette base que nous avons \u00e9tabli un partenariat solide avec Rogers pour r\u00e9pondre aux exigences de nos clients. Un partenariat solide Rogers &amp; ADDEV Materials Rogers &amp; ADDEV Materials est un partenariat solide qui est n\u00e9 en Am\u00e9rique du Nord. Nous travaillons [&hellip;]","og_url":"https:\/\/addevmaterials.com\/converting\/hu\/rogers-partner-oldal\/","og_site_name":"ADDEV Materials Converting","article_modified_time":"2023-11-07T15:17:13+00:00","og_image":[{"url":"https:\/\/addevmaterials.com\/converting\/wp-content\/uploads\/sites\/2\/2022\/03\/Rogers-1-2.jpg","type":"","width":"","height":""}],"twitter_card":"summary_large_image","twitter_misc":{"Becs\u00fclt olvas\u00e1si id\u0151":"2 perc"},"schema":{"@context":"https:\/\/schema.org","@graph":[{"@type":"WebPage","@id":"https:\/\/addevmaterials.com\/converting\/rogers-page-partenaire\/","url":"https:\/\/addevmaterials.com\/converting\/rogers-page-partenaire\/","name":"Rogers partner oldala - ADDEV Materials Converting","isPartOf":{"@id":"https:\/\/addevmaterials.com\/converting\/ro\/#website"},"primaryImageOfPage":{"@id":"https:\/\/addevmaterials.com\/converting\/rogers-page-partenaire\/#primaryimage"},"image":{"@id":"https:\/\/addevmaterials.com\/converting\/rogers-page-partenaire\/#primaryimage"},"thumbnailUrl":"https:\/\/addevmaterials.com\/converting\/wp-content\/uploads\/sites\/2\/2022\/03\/Rogers-1-2.jpg","datePublished":"2022-03-16T10:00:52+00:00","dateModified":"2023-11-07T15:17:13+00:00","breadcrumb":{"@id":"https:\/\/addevmaterials.com\/converting\/rogers-page-partenaire\/#breadcrumb"},"inLanguage":"hu","potentialAction":[{"@type":"ReadAction","target":["https:\/\/addevmaterials.com\/converting\/rogers-page-partenaire\/"]}]},{"@type":"ImageObject","inLanguage":"hu","@id":"https:\/\/addevmaterials.com\/converting\/rogers-page-partenaire\/#primaryimage","url":"https:\/\/addevmaterials.com\/converting\/wp-content\/uploads\/sites\/2\/2022\/03\/Rogers-1-2.jpg","contentUrl":"https:\/\/addevmaterials.com\/converting\/wp-content\/uploads\/sites\/2\/2022\/03\/Rogers-1-2.jpg"},{"@type":"BreadcrumbList","@id":"https:\/\/addevmaterials.com\/converting\/rogers-page-partenaire\/#breadcrumb","itemListElement":[{"@type":"ListItem","position":1,"name":"Accueil","item":"https:\/\/addevmaterials.com\/converting\/"},{"@type":"ListItem","position":2,"name":"Rogers page partenaire"}]},{"@type":"WebSite","@id":"https:\/\/addevmaterials.com\/converting\/ro\/#website","url":"https:\/\/addevmaterials.com\/converting\/ro\/","name":"ADDEV Anyagok feldolgoz\u00e1sa","description":"","publisher":{"@id":"https:\/\/addevmaterials.com\/converting\/ro\/#organization"},"potentialAction":[{"@type":"SearchAction","target":{"@type":"EntryPoint","urlTemplate":"https:\/\/addevmaterials.com\/converting\/ro\/?s={search_term_string}"},"query-input":{"@type":"PropertyValueSpecification","valueRequired":true,"valueName":"search_term_string"}}],"inLanguage":"hu"},{"@type":"Organization","@id":"https:\/\/addevmaterials.com\/converting\/ro\/#organization","name":"ADDEV Anyagok feldolgoz\u00e1sa","url":"https:\/\/addevmaterials.com\/converting\/ro\/","logo":{"@type":"ImageObject","inLanguage":"hu","@id":"https:\/\/addevmaterials.com\/converting\/ro\/#\/schema\/logo\/image\/","url":"https:\/\/addevmaterials.com\/converting\/wp-content\/uploads\/sites\/2\/2023\/04\/cropped-ADDEV_Materials-LOGO_RGB.png","contentUrl":"https:\/\/addevmaterials.com\/converting\/wp-content\/uploads\/sites\/2\/2023\/04\/cropped-ADDEV_Materials-LOGO_RGB.png","width":2948,"height":929,"caption":"ADDEV Materials Converting"},"image":{"@id":"https:\/\/addevmaterials.com\/converting\/ro\/#\/schema\/logo\/image\/"},"sameAs":["https:\/\/www.linkedin.com\/company\/addev-materials\/"]}]}},"distributor_meta":false,"distributor_terms":false,"distributor_media":false,"distributor_original_site_name":"ADDEV Materials Converting","distributor_original_site_url":"https:\/\/addevmaterials.com\/converting\/hu","push-errors":false,"_links":{"self":[{"href":"https:\/\/addevmaterials.com\/converting\/hu\/wp-json\/wp\/v2\/pages\/2323","targetHints":{"allow":["GET"]}}],"collection":[{"href":"https:\/\/addevmaterials.com\/converting\/hu\/wp-json\/wp\/v2\/pages"}],"about":[{"href":"https:\/\/addevmaterials.com\/converting\/hu\/wp-json\/wp\/v2\/types\/page"}],"author":[{"embeddable":true,"href":"https:\/\/addevmaterials.com\/converting\/hu\/wp-json\/wp\/v2\/users\/3"}],"replies":[{"embeddable":true,"href":"https:\/\/addevmaterials.com\/converting\/hu\/wp-json\/wp\/v2\/comments?post=2323"}],"version-history":[{"count":10,"href":"https:\/\/addevmaterials.com\/converting\/hu\/wp-json\/wp\/v2\/pages\/2323\/revisions"}],"predecessor-version":[{"id":19377,"href":"https:\/\/addevmaterials.com\/converting\/hu\/wp-json\/wp\/v2\/pages\/2323\/revisions\/19377"}],"wp:attachment":[{"href":"https:\/\/addevmaterials.com\/converting\/hu\/wp-json\/wp\/v2\/media?parent=2323"}],"curies":[{"name":"wp","href":"https:\/\/api.w.org\/{rel}","templated":true}]}}