{"id":4544,"date":"2022-04-19T12:56:46","date_gmt":"2022-04-19T12:56:46","guid":{"rendered":"https:\/\/mi.addevmaterials.com\/?page_id=4544"},"modified":"2025-12-05T09:52:06","modified_gmt":"2025-12-05T09:52:06","slug":"prototipusok-keszitese","status":"publish","type":"page","link":"https:\/\/addevmaterials.com\/converting\/hu\/prototypage\/","title":{"rendered":"Protot\u00edpusok k\u00e9sz\u00edt\u00e9se"},"content":{"rendered":"<div data-elementor-type=\"wp-page\" data-elementor-id=\"4544\" class=\"elementor elementor-4544\" data-elementor-post-type=\"page\">\n\t\t\t\t\t\t<section class=\"elementor-section elementor-top-section elementor-element elementor-element-58a06f7f elementor-section-boxed elementor-section-height-default elementor-section-height-default\" data-id=\"58a06f7f\" data-element_type=\"section\" data-e-type=\"section\" data-settings=\"{&quot;background_background&quot;:&quot;classic&quot;}\">\n\t\t\t\t\t\t\t<div class=\"elementor-background-overlay\"><\/div>\n\t\t\t\t\t\t\t<div class=\"elementor-container elementor-column-gap-default\">\n\t\t\t\t\t<div class=\"elementor-column elementor-col-100 elementor-top-column elementor-element elementor-element-b4fbc6f\" data-id=\"b4fbc6f\" data-element_type=\"column\" data-e-type=\"column\">\n\t\t\t<div class=\"elementor-widget-wrap elementor-element-populated\">\n\t\t\t\t\t\t<div class=\"elementor-element elementor-element-3999a145 elementor-widget elementor-widget-heading\" data-id=\"3999a145\" data-element_type=\"widget\" data-e-type=\"widget\" data-widget_type=\"heading.default\">\n\t\t\t\t<div class=\"elementor-widget-container\">\n\t\t\t\t\t<h1 class=\"elementor-heading-title elementor-size-default\">Protot\u00edpusok k\u00e9sz\u00edt\u00e9se<\/h1>\t\t\t\t<\/div>\n\t\t\t\t<\/div>\n\t\t\t\t\t<\/div>\n\t\t<\/div>\n\t\t\t\t\t<\/div>\n\t\t<\/section>\n\t\t\t\t<section class=\"elementor-section elementor-top-section elementor-element elementor-element-2635f7f0 elementor-section-boxed elementor-section-height-default elementor-section-height-default\" data-id=\"2635f7f0\" data-element_type=\"section\" data-e-type=\"section\">\n\t\t\t\t\t\t<div class=\"elementor-container elementor-column-gap-default\">\n\t\t\t\t\t<div class=\"elementor-column elementor-col-100 elementor-top-column elementor-element elementor-element-6d877cb3\" data-id=\"6d877cb3\" data-element_type=\"column\" data-e-type=\"column\">\n\t\t\t<div class=\"elementor-widget-wrap elementor-element-populated\">\n\t\t\t\t\t\t<div class=\"elementor-element elementor-element-2835e4f1 elementor-widget elementor-widget-text-editor\" data-id=\"2835e4f1\" data-element_type=\"widget\" data-e-type=\"widget\" data-widget_type=\"text-editor.default\">\n\t\t\t\t<div class=\"elementor-widget-container\">\n\t\t\t\t\t\t\t\t\t<p><em>Az ADDEV Materials fejleszt\u00e9si \u00e9s innov\u00e1ci\u00f3s csapatai protot\u00edpusgy\u00e1rt\u00e1si szolg\u00e1ltat\u00e1sokat k\u00edn\u00e1lnak, amelyek c\u00e9lja az \u00d6n v\u00e9gleges megold\u00e1s\u00e1ban haszn\u00e1lt anyagokkal megegyez\u0151 anyagokb\u00f3l (bevonatos f\u00f3li\u00e1k, t\u00f6bbr\u00e9teg\u0171 f\u00f3li\u00e1k, ragaszt\u00e1sos alkatr\u00e9szek, merev alkatr\u00e9szek stb.) k\u00e9sz\u00fclt alkatr\u00e9szek gy\u00e1rt\u00e1sa.<\/em><\/p>\t\t\t\t\t\t\t\t<\/div>\n\t\t\t\t<\/div>\n\t\t\t\t<div class=\"elementor-element elementor-element-1d3add6 elementor-widget-divider--view-line elementor-widget elementor-widget-divider\" data-id=\"1d3add6\" data-element_type=\"widget\" data-e-type=\"widget\" data-widget_type=\"divider.default\">\n\t\t\t\t<div class=\"elementor-widget-container\">\n\t\t\t\t\t\t\t<div class=\"elementor-divider\">\n\t\t\t<span class=\"elementor-divider-separator\">\n\t\t\t\t\t\t<\/span>\n\t\t<\/div>\n\t\t\t\t\t\t<\/div>\n\t\t\t\t<\/div>\n\t\t\t\t\t<\/div>\n\t\t<\/div>\n\t\t\t\t\t<\/div>\n\t\t<\/section>\n\t\t\t\t<section class=\"elementor-section elementor-top-section elementor-element elementor-element-71707423 elementor-section-boxed elementor-section-height-default elementor-section-height-default\" data-id=\"71707423\" data-element_type=\"section\" data-e-type=\"section\">\n\t\t\t\t\t\t<div class=\"elementor-container elementor-column-gap-default\">\n\t\t\t\t\t<div class=\"elementor-column elementor-col-100 elementor-top-column elementor-element elementor-element-71e0b108\" data-id=\"71e0b108\" data-element_type=\"column\" data-e-type=\"column\">\n\t\t\t<div class=\"elementor-widget-wrap elementor-element-populated\">\n\t\t\t\t\t\t<div class=\"elementor-element elementor-element-4c75b5d7 elementor-widget elementor-widget-heading\" data-id=\"4c75b5d7\" data-element_type=\"widget\" data-e-type=\"widget\" data-widget_type=\"heading.default\">\n\t\t\t\t<div class=\"elementor-widget-container\">\n\t\t\t\t\t<h2 class=\"elementor-heading-title elementor-size-default\">Pontosan tudja, hogy mit szeretne?<\/h2>\t\t\t\t<\/div>\n\t\t\t\t<\/div>\n\t\t\t\t<div class=\"elementor-element elementor-element-74c39148 elementor-widget elementor-widget-text-editor\" data-id=\"74c39148\" data-element_type=\"widget\" data-e-type=\"widget\" data-widget_type=\"text-editor.default\">\n\t\t\t\t<div class=\"elementor-widget-container\">\n\t\t\t\t\t\t\t\t\t<p>Protot\u00edpust \u00e9p\u00edt\u00fcnk az \u00d6n specifik\u00e1ci\u00f3i szerint, hogy \u00d6n gyorsan \u00e9s val\u00f3s k\u00f6r\u00fclm\u00e9nyek k\u00f6z\u00f6tt tesztelhesse \u00e9s valid\u00e1lhassa koncepci\u00f3j\u00e1t.<\/p>\t\t\t\t\t\t\t\t<\/div>\n\t\t\t\t<\/div>\n\t\t\t\t<div class=\"elementor-element elementor-element-2acd885f elementor-align-center elementor-widget elementor-widget-button\" data-id=\"2acd885f\" data-element_type=\"widget\" data-e-type=\"widget\" data-widget_type=\"button.default\">\n\t\t\t\t<div class=\"elementor-widget-container\">\n\t\t\t\t\t\t\t\t\t<div class=\"elementor-button-wrapper\">\n\t\t\t\t\t<a class=\"elementor-button elementor-button-link elementor-size-sm\" href=\"#contact\">\n\t\t\t\t\t\t<span class=\"elementor-button-content-wrapper\">\n\t\t\t\t\t\t\t\t\t<span class=\"elementor-button-text\">Kapcsolatfelv\u00e9tel<\/span>\n\t\t\t\t\t<\/span>\n\t\t\t\t\t<\/a>\n\t\t\t\t<\/div>\n\t\t\t\t\t\t\t\t<\/div>\n\t\t\t\t<\/div>\n\t\t\t\t\t<\/div>\n\t\t<\/div>\n\t\t\t\t\t<\/div>\n\t\t<\/section>\n\t\t\t\t<section class=\"elementor-section elementor-top-section elementor-element elementor-element-d55dd57 elementor-section-boxed elementor-section-height-default elementor-section-height-default\" data-id=\"d55dd57\" data-element_type=\"section\" data-e-type=\"section\">\n\t\t\t\t\t\t<div class=\"elementor-container elementor-column-gap-default\">\n\t\t\t\t\t<div class=\"elementor-column elementor-col-50 elementor-top-column elementor-element elementor-element-1037a19\" data-id=\"1037a19\" data-element_type=\"column\" data-e-type=\"column\">\n\t\t\t<div class=\"elementor-widget-wrap elementor-element-populated\">\n\t\t\t\t\t\t<div class=\"elementor-element elementor-element-d1ba142 elementor-widget elementor-widget-image\" data-id=\"d1ba142\" data-element_type=\"widget\" data-e-type=\"widget\" data-widget_type=\"image.default\">\n\t\t\t\t<div class=\"elementor-widget-container\">\n\t\t\t\t\t\t\t\t\t\t\t\t\t\t\t<img fetchpriority=\"high\" decoding=\"async\" width=\"1024\" height=\"671\" src=\"https:\/\/addevmaterials.com\/converting\/wp-content\/uploads\/sites\/2\/2022\/06\/Technical-expertise-1024x671.jpg\" class=\"attachment-large size-large wp-image-9661\" alt=\"Protot\u00edpusok k\u00e9sz\u00edt\u00e9se\" srcset=\"https:\/\/addevmaterials.com\/converting\/wp-content\/uploads\/sites\/2\/2022\/06\/Technical-expertise-1024x671.jpg 1024w, https:\/\/addevmaterials.com\/converting\/wp-content\/uploads\/sites\/2\/2022\/06\/Technical-expertise-300x196.jpg 300w, https:\/\/addevmaterials.com\/converting\/wp-content\/uploads\/sites\/2\/2022\/06\/Technical-expertise-768x503.jpg 768w, https:\/\/addevmaterials.com\/converting\/wp-content\/uploads\/sites\/2\/2022\/06\/Technical-expertise-18x12.jpg 18w, https:\/\/addevmaterials.com\/converting\/wp-content\/uploads\/sites\/2\/2022\/06\/Technical-expertise.jpg 1133w\" sizes=\"(max-width: 1024px) 100vw, 1024px\" \/>\t\t\t\t\t\t\t\t\t\t\t\t\t\t\t<\/div>\n\t\t\t\t<\/div>\n\t\t\t\t\t<\/div>\n\t\t<\/div>\n\t\t\t\t<div class=\"elementor-column elementor-col-50 elementor-top-column elementor-element elementor-element-755ef16\" data-id=\"755ef16\" data-element_type=\"column\" data-e-type=\"column\">\n\t\t\t<div class=\"elementor-widget-wrap elementor-element-populated\">\n\t\t\t\t\t\t<div class=\"elementor-element elementor-element-efd3c49 elementor-widget elementor-widget-heading\" data-id=\"efd3c49\" data-element_type=\"widget\" data-e-type=\"widget\" data-widget_type=\"heading.default\">\n\t\t\t\t<div class=\"elementor-widget-container\">\n\t\t\t\t\t<h2 class=\"elementor-heading-title elementor-size-default\">Megold\u00e1st keres egy term\u00e9khaszn\u00e1lattal kapcsolatos probl\u00e9m\u00e1ra vagy egy konkr\u00e9t k\u00f6rnyezetv\u00e9delmi kih\u00edv\u00e1sra?<\/h2>\t\t\t\t<\/div>\n\t\t\t\t<\/div>\n\t\t\t\t<div class=\"elementor-element elementor-element-09b1f72 elementor-widget elementor-widget-text-editor\" data-id=\"09b1f72\" data-element_type=\"widget\" data-e-type=\"widget\" data-widget_type=\"text-editor.default\">\n\t\t\t\t<div class=\"elementor-widget-container\">\n\t\t\t\t\t\t\t\t\t<p>M\u00e9rn\u00f6keink tan\u00e1csot adnak az anyagv\u00e1laszt\u00e1ssal \u00e9s a feldolgoz\u00e1si lehet\u0151s\u00e9gekkel kapcsolatban, \u00e9s \u00d6nnel egy\u00fctt dolgozz\u00e1k ki a projekt k\u00f6vetelm\u00e9nyeinek legjobban megfelel\u0151 megold\u00e1st.<\/p><p>Az ADDEV Materials k\u00fcl\u00f6nb\u00f6z\u0151 g\u00e9pei seg\u00edts\u00e9g\u00e9vel valid\u00e1lhatja a tervez\u00e9st \u00e9s gy\u00e1rthatja leend\u0151 term\u00e9keit: indukci\u00f3s lamin\u00e1l\u00f3g\u00e9p a t\u00f6bbr\u00e9teg\u0171 term\u00e9kekhez, CNC v\u00e1g\u00f3asztalok a kis mennyis\u00e9g\u0171 alkatr\u00e9szek v\u00e1g\u00e1s\u00e1hoz stb.<\/p><p>H\u00e1zon bel\u00fcli laborat\u00f3riumunk felel\u0151s a term\u00e9k szil\u00e1rds\u00e1g\u00e1nak \u00e9s tulajdons\u00e1gainak ellen\u0151rz\u00e9s\u00e9\u00e9rt a :<\/p><ul><li>fel\u00fcleti energia<\/li><li>\u00e1tereszt\u0151k\u00e9pess\u00e9g<\/li><li>az \u00f6reged\u00e9ssel szembeni ellen\u00e1ll\u00e1s<\/li><li>fizikai ellen\u00e1ll\u00e1s<\/li><li>k\u00e9miai \u00e9s mechanikai ellen\u00e1ll\u00e1s<\/li><\/ul>\t\t\t\t\t\t\t\t<\/div>\n\t\t\t\t<\/div>\n\t\t\t\t<section class=\"elementor-section elementor-inner-section elementor-element elementor-element-b01e62a elementor-section-boxed elementor-section-height-default elementor-section-height-default\" data-id=\"b01e62a\" data-element_type=\"section\" data-e-type=\"section\">\n\t\t\t\t\t\t<div class=\"elementor-container elementor-column-gap-default\">\n\t\t\t\t\t<div class=\"elementor-column elementor-col-100 elementor-inner-column elementor-element elementor-element-c23374f\" data-id=\"c23374f\" data-element_type=\"column\" data-e-type=\"column\">\n\t\t\t<div class=\"elementor-widget-wrap elementor-element-populated\">\n\t\t\t\t\t\t<div class=\"elementor-element elementor-element-ec04413 elementor-widget elementor-widget-button\" data-id=\"ec04413\" data-element_type=\"widget\" data-e-type=\"widget\" data-widget_type=\"button.default\">\n\t\t\t\t<div class=\"elementor-widget-container\">\n\t\t\t\t\t\t\t\t\t<div class=\"elementor-button-wrapper\">\n\t\t\t\t\t<a class=\"elementor-button elementor-button-link elementor-size-sm\" href=\"#contact\">\n\t\t\t\t\t\t<span class=\"elementor-button-content-wrapper\">\n\t\t\t\t\t\t\t\t\t<span class=\"elementor-button-text\">Kapcsolatfelv\u00e9tel<\/span>\n\t\t\t\t\t<\/span>\n\t\t\t\t\t<\/a>\n\t\t\t\t<\/div>\n\t\t\t\t\t\t\t\t<\/div>\n\t\t\t\t<\/div>\n\t\t\t\t\t<\/div>\n\t\t<\/div>\n\t\t\t\t\t<\/div>\n\t\t<\/section>\n\t\t\t\t\t<\/div>\n\t\t<\/div>\n\t\t\t\t\t<\/div>\n\t\t<\/section>\n\t\t\t\t<\/div>","protected":false},"excerpt":{"rendered":"<p>Prototypage Les \u00e9quipes D\u00e9veloppement &amp; Innovation d&rsquo;ADDEV Materials proposent des services de prototypage mis en place pour r\u00e9aliser des pi\u00e8ces \u00e0 partir de mat\u00e9riaux identiques \u00e0 ceux utilis\u00e9s dans votre solution finale (films enduits, multicouches, pi\u00e8ces adh\u00e9sives, pi\u00e8ces rigides&#8230;). Savez-vous exactement ce que vous voulez ? Nous fabriquons un prototype conforme \u00e0 vos sp\u00e9cifications afin [&hellip;]<\/p>\n","protected":false},"author":3,"featured_media":0,"parent":0,"menu_order":0,"comment_status":"closed","ping_status":"closed","template":"elementor_header_footer","meta":{"footnotes":""},"class_list":["post-4544","page","type-page","status-publish","hentry"],"yoast_head":"<!-- This site is optimized with the Yoast SEO plugin v27.3 - https:\/\/yoast.com\/product\/yoast-seo-wordpress\/ -->\n<title>Prototypage - ADDEV Materials Converting<\/title>\n<meta name=\"robots\" content=\"index, follow, max-snippet:-1, max-image-preview:large, max-video-preview:-1\" \/>\n<link rel=\"canonical\" href=\"https:\/\/addevmaterials.com\/converting\/hu\/prototipusok-keszitese\/\" \/>\n<meta property=\"og:locale\" content=\"hu_HU\" \/>\n<meta property=\"og:type\" content=\"article\" \/>\n<meta property=\"og:title\" content=\"Prototypage - ADDEV Materials Converting\" \/>\n<meta property=\"og:description\" content=\"Prototypage Les \u00e9quipes D\u00e9veloppement &amp; Innovation d&rsquo;ADDEV Materials proposent des services de prototypage mis en place pour r\u00e9aliser des pi\u00e8ces \u00e0 partir de mat\u00e9riaux identiques \u00e0 ceux utilis\u00e9s dans votre solution finale (films enduits, multicouches, pi\u00e8ces adh\u00e9sives, pi\u00e8ces rigides&#8230;). Savez-vous exactement ce que vous voulez ? Nous fabriquons un prototype conforme \u00e0 vos sp\u00e9cifications afin [&hellip;]\" \/>\n<meta property=\"og:url\" content=\"https:\/\/addevmaterials.com\/converting\/hu\/prototipusok-keszitese\/\" \/>\n<meta property=\"og:site_name\" content=\"ADDEV Materials Converting\" \/>\n<meta property=\"article:modified_time\" content=\"2025-12-05T09:52:06+00:00\" \/>\n<meta property=\"og:image\" content=\"https:\/\/addevmaterials.com\/converting\/wp-content\/uploads\/sites\/2\/2022\/06\/Technical-expertise-1024x671.jpg\" \/>\n<meta name=\"twitter:card\" content=\"summary_large_image\" \/>\n<meta name=\"twitter:label1\" content=\"Becs\u00fclt olvas\u00e1si id\u0151\" \/>\n\t<meta name=\"twitter:data1\" content=\"2 perc\" \/>\n<script type=\"application\/ld+json\" class=\"yoast-schema-graph\">{\"@context\":\"https:\\\/\\\/schema.org\",\"@graph\":[{\"@type\":\"WebPage\",\"@id\":\"https:\\\/\\\/addevmaterials.com\\\/converting\\\/prototypage\\\/\",\"url\":\"https:\\\/\\\/addevmaterials.com\\\/converting\\\/prototypage\\\/\",\"name\":\"Prototypage - ADDEV Materials Converting\",\"isPartOf\":{\"@id\":\"https:\\\/\\\/addevmaterials.com\\\/converting\\\/ro\\\/#website\"},\"primaryImageOfPage\":{\"@id\":\"https:\\\/\\\/addevmaterials.com\\\/converting\\\/prototypage\\\/#primaryimage\"},\"image\":{\"@id\":\"https:\\\/\\\/addevmaterials.com\\\/converting\\\/prototypage\\\/#primaryimage\"},\"thumbnailUrl\":\"https:\\\/\\\/addevmaterials.com\\\/converting\\\/wp-content\\\/uploads\\\/sites\\\/2\\\/2022\\\/06\\\/Technical-expertise-1024x671.jpg\",\"datePublished\":\"2022-04-19T12:56:46+00:00\",\"dateModified\":\"2025-12-05T09:52:06+00:00\",\"breadcrumb\":{\"@id\":\"https:\\\/\\\/addevmaterials.com\\\/converting\\\/prototypage\\\/#breadcrumb\"},\"inLanguage\":\"hu\",\"potentialAction\":[{\"@type\":\"ReadAction\",\"target\":[\"https:\\\/\\\/addevmaterials.com\\\/converting\\\/prototypage\\\/\"]}]},{\"@type\":\"ImageObject\",\"inLanguage\":\"hu\",\"@id\":\"https:\\\/\\\/addevmaterials.com\\\/converting\\\/prototypage\\\/#primaryimage\",\"url\":\"https:\\\/\\\/addevmaterials.com\\\/converting\\\/wp-content\\\/uploads\\\/sites\\\/2\\\/2022\\\/06\\\/Technical-expertise-1024x671.jpg\",\"contentUrl\":\"https:\\\/\\\/addevmaterials.com\\\/converting\\\/wp-content\\\/uploads\\\/sites\\\/2\\\/2022\\\/06\\\/Technical-expertise-1024x671.jpg\"},{\"@type\":\"BreadcrumbList\",\"@id\":\"https:\\\/\\\/addevmaterials.com\\\/converting\\\/prototypage\\\/#breadcrumb\",\"itemListElement\":[{\"@type\":\"ListItem\",\"position\":1,\"name\":\"Accueil\",\"item\":\"https:\\\/\\\/addevmaterials.com\\\/converting\\\/\"},{\"@type\":\"ListItem\",\"position\":2,\"name\":\"Prototypage\"}]},{\"@type\":\"WebSite\",\"@id\":\"https:\\\/\\\/addevmaterials.com\\\/converting\\\/ro\\\/#website\",\"url\":\"https:\\\/\\\/addevmaterials.com\\\/converting\\\/ro\\\/\",\"name\":\"ADDEV Materials Converting\",\"description\":\"\",\"publisher\":{\"@id\":\"https:\\\/\\\/addevmaterials.com\\\/converting\\\/ro\\\/#organization\"},\"potentialAction\":[{\"@type\":\"SearchAction\",\"target\":{\"@type\":\"EntryPoint\",\"urlTemplate\":\"https:\\\/\\\/addevmaterials.com\\\/converting\\\/ro\\\/?s={search_term_string}\"},\"query-input\":{\"@type\":\"PropertyValueSpecification\",\"valueRequired\":true,\"valueName\":\"search_term_string\"}}],\"inLanguage\":\"hu\"},{\"@type\":\"Organization\",\"@id\":\"https:\\\/\\\/addevmaterials.com\\\/converting\\\/ro\\\/#organization\",\"name\":\"ADDEV Materials Converting\",\"url\":\"https:\\\/\\\/addevmaterials.com\\\/converting\\\/ro\\\/\",\"logo\":{\"@type\":\"ImageObject\",\"inLanguage\":\"hu\",\"@id\":\"https:\\\/\\\/addevmaterials.com\\\/converting\\\/ro\\\/#\\\/schema\\\/logo\\\/image\\\/\",\"url\":\"https:\\\/\\\/addevmaterials.com\\\/converting\\\/wp-content\\\/uploads\\\/sites\\\/2\\\/2023\\\/04\\\/cropped-ADDEV_Materials-LOGO_RGB.png\",\"contentUrl\":\"https:\\\/\\\/addevmaterials.com\\\/converting\\\/wp-content\\\/uploads\\\/sites\\\/2\\\/2023\\\/04\\\/cropped-ADDEV_Materials-LOGO_RGB.png\",\"width\":2948,\"height\":929,\"caption\":\"ADDEV Materials Converting\"},\"image\":{\"@id\":\"https:\\\/\\\/addevmaterials.com\\\/converting\\\/ro\\\/#\\\/schema\\\/logo\\\/image\\\/\"},\"sameAs\":[\"https:\\\/\\\/www.linkedin.com\\\/company\\\/addev-materials\\\/\"]}]}<\/script>\n<!-- \/ Yoast SEO plugin. -->","yoast_head_json":{"title":"Protot\u00edpusgy\u00e1rt\u00e1s - ADDEV Materials \u00e1talak\u00edt\u00e1s","robots":{"index":"index","follow":"follow","max-snippet":"max-snippet:-1","max-image-preview":"max-image-preview:large","max-video-preview":"max-video-preview:-1"},"canonical":"https:\/\/addevmaterials.com\/converting\/hu\/prototipusok-keszitese\/","og_locale":"hu_HU","og_type":"article","og_title":"Prototypage - ADDEV Materials Converting","og_description":"Prototypage Les \u00e9quipes D\u00e9veloppement &amp; Innovation d&rsquo;ADDEV Materials proposent des services de prototypage mis en place pour r\u00e9aliser des pi\u00e8ces \u00e0 partir de mat\u00e9riaux identiques \u00e0 ceux utilis\u00e9s dans votre solution finale (films enduits, multicouches, pi\u00e8ces adh\u00e9sives, pi\u00e8ces rigides&#8230;). Savez-vous exactement ce que vous voulez ? Nous fabriquons un prototype conforme \u00e0 vos sp\u00e9cifications afin [&hellip;]","og_url":"https:\/\/addevmaterials.com\/converting\/hu\/prototipusok-keszitese\/","og_site_name":"ADDEV Materials Converting","article_modified_time":"2025-12-05T09:52:06+00:00","og_image":[{"url":"https:\/\/addevmaterials.com\/converting\/wp-content\/uploads\/sites\/2\/2022\/06\/Technical-expertise-1024x671.jpg","type":"","width":"","height":""}],"twitter_card":"summary_large_image","twitter_misc":{"Becs\u00fclt olvas\u00e1si id\u0151":"2 perc"},"schema":{"@context":"https:\/\/schema.org","@graph":[{"@type":"WebPage","@id":"https:\/\/addevmaterials.com\/converting\/prototypage\/","url":"https:\/\/addevmaterials.com\/converting\/prototypage\/","name":"Protot\u00edpusgy\u00e1rt\u00e1s - ADDEV Materials \u00e1talak\u00edt\u00e1s","isPartOf":{"@id":"https:\/\/addevmaterials.com\/converting\/ro\/#website"},"primaryImageOfPage":{"@id":"https:\/\/addevmaterials.com\/converting\/prototypage\/#primaryimage"},"image":{"@id":"https:\/\/addevmaterials.com\/converting\/prototypage\/#primaryimage"},"thumbnailUrl":"https:\/\/addevmaterials.com\/converting\/wp-content\/uploads\/sites\/2\/2022\/06\/Technical-expertise-1024x671.jpg","datePublished":"2022-04-19T12:56:46+00:00","dateModified":"2025-12-05T09:52:06+00:00","breadcrumb":{"@id":"https:\/\/addevmaterials.com\/converting\/prototypage\/#breadcrumb"},"inLanguage":"hu","potentialAction":[{"@type":"ReadAction","target":["https:\/\/addevmaterials.com\/converting\/prototypage\/"]}]},{"@type":"ImageObject","inLanguage":"hu","@id":"https:\/\/addevmaterials.com\/converting\/prototypage\/#primaryimage","url":"https:\/\/addevmaterials.com\/converting\/wp-content\/uploads\/sites\/2\/2022\/06\/Technical-expertise-1024x671.jpg","contentUrl":"https:\/\/addevmaterials.com\/converting\/wp-content\/uploads\/sites\/2\/2022\/06\/Technical-expertise-1024x671.jpg"},{"@type":"BreadcrumbList","@id":"https:\/\/addevmaterials.com\/converting\/prototypage\/#breadcrumb","itemListElement":[{"@type":"ListItem","position":1,"name":"Accueil","item":"https:\/\/addevmaterials.com\/converting\/"},{"@type":"ListItem","position":2,"name":"Prototypage"}]},{"@type":"WebSite","@id":"https:\/\/addevmaterials.com\/converting\/ro\/#website","url":"https:\/\/addevmaterials.com\/converting\/ro\/","name":"ADDEV Anyagok feldolgoz\u00e1sa","description":"","publisher":{"@id":"https:\/\/addevmaterials.com\/converting\/ro\/#organization"},"potentialAction":[{"@type":"SearchAction","target":{"@type":"EntryPoint","urlTemplate":"https:\/\/addevmaterials.com\/converting\/ro\/?s={search_term_string}"},"query-input":{"@type":"PropertyValueSpecification","valueRequired":true,"valueName":"search_term_string"}}],"inLanguage":"hu"},{"@type":"Organization","@id":"https:\/\/addevmaterials.com\/converting\/ro\/#organization","name":"ADDEV Anyagok feldolgoz\u00e1sa","url":"https:\/\/addevmaterials.com\/converting\/ro\/","logo":{"@type":"ImageObject","inLanguage":"hu","@id":"https:\/\/addevmaterials.com\/converting\/ro\/#\/schema\/logo\/image\/","url":"https:\/\/addevmaterials.com\/converting\/wp-content\/uploads\/sites\/2\/2023\/04\/cropped-ADDEV_Materials-LOGO_RGB.png","contentUrl":"https:\/\/addevmaterials.com\/converting\/wp-content\/uploads\/sites\/2\/2023\/04\/cropped-ADDEV_Materials-LOGO_RGB.png","width":2948,"height":929,"caption":"ADDEV Materials Converting"},"image":{"@id":"https:\/\/addevmaterials.com\/converting\/ro\/#\/schema\/logo\/image\/"},"sameAs":["https:\/\/www.linkedin.com\/company\/addev-materials\/"]}]}},"distributor_meta":false,"distributor_terms":false,"distributor_media":false,"distributor_original_site_name":"ADDEV Materials Converting","distributor_original_site_url":"https:\/\/addevmaterials.com\/converting\/hu","push-errors":false,"_links":{"self":[{"href":"https:\/\/addevmaterials.com\/converting\/hu\/wp-json\/wp\/v2\/pages\/4544","targetHints":{"allow":["GET"]}}],"collection":[{"href":"https:\/\/addevmaterials.com\/converting\/hu\/wp-json\/wp\/v2\/pages"}],"about":[{"href":"https:\/\/addevmaterials.com\/converting\/hu\/wp-json\/wp\/v2\/types\/page"}],"author":[{"embeddable":true,"href":"https:\/\/addevmaterials.com\/converting\/hu\/wp-json\/wp\/v2\/users\/3"}],"replies":[{"embeddable":true,"href":"https:\/\/addevmaterials.com\/converting\/hu\/wp-json\/wp\/v2\/comments?post=4544"}],"version-history":[{"count":19,"href":"https:\/\/addevmaterials.com\/converting\/hu\/wp-json\/wp\/v2\/pages\/4544\/revisions"}],"predecessor-version":[{"id":25937,"href":"https:\/\/addevmaterials.com\/converting\/hu\/wp-json\/wp\/v2\/pages\/4544\/revisions\/25937"}],"wp:attachment":[{"href":"https:\/\/addevmaterials.com\/converting\/hu\/wp-json\/wp\/v2\/media?parent=4544"}],"curies":[{"name":"wp","href":"https:\/\/api.w.org\/{rel}","templated":true}]}}