{"id":4545,"date":"2022-04-19T12:56:49","date_gmt":"2022-04-19T12:56:49","guid":{"rendered":"https:\/\/mi.addevmaterials.com\/?page_id=4545"},"modified":"2025-12-05T09:53:54","modified_gmt":"2025-12-05T09:53:54","slug":"presence-internationale","status":"publish","type":"page","link":"https:\/\/addevmaterials.com\/converting\/hu\/presence-internationale\/","title":{"rendered":"Nemzetk\u00f6zi jelenl\u00e9t"},"content":{"rendered":"<div data-elementor-type=\"wp-page\" data-elementor-id=\"4545\" class=\"elementor elementor-4545\" data-elementor-post-type=\"page\">\n\t\t\t\t\t\t<section class=\"elementor-section elementor-top-section elementor-element elementor-element-3cb2b8f6 elementor-section-boxed elementor-section-height-default elementor-section-height-default\" data-id=\"3cb2b8f6\" data-element_type=\"section\" data-e-type=\"section\" data-settings=\"{&quot;background_background&quot;:&quot;classic&quot;}\">\n\t\t\t\t\t\t\t<div class=\"elementor-background-overlay\"><\/div>\n\t\t\t\t\t\t\t<div class=\"elementor-container elementor-column-gap-default\">\n\t\t\t\t\t<div class=\"elementor-column elementor-col-100 elementor-top-column elementor-element elementor-element-654adcb\" data-id=\"654adcb\" data-element_type=\"column\" data-e-type=\"column\">\n\t\t\t<div class=\"elementor-widget-wrap elementor-element-populated\">\n\t\t\t\t\t\t<div class=\"elementor-element elementor-element-40478749 elementor-widget elementor-widget-heading\" data-id=\"40478749\" data-element_type=\"widget\" data-e-type=\"widget\" data-widget_type=\"heading.default\">\n\t\t\t\t<div class=\"elementor-widget-container\">\n\t\t\t\t\t<h1 class=\"elementor-heading-title elementor-size-default\">Nemzetk\u00f6zi jelenl\u00e9t<\/h1>\t\t\t\t<\/div>\n\t\t\t\t<\/div>\n\t\t\t\t\t<\/div>\n\t\t<\/div>\n\t\t\t\t\t<\/div>\n\t\t<\/section>\n\t\t\t\t<section class=\"elementor-section elementor-top-section elementor-element elementor-element-387e9f0b elementor-section-boxed elementor-section-height-default elementor-section-height-default\" data-id=\"387e9f0b\" data-element_type=\"section\" data-e-type=\"section\">\n\t\t\t\t\t\t<div class=\"elementor-container elementor-column-gap-default\">\n\t\t\t\t\t<div class=\"elementor-column elementor-col-100 elementor-top-column elementor-element elementor-element-77136a3a\" data-id=\"77136a3a\" data-element_type=\"column\" data-e-type=\"column\">\n\t\t\t<div class=\"elementor-widget-wrap elementor-element-populated\">\n\t\t\t\t\t\t<div class=\"elementor-element elementor-element-f15fd44 elementor-widget elementor-widget-text-editor\" data-id=\"f15fd44\" data-element_type=\"widget\" data-e-type=\"widget\" data-widget_type=\"text-editor.default\">\n\t\t\t\t<div class=\"elementor-widget-container\">\n\t\t\t\t\t\t\t\t\t<div class=\"elementor-element elementor-element-f15fd44 elementor-widget elementor-widget-text-editor\" data-id=\"f15fd44\" data-element_type=\"widget\" data-widget_type=\"text-editor.default\"><div class=\"elementor-widget-container\"><p><em>Nemzetk\u00f6zinek lenni, mik\u00f6zben helyi szolg\u00e1ltat\u00e1sokat ny\u00fajtunk.\u00a0<\/em><\/p><\/div><\/div>\t\t\t\t\t\t\t\t<\/div>\n\t\t\t\t<\/div>\n\t\t\t\t<div class=\"elementor-element elementor-element-5736b25d elementor-widget-divider--view-line elementor-widget elementor-widget-divider\" data-id=\"5736b25d\" data-element_type=\"widget\" data-e-type=\"widget\" data-widget_type=\"divider.default\">\n\t\t\t\t<div class=\"elementor-widget-container\">\n\t\t\t\t\t\t\t<div class=\"elementor-divider\">\n\t\t\t<span class=\"elementor-divider-separator\">\n\t\t\t\t\t\t<\/span>\n\t\t<\/div>\n\t\t\t\t\t\t<\/div>\n\t\t\t\t<\/div>\n\t\t\t\t\t<\/div>\n\t\t<\/div>\n\t\t\t\t\t<\/div>\n\t\t<\/section>\n\t\t\t\t<section class=\"elementor-section elementor-top-section elementor-element elementor-element-5e17bddd elementor-section-boxed elementor-section-height-default elementor-section-height-default\" data-id=\"5e17bddd\" data-element_type=\"section\" data-e-type=\"section\">\n\t\t\t\t\t\t<div class=\"elementor-container elementor-column-gap-default\">\n\t\t\t\t\t<div class=\"elementor-column elementor-col-50 elementor-top-column elementor-element elementor-element-5625b4ad\" data-id=\"5625b4ad\" data-element_type=\"column\" data-e-type=\"column\">\n\t\t\t<div class=\"elementor-widget-wrap elementor-element-populated\">\n\t\t\t\t\t\t<div class=\"elementor-element elementor-element-61babda2 elementor-widget elementor-widget-image\" data-id=\"61babda2\" data-element_type=\"widget\" data-e-type=\"widget\" data-widget_type=\"image.default\">\n\t\t\t\t<div class=\"elementor-widget-container\">\n\t\t\t\t\t\t\t\t\t\t\t\t\t\t\t<img fetchpriority=\"high\" decoding=\"async\" width=\"1024\" height=\"682\" src=\"https:\/\/addevmaterials.com\/converting\/wp-content\/uploads\/sites\/2\/2025\/12\/ADDEV-presence-international-1024x682.jpg\" class=\"attachment-large size-large wp-image-25938\" alt=\"ADDEV nemzetk\u00f6zi jelenl\u00e9t\" srcset=\"https:\/\/addevmaterials.com\/converting\/wp-content\/uploads\/sites\/2\/2025\/12\/ADDEV-presence-international-1024x682.jpg 1024w, https:\/\/addevmaterials.com\/converting\/wp-content\/uploads\/sites\/2\/2025\/12\/ADDEV-presence-international-300x200.jpg 300w, https:\/\/addevmaterials.com\/converting\/wp-content\/uploads\/sites\/2\/2025\/12\/ADDEV-presence-international-768x512.jpg 768w, https:\/\/addevmaterials.com\/converting\/wp-content\/uploads\/sites\/2\/2025\/12\/ADDEV-presence-international-1536x1024.jpg 1536w, https:\/\/addevmaterials.com\/converting\/wp-content\/uploads\/sites\/2\/2025\/12\/ADDEV-presence-international-18x12.jpg 18w, https:\/\/addevmaterials.com\/converting\/wp-content\/uploads\/sites\/2\/2025\/12\/ADDEV-presence-international.jpg 2000w\" sizes=\"(max-width: 1024px) 100vw, 1024px\" \/>\t\t\t\t\t\t\t\t\t\t\t\t\t\t\t<\/div>\n\t\t\t\t<\/div>\n\t\t\t\t\t<\/div>\n\t\t<\/div>\n\t\t\t\t<div class=\"elementor-column elementor-col-50 elementor-top-column elementor-element elementor-element-23ca93b5\" data-id=\"23ca93b5\" data-element_type=\"column\" data-e-type=\"column\">\n\t\t\t<div class=\"elementor-widget-wrap elementor-element-populated\">\n\t\t\t\t\t\t<div class=\"elementor-element elementor-element-4851eb9d elementor-widget elementor-widget-heading\" data-id=\"4851eb9d\" data-element_type=\"widget\" data-e-type=\"widget\" data-widget_type=\"heading.default\">\n\t\t\t\t<div class=\"elementor-widget-container\">\n\t\t\t\t\t<h2 class=\"elementor-heading-title elementor-size-default\">Nemzetk\u00f6zi jelenl\u00e9t\n<\/h2>\t\t\t\t<\/div>\n\t\t\t\t<\/div>\n\t\t\t\t<div class=\"elementor-element elementor-element-283aa9e8 elementor-widget elementor-widget-text-editor\" data-id=\"283aa9e8\" data-element_type=\"widget\" data-e-type=\"widget\" data-widget_type=\"text-editor.default\">\n\t\t\t\t<div class=\"elementor-widget-container\">\n\t\t\t\t\t\t\t\t\t<p>15 ipari telephelyet k\u00e9pvisel\u00fcnk Eur\u00f3p\u00e1ban \u00e9s \u00c9szak-Amerik\u00e1ban. Nemzetk\u00f6zi jelenl\u00e9t\u00fcnket fejlesztj\u00fck, hogy helyi \u00e9s nemzetk\u00f6zi \u00fcgyfeleink el\u00e9gedetts\u00e9g\u00e9t garant\u00e1lhassuk a kiv\u00e1l\u00f3 szint\u0171 szolg\u00e1ltat\u00e1s \u00e9s t\u00e1mogat\u00e1s biztos\u00edt\u00e1s\u00e1val.<\/p><p>Kiv\u00e1l\u00f3s\u00e1gi k\u00f6zpontjaink a k\u00f6vetkez\u0151kre szakosodtak:<\/p><ul><li>m\u0171szaki f\u00f3li\u00e1k, lamin\u00e1tumok \u00e9s pap\u00edr feldolgoz\u00e1sa<\/li><li>ragaszt\u00f3szalagok \u00e1talak\u00edt\u00e1sa<\/li><li>habok feldolgoz\u00e1sa<\/li><li>nem sz\u0151tt text\u00edli\u00e1k \u00e1talak\u00edt\u00e1sa<\/li><li>szem\u00e9lyre szabott csomagol\u00e1s vegyipari term\u00e9kek sz\u00e1m\u00e1ra<\/li><\/ul>\t\t\t\t\t\t\t\t<\/div>\n\t\t\t\t<\/div>\n\t\t\t\t<section class=\"elementor-section elementor-inner-section elementor-element elementor-element-277428e9 elementor-section-boxed elementor-section-height-default elementor-section-height-default\" data-id=\"277428e9\" data-element_type=\"section\" data-e-type=\"section\">\n\t\t\t\t\t\t<div class=\"elementor-container elementor-column-gap-default\">\n\t\t\t\t\t<div class=\"elementor-column elementor-col-100 elementor-inner-column elementor-element elementor-element-2299a80c\" data-id=\"2299a80c\" data-element_type=\"column\" data-e-type=\"column\">\n\t\t\t<div class=\"elementor-widget-wrap elementor-element-populated\">\n\t\t\t\t\t\t<div class=\"elementor-element elementor-element-53775c01 elementor-widget elementor-widget-button\" data-id=\"53775c01\" data-element_type=\"widget\" data-e-type=\"widget\" data-widget_type=\"button.default\">\n\t\t\t\t<div class=\"elementor-widget-container\">\n\t\t\t\t\t\t\t\t\t<div class=\"elementor-button-wrapper\">\n\t\t\t\t\t<a class=\"elementor-button elementor-button-link elementor-size-sm\" href=\"https:\/\/addevmaterials.com\/converting\/hu\/nos-implantaciok\/\" target=\"_blank\">\n\t\t\t\t\t\t<span class=\"elementor-button-content-wrapper\">\n\t\t\t\t\t\t<span class=\"elementor-button-icon\">\n\t\t\t\t<svg aria-hidden=\"true\" class=\"e-font-icon-svg e-fas-long-arrow-alt-right\" viewbox=\"0 0 448 512\" xmlns=\"http:\/\/www.w3.org\/2000\/svg\"><path d=\"M313.941 216H12c-6.627 0-12 5.373-12 12v56c0 6.627 5.373 12 12 12h301.941v46.059c0 21.382 25.851 32.09 40.971 16.971l86.059-86.059c9.373-9.373 9.373-24.569 0-33.941l-86.059-86.059c-15.119-15.119-40.971-4.411-40.971 16.971V216z\"><\/path><\/svg>\t\t\t<\/span>\n\t\t\t\t\t\t\t\t\t<span class=\"elementor-button-text\">Helysz\u00edneink<\/span>\n\t\t\t\t\t<\/span>\n\t\t\t\t\t<\/a>\n\t\t\t\t<\/div>\n\t\t\t\t\t\t\t\t<\/div>\n\t\t\t\t<\/div>\n\t\t\t\t\t<\/div>\n\t\t<\/div>\n\t\t\t\t\t<\/div>\n\t\t<\/section>\n\t\t\t\t\t<\/div>\n\t\t<\/div>\n\t\t\t\t\t<\/div>\n\t\t<\/section>\n\t\t\t\t<\/div>","protected":false},"excerpt":{"rendered":"<p>Pr\u00e9sence internationale \u00catre international tout en fournissant des services locaux.\u00a0 Pr\u00e9sence internationale Nous repr\u00e9sentons 15 sites industriels en Europe et en Am\u00e9rique du Nord. Nous d\u00e9veloppons notre pr\u00e9sence internationale afin de garantir la satisfaction de nos clients locaux et internationaux en leur offrant un excellent niveau de service et d&rsquo;assistance. Nos centres d&rsquo;excellence sont sp\u00e9cialis\u00e9s [&hellip;]<\/p>\n","protected":false},"author":3,"featured_media":0,"parent":0,"menu_order":0,"comment_status":"closed","ping_status":"closed","template":"elementor_header_footer","meta":{"footnotes":""},"class_list":["post-4545","page","type-page","status-publish","hentry"],"yoast_head":"<!-- This site is optimized with the Yoast SEO plugin v27.3 - https:\/\/yoast.com\/product\/yoast-seo-wordpress\/ -->\n<title>Pr\u00e9sence internationale - ADDEV Materials Converting<\/title>\n<meta name=\"robots\" content=\"index, follow, max-snippet:-1, max-image-preview:large, max-video-preview:-1\" \/>\n<link rel=\"canonical\" href=\"https:\/\/addevmaterials.com\/converting\/hu\/presence-internationale\/\" \/>\n<meta property=\"og:locale\" content=\"hu_HU\" \/>\n<meta property=\"og:type\" content=\"article\" \/>\n<meta property=\"og:title\" content=\"Pr\u00e9sence internationale - ADDEV Materials Converting\" \/>\n<meta property=\"og:description\" content=\"Pr\u00e9sence internationale \u00catre international tout en fournissant des services locaux.\u00a0 Pr\u00e9sence internationale Nous repr\u00e9sentons 15 sites industriels en Europe et en Am\u00e9rique du Nord. Nous d\u00e9veloppons notre pr\u00e9sence internationale afin de garantir la satisfaction de nos clients locaux et internationaux en leur offrant un excellent niveau de service et d&rsquo;assistance. Nos centres d&rsquo;excellence sont sp\u00e9cialis\u00e9s [&hellip;]\" \/>\n<meta property=\"og:url\" content=\"https:\/\/addevmaterials.com\/converting\/hu\/presence-internationale\/\" \/>\n<meta property=\"og:site_name\" content=\"ADDEV Materials Converting\" \/>\n<meta property=\"article:modified_time\" content=\"2025-12-05T09:53:54+00:00\" \/>\n<meta property=\"og:image\" content=\"https:\/\/addevmaterials.com\/converting\/wp-content\/uploads\/sites\/2\/2025\/12\/ADDEV-presence-international-1024x682.jpg\" \/>\n<meta name=\"twitter:card\" content=\"summary_large_image\" \/>\n<meta name=\"twitter:label1\" content=\"Becs\u00fclt olvas\u00e1si id\u0151\" \/>\n\t<meta name=\"twitter:data1\" content=\"1 perc\" \/>\n<script type=\"application\/ld+json\" class=\"yoast-schema-graph\">{\"@context\":\"https:\\\/\\\/schema.org\",\"@graph\":[{\"@type\":\"WebPage\",\"@id\":\"https:\\\/\\\/addevmaterials.com\\\/converting\\\/presence-internationale\\\/\",\"url\":\"https:\\\/\\\/addevmaterials.com\\\/converting\\\/presence-internationale\\\/\",\"name\":\"Pr\u00e9sence internationale - ADDEV Materials Converting\",\"isPartOf\":{\"@id\":\"https:\\\/\\\/addevmaterials.com\\\/converting\\\/ro\\\/#website\"},\"primaryImageOfPage\":{\"@id\":\"https:\\\/\\\/addevmaterials.com\\\/converting\\\/presence-internationale\\\/#primaryimage\"},\"image\":{\"@id\":\"https:\\\/\\\/addevmaterials.com\\\/converting\\\/presence-internationale\\\/#primaryimage\"},\"thumbnailUrl\":\"https:\\\/\\\/addevmaterials.com\\\/converting\\\/wp-content\\\/uploads\\\/sites\\\/2\\\/2025\\\/12\\\/ADDEV-presence-international-1024x682.jpg\",\"datePublished\":\"2022-04-19T12:56:49+00:00\",\"dateModified\":\"2025-12-05T09:53:54+00:00\",\"breadcrumb\":{\"@id\":\"https:\\\/\\\/addevmaterials.com\\\/converting\\\/presence-internationale\\\/#breadcrumb\"},\"inLanguage\":\"hu\",\"potentialAction\":[{\"@type\":\"ReadAction\",\"target\":[\"https:\\\/\\\/addevmaterials.com\\\/converting\\\/presence-internationale\\\/\"]}]},{\"@type\":\"ImageObject\",\"inLanguage\":\"hu\",\"@id\":\"https:\\\/\\\/addevmaterials.com\\\/converting\\\/presence-internationale\\\/#primaryimage\",\"url\":\"https:\\\/\\\/addevmaterials.com\\\/converting\\\/wp-content\\\/uploads\\\/sites\\\/2\\\/2025\\\/12\\\/ADDEV-presence-international-1024x682.jpg\",\"contentUrl\":\"https:\\\/\\\/addevmaterials.com\\\/converting\\\/wp-content\\\/uploads\\\/sites\\\/2\\\/2025\\\/12\\\/ADDEV-presence-international-1024x682.jpg\"},{\"@type\":\"BreadcrumbList\",\"@id\":\"https:\\\/\\\/addevmaterials.com\\\/converting\\\/presence-internationale\\\/#breadcrumb\",\"itemListElement\":[{\"@type\":\"ListItem\",\"position\":1,\"name\":\"Accueil\",\"item\":\"https:\\\/\\\/addevmaterials.com\\\/converting\\\/\"},{\"@type\":\"ListItem\",\"position\":2,\"name\":\"Pr\u00e9sence internationale\"}]},{\"@type\":\"WebSite\",\"@id\":\"https:\\\/\\\/addevmaterials.com\\\/converting\\\/ro\\\/#website\",\"url\":\"https:\\\/\\\/addevmaterials.com\\\/converting\\\/ro\\\/\",\"name\":\"ADDEV Materials Converting\",\"description\":\"\",\"publisher\":{\"@id\":\"https:\\\/\\\/addevmaterials.com\\\/converting\\\/ro\\\/#organization\"},\"potentialAction\":[{\"@type\":\"SearchAction\",\"target\":{\"@type\":\"EntryPoint\",\"urlTemplate\":\"https:\\\/\\\/addevmaterials.com\\\/converting\\\/ro\\\/?s={search_term_string}\"},\"query-input\":{\"@type\":\"PropertyValueSpecification\",\"valueRequired\":true,\"valueName\":\"search_term_string\"}}],\"inLanguage\":\"hu\"},{\"@type\":\"Organization\",\"@id\":\"https:\\\/\\\/addevmaterials.com\\\/converting\\\/ro\\\/#organization\",\"name\":\"ADDEV Materials Converting\",\"url\":\"https:\\\/\\\/addevmaterials.com\\\/converting\\\/ro\\\/\",\"logo\":{\"@type\":\"ImageObject\",\"inLanguage\":\"hu\",\"@id\":\"https:\\\/\\\/addevmaterials.com\\\/converting\\\/ro\\\/#\\\/schema\\\/logo\\\/image\\\/\",\"url\":\"https:\\\/\\\/addevmaterials.com\\\/converting\\\/wp-content\\\/uploads\\\/sites\\\/2\\\/2023\\\/04\\\/cropped-ADDEV_Materials-LOGO_RGB.png\",\"contentUrl\":\"https:\\\/\\\/addevmaterials.com\\\/converting\\\/wp-content\\\/uploads\\\/sites\\\/2\\\/2023\\\/04\\\/cropped-ADDEV_Materials-LOGO_RGB.png\",\"width\":2948,\"height\":929,\"caption\":\"ADDEV Materials Converting\"},\"image\":{\"@id\":\"https:\\\/\\\/addevmaterials.com\\\/converting\\\/ro\\\/#\\\/schema\\\/logo\\\/image\\\/\"},\"sameAs\":[\"https:\\\/\\\/www.linkedin.com\\\/company\\\/addev-materials\\\/\"]}]}<\/script>\n<!-- \/ Yoast SEO plugin. -->","yoast_head_json":{"title":"Nemzetk\u00f6zi jelenl\u00e9t - ADDEV Materials Converting","robots":{"index":"index","follow":"follow","max-snippet":"max-snippet:-1","max-image-preview":"max-image-preview:large","max-video-preview":"max-video-preview:-1"},"canonical":"https:\/\/addevmaterials.com\/converting\/hu\/presence-internationale\/","og_locale":"hu_HU","og_type":"article","og_title":"Pr\u00e9sence internationale - ADDEV Materials Converting","og_description":"Pr\u00e9sence internationale \u00catre international tout en fournissant des services locaux.\u00a0 Pr\u00e9sence internationale Nous repr\u00e9sentons 15 sites industriels en Europe et en Am\u00e9rique du Nord. Nous d\u00e9veloppons notre pr\u00e9sence internationale afin de garantir la satisfaction de nos clients locaux et internationaux en leur offrant un excellent niveau de service et d&rsquo;assistance. Nos centres d&rsquo;excellence sont sp\u00e9cialis\u00e9s [&hellip;]","og_url":"https:\/\/addevmaterials.com\/converting\/hu\/presence-internationale\/","og_site_name":"ADDEV Materials Converting","article_modified_time":"2025-12-05T09:53:54+00:00","og_image":[{"url":"https:\/\/addevmaterials.com\/converting\/wp-content\/uploads\/sites\/2\/2025\/12\/ADDEV-presence-international-1024x682.jpg","type":"","width":"","height":""}],"twitter_card":"summary_large_image","twitter_misc":{"Becs\u00fclt olvas\u00e1si id\u0151":"1 perc"},"schema":{"@context":"https:\/\/schema.org","@graph":[{"@type":"WebPage","@id":"https:\/\/addevmaterials.com\/converting\/presence-internationale\/","url":"https:\/\/addevmaterials.com\/converting\/presence-internationale\/","name":"Nemzetk\u00f6zi jelenl\u00e9t - ADDEV Materials Converting","isPartOf":{"@id":"https:\/\/addevmaterials.com\/converting\/ro\/#website"},"primaryImageOfPage":{"@id":"https:\/\/addevmaterials.com\/converting\/presence-internationale\/#primaryimage"},"image":{"@id":"https:\/\/addevmaterials.com\/converting\/presence-internationale\/#primaryimage"},"thumbnailUrl":"https:\/\/addevmaterials.com\/converting\/wp-content\/uploads\/sites\/2\/2025\/12\/ADDEV-presence-international-1024x682.jpg","datePublished":"2022-04-19T12:56:49+00:00","dateModified":"2025-12-05T09:53:54+00:00","breadcrumb":{"@id":"https:\/\/addevmaterials.com\/converting\/presence-internationale\/#breadcrumb"},"inLanguage":"hu","potentialAction":[{"@type":"ReadAction","target":["https:\/\/addevmaterials.com\/converting\/presence-internationale\/"]}]},{"@type":"ImageObject","inLanguage":"hu","@id":"https:\/\/addevmaterials.com\/converting\/presence-internationale\/#primaryimage","url":"https:\/\/addevmaterials.com\/converting\/wp-content\/uploads\/sites\/2\/2025\/12\/ADDEV-presence-international-1024x682.jpg","contentUrl":"https:\/\/addevmaterials.com\/converting\/wp-content\/uploads\/sites\/2\/2025\/12\/ADDEV-presence-international-1024x682.jpg"},{"@type":"BreadcrumbList","@id":"https:\/\/addevmaterials.com\/converting\/presence-internationale\/#breadcrumb","itemListElement":[{"@type":"ListItem","position":1,"name":"Accueil","item":"https:\/\/addevmaterials.com\/converting\/"},{"@type":"ListItem","position":2,"name":"Pr\u00e9sence internationale"}]},{"@type":"WebSite","@id":"https:\/\/addevmaterials.com\/converting\/ro\/#website","url":"https:\/\/addevmaterials.com\/converting\/ro\/","name":"ADDEV Anyagok feldolgoz\u00e1sa","description":"","publisher":{"@id":"https:\/\/addevmaterials.com\/converting\/ro\/#organization"},"potentialAction":[{"@type":"SearchAction","target":{"@type":"EntryPoint","urlTemplate":"https:\/\/addevmaterials.com\/converting\/ro\/?s={search_term_string}"},"query-input":{"@type":"PropertyValueSpecification","valueRequired":true,"valueName":"search_term_string"}}],"inLanguage":"hu"},{"@type":"Organization","@id":"https:\/\/addevmaterials.com\/converting\/ro\/#organization","name":"ADDEV Anyagok feldolgoz\u00e1sa","url":"https:\/\/addevmaterials.com\/converting\/ro\/","logo":{"@type":"ImageObject","inLanguage":"hu","@id":"https:\/\/addevmaterials.com\/converting\/ro\/#\/schema\/logo\/image\/","url":"https:\/\/addevmaterials.com\/converting\/wp-content\/uploads\/sites\/2\/2023\/04\/cropped-ADDEV_Materials-LOGO_RGB.png","contentUrl":"https:\/\/addevmaterials.com\/converting\/wp-content\/uploads\/sites\/2\/2023\/04\/cropped-ADDEV_Materials-LOGO_RGB.png","width":2948,"height":929,"caption":"ADDEV Materials Converting"},"image":{"@id":"https:\/\/addevmaterials.com\/converting\/ro\/#\/schema\/logo\/image\/"},"sameAs":["https:\/\/www.linkedin.com\/company\/addev-materials\/"]}]}},"distributor_meta":false,"distributor_terms":false,"distributor_media":false,"distributor_original_site_name":"ADDEV Materials Converting","distributor_original_site_url":"https:\/\/addevmaterials.com\/converting\/hu","push-errors":false,"_links":{"self":[{"href":"https:\/\/addevmaterials.com\/converting\/hu\/wp-json\/wp\/v2\/pages\/4545","targetHints":{"allow":["GET"]}}],"collection":[{"href":"https:\/\/addevmaterials.com\/converting\/hu\/wp-json\/wp\/v2\/pages"}],"about":[{"href":"https:\/\/addevmaterials.com\/converting\/hu\/wp-json\/wp\/v2\/types\/page"}],"author":[{"embeddable":true,"href":"https:\/\/addevmaterials.com\/converting\/hu\/wp-json\/wp\/v2\/users\/3"}],"replies":[{"embeddable":true,"href":"https:\/\/addevmaterials.com\/converting\/hu\/wp-json\/wp\/v2\/comments?post=4545"}],"version-history":[{"count":25,"href":"https:\/\/addevmaterials.com\/converting\/hu\/wp-json\/wp\/v2\/pages\/4545\/revisions"}],"predecessor-version":[{"id":25941,"href":"https:\/\/addevmaterials.com\/converting\/hu\/wp-json\/wp\/v2\/pages\/4545\/revisions\/25941"}],"wp:attachment":[{"href":"https:\/\/addevmaterials.com\/converting\/hu\/wp-json\/wp\/v2\/media?parent=4545"}],"curies":[{"name":"wp","href":"https:\/\/api.w.org\/{rel}","templated":true}]}}