{"id":12019,"date":"2023-03-20T15:19:36","date_gmt":"2023-03-20T15:19:36","guid":{"rendered":"https:\/\/mi.addevmaterials.com\/?page_id=12019"},"modified":"2025-09-24T09:50:35","modified_gmt":"2025-09-24T09:50:35","slug":"volledige-punten","status":"publish","type":"page","link":"https:\/\/addevmaterials.com\/converting\/nl\/mentions-legales\/","title":{"rendered":"Juridische informatie"},"content":{"rendered":"<div data-elementor-type=\"wp-page\" data-elementor-id=\"12019\" class=\"elementor elementor-12019\" data-elementor-post-type=\"page\">\n\t\t\t\t\t\t<section class=\"elementor-section elementor-top-section elementor-element elementor-element-3039bbe elementor-section-boxed elementor-section-height-default elementor-section-height-default\" data-id=\"3039bbe\" data-element_type=\"section\" data-e-type=\"section\" data-settings=\"{&quot;background_background&quot;:&quot;classic&quot;}\">\n\t\t\t\t\t\t<div class=\"elementor-container elementor-column-gap-default\">\n\t\t\t\t\t<div class=\"elementor-column elementor-col-100 elementor-top-column elementor-element elementor-element-fdda546\" data-id=\"fdda546\" data-element_type=\"column\" data-e-type=\"column\">\n\t\t\t<div class=\"elementor-widget-wrap\">\n\t\t\t\t\t\t\t<\/div>\n\t\t<\/div>\n\t\t\t\t\t<\/div>\n\t\t<\/section>\n\t\t\t\t<section class=\"elementor-section elementor-top-section elementor-element elementor-element-77ea1160 elementor-section-boxed elementor-section-height-default elementor-section-height-default\" data-id=\"77ea1160\" data-element_type=\"section\" data-e-type=\"section\" data-settings=\"{&quot;background_background&quot;:&quot;classic&quot;}\">\n\t\t\t\t\t\t\t<div class=\"elementor-background-overlay\"><\/div>\n\t\t\t\t\t\t\t<div class=\"elementor-container elementor-column-gap-default\">\n\t\t\t\t\t<div class=\"elementor-column elementor-col-100 elementor-top-column elementor-element elementor-element-7bfbd7a4\" data-id=\"7bfbd7a4\" data-element_type=\"column\" data-e-type=\"column\">\n\t\t\t<div class=\"elementor-widget-wrap elementor-element-populated\">\n\t\t\t\t\t\t<div class=\"elementor-element elementor-element-7ed46950 elementor-widget elementor-widget-heading\" data-id=\"7ed46950\" data-element_type=\"widget\" data-e-type=\"widget\" data-widget_type=\"heading.default\">\n\t\t\t\t<div class=\"elementor-widget-container\">\n\t\t\t\t\t<h1 class=\"elementor-heading-title elementor-size-default\">Juridische informatie<\/h1>\t\t\t\t<\/div>\n\t\t\t\t<\/div>\n\t\t\t\t\t<\/div>\n\t\t<\/div>\n\t\t\t\t\t<\/div>\n\t\t<\/section>\n\t\t\t\t<section class=\"elementor-section elementor-top-section elementor-element elementor-element-4684d57 elementor-section-boxed elementor-section-height-default elementor-section-height-default\" data-id=\"4684d57\" data-element_type=\"section\" data-e-type=\"section\">\n\t\t\t\t\t\t<div class=\"elementor-container elementor-column-gap-default\">\n\t\t\t\t\t<div class=\"elementor-column elementor-col-100 elementor-top-column elementor-element elementor-element-2229c60\" data-id=\"2229c60\" data-element_type=\"column\" data-e-type=\"column\">\n\t\t\t<div class=\"elementor-widget-wrap elementor-element-populated\">\n\t\t\t\t\t\t<div class=\"elementor-element elementor-element-84b8f5a elementor-widget elementor-widget-text-editor\" data-id=\"84b8f5a\" data-element_type=\"widget\" data-e-type=\"widget\" data-widget_type=\"text-editor.default\">\n\t\t\t\t<div class=\"elementor-widget-container\">\n\t\t\t\t\t\t\t\t\t<h1 data-start=\"102\" data-end=\"126\"><strong data-start=\"104\" data-end=\"124\">WETTELIJKE MEDEDELINGEN<\/strong><\/h1>\n<p data-start=\"127\" data-end=\"157\"><strong data-start=\"127\" data-end=\"155\">Ingangsdatum 12\/03\/2025<\/strong><\/p>\n<p data-start=\"159\" data-end=\"500\">In overeenstemming met de bepalingen van de artikelen <strong data-start=\"202\" data-end=\"217\">6-III en 19<\/strong> van de <strong data-start=\"224\" data-end=\"258\">Wet nr. 2004-575 van 21 juni 2004<\/strong> voor vertrouwen in de digitale economie (<strong data-start=\"304\" data-end=\"312\">LCEN<\/strong>), worden gebruikers en bezoekers van de site hierbij ge\u00efnformeerd dat <a href=\"https:\/\/addevmaterials.com\/converting\/nl\/\" target=\"_new\" rel=\"noopener\" data-start=\"384\" data-end=\"442\">https:\/\/addevmaterials.com\/<\/a> (hierna te noemen \"de Site\"), deze wettelijke kennisgeving.<\/p>\n<p data-start=\"502\" data-end=\"675\">De verbinding met en het surfen op de Site door de gebruiker (hierna te noemen de \"Gebruiker\") impliceert de volledige en onvoorwaardelijke aanvaarding van deze juridische kennisgeving.<\/p>\n<p data-start=\"677\" data-end=\"759\">Deze zijn beschikbaar op de Site onder de rubriek <strong data-start=\"734\" data-end=\"758\">\"Juridische informatie<\/strong>.<\/p>\n<hr data-start=\"761\" data-end=\"764\">\n<h2 data-start=\"766\" data-end=\"794\"><strong data-start=\"769\" data-end=\"792\">ARTIKEL 1 - UITGEVER<\/strong><\/h2>\n<p data-start=\"796\" data-end=\"1074\">De Site wordt bewerkt en gepubliceerd door <strong data-start=\"866\" data-end=\"889\">ADDEV Materials SAS<\/strong>op <strong data-start=\"894\" data-end=\"932\">aandelenkapitaal van 38.322.519 euro<\/strong>geregistreerd bij <strong data-start=\"950\" data-end=\"1004\">Handels- en bedrijvenregister Lyon (RCS)<\/strong> onder het nummer <strong data-start=\"1020\" data-end=\"1035\">820 724 508<\/strong>met statutaire zetel te :<\/p>\n<p data-start=\"1076\" data-end=\"1289\">\ud83d\udccd <strong data-start=\"1079\" data-end=\"1120\">30 Quai Perrache, 69002, Lyon, Frankrijk<\/strong><br data-start=\"1120\" data-end=\"1123\">\ud83d\udcde <strong data-start=\"1126\" data-end=\"1149\">Telefoonnummer<\/strong> : +33 (0)4 72 11 35 00<br data-start=\"1172\" data-end=\"1175\">\u2709\ufe0f <strong data-start=\"1178\" data-end=\"1196\">E-mailadres<\/strong> : <a rel=\"noopener\" data-start=\"1199\" data-end=\"1225\">contact@addevmaterials.com<\/a><br data-start=\"1225\" data-end=\"1228\">\ud83d\udccc <strong data-start=\"1231\" data-end=\"1267\">Intracommunautair BTW-nummer<\/strong> : <strong data-start=\"1270\" data-end=\"1287\">FR32820724508<\/strong><\/p>\n<p data-start=\"1291\" data-end=\"1365\">De Publicatiedirecteur is <b>Marie BLANCHARD BRUNEL&nbsp;<\/b>(hierna \"de uitgever\").<\/p>\n<hr data-start=\"1367\" data-end=\"1370\">\n<h2 data-start=\"1372\" data-end=\"1402\"><strong data-start=\"1375\" data-end=\"1400\">ARTIKEL 2 - GASTHEER<\/strong><\/h2>\n<p data-start=\"1404\" data-end=\"1491\">De Site wordt gehost door <strong data-start=\"1428\" data-end=\"1453\">Infomaniak Netwerk SA<\/strong>waarvan de statutaire zetel gevestigd is te :<\/p>\n<p data-start=\"1493\" data-end=\"1728\">\ud83d\udccd <strong data-start=\"1496\" data-end=\"1556\">Rue Eug\u00e8ne-Marziano 25, 1227 Les Acacias, Gen\u00e8ve, Zwitserland<\/strong><br data-start=\"1556\" data-end=\"1559\">\ud83d\udcde <strong data-start=\"1562\" data-end=\"1575\">Telefoon<\/strong> : +41 (0)22 820 35 44<br data-start=\"1597\" data-end=\"1600\">\u2709\ufe0f <strong data-start=\"1603\" data-end=\"1624\">Contact e-mail<\/strong> : <a rel=\"noopener\" data-start=\"1627\" data-end=\"1649\">support@infomaniak.com<\/a><br data-start=\"1649\" data-end=\"1652\">\ud83c\udf0d <strong data-start=\"1655\" data-end=\"1667\">Website<\/strong> : <a href=\"https:\/\/www.infomaniak.com\" target=\"_new\" rel=\"noopener\" data-start=\"1670\" data-end=\"1726\">https:\/\/www.infomaniak.com<\/a><\/p>\n<hr data-start=\"1730\" data-end=\"1733\">\n<h2 data-start=\"1735\" data-end=\"1769\"><strong data-start=\"1738\" data-end=\"1767\">ARTIKEL 3 - TOEGANG TOT DE SITE<\/strong><\/h2>\n<p data-start=\"1771\" data-end=\"1919\">De Site is 24 uur per dag, 7 dagen per week toegankelijk, behalve in het geval van <strong data-start=\"1825\" data-end=\"1842\">overmacht<\/strong>, d'<strong data-start=\"1846\" data-end=\"1873\">geplande onderbreking<\/strong> of niet om redenen van <strong data-start=\"1901\" data-end=\"1916\">onderhoud<\/strong>.<\/p>\n<p data-start=\"1921\" data-end=\"2024\">De Uitgever kan niet aansprakelijk worden gesteld voor enige wijziging, onderbreking of opschorting van de Site.<\/p>\n<hr data-start=\"2026\" data-end=\"2029\">\n<h2 data-start=\"2031\" data-end=\"2096\"><strong data-start=\"2034\" data-end=\"2094\">ARTIKEL 4 - VERZAMELEN VAN PERSOONLIJKE GEGEVENS EN COOKIES<\/strong><\/h2>\n<h3 data-start=\"2098\" data-end=\"2158\"><strong data-start=\"2102\" data-end=\"2156\">1. Verzamelen en verwerken van persoonlijke gegevens<\/strong><\/h3>\n<p data-start=\"2160\" data-end=\"2300\">De Site verzamelt en verwerkt de persoonsgegevens van de Gebruiker. <strong data-start=\"2225\" data-end=\"2249\">persoonlijke gegevens<\/strong> met inachtneming van de privacy, in overeenstemming met :<\/p>\n<ul data-start=\"2301\" data-end=\"2507\">\n<li data-start=\"2301\" data-end=\"2409\">naar de <strong data-start=\"2308\" data-end=\"2341\">Wet nr. 78-17 van 6 januari 1978<\/strong>gewijzigd met betrekking tot informatietechnologie, bestanden en burgerlijke vrijheden<\/li>\n<li data-start=\"2410\" data-end=\"2507\">en <strong data-start=\"2418\" data-end=\"2487\">Algemene verordening gegevensbescherming (GDPR) nr. 2016\/679<\/strong> van 27 april 2016.<\/li>\n<\/ul>\n<p data-start=\"2509\" data-end=\"2766\">De Gebruiker heeft de volgende rechten met betrekking tot zijn\/haar gegevens:<br data-start=\"2568\" data-end=\"2571\">\u2705 <strong data-start=\"2573\" data-end=\"2590\">Recht op toegang<\/strong><br data-start=\"2590\" data-end=\"2593\">\u2705 <strong data-start=\"2595\" data-end=\"2621\">Recht op correctie<\/strong><br data-start=\"2621\" data-end=\"2624\">\u2705 <strong data-start=\"2626\" data-end=\"2650\">Recht op verwijdering<\/strong><br data-start=\"2650\" data-end=\"2653\">\u2705 <strong data-start=\"2655\" data-end=\"2677\">Recht op bezwaar<\/strong><br data-start=\"2677\" data-end=\"2680\">\u2705 <strong data-start=\"2682\" data-end=\"2720\">Recht op gegevensoverdraagbaarheid<\/strong><br data-start=\"2720\" data-end=\"2723\">\u2705 <strong data-start=\"2725\" data-end=\"2764\">Recht op beperking van de verwerking<\/strong><\/p>\n<p data-start=\"2768\" data-end=\"2901\">Om deze rechten uit te oefenen, kunnen Gebruikers contact opnemen met de Uitgever op het volgende adres<br data-start=\"2854\" data-end=\"2857\">\ud83d\udce7 <strong data-start=\"2860\" data-end=\"2870\">E-mail<\/strong> : <a rel=\"noopener\" data-start=\"2873\" data-end=\"2899\">contact@addevmaterials.com<\/a><\/p>\n<p data-start=\"2903\" data-end=\"3005\">In geval van een klacht kan de Gebruiker <strong data-start=\"2945\" data-end=\"2963\">de zaak voorleggen aan de CNIL<\/strong> via <a href=\"https:\/\/www.cnil.fr\" target=\"_new\" rel=\"noopener\" data-start=\"2968\" data-end=\"3002\">www.cnil.fr<\/a>.<\/p>\n<hr data-start=\"3007\" data-end=\"3010\">\n<h3 data-start=\"3012\" data-end=\"3046\"><strong data-start=\"3016\" data-end=\"3044\">2. Cookiebeleid<\/strong><\/h3>\n<p data-start=\"3048\" data-end=\"3154\">Wanneer u door de Site bladert, kunnen sommige <strong data-start=\"3087\" data-end=\"3098\">koekjes<\/strong> op het apparaat van de Gebruiker worden geplaatst.<\/p>\n<p data-start=\"3156\" data-end=\"3307\">In overeenstemming met de aanbevelingen van de <strong data-start=\"3195\" data-end=\"3203\">CNIL<\/strong>, <strong data-start=\"3205\" data-end=\"3266\">de Gebruiker wordt ge\u00efnformeerd en moet expliciet toestemming geven<\/strong> voor het gebruik van de volgende cookies:<\/p>\n<ul data-start=\"3308\" data-end=\"3487\">\n<li data-start=\"3308\" data-end=\"3369\"><strong data-start=\"3310\" data-end=\"3333\">Analytische cookies<\/strong> om het publiek van de site te meten<\/li>\n<li data-start=\"3370\" data-end=\"3433\"><strong data-start=\"3372\" data-end=\"3397\">Advertentiecookies<\/strong> om je advertenties te personaliseren<\/li>\n<li data-start=\"3434\" data-end=\"3487\"><strong data-start=\"3436\" data-end=\"3458\">Cookies delen<\/strong> voor sociale netwerken<\/li>\n<\/ul>\n<p data-start=\"3489\" data-end=\"3630\">De Gebruiker mag <strong data-start=\"3508\" data-end=\"3531\">accepteren of weigeren<\/strong> het gebruik van deze cookies via de <strong data-start=\"3568\" data-end=\"3595\">toestemmingsbanner<\/strong> weergegeven bij de eerste verbinding.<\/p>\n<p data-start=\"3632\" data-end=\"3778\">\u2139\ufe0f <strong data-start=\"3635\" data-end=\"3688\">Voor meer informatie over ons cookiebeheer<\/strong>kan de gebruiker de <strong data-start=\"3722\" data-end=\"3754\">Privacybeleid<\/strong> beschikbaar op de Site.<\/p>\n<hr data-start=\"3780\" data-end=\"3783\">\n<h2 data-start=\"3785\" data-end=\"3830\"><strong data-start=\"3788\" data-end=\"3828\">ARTIKEL 5 - INTELLECTUEEL EIGENDOM<\/strong><\/h2>\n<p data-start=\"3832\" data-end=\"4073\">Alle inhoud op de Site (tekst, afbeeldingen, logo's, video's, grafisch charter, etc.) is eigendom van hun respectievelijke eigenaars. <strong data-start=\"3932\" data-end=\"3988\">beschermd door intellectueel eigendomsrecht<\/strong> en zijn het exclusieve eigendom van <strong data-start=\"4023\" data-end=\"4046\">ADDEV Materials SAS<\/strong>tenzij anders vermeld.<\/p>\n<p data-start=\"4075\" data-end=\"4395\">Alle <strong data-start=\"4081\" data-end=\"4156\">gebruik, reproductie, distributie, marketing of wijziging<\/strong> de hele Site of een deel ervan <strong data-start=\"4183\" data-end=\"4229\">zonder voorafgaande toestemming van de uitgever<\/strong> is verboden en kan worden onderworpen aan <strong data-start=\"4271\" data-end=\"4297\">juridische procedures<\/strong>in overeenstemming met de bepalingen van <strong data-start=\"4332\" data-end=\"4371\">Code intellectueel eigendom<\/strong> en <strong data-start=\"4378\" data-end=\"4392\">Burgerlijk Wetboek<\/strong>.<\/p>\n<p data-start=\"4397\" data-end=\"4532\">Als de Gebruiker inhoud op de Site opnieuw wil gebruiken, moet een verzoek om toestemming worden gestuurd naar <strong data-start=\"4501\" data-end=\"4531\"><a rel=\"noopener\" data-start=\"4503\" data-end=\"4529\">contact@addevmaterials.com<\/a><\/strong>.<\/p>\n<hr data-start=\"4534\" data-end=\"4537\">\n<h2 data-start=\"4539\" data-end=\"4574\"><strong data-start=\"4542\" data-end=\"4572\">ARTIKEL 6 - AANSPRAKELIJKHEID<\/strong><\/h2>\n<p data-start=\"4576\" data-end=\"4708\">De uitgever doet al het mogelijke om informatie te verstrekken <strong data-start=\"4634\" data-end=\"4655\">nauwkeurig en up-to-date<\/strong>maar kan niet aansprakelijk worden gesteld in geval van :<\/p>\n<ul data-start=\"4709\" data-end=\"4923\">\n<li data-start=\"4709\" data-end=\"4786\">Fouten, weglatingen of onnauwkeurigheden in de informatie op de Site<\/li>\n<li data-start=\"4787\" data-end=\"4849\">Technisch probleem met als gevolg <strong data-start=\"4823\" data-end=\"4839\">onderbreking<\/strong> van de site<\/li>\n<li data-start=\"4850\" data-end=\"4923\">Directe of indirecte schade die voortvloeit uit de toegang tot of het gebruik van de Site<\/li>\n<\/ul>\n<p data-start=\"4925\" data-end=\"5035\">De uitgever behoudt zich het recht voor om <strong data-start=\"4958\" data-end=\"4994\">wijzigen, opschorten of verwijderen<\/strong> de hele Site of een deel ervan <strong data-start=\"5018\" data-end=\"5034\">zonder voorafgaande kennisgeving<\/strong>.<\/p>\n<hr data-start=\"5037\" data-end=\"5040\">\n<h2 data-start=\"5042\" data-end=\"5105\"><strong data-start=\"5045\" data-end=\"5103\">ARTIKEL 7 - TOEPASSELIJK RECHT EN JURISDICTIE<\/strong><\/h2>\n<p data-start=\"5107\" data-end=\"5178\">Op deze wettelijke kennisgeving is de <strong data-start=\"5157\" data-end=\"5175\">Frans recht<\/strong>.<\/p>\n<p data-start=\"5180\" data-end=\"5340\">In het geval van een geschil en bij het uitblijven van een minnelijke schikking, zal het geschil worden voorgelegd aan <strong data-start=\"5261\" data-end=\"5339\">de bevoegde rechtbanken binnen het rechtsgebied van de maatschappelijke zetel van ADDEV Materials SAS<\/strong>.<\/p>\n<hr data-start=\"5342\" data-end=\"5345\">\n<h3 data-start=\"5347\" data-end=\"5368\"><strong data-start=\"5351\" data-end=\"5366\">UPDATE<\/strong><\/h3>\n<p data-start=\"5370\" data-end=\"5444\">Deze wettelijke kennisgeving is bijgewerkt <strong data-start=\"5422\" data-end=\"5441\">12 maart 2025<\/strong>.<\/p>\n<p data-start=\"5446\" data-end=\"5576\">De uitgever behoudt zich het recht voor om <strong data-start=\"5483\" data-end=\"5509\">op elk moment wijzigen<\/strong> om ervoor te zorgen dat ze voldoen aan de huidige wetgeving.<\/p>\n<p data-start=\"5578\" data-end=\"5715\">\u2139\ufe0f <strong data-start=\"5581\" data-end=\"5622\">Laatste update beschikbaar op :<\/strong> <a target=\"_new\" rel=\"noopener\" data-start=\"5623\" data-end=\"5713\">https:\/\/addevmaterials.com\/mentions-legales<\/a><\/p>\t\t\t\t\t\t\t\t<\/div>\n\t\t\t\t<\/div>\n\t\t\t\t\t<\/div>\n\t\t<\/div>\n\t\t\t\t\t<\/div>\n\t\t<\/section>\n\t\t\t\t<\/div>","protected":false},"excerpt":{"rendered":"<p>Mentions l\u00e9gales MENTIONS L\u00c9GALES En vigueur au 12\/03\/2025 Conform\u00e9ment aux dispositions des articles 6-III et 19 de la Loi n\u00b02004-575 du 21 juin 2004 pour la Confiance dans l\u2019\u00c9conomie Num\u00e9rique (LCEN), il est port\u00e9 \u00e0 la connaissance des utilisateurs et visiteurs du site https:\/\/addevmaterials.com\/ (ci-apr\u00e8s \u00ab le Site \u00bb), les pr\u00e9sentes mentions l\u00e9gales. La connexion [&hellip;]<\/p>\n","protected":false},"author":3,"featured_media":0,"parent":0,"menu_order":0,"comment_status":"closed","ping_status":"closed","template":"elementor_header_footer","meta":{"footnotes":""},"class_list":["post-12019","page","type-page","status-publish","hentry"],"yoast_head":"<!-- This site is optimized with the Yoast SEO plugin v27.3 - https:\/\/yoast.com\/product\/yoast-seo-wordpress\/ -->\n<title>Mentions l\u00e9gales - ADDEV Materials Converting<\/title>\n<meta name=\"robots\" content=\"noindex, follow\" \/>\n<meta property=\"og:locale\" content=\"nl_BE\" \/>\n<meta property=\"og:type\" content=\"article\" \/>\n<meta property=\"og:title\" content=\"Mentions l\u00e9gales - ADDEV Materials Converting\" \/>\n<meta property=\"og:description\" content=\"Mentions l\u00e9gales MENTIONS L\u00c9GALES En vigueur au 12\/03\/2025 Conform\u00e9ment aux dispositions des articles 6-III et 19 de la Loi n\u00b02004-575 du 21 juin 2004 pour la Confiance dans l\u2019\u00c9conomie Num\u00e9rique (LCEN), il est port\u00e9 \u00e0 la connaissance des utilisateurs et visiteurs du site https:\/\/addevmaterials.com\/ (ci-apr\u00e8s \u00ab le Site \u00bb), les pr\u00e9sentes mentions l\u00e9gales. La connexion [&hellip;]\" \/>\n<meta property=\"og:url\" content=\"https:\/\/addevmaterials.com\/converting\/nl\/volledige-punten\/\" \/>\n<meta property=\"og:site_name\" content=\"ADDEV Materials Converting\" \/>\n<meta property=\"article:modified_time\" content=\"2025-09-24T09:50:35+00:00\" \/>\n<meta name=\"twitter:card\" content=\"summary_large_image\" \/>\n<meta name=\"twitter:label1\" content=\"Geschatte leestijd\" \/>\n\t<meta name=\"twitter:data1\" content=\"7 minuten\" \/>\n<script type=\"application\/ld+json\" class=\"yoast-schema-graph\">{\"@context\":\"https:\\\/\\\/schema.org\",\"@graph\":[{\"@type\":\"WebPage\",\"@id\":\"https:\\\/\\\/addevmaterials.com\\\/converting\\\/mentions-legales\\\/\",\"url\":\"https:\\\/\\\/addevmaterials.com\\\/converting\\\/mentions-legales\\\/\",\"name\":\"Mentions l\u00e9gales - ADDEV Materials Converting\",\"isPartOf\":{\"@id\":\"https:\\\/\\\/addevmaterials.com\\\/converting\\\/ro\\\/#website\"},\"datePublished\":\"2023-03-20T15:19:36+00:00\",\"dateModified\":\"2025-09-24T09:50:35+00:00\",\"breadcrumb\":{\"@id\":\"https:\\\/\\\/addevmaterials.com\\\/converting\\\/mentions-legales\\\/#breadcrumb\"},\"inLanguage\":\"nl-BE\",\"potentialAction\":[{\"@type\":\"ReadAction\",\"target\":[\"https:\\\/\\\/addevmaterials.com\\\/converting\\\/mentions-legales\\\/\"]}]},{\"@type\":\"BreadcrumbList\",\"@id\":\"https:\\\/\\\/addevmaterials.com\\\/converting\\\/mentions-legales\\\/#breadcrumb\",\"itemListElement\":[{\"@type\":\"ListItem\",\"position\":1,\"name\":\"Accueil\",\"item\":\"https:\\\/\\\/addevmaterials.com\\\/converting\\\/\"},{\"@type\":\"ListItem\",\"position\":2,\"name\":\"Mentions l\u00e9gales\"}]},{\"@type\":\"WebSite\",\"@id\":\"https:\\\/\\\/addevmaterials.com\\\/converting\\\/ro\\\/#website\",\"url\":\"https:\\\/\\\/addevmaterials.com\\\/converting\\\/ro\\\/\",\"name\":\"ADDEV Materials Converting\",\"description\":\"\",\"publisher\":{\"@id\":\"https:\\\/\\\/addevmaterials.com\\\/converting\\\/ro\\\/#organization\"},\"potentialAction\":[{\"@type\":\"SearchAction\",\"target\":{\"@type\":\"EntryPoint\",\"urlTemplate\":\"https:\\\/\\\/addevmaterials.com\\\/converting\\\/ro\\\/?s={search_term_string}\"},\"query-input\":{\"@type\":\"PropertyValueSpecification\",\"valueRequired\":true,\"valueName\":\"search_term_string\"}}],\"inLanguage\":\"nl-BE\"},{\"@type\":\"Organization\",\"@id\":\"https:\\\/\\\/addevmaterials.com\\\/converting\\\/ro\\\/#organization\",\"name\":\"ADDEV Materials Converting\",\"url\":\"https:\\\/\\\/addevmaterials.com\\\/converting\\\/ro\\\/\",\"logo\":{\"@type\":\"ImageObject\",\"inLanguage\":\"nl-BE\",\"@id\":\"https:\\\/\\\/addevmaterials.com\\\/converting\\\/ro\\\/#\\\/schema\\\/logo\\\/image\\\/\",\"url\":\"https:\\\/\\\/addevmaterials.com\\\/converting\\\/wp-content\\\/uploads\\\/sites\\\/2\\\/2023\\\/04\\\/cropped-ADDEV_Materials-LOGO_RGB.png\",\"contentUrl\":\"https:\\\/\\\/addevmaterials.com\\\/converting\\\/wp-content\\\/uploads\\\/sites\\\/2\\\/2023\\\/04\\\/cropped-ADDEV_Materials-LOGO_RGB.png\",\"width\":2948,\"height\":929,\"caption\":\"ADDEV Materials Converting\"},\"image\":{\"@id\":\"https:\\\/\\\/addevmaterials.com\\\/converting\\\/ro\\\/#\\\/schema\\\/logo\\\/image\\\/\"},\"sameAs\":[\"https:\\\/\\\/www.linkedin.com\\\/company\\\/addev-materials\\\/\"]}]}<\/script>\n<!-- \/ Yoast SEO plugin. -->","yoast_head_json":{"title":"Wettelijke informatie - ADDEV Materials Verwerking","robots":{"index":"noindex","follow":"follow"},"og_locale":"nl_BE","og_type":"article","og_title":"Mentions l\u00e9gales - ADDEV Materials Converting","og_description":"Mentions l\u00e9gales MENTIONS L\u00c9GALES En vigueur au 12\/03\/2025 Conform\u00e9ment aux dispositions des articles 6-III et 19 de la Loi n\u00b02004-575 du 21 juin 2004 pour la Confiance dans l\u2019\u00c9conomie Num\u00e9rique (LCEN), il est port\u00e9 \u00e0 la connaissance des utilisateurs et visiteurs du site https:\/\/addevmaterials.com\/ (ci-apr\u00e8s \u00ab le Site \u00bb), les pr\u00e9sentes mentions l\u00e9gales. La connexion [&hellip;]","og_url":"https:\/\/addevmaterials.com\/converting\/nl\/volledige-punten\/","og_site_name":"ADDEV Materials Converting","article_modified_time":"2025-09-24T09:50:35+00:00","twitter_card":"summary_large_image","twitter_misc":{"Geschatte leestijd":"7 minuten"},"schema":{"@context":"https:\/\/schema.org","@graph":[{"@type":"WebPage","@id":"https:\/\/addevmaterials.com\/converting\/mentions-legales\/","url":"https:\/\/addevmaterials.com\/converting\/mentions-legales\/","name":"Wettelijke informatie - ADDEV Materials Verwerking","isPartOf":{"@id":"https:\/\/addevmaterials.com\/converting\/ro\/#website"},"datePublished":"2023-03-20T15:19:36+00:00","dateModified":"2025-09-24T09:50:35+00:00","breadcrumb":{"@id":"https:\/\/addevmaterials.com\/converting\/mentions-legales\/#breadcrumb"},"inLanguage":"nl-BE","potentialAction":[{"@type":"ReadAction","target":["https:\/\/addevmaterials.com\/converting\/mentions-legales\/"]}]},{"@type":"BreadcrumbList","@id":"https:\/\/addevmaterials.com\/converting\/mentions-legales\/#breadcrumb","itemListElement":[{"@type":"ListItem","position":1,"name":"Accueil","item":"https:\/\/addevmaterials.com\/converting\/"},{"@type":"ListItem","position":2,"name":"Mentions l\u00e9gales"}]},{"@type":"WebSite","@id":"https:\/\/addevmaterials.com\/converting\/ro\/#website","url":"https:\/\/addevmaterials.com\/converting\/ro\/","name":"ADDEV Materiaalverwerking","description":"","publisher":{"@id":"https:\/\/addevmaterials.com\/converting\/ro\/#organization"},"potentialAction":[{"@type":"SearchAction","target":{"@type":"EntryPoint","urlTemplate":"https:\/\/addevmaterials.com\/converting\/ro\/?s={search_term_string}"},"query-input":{"@type":"PropertyValueSpecification","valueRequired":true,"valueName":"search_term_string"}}],"inLanguage":"nl-BE"},{"@type":"Organization","@id":"https:\/\/addevmaterials.com\/converting\/ro\/#organization","name":"ADDEV Materiaalverwerking","url":"https:\/\/addevmaterials.com\/converting\/ro\/","logo":{"@type":"ImageObject","inLanguage":"nl-BE","@id":"https:\/\/addevmaterials.com\/converting\/ro\/#\/schema\/logo\/image\/","url":"https:\/\/addevmaterials.com\/converting\/wp-content\/uploads\/sites\/2\/2023\/04\/cropped-ADDEV_Materials-LOGO_RGB.png","contentUrl":"https:\/\/addevmaterials.com\/converting\/wp-content\/uploads\/sites\/2\/2023\/04\/cropped-ADDEV_Materials-LOGO_RGB.png","width":2948,"height":929,"caption":"ADDEV Materials Converting"},"image":{"@id":"https:\/\/addevmaterials.com\/converting\/ro\/#\/schema\/logo\/image\/"},"sameAs":["https:\/\/www.linkedin.com\/company\/addev-materials\/"]}]}},"distributor_meta":false,"distributor_terms":false,"distributor_media":false,"distributor_original_site_name":"ADDEV Materials Converting","distributor_original_site_url":"https:\/\/addevmaterials.com\/converting\/nl","push-errors":false,"_links":{"self":[{"href":"https:\/\/addevmaterials.com\/converting\/nl\/wp-json\/wp\/v2\/pages\/12019","targetHints":{"allow":["GET"]}}],"collection":[{"href":"https:\/\/addevmaterials.com\/converting\/nl\/wp-json\/wp\/v2\/pages"}],"about":[{"href":"https:\/\/addevmaterials.com\/converting\/nl\/wp-json\/wp\/v2\/types\/page"}],"author":[{"embeddable":true,"href":"https:\/\/addevmaterials.com\/converting\/nl\/wp-json\/wp\/v2\/users\/3"}],"replies":[{"embeddable":true,"href":"https:\/\/addevmaterials.com\/converting\/nl\/wp-json\/wp\/v2\/comments?post=12019"}],"version-history":[{"count":17,"href":"https:\/\/addevmaterials.com\/converting\/nl\/wp-json\/wp\/v2\/pages\/12019\/revisions"}],"predecessor-version":[{"id":24732,"href":"https:\/\/addevmaterials.com\/converting\/nl\/wp-json\/wp\/v2\/pages\/12019\/revisions\/24732"}],"wp:attachment":[{"href":"https:\/\/addevmaterials.com\/converting\/nl\/wp-json\/wp\/v2\/media?parent=12019"}],"curies":[{"name":"wp","href":"https:\/\/api.w.org\/{rel}","templated":true}]}}