{"id":16959,"date":"2023-06-09T21:28:39","date_gmt":"2023-06-09T19:28:39","guid":{"rendered":"https:\/\/mi.addevmaterials.com\/?page_id=12541"},"modified":"2025-07-24T12:19:31","modified_gmt":"2025-07-24T12:19:31","slug":"polyester-tape-3m-8992","status":"publish","type":"page","link":"https:\/\/addevmaterials.com\/converting\/nl\/ruban-polyester-3m-8992\/","title":{"rendered":"3M 8992 polyester tape"},"content":{"rendered":"<div data-elementor-type=\"wp-page\" data-elementor-id=\"16959\" class=\"elementor elementor-16959\" data-elementor-post-type=\"page\">\n\t\t\t\t\t\t<section class=\"elementor-section elementor-top-section elementor-element elementor-element-16cf55d0 elementor-section-boxed elementor-section-height-default elementor-section-height-default\" data-id=\"16cf55d0\" data-element_type=\"section\" data-e-type=\"section\" data-settings=\"{&quot;background_background&quot;:&quot;classic&quot;}\">\n\t\t\t\t\t\t\t<div class=\"elementor-background-overlay\"><\/div>\n\t\t\t\t\t\t\t<div class=\"elementor-container elementor-column-gap-default\">\n\t\t\t\t\t<div class=\"elementor-column elementor-col-100 elementor-top-column elementor-element elementor-element-408402f\" data-id=\"408402f\" data-element_type=\"column\" data-e-type=\"column\">\n\t\t\t<div class=\"elementor-widget-wrap elementor-element-populated\">\n\t\t\t\t\t\t<div class=\"elementor-element elementor-element-899b830 elementor-widget elementor-widget-heading\" data-id=\"899b830\" data-element_type=\"widget\" data-e-type=\"widget\" data-widget_type=\"heading.default\">\n\t\t\t\t<div class=\"elementor-widget-container\">\n\t\t\t\t\t<p class=\"elementor-heading-title elementor-size-default\">Technisch gegevensblad<\/p>\t\t\t\t<\/div>\n\t\t\t\t<\/div>\n\t\t\t\t<div class=\"elementor-element elementor-element-23ab1fe7 elementor-widget elementor-widget-heading\" data-id=\"23ab1fe7\" data-element_type=\"widget\" data-e-type=\"widget\" data-widget_type=\"heading.default\">\n\t\t\t\t<div class=\"elementor-widget-container\">\n\t\t\t\t\t<h1 class=\"elementor-heading-title elementor-size-default\">3M\u2122 8992 Polyester tape<\/h1>\t\t\t\t<\/div>\n\t\t\t\t<\/div>\n\t\t\t\t\t<\/div>\n\t\t<\/div>\n\t\t\t\t\t<\/div>\n\t\t<\/section>\n\t\t\t\t<section class=\"elementor-section elementor-top-section elementor-element elementor-element-38d60772 elementor-section-boxed elementor-section-height-default elementor-section-height-default\" data-id=\"38d60772\" data-element_type=\"section\" data-e-type=\"section\">\n\t\t\t\t\t\t<div class=\"elementor-container elementor-column-gap-default\">\n\t\t\t\t\t<div class=\"elementor-column elementor-col-50 elementor-top-column elementor-element elementor-element-47d2986b\" data-id=\"47d2986b\" data-element_type=\"column\" data-e-type=\"column\">\n\t\t\t<div class=\"elementor-widget-wrap elementor-element-populated\">\n\t\t\t\t\t\t<div class=\"elementor-element elementor-element-2d420c21 elementor-widget elementor-widget-heading\" data-id=\"2d420c21\" data-element_type=\"widget\" data-e-type=\"widget\" data-widget_type=\"heading.default\">\n\t\t\t\t<div class=\"elementor-widget-container\">\n\t\t\t\t\t<h2 class=\"elementor-heading-title elementor-size-default\">Productbeschrijving<\/h2>\t\t\t\t<\/div>\n\t\t\t\t<\/div>\n\t\t\t\t<div class=\"elementor-element elementor-element-5c4f06cf elementor-widget elementor-widget-text-editor\" data-id=\"5c4f06cf\" data-element_type=\"widget\" data-e-type=\"widget\" data-widget_type=\"text-editor.default\">\n\t\t\t\t<div class=\"elementor-widget-container\">\n\t\t\t\t\t\t\t\t\t<p>3M Polyester Tape 8992 is een donkergroene polyester tape met een siliconen kleeflaag. De tape kan gebruikt worden voor een breed scala aan toepassingen bij hoge temperaturen, waaronder het afplakken van poedercoatings, vonkenvangers en het afdichten van zakken. De tape kan ook worden gebruikt om rollen met siliconen behandelde voeringen of materialen te splitsen, te verbinden of te sluiten.<\/p>\t\t\t\t\t\t\t\t<\/div>\n\t\t\t\t<\/div>\n\t\t\t\t\t<\/div>\n\t\t<\/div>\n\t\t\t\t<div class=\"elementor-column elementor-col-50 elementor-top-column elementor-element elementor-element-4503a52a\" data-id=\"4503a52a\" data-element_type=\"column\" data-e-type=\"column\">\n\t\t\t<div class=\"elementor-widget-wrap elementor-element-populated\">\n\t\t\t\t\t\t<div class=\"elementor-element elementor-element-36ea945c elementor-widget elementor-widget-image\" data-id=\"36ea945c\" data-element_type=\"widget\" data-e-type=\"widget\" data-widget_type=\"image.default\">\n\t\t\t\t<div class=\"elementor-widget-container\">\n\t\t\t\t\t\t\t\t\t\t\t\t\t\t\t<img fetchpriority=\"high\" decoding=\"async\" width=\"300\" height=\"250\" src=\"https:\/\/addevmaterials.com\/converting\/wp-content\/uploads\/sites\/2\/2023\/07\/8992.png\" class=\"attachment-large size-large wp-image-18819\" alt=\"3M 8992 polyester tape\" srcset=\"https:\/\/addevmaterials.com\/converting\/wp-content\/uploads\/sites\/2\/2023\/07\/8992.png 300w, https:\/\/addevmaterials.com\/converting\/wp-content\/uploads\/sites\/2\/2023\/07\/8992-14x12.png 14w\" sizes=\"(max-width: 300px) 100vw, 300px\" \/>\t\t\t\t\t\t\t\t\t\t\t\t\t\t\t<\/div>\n\t\t\t\t<\/div>\n\t\t\t\t\t<\/div>\n\t\t<\/div>\n\t\t\t\t\t<\/div>\n\t\t<\/section>\n\t\t\t\t<section class=\"elementor-section elementor-top-section elementor-element elementor-element-f379eb5 elementor-section-boxed elementor-section-height-default elementor-section-height-default\" data-id=\"f379eb5\" data-element_type=\"section\" data-e-type=\"section\">\n\t\t\t\t\t\t<div class=\"elementor-container elementor-column-gap-default\">\n\t\t\t\t\t<div class=\"elementor-column elementor-col-100 elementor-top-column elementor-element elementor-element-d90c5d1\" data-id=\"d90c5d1\" data-element_type=\"column\" data-e-type=\"column\">\n\t\t\t<div class=\"elementor-widget-wrap elementor-element-populated\">\n\t\t\t\t\t\t<div class=\"elementor-element elementor-element-a27d1c3 elementor-widget elementor-widget-heading\" data-id=\"a27d1c3\" data-element_type=\"widget\" data-e-type=\"widget\" data-widget_type=\"heading.default\">\n\t\t\t\t<div class=\"elementor-widget-container\">\n\t\t\t\t\t<h2 class=\"elementor-heading-title elementor-size-default\">Productkenmerken<\/h2>\t\t\t\t<\/div>\n\t\t\t\t<\/div>\n\t\t\t\t<div class=\"elementor-element elementor-element-570537f elementor-widget elementor-widget-text-editor\" data-id=\"570537f\" data-element_type=\"widget\" data-e-type=\"widget\" data-widget_type=\"text-editor.default\">\n\t\t\t\t<div class=\"elementor-widget-container\">\n\t\t\t\t\t\t\t\t\t<ul><li>3M 8992 polyester tape biedt uitstekende weerstand tegen hitte, schuren en chemicali\u00ebn, terwijl de flexibiliteit behouden blijft.<\/li><li>Door de groene kleur is de tape gemakkelijk te herkennen, zowel bij het aanbrengen als bij het verwijderen.<\/li><li>De steun laat een duidelijke verflijn achter.<\/li><li>Lijmen op siliconenbasis bieden een hoge hittebestendigheid in vergelijking met veel lijmen op rubber- en acrylbasis, waardoor ze minder snel zacht worden, uitlopen en lijmoverdracht veroorzaken.<\/li><li>Siliconenlijmen hechten goed aan moeilijk te hechten oppervlakken zoals siliconencoatings en bevestigingen met een coating van lossingsmiddelen.<\/li><li>Siliconenlijm verwijdert schoon van vele oppervlakken.<\/li><li>Gecoate versie beschikbaar voor uitsnijdingen.<\/li><\/ul>\t\t\t\t\t\t\t\t<\/div>\n\t\t\t\t<\/div>\n\t\t\t\t\t<\/div>\n\t\t<\/div>\n\t\t\t\t\t<\/div>\n\t\t<\/section>\n\t\t\t\t<section class=\"elementor-section elementor-top-section elementor-element elementor-element-6b635787 elementor-section-boxed elementor-section-height-default elementor-section-height-default\" data-id=\"6b635787\" data-element_type=\"section\" data-e-type=\"section\">\n\t\t\t\t\t\t<div class=\"elementor-container elementor-column-gap-default\">\n\t\t\t\t\t<div class=\"elementor-column elementor-col-100 elementor-top-column elementor-element elementor-element-3bf0a8fd\" data-id=\"3bf0a8fd\" data-element_type=\"column\" data-e-type=\"column\">\n\t\t\t<div class=\"elementor-widget-wrap elementor-element-populated\">\n\t\t\t\t\t\t<div class=\"elementor-element elementor-element-f9c9e8a elementor-widget elementor-widget-heading\" data-id=\"f9c9e8a\" data-element_type=\"widget\" data-e-type=\"widget\" data-widget_type=\"heading.default\">\n\t\t\t\t<div class=\"elementor-widget-container\">\n\t\t\t\t\t<h2 class=\"elementor-heading-title elementor-size-default\"> Fysische eigenschappen<\/h2>\t\t\t\t<\/div>\n\t\t\t\t<\/div>\n\t\t\t\t<div class=\"elementor-element elementor-element-3ee273b elementor-widget elementor-widget-image\" data-id=\"3ee273b\" data-element_type=\"widget\" data-e-type=\"widget\" data-widget_type=\"image.default\">\n\t\t\t\t<div class=\"elementor-widget-container\">\n\t\t\t\t\t\t\t\t\t\t\t\t\t\t\t<img decoding=\"async\" width=\"776\" height=\"353\" src=\"https:\/\/addevmaterials.com\/converting\/wp-content\/uploads\/sites\/2\/2023\/07\/8992-Typical-Physical-Properties.png\" class=\"attachment-large size-large wp-image-18644\" alt=\"\" srcset=\"https:\/\/addevmaterials.com\/converting\/wp-content\/uploads\/sites\/2\/2023\/07\/8992-Typical-Physical-Properties.png 776w, https:\/\/addevmaterials.com\/converting\/wp-content\/uploads\/sites\/2\/2023\/07\/8992-Typical-Physical-Properties-300x136.png 300w, https:\/\/addevmaterials.com\/converting\/wp-content\/uploads\/sites\/2\/2023\/07\/8992-Typical-Physical-Properties-768x349.png 768w, https:\/\/addevmaterials.com\/converting\/wp-content\/uploads\/sites\/2\/2023\/07\/8992-Typical-Physical-Properties-18x8.png 18w\" sizes=\"(max-width: 776px) 100vw, 776px\" \/>\t\t\t\t\t\t\t\t\t\t\t\t\t\t\t<\/div>\n\t\t\t\t<\/div>\n\t\t\t\t\t<\/div>\n\t\t<\/div>\n\t\t\t\t\t<\/div>\n\t\t<\/section>\n\t\t\t\t<section class=\"elementor-section elementor-top-section elementor-element elementor-element-528ba9f elementor-section-boxed elementor-section-height-default elementor-section-height-default\" data-id=\"528ba9f\" data-element_type=\"section\" data-e-type=\"section\">\n\t\t\t\t\t\t<div class=\"elementor-container elementor-column-gap-default\">\n\t\t\t\t\t<div class=\"elementor-column elementor-col-100 elementor-top-column elementor-element elementor-element-2fb94e8\" data-id=\"2fb94e8\" data-element_type=\"column\" data-e-type=\"column\">\n\t\t\t<div class=\"elementor-widget-wrap elementor-element-populated\">\n\t\t\t\t\t\t<div class=\"elementor-element elementor-element-43c82e7 elementor-widget elementor-widget-heading\" data-id=\"43c82e7\" data-element_type=\"widget\" data-e-type=\"widget\" data-widget_type=\"heading.default\">\n\t\t\t\t<div class=\"elementor-widget-container\">\n\t\t\t\t\t<h2 class=\"elementor-heading-title elementor-size-default\">Prestatiekenmerken<\/h2>\t\t\t\t<\/div>\n\t\t\t\t<\/div>\n\t\t\t\t<div class=\"elementor-element elementor-element-faa5e7a elementor-widget elementor-widget-image\" data-id=\"faa5e7a\" data-element_type=\"widget\" data-e-type=\"widget\" data-widget_type=\"image.default\">\n\t\t\t\t<div class=\"elementor-widget-container\">\n\t\t\t\t\t\t\t\t\t\t\t\t\t\t\t<img decoding=\"async\" width=\"776\" height=\"258\" src=\"https:\/\/addevmaterials.com\/converting\/wp-content\/uploads\/sites\/2\/2023\/07\/8992-Typical-Performance-Characteristics.png\" class=\"attachment-large size-large wp-image-18643\" alt=\"\" srcset=\"https:\/\/addevmaterials.com\/converting\/wp-content\/uploads\/sites\/2\/2023\/07\/8992-Typical-Performance-Characteristics.png 776w, https:\/\/addevmaterials.com\/converting\/wp-content\/uploads\/sites\/2\/2023\/07\/8992-Typical-Performance-Characteristics-300x100.png 300w, https:\/\/addevmaterials.com\/converting\/wp-content\/uploads\/sites\/2\/2023\/07\/8992-Typical-Performance-Characteristics-768x255.png 768w, https:\/\/addevmaterials.com\/converting\/wp-content\/uploads\/sites\/2\/2023\/07\/8992-Typical-Performance-Characteristics-18x6.png 18w\" sizes=\"(max-width: 776px) 100vw, 776px\" \/>\t\t\t\t\t\t\t\t\t\t\t\t\t\t\t<\/div>\n\t\t\t\t<\/div>\n\t\t\t\t\t<\/div>\n\t\t<\/div>\n\t\t\t\t\t<\/div>\n\t\t<\/section>\n\t\t\t\t<section class=\"elementor-section elementor-top-section elementor-element elementor-element-d29f7b5 elementor-section-boxed elementor-section-height-default elementor-section-height-default\" data-id=\"d29f7b5\" data-element_type=\"section\" data-e-type=\"section\">\n\t\t\t\t\t\t<div class=\"elementor-container elementor-column-gap-default\">\n\t\t\t\t\t<div class=\"elementor-column elementor-col-100 elementor-top-column elementor-element elementor-element-1e54dc4\" data-id=\"1e54dc4\" data-element_type=\"column\" data-e-type=\"column\">\n\t\t\t<div class=\"elementor-widget-wrap elementor-element-populated\">\n\t\t\t\t\t\t<div class=\"elementor-element elementor-element-2c96d9a elementor-widget elementor-widget-heading\" data-id=\"2c96d9a\" data-element_type=\"widget\" data-e-type=\"widget\" data-widget_type=\"heading.default\">\n\t\t\t\t<div class=\"elementor-widget-container\">\n\t\t\t\t\t<h2 class=\"elementor-heading-title elementor-size-default\">Opslag en houdbaarheid<\/h2>\t\t\t\t<\/div>\n\t\t\t\t<\/div>\n\t\t\t\t<div class=\"elementor-element elementor-element-5c8fc15 elementor-widget elementor-widget-text-editor\" data-id=\"5c8fc15\" data-element_type=\"widget\" data-e-type=\"widget\" data-widget_type=\"text-editor.default\">\n\t\t\t\t<div class=\"elementor-widget-container\">\n\t\t\t\t\t\t\t\t\t<p>Bewaren onder normale omstandigheden, tussen 16\u00b0C en 27\u00b0C (60\u00b0F en 80\u00b0F) en met een relatieve vochtigheid tussen 40 % en 60 %, in de originele verpakking.<br \/>Gebruik dit product binnen 24 maanden na de productiedatum voor de beste prestaties.<\/p>\t\t\t\t\t\t\t\t<\/div>\n\t\t\t\t<\/div>\n\t\t\t\t\t<\/div>\n\t\t<\/div>\n\t\t\t\t\t<\/div>\n\t\t<\/section>\n\t\t\t\t<\/div>","protected":false},"excerpt":{"rendered":"<p>Technical Data Sheet Ruban polyester 3M\u2122 8992 D\u00e9scription produit Le ruban polyester 3M 8992 est un ruban polyester vert fonc\u00e9 avec un adh\u00e9sif silicone. Il peut \u00eatre utilis\u00e9 dans une grande vari\u00e9t\u00e9 d&rsquo;applications \u00e0 haute temp\u00e9rature, notamment le masquage de rev\u00eatements en poudre, les pare-\u00e9tincelles et le scellage de sacs. Il peut \u00e9galement \u00eatre utilis\u00e9 [&hellip;]<\/p>\n","protected":false},"author":3,"featured_media":18819,"parent":0,"menu_order":0,"comment_status":"closed","ping_status":"closed","template":"elementor_header_footer","meta":{"footnotes":""},"class_list":["post-16959","page","type-page","status-publish","has-post-thumbnail","hentry"],"yoast_head":"<!-- This site is optimized with the Yoast SEO plugin v27.3 - https:\/\/yoast.com\/product\/yoast-seo-wordpress\/ -->\n<title>Ruban polyester 3M 8992 : usages et performances<\/title>\n<meta name=\"description\" content=\"D\u00e9couvrez les caract\u00e9ristiques du ruban polyester 3M 8992 et ses applications techniques. Contactez ADDEV pour plus d\u2019informations.\" \/>\n<meta name=\"robots\" content=\"index, follow, max-snippet:-1, max-image-preview:large, max-video-preview:-1\" \/>\n<link rel=\"canonical\" href=\"https:\/\/addevmaterials.com\/converting\/nl\/polyester-tape-3m-8992\/\" \/>\n<meta property=\"og:locale\" content=\"nl_BE\" \/>\n<meta property=\"og:type\" content=\"article\" \/>\n<meta property=\"og:title\" content=\"Ruban polyester 3M 8992 : usages et performances\" \/>\n<meta property=\"og:description\" content=\"D\u00e9couvrez les caract\u00e9ristiques du ruban polyester 3M 8992 et ses applications techniques. Contactez ADDEV pour plus d\u2019informations.\" \/>\n<meta property=\"og:url\" content=\"https:\/\/addevmaterials.com\/converting\/nl\/polyester-tape-3m-8992\/\" \/>\n<meta property=\"og:site_name\" content=\"ADDEV Materials Converting\" \/>\n<meta property=\"article:modified_time\" content=\"2025-07-24T12:19:31+00:00\" \/>\n<meta property=\"og:image\" content=\"https:\/\/addevmaterials.com\/converting\/wp-content\/uploads\/sites\/2\/2023\/07\/8992.png\" \/>\n\t<meta property=\"og:image:width\" content=\"300\" \/>\n\t<meta property=\"og:image:height\" content=\"250\" \/>\n\t<meta property=\"og:image:type\" content=\"image\/png\" \/>\n<meta name=\"twitter:card\" content=\"summary_large_image\" \/>\n<meta name=\"twitter:label1\" content=\"Geschatte leestijd\" \/>\n\t<meta name=\"twitter:data1\" content=\"2 minuten\" \/>\n<script type=\"application\/ld+json\" class=\"yoast-schema-graph\">{\"@context\":\"https:\\\/\\\/schema.org\",\"@graph\":[{\"@type\":\"WebPage\",\"@id\":\"https:\\\/\\\/addevmaterials.com\\\/converting\\\/ruban-polyester-3m-8992\\\/\",\"url\":\"https:\\\/\\\/addevmaterials.com\\\/converting\\\/ruban-polyester-3m-8992\\\/\",\"name\":\"Ruban polyester 3M 8992 : usages et performances\",\"isPartOf\":{\"@id\":\"https:\\\/\\\/addevmaterials.com\\\/converting\\\/ro\\\/#website\"},\"primaryImageOfPage\":{\"@id\":\"https:\\\/\\\/addevmaterials.com\\\/converting\\\/ruban-polyester-3m-8992\\\/#primaryimage\"},\"image\":{\"@id\":\"https:\\\/\\\/addevmaterials.com\\\/converting\\\/ruban-polyester-3m-8992\\\/#primaryimage\"},\"thumbnailUrl\":\"https:\\\/\\\/addevmaterials.com\\\/converting\\\/wp-content\\\/uploads\\\/sites\\\/2\\\/2023\\\/07\\\/8992.png\",\"datePublished\":\"2023-06-09T19:28:39+00:00\",\"dateModified\":\"2025-07-24T12:19:31+00:00\",\"description\":\"D\u00e9couvrez les caract\u00e9ristiques du ruban polyester 3M 8992 et ses applications techniques. Contactez ADDEV pour plus d\u2019informations.\",\"breadcrumb\":{\"@id\":\"https:\\\/\\\/addevmaterials.com\\\/converting\\\/ruban-polyester-3m-8992\\\/#breadcrumb\"},\"inLanguage\":\"nl-BE\",\"potentialAction\":[{\"@type\":\"ReadAction\",\"target\":[\"https:\\\/\\\/addevmaterials.com\\\/converting\\\/ruban-polyester-3m-8992\\\/\"]}]},{\"@type\":\"ImageObject\",\"inLanguage\":\"nl-BE\",\"@id\":\"https:\\\/\\\/addevmaterials.com\\\/converting\\\/ruban-polyester-3m-8992\\\/#primaryimage\",\"url\":\"https:\\\/\\\/addevmaterials.com\\\/converting\\\/wp-content\\\/uploads\\\/sites\\\/2\\\/2023\\\/07\\\/8992.png\",\"contentUrl\":\"https:\\\/\\\/addevmaterials.com\\\/converting\\\/wp-content\\\/uploads\\\/sites\\\/2\\\/2023\\\/07\\\/8992.png\",\"width\":300,\"height\":250,\"caption\":\"Ruban polyester 3M 8992\"},{\"@type\":\"BreadcrumbList\",\"@id\":\"https:\\\/\\\/addevmaterials.com\\\/converting\\\/ruban-polyester-3m-8992\\\/#breadcrumb\",\"itemListElement\":[{\"@type\":\"ListItem\",\"position\":1,\"name\":\"Accueil\",\"item\":\"https:\\\/\\\/addevmaterials.com\\\/converting\\\/\"},{\"@type\":\"ListItem\",\"position\":2,\"name\":\"Ruban polyester 3M 8992\"}]},{\"@type\":\"WebSite\",\"@id\":\"https:\\\/\\\/addevmaterials.com\\\/converting\\\/ro\\\/#website\",\"url\":\"https:\\\/\\\/addevmaterials.com\\\/converting\\\/ro\\\/\",\"name\":\"ADDEV Materials Converting\",\"description\":\"\",\"publisher\":{\"@id\":\"https:\\\/\\\/addevmaterials.com\\\/converting\\\/ro\\\/#organization\"},\"potentialAction\":[{\"@type\":\"SearchAction\",\"target\":{\"@type\":\"EntryPoint\",\"urlTemplate\":\"https:\\\/\\\/addevmaterials.com\\\/converting\\\/ro\\\/?s={search_term_string}\"},\"query-input\":{\"@type\":\"PropertyValueSpecification\",\"valueRequired\":true,\"valueName\":\"search_term_string\"}}],\"inLanguage\":\"nl-BE\"},{\"@type\":\"Organization\",\"@id\":\"https:\\\/\\\/addevmaterials.com\\\/converting\\\/ro\\\/#organization\",\"name\":\"ADDEV Materials Converting\",\"url\":\"https:\\\/\\\/addevmaterials.com\\\/converting\\\/ro\\\/\",\"logo\":{\"@type\":\"ImageObject\",\"inLanguage\":\"nl-BE\",\"@id\":\"https:\\\/\\\/addevmaterials.com\\\/converting\\\/ro\\\/#\\\/schema\\\/logo\\\/image\\\/\",\"url\":\"https:\\\/\\\/addevmaterials.com\\\/converting\\\/wp-content\\\/uploads\\\/sites\\\/2\\\/2023\\\/04\\\/cropped-ADDEV_Materials-LOGO_RGB.png\",\"contentUrl\":\"https:\\\/\\\/addevmaterials.com\\\/converting\\\/wp-content\\\/uploads\\\/sites\\\/2\\\/2023\\\/04\\\/cropped-ADDEV_Materials-LOGO_RGB.png\",\"width\":2948,\"height\":929,\"caption\":\"ADDEV Materials Converting\"},\"image\":{\"@id\":\"https:\\\/\\\/addevmaterials.com\\\/converting\\\/ro\\\/#\\\/schema\\\/logo\\\/image\\\/\"},\"sameAs\":[\"https:\\\/\\\/www.linkedin.com\\\/company\\\/addev-materials\\\/\"]}]}<\/script>\n<!-- \/ Yoast SEO plugin. -->","yoast_head_json":{"title":"3M 8992 polyester tape: gebruik en prestaties","description":"Ontdek meer over de eigenschappen van 3M 8992 polyester tape en zijn technische toepassingen. Neem contact op met ADDEV voor meer informatie.","robots":{"index":"index","follow":"follow","max-snippet":"max-snippet:-1","max-image-preview":"max-image-preview:large","max-video-preview":"max-video-preview:-1"},"canonical":"https:\/\/addevmaterials.com\/converting\/nl\/polyester-tape-3m-8992\/","og_locale":"nl_BE","og_type":"article","og_title":"Ruban polyester 3M 8992 : usages et performances","og_description":"D\u00e9couvrez les caract\u00e9ristiques du ruban polyester 3M 8992 et ses applications techniques. Contactez ADDEV pour plus d\u2019informations.","og_url":"https:\/\/addevmaterials.com\/converting\/nl\/polyester-tape-3m-8992\/","og_site_name":"ADDEV Materials Converting","article_modified_time":"2025-07-24T12:19:31+00:00","og_image":[{"width":300,"height":250,"url":"https:\/\/addevmaterials.com\/converting\/wp-content\/uploads\/sites\/2\/2023\/07\/8992.png","type":"image\/png"}],"twitter_card":"summary_large_image","twitter_misc":{"Geschatte leestijd":"2 minuten"},"schema":{"@context":"https:\/\/schema.org","@graph":[{"@type":"WebPage","@id":"https:\/\/addevmaterials.com\/converting\/ruban-polyester-3m-8992\/","url":"https:\/\/addevmaterials.com\/converting\/ruban-polyester-3m-8992\/","name":"3M 8992 polyester tape: gebruik en prestaties","isPartOf":{"@id":"https:\/\/addevmaterials.com\/converting\/ro\/#website"},"primaryImageOfPage":{"@id":"https:\/\/addevmaterials.com\/converting\/ruban-polyester-3m-8992\/#primaryimage"},"image":{"@id":"https:\/\/addevmaterials.com\/converting\/ruban-polyester-3m-8992\/#primaryimage"},"thumbnailUrl":"https:\/\/addevmaterials.com\/converting\/wp-content\/uploads\/sites\/2\/2023\/07\/8992.png","datePublished":"2023-06-09T19:28:39+00:00","dateModified":"2025-07-24T12:19:31+00:00","description":"Ontdek meer over de eigenschappen van 3M 8992 polyester tape en zijn technische toepassingen. Neem contact op met ADDEV voor meer informatie.","breadcrumb":{"@id":"https:\/\/addevmaterials.com\/converting\/ruban-polyester-3m-8992\/#breadcrumb"},"inLanguage":"nl-BE","potentialAction":[{"@type":"ReadAction","target":["https:\/\/addevmaterials.com\/converting\/ruban-polyester-3m-8992\/"]}]},{"@type":"ImageObject","inLanguage":"nl-BE","@id":"https:\/\/addevmaterials.com\/converting\/ruban-polyester-3m-8992\/#primaryimage","url":"https:\/\/addevmaterials.com\/converting\/wp-content\/uploads\/sites\/2\/2023\/07\/8992.png","contentUrl":"https:\/\/addevmaterials.com\/converting\/wp-content\/uploads\/sites\/2\/2023\/07\/8992.png","width":300,"height":250,"caption":"Ruban polyester 3M 8992"},{"@type":"BreadcrumbList","@id":"https:\/\/addevmaterials.com\/converting\/ruban-polyester-3m-8992\/#breadcrumb","itemListElement":[{"@type":"ListItem","position":1,"name":"Accueil","item":"https:\/\/addevmaterials.com\/converting\/"},{"@type":"ListItem","position":2,"name":"Ruban polyester 3M 8992"}]},{"@type":"WebSite","@id":"https:\/\/addevmaterials.com\/converting\/ro\/#website","url":"https:\/\/addevmaterials.com\/converting\/ro\/","name":"ADDEV Materiaalverwerking","description":"","publisher":{"@id":"https:\/\/addevmaterials.com\/converting\/ro\/#organization"},"potentialAction":[{"@type":"SearchAction","target":{"@type":"EntryPoint","urlTemplate":"https:\/\/addevmaterials.com\/converting\/ro\/?s={search_term_string}"},"query-input":{"@type":"PropertyValueSpecification","valueRequired":true,"valueName":"search_term_string"}}],"inLanguage":"nl-BE"},{"@type":"Organization","@id":"https:\/\/addevmaterials.com\/converting\/ro\/#organization","name":"ADDEV Materiaalverwerking","url":"https:\/\/addevmaterials.com\/converting\/ro\/","logo":{"@type":"ImageObject","inLanguage":"nl-BE","@id":"https:\/\/addevmaterials.com\/converting\/ro\/#\/schema\/logo\/image\/","url":"https:\/\/addevmaterials.com\/converting\/wp-content\/uploads\/sites\/2\/2023\/04\/cropped-ADDEV_Materials-LOGO_RGB.png","contentUrl":"https:\/\/addevmaterials.com\/converting\/wp-content\/uploads\/sites\/2\/2023\/04\/cropped-ADDEV_Materials-LOGO_RGB.png","width":2948,"height":929,"caption":"ADDEV Materials Converting"},"image":{"@id":"https:\/\/addevmaterials.com\/converting\/ro\/#\/schema\/logo\/image\/"},"sameAs":["https:\/\/www.linkedin.com\/company\/addev-materials\/"]}]}},"distributor_meta":false,"distributor_terms":false,"distributor_media":false,"distributor_original_site_name":"ADDEV Materials Converting","distributor_original_site_url":"https:\/\/addevmaterials.com\/converting\/nl","push-errors":false,"_links":{"self":[{"href":"https:\/\/addevmaterials.com\/converting\/nl\/wp-json\/wp\/v2\/pages\/16959","targetHints":{"allow":["GET"]}}],"collection":[{"href":"https:\/\/addevmaterials.com\/converting\/nl\/wp-json\/wp\/v2\/pages"}],"about":[{"href":"https:\/\/addevmaterials.com\/converting\/nl\/wp-json\/wp\/v2\/types\/page"}],"author":[{"embeddable":true,"href":"https:\/\/addevmaterials.com\/converting\/nl\/wp-json\/wp\/v2\/users\/3"}],"replies":[{"embeddable":true,"href":"https:\/\/addevmaterials.com\/converting\/nl\/wp-json\/wp\/v2\/comments?post=16959"}],"version-history":[{"count":13,"href":"https:\/\/addevmaterials.com\/converting\/nl\/wp-json\/wp\/v2\/pages\/16959\/revisions"}],"predecessor-version":[{"id":23999,"href":"https:\/\/addevmaterials.com\/converting\/nl\/wp-json\/wp\/v2\/pages\/16959\/revisions\/23999"}],"wp:featuredmedia":[{"embeddable":true,"href":"https:\/\/addevmaterials.com\/converting\/nl\/wp-json\/wp\/v2\/media\/18819"}],"wp:attachment":[{"href":"https:\/\/addevmaterials.com\/converting\/nl\/wp-json\/wp\/v2\/media?parent=16959"}],"curies":[{"name":"wp","href":"https:\/\/api.w.org\/{rel}","templated":true}]}}