{"id":151,"date":"2022-01-25T18:37:30","date_gmt":"2022-01-25T18:37:30","guid":{"rendered":"https:\/\/mi.addevmaterials.com\/?page_id=151"},"modified":"2025-12-08T09:55:00","modified_gmt":"2025-12-08T09:55:00","slug":"konkretne-procesy","status":"publish","type":"page","link":"https:\/\/addevmaterials.com\/converting\/pl\/process-specifiques\/","title":{"rendered":"Specyficzne procesy"},"content":{"rendered":"\t\t<div data-elementor-type=\"wp-page\" data-elementor-id=\"151\" class=\"elementor elementor-151\" data-elementor-post-type=\"page\">\n\t\t\t\t<div class=\"elementor-element elementor-element-db3ad8d e-flex e-con-boxed e-con e-parent\" data-id=\"db3ad8d\" data-element_type=\"container\" data-e-type=\"container\" data-settings=\"{&quot;background_background&quot;:&quot;classic&quot;,&quot;background_motion_fx_motion_fx_scrolling&quot;:&quot;yes&quot;,&quot;background_motion_fx_translateX_effect&quot;:&quot;yes&quot;,&quot;background_motion_fx_translateX_speed&quot;:{&quot;unit&quot;:&quot;px&quot;,&quot;size&quot;:4,&quot;sizes&quot;:[]},&quot;background_motion_fx_translateX_affectedRange&quot;:{&quot;unit&quot;:&quot;%&quot;,&quot;size&quot;:&quot;&quot;,&quot;sizes&quot;:{&quot;start&quot;:0,&quot;end&quot;:100}},&quot;background_motion_fx_devices&quot;:[&quot;widescreen&quot;,&quot;desktop&quot;,&quot;laptop&quot;,&quot;tablet_extra&quot;,&quot;tablet&quot;,&quot;mobile_extra&quot;,&quot;mobile&quot;]}\">\n\t\t\t\t\t<div class=\"e-con-inner\">\n\t\t\t\t<div class=\"elementor-element elementor-element-d36d841 elementor-widget elementor-widget-heading\" data-id=\"d36d841\" data-element_type=\"widget\" data-e-type=\"widget\" data-widget_type=\"heading.default\">\n\t\t\t\t<div class=\"elementor-widget-container\">\n\t\t\t\t\t<h1 class=\"elementor-heading-title elementor-size-default\">Process sp\u00e9cifiques<\/h1>\t\t\t\t<\/div>\n\t\t\t\t<\/div>\n\t\t\t\t\t<\/div>\n\t\t\t\t<\/div>\n\t\t<div class=\"elementor-element elementor-element-fbd3fe8 e-flex e-con-boxed e-con e-parent\" data-id=\"fbd3fe8\" data-element_type=\"container\" data-e-type=\"container\">\n\t\t\t\t\t<div class=\"e-con-inner\">\n\t\t\t\t<div class=\"elementor-element elementor-element-f62adbd elementor-widget elementor-widget-text-editor\" data-id=\"f62adbd\" data-element_type=\"widget\" data-e-type=\"widget\" data-widget_type=\"text-editor.default\">\n\t\t\t\t<div class=\"elementor-widget-container\">\n\t\t\t\t\t\t\t\t\t<p><em>ADDEV Materials, un transformateur de mat\u00e9riaux haute performance, offre l&rsquo;une des plus larges gammes de mat\u00e9riaux du march\u00e9 avec plus de 15 000 produits transform\u00e9s et d\u00e9coup\u00e9s en plus de 40 000 solutions personnalis\u00e9es.<\/em><\/p>\t\t\t\t\t\t\t\t<\/div>\n\t\t\t\t<\/div>\n\t\t\t\t\t<\/div>\n\t\t\t\t<\/div>\n\t\t<div class=\"elementor-element elementor-element-a194839 e-flex e-con-boxed e-con e-parent\" data-id=\"a194839\" data-element_type=\"container\" data-e-type=\"container\">\n\t\t\t\t\t<div class=\"e-con-inner\">\n\t\t\t\t<div class=\"elementor-element elementor-element-fc7dafc elementor-widget elementor-widget-heading\" data-id=\"fc7dafc\" data-element_type=\"widget\" data-e-type=\"widget\" data-widget_type=\"heading.default\">\n\t\t\t\t<div class=\"elementor-widget-container\">\n\t\t\t\t\t<h2 class=\"elementor-heading-title elementor-size-default\">Nos capacit\u00e9s de conversion sp\u00e9cifiques :<\/h2>\t\t\t\t<\/div>\n\t\t\t\t<\/div>\n\t\t\t\t\t<\/div>\n\t\t\t\t<\/div>\n\t\t<div class=\"elementor-element elementor-element-926868a e-flex e-con-boxed e-con e-parent\" data-id=\"926868a\" data-element_type=\"container\" data-e-type=\"container\">\n\t\t\t\t\t<div class=\"e-con-inner\">\n\t\t<a class=\"elementor-element elementor-element-bb25a63 e-con-full e-flex e-con e-child\" data-id=\"bb25a63\" data-element_type=\"container\" data-e-type=\"container\" data-settings=\"{&quot;background_background&quot;:&quot;classic&quot;}\" href=\"https:\/\/addevmaterials.com\/converting\/usinage\/\">\n\t\t\t\t<div class=\"elementor-element elementor-element-f5dd25b elementor-widget elementor-widget-heading\" data-id=\"f5dd25b\" data-element_type=\"widget\" data-e-type=\"widget\" data-widget_type=\"heading.default\">\n\t\t\t\t<div class=\"elementor-widget-container\">\n\t\t\t\t\t<h3 class=\"elementor-heading-title elementor-size-default\">Usinage<\/h3>\t\t\t\t<\/div>\n\t\t\t\t<\/div>\n\t\t\t\t<\/a>\n\t\t<a class=\"elementor-element elementor-element-0ee08c8 e-con-full e-flex e-con e-child\" data-id=\"0ee08c8\" data-element_type=\"container\" data-e-type=\"container\" data-settings=\"{&quot;background_background&quot;:&quot;classic&quot;}\" href=\"https:\/\/addevmaterials.com\/converting\/pliage-formage\/\">\n\t\t\t\t<div class=\"elementor-element elementor-element-1fc1bbc elementor-widget elementor-widget-heading\" data-id=\"1fc1bbc\" data-element_type=\"widget\" data-e-type=\"widget\" data-widget_type=\"heading.default\">\n\t\t\t\t<div class=\"elementor-widget-container\">\n\t\t\t\t\t<h3 class=\"elementor-heading-title elementor-size-default\">Pliage <\/h3>\t\t\t\t<\/div>\n\t\t\t\t<\/div>\n\t\t\t\t<\/a>\n\t\t<a class=\"elementor-element elementor-element-8f513e1 e-con-full e-flex e-con e-child\" data-id=\"8f513e1\" data-element_type=\"container\" data-e-type=\"container\" data-settings=\"{&quot;background_background&quot;:&quot;classic&quot;}\" href=\"https:\/\/addevmaterials.com\/converting\/pliage-formage\/\">\n\t\t\t\t<div class=\"elementor-element elementor-element-27aba3a elementor-widget elementor-widget-heading\" data-id=\"27aba3a\" data-element_type=\"widget\" data-e-type=\"widget\" data-widget_type=\"heading.default\">\n\t\t\t\t<div class=\"elementor-widget-container\">\n\t\t\t\t\t<h3 class=\"elementor-heading-title elementor-size-default\">Formage<\/h3>\t\t\t\t<\/div>\n\t\t\t\t<\/div>\n\t\t\t\t<\/a>\n\t\t\t\t\t<\/div>\n\t\t\t\t<\/div>\n\t\t<div class=\"elementor-element elementor-element-3b45ee4 e-flex e-con-boxed e-con e-parent\" data-id=\"3b45ee4\" data-element_type=\"container\" data-e-type=\"container\">\n\t\t\t\t\t<div class=\"e-con-inner\">\n\t\t<a class=\"elementor-element elementor-element-94f71d5 e-con-full e-flex e-con e-child\" data-id=\"94f71d5\" data-element_type=\"container\" data-e-type=\"container\" data-settings=\"{&quot;background_background&quot;:&quot;classic&quot;}\" href=\"https:\/\/addevmaterials.com\/converting\/non-tisse-process\/\">\n\t\t\t\t<div class=\"elementor-element elementor-element-21d0891 elementor-widget elementor-widget-heading\" data-id=\"21d0891\" data-element_type=\"widget\" data-e-type=\"widget\" data-widget_type=\"heading.default\">\n\t\t\t\t<div class=\"elementor-widget-container\">\n\t\t\t\t\t<h3 class=\"elementor-heading-title elementor-size-default\">Process non-tiss\u00e9s<\/h3>\t\t\t\t<\/div>\n\t\t\t\t<\/div>\n\t\t\t\t<\/a>\n\t\t<a class=\"elementor-element elementor-element-f9cb129 e-con-full e-flex e-con e-child\" data-id=\"f9cb129\" data-element_type=\"container\" data-e-type=\"container\" data-settings=\"{&quot;background_background&quot;:&quot;classic&quot;}\">\n\t\t\t\t<div class=\"elementor-element elementor-element-203cc9f elementor-widget elementor-widget-heading\" data-id=\"203cc9f\" data-element_type=\"widget\" data-e-type=\"widget\" data-widget_type=\"heading.default\">\n\t\t\t\t<div class=\"elementor-widget-container\">\n\t\t\t\t\t<h3 class=\"elementor-heading-title elementor-size-default\">Couture<\/h3>\t\t\t\t<\/div>\n\t\t\t\t<\/div>\n\t\t\t\t<\/a>\n\t\t<a class=\"elementor-element elementor-element-c3d4ea3 e-con-full e-flex e-con e-child\" data-id=\"c3d4ea3\" data-element_type=\"container\" data-e-type=\"container\" data-settings=\"{&quot;background_background&quot;:&quot;classic&quot;}\">\n\t\t\t\t<div class=\"elementor-element elementor-element-ae366c9 elementor-widget elementor-widget-heading\" data-id=\"ae366c9\" data-element_type=\"widget\" data-e-type=\"widget\" data-widget_type=\"heading.default\">\n\t\t\t\t<div class=\"elementor-widget-container\">\n\t\t\t\t\t<h3 class=\"elementor-heading-title elementor-size-default\">Soudure ultrason<\/h3>\t\t\t\t<\/div>\n\t\t\t\t<\/div>\n\t\t\t\t<\/a>\n\t\t\t\t\t<\/div>\n\t\t\t\t<\/div>\n\t\t\t\t<\/div>\n\t\t","protected":false},"excerpt":{"rendered":"<p>Specyficzne procesy ADDEV Materials, wysokowydajny konwerter materia\u0142\u00f3w, oferuje jedn\u0105 z najszerszych gam materia\u0142\u00f3w na rynku, z ponad 15 000 produkt\u00f3w przetworzonych i poci\u0119tych na ponad 40 000 niestandardowych rozwi\u0105za\u0144. Nasze specyficzne mo\u017cliwo\u015bci przetwarzania: Obr\u00f3bka skrawaniem Sk\u0142adanie Formowanie Procesy w\u0142\u00f3kninowe Szycie Spawanie ultrad\u017awi\u0119kowe<\/p>","protected":false},"author":3,"featured_media":0,"parent":0,"menu_order":0,"comment_status":"closed","ping_status":"closed","template":"elementor_header_footer","meta":{"footnotes":""},"class_list":["post-151","page","type-page","status-publish","hentry"],"yoast_head":"<!-- This site is optimized with the Yoast SEO plugin v27.3 - https:\/\/yoast.com\/product\/yoast-seo-wordpress\/ -->\n<title>Process sp\u00e9cifiques - ADDEV Materials Converting<\/title>\n<meta name=\"robots\" content=\"index, follow, max-snippet:-1, max-image-preview:large, max-video-preview:-1\" \/>\n<link rel=\"canonical\" href=\"https:\/\/addevmaterials.com\/converting\/pl\/konkretne-procesy\/\" \/>\n<meta property=\"og:locale\" content=\"pl_PL\" \/>\n<meta property=\"og:type\" content=\"article\" \/>\n<meta property=\"og:title\" content=\"Process sp\u00e9cifiques - ADDEV Materials Converting\" \/>\n<meta property=\"og:description\" content=\"Process sp\u00e9cifiques ADDEV Materials, un transformateur de mat\u00e9riaux haute performance, offre l&rsquo;une des plus larges gammes de mat\u00e9riaux du march\u00e9 avec plus de 15 000 produits transform\u00e9s et d\u00e9coup\u00e9s en plus de 40 000 solutions personnalis\u00e9es. Nos capacit\u00e9s de conversion sp\u00e9cifiques : Usinage Pliage Formage Process non-tiss\u00e9s Couture Soudure ultrason\" \/>\n<meta property=\"og:url\" content=\"https:\/\/addevmaterials.com\/converting\/pl\/konkretne-procesy\/\" \/>\n<meta property=\"og:site_name\" content=\"ADDEV Materials Converting\" \/>\n<meta property=\"article:modified_time\" content=\"2025-12-08T09:55:00+00:00\" \/>\n<meta name=\"twitter:card\" content=\"summary_large_image\" \/>\n<meta name=\"twitter:label1\" content=\"Szacowany czas czytania\" \/>\n\t<meta name=\"twitter:data1\" content=\"1 minuta\" \/>\n<script type=\"application\/ld+json\" class=\"yoast-schema-graph\">{\"@context\":\"https:\\\/\\\/schema.org\",\"@graph\":[{\"@type\":\"WebPage\",\"@id\":\"https:\\\/\\\/addevmaterials.com\\\/converting\\\/cs\\\/specificke-procesy\\\/\",\"url\":\"https:\\\/\\\/addevmaterials.com\\\/converting\\\/cs\\\/specificke-procesy\\\/\",\"name\":\"Process sp\u00e9cifiques - ADDEV Materials Converting\",\"isPartOf\":{\"@id\":\"https:\\\/\\\/addevmaterials.com\\\/converting\\\/ro\\\/#website\"},\"datePublished\":\"2022-01-25T18:37:30+00:00\",\"dateModified\":\"2025-12-08T09:55:00+00:00\",\"breadcrumb\":{\"@id\":\"https:\\\/\\\/addevmaterials.com\\\/converting\\\/cs\\\/specificke-procesy\\\/#breadcrumb\"},\"inLanguage\":\"pl-PL\",\"potentialAction\":[{\"@type\":\"ReadAction\",\"target\":[\"https:\\\/\\\/addevmaterials.com\\\/converting\\\/cs\\\/specificke-procesy\\\/\"]}]},{\"@type\":\"BreadcrumbList\",\"@id\":\"https:\\\/\\\/addevmaterials.com\\\/converting\\\/cs\\\/specificke-procesy\\\/#breadcrumb\",\"itemListElement\":[{\"@type\":\"ListItem\",\"position\":1,\"name\":\"Accueil\",\"item\":\"https:\\\/\\\/addevmaterials.com\\\/converting\\\/\"},{\"@type\":\"ListItem\",\"position\":2,\"name\":\"Process sp\u00e9cifiques\"}]},{\"@type\":\"WebSite\",\"@id\":\"https:\\\/\\\/addevmaterials.com\\\/converting\\\/ro\\\/#website\",\"url\":\"https:\\\/\\\/addevmaterials.com\\\/converting\\\/ro\\\/\",\"name\":\"ADDEV Materials Converting\",\"description\":\"\",\"publisher\":{\"@id\":\"https:\\\/\\\/addevmaterials.com\\\/converting\\\/ro\\\/#organization\"},\"potentialAction\":[{\"@type\":\"SearchAction\",\"target\":{\"@type\":\"EntryPoint\",\"urlTemplate\":\"https:\\\/\\\/addevmaterials.com\\\/converting\\\/ro\\\/?s={search_term_string}\"},\"query-input\":{\"@type\":\"PropertyValueSpecification\",\"valueRequired\":true,\"valueName\":\"search_term_string\"}}],\"inLanguage\":\"pl-PL\"},{\"@type\":\"Organization\",\"@id\":\"https:\\\/\\\/addevmaterials.com\\\/converting\\\/ro\\\/#organization\",\"name\":\"ADDEV Materials Converting\",\"url\":\"https:\\\/\\\/addevmaterials.com\\\/converting\\\/ro\\\/\",\"logo\":{\"@type\":\"ImageObject\",\"inLanguage\":\"pl-PL\",\"@id\":\"https:\\\/\\\/addevmaterials.com\\\/converting\\\/ro\\\/#\\\/schema\\\/logo\\\/image\\\/\",\"url\":\"https:\\\/\\\/addevmaterials.com\\\/converting\\\/wp-content\\\/uploads\\\/sites\\\/2\\\/2023\\\/04\\\/cropped-ADDEV_Materials-LOGO_RGB.png\",\"contentUrl\":\"https:\\\/\\\/addevmaterials.com\\\/converting\\\/wp-content\\\/uploads\\\/sites\\\/2\\\/2023\\\/04\\\/cropped-ADDEV_Materials-LOGO_RGB.png\",\"width\":2948,\"height\":929,\"caption\":\"ADDEV Materials Converting\"},\"image\":{\"@id\":\"https:\\\/\\\/addevmaterials.com\\\/converting\\\/ro\\\/#\\\/schema\\\/logo\\\/image\\\/\"},\"sameAs\":[\"https:\\\/\\\/www.linkedin.com\\\/company\\\/addev-materials\\\/\"]}]}<\/script>\n<!-- \/ Yoast SEO plugin. -->","yoast_head_json":{"title":"Procesy specyficzne - ADDEV Materials Konwersja","robots":{"index":"index","follow":"follow","max-snippet":"max-snippet:-1","max-image-preview":"max-image-preview:large","max-video-preview":"max-video-preview:-1"},"canonical":"https:\/\/addevmaterials.com\/converting\/pl\/konkretne-procesy\/","og_locale":"pl_PL","og_type":"article","og_title":"Process sp\u00e9cifiques - ADDEV Materials Converting","og_description":"Process sp\u00e9cifiques ADDEV Materials, un transformateur de mat\u00e9riaux haute performance, offre l&rsquo;une des plus larges gammes de mat\u00e9riaux du march\u00e9 avec plus de 15 000 produits transform\u00e9s et d\u00e9coup\u00e9s en plus de 40 000 solutions personnalis\u00e9es. Nos capacit\u00e9s de conversion sp\u00e9cifiques : Usinage Pliage Formage Process non-tiss\u00e9s Couture Soudure ultrason","og_url":"https:\/\/addevmaterials.com\/converting\/pl\/konkretne-procesy\/","og_site_name":"ADDEV Materials Converting","article_modified_time":"2025-12-08T09:55:00+00:00","twitter_card":"summary_large_image","twitter_misc":{"Szacowany czas czytania":"1 minuta"},"schema":{"@context":"https:\/\/schema.org","@graph":[{"@type":"WebPage","@id":"https:\/\/addevmaterials.com\/converting\/cs\/specificke-procesy\/","url":"https:\/\/addevmaterials.com\/converting\/cs\/specificke-procesy\/","name":"Procesy specyficzne - ADDEV Materials Konwersja","isPartOf":{"@id":"https:\/\/addevmaterials.com\/converting\/ro\/#website"},"datePublished":"2022-01-25T18:37:30+00:00","dateModified":"2025-12-08T09:55:00+00:00","breadcrumb":{"@id":"https:\/\/addevmaterials.com\/converting\/cs\/specificke-procesy\/#breadcrumb"},"inLanguage":"pl-PL","potentialAction":[{"@type":"ReadAction","target":["https:\/\/addevmaterials.com\/converting\/cs\/specificke-procesy\/"]}]},{"@type":"BreadcrumbList","@id":"https:\/\/addevmaterials.com\/converting\/cs\/specificke-procesy\/#breadcrumb","itemListElement":[{"@type":"ListItem","position":1,"name":"Accueil","item":"https:\/\/addevmaterials.com\/converting\/"},{"@type":"ListItem","position":2,"name":"Process sp\u00e9cifiques"}]},{"@type":"WebSite","@id":"https:\/\/addevmaterials.com\/converting\/ro\/#website","url":"https:\/\/addevmaterials.com\/converting\/ro\/","name":"ADDEV Przetwarzanie materia\u0142\u00f3w","description":"","publisher":{"@id":"https:\/\/addevmaterials.com\/converting\/ro\/#organization"},"potentialAction":[{"@type":"SearchAction","target":{"@type":"EntryPoint","urlTemplate":"https:\/\/addevmaterials.com\/converting\/ro\/?s={search_term_string}"},"query-input":{"@type":"PropertyValueSpecification","valueRequired":true,"valueName":"search_term_string"}}],"inLanguage":"pl-PL"},{"@type":"Organization","@id":"https:\/\/addevmaterials.com\/converting\/ro\/#organization","name":"ADDEV Przetwarzanie materia\u0142\u00f3w","url":"https:\/\/addevmaterials.com\/converting\/ro\/","logo":{"@type":"ImageObject","inLanguage":"pl-PL","@id":"https:\/\/addevmaterials.com\/converting\/ro\/#\/schema\/logo\/image\/","url":"https:\/\/addevmaterials.com\/converting\/wp-content\/uploads\/sites\/2\/2023\/04\/cropped-ADDEV_Materials-LOGO_RGB.png","contentUrl":"https:\/\/addevmaterials.com\/converting\/wp-content\/uploads\/sites\/2\/2023\/04\/cropped-ADDEV_Materials-LOGO_RGB.png","width":2948,"height":929,"caption":"ADDEV Materials Converting"},"image":{"@id":"https:\/\/addevmaterials.com\/converting\/ro\/#\/schema\/logo\/image\/"},"sameAs":["https:\/\/www.linkedin.com\/company\/addev-materials\/"]}]}},"distributor_meta":false,"distributor_terms":false,"distributor_media":false,"distributor_original_site_name":"ADDEV Materials Converting","distributor_original_site_url":"https:\/\/addevmaterials.com\/converting\/pl","push-errors":false,"_links":{"self":[{"href":"https:\/\/addevmaterials.com\/converting\/pl\/wp-json\/wp\/v2\/pages\/151","targetHints":{"allow":["GET"]}}],"collection":[{"href":"https:\/\/addevmaterials.com\/converting\/pl\/wp-json\/wp\/v2\/pages"}],"about":[{"href":"https:\/\/addevmaterials.com\/converting\/pl\/wp-json\/wp\/v2\/types\/page"}],"author":[{"embeddable":true,"href":"https:\/\/addevmaterials.com\/converting\/pl\/wp-json\/wp\/v2\/users\/3"}],"replies":[{"embeddable":true,"href":"https:\/\/addevmaterials.com\/converting\/pl\/wp-json\/wp\/v2\/comments?post=151"}],"version-history":[{"count":25,"href":"https:\/\/addevmaterials.com\/converting\/pl\/wp-json\/wp\/v2\/pages\/151\/revisions"}],"predecessor-version":[{"id":26041,"href":"https:\/\/addevmaterials.com\/converting\/pl\/wp-json\/wp\/v2\/pages\/151\/revisions\/26041"}],"wp:attachment":[{"href":"https:\/\/addevmaterials.com\/converting\/pl\/wp-json\/wp\/v2\/media?parent=151"}],"curies":[{"name":"wp","href":"https:\/\/api.w.org\/{rel}","templated":true}]}}