{"id":12019,"date":"2023-03-20T15:19:36","date_gmt":"2023-03-20T15:19:36","guid":{"rendered":"https:\/\/mi.addevmaterials.com\/?page_id=12019"},"modified":"2025-09-24T09:50:35","modified_gmt":"2025-09-24T09:50:35","slug":"note-maxime","status":"publish","type":"page","link":"https:\/\/addevmaterials.com\/converting\/ro\/mentions-legales\/","title":{"rendered":"Informa\u021bii juridice"},"content":{"rendered":"<div data-elementor-type=\"wp-page\" data-elementor-id=\"12019\" class=\"elementor elementor-12019\" data-elementor-post-type=\"page\">\n\t\t\t\t\t\t<section class=\"elementor-section elementor-top-section elementor-element elementor-element-3039bbe elementor-section-boxed elementor-section-height-default elementor-section-height-default\" data-id=\"3039bbe\" data-element_type=\"section\" data-e-type=\"section\" data-settings=\"{&quot;background_background&quot;:&quot;classic&quot;}\">\n\t\t\t\t\t\t<div class=\"elementor-container elementor-column-gap-default\">\n\t\t\t\t\t<div class=\"elementor-column elementor-col-100 elementor-top-column elementor-element elementor-element-fdda546\" data-id=\"fdda546\" data-element_type=\"column\" data-e-type=\"column\">\n\t\t\t<div class=\"elementor-widget-wrap\">\n\t\t\t\t\t\t\t<\/div>\n\t\t<\/div>\n\t\t\t\t\t<\/div>\n\t\t<\/section>\n\t\t\t\t<section class=\"elementor-section elementor-top-section elementor-element elementor-element-77ea1160 elementor-section-boxed elementor-section-height-default elementor-section-height-default\" data-id=\"77ea1160\" data-element_type=\"section\" data-e-type=\"section\" data-settings=\"{&quot;background_background&quot;:&quot;classic&quot;}\">\n\t\t\t\t\t\t\t<div class=\"elementor-background-overlay\"><\/div>\n\t\t\t\t\t\t\t<div class=\"elementor-container elementor-column-gap-default\">\n\t\t\t\t\t<div class=\"elementor-column elementor-col-100 elementor-top-column elementor-element elementor-element-7bfbd7a4\" data-id=\"7bfbd7a4\" data-element_type=\"column\" data-e-type=\"column\">\n\t\t\t<div class=\"elementor-widget-wrap elementor-element-populated\">\n\t\t\t\t\t\t<div class=\"elementor-element elementor-element-7ed46950 elementor-widget elementor-widget-heading\" data-id=\"7ed46950\" data-element_type=\"widget\" data-e-type=\"widget\" data-widget_type=\"heading.default\">\n\t\t\t\t<div class=\"elementor-widget-container\">\n\t\t\t\t\t<h1 class=\"elementor-heading-title elementor-size-default\">Informa\u021bii juridice<\/h1>\t\t\t\t<\/div>\n\t\t\t\t<\/div>\n\t\t\t\t\t<\/div>\n\t\t<\/div>\n\t\t\t\t\t<\/div>\n\t\t<\/section>\n\t\t\t\t<section class=\"elementor-section elementor-top-section elementor-element elementor-element-4684d57 elementor-section-boxed elementor-section-height-default elementor-section-height-default\" data-id=\"4684d57\" data-element_type=\"section\" data-e-type=\"section\">\n\t\t\t\t\t\t<div class=\"elementor-container elementor-column-gap-default\">\n\t\t\t\t\t<div class=\"elementor-column elementor-col-100 elementor-top-column elementor-element elementor-element-2229c60\" data-id=\"2229c60\" data-element_type=\"column\" data-e-type=\"column\">\n\t\t\t<div class=\"elementor-widget-wrap elementor-element-populated\">\n\t\t\t\t\t\t<div class=\"elementor-element elementor-element-84b8f5a elementor-widget elementor-widget-text-editor\" data-id=\"84b8f5a\" data-element_type=\"widget\" data-e-type=\"widget\" data-widget_type=\"text-editor.default\">\n\t\t\t\t<div class=\"elementor-widget-container\">\n\t\t\t\t\t\t\t\t\t<h1 data-start=\"102\" data-end=\"126\"><strong data-start=\"104\" data-end=\"124\">NOTIFIC\u0102RI LEGALE<\/strong><\/h1>\n<p data-start=\"127\" data-end=\"157\"><strong data-start=\"127\" data-end=\"155\">\u00cencep\u00e2nd cu 12\/03\/2025<\/strong><\/p>\n<p data-start=\"159\" data-end=\"500\">\u00cen conformitate cu dispozi\u021biile articolelor <strong data-start=\"202\" data-end=\"217\">6-III \u0219i 19<\/strong> de <strong data-start=\"224\" data-end=\"258\">Legea nr. 2004-575 din 21 iunie 2004<\/strong> pentru \u00eencredere \u00een economia digital\u0103 (<strong data-start=\"304\" data-end=\"312\">LCEN<\/strong>), utilizatorii \u0219i vizitatorii site-ului sunt informa\u021bi prin prezenta c\u0103 <a href=\"https:\/\/addevmaterials.com\/converting\/ro\/\" target=\"_new\" rel=\"noopener\" data-start=\"384\" data-end=\"442\">https:\/\/addevmaterials.com\/<\/a> (denumit \u00een continuare \"site-ul\"), prezenta notificare legal\u0103.<\/p>\n<p data-start=\"502\" data-end=\"675\">Conectarea la site \u0219i navigarea pe site de c\u0103tre utilizator (denumit \u00een continuare \"utilizatorul\") implic\u0103 acceptarea deplin\u0103 \u0219i f\u0103r\u0103 rezerve a prezentei note juridice.<\/p>\n<p data-start=\"677\" data-end=\"759\">Acestea sunt disponibile pe site la rubrica <strong data-start=\"734\" data-end=\"758\">\"Informa\u021bii juridice<\/strong>.<\/p>\n<hr data-start=\"761\" data-end=\"764\">\n<h2 data-start=\"766\" data-end=\"794\"><strong data-start=\"769\" data-end=\"792\">ARTICOLUL 1 - EDITORUL<\/strong><\/h2>\n<p data-start=\"796\" data-end=\"1074\">Site-ul este editat \u0219i publicat de <strong data-start=\"866\" data-end=\"889\">ADDEV Materials SAS<\/strong>la <strong data-start=\"894\" data-end=\"932\">capital social de 38.322.519 euro<\/strong>\u00eenregistrat la <strong data-start=\"950\" data-end=\"1004\">Registrul Comer\u021bului \u0219i al Societ\u0103\u021bilor din Lyon (RCS)<\/strong> sub num\u0103rul <strong data-start=\"1020\" data-end=\"1035\">820 724 508<\/strong>al c\u0103rei sediu social este situat la :<\/p>\n<p data-start=\"1076\" data-end=\"1289\">\ud83d\udccd <strong data-start=\"1079\" data-end=\"1120\">30 Quai Perrache, 69002, Lyon, Fran\u021ba<\/strong><br data-start=\"1120\" data-end=\"1123\">\ud83d\udcde <strong data-start=\"1126\" data-end=\"1149\">Num\u0103r de telefon<\/strong> : +33 (0)4 72 11 35 00<br data-start=\"1172\" data-end=\"1175\">\u2709\ufe0f <strong data-start=\"1178\" data-end=\"1196\">Adresa de e-mail<\/strong> : <a rel=\"noopener\" data-start=\"1199\" data-end=\"1225\">contact@addevmaterials.com<\/a><br data-start=\"1225\" data-end=\"1228\">\ud83d\udccc <strong data-start=\"1231\" data-end=\"1267\">Num\u0103rul de TVA intracomunitar<\/strong> : <strong data-start=\"1270\" data-end=\"1287\">FR32820724508<\/strong><\/p>\n<p data-start=\"1291\" data-end=\"1365\">Directorul de publica\u021bii este <b>Marie BLANCHARD BRUNEL&nbsp;<\/b>(denumit \u00een continuare \"editorul\").<\/p>\n<hr data-start=\"1367\" data-end=\"1370\">\n<h2 data-start=\"1372\" data-end=\"1402\"><strong data-start=\"1375\" data-end=\"1400\">ARTICOLUL 2 - GAZDA<\/strong><\/h2>\n<p data-start=\"1404\" data-end=\"1491\">Site-ul este g\u0103zduit de <strong data-start=\"1428\" data-end=\"1453\">Re\u021beaua Infomaniak SA<\/strong>al c\u0103rei sediu social este situat la :<\/p>\n<p data-start=\"1493\" data-end=\"1728\">\ud83d\udccd <strong data-start=\"1496\" data-end=\"1556\">Rue Eug\u00e8ne-Marziano 25, 1227 Les Acacias, Geneva, Elve\u021bia<\/strong><br data-start=\"1556\" data-end=\"1559\">\ud83d\udcde <strong data-start=\"1562\" data-end=\"1575\">Telefon<\/strong> : +41 (0)22 820 35 44<br data-start=\"1597\" data-end=\"1600\">\u2709\ufe0f <strong data-start=\"1603\" data-end=\"1624\">E-mail de contact<\/strong> : <a rel=\"noopener\" data-start=\"1627\" data-end=\"1649\">support@infomaniak.com<\/a><br data-start=\"1649\" data-end=\"1652\">\ud83c\udf0d <strong data-start=\"1655\" data-end=\"1667\">Site web<\/strong> : <a href=\"https:\/\/www.infomaniak.com\" target=\"_new\" rel=\"noopener\" data-start=\"1670\" data-end=\"1726\">https:\/\/www.infomaniak.com<\/a><\/p>\n<hr data-start=\"1730\" data-end=\"1733\">\n<h2 data-start=\"1735\" data-end=\"1769\"><strong data-start=\"1738\" data-end=\"1767\">ARTICOLUL 3 - ACCESUL LA SITE<\/strong><\/h2>\n<p data-start=\"1771\" data-end=\"1919\">Site-ul este accesibil 24 de ore pe zi, 7 zile pe s\u0103pt\u0103m\u00e2n\u0103, cu excep\u021bia cazului \u00een care <strong data-start=\"1825\" data-end=\"1842\">for\u021b\u0103 major\u0103<\/strong>, d'<strong data-start=\"1846\" data-end=\"1873\">\u00eentrerupere programat\u0103<\/strong> sau nu din motive de <strong data-start=\"1901\" data-end=\"1916\">\u00eentre\u021binere<\/strong>.<\/p>\n<p data-start=\"1921\" data-end=\"2024\">Editorul nu poate fi tras la r\u0103spundere pentru orice modificare, \u00eentrerupere sau suspendare a site-ului.<\/p>\n<hr data-start=\"2026\" data-end=\"2029\">\n<h2 data-start=\"2031\" data-end=\"2096\"><strong data-start=\"2034\" data-end=\"2094\">ARTICOLUL 4 - COLECTAREA DE DATE CU CARACTER PERSONAL \u0218I MODULE COOKIE<\/strong><\/h2>\n<h3 data-start=\"2098\" data-end=\"2158\"><strong data-start=\"2102\" data-end=\"2156\">1. Colectarea \u0219i prelucrarea datelor cu caracter personal<\/strong><\/h3>\n<p data-start=\"2160\" data-end=\"2300\">Site-ul colecteaz\u0103 \u0219i prelucreaz\u0103 datele cu caracter personal ale utilizatorului. <strong data-start=\"2225\" data-end=\"2249\">date cu caracter personal<\/strong> respect\u00e2nd \u00een acela\u0219i timp via\u021ba privat\u0103, \u00een conformitate cu :<\/p>\n<ul data-start=\"2301\" data-end=\"2507\">\n<li data-start=\"2301\" data-end=\"2409\">la <strong data-start=\"2308\" data-end=\"2341\">Legea nr. 78-17 din 6 ianuarie 1978<\/strong>modificat\u0103 referitoare la tehnologia informa\u021biei, dosare \u0219i libert\u0103\u021bi civile<\/li>\n<li data-start=\"2410\" data-end=\"2507\">\u0219i <strong data-start=\"2418\" data-end=\"2487\">Regulamentul general privind protec\u021bia datelor (GDPR) nr. 2016\/679<\/strong> din 27 aprilie 2016.<\/li>\n<\/ul>\n<p data-start=\"2509\" data-end=\"2766\">Utilizatorul are urm\u0103toarele drepturi cu privire la datele sale:<br data-start=\"2568\" data-end=\"2571\">\u2705 <strong data-start=\"2573\" data-end=\"2590\">Dreptul de acces<\/strong><br data-start=\"2590\" data-end=\"2593\">\u2705 <strong data-start=\"2595\" data-end=\"2621\">Dreptul de rectificare<\/strong><br data-start=\"2621\" data-end=\"2624\">\u2705 <strong data-start=\"2626\" data-end=\"2650\">Dreptul de \u0219tergere<\/strong><br data-start=\"2650\" data-end=\"2653\">\u2705 <strong data-start=\"2655\" data-end=\"2677\">Dreptul la opozi\u021bie<\/strong><br data-start=\"2677\" data-end=\"2680\">\u2705 <strong data-start=\"2682\" data-end=\"2720\">Dreptul la portabilitatea datelor<\/strong><br data-start=\"2720\" data-end=\"2723\">\u2705 <strong data-start=\"2725\" data-end=\"2764\">Dreptul de a restric\u021biona prelucrarea<\/strong><\/p>\n<p data-start=\"2768\" data-end=\"2901\">Pentru a exercita aceste drepturi, utilizatorii pot contacta editorul la urm\u0103toarea adres\u0103<br data-start=\"2854\" data-end=\"2857\">\ud83d\udce7 <strong data-start=\"2860\" data-end=\"2870\">E-mail<\/strong> : <a rel=\"noopener\" data-start=\"2873\" data-end=\"2899\">contact@addevmaterials.com<\/a><\/p>\n<p data-start=\"2903\" data-end=\"3005\">\u00cen cazul unei reclama\u021bii, utilizatorul poate <strong data-start=\"2945\" data-end=\"2963\">s\u0103 sesizeze CNIL<\/strong> prin <a href=\"https:\/\/www.cnil.fr\" target=\"_new\" rel=\"noopener\" data-start=\"2968\" data-end=\"3002\">www.cnil.fr<\/a>.<\/p>\n<hr data-start=\"3007\" data-end=\"3010\">\n<h3 data-start=\"3012\" data-end=\"3046\"><strong data-start=\"3016\" data-end=\"3044\">2. Politica privind modulele cookie<\/strong><\/h3>\n<p data-start=\"3048\" data-end=\"3154\">Atunci c\u00e2nd naviga\u021bi pe Site, unele <strong data-start=\"3087\" data-end=\"3098\">fursecuri<\/strong> pot fi depuse pe dispozitivul utilizatorului.<\/p>\n<p data-start=\"3156\" data-end=\"3307\">\u00cen conformitate cu recomand\u0103rile <strong data-start=\"3195\" data-end=\"3203\">CNIL<\/strong>, <strong data-start=\"3205\" data-end=\"3266\">utilizatorul este informat \u0219i trebuie s\u0103 \u00ee\u0219i dea consim\u021b\u0103m\u00e2ntul \u00een mod explicit<\/strong> la utilizarea urm\u0103toarelor module cookie:<\/p>\n<ul data-start=\"3308\" data-end=\"3487\">\n<li data-start=\"3308\" data-end=\"3369\"><strong data-start=\"3310\" data-end=\"3333\">Module cookie analitice<\/strong> pentru a m\u0103sura audien\u021ba site-ului<\/li>\n<li data-start=\"3370\" data-end=\"3433\"><strong data-start=\"3372\" data-end=\"3397\">Cookie-uri de publicitate<\/strong> pentru a v\u0103 personaliza anun\u021burile<\/li>\n<li data-start=\"3434\" data-end=\"3487\"><strong data-start=\"3436\" data-end=\"3458\">Partajarea modulelor cookie<\/strong> pentru re\u021belele sociale<\/li>\n<\/ul>\n<p data-start=\"3489\" data-end=\"3630\">Utilizatorul poate <strong data-start=\"3508\" data-end=\"3531\">s\u0103 accepte sau s\u0103 refuze<\/strong> utilizarea acestor module cookie prin intermediul <strong data-start=\"3568\" data-end=\"3595\">banner de consim\u021b\u0103m\u00e2nt<\/strong> afi\u0219at la prima conectare.<\/p>\n<p data-start=\"3632\" data-end=\"3778\">\u2139\ufe0f <strong data-start=\"3635\" data-end=\"3688\">Pentru a afla mai multe despre gestionarea cookie-urilor noastre<\/strong>utilizatorul poate consulta <strong data-start=\"3722\" data-end=\"3754\">Politica de confiden\u021bialitate<\/strong> disponibile pe Site.<\/p>\n<hr data-start=\"3780\" data-end=\"3783\">\n<h2 data-start=\"3785\" data-end=\"3830\"><strong data-start=\"3788\" data-end=\"3828\">ARTICOLUL 5 - PROPRIETATEA INTELECTUAL\u0102<\/strong><\/h2>\n<p data-start=\"3832\" data-end=\"4073\">Tot con\u021binutul de pe site (text, imagini, logo-uri, videoclipuri, carte grafic\u0103 etc.) este proprietatea proprietarilor respectivi. <strong data-start=\"3932\" data-end=\"3988\">protejate de legisla\u021bia privind proprietatea intelectual\u0103<\/strong> \u0219i sunt proprietatea exclusiv\u0103 a <strong data-start=\"4023\" data-end=\"4046\">ADDEV Materials SAS<\/strong>cu excep\u021bia cazului \u00een care se prevede altfel.<\/p>\n<p data-start=\"4075\" data-end=\"4395\">Toate <strong data-start=\"4081\" data-end=\"4156\">utilizarea, reproducerea, distribuirea, comercializarea sau modificarea<\/strong> \u00eentregul Site sau o parte a acestuia <strong data-start=\"4183\" data-end=\"4229\">f\u0103r\u0103 autorizarea prealabil\u0103 a editorului<\/strong> este interzis\u0103 \u0219i poate fi supus\u0103 <strong data-start=\"4271\" data-end=\"4297\">proceduri judiciare<\/strong>\u00een conformitate cu dispozi\u021biile <strong data-start=\"4332\" data-end=\"4371\">Codul propriet\u0103\u021bii intelectuale<\/strong> \u0219i <strong data-start=\"4378\" data-end=\"4392\">Codul civil<\/strong>.<\/p>\n<p data-start=\"4397\" data-end=\"4532\">\u00cen cazul \u00een care utilizatorul dore\u0219te s\u0103 reutilizeze orice con\u021binut de pe site, o cerere de autorizare trebuie trimis\u0103 la <strong data-start=\"4501\" data-end=\"4531\"><a rel=\"noopener\" data-start=\"4503\" data-end=\"4529\">contact@addevmaterials.com<\/a><\/strong>.<\/p>\n<hr data-start=\"4534\" data-end=\"4537\">\n<h2 data-start=\"4539\" data-end=\"4574\"><strong data-start=\"4542\" data-end=\"4572\">ARTICOLUL 6 - R\u0102SPUNDERE<\/strong><\/h2>\n<p data-start=\"4576\" data-end=\"4708\">Editorul depune toate eforturile pentru a furniza informa\u021bii <strong data-start=\"4634\" data-end=\"4655\">exacte \u0219i actualizate<\/strong>dar nu poate fi tras\u0103 la r\u0103spundere \u00een caz de :<\/p>\n<ul data-start=\"4709\" data-end=\"4923\">\n<li data-start=\"4709\" data-end=\"4786\">Erori, omisiuni sau inexactit\u0103\u021bi \u00een informa\u021biile disponibile pe Site<\/li>\n<li data-start=\"4787\" data-end=\"4849\">Problem\u0103 tehnic\u0103 care duce la <strong data-start=\"4823\" data-end=\"4839\">\u00eentrerupere<\/strong> a site-ului<\/li>\n<li data-start=\"4850\" data-end=\"4923\">daune directe sau indirecte care rezult\u0103 din accesul la site sau din utilizarea acestuia<\/li>\n<\/ul>\n<p data-start=\"4925\" data-end=\"5035\">Editorul \u00ee\u0219i rezerv\u0103 dreptul de a <strong data-start=\"4958\" data-end=\"4994\">modificarea, suspendarea sau \u0219tergerea<\/strong> \u00eentregul Site sau o parte a acestuia <strong data-start=\"5018\" data-end=\"5034\">f\u0103r\u0103 notificare prealabil\u0103<\/strong>.<\/p>\n<hr data-start=\"5037\" data-end=\"5040\">\n<h2 data-start=\"5042\" data-end=\"5105\"><strong data-start=\"5045\" data-end=\"5103\">ARTICOLUL 7 - LEGEA APLICABIL\u0102 \u0218I JURISDIC\u021aIA<\/strong><\/h2>\n<p data-start=\"5107\" data-end=\"5178\">Prezenta not\u0103 juridic\u0103 este reglementat\u0103 de <strong data-start=\"5157\" data-end=\"5175\">Legea francez\u0103<\/strong>.<\/p>\n<p data-start=\"5180\" data-end=\"5340\">\u00cen cazul unui litigiu \u0219i \u00een lipsa unei solu\u021bion\u0103ri amiabile, litigiul va fi adus \u00een fa\u021ba <strong data-start=\"5261\" data-end=\"5339\">instan\u021bele competente din jurisdic\u021bia sediului social al ADDEV Materials SAS<\/strong>.<\/p>\n<hr data-start=\"5342\" data-end=\"5345\">\n<h3 data-start=\"5347\" data-end=\"5368\"><strong data-start=\"5351\" data-end=\"5366\">UPDATE<\/strong><\/h3>\n<p data-start=\"5370\" data-end=\"5444\">Aceast\u0103 notificare legal\u0103 a fost actualizat\u0103 <strong data-start=\"5422\" data-end=\"5441\">12 martie 2025<\/strong>.<\/p>\n<p data-start=\"5446\" data-end=\"5576\">Editorul \u00ee\u0219i rezerv\u0103 dreptul de a <strong data-start=\"5483\" data-end=\"5509\">se modific\u0103 \u00een orice moment<\/strong> pentru a se asigura c\u0103 acestea sunt conforme cu legisla\u021bia \u00een vigoare.<\/p>\n<p data-start=\"5578\" data-end=\"5715\">\u2139\ufe0f <strong data-start=\"5581\" data-end=\"5622\">Cea mai recent\u0103 actualizare este disponibil\u0103 pe :<\/strong> <a target=\"_new\" rel=\"noopener\" data-start=\"5623\" data-end=\"5713\">https:\/\/addevmaterials.com\/mentions-legales<\/a><\/p>\t\t\t\t\t\t\t\t<\/div>\n\t\t\t\t<\/div>\n\t\t\t\t\t<\/div>\n\t\t<\/div>\n\t\t\t\t\t<\/div>\n\t\t<\/section>\n\t\t\t\t<\/div>","protected":false},"excerpt":{"rendered":"<p>Mentions l\u00e9gales MENTIONS L\u00c9GALES En vigueur au 12\/03\/2025 Conform\u00e9ment aux dispositions des articles 6-III et 19 de la Loi n\u00b02004-575 du 21 juin 2004 pour la Confiance dans l\u2019\u00c9conomie Num\u00e9rique (LCEN), il est port\u00e9 \u00e0 la connaissance des utilisateurs et visiteurs du site https:\/\/addevmaterials.com\/ (ci-apr\u00e8s \u00ab le Site \u00bb), les pr\u00e9sentes mentions l\u00e9gales. La connexion [&hellip;]<\/p>\n","protected":false},"author":3,"featured_media":0,"parent":0,"menu_order":0,"comment_status":"closed","ping_status":"closed","template":"elementor_header_footer","meta":{"footnotes":""},"class_list":["post-12019","page","type-page","status-publish","hentry"],"yoast_head":"<!-- This site is optimized with the Yoast SEO plugin v27.4 - https:\/\/yoast.com\/product\/yoast-seo-wordpress\/ -->\n<title>Mentions l\u00e9gales - ADDEV Materials Converting<\/title>\n<meta name=\"robots\" content=\"noindex, follow\" \/>\n<meta property=\"og:locale\" content=\"ro_RO\" \/>\n<meta property=\"og:type\" content=\"article\" \/>\n<meta property=\"og:title\" content=\"Mentions l\u00e9gales - ADDEV Materials Converting\" \/>\n<meta property=\"og:description\" content=\"Mentions l\u00e9gales MENTIONS L\u00c9GALES En vigueur au 12\/03\/2025 Conform\u00e9ment aux dispositions des articles 6-III et 19 de la Loi n\u00b02004-575 du 21 juin 2004 pour la Confiance dans l\u2019\u00c9conomie Num\u00e9rique (LCEN), il est port\u00e9 \u00e0 la connaissance des utilisateurs et visiteurs du site https:\/\/addevmaterials.com\/ (ci-apr\u00e8s \u00ab le Site \u00bb), les pr\u00e9sentes mentions l\u00e9gales. La connexion [&hellip;]\" \/>\n<meta property=\"og:url\" content=\"https:\/\/addevmaterials.com\/converting\/ro\/note-maxime\/\" \/>\n<meta property=\"og:site_name\" content=\"ADDEV Materials Converting\" \/>\n<meta property=\"article:modified_time\" content=\"2025-09-24T09:50:35+00:00\" \/>\n<meta name=\"twitter:card\" content=\"summary_large_image\" \/>\n<meta name=\"twitter:label1\" content=\"Timp estimat pentru citire\" \/>\n\t<meta name=\"twitter:data1\" content=\"7 minute\" \/>\n<script type=\"application\/ld+json\" class=\"yoast-schema-graph\">{\"@context\":\"https:\\\/\\\/schema.org\",\"@graph\":[{\"@type\":\"WebPage\",\"@id\":\"https:\\\/\\\/addevmaterials.com\\\/converting\\\/mentions-legales\\\/\",\"url\":\"https:\\\/\\\/addevmaterials.com\\\/converting\\\/mentions-legales\\\/\",\"name\":\"Mentions l\u00e9gales - ADDEV Materials Converting\",\"isPartOf\":{\"@id\":\"https:\\\/\\\/addevmaterials.com\\\/converting\\\/ro\\\/#website\"},\"datePublished\":\"2023-03-20T15:19:36+00:00\",\"dateModified\":\"2025-09-24T09:50:35+00:00\",\"breadcrumb\":{\"@id\":\"https:\\\/\\\/addevmaterials.com\\\/converting\\\/mentions-legales\\\/#breadcrumb\"},\"inLanguage\":\"ro-RO\",\"potentialAction\":[{\"@type\":\"ReadAction\",\"target\":[\"https:\\\/\\\/addevmaterials.com\\\/converting\\\/mentions-legales\\\/\"]}]},{\"@type\":\"BreadcrumbList\",\"@id\":\"https:\\\/\\\/addevmaterials.com\\\/converting\\\/mentions-legales\\\/#breadcrumb\",\"itemListElement\":[{\"@type\":\"ListItem\",\"position\":1,\"name\":\"Accueil\",\"item\":\"https:\\\/\\\/addevmaterials.com\\\/converting\\\/\"},{\"@type\":\"ListItem\",\"position\":2,\"name\":\"Mentions l\u00e9gales\"}]},{\"@type\":\"WebSite\",\"@id\":\"https:\\\/\\\/addevmaterials.com\\\/converting\\\/ro\\\/#website\",\"url\":\"https:\\\/\\\/addevmaterials.com\\\/converting\\\/ro\\\/\",\"name\":\"ADDEV Materials Converting\",\"description\":\"\",\"publisher\":{\"@id\":\"https:\\\/\\\/addevmaterials.com\\\/converting\\\/ro\\\/#organization\"},\"potentialAction\":[{\"@type\":\"SearchAction\",\"target\":{\"@type\":\"EntryPoint\",\"urlTemplate\":\"https:\\\/\\\/addevmaterials.com\\\/converting\\\/ro\\\/?s={search_term_string}\"},\"query-input\":{\"@type\":\"PropertyValueSpecification\",\"valueRequired\":true,\"valueName\":\"search_term_string\"}}],\"inLanguage\":\"ro-RO\"},{\"@type\":\"Organization\",\"@id\":\"https:\\\/\\\/addevmaterials.com\\\/converting\\\/ro\\\/#organization\",\"name\":\"ADDEV Materials Converting\",\"url\":\"https:\\\/\\\/addevmaterials.com\\\/converting\\\/ro\\\/\",\"logo\":{\"@type\":\"ImageObject\",\"inLanguage\":\"ro-RO\",\"@id\":\"https:\\\/\\\/addevmaterials.com\\\/converting\\\/ro\\\/#\\\/schema\\\/logo\\\/image\\\/\",\"url\":\"https:\\\/\\\/addevmaterials.com\\\/converting\\\/wp-content\\\/uploads\\\/sites\\\/2\\\/2023\\\/04\\\/cropped-ADDEV_Materials-LOGO_RGB.png\",\"contentUrl\":\"https:\\\/\\\/addevmaterials.com\\\/converting\\\/wp-content\\\/uploads\\\/sites\\\/2\\\/2023\\\/04\\\/cropped-ADDEV_Materials-LOGO_RGB.png\",\"width\":2948,\"height\":929,\"caption\":\"ADDEV Materials Converting\"},\"image\":{\"@id\":\"https:\\\/\\\/addevmaterials.com\\\/converting\\\/ro\\\/#\\\/schema\\\/logo\\\/image\\\/\"},\"sameAs\":[\"https:\\\/\\\/www.linkedin.com\\\/company\\\/addev-materials\\\/\"]}]}<\/script>\n<!-- \/ Yoast SEO plugin. -->","yoast_head_json":{"title":"Informa\u021bii juridice - ADDEV Materials Converting","robots":{"index":"noindex","follow":"follow"},"og_locale":"ro_RO","og_type":"article","og_title":"Mentions l\u00e9gales - ADDEV Materials Converting","og_description":"Mentions l\u00e9gales MENTIONS L\u00c9GALES En vigueur au 12\/03\/2025 Conform\u00e9ment aux dispositions des articles 6-III et 19 de la Loi n\u00b02004-575 du 21 juin 2004 pour la Confiance dans l\u2019\u00c9conomie Num\u00e9rique (LCEN), il est port\u00e9 \u00e0 la connaissance des utilisateurs et visiteurs du site https:\/\/addevmaterials.com\/ (ci-apr\u00e8s \u00ab le Site \u00bb), les pr\u00e9sentes mentions l\u00e9gales. La connexion [&hellip;]","og_url":"https:\/\/addevmaterials.com\/converting\/ro\/note-maxime\/","og_site_name":"ADDEV Materials Converting","article_modified_time":"2025-09-24T09:50:35+00:00","twitter_card":"summary_large_image","twitter_misc":{"Timp estimat pentru citire":"7 minute"},"schema":{"@context":"https:\/\/schema.org","@graph":[{"@type":"WebPage","@id":"https:\/\/addevmaterials.com\/converting\/mentions-legales\/","url":"https:\/\/addevmaterials.com\/converting\/mentions-legales\/","name":"Informa\u021bii juridice - ADDEV Materials Converting","isPartOf":{"@id":"https:\/\/addevmaterials.com\/converting\/ro\/#website"},"datePublished":"2023-03-20T15:19:36+00:00","dateModified":"2025-09-24T09:50:35+00:00","breadcrumb":{"@id":"https:\/\/addevmaterials.com\/converting\/mentions-legales\/#breadcrumb"},"inLanguage":"ro-RO","potentialAction":[{"@type":"ReadAction","target":["https:\/\/addevmaterials.com\/converting\/mentions-legales\/"]}]},{"@type":"BreadcrumbList","@id":"https:\/\/addevmaterials.com\/converting\/mentions-legales\/#breadcrumb","itemListElement":[{"@type":"ListItem","position":1,"name":"Accueil","item":"https:\/\/addevmaterials.com\/converting\/"},{"@type":"ListItem","position":2,"name":"Mentions l\u00e9gales"}]},{"@type":"WebSite","@id":"https:\/\/addevmaterials.com\/converting\/ro\/#website","url":"https:\/\/addevmaterials.com\/converting\/ro\/","name":"ADDEV Materials Converting","description":"","publisher":{"@id":"https:\/\/addevmaterials.com\/converting\/ro\/#organization"},"potentialAction":[{"@type":"SearchAction","target":{"@type":"EntryPoint","urlTemplate":"https:\/\/addevmaterials.com\/converting\/ro\/?s={search_term_string}"},"query-input":{"@type":"PropertyValueSpecification","valueRequired":true,"valueName":"search_term_string"}}],"inLanguage":"ro-RO"},{"@type":"Organization","@id":"https:\/\/addevmaterials.com\/converting\/ro\/#organization","name":"ADDEV Materials Converting","url":"https:\/\/addevmaterials.com\/converting\/ro\/","logo":{"@type":"ImageObject","inLanguage":"ro-RO","@id":"https:\/\/addevmaterials.com\/converting\/ro\/#\/schema\/logo\/image\/","url":"https:\/\/addevmaterials.com\/converting\/wp-content\/uploads\/sites\/2\/2023\/04\/cropped-ADDEV_Materials-LOGO_RGB.png","contentUrl":"https:\/\/addevmaterials.com\/converting\/wp-content\/uploads\/sites\/2\/2023\/04\/cropped-ADDEV_Materials-LOGO_RGB.png","width":2948,"height":929,"caption":"ADDEV Materials Converting"},"image":{"@id":"https:\/\/addevmaterials.com\/converting\/ro\/#\/schema\/logo\/image\/"},"sameAs":["https:\/\/www.linkedin.com\/company\/addev-materials\/"]}]}},"distributor_meta":false,"distributor_terms":false,"distributor_media":false,"distributor_original_site_name":"ADDEV Materials Converting","distributor_original_site_url":"https:\/\/addevmaterials.com\/converting\/ro","push-errors":false,"_links":{"self":[{"href":"https:\/\/addevmaterials.com\/converting\/ro\/wp-json\/wp\/v2\/pages\/12019","targetHints":{"allow":["GET"]}}],"collection":[{"href":"https:\/\/addevmaterials.com\/converting\/ro\/wp-json\/wp\/v2\/pages"}],"about":[{"href":"https:\/\/addevmaterials.com\/converting\/ro\/wp-json\/wp\/v2\/types\/page"}],"author":[{"embeddable":true,"href":"https:\/\/addevmaterials.com\/converting\/ro\/wp-json\/wp\/v2\/users\/3"}],"replies":[{"embeddable":true,"href":"https:\/\/addevmaterials.com\/converting\/ro\/wp-json\/wp\/v2\/comments?post=12019"}],"version-history":[{"count":17,"href":"https:\/\/addevmaterials.com\/converting\/ro\/wp-json\/wp\/v2\/pages\/12019\/revisions"}],"predecessor-version":[{"id":24732,"href":"https:\/\/addevmaterials.com\/converting\/ro\/wp-json\/wp\/v2\/pages\/12019\/revisions\/24732"}],"wp:attachment":[{"href":"https:\/\/addevmaterials.com\/converting\/ro\/wp-json\/wp\/v2\/media?parent=12019"}],"curies":[{"name":"wp","href":"https:\/\/api.w.org\/{rel}","templated":true}]}}