{"id":141,"date":"2022-01-25T18:36:01","date_gmt":"2022-01-25T18:36:01","guid":{"rendered":"https:\/\/mi.addevmaterials.com\/?page_id=141"},"modified":"2023-10-05T14:05:33","modified_gmt":"2023-10-05T14:05:33","slug":"vopsele-acoperiri","status":"publish","type":"page","link":"https:\/\/addevmaterials.com\/converting\/ro\/peintures-revetements\/","title":{"rendered":"Vopsele \u0219i acoperiri"},"content":{"rendered":"<div data-elementor-type=\"wp-page\" data-elementor-id=\"141\" class=\"elementor elementor-141\" data-elementor-post-type=\"page\">\n\t\t\t\t\t\t<section class=\"elementor-section elementor-top-section elementor-element elementor-element-5ee24325 elementor-section-boxed elementor-section-height-default elementor-section-height-default\" data-id=\"5ee24325\" data-element_type=\"section\" data-e-type=\"section\" data-settings=\"{&quot;background_background&quot;:&quot;classic&quot;}\">\n\t\t\t\t\t\t\t<div class=\"elementor-background-overlay\"><\/div>\n\t\t\t\t\t\t\t<div class=\"elementor-container elementor-column-gap-default\">\n\t\t\t\t\t<div class=\"elementor-column elementor-col-100 elementor-top-column elementor-element elementor-element-7507a5\" data-id=\"7507a5\" data-element_type=\"column\" data-e-type=\"column\">\n\t\t\t<div class=\"elementor-widget-wrap elementor-element-populated\">\n\t\t\t\t\t\t<div class=\"elementor-element elementor-element-59e215d2 elementor-widget elementor-widget-heading\" data-id=\"59e215d2\" data-element_type=\"widget\" data-e-type=\"widget\" data-widget_type=\"heading.default\">\n\t\t\t\t<div class=\"elementor-widget-container\">\n\t\t\t\t\t<h1 class=\"elementor-heading-title elementor-size-default\">Vopsele \u0219i acoperiri<\/h1>\t\t\t\t<\/div>\n\t\t\t\t<\/div>\n\t\t\t\t\t<\/div>\n\t\t<\/div>\n\t\t\t\t\t<\/div>\n\t\t<\/section>\n\t\t\t\t<section class=\"elementor-section elementor-top-section elementor-element elementor-element-3b43fe4d elementor-section-boxed elementor-section-height-default elementor-section-height-default\" data-id=\"3b43fe4d\" data-element_type=\"section\" data-e-type=\"section\">\n\t\t\t\t\t\t<div class=\"elementor-container elementor-column-gap-default\">\n\t\t\t\t\t<div class=\"elementor-column elementor-col-50 elementor-top-column elementor-element elementor-element-44fc61b3\" data-id=\"44fc61b3\" data-element_type=\"column\" data-e-type=\"column\">\n\t\t\t<div class=\"elementor-widget-wrap elementor-element-populated\">\n\t\t\t\t\t\t<div class=\"elementor-element elementor-element-150b76cc elementor-widget elementor-widget-heading\" data-id=\"150b76cc\" data-element_type=\"widget\" data-e-type=\"widget\" data-widget_type=\"heading.default\">\n\t\t\t\t<div class=\"elementor-widget-container\">\n\t\t\t\t\t<h2 class=\"elementor-heading-title elementor-size-default\">Vopsele \u0219i acoperiri<\/h2>\t\t\t\t<\/div>\n\t\t\t\t<\/div>\n\t\t\t\t<div class=\"elementor-element elementor-element-48901716 elementor-widget elementor-widget-text-editor\" data-id=\"48901716\" data-element_type=\"widget\" data-e-type=\"widget\" data-widget_type=\"text-editor.default\">\n\t\t\t\t<div class=\"elementor-widget-container\">\n\t\t\t\t\t\t\t\t\t<p>Datorit\u0103 parteneriatelor de lung\u0103 durat\u0103 cu furnizori de renume mondial de materiale de \u00eenalt\u0103 performan\u021b\u0103 \u0219i a achizi\u021biei de companii specializate \u00een produc\u021bia \u0219i ambalarea pe baz\u0103 de contract a produselor chimice, ADDEV Materials ofer\u0103 o gam\u0103 larg\u0103 de vopsele \u0219i acoperiri pentru numeroase aplica\u021bii industriale.<\/p><p>Dispunem de o gam\u0103 complet\u0103 de acoperiri pentru trenuri \u0219i echipamente feroviare, precum \u0219i de acoperiri de ecranare pentru electronice, acoperiri optice \u0219i acoperiri pentru toate tipurile de infrastructur\u0103 industrial\u0103.<\/p>\t\t\t\t\t\t\t\t<\/div>\n\t\t\t\t<\/div>\n\t\t\t\t\t<\/div>\n\t\t<\/div>\n\t\t\t\t<div class=\"elementor-column elementor-col-50 elementor-top-column elementor-element elementor-element-73e024e2\" data-id=\"73e024e2\" data-element_type=\"column\" data-e-type=\"column\">\n\t\t\t<div class=\"elementor-widget-wrap elementor-element-populated\">\n\t\t\t\t\t\t<div class=\"elementor-element elementor-element-2d6f202 elementor-widget elementor-widget-image\" data-id=\"2d6f202\" data-element_type=\"widget\" data-e-type=\"widget\" data-widget_type=\"image.default\">\n\t\t\t\t<div class=\"elementor-widget-container\">\n\t\t\t\t\t\t\t\t\t\t\t\t\t\t\t<img fetchpriority=\"high\" decoding=\"async\" width=\"200\" height=\"300\" src=\"https:\/\/addevmaterials.com\/converting\/wp-content\/uploads\/sites\/2\/2022\/02\/Fotolia_173082656_L-200x300.jpg\" class=\"attachment-medium size-medium wp-image-903\" alt=\"\" srcset=\"https:\/\/addevmaterials.com\/converting\/wp-content\/uploads\/sites\/2\/2022\/02\/Fotolia_173082656_L-200x300.jpg 200w, https:\/\/addevmaterials.com\/converting\/wp-content\/uploads\/sites\/2\/2022\/02\/Fotolia_173082656_L-684x1024.jpg 684w, https:\/\/addevmaterials.com\/converting\/wp-content\/uploads\/sites\/2\/2022\/02\/Fotolia_173082656_L-768x1150.jpg 768w, https:\/\/addevmaterials.com\/converting\/wp-content\/uploads\/sites\/2\/2022\/02\/Fotolia_173082656_L-1026x1536.jpg 1026w, https:\/\/addevmaterials.com\/converting\/wp-content\/uploads\/sites\/2\/2022\/02\/Fotolia_173082656_L-1368x2048.jpg 1368w, https:\/\/addevmaterials.com\/converting\/wp-content\/uploads\/sites\/2\/2022\/02\/Fotolia_173082656_L-8x12.jpg 8w, https:\/\/addevmaterials.com\/converting\/wp-content\/uploads\/sites\/2\/2022\/02\/Fotolia_173082656_L.jpg 1572w\" sizes=\"(max-width: 200px) 100vw, 200px\" \/>\t\t\t\t\t\t\t\t\t\t\t\t\t\t\t<\/div>\n\t\t\t\t<\/div>\n\t\t\t\t\t<\/div>\n\t\t<\/div>\n\t\t\t\t\t<\/div>\n\t\t<\/section>\n\t\t\t\t<section class=\"elementor-section elementor-top-section elementor-element elementor-element-12eb11e3 elementor-section-boxed elementor-section-height-default elementor-section-height-default\" data-id=\"12eb11e3\" data-element_type=\"section\" data-e-type=\"section\">\n\t\t\t\t\t\t<div class=\"elementor-container elementor-column-gap-default\">\n\t\t\t\t\t<div class=\"elementor-column elementor-col-33 elementor-top-column elementor-element elementor-element-1b82a551\" data-id=\"1b82a551\" data-element_type=\"column\" data-e-type=\"column\" data-settings=\"{&quot;background_background&quot;:&quot;classic&quot;}\">\n\t\t\t<div class=\"elementor-widget-wrap elementor-element-populated\">\n\t\t\t\t\t\t<div class=\"elementor-element elementor-element-59c91865 elementor-widget elementor-widget-heading\" data-id=\"59c91865\" data-element_type=\"widget\" data-e-type=\"widget\" data-widget_type=\"heading.default\">\n\t\t\t\t<div class=\"elementor-widget-container\">\n\t\t\t\t\t<h2 class=\"elementor-heading-title elementor-size-default\">Acoperiri conductive \/ EMC<\/h2>\t\t\t\t<\/div>\n\t\t\t\t<\/div>\n\t\t\t\t<div class=\"elementor-element elementor-element-732e312a elementor-widget elementor-widget-text-editor\" data-id=\"732e312a\" data-element_type=\"widget\" data-e-type=\"widget\" data-widget_type=\"text-editor.default\">\n\t\t\t\t<div class=\"elementor-widget-container\">\n\t\t\t\t\t\t\t\t\t<ul><li>Conductoare EMC &amp; PPG<\/li><\/ul>\t\t\t\t\t\t\t\t<\/div>\n\t\t\t\t<\/div>\n\t\t\t\t\t<\/div>\n\t\t<\/div>\n\t\t\t\t<div class=\"elementor-column elementor-col-33 elementor-top-column elementor-element elementor-element-3b46b80d\" data-id=\"3b46b80d\" data-element_type=\"column\" data-e-type=\"column\" data-settings=\"{&quot;background_background&quot;:&quot;classic&quot;}\">\n\t\t\t<div class=\"elementor-widget-wrap elementor-element-populated\">\n\t\t\t\t\t\t<div class=\"elementor-element elementor-element-64683676 elementor-widget elementor-widget-heading\" data-id=\"64683676\" data-element_type=\"widget\" data-e-type=\"widget\" data-widget_type=\"heading.default\">\n\t\t\t\t<div class=\"elementor-widget-container\">\n\t\t\t\t\t<h2 class=\"elementor-heading-title elementor-size-default\">Acoperiri de \u00eenalt\u0103 performan\u021b\u0103<\/h2>\t\t\t\t<\/div>\n\t\t\t\t<\/div>\n\t\t\t\t<div class=\"elementor-element elementor-element-2fc6bcbf elementor-widget elementor-widget-text-editor\" data-id=\"2fc6bcbf\" data-element_type=\"widget\" data-e-type=\"widget\" data-widget_type=\"text-editor.default\">\n\t\t\t\t<div class=\"elementor-widget-container\">\n\t\t\t\t\t\t\t\t\t<ul><li>Acoperiri optice Megadex<\/li><li>Gama de acoperiri Neogene<\/li><\/ul>\t\t\t\t\t\t\t\t<\/div>\n\t\t\t\t<\/div>\n\t\t\t\t\t<\/div>\n\t\t<\/div>\n\t\t\t\t<div class=\"elementor-column elementor-col-33 elementor-top-column elementor-element elementor-element-70306bb6\" data-id=\"70306bb6\" data-element_type=\"column\" data-e-type=\"column\" data-settings=\"{&quot;background_background&quot;:&quot;classic&quot;}\">\n\t\t\t<div class=\"elementor-widget-wrap elementor-element-populated\">\n\t\t\t\t\t\t<div class=\"elementor-element elementor-element-d804380 elementor-widget elementor-widget-heading\" data-id=\"d804380\" data-element_type=\"widget\" data-e-type=\"widget\" data-widget_type=\"heading.default\">\n\t\t\t\t<div class=\"elementor-widget-container\">\n\t\t\t\t\t<h2 class=\"elementor-heading-title elementor-size-default\">Acoperiri pentru industria feroviar\u0103<\/h2>\t\t\t\t<\/div>\n\t\t\t\t<\/div>\n\t\t\t\t<div class=\"elementor-element elementor-element-3105d2e2 elementor-widget elementor-widget-text-editor\" data-id=\"3105d2e2\" data-element_type=\"widget\" data-e-type=\"widget\" data-widget_type=\"text-editor.default\">\n\t\t\t\t<div class=\"elementor-widget-container\">\n\t\t\t\t\t\t\t\t\t<ul><li>Colortat EP BS Schichtstoff Mastic BS Schichtstoff<\/li><li>Vopsea epoxidic\u0103 Etokat Aqua DS High Build<\/li><li>Etokat Activ Primer<\/li><li>Etokat Aqua Primer<\/li><li>Colortar Aqua Einschichtlack<\/li><\/ul>\t\t\t\t\t\t\t\t<\/div>\n\t\t\t\t<\/div>\n\t\t\t\t\t<\/div>\n\t\t<\/div>\n\t\t\t\t\t<\/div>\n\t\t<\/section>\n\t\t\t\t<section class=\"elementor-section elementor-top-section elementor-element elementor-element-50197372 elementor-section-boxed elementor-section-height-default elementor-section-height-default\" data-id=\"50197372\" data-element_type=\"section\" data-e-type=\"section\">\n\t\t\t\t\t\t<div class=\"elementor-container elementor-column-gap-default\">\n\t\t\t\t\t<div class=\"elementor-column elementor-col-100 elementor-top-column elementor-element elementor-element-6c387f07\" data-id=\"6c387f07\" data-element_type=\"column\" data-e-type=\"column\">\n\t\t\t<div class=\"elementor-widget-wrap elementor-element-populated\">\n\t\t\t\t\t\t<div class=\"elementor-element elementor-element-53f0feb0 elementor-widget elementor-widget-heading\" data-id=\"53f0feb0\" data-element_type=\"widget\" data-e-type=\"widget\" data-widget_type=\"heading.default\">\n\t\t\t\t<div class=\"elementor-widget-container\">\n\t\t\t\t\t<h2 class=\"elementor-heading-title elementor-size-default\">Specifica\u021bii tehnice<\/h2>\t\t\t\t<\/div>\n\t\t\t\t<\/div>\n\t\t\t\t<div class=\"elementor-element elementor-element-10520588 elementor-widget elementor-widget-text-editor\" data-id=\"10520588\" data-element_type=\"widget\" data-e-type=\"widget\" data-widget_type=\"text-editor.default\">\n\t\t\t\t<div class=\"elementor-widget-container\">\n\t\t\t\t\t\t\t\t\t<p>Vopselele au fost dezvoltate pentru a \u00eembun\u0103t\u0103\u021bi propriet\u0103\u021bile materialelor utilizate pentru a produce o structur\u0103, \u00een special \u00een ceea ce prive\u0219te aspectul \u0219i durabilitatea.<\/p><p>Pe pie\u021bele de mobilitate \u0219i industriale, cerin\u021bele fundamentale sunt diferite pentru aplica\u021biile interne \u0219i externe.<\/p><p>Cu toate acestea, putem men\u021biona c\u00e2teva: durabilitate bun\u0103, rezisten\u021b\u0103 la condi\u021biile de mediu, u\u0219urin\u021b\u0103 \u00een aplicare etc.<\/p><p>Oferim o gam\u0103 larg\u0103 de vopsele, inclusiv produse realizate de produc\u0103tori de top: Akzo Nobel, PPG, Mader, Sherwin Williams, Hentzen...<\/p>\t\t\t\t\t\t\t\t<\/div>\n\t\t\t\t<\/div>\n\t\t\t\t\t<\/div>\n\t\t<\/div>\n\t\t\t\t\t<\/div>\n\t\t<\/section>\n\t\t\t\t<section class=\"elementor-section elementor-top-section elementor-element elementor-element-4ba76ab0 elementor-section-boxed elementor-section-height-default elementor-section-height-default\" data-id=\"4ba76ab0\" data-element_type=\"section\" data-e-type=\"section\">\n\t\t\t\t\t\t<div class=\"elementor-container elementor-column-gap-default\">\n\t\t\t\t\t<div class=\"elementor-column elementor-col-100 elementor-top-column elementor-element elementor-element-5f01f090\" data-id=\"5f01f090\" data-element_type=\"column\" data-e-type=\"column\">\n\t\t\t<div class=\"elementor-widget-wrap elementor-element-populated\">\n\t\t\t\t\t\t<div class=\"elementor-element elementor-element-770615c3 elementor-widget elementor-widget-heading\" data-id=\"770615c3\" data-element_type=\"widget\" data-e-type=\"widget\" data-widget_type=\"heading.default\">\n\t\t\t\t<div class=\"elementor-widget-container\">\n\t\t\t\t\t<h2 class=\"elementor-heading-title elementor-size-default\">Capacit\u0103\u021bile noastre de prelucrare dedicate vopselelor \u0219i acoperirilor<\/h2>\t\t\t\t<\/div>\n\t\t\t\t<\/div>\n\t\t\t\t<section class=\"elementor-section elementor-inner-section elementor-element elementor-element-3922ceed elementor-section-boxed elementor-section-height-default elementor-section-height-default\" data-id=\"3922ceed\" data-element_type=\"section\" data-e-type=\"section\">\n\t\t\t\t\t\t<div class=\"elementor-container elementor-column-gap-default\">\n\t\t\t\t\t<div class=\"elementor-column elementor-col-33 elementor-inner-column elementor-element elementor-element-38e055f3\" data-id=\"38e055f3\" data-element_type=\"column\" data-e-type=\"column\" data-settings=\"{&quot;background_background&quot;:&quot;classic&quot;}\">\n\t\t\t<div class=\"elementor-widget-wrap elementor-element-populated\">\n\t\t\t\t\t<div class=\"elementor-background-overlay\"><\/div>\n\t\t\t\t\t\t<div class=\"elementor-element elementor-element-5d3c907f elementor-widget elementor-widget-heading\" data-id=\"5d3c907f\" data-element_type=\"widget\" data-e-type=\"widget\" data-widget_type=\"heading.default\">\n\t\t\t\t<div class=\"elementor-widget-container\">\n\t\t\t\t\t<h2 class=\"elementor-heading-title elementor-size-default\"><a href=\"https:\/\/addevmaterials.com\/converting\/ro\/ambalare-la-comanda-a-produselor-chimice\/\">Ambalaje personalizate pentru produse chimice<\/a><\/h2>\t\t\t\t<\/div>\n\t\t\t\t<\/div>\n\t\t\t\t\t<\/div>\n\t\t<\/div>\n\t\t\t\t<div class=\"elementor-column elementor-col-33 elementor-inner-column elementor-element elementor-element-69aa6ba\" data-id=\"69aa6ba\" data-element_type=\"column\" data-e-type=\"column\">\n\t\t\t<div class=\"elementor-widget-wrap\">\n\t\t\t\t\t<div class=\"elementor-background-overlay\"><\/div>\n\t\t\t\t\t\t\t<\/div>\n\t\t<\/div>\n\t\t\t\t<div class=\"elementor-column elementor-col-33 elementor-inner-column elementor-element elementor-element-b833118\" data-id=\"b833118\" data-element_type=\"column\" data-e-type=\"column\">\n\t\t\t<div class=\"elementor-widget-wrap\">\n\t\t\t\t\t<div class=\"elementor-background-overlay\"><\/div>\n\t\t\t\t\t\t\t<\/div>\n\t\t<\/div>\n\t\t\t\t\t<\/div>\n\t\t<\/section>\n\t\t\t\t\t<\/div>\n\t\t<\/div>\n\t\t\t\t\t<\/div>\n\t\t<\/section>\n\t\t\t\t<\/div>","protected":false},"excerpt":{"rendered":"<p>Peintures &#038; Rev\u00eatements Peintures &#038; rev\u00eatements Gr\u00e2ce \u00e0 des partenariats de longue date avec des fournisseurs de mat\u00e9riaux haute performance de renomm\u00e9e mondiale et \u00e0 l&rsquo;acquisition de soci\u00e9t\u00e9s sp\u00e9cialis\u00e9es dans la fabrication et le conditionnement \u00e0 fa\u00e7on de produits chimiques, ADDEV Materials offre une large gamme de peintures et de rev\u00eatements pour de nombreuses applications [&hellip;]<\/p>\n","protected":false},"author":2,"featured_media":0,"parent":0,"menu_order":0,"comment_status":"closed","ping_status":"closed","template":"elementor_header_footer","meta":{"footnotes":""},"class_list":["post-141","page","type-page","status-publish","hentry"],"yoast_head":"<!-- This site is optimized with the Yoast SEO plugin v27.4 - https:\/\/yoast.com\/product\/yoast-seo-wordpress\/ -->\n<title>Peintures &amp; Rev\u00eatements - ADDEV Materials Converting<\/title>\n<meta name=\"robots\" content=\"index, follow, max-snippet:-1, max-image-preview:large, max-video-preview:-1\" \/>\n<link rel=\"canonical\" href=\"https:\/\/addevmaterials.com\/converting\/ro\/vopsele-acoperiri\/\" \/>\n<meta property=\"og:locale\" content=\"ro_RO\" \/>\n<meta property=\"og:type\" content=\"article\" \/>\n<meta property=\"og:title\" content=\"Peintures &amp; Rev\u00eatements - ADDEV Materials Converting\" \/>\n<meta property=\"og:description\" content=\"Peintures &#038; Rev\u00eatements Peintures &#038; rev\u00eatements Gr\u00e2ce \u00e0 des partenariats de longue date avec des fournisseurs de mat\u00e9riaux haute performance de renomm\u00e9e mondiale et \u00e0 l&rsquo;acquisition de soci\u00e9t\u00e9s sp\u00e9cialis\u00e9es dans la fabrication et le conditionnement \u00e0 fa\u00e7on de produits chimiques, ADDEV Materials offre une large gamme de peintures et de rev\u00eatements pour de nombreuses applications [&hellip;]\" \/>\n<meta property=\"og:url\" content=\"https:\/\/addevmaterials.com\/converting\/ro\/vopsele-acoperiri\/\" \/>\n<meta property=\"og:site_name\" content=\"ADDEV Materials Converting\" \/>\n<meta property=\"article:modified_time\" content=\"2023-10-05T14:05:33+00:00\" \/>\n<meta property=\"og:image\" content=\"https:\/\/addevmaterials.com\/converting\/wp-content\/uploads\/sites\/2\/2022\/02\/Fotolia_173082656_L-200x300.jpg\" \/>\n<meta name=\"twitter:card\" content=\"summary_large_image\" \/>\n<meta name=\"twitter:label1\" content=\"Timp estimat pentru citire\" \/>\n\t<meta name=\"twitter:data1\" content=\"2 minute\" \/>\n<script type=\"application\/ld+json\" class=\"yoast-schema-graph\">{\"@context\":\"https:\\\/\\\/schema.org\",\"@graph\":[{\"@type\":\"WebPage\",\"@id\":\"https:\\\/\\\/addevmaterials.com\\\/converting\\\/hu\\\/festekek-bevonatok\\\/\",\"url\":\"https:\\\/\\\/addevmaterials.com\\\/converting\\\/hu\\\/festekek-bevonatok\\\/\",\"name\":\"Peintures & Rev\u00eatements - ADDEV Materials Converting\",\"isPartOf\":{\"@id\":\"https:\\\/\\\/addevmaterials.com\\\/converting\\\/ro\\\/#website\"},\"primaryImageOfPage\":{\"@id\":\"https:\\\/\\\/addevmaterials.com\\\/converting\\\/hu\\\/festekek-bevonatok\\\/#primaryimage\"},\"image\":{\"@id\":\"https:\\\/\\\/addevmaterials.com\\\/converting\\\/hu\\\/festekek-bevonatok\\\/#primaryimage\"},\"thumbnailUrl\":\"https:\\\/\\\/addevmaterials.com\\\/converting\\\/wp-content\\\/uploads\\\/sites\\\/2\\\/2022\\\/02\\\/Fotolia_173082656_L-200x300.jpg\",\"datePublished\":\"2022-01-25T18:36:01+00:00\",\"dateModified\":\"2023-10-05T14:05:33+00:00\",\"breadcrumb\":{\"@id\":\"https:\\\/\\\/addevmaterials.com\\\/converting\\\/hu\\\/festekek-bevonatok\\\/#breadcrumb\"},\"inLanguage\":\"ro-RO\",\"potentialAction\":[{\"@type\":\"ReadAction\",\"target\":[\"https:\\\/\\\/addevmaterials.com\\\/converting\\\/hu\\\/festekek-bevonatok\\\/\"]}]},{\"@type\":\"ImageObject\",\"inLanguage\":\"ro-RO\",\"@id\":\"https:\\\/\\\/addevmaterials.com\\\/converting\\\/hu\\\/festekek-bevonatok\\\/#primaryimage\",\"url\":\"https:\\\/\\\/addevmaterials.com\\\/converting\\\/wp-content\\\/uploads\\\/sites\\\/2\\\/2022\\\/02\\\/Fotolia_173082656_L-200x300.jpg\",\"contentUrl\":\"https:\\\/\\\/addevmaterials.com\\\/converting\\\/wp-content\\\/uploads\\\/sites\\\/2\\\/2022\\\/02\\\/Fotolia_173082656_L-200x300.jpg\"},{\"@type\":\"BreadcrumbList\",\"@id\":\"https:\\\/\\\/addevmaterials.com\\\/converting\\\/hu\\\/festekek-bevonatok\\\/#breadcrumb\",\"itemListElement\":[{\"@type\":\"ListItem\",\"position\":1,\"name\":\"Accueil\",\"item\":\"https:\\\/\\\/addevmaterials.com\\\/converting\\\/\"},{\"@type\":\"ListItem\",\"position\":2,\"name\":\"Peintures &#038; Rev\u00eatements\"}]},{\"@type\":\"WebSite\",\"@id\":\"https:\\\/\\\/addevmaterials.com\\\/converting\\\/ro\\\/#website\",\"url\":\"https:\\\/\\\/addevmaterials.com\\\/converting\\\/ro\\\/\",\"name\":\"ADDEV Materials Converting\",\"description\":\"\",\"publisher\":{\"@id\":\"https:\\\/\\\/addevmaterials.com\\\/converting\\\/ro\\\/#organization\"},\"potentialAction\":[{\"@type\":\"SearchAction\",\"target\":{\"@type\":\"EntryPoint\",\"urlTemplate\":\"https:\\\/\\\/addevmaterials.com\\\/converting\\\/ro\\\/?s={search_term_string}\"},\"query-input\":{\"@type\":\"PropertyValueSpecification\",\"valueRequired\":true,\"valueName\":\"search_term_string\"}}],\"inLanguage\":\"ro-RO\"},{\"@type\":\"Organization\",\"@id\":\"https:\\\/\\\/addevmaterials.com\\\/converting\\\/ro\\\/#organization\",\"name\":\"ADDEV Materials Converting\",\"url\":\"https:\\\/\\\/addevmaterials.com\\\/converting\\\/ro\\\/\",\"logo\":{\"@type\":\"ImageObject\",\"inLanguage\":\"ro-RO\",\"@id\":\"https:\\\/\\\/addevmaterials.com\\\/converting\\\/ro\\\/#\\\/schema\\\/logo\\\/image\\\/\",\"url\":\"https:\\\/\\\/addevmaterials.com\\\/converting\\\/wp-content\\\/uploads\\\/sites\\\/2\\\/2023\\\/04\\\/cropped-ADDEV_Materials-LOGO_RGB.png\",\"contentUrl\":\"https:\\\/\\\/addevmaterials.com\\\/converting\\\/wp-content\\\/uploads\\\/sites\\\/2\\\/2023\\\/04\\\/cropped-ADDEV_Materials-LOGO_RGB.png\",\"width\":2948,\"height\":929,\"caption\":\"ADDEV Materials Converting\"},\"image\":{\"@id\":\"https:\\\/\\\/addevmaterials.com\\\/converting\\\/ro\\\/#\\\/schema\\\/logo\\\/image\\\/\"},\"sameAs\":[\"https:\\\/\\\/www.linkedin.com\\\/company\\\/addev-materials\\\/\"]}]}<\/script>\n<!-- \/ Yoast SEO plugin. -->","yoast_head_json":{"title":"Vopsele \u0219i acoperiri - ADDEV Materials Converting","robots":{"index":"index","follow":"follow","max-snippet":"max-snippet:-1","max-image-preview":"max-image-preview:large","max-video-preview":"max-video-preview:-1"},"canonical":"https:\/\/addevmaterials.com\/converting\/ro\/vopsele-acoperiri\/","og_locale":"ro_RO","og_type":"article","og_title":"Peintures & Rev\u00eatements - ADDEV Materials Converting","og_description":"Peintures &#038; Rev\u00eatements Peintures &#038; rev\u00eatements Gr\u00e2ce \u00e0 des partenariats de longue date avec des fournisseurs de mat\u00e9riaux haute performance de renomm\u00e9e mondiale et \u00e0 l&rsquo;acquisition de soci\u00e9t\u00e9s sp\u00e9cialis\u00e9es dans la fabrication et le conditionnement \u00e0 fa\u00e7on de produits chimiques, ADDEV Materials offre une large gamme de peintures et de rev\u00eatements pour de nombreuses applications [&hellip;]","og_url":"https:\/\/addevmaterials.com\/converting\/ro\/vopsele-acoperiri\/","og_site_name":"ADDEV Materials Converting","article_modified_time":"2023-10-05T14:05:33+00:00","og_image":[{"url":"https:\/\/addevmaterials.com\/converting\/wp-content\/uploads\/sites\/2\/2022\/02\/Fotolia_173082656_L-200x300.jpg","type":"","width":"","height":""}],"twitter_card":"summary_large_image","twitter_misc":{"Timp estimat pentru citire":"2 minute"},"schema":{"@context":"https:\/\/schema.org","@graph":[{"@type":"WebPage","@id":"https:\/\/addevmaterials.com\/converting\/hu\/festekek-bevonatok\/","url":"https:\/\/addevmaterials.com\/converting\/hu\/festekek-bevonatok\/","name":"Vopsele \u0219i acoperiri - ADDEV Materials Converting","isPartOf":{"@id":"https:\/\/addevmaterials.com\/converting\/ro\/#website"},"primaryImageOfPage":{"@id":"https:\/\/addevmaterials.com\/converting\/hu\/festekek-bevonatok\/#primaryimage"},"image":{"@id":"https:\/\/addevmaterials.com\/converting\/hu\/festekek-bevonatok\/#primaryimage"},"thumbnailUrl":"https:\/\/addevmaterials.com\/converting\/wp-content\/uploads\/sites\/2\/2022\/02\/Fotolia_173082656_L-200x300.jpg","datePublished":"2022-01-25T18:36:01+00:00","dateModified":"2023-10-05T14:05:33+00:00","breadcrumb":{"@id":"https:\/\/addevmaterials.com\/converting\/hu\/festekek-bevonatok\/#breadcrumb"},"inLanguage":"ro-RO","potentialAction":[{"@type":"ReadAction","target":["https:\/\/addevmaterials.com\/converting\/hu\/festekek-bevonatok\/"]}]},{"@type":"ImageObject","inLanguage":"ro-RO","@id":"https:\/\/addevmaterials.com\/converting\/hu\/festekek-bevonatok\/#primaryimage","url":"https:\/\/addevmaterials.com\/converting\/wp-content\/uploads\/sites\/2\/2022\/02\/Fotolia_173082656_L-200x300.jpg","contentUrl":"https:\/\/addevmaterials.com\/converting\/wp-content\/uploads\/sites\/2\/2022\/02\/Fotolia_173082656_L-200x300.jpg"},{"@type":"BreadcrumbList","@id":"https:\/\/addevmaterials.com\/converting\/hu\/festekek-bevonatok\/#breadcrumb","itemListElement":[{"@type":"ListItem","position":1,"name":"Accueil","item":"https:\/\/addevmaterials.com\/converting\/"},{"@type":"ListItem","position":2,"name":"Peintures &#038; Rev\u00eatements"}]},{"@type":"WebSite","@id":"https:\/\/addevmaterials.com\/converting\/ro\/#website","url":"https:\/\/addevmaterials.com\/converting\/ro\/","name":"ADDEV Materials Converting","description":"","publisher":{"@id":"https:\/\/addevmaterials.com\/converting\/ro\/#organization"},"potentialAction":[{"@type":"SearchAction","target":{"@type":"EntryPoint","urlTemplate":"https:\/\/addevmaterials.com\/converting\/ro\/?s={search_term_string}"},"query-input":{"@type":"PropertyValueSpecification","valueRequired":true,"valueName":"search_term_string"}}],"inLanguage":"ro-RO"},{"@type":"Organization","@id":"https:\/\/addevmaterials.com\/converting\/ro\/#organization","name":"ADDEV Materials Converting","url":"https:\/\/addevmaterials.com\/converting\/ro\/","logo":{"@type":"ImageObject","inLanguage":"ro-RO","@id":"https:\/\/addevmaterials.com\/converting\/ro\/#\/schema\/logo\/image\/","url":"https:\/\/addevmaterials.com\/converting\/wp-content\/uploads\/sites\/2\/2023\/04\/cropped-ADDEV_Materials-LOGO_RGB.png","contentUrl":"https:\/\/addevmaterials.com\/converting\/wp-content\/uploads\/sites\/2\/2023\/04\/cropped-ADDEV_Materials-LOGO_RGB.png","width":2948,"height":929,"caption":"ADDEV Materials Converting"},"image":{"@id":"https:\/\/addevmaterials.com\/converting\/ro\/#\/schema\/logo\/image\/"},"sameAs":["https:\/\/www.linkedin.com\/company\/addev-materials\/"]}]}},"distributor_meta":false,"distributor_terms":false,"distributor_media":false,"distributor_original_site_name":"ADDEV Materials Converting","distributor_original_site_url":"https:\/\/addevmaterials.com\/converting\/ro","push-errors":false,"_links":{"self":[{"href":"https:\/\/addevmaterials.com\/converting\/ro\/wp-json\/wp\/v2\/pages\/141","targetHints":{"allow":["GET"]}}],"collection":[{"href":"https:\/\/addevmaterials.com\/converting\/ro\/wp-json\/wp\/v2\/pages"}],"about":[{"href":"https:\/\/addevmaterials.com\/converting\/ro\/wp-json\/wp\/v2\/types\/page"}],"author":[{"embeddable":true,"href":"https:\/\/addevmaterials.com\/converting\/ro\/wp-json\/wp\/v2\/users\/2"}],"replies":[{"embeddable":true,"href":"https:\/\/addevmaterials.com\/converting\/ro\/wp-json\/wp\/v2\/comments?post=141"}],"version-history":[{"count":35,"href":"https:\/\/addevmaterials.com\/converting\/ro\/wp-json\/wp\/v2\/pages\/141\/revisions"}],"predecessor-version":[{"id":19068,"href":"https:\/\/addevmaterials.com\/converting\/ro\/wp-json\/wp\/v2\/pages\/141\/revisions\/19068"}],"wp:attachment":[{"href":"https:\/\/addevmaterials.com\/converting\/ro\/wp-json\/wp\/v2\/media?parent=141"}],"curies":[{"name":"wp","href":"https:\/\/api.w.org\/{rel}","templated":true}]}}