{"id":16959,"date":"2023-06-09T21:28:39","date_gmt":"2023-06-09T19:28:39","guid":{"rendered":"https:\/\/mi.addevmaterials.com\/?page_id=12541"},"modified":"2025-07-24T12:19:31","modified_gmt":"2025-07-24T12:19:31","slug":"banda-de-poliester-3m-8992","status":"publish","type":"page","link":"https:\/\/addevmaterials.com\/converting\/ro\/ruban-polyester-3m-8992\/","title":{"rendered":"Band\u0103 de poliester 3M 8992"},"content":{"rendered":"<div data-elementor-type=\"wp-page\" data-elementor-id=\"16959\" class=\"elementor elementor-16959\" data-elementor-post-type=\"page\">\n\t\t\t\t\t\t<section class=\"elementor-section elementor-top-section elementor-element elementor-element-16cf55d0 elementor-section-boxed elementor-section-height-default elementor-section-height-default\" data-id=\"16cf55d0\" data-element_type=\"section\" data-e-type=\"section\" data-settings=\"{&quot;background_background&quot;:&quot;classic&quot;}\">\n\t\t\t\t\t\t\t<div class=\"elementor-background-overlay\"><\/div>\n\t\t\t\t\t\t\t<div class=\"elementor-container elementor-column-gap-default\">\n\t\t\t\t\t<div class=\"elementor-column elementor-col-100 elementor-top-column elementor-element elementor-element-408402f\" data-id=\"408402f\" data-element_type=\"column\" data-e-type=\"column\">\n\t\t\t<div class=\"elementor-widget-wrap elementor-element-populated\">\n\t\t\t\t\t\t<div class=\"elementor-element elementor-element-899b830 elementor-widget elementor-widget-heading\" data-id=\"899b830\" data-element_type=\"widget\" data-e-type=\"widget\" data-widget_type=\"heading.default\">\n\t\t\t\t<div class=\"elementor-widget-container\">\n\t\t\t\t\t<p class=\"elementor-heading-title elementor-size-default\">Fi\u0219\u0103 tehnic\u0103<\/p>\t\t\t\t<\/div>\n\t\t\t\t<\/div>\n\t\t\t\t<div class=\"elementor-element elementor-element-23ab1fe7 elementor-widget elementor-widget-heading\" data-id=\"23ab1fe7\" data-element_type=\"widget\" data-e-type=\"widget\" data-widget_type=\"heading.default\">\n\t\t\t\t<div class=\"elementor-widget-container\">\n\t\t\t\t\t<h1 class=\"elementor-heading-title elementor-size-default\">Band\u0103 de poliester 3M\u2122 8992<\/h1>\t\t\t\t<\/div>\n\t\t\t\t<\/div>\n\t\t\t\t\t<\/div>\n\t\t<\/div>\n\t\t\t\t\t<\/div>\n\t\t<\/section>\n\t\t\t\t<section class=\"elementor-section elementor-top-section elementor-element elementor-element-38d60772 elementor-section-boxed elementor-section-height-default elementor-section-height-default\" data-id=\"38d60772\" data-element_type=\"section\" data-e-type=\"section\">\n\t\t\t\t\t\t<div class=\"elementor-container elementor-column-gap-default\">\n\t\t\t\t\t<div class=\"elementor-column elementor-col-50 elementor-top-column elementor-element elementor-element-47d2986b\" data-id=\"47d2986b\" data-element_type=\"column\" data-e-type=\"column\">\n\t\t\t<div class=\"elementor-widget-wrap elementor-element-populated\">\n\t\t\t\t\t\t<div class=\"elementor-element elementor-element-2d420c21 elementor-widget elementor-widget-heading\" data-id=\"2d420c21\" data-element_type=\"widget\" data-e-type=\"widget\" data-widget_type=\"heading.default\">\n\t\t\t\t<div class=\"elementor-widget-container\">\n\t\t\t\t\t<h2 class=\"elementor-heading-title elementor-size-default\">Descrierea produsului<\/h2>\t\t\t\t<\/div>\n\t\t\t\t<\/div>\n\t\t\t\t<div class=\"elementor-element elementor-element-5c4f06cf elementor-widget elementor-widget-text-editor\" data-id=\"5c4f06cf\" data-element_type=\"widget\" data-e-type=\"widget\" data-widget_type=\"text-editor.default\">\n\t\t\t\t<div class=\"elementor-widget-container\">\n\t\t\t\t\t\t\t\t\t<p>3M Polyester Tape 8992 este o band\u0103 de poliester verde \u00eenchis cu adeziv siliconic. Poate fi utilizat\u0103 \u00eentr-o mare varietate de aplica\u021bii la temperaturi ridicate, inclusiv mascarea acoperirilor cu pulbere, a opritorilor de sc\u00e2ntei \u0219i sigilarea pungilor. De asemenea, poate fi utilizat\u0103 pentru a \u00eembina, conecta sau \u00eenchide role de garnituri sau materiale tratate cu silicon.<\/p>\t\t\t\t\t\t\t\t<\/div>\n\t\t\t\t<\/div>\n\t\t\t\t\t<\/div>\n\t\t<\/div>\n\t\t\t\t<div class=\"elementor-column elementor-col-50 elementor-top-column elementor-element elementor-element-4503a52a\" data-id=\"4503a52a\" data-element_type=\"column\" data-e-type=\"column\">\n\t\t\t<div class=\"elementor-widget-wrap elementor-element-populated\">\n\t\t\t\t\t\t<div class=\"elementor-element elementor-element-36ea945c elementor-widget elementor-widget-image\" data-id=\"36ea945c\" data-element_type=\"widget\" data-e-type=\"widget\" data-widget_type=\"image.default\">\n\t\t\t\t<div class=\"elementor-widget-container\">\n\t\t\t\t\t\t\t\t\t\t\t\t\t\t\t<img fetchpriority=\"high\" decoding=\"async\" width=\"300\" height=\"250\" src=\"https:\/\/addevmaterials.com\/converting\/wp-content\/uploads\/sites\/2\/2023\/07\/8992.png\" class=\"attachment-large size-large wp-image-18819\" alt=\"Band\u0103 de poliester 3M 8992\" srcset=\"https:\/\/addevmaterials.com\/converting\/wp-content\/uploads\/sites\/2\/2023\/07\/8992.png 300w, https:\/\/addevmaterials.com\/converting\/wp-content\/uploads\/sites\/2\/2023\/07\/8992-14x12.png 14w\" sizes=\"(max-width: 300px) 100vw, 300px\" \/>\t\t\t\t\t\t\t\t\t\t\t\t\t\t\t<\/div>\n\t\t\t\t<\/div>\n\t\t\t\t\t<\/div>\n\t\t<\/div>\n\t\t\t\t\t<\/div>\n\t\t<\/section>\n\t\t\t\t<section class=\"elementor-section elementor-top-section elementor-element elementor-element-f379eb5 elementor-section-boxed elementor-section-height-default elementor-section-height-default\" data-id=\"f379eb5\" data-element_type=\"section\" data-e-type=\"section\">\n\t\t\t\t\t\t<div class=\"elementor-container elementor-column-gap-default\">\n\t\t\t\t\t<div class=\"elementor-column elementor-col-100 elementor-top-column elementor-element elementor-element-d90c5d1\" data-id=\"d90c5d1\" data-element_type=\"column\" data-e-type=\"column\">\n\t\t\t<div class=\"elementor-widget-wrap elementor-element-populated\">\n\t\t\t\t\t\t<div class=\"elementor-element elementor-element-a27d1c3 elementor-widget elementor-widget-heading\" data-id=\"a27d1c3\" data-element_type=\"widget\" data-e-type=\"widget\" data-widget_type=\"heading.default\">\n\t\t\t\t<div class=\"elementor-widget-container\">\n\t\t\t\t\t<h2 class=\"elementor-heading-title elementor-size-default\">Caracteristicile produsului<\/h2>\t\t\t\t<\/div>\n\t\t\t\t<\/div>\n\t\t\t\t<div class=\"elementor-element elementor-element-570537f elementor-widget elementor-widget-text-editor\" data-id=\"570537f\" data-element_type=\"widget\" data-e-type=\"widget\" data-widget_type=\"text-editor.default\">\n\t\t\t\t<div class=\"elementor-widget-container\">\n\t\t\t\t\t\t\t\t\t<ul><li>Banda de poliester 3M 8992 ofer\u0103 o rezisten\u021b\u0103 excelent\u0103 la c\u0103ldur\u0103, abraziune \u0219i substan\u021be chimice, p\u0103str\u00e2ndu-\u0219i \u00een acela\u0219i timp flexibilitatea.<\/li><li>Culoarea verde face ca banda s\u0103 fie u\u0219or de observat, at\u00e2t la aplicare, c\u00e2t \u0219i la \u00eendep\u0103rtare.<\/li><li>Suportul las\u0103 o linie clar\u0103 de vopsea.<\/li><li>Adezivii pe baz\u0103 de silicon ofer\u0103 o rezisten\u021b\u0103 ridicat\u0103 la c\u0103ldur\u0103 \u00een compara\u021bie cu mul\u021bi adezivi pe baz\u0103 de cauciuc \u0219i acril, reduc\u00e2nd e\u0219ecurile cauzate de \u00eenmuiere, s\u00e2ngerare \u0219i transfer de adeziv.<\/li><li>Adezivii siliconici se lipesc bine de suprafe\u021bele greu de lipit, cum ar fi straturile de silicon \u0219i fix\u0103rile acoperite cu agen\u021bi de dezlipire.<\/li><li>Adezivul siliconic se \u00eendep\u0103rteaz\u0103 curat de pe multe suprafe\u021be.<\/li><li>Versiune acoperit\u0103 disponibil\u0103 pentru decupaje.<\/li><\/ul>\t\t\t\t\t\t\t\t<\/div>\n\t\t\t\t<\/div>\n\t\t\t\t\t<\/div>\n\t\t<\/div>\n\t\t\t\t\t<\/div>\n\t\t<\/section>\n\t\t\t\t<section class=\"elementor-section elementor-top-section elementor-element elementor-element-6b635787 elementor-section-boxed elementor-section-height-default elementor-section-height-default\" data-id=\"6b635787\" data-element_type=\"section\" data-e-type=\"section\">\n\t\t\t\t\t\t<div class=\"elementor-container elementor-column-gap-default\">\n\t\t\t\t\t<div class=\"elementor-column elementor-col-100 elementor-top-column elementor-element elementor-element-3bf0a8fd\" data-id=\"3bf0a8fd\" data-element_type=\"column\" data-e-type=\"column\">\n\t\t\t<div class=\"elementor-widget-wrap elementor-element-populated\">\n\t\t\t\t\t\t<div class=\"elementor-element elementor-element-f9c9e8a elementor-widget elementor-widget-heading\" data-id=\"f9c9e8a\" data-element_type=\"widget\" data-e-type=\"widget\" data-widget_type=\"heading.default\">\n\t\t\t\t<div class=\"elementor-widget-container\">\n\t\t\t\t\t<h2 class=\"elementor-heading-title elementor-size-default\"> Propriet\u0103\u021bi fizice<\/h2>\t\t\t\t<\/div>\n\t\t\t\t<\/div>\n\t\t\t\t<div class=\"elementor-element elementor-element-3ee273b elementor-widget elementor-widget-image\" data-id=\"3ee273b\" data-element_type=\"widget\" data-e-type=\"widget\" data-widget_type=\"image.default\">\n\t\t\t\t<div class=\"elementor-widget-container\">\n\t\t\t\t\t\t\t\t\t\t\t\t\t\t\t<img decoding=\"async\" width=\"776\" height=\"353\" src=\"https:\/\/addevmaterials.com\/converting\/wp-content\/uploads\/sites\/2\/2023\/07\/8992-Typical-Physical-Properties.png\" class=\"attachment-large size-large wp-image-18644\" alt=\"\" srcset=\"https:\/\/addevmaterials.com\/converting\/wp-content\/uploads\/sites\/2\/2023\/07\/8992-Typical-Physical-Properties.png 776w, https:\/\/addevmaterials.com\/converting\/wp-content\/uploads\/sites\/2\/2023\/07\/8992-Typical-Physical-Properties-300x136.png 300w, https:\/\/addevmaterials.com\/converting\/wp-content\/uploads\/sites\/2\/2023\/07\/8992-Typical-Physical-Properties-768x349.png 768w, https:\/\/addevmaterials.com\/converting\/wp-content\/uploads\/sites\/2\/2023\/07\/8992-Typical-Physical-Properties-18x8.png 18w\" sizes=\"(max-width: 776px) 100vw, 776px\" \/>\t\t\t\t\t\t\t\t\t\t\t\t\t\t\t<\/div>\n\t\t\t\t<\/div>\n\t\t\t\t\t<\/div>\n\t\t<\/div>\n\t\t\t\t\t<\/div>\n\t\t<\/section>\n\t\t\t\t<section class=\"elementor-section elementor-top-section elementor-element elementor-element-528ba9f elementor-section-boxed elementor-section-height-default elementor-section-height-default\" data-id=\"528ba9f\" data-element_type=\"section\" data-e-type=\"section\">\n\t\t\t\t\t\t<div class=\"elementor-container elementor-column-gap-default\">\n\t\t\t\t\t<div class=\"elementor-column elementor-col-100 elementor-top-column elementor-element elementor-element-2fb94e8\" data-id=\"2fb94e8\" data-element_type=\"column\" data-e-type=\"column\">\n\t\t\t<div class=\"elementor-widget-wrap elementor-element-populated\">\n\t\t\t\t\t\t<div class=\"elementor-element elementor-element-43c82e7 elementor-widget elementor-widget-heading\" data-id=\"43c82e7\" data-element_type=\"widget\" data-e-type=\"widget\" data-widget_type=\"heading.default\">\n\t\t\t\t<div class=\"elementor-widget-container\">\n\t\t\t\t\t<h2 class=\"elementor-heading-title elementor-size-default\">Caracteristici de performan\u021b\u0103<\/h2>\t\t\t\t<\/div>\n\t\t\t\t<\/div>\n\t\t\t\t<div class=\"elementor-element elementor-element-faa5e7a elementor-widget elementor-widget-image\" data-id=\"faa5e7a\" data-element_type=\"widget\" data-e-type=\"widget\" data-widget_type=\"image.default\">\n\t\t\t\t<div class=\"elementor-widget-container\">\n\t\t\t\t\t\t\t\t\t\t\t\t\t\t\t<img decoding=\"async\" width=\"776\" height=\"258\" src=\"https:\/\/addevmaterials.com\/converting\/wp-content\/uploads\/sites\/2\/2023\/07\/8992-Typical-Performance-Characteristics.png\" class=\"attachment-large size-large wp-image-18643\" alt=\"\" srcset=\"https:\/\/addevmaterials.com\/converting\/wp-content\/uploads\/sites\/2\/2023\/07\/8992-Typical-Performance-Characteristics.png 776w, https:\/\/addevmaterials.com\/converting\/wp-content\/uploads\/sites\/2\/2023\/07\/8992-Typical-Performance-Characteristics-300x100.png 300w, https:\/\/addevmaterials.com\/converting\/wp-content\/uploads\/sites\/2\/2023\/07\/8992-Typical-Performance-Characteristics-768x255.png 768w, https:\/\/addevmaterials.com\/converting\/wp-content\/uploads\/sites\/2\/2023\/07\/8992-Typical-Performance-Characteristics-18x6.png 18w\" sizes=\"(max-width: 776px) 100vw, 776px\" \/>\t\t\t\t\t\t\t\t\t\t\t\t\t\t\t<\/div>\n\t\t\t\t<\/div>\n\t\t\t\t\t<\/div>\n\t\t<\/div>\n\t\t\t\t\t<\/div>\n\t\t<\/section>\n\t\t\t\t<section class=\"elementor-section elementor-top-section elementor-element elementor-element-d29f7b5 elementor-section-boxed elementor-section-height-default elementor-section-height-default\" data-id=\"d29f7b5\" data-element_type=\"section\" data-e-type=\"section\">\n\t\t\t\t\t\t<div class=\"elementor-container elementor-column-gap-default\">\n\t\t\t\t\t<div class=\"elementor-column elementor-col-100 elementor-top-column elementor-element elementor-element-1e54dc4\" data-id=\"1e54dc4\" data-element_type=\"column\" data-e-type=\"column\">\n\t\t\t<div class=\"elementor-widget-wrap elementor-element-populated\">\n\t\t\t\t\t\t<div class=\"elementor-element elementor-element-2c96d9a elementor-widget elementor-widget-heading\" data-id=\"2c96d9a\" data-element_type=\"widget\" data-e-type=\"widget\" data-widget_type=\"heading.default\">\n\t\t\t\t<div class=\"elementor-widget-container\">\n\t\t\t\t\t<h2 class=\"elementor-heading-title elementor-size-default\">Depozitare \u0219i termen de valabilitate<\/h2>\t\t\t\t<\/div>\n\t\t\t\t<\/div>\n\t\t\t\t<div class=\"elementor-element elementor-element-5c8fc15 elementor-widget elementor-widget-text-editor\" data-id=\"5c8fc15\" data-element_type=\"widget\" data-e-type=\"widget\" data-widget_type=\"text-editor.default\">\n\t\t\t\t<div class=\"elementor-widget-container\">\n\t\t\t\t\t\t\t\t\t<p>A se p\u0103stra \u00een condi\u021bii normale, \u00eentre 16\u00b0C \u0219i 27\u00b0C (60\u00b0F \u0219i 80\u00b0F) \u0219i cu o umiditate relativ\u0103 \u00eentre 40 % \u0219i 60 %, \u00een ambalajul original.<br \/>Pentru o performan\u021b\u0103 optim\u0103, utiliza\u021bi acest produs \u00een termen de 24 de luni de la data fabrica\u021biei.<\/p>\t\t\t\t\t\t\t\t<\/div>\n\t\t\t\t<\/div>\n\t\t\t\t\t<\/div>\n\t\t<\/div>\n\t\t\t\t\t<\/div>\n\t\t<\/section>\n\t\t\t\t<\/div>","protected":false},"excerpt":{"rendered":"<p>Technical Data Sheet Ruban polyester 3M\u2122 8992 D\u00e9scription produit Le ruban polyester 3M 8992 est un ruban polyester vert fonc\u00e9 avec un adh\u00e9sif silicone. Il peut \u00eatre utilis\u00e9 dans une grande vari\u00e9t\u00e9 d&rsquo;applications \u00e0 haute temp\u00e9rature, notamment le masquage de rev\u00eatements en poudre, les pare-\u00e9tincelles et le scellage de sacs. Il peut \u00e9galement \u00eatre utilis\u00e9 [&hellip;]<\/p>\n","protected":false},"author":3,"featured_media":18819,"parent":0,"menu_order":0,"comment_status":"closed","ping_status":"closed","template":"elementor_header_footer","meta":{"footnotes":""},"class_list":["post-16959","page","type-page","status-publish","has-post-thumbnail","hentry"],"yoast_head":"<!-- This site is optimized with the Yoast SEO plugin v27.3 - https:\/\/yoast.com\/product\/yoast-seo-wordpress\/ -->\n<title>Ruban polyester 3M 8992 : usages et performances<\/title>\n<meta name=\"description\" content=\"D\u00e9couvrez les caract\u00e9ristiques du ruban polyester 3M 8992 et ses applications techniques. Contactez ADDEV pour plus d\u2019informations.\" \/>\n<meta name=\"robots\" content=\"index, follow, max-snippet:-1, max-image-preview:large, max-video-preview:-1\" \/>\n<link rel=\"canonical\" href=\"https:\/\/addevmaterials.com\/converting\/ro\/banda-de-poliester-3m-8992\/\" \/>\n<meta property=\"og:locale\" content=\"ro_RO\" \/>\n<meta property=\"og:type\" content=\"article\" \/>\n<meta property=\"og:title\" content=\"Ruban polyester 3M 8992 : usages et performances\" \/>\n<meta property=\"og:description\" content=\"D\u00e9couvrez les caract\u00e9ristiques du ruban polyester 3M 8992 et ses applications techniques. Contactez ADDEV pour plus d\u2019informations.\" \/>\n<meta property=\"og:url\" content=\"https:\/\/addevmaterials.com\/converting\/ro\/banda-de-poliester-3m-8992\/\" \/>\n<meta property=\"og:site_name\" content=\"ADDEV Materials Converting\" \/>\n<meta property=\"article:modified_time\" content=\"2025-07-24T12:19:31+00:00\" \/>\n<meta property=\"og:image\" content=\"https:\/\/addevmaterials.com\/converting\/wp-content\/uploads\/sites\/2\/2023\/07\/8992.png\" \/>\n\t<meta property=\"og:image:width\" content=\"300\" \/>\n\t<meta property=\"og:image:height\" content=\"250\" \/>\n\t<meta property=\"og:image:type\" content=\"image\/png\" \/>\n<meta name=\"twitter:card\" content=\"summary_large_image\" \/>\n<meta name=\"twitter:label1\" content=\"Timp estimat pentru citire\" \/>\n\t<meta name=\"twitter:data1\" content=\"2 minute\" \/>\n<script type=\"application\/ld+json\" class=\"yoast-schema-graph\">{\"@context\":\"https:\\\/\\\/schema.org\",\"@graph\":[{\"@type\":\"WebPage\",\"@id\":\"https:\\\/\\\/addevmaterials.com\\\/converting\\\/ruban-polyester-3m-8992\\\/\",\"url\":\"https:\\\/\\\/addevmaterials.com\\\/converting\\\/ruban-polyester-3m-8992\\\/\",\"name\":\"Ruban polyester 3M 8992 : usages et performances\",\"isPartOf\":{\"@id\":\"https:\\\/\\\/addevmaterials.com\\\/converting\\\/ro\\\/#website\"},\"primaryImageOfPage\":{\"@id\":\"https:\\\/\\\/addevmaterials.com\\\/converting\\\/ruban-polyester-3m-8992\\\/#primaryimage\"},\"image\":{\"@id\":\"https:\\\/\\\/addevmaterials.com\\\/converting\\\/ruban-polyester-3m-8992\\\/#primaryimage\"},\"thumbnailUrl\":\"https:\\\/\\\/addevmaterials.com\\\/converting\\\/wp-content\\\/uploads\\\/sites\\\/2\\\/2023\\\/07\\\/8992.png\",\"datePublished\":\"2023-06-09T19:28:39+00:00\",\"dateModified\":\"2025-07-24T12:19:31+00:00\",\"description\":\"D\u00e9couvrez les caract\u00e9ristiques du ruban polyester 3M 8992 et ses applications techniques. Contactez ADDEV pour plus d\u2019informations.\",\"breadcrumb\":{\"@id\":\"https:\\\/\\\/addevmaterials.com\\\/converting\\\/ruban-polyester-3m-8992\\\/#breadcrumb\"},\"inLanguage\":\"ro-RO\",\"potentialAction\":[{\"@type\":\"ReadAction\",\"target\":[\"https:\\\/\\\/addevmaterials.com\\\/converting\\\/ruban-polyester-3m-8992\\\/\"]}]},{\"@type\":\"ImageObject\",\"inLanguage\":\"ro-RO\",\"@id\":\"https:\\\/\\\/addevmaterials.com\\\/converting\\\/ruban-polyester-3m-8992\\\/#primaryimage\",\"url\":\"https:\\\/\\\/addevmaterials.com\\\/converting\\\/wp-content\\\/uploads\\\/sites\\\/2\\\/2023\\\/07\\\/8992.png\",\"contentUrl\":\"https:\\\/\\\/addevmaterials.com\\\/converting\\\/wp-content\\\/uploads\\\/sites\\\/2\\\/2023\\\/07\\\/8992.png\",\"width\":300,\"height\":250,\"caption\":\"Ruban polyester 3M 8992\"},{\"@type\":\"BreadcrumbList\",\"@id\":\"https:\\\/\\\/addevmaterials.com\\\/converting\\\/ruban-polyester-3m-8992\\\/#breadcrumb\",\"itemListElement\":[{\"@type\":\"ListItem\",\"position\":1,\"name\":\"Accueil\",\"item\":\"https:\\\/\\\/addevmaterials.com\\\/converting\\\/\"},{\"@type\":\"ListItem\",\"position\":2,\"name\":\"Ruban polyester 3M 8992\"}]},{\"@type\":\"WebSite\",\"@id\":\"https:\\\/\\\/addevmaterials.com\\\/converting\\\/ro\\\/#website\",\"url\":\"https:\\\/\\\/addevmaterials.com\\\/converting\\\/ro\\\/\",\"name\":\"ADDEV Materials Converting\",\"description\":\"\",\"publisher\":{\"@id\":\"https:\\\/\\\/addevmaterials.com\\\/converting\\\/ro\\\/#organization\"},\"potentialAction\":[{\"@type\":\"SearchAction\",\"target\":{\"@type\":\"EntryPoint\",\"urlTemplate\":\"https:\\\/\\\/addevmaterials.com\\\/converting\\\/ro\\\/?s={search_term_string}\"},\"query-input\":{\"@type\":\"PropertyValueSpecification\",\"valueRequired\":true,\"valueName\":\"search_term_string\"}}],\"inLanguage\":\"ro-RO\"},{\"@type\":\"Organization\",\"@id\":\"https:\\\/\\\/addevmaterials.com\\\/converting\\\/ro\\\/#organization\",\"name\":\"ADDEV Materials Converting\",\"url\":\"https:\\\/\\\/addevmaterials.com\\\/converting\\\/ro\\\/\",\"logo\":{\"@type\":\"ImageObject\",\"inLanguage\":\"ro-RO\",\"@id\":\"https:\\\/\\\/addevmaterials.com\\\/converting\\\/ro\\\/#\\\/schema\\\/logo\\\/image\\\/\",\"url\":\"https:\\\/\\\/addevmaterials.com\\\/converting\\\/wp-content\\\/uploads\\\/sites\\\/2\\\/2023\\\/04\\\/cropped-ADDEV_Materials-LOGO_RGB.png\",\"contentUrl\":\"https:\\\/\\\/addevmaterials.com\\\/converting\\\/wp-content\\\/uploads\\\/sites\\\/2\\\/2023\\\/04\\\/cropped-ADDEV_Materials-LOGO_RGB.png\",\"width\":2948,\"height\":929,\"caption\":\"ADDEV Materials Converting\"},\"image\":{\"@id\":\"https:\\\/\\\/addevmaterials.com\\\/converting\\\/ro\\\/#\\\/schema\\\/logo\\\/image\\\/\"},\"sameAs\":[\"https:\\\/\\\/www.linkedin.com\\\/company\\\/addev-materials\\\/\"]}]}<\/script>\n<!-- \/ Yoast SEO plugin. -->","yoast_head_json":{"title":"Banda de poliester 3M 8992: utiliz\u0103ri \u0219i performan\u021be","description":"Afla\u021bi mai multe despre caracteristicile benzii de poliester 3M 8992 \u0219i aplica\u021biile sale tehnice. Contacta\u021bi ADDEV pentru mai multe informa\u021bii.","robots":{"index":"index","follow":"follow","max-snippet":"max-snippet:-1","max-image-preview":"max-image-preview:large","max-video-preview":"max-video-preview:-1"},"canonical":"https:\/\/addevmaterials.com\/converting\/ro\/banda-de-poliester-3m-8992\/","og_locale":"ro_RO","og_type":"article","og_title":"Ruban polyester 3M 8992 : usages et performances","og_description":"D\u00e9couvrez les caract\u00e9ristiques du ruban polyester 3M 8992 et ses applications techniques. Contactez ADDEV pour plus d\u2019informations.","og_url":"https:\/\/addevmaterials.com\/converting\/ro\/banda-de-poliester-3m-8992\/","og_site_name":"ADDEV Materials Converting","article_modified_time":"2025-07-24T12:19:31+00:00","og_image":[{"width":300,"height":250,"url":"https:\/\/addevmaterials.com\/converting\/wp-content\/uploads\/sites\/2\/2023\/07\/8992.png","type":"image\/png"}],"twitter_card":"summary_large_image","twitter_misc":{"Timp estimat pentru citire":"2 minute"},"schema":{"@context":"https:\/\/schema.org","@graph":[{"@type":"WebPage","@id":"https:\/\/addevmaterials.com\/converting\/ruban-polyester-3m-8992\/","url":"https:\/\/addevmaterials.com\/converting\/ruban-polyester-3m-8992\/","name":"Banda de poliester 3M 8992: utiliz\u0103ri \u0219i performan\u021be","isPartOf":{"@id":"https:\/\/addevmaterials.com\/converting\/ro\/#website"},"primaryImageOfPage":{"@id":"https:\/\/addevmaterials.com\/converting\/ruban-polyester-3m-8992\/#primaryimage"},"image":{"@id":"https:\/\/addevmaterials.com\/converting\/ruban-polyester-3m-8992\/#primaryimage"},"thumbnailUrl":"https:\/\/addevmaterials.com\/converting\/wp-content\/uploads\/sites\/2\/2023\/07\/8992.png","datePublished":"2023-06-09T19:28:39+00:00","dateModified":"2025-07-24T12:19:31+00:00","description":"Afla\u021bi mai multe despre caracteristicile benzii de poliester 3M 8992 \u0219i aplica\u021biile sale tehnice. Contacta\u021bi ADDEV pentru mai multe informa\u021bii.","breadcrumb":{"@id":"https:\/\/addevmaterials.com\/converting\/ruban-polyester-3m-8992\/#breadcrumb"},"inLanguage":"ro-RO","potentialAction":[{"@type":"ReadAction","target":["https:\/\/addevmaterials.com\/converting\/ruban-polyester-3m-8992\/"]}]},{"@type":"ImageObject","inLanguage":"ro-RO","@id":"https:\/\/addevmaterials.com\/converting\/ruban-polyester-3m-8992\/#primaryimage","url":"https:\/\/addevmaterials.com\/converting\/wp-content\/uploads\/sites\/2\/2023\/07\/8992.png","contentUrl":"https:\/\/addevmaterials.com\/converting\/wp-content\/uploads\/sites\/2\/2023\/07\/8992.png","width":300,"height":250,"caption":"Ruban polyester 3M 8992"},{"@type":"BreadcrumbList","@id":"https:\/\/addevmaterials.com\/converting\/ruban-polyester-3m-8992\/#breadcrumb","itemListElement":[{"@type":"ListItem","position":1,"name":"Accueil","item":"https:\/\/addevmaterials.com\/converting\/"},{"@type":"ListItem","position":2,"name":"Ruban polyester 3M 8992"}]},{"@type":"WebSite","@id":"https:\/\/addevmaterials.com\/converting\/ro\/#website","url":"https:\/\/addevmaterials.com\/converting\/ro\/","name":"ADDEV Materials Converting","description":"","publisher":{"@id":"https:\/\/addevmaterials.com\/converting\/ro\/#organization"},"potentialAction":[{"@type":"SearchAction","target":{"@type":"EntryPoint","urlTemplate":"https:\/\/addevmaterials.com\/converting\/ro\/?s={search_term_string}"},"query-input":{"@type":"PropertyValueSpecification","valueRequired":true,"valueName":"search_term_string"}}],"inLanguage":"ro-RO"},{"@type":"Organization","@id":"https:\/\/addevmaterials.com\/converting\/ro\/#organization","name":"ADDEV Materials Converting","url":"https:\/\/addevmaterials.com\/converting\/ro\/","logo":{"@type":"ImageObject","inLanguage":"ro-RO","@id":"https:\/\/addevmaterials.com\/converting\/ro\/#\/schema\/logo\/image\/","url":"https:\/\/addevmaterials.com\/converting\/wp-content\/uploads\/sites\/2\/2023\/04\/cropped-ADDEV_Materials-LOGO_RGB.png","contentUrl":"https:\/\/addevmaterials.com\/converting\/wp-content\/uploads\/sites\/2\/2023\/04\/cropped-ADDEV_Materials-LOGO_RGB.png","width":2948,"height":929,"caption":"ADDEV Materials Converting"},"image":{"@id":"https:\/\/addevmaterials.com\/converting\/ro\/#\/schema\/logo\/image\/"},"sameAs":["https:\/\/www.linkedin.com\/company\/addev-materials\/"]}]}},"distributor_meta":false,"distributor_terms":false,"distributor_media":false,"distributor_original_site_name":"ADDEV Materials Converting","distributor_original_site_url":"https:\/\/addevmaterials.com\/converting\/ro","push-errors":false,"_links":{"self":[{"href":"https:\/\/addevmaterials.com\/converting\/ro\/wp-json\/wp\/v2\/pages\/16959","targetHints":{"allow":["GET"]}}],"collection":[{"href":"https:\/\/addevmaterials.com\/converting\/ro\/wp-json\/wp\/v2\/pages"}],"about":[{"href":"https:\/\/addevmaterials.com\/converting\/ro\/wp-json\/wp\/v2\/types\/page"}],"author":[{"embeddable":true,"href":"https:\/\/addevmaterials.com\/converting\/ro\/wp-json\/wp\/v2\/users\/3"}],"replies":[{"embeddable":true,"href":"https:\/\/addevmaterials.com\/converting\/ro\/wp-json\/wp\/v2\/comments?post=16959"}],"version-history":[{"count":13,"href":"https:\/\/addevmaterials.com\/converting\/ro\/wp-json\/wp\/v2\/pages\/16959\/revisions"}],"predecessor-version":[{"id":23999,"href":"https:\/\/addevmaterials.com\/converting\/ro\/wp-json\/wp\/v2\/pages\/16959\/revisions\/23999"}],"wp:featuredmedia":[{"embeddable":true,"href":"https:\/\/addevmaterials.com\/converting\/ro\/wp-json\/wp\/v2\/media\/18819"}],"wp:attachment":[{"href":"https:\/\/addevmaterials.com\/converting\/ro\/wp-json\/wp\/v2\/media?parent=16959"}],"curies":[{"name":"wp","href":"https:\/\/api.w.org\/{rel}","templated":true}]}}