{"id":143,"date":"2022-01-25T18:36:24","date_gmt":"2022-01-25T18:36:24","guid":{"rendered":"https:\/\/mi.addevmaterials.com\/?page_id=143"},"modified":"2026-02-23T17:17:08","modified_gmt":"2026-02-23T17:17:08","slug":"composites-thermoplastiques","status":"publish","type":"page","link":"https:\/\/addevmaterials.com\/converting\/composites-thermoplastiques\/","title":{"rendered":"Composites &amp; Thermoplastiques"},"content":{"rendered":"\t\t<div data-elementor-type=\"wp-page\" data-elementor-id=\"143\" class=\"elementor elementor-143\" data-elementor-post-type=\"page\">\n\t\t\t\t\t\t<section class=\"elementor-section elementor-top-section elementor-element elementor-element-18ddbad6 elementor-section-boxed elementor-section-height-default elementor-section-height-default\" data-id=\"18ddbad6\" data-element_type=\"section\" data-e-type=\"section\" data-settings=\"{&quot;background_background&quot;:&quot;classic&quot;}\">\n\t\t\t\t\t\t\t<div class=\"elementor-background-overlay\"><\/div>\n\t\t\t\t\t\t\t<div class=\"elementor-container elementor-column-gap-default\">\n\t\t\t\t\t<div class=\"elementor-column elementor-col-100 elementor-top-column elementor-element elementor-element-55099dfc\" data-id=\"55099dfc\" data-element_type=\"column\" data-e-type=\"column\">\n\t\t\t<div class=\"elementor-widget-wrap elementor-element-populated\">\n\t\t\t\t\t\t<div class=\"elementor-element elementor-element-10498e52 elementor-widget elementor-widget-heading\" data-id=\"10498e52\" data-element_type=\"widget\" data-e-type=\"widget\" data-widget_type=\"heading.default\">\n\t\t\t\t<div class=\"elementor-widget-container\">\n\t\t\t\t\t<h1 class=\"elementor-heading-title elementor-size-default\"><span style=\"font-weight: var( --e-global-typography-primary-font-weight )\">Composites &amp; Thermoplastiques<\/span><\/h1>\t\t\t\t<\/div>\n\t\t\t\t<\/div>\n\t\t\t\t\t<\/div>\n\t\t<\/div>\n\t\t\t\t\t<\/div>\n\t\t<\/section>\n\t\t\t\t<section class=\"elementor-section elementor-top-section elementor-element elementor-element-1f1f07be elementor-section-boxed elementor-section-height-default elementor-section-height-default\" data-id=\"1f1f07be\" data-element_type=\"section\" data-e-type=\"section\">\n\t\t\t\t\t\t<div class=\"elementor-container elementor-column-gap-default\">\n\t\t\t\t\t<div class=\"elementor-column elementor-col-50 elementor-top-column elementor-element elementor-element-7695b105\" data-id=\"7695b105\" data-element_type=\"column\" data-e-type=\"column\">\n\t\t\t<div class=\"elementor-widget-wrap elementor-element-populated\">\n\t\t\t\t\t\t<div class=\"elementor-element elementor-element-1aac14b9 elementor-widget elementor-widget-heading\" data-id=\"1aac14b9\" data-element_type=\"widget\" data-e-type=\"widget\" data-widget_type=\"heading.default\">\n\t\t\t\t<div class=\"elementor-widget-container\">\n\t\t\t\t\t<h2 class=\"elementor-heading-title elementor-size-default\">Composites &amp; Thermoplastiques<\/h2>\t\t\t\t<\/div>\n\t\t\t\t<\/div>\n\t\t\t\t<div class=\"elementor-element elementor-element-5b23e965 elementor-widget elementor-widget-text-editor\" data-id=\"5b23e965\" data-element_type=\"widget\" data-e-type=\"widget\" data-widget_type=\"text-editor.default\">\n\t\t\t\t<div class=\"elementor-widget-container\">\n\t\t\t\t\t\t\t\t\t<p><b style=\"color: var( --e-global-color-text ); font-family: var( --e-global-typography-text-font-family ), Sans-serif;\">ICTDP<\/b><span style=\"color: var( --e-global-color-text ); font-family: var( --e-global-typography-text-font-family ), Sans-serif;\">, filiale d\u2019ADDEV Materials,\u00a0 est sp\u00e9cialis\u00e9e dans l\u2019usinage d\u2019une large gamme de mat\u00e9riaux composites thermiques et \u00e9lectriques. Nos solutions peuvent \u00eatre utilis\u00e9es dans les moteurs, les transformateurs, les busbars et autres \u00e9quipements \u00e9lectriques.<\/span><\/p><p><span style=\"color: var( --e-global-color-text ); font-family: var( --e-global-typography-text-font-family ), Sans-serif;\">Vous avez besoin de conseils de nos experts en composites ? Alors n\u2019h\u00e9sitez pas \u00e0 contacter nos professionnels. Nous vous assisterons dans le choix des mat\u00e9riaux, mais aussi dans la conception de vos pi\u00e8ces, leur qualification et leur fabrication<\/span><\/p>\t\t\t\t\t\t\t\t<\/div>\n\t\t\t\t<\/div>\n\t\t\t\t\t<\/div>\n\t\t<\/div>\n\t\t\t\t<div class=\"elementor-column elementor-col-50 elementor-top-column elementor-element elementor-element-4f93ce68\" data-id=\"4f93ce68\" data-element_type=\"column\" data-e-type=\"column\">\n\t\t\t<div class=\"elementor-widget-wrap elementor-element-populated\">\n\t\t\t\t\t\t<div class=\"elementor-element elementor-element-36ce063a elementor-widget elementor-widget-image\" data-id=\"36ce063a\" data-element_type=\"widget\" data-e-type=\"widget\" data-widget_type=\"image.default\">\n\t\t\t\t<div class=\"elementor-widget-container\">\n\t\t\t\t\t\t\t\t\t\t\t\t\t\t\t<img decoding=\"async\" src=\"https:\/\/addevmaterials.com\/converting\/wp-content\/uploads\/sites\/2\/elementor\/thumbs\/Montage-Usinage-rfukadt7h55a6oz1px1ofope0datjaqx9scmjzgou0.jpg\" title=\"Montage-Usinage\" alt=\"Montage-Usinage\" loading=\"lazy\" \/>\t\t\t\t\t\t\t\t\t\t\t\t\t\t\t<\/div>\n\t\t\t\t<\/div>\n\t\t\t\t\t<\/div>\n\t\t<\/div>\n\t\t\t\t\t<\/div>\n\t\t<\/section>\n\t\t\t\t<section class=\"elementor-section elementor-top-section elementor-element elementor-element-2a997b64 elementor-section-boxed elementor-section-height-default elementor-section-height-default\" data-id=\"2a997b64\" data-element_type=\"section\" data-e-type=\"section\">\n\t\t\t\t\t\t<div class=\"elementor-container elementor-column-gap-default\">\n\t\t\t\t\t<div class=\"elementor-column elementor-col-100 elementor-top-column elementor-element elementor-element-3c30b55b\" data-id=\"3c30b55b\" data-element_type=\"column\" data-e-type=\"column\">\n\t\t\t<div class=\"elementor-widget-wrap elementor-element-populated\">\n\t\t\t\t\t\t<section class=\"elementor-section elementor-inner-section elementor-element elementor-element-155e1e7c elementor-section-boxed elementor-section-height-default elementor-section-height-default\" data-id=\"155e1e7c\" data-element_type=\"section\" data-e-type=\"section\">\n\t\t\t\t\t\t<div class=\"elementor-container elementor-column-gap-default\">\n\t\t\t\t\t<div class=\"elementor-column elementor-col-50 elementor-inner-column elementor-element elementor-element-23e968d8\" data-id=\"23e968d8\" data-element_type=\"column\" data-e-type=\"column\" data-settings=\"{&quot;background_background&quot;:&quot;classic&quot;}\">\n\t\t\t<div class=\"elementor-widget-wrap elementor-element-populated\">\n\t\t\t\t\t<div class=\"elementor-background-overlay\"><\/div>\n\t\t\t\t\t\t<div class=\"elementor-element elementor-element-499830da elementor-widget elementor-widget-heading\" data-id=\"499830da\" data-element_type=\"widget\" data-e-type=\"widget\" data-widget_type=\"heading.default\">\n\t\t\t\t<div class=\"elementor-widget-container\">\n\t\t\t\t\t<h2 class=\"elementor-heading-title elementor-size-default\"><a href=\"https:\/\/addevmaterials.com\/converting\/composites\/\">Composites<\/a><\/h2>\t\t\t\t<\/div>\n\t\t\t\t<\/div>\n\t\t\t\t\t<\/div>\n\t\t<\/div>\n\t\t\t\t<div class=\"elementor-column elementor-col-50 elementor-inner-column elementor-element elementor-element-43ce4c9\" data-id=\"43ce4c9\" data-element_type=\"column\" data-e-type=\"column\" data-settings=\"{&quot;background_background&quot;:&quot;classic&quot;}\">\n\t\t\t<div class=\"elementor-widget-wrap elementor-element-populated\">\n\t\t\t\t\t<div class=\"elementor-background-overlay\"><\/div>\n\t\t\t\t\t\t<div class=\"elementor-element elementor-element-f2fd53b elementor-widget elementor-widget-heading\" data-id=\"f2fd53b\" data-element_type=\"widget\" data-e-type=\"widget\" data-widget_type=\"heading.default\">\n\t\t\t\t<div class=\"elementor-widget-container\">\n\t\t\t\t\t<h2 class=\"elementor-heading-title elementor-size-default\"><a href=\"https:\/\/addevmaterials.com\/converting\/thermoplastiques\/\">Thermoplastiques<\/a><\/h2>\t\t\t\t<\/div>\n\t\t\t\t<\/div>\n\t\t\t\t\t<\/div>\n\t\t<\/div>\n\t\t\t\t\t<\/div>\n\t\t<\/section>\n\t\t\t\t<section class=\"elementor-section elementor-inner-section elementor-element elementor-element-05fee9f elementor-section-boxed elementor-section-height-default elementor-section-height-default\" data-id=\"05fee9f\" data-element_type=\"section\" data-e-type=\"section\">\n\t\t\t\t\t\t<div class=\"elementor-container elementor-column-gap-default\">\n\t\t\t\t\t<div class=\"elementor-column elementor-col-50 elementor-inner-column elementor-element elementor-element-37bd58e\" data-id=\"37bd58e\" data-element_type=\"column\" data-e-type=\"column\" data-settings=\"{&quot;background_background&quot;:&quot;classic&quot;}\">\n\t\t\t<div class=\"elementor-widget-wrap elementor-element-populated\">\n\t\t\t\t\t<div class=\"elementor-background-overlay\"><\/div>\n\t\t\t\t\t\t<div class=\"elementor-element elementor-element-33ec340 elementor-widget elementor-widget-heading\" data-id=\"33ec340\" data-element_type=\"widget\" data-e-type=\"widget\" data-widget_type=\"heading.default\">\n\t\t\t\t<div class=\"elementor-widget-container\">\n\t\t\t\t\t<h2 class=\"elementor-heading-title elementor-size-default\"><a href=\"https:\/\/addevmaterials.com\/converting\/pultrudes\/\">Pultrud\u00e9s<\/a><\/h2>\t\t\t\t<\/div>\n\t\t\t\t<\/div>\n\t\t\t\t\t<\/div>\n\t\t<\/div>\n\t\t\t\t<div class=\"elementor-column elementor-col-50 elementor-inner-column elementor-element elementor-element-5c0c00b\" data-id=\"5c0c00b\" data-element_type=\"column\" data-e-type=\"column\" data-settings=\"{&quot;background_background&quot;:&quot;classic&quot;}\">\n\t\t\t<div class=\"elementor-widget-wrap elementor-element-populated\">\n\t\t\t\t\t<div class=\"elementor-background-overlay\"><\/div>\n\t\t\t\t\t\t<div class=\"elementor-element elementor-element-7103e43 elementor-widget elementor-widget-heading\" data-id=\"7103e43\" data-element_type=\"widget\" data-e-type=\"widget\" data-widget_type=\"heading.default\">\n\t\t\t\t<div class=\"elementor-widget-container\">\n\t\t\t\t\t<h2 class=\"elementor-heading-title elementor-size-default\"><a href=\"https:\/\/addevmaterials.com\/converting\/elements-dassemblage\/\">\u00c9l\u00e9ments d'assemblage<\/a><\/h2>\t\t\t\t<\/div>\n\t\t\t\t<\/div>\n\t\t\t\t\t<\/div>\n\t\t<\/div>\n\t\t\t\t\t<\/div>\n\t\t<\/section>\n\t\t\t\t\t<\/div>\n\t\t<\/div>\n\t\t\t\t\t<\/div>\n\t\t<\/section>\n\t\t\t\t<\/div>\n\t\t","protected":false},"excerpt":{"rendered":"<p>Composites &amp; Thermoplastiques Composites &amp; Thermoplastiques ICTDP, filiale d\u2019ADDEV Materials,\u00a0 est sp\u00e9cialis\u00e9e dans l\u2019usinage d\u2019une large gamme de mat\u00e9riaux composites thermiques et \u00e9lectriques. Nos solutions peuvent \u00eatre utilis\u00e9es dans les moteurs, les transformateurs, les busbars et autres \u00e9quipements \u00e9lectriques. Vous avez besoin de conseils de nos experts en composites ? Alors n\u2019h\u00e9sitez pas \u00e0 contacter [&hellip;]<\/p>\n","protected":false},"author":2,"featured_media":0,"parent":0,"menu_order":0,"comment_status":"closed","ping_status":"closed","template":"elementor_header_footer","meta":{"footnotes":""},"class_list":["post-143","page","type-page","status-publish","hentry"],"yoast_head":"<!-- This site is optimized with the Yoast SEO plugin v27.3 - https:\/\/yoast.com\/product\/yoast-seo-wordpress\/ -->\n<title>Composites &amp; Thermoplastiques - ADDEV Materials Converting<\/title>\n<meta name=\"robots\" content=\"index, follow, max-snippet:-1, max-image-preview:large, max-video-preview:-1\" \/>\n<link rel=\"canonical\" href=\"https:\/\/addevmaterials.com\/converting\/composites-thermoplastiques\/\" \/>\n<meta property=\"og:locale\" content=\"fr_FR\" \/>\n<meta property=\"og:type\" content=\"article\" \/>\n<meta property=\"og:title\" content=\"Composites &amp; Thermoplastiques - ADDEV Materials Converting\" \/>\n<meta property=\"og:description\" content=\"Composites &amp; Thermoplastiques Composites &amp; Thermoplastiques ICTDP, filiale d\u2019ADDEV Materials,\u00a0 est sp\u00e9cialis\u00e9e dans l\u2019usinage d\u2019une large gamme de mat\u00e9riaux composites thermiques et \u00e9lectriques. Nos solutions peuvent \u00eatre utilis\u00e9es dans les moteurs, les transformateurs, les busbars et autres \u00e9quipements \u00e9lectriques. Vous avez besoin de conseils de nos experts en composites ? Alors n\u2019h\u00e9sitez pas \u00e0 contacter [&hellip;]\" \/>\n<meta property=\"og:url\" content=\"https:\/\/addevmaterials.com\/converting\/composites-thermoplastiques\/\" \/>\n<meta property=\"og:site_name\" content=\"ADDEV Materials Converting\" \/>\n<meta property=\"article:modified_time\" content=\"2026-02-23T17:17:08+00:00\" \/>\n<meta property=\"og:image\" content=\"https:\/\/addevmaterials.com\/converting\/wp-content\/uploads\/sites\/2\/elementor\/thumbs\/Montage-Usinage-rfukadt7h55a6oz1px1ofope0datjaqx9scmjzgou0.jpg\" \/>\n<meta name=\"twitter:card\" content=\"summary_large_image\" \/>\n<meta name=\"twitter:label1\" content=\"Dur\u00e9e de lecture estim\u00e9e\" \/>\n\t<meta name=\"twitter:data1\" content=\"1 minute\" \/>\n<script type=\"application\/ld+json\" class=\"yoast-schema-graph\">{\"@context\":\"https:\\\/\\\/schema.org\",\"@graph\":[{\"@type\":\"WebPage\",\"@id\":\"https:\\\/\\\/addevmaterials.com\\\/converting\\\/composites-thermoplastiques\\\/\",\"url\":\"https:\\\/\\\/addevmaterials.com\\\/converting\\\/composites-thermoplastiques\\\/\",\"name\":\"Composites &amp; Thermoplastiques - ADDEV Materials Converting\",\"isPartOf\":{\"@id\":\"https:\\\/\\\/addevmaterials.com\\\/converting\\\/ro\\\/#website\"},\"primaryImageOfPage\":{\"@id\":\"https:\\\/\\\/addevmaterials.com\\\/converting\\\/composites-thermoplastiques\\\/#primaryimage\"},\"image\":{\"@id\":\"https:\\\/\\\/addevmaterials.com\\\/converting\\\/composites-thermoplastiques\\\/#primaryimage\"},\"thumbnailUrl\":\"https:\\\/\\\/addevmaterials.com\\\/converting\\\/wp-content\\\/uploads\\\/sites\\\/2\\\/elementor\\\/thumbs\\\/Montage-Usinage-rfukadt7h55a6oz1px1ofope0datjaqx9scmjzgou0.jpg\",\"datePublished\":\"2022-01-25T18:36:24+00:00\",\"dateModified\":\"2026-02-23T17:17:08+00:00\",\"breadcrumb\":{\"@id\":\"https:\\\/\\\/addevmaterials.com\\\/converting\\\/composites-thermoplastiques\\\/#breadcrumb\"},\"inLanguage\":\"fr-FR\",\"potentialAction\":[{\"@type\":\"ReadAction\",\"target\":[\"https:\\\/\\\/addevmaterials.com\\\/converting\\\/composites-thermoplastiques\\\/\"]}]},{\"@type\":\"ImageObject\",\"inLanguage\":\"fr-FR\",\"@id\":\"https:\\\/\\\/addevmaterials.com\\\/converting\\\/composites-thermoplastiques\\\/#primaryimage\",\"url\":\"https:\\\/\\\/addevmaterials.com\\\/converting\\\/wp-content\\\/uploads\\\/sites\\\/2\\\/elementor\\\/thumbs\\\/Montage-Usinage-rfukadt7h55a6oz1px1ofope0datjaqx9scmjzgou0.jpg\",\"contentUrl\":\"https:\\\/\\\/addevmaterials.com\\\/converting\\\/wp-content\\\/uploads\\\/sites\\\/2\\\/elementor\\\/thumbs\\\/Montage-Usinage-rfukadt7h55a6oz1px1ofope0datjaqx9scmjzgou0.jpg\"},{\"@type\":\"BreadcrumbList\",\"@id\":\"https:\\\/\\\/addevmaterials.com\\\/converting\\\/composites-thermoplastiques\\\/#breadcrumb\",\"itemListElement\":[{\"@type\":\"ListItem\",\"position\":1,\"name\":\"Accueil\",\"item\":\"https:\\\/\\\/addevmaterials.com\\\/converting\\\/\"},{\"@type\":\"ListItem\",\"position\":2,\"name\":\"Composites &amp; Thermoplastiques\"}]},{\"@type\":\"WebSite\",\"@id\":\"https:\\\/\\\/addevmaterials.com\\\/converting\\\/ro\\\/#website\",\"url\":\"https:\\\/\\\/addevmaterials.com\\\/converting\\\/ro\\\/\",\"name\":\"ADDEV Materials Converting\",\"description\":\"\",\"publisher\":{\"@id\":\"https:\\\/\\\/addevmaterials.com\\\/converting\\\/ro\\\/#organization\"},\"potentialAction\":[{\"@type\":\"SearchAction\",\"target\":{\"@type\":\"EntryPoint\",\"urlTemplate\":\"https:\\\/\\\/addevmaterials.com\\\/converting\\\/ro\\\/?s={search_term_string}\"},\"query-input\":{\"@type\":\"PropertyValueSpecification\",\"valueRequired\":true,\"valueName\":\"search_term_string\"}}],\"inLanguage\":\"fr-FR\"},{\"@type\":\"Organization\",\"@id\":\"https:\\\/\\\/addevmaterials.com\\\/converting\\\/ro\\\/#organization\",\"name\":\"ADDEV Materials Converting\",\"url\":\"https:\\\/\\\/addevmaterials.com\\\/converting\\\/ro\\\/\",\"logo\":{\"@type\":\"ImageObject\",\"inLanguage\":\"fr-FR\",\"@id\":\"https:\\\/\\\/addevmaterials.com\\\/converting\\\/ro\\\/#\\\/schema\\\/logo\\\/image\\\/\",\"url\":\"https:\\\/\\\/addevmaterials.com\\\/converting\\\/wp-content\\\/uploads\\\/sites\\\/2\\\/2023\\\/04\\\/cropped-ADDEV_Materials-LOGO_RGB.png\",\"contentUrl\":\"https:\\\/\\\/addevmaterials.com\\\/converting\\\/wp-content\\\/uploads\\\/sites\\\/2\\\/2023\\\/04\\\/cropped-ADDEV_Materials-LOGO_RGB.png\",\"width\":2948,\"height\":929,\"caption\":\"ADDEV Materials Converting\"},\"image\":{\"@id\":\"https:\\\/\\\/addevmaterials.com\\\/converting\\\/ro\\\/#\\\/schema\\\/logo\\\/image\\\/\"},\"sameAs\":[\"https:\\\/\\\/www.linkedin.com\\\/company\\\/addev-materials\\\/\"]}]}<\/script>\n<!-- \/ Yoast SEO plugin. -->","yoast_head_json":{"title":"Composites &amp; Thermoplastiques - ADDEV Materials Converting","robots":{"index":"index","follow":"follow","max-snippet":"max-snippet:-1","max-image-preview":"max-image-preview:large","max-video-preview":"max-video-preview:-1"},"canonical":"https:\/\/addevmaterials.com\/converting\/composites-thermoplastiques\/","og_locale":"fr_FR","og_type":"article","og_title":"Composites &amp; Thermoplastiques - ADDEV Materials Converting","og_description":"Composites &amp; Thermoplastiques Composites &amp; Thermoplastiques ICTDP, filiale d\u2019ADDEV Materials,\u00a0 est sp\u00e9cialis\u00e9e dans l\u2019usinage d\u2019une large gamme de mat\u00e9riaux composites thermiques et \u00e9lectriques. Nos solutions peuvent \u00eatre utilis\u00e9es dans les moteurs, les transformateurs, les busbars et autres \u00e9quipements \u00e9lectriques. Vous avez besoin de conseils de nos experts en composites ? Alors n\u2019h\u00e9sitez pas \u00e0 contacter [&hellip;]","og_url":"https:\/\/addevmaterials.com\/converting\/composites-thermoplastiques\/","og_site_name":"ADDEV Materials Converting","article_modified_time":"2026-02-23T17:17:08+00:00","og_image":[{"url":"https:\/\/addevmaterials.com\/converting\/wp-content\/uploads\/sites\/2\/elementor\/thumbs\/Montage-Usinage-rfukadt7h55a6oz1px1ofope0datjaqx9scmjzgou0.jpg","type":"","width":"","height":""}],"twitter_card":"summary_large_image","twitter_misc":{"Dur\u00e9e de lecture estim\u00e9e":"1 minute"},"schema":{"@context":"https:\/\/schema.org","@graph":[{"@type":"WebPage","@id":"https:\/\/addevmaterials.com\/converting\/composites-thermoplastiques\/","url":"https:\/\/addevmaterials.com\/converting\/composites-thermoplastiques\/","name":"Composites &amp; Thermoplastiques - ADDEV Materials Converting","isPartOf":{"@id":"https:\/\/addevmaterials.com\/converting\/ro\/#website"},"primaryImageOfPage":{"@id":"https:\/\/addevmaterials.com\/converting\/composites-thermoplastiques\/#primaryimage"},"image":{"@id":"https:\/\/addevmaterials.com\/converting\/composites-thermoplastiques\/#primaryimage"},"thumbnailUrl":"https:\/\/addevmaterials.com\/converting\/wp-content\/uploads\/sites\/2\/elementor\/thumbs\/Montage-Usinage-rfukadt7h55a6oz1px1ofope0datjaqx9scmjzgou0.jpg","datePublished":"2022-01-25T18:36:24+00:00","dateModified":"2026-02-23T17:17:08+00:00","breadcrumb":{"@id":"https:\/\/addevmaterials.com\/converting\/composites-thermoplastiques\/#breadcrumb"},"inLanguage":"fr-FR","potentialAction":[{"@type":"ReadAction","target":["https:\/\/addevmaterials.com\/converting\/composites-thermoplastiques\/"]}]},{"@type":"ImageObject","inLanguage":"fr-FR","@id":"https:\/\/addevmaterials.com\/converting\/composites-thermoplastiques\/#primaryimage","url":"https:\/\/addevmaterials.com\/converting\/wp-content\/uploads\/sites\/2\/elementor\/thumbs\/Montage-Usinage-rfukadt7h55a6oz1px1ofope0datjaqx9scmjzgou0.jpg","contentUrl":"https:\/\/addevmaterials.com\/converting\/wp-content\/uploads\/sites\/2\/elementor\/thumbs\/Montage-Usinage-rfukadt7h55a6oz1px1ofope0datjaqx9scmjzgou0.jpg"},{"@type":"BreadcrumbList","@id":"https:\/\/addevmaterials.com\/converting\/composites-thermoplastiques\/#breadcrumb","itemListElement":[{"@type":"ListItem","position":1,"name":"Accueil","item":"https:\/\/addevmaterials.com\/converting\/"},{"@type":"ListItem","position":2,"name":"Composites &amp; Thermoplastiques"}]},{"@type":"WebSite","@id":"https:\/\/addevmaterials.com\/converting\/ro\/#website","url":"https:\/\/addevmaterials.com\/converting\/ro\/","name":"ADDEV Materials Converting","description":"","publisher":{"@id":"https:\/\/addevmaterials.com\/converting\/ro\/#organization"},"potentialAction":[{"@type":"SearchAction","target":{"@type":"EntryPoint","urlTemplate":"https:\/\/addevmaterials.com\/converting\/ro\/?s={search_term_string}"},"query-input":{"@type":"PropertyValueSpecification","valueRequired":true,"valueName":"search_term_string"}}],"inLanguage":"fr-FR"},{"@type":"Organization","@id":"https:\/\/addevmaterials.com\/converting\/ro\/#organization","name":"ADDEV Materials Converting","url":"https:\/\/addevmaterials.com\/converting\/ro\/","logo":{"@type":"ImageObject","inLanguage":"fr-FR","@id":"https:\/\/addevmaterials.com\/converting\/ro\/#\/schema\/logo\/image\/","url":"https:\/\/addevmaterials.com\/converting\/wp-content\/uploads\/sites\/2\/2023\/04\/cropped-ADDEV_Materials-LOGO_RGB.png","contentUrl":"https:\/\/addevmaterials.com\/converting\/wp-content\/uploads\/sites\/2\/2023\/04\/cropped-ADDEV_Materials-LOGO_RGB.png","width":2948,"height":929,"caption":"ADDEV Materials Converting"},"image":{"@id":"https:\/\/addevmaterials.com\/converting\/ro\/#\/schema\/logo\/image\/"},"sameAs":["https:\/\/www.linkedin.com\/company\/addev-materials\/"]}]}},"distributor_meta":false,"distributor_terms":false,"distributor_media":false,"distributor_original_site_name":"ADDEV Materials Converting","distributor_original_site_url":"https:\/\/addevmaterials.com\/converting","push-errors":false,"_links":{"self":[{"href":"https:\/\/addevmaterials.com\/converting\/wp-json\/wp\/v2\/pages\/143","targetHints":{"allow":["GET"]}}],"collection":[{"href":"https:\/\/addevmaterials.com\/converting\/wp-json\/wp\/v2\/pages"}],"about":[{"href":"https:\/\/addevmaterials.com\/converting\/wp-json\/wp\/v2\/types\/page"}],"author":[{"embeddable":true,"href":"https:\/\/addevmaterials.com\/converting\/wp-json\/wp\/v2\/users\/2"}],"replies":[{"embeddable":true,"href":"https:\/\/addevmaterials.com\/converting\/wp-json\/wp\/v2\/comments?post=143"}],"version-history":[{"count":30,"href":"https:\/\/addevmaterials.com\/converting\/wp-json\/wp\/v2\/pages\/143\/revisions"}],"predecessor-version":[{"id":27581,"href":"https:\/\/addevmaterials.com\/converting\/wp-json\/wp\/v2\/pages\/143\/revisions\/27581"}],"wp:attachment":[{"href":"https:\/\/addevmaterials.com\/converting\/wp-json\/wp\/v2\/media?parent=143"}],"curies":[{"name":"wp","href":"https:\/\/api.w.org\/{rel}","templated":true}]}}