{"id":5886,"date":"2025-03-12T13:45:13","date_gmt":"2025-03-12T13:45:13","guid":{"rendered":"https:\/\/addevmaterials.com\/?page_id=5886"},"modified":"2025-12-03T20:33:06","modified_gmt":"2025-12-03T20:33:06","slug":"datenschutzrichtlinie","status":"publish","type":"page","link":"https:\/\/addevmaterials.com\/de\/politique-de-confidentialite\/","title":{"rendered":"Datenschutzrichtlinie"},"content":{"rendered":"<div data-elementor-type=\"wp-page\" data-elementor-id=\"5886\" class=\"elementor elementor-5886\" data-elementor-post-type=\"page\">\n\t\t\t\t<div class=\"elementor-element elementor-element-ba604a1 e-flex e-con-boxed e-con e-parent\" data-id=\"ba604a1\" data-element_type=\"container\" data-e-type=\"container\">\n\t\t\t\t\t<div class=\"e-con-inner\">\n\t\t\t\t<div class=\"elementor-element elementor-element-8337dad elementor-widget-divider--view-line elementor-widget elementor-widget-divider\" data-id=\"8337dad\" data-element_type=\"widget\" data-e-type=\"widget\" data-widget_type=\"divider.default\">\n\t\t\t\t<div class=\"elementor-widget-container\">\n\t\t\t\t\t\t\t<div class=\"elementor-divider\">\n\t\t\t<span class=\"elementor-divider-separator\">\n\t\t\t\t\t\t<\/span>\n\t\t<\/div>\n\t\t\t\t\t\t<\/div>\n\t\t\t\t<\/div>\n\t\t\t\t<div class=\"elementor-element elementor-element-08ec148 elementor-widget elementor-widget-heading\" data-id=\"08ec148\" data-element_type=\"widget\" data-e-type=\"widget\" data-widget_type=\"heading.default\">\n\t\t\t\t<div class=\"elementor-widget-container\">\n\t\t\t\t\t<h1 class=\"elementor-heading-title elementor-size-default\">Datenschutzrichtlinie<\/h1>\t\t\t\t<\/div>\n\t\t\t\t<\/div>\n\t\t\t\t\t<\/div>\n\t\t\t\t<\/div>\n\t\t<div class=\"elementor-element elementor-element-5867d04 e-flex e-con-boxed e-con e-parent\" data-id=\"5867d04\" data-element_type=\"container\" data-e-type=\"container\">\n\t\t\t\t\t<div class=\"e-con-inner\">\n\t\t\t\t<div class=\"elementor-element elementor-element-ef4257f elementor-widget elementor-widget-text-editor\" data-id=\"ef4257f\" data-element_type=\"widget\" data-e-type=\"widget\" data-widget_type=\"text-editor.default\">\n\t\t\t\t<div class=\"elementor-widget-container\">\n\t\t\t\t\t\t\t\t\t<p data-start=\"195\" data-end=\"225\"><strong data-start=\"195\" data-end=\"223\">G\u00fcltig am 12\/03\/2025<\/strong><\/p><p data-start=\"227\" data-end=\"614\">Die Gegenwart <strong data-start=\"239\" data-end=\"271\">Datenschutzrichtlinie<\/strong> hat zum Ziel, die Nutzer der Seite zu informieren <strong data-start=\"324\" data-end=\"355\"><a href=\"https:\/\/addevmaterials.com\/\" target=\"_new\" rel=\"noopener\" data-start=\"326\" data-end=\"353\">https:\/\/addevmaterials.com\/<\/a><\/strong> (im Folgenden \"die Seite\") \u00fcber die Erhebung, Nutzung und den Schutz ihrer personenbezogenen Daten gem\u00e4\u00df dem <strong data-start=\"474\" data-end=\"543\">Allgemeine Datenschutzverordnung (DSGVO) Nr. 2016\/679<\/strong> und an die <strong data-start=\"552\" data-end=\"611\">Ge\u00e4ndertes Gesetz \u00fcber Informatik und Freiheiten vom 6. Januar 1978<\/strong>.<\/p><p data-start=\"616\" data-end=\"703\">Durch die Nutzung der Website stimmt der Nutzer dieser Datenschutzrichtlinie zu.<\/p><hr data-start=\"705\" data-end=\"708\" \/><h2 data-start=\"710\" data-end=\"747\"><strong data-start=\"713\" data-end=\"745\">1. VERANTWORTLICHER F\u00dcR DIE VERARBEITUNG<\/strong><\/h2><p data-start=\"748\" data-end=\"832\">Der Verantwortliche f\u00fcr die Verarbeitung der auf der Website erhobenen personenbezogenen Daten ist :<\/p><p data-start=\"834\" data-end=\"1006\"><strong data-start=\"834\" data-end=\"857\">ADDEV Materials SAS<\/strong><br data-start=\"857\" data-end=\"860\" \/>\ud83d\udccd <strong data-start=\"863\" data-end=\"879\">Hauptsitz<\/strong> 30 Quai Perrache, 69002 Lyon, Frankreich<br data-start=\"918\" data-end=\"921\" \/>\ud83d\udcde <strong data-start=\"924\" data-end=\"937\">Telefon<\/strong> : +33 (0)4 72 11 35 00<br data-start=\"960\" data-end=\"963\" \/>\u2709\ufe0f <strong data-start=\"966\" data-end=\"975\">E-Mail<\/strong> : <a rel=\"noopener\" data-start=\"978\" data-end=\"1004\">contact@addevmaterials.com<\/a><\/p><p data-start=\"1008\" data-end=\"1117\">Wenn Sie Fragen zum Datenschutz haben, k\u00f6nnen Sie uns unter der oben genannten Adresse kontaktieren.<\/p><hr data-start=\"1119\" data-end=\"1122\" \/><h2 data-start=\"1124\" data-end=\"1167\"><strong data-start=\"1127\" data-end=\"1165\">2. GESAMMELTE DATEN UND ZWECK<\/strong><\/h2><p data-start=\"1169\" data-end=\"1295\">Wir erheben und verarbeiten personenbezogene Daten nur, wenn es notwendig ist, f\u00fcr die folgenden Zwecke:<\/p><table data-start=\"1297\" data-end=\"1999\"><thead data-start=\"1297\" data-end=\"1352\"><tr data-start=\"1297\" data-end=\"1352\"><th data-start=\"1297\" data-end=\"1326\">Art der gesammelten Daten<\/th><th data-start=\"1326\" data-end=\"1337\">Zweck<\/th><th data-start=\"1337\" data-end=\"1352\">Gesetzliche Grundlage<\/th><\/tr><\/thead><tbody data-start=\"1407\" data-end=\"1999\"><tr data-start=\"1407\" data-end=\"1515\"><td>Name, Vorname, E-Mail-Adresse, Telefon<\/td><td>Verwaltung von Anfragen \u00fcber das Kontaktformular<\/td><td>Zustimmung<\/td><\/tr><tr data-start=\"1516\" data-end=\"1641\"><td>IP-Adresse, Browserdaten (Google Analytics)<\/td><td>Analyse der Besucherzahlen und Verbesserung der Website<\/td><td>Zustimmung<\/td><\/tr><tr data-start=\"1642\" data-end=\"1777\"><td>Name, Vorname, E-Mail, Interaktionen mit unserem Unternehmen (CRM)<\/td><td>Verwaltung der Kundenbeziehungen und kommerzielle Betreuung<\/td><td>Rechtm\u00e4\u00dfiges Interesse<\/td><\/tr><tr data-start=\"1778\" data-end=\"1895\"><td>Technische und funktionale Cookies<\/td><td>Den reibungslosen Betrieb der Website sicherstellen<\/td><td>F\u00fcr den Betrieb der Website erforderlich<\/td><\/tr><tr data-start=\"1896\" data-end=\"1999\"><td>Werbe- und analytische Cookies<\/td><td>Zielgruppenwerbung, Publikumsstatistiken<\/td><td>Zustimmung<\/td><\/tr><\/tbody><\/table><p data-start=\"2001\" data-end=\"2169\">\ud83d\udccc <strong data-start=\"2004\" data-end=\"2018\">Bemerkung :<\/strong> Daten, die gesammelt werden \u00fcber <strong data-start=\"2046\" data-end=\"2066\">Google Analytics<\/strong> werden so weit wie m\u00f6glich anonymisiert und lassen keine R\u00fcckschl\u00fcsse auf Ihre pers\u00f6nliche Identit\u00e4t zu.<\/p><hr data-start=\"2171\" data-end=\"2174\" \/><h2 data-start=\"2176\" data-end=\"2225\"><strong data-start=\"2179\" data-end=\"2223\">3. NUTZUNG VON GOOGLE ANALYTICS &amp; CRM<\/strong><\/h2><h3 data-start=\"2227\" data-end=\"2257\"><strong data-start=\"2231\" data-end=\"2255\">3.1 Google Analytics<\/strong><\/h3><p data-start=\"2258\" data-end=\"2402\">Wir verwenden <strong data-start=\"2273\" data-end=\"2293\">Google Analytics<\/strong>eine Dienstleistung von Google LLC, um die Nutzung der Website zu analysieren und die Nutzererfahrung zu verbessern.<\/p><ul data-start=\"2404\" data-end=\"2736\"><li data-start=\"2404\" data-end=\"2532\">Google Analytics sammelt Informationen wie Ihre IP-Adresse, Ihren Ger\u00e4tetyp, die Zeit, die Sie auf den Seiten verbringen, etc.<\/li><li data-start=\"2533\" data-end=\"2622\">Diese Daten sind <strong data-start=\"2552\" data-end=\"2567\">anonymisiert<\/strong> und erlauben keine direkte Identifizierung Ihrer Person.<\/li><li data-start=\"2623\" data-end=\"2736\">Sie k\u00f6nnen Google Analytics deaktivieren, indem Sie die Annahme von Cookies \u00fcber unser <strong data-start=\"2699\" data-end=\"2733\">Banner zur Verwaltung von Cookies<\/strong>.<\/li><\/ul><p data-start=\"2738\" data-end=\"2873\">\ud83d\udccc <strong data-start=\"2741\" data-end=\"2809\">Weitere Informationen zur Datenverwaltung durch Google :<\/strong> <a target=\"_new\" rel=\"noopener\" data-start=\"2810\" data-end=\"2871\">Google Privacy &amp; Terms<\/a><\/p><h3 data-start=\"2875\" data-end=\"2915\"><strong data-start=\"2879\" data-end=\"2913\">3.2 Verwendung eines CRM-Tools<\/strong><\/h3><p data-start=\"2916\" data-end=\"3052\">Wir verwenden einen <strong data-start=\"2934\" data-end=\"2976\">CRM (Customer Relationship Management)<\/strong> um unsere Kundenbeziehungen zu verwalten und gesch\u00e4ftliche Interaktionen zu verfolgen.<\/p><ul data-start=\"3053\" data-end=\"3263\"><li data-start=\"3053\" data-end=\"3182\">Die gesammelten Daten (Name, E-Mail, Verlauf des Austauschs) werden verwendet <strong data-start=\"3131\" data-end=\"3179\">nur zu Zwecken der kommerziellen Verwaltung<\/strong>.<\/li><li data-start=\"3183\" data-end=\"3263\">Wir verkaufen Ihre Daten nicht weiter und teilen sie auch nicht mit unbefugten Dritten.<\/li><\/ul><p data-start=\"3265\" data-end=\"3384\">Wenn Sie <strong data-start=\"3283\" data-end=\"3332\">sich der Verarbeitung Ihrer CRM-Daten widersetzen<\/strong>Kontaktieren Sie uns unter <strong data-start=\"3351\" data-end=\"3381\"><a rel=\"noopener\" data-start=\"3353\" data-end=\"3379\">contact@addevmaterials.com<\/a><\/strong>.<\/p><hr data-start=\"3386\" data-end=\"3389\" \/><h2 data-start=\"3391\" data-end=\"3436\"><strong data-start=\"3394\" data-end=\"3434\">4. AUFBEWAHRUNGSDAUER DER DATEN<\/strong><\/h2><p data-start=\"3437\" data-end=\"3576\">Ihre pers\u00f6nlichen Daten werden nur gespeichert <strong data-start=\"3489\" data-end=\"3517\">f\u00fcr die erforderliche Dauer<\/strong> den Zwecken, f\u00fcr die sie gesammelt wurden :<\/p><ul data-start=\"3578\" data-end=\"3884\"><li data-start=\"3578\" data-end=\"3638\"><strong data-start=\"3580\" data-end=\"3602\">Kontaktdaten<\/strong> : 3 Jahre nach dem letzten Austausch<\/li><li data-start=\"3639\" data-end=\"3709\"><strong data-start=\"3641\" data-end=\"3656\">CRM-Daten<\/strong> : 3 Jahre nach der letzten kommerziellen Interaktion<\/li><li data-start=\"3710\" data-end=\"3798\"><strong data-start=\"3712\" data-end=\"3777\">Navigationsdaten (Google Analytics, analytische Cookies)<\/strong> : maximal 13 Monate.<\/li><li data-start=\"3799\" data-end=\"3884\"><strong data-start=\"3801\" data-end=\"3823\">Technische Cookies<\/strong> : Sitzungsdauer (wird beim Schlie\u00dfen des Browsers gel\u00f6scht).<\/li><\/ul><p data-start=\"3886\" data-end=\"3986\">Nach Ablauf dieser Fristen werden Ihre Daten entweder gel\u00f6scht oder zu statistischen Zwecken anonymisiert.<\/p><hr data-start=\"3988\" data-end=\"3991\" \/><h2 data-start=\"3993\" data-end=\"4039\"><strong data-start=\"3996\" data-end=\"4037\">5. GEMEINSAME NUTZUNG UND UNTERBRINGUNG VON DATEN<\/strong><\/h2><p data-start=\"4041\" data-end=\"4135\">Wir geben Ihre pers\u00f6nlichen Daten nicht an Dritte weiter, au\u00dfer in den folgenden F\u00e4llen:<\/p><p data-start=\"4137\" data-end=\"4325\">\u2714\ufe0f <strong data-start=\"4140\" data-end=\"4169\">Hosting &amp; Wartung<\/strong> der Website (Infomaniak Network SA, Schweiz).<br data-start=\"4210\" data-end=\"4213\" \/>\u2714\ufe0f <strong data-start=\"4216\" data-end=\"4236\">Google Analytics<\/strong> f\u00fcr die Verfolgung der Zuh\u00f6rerschaft.<br data-start=\"4265\" data-end=\"4268\" \/>\u2714\ufe0f <strong data-start=\"4271\" data-end=\"4284\">CRM-Tool<\/strong> f\u00fcr das Management von Kundenbeziehungen.<\/p><p data-start=\"4327\" data-end=\"4399\">Alle Daten werden in der Europ\u00e4ischen Union oder der Schweiz gespeichert.<\/p><hr data-start=\"4401\" data-end=\"4404\" \/><h2 data-start=\"4406\" data-end=\"4441\"><strong data-start=\"4409\" data-end=\"4439\">6. NUTZERRECHTE<\/strong><\/h2><p data-start=\"4443\" data-end=\"4535\">Gem\u00e4\u00df dem <strong data-start=\"4459\" data-end=\"4467\">DSGVO<\/strong>Sie haben die folgenden Rechte \u00fcber Ihre pers\u00f6nlichen Daten:<\/p><p data-start=\"4537\" data-end=\"5036\">\u2705 <strong data-start=\"4539\" data-end=\"4556\">Recht auf Zugang<\/strong> : Erhalten Sie eine Kopie der Daten, die wir \u00fcber Sie gespeichert haben.<br data-start=\"4616\" data-end=\"4619\" \/>\u2705 <strong data-start=\"4621\" data-end=\"4647\">Recht auf Berichtigung<\/strong> : Ihre Daten \u00e4ndern oder korrigieren.<br data-start=\"4683\" data-end=\"4686\" \/>\u2705 <strong data-start=\"4688\" data-end=\"4712\">Recht auf L\u00f6schung<\/strong> : Beantragen Sie die L\u00f6schung Ihrer Daten.<br data-start=\"4754\" data-end=\"4757\" \/>\u2705 <strong data-start=\"4759\" data-end=\"4781\">Recht auf Widerspruch<\/strong> : Die Verarbeitung Ihrer Daten aus legitimen Gr\u00fcnden verweigern.<br data-start=\"4848\" data-end=\"4851\" \/>\u2705 <strong data-start=\"4853\" data-end=\"4879\">Recht auf \u00dcbertragbarkeit<\/strong> : Ihre Daten in einem verwertbaren Format abrufen.<br data-start=\"4931\" data-end=\"4934\" \/>\u2705 <strong data-start=\"4936\" data-end=\"4975\">Recht auf Einschr\u00e4nkung der Verarbeitung<\/strong> : Beantragen Sie ein vor\u00fcbergehendes Einfrieren der Verarbeitung Ihrer Daten.<\/p><p data-start=\"5038\" data-end=\"5208\">\ud83d\udd39 Um diese Rechte auszu\u00fcben, wenden Sie sich an uns unter : <strong data-start=\"5085\" data-end=\"5115\"><a rel=\"noopener\" data-start=\"5087\" data-end=\"5113\">contact@addevmaterials.com<\/a><\/strong><br data-start=\"5115\" data-end=\"5118\" \/>\ud83d\udd39 Im Streitfall k\u00f6nnen Sie sich an die <strong data-start=\"5161\" data-end=\"5169\">CNIL<\/strong> (<a href=\"https:\/\/www.cnil.fr\" target=\"_new\" rel=\"noopener\" data-start=\"5171\" data-end=\"5205\">www.cnil.fr<\/a>)<\/p><hr data-start=\"5210\" data-end=\"5213\" \/><h2 data-start=\"5215\" data-end=\"5261\"><strong data-start=\"5218\" data-end=\"5259\">7. COOKIES UND VERWALTUNG DER ZUSTIMMUNG<\/strong><\/h2><p data-start=\"5263\" data-end=\"5372\">Bei Ihrem ersten Besuch k\u00f6nnen Sie \u00fcber einen Zustimmungsbanner Cookies akzeptieren oder ablehnen.<\/p><p data-start=\"5374\" data-end=\"5682\">\ud83d\udccc <strong data-start=\"5377\" data-end=\"5415\">Die auf der Website verwendeten Cookies :<\/strong><br data-start=\"5415\" data-end=\"5418\" \/>\u2714\ufe0f <strong data-start=\"5421\" data-end=\"5445\">Funktionale Cookies<\/strong> : Unerl\u00e4sslich f\u00fcr das Funktionieren der Website (von der Zustimmung befreit).<br data-start=\"5520\" data-end=\"5523\" \/>\u2714\ufe0f <strong data-start=\"5526\" data-end=\"5568\">Analytische Cookies (Google Analytics)<\/strong> : Erm\u00f6glichen die Analyse des Websiteverkehrs.<br data-start=\"5611\" data-end=\"5614\" \/>\u2714\ufe0f <strong data-start=\"5617\" data-end=\"5642\">Cookies f\u00fcr Werbung<\/strong> : Wird f\u00fcr Marketing-Targeting verwendet.<\/p><p data-start=\"5684\" data-end=\"5827\"><strong data-start=\"5684\" data-end=\"5825\">Sie k\u00f6nnen Ihre Einstellungen jederzeit \u00fcber unser <a target=\"_new\" rel=\"noopener\" data-start=\"5747\" data-end=\"5822\">Seite zur Verwaltung von Cookies<\/a>.<\/strong><\/p><hr data-start=\"5829\" data-end=\"5832\" \/><h2 data-start=\"5834\" data-end=\"5894\"><strong data-start=\"5837\" data-end=\"5892\">8. \u00c4NDERUNGEN DER DATENSCHUTZRICHTLINIE<\/strong><\/h2><p data-start=\"5895\" data-end=\"6016\">Wir behalten uns das Recht vor, diese Richtlinie zu \u00e4ndern, um sicherzustellen, dass sie mit den geltenden Gesetzen \u00fcbereinstimmt.<\/p><p data-start=\"6018\" data-end=\"6216\">\ud83d\udccc <strong data-start=\"6021\" data-end=\"6060\">Letzte Aktualisierung: 12. M\u00e4rz 2025<\/strong><br data-start=\"6060\" data-end=\"6063\" \/>\ud83d\udccc <strong data-start=\"6066\" data-end=\"6105\">Sehen Sie sich die neueste Version hier an :<\/strong> <a target=\"_new\" rel=\"noopener\" data-start=\"6106\" data-end=\"6214\">https:\/\/addevmaterials.com\/politique-confidentialite<\/a><\/p><hr data-start=\"6218\" data-end=\"6221\" \/><h3 data-start=\"6223\" data-end=\"6252\"><strong data-start=\"6227\" data-end=\"6250\">\ud83d\udce9 BRAUCHEN SIE WEITERE INFORMATIONEN?<\/strong><\/h3><p data-start=\"6253\" data-end=\"6375\">\ud83d\udce7 <strong data-start=\"6256\" data-end=\"6269\">Kontakt:<\/strong> <a rel=\"noopener\" data-start=\"6270\" data-end=\"6296\">contact@addevmaterials.com<\/a><br data-start=\"6296\" data-end=\"6299\" \/>\ud83c\udf0d <strong data-start=\"6302\" data-end=\"6316\">Website :<\/strong> <a href=\"https:\/\/addevmaterials.com\" target=\"_new\" rel=\"noopener\" data-start=\"6317\" data-end=\"6373\">https:\/\/addevmaterials.com<\/a><\/p>\t\t\t\t\t\t\t\t<\/div>\n\t\t\t\t<\/div>\n\t\t\t\t\t<\/div>\n\t\t\t\t<\/div>\n\t\t\t\t<\/div>","protected":false},"excerpt":{"rendered":"<p>Politique de confidentialit\u00e9 \u200b En vigueur au 12\/03\/2025 La pr\u00e9sente Politique de Confidentialit\u00e9 a pour objectif d\u2019informer les utilisateurs du site https:\/\/addevmaterials.com\/ (ci-apr\u00e8s \u00ab le Site \u00bb) sur la collecte, l\u2019utilisation et la protection de leurs donn\u00e9es personnelles, conform\u00e9ment au R\u00e8glement G\u00e9n\u00e9ral sur la Protection des Donn\u00e9es (RGPD) n\u00b02016\/679 et \u00e0 la Loi Informatique et [&hellip;]<\/p>\n","protected":false},"author":11,"featured_media":0,"parent":0,"menu_order":0,"comment_status":"closed","ping_status":"closed","template":"elementor_header_footer","meta":{"footnotes":""},"class_list":["post-5886","page","type-page","status-publish","hentry"],"yoast_head":"<!-- This site is optimized with the Yoast SEO plugin v27.4 - https:\/\/yoast.com\/product\/yoast-seo-wordpress\/ -->\n<title>Politique de confidentialit\u00e9 - ADDEV Materials<\/title>\n<meta name=\"robots\" content=\"noindex, follow\" \/>\n<meta property=\"og:locale\" content=\"de_DE\" \/>\n<meta property=\"og:type\" content=\"article\" \/>\n<meta property=\"og:title\" content=\"Politique de confidentialit\u00e9 - ADDEV Materials\" \/>\n<meta property=\"og:description\" content=\"Politique de confidentialit\u00e9 \u200b En vigueur au 12\/03\/2025 La pr\u00e9sente Politique de Confidentialit\u00e9 a pour objectif d\u2019informer les utilisateurs du site https:\/\/addevmaterials.com\/ (ci-apr\u00e8s \u00ab le Site \u00bb) sur la collecte, l\u2019utilisation et la protection de leurs donn\u00e9es personnelles, conform\u00e9ment au R\u00e8glement G\u00e9n\u00e9ral sur la Protection des Donn\u00e9es (RGPD) n\u00b02016\/679 et \u00e0 la Loi Informatique et [&hellip;]\" \/>\n<meta property=\"og:url\" content=\"https:\/\/addevmaterials.com\/de\/datenschutzrichtlinie\/\" \/>\n<meta property=\"og:site_name\" content=\"ADDEV Materials\" \/>\n<meta property=\"article:modified_time\" content=\"2025-12-03T20:33:06+00:00\" \/>\n<meta name=\"twitter:card\" content=\"summary_large_image\" \/>\n<meta name=\"twitter:label1\" content=\"Gesch\u00e4tzte Lesezeit\" \/>\n\t<meta name=\"twitter:data1\" content=\"4\u00a0Minuten\" \/>\n<script type=\"application\/ld+json\" class=\"yoast-schema-graph\">{\"@context\":\"https:\\\/\\\/schema.org\",\"@graph\":[{\"@type\":\"WebPage\",\"@id\":\"https:\\\/\\\/addevmaterials.com\\\/politique-de-confidentialite\\\/\",\"url\":\"https:\\\/\\\/addevmaterials.com\\\/politique-de-confidentialite\\\/\",\"name\":\"Politique de confidentialit\u00e9 - ADDEV Materials\",\"isPartOf\":{\"@id\":\"https:\\\/\\\/addevmaterials.com\\\/fr\\\/#website\"},\"datePublished\":\"2025-03-12T13:45:13+00:00\",\"dateModified\":\"2025-12-03T20:33:06+00:00\",\"breadcrumb\":{\"@id\":\"https:\\\/\\\/addevmaterials.com\\\/politique-de-confidentialite\\\/#breadcrumb\"},\"inLanguage\":\"de\",\"potentialAction\":[{\"@type\":\"ReadAction\",\"target\":[\"https:\\\/\\\/addevmaterials.com\\\/politique-de-confidentialite\\\/\"]}]},{\"@type\":\"BreadcrumbList\",\"@id\":\"https:\\\/\\\/addevmaterials.com\\\/politique-de-confidentialite\\\/#breadcrumb\",\"itemListElement\":[{\"@type\":\"ListItem\",\"position\":1,\"name\":\"Accueil\",\"item\":\"https:\\\/\\\/addevmaterials.com\\\/\"},{\"@type\":\"ListItem\",\"position\":2,\"name\":\"Politique de confidentialit\u00e9\"}]},{\"@type\":\"WebSite\",\"@id\":\"https:\\\/\\\/addevmaterials.com\\\/fr\\\/#website\",\"url\":\"https:\\\/\\\/addevmaterials.com\\\/fr\\\/\",\"name\":\"ADDEV Materials\",\"description\":\"\",\"potentialAction\":[{\"@type\":\"SearchAction\",\"target\":{\"@type\":\"EntryPoint\",\"urlTemplate\":\"https:\\\/\\\/addevmaterials.com\\\/fr\\\/?s={search_term_string}\"},\"query-input\":{\"@type\":\"PropertyValueSpecification\",\"valueRequired\":true,\"valueName\":\"search_term_string\"}}],\"inLanguage\":\"de\"}]}<\/script>\n<!-- \/ Yoast SEO plugin. -->","yoast_head_json":{"title":"Datenschutzrichtlinie - ADDEV Materials","robots":{"index":"noindex","follow":"follow"},"og_locale":"de_DE","og_type":"article","og_title":"Politique de confidentialit\u00e9 - ADDEV Materials","og_description":"Politique de confidentialit\u00e9 \u200b En vigueur au 12\/03\/2025 La pr\u00e9sente Politique de Confidentialit\u00e9 a pour objectif d\u2019informer les utilisateurs du site https:\/\/addevmaterials.com\/ (ci-apr\u00e8s \u00ab le Site \u00bb) sur la collecte, l\u2019utilisation et la protection de leurs donn\u00e9es personnelles, conform\u00e9ment au R\u00e8glement G\u00e9n\u00e9ral sur la Protection des Donn\u00e9es (RGPD) n\u00b02016\/679 et \u00e0 la Loi Informatique et [&hellip;]","og_url":"https:\/\/addevmaterials.com\/de\/datenschutzrichtlinie\/","og_site_name":"ADDEV Materials","article_modified_time":"2025-12-03T20:33:06+00:00","twitter_card":"summary_large_image","twitter_misc":{"Gesch\u00e4tzte Lesezeit":"4\u00a0Minuten"},"schema":{"@context":"https:\/\/schema.org","@graph":[{"@type":"WebPage","@id":"https:\/\/addevmaterials.com\/politique-de-confidentialite\/","url":"https:\/\/addevmaterials.com\/politique-de-confidentialite\/","name":"Datenschutzrichtlinie - ADDEV Materials","isPartOf":{"@id":"https:\/\/addevmaterials.com\/fr\/#website"},"datePublished":"2025-03-12T13:45:13+00:00","dateModified":"2025-12-03T20:33:06+00:00","breadcrumb":{"@id":"https:\/\/addevmaterials.com\/politique-de-confidentialite\/#breadcrumb"},"inLanguage":"de","potentialAction":[{"@type":"ReadAction","target":["https:\/\/addevmaterials.com\/politique-de-confidentialite\/"]}]},{"@type":"BreadcrumbList","@id":"https:\/\/addevmaterials.com\/politique-de-confidentialite\/#breadcrumb","itemListElement":[{"@type":"ListItem","position":1,"name":"Accueil","item":"https:\/\/addevmaterials.com\/"},{"@type":"ListItem","position":2,"name":"Politique de confidentialit\u00e9"}]},{"@type":"WebSite","@id":"https:\/\/addevmaterials.com\/fr\/#website","url":"https:\/\/addevmaterials.com\/fr\/","name":"ADDEV Materials","description":"","potentialAction":[{"@type":"SearchAction","target":{"@type":"EntryPoint","urlTemplate":"https:\/\/addevmaterials.com\/fr\/?s={search_term_string}"},"query-input":{"@type":"PropertyValueSpecification","valueRequired":true,"valueName":"search_term_string"}}],"inLanguage":"de"}]}},"distributor_meta":false,"distributor_terms":false,"distributor_media":false,"distributor_original_site_name":"ADDEV Materials","distributor_original_site_url":"https:\/\/addevmaterials.com\/de","push-errors":false,"_links":{"self":[{"href":"https:\/\/addevmaterials.com\/de\/wp-json\/wp\/v2\/pages\/5886","targetHints":{"allow":["GET"]}}],"collection":[{"href":"https:\/\/addevmaterials.com\/de\/wp-json\/wp\/v2\/pages"}],"about":[{"href":"https:\/\/addevmaterials.com\/de\/wp-json\/wp\/v2\/types\/page"}],"author":[{"embeddable":true,"href":"https:\/\/addevmaterials.com\/de\/wp-json\/wp\/v2\/users\/11"}],"replies":[{"embeddable":true,"href":"https:\/\/addevmaterials.com\/de\/wp-json\/wp\/v2\/comments?post=5886"}],"version-history":[{"count":16,"href":"https:\/\/addevmaterials.com\/de\/wp-json\/wp\/v2\/pages\/5886\/revisions"}],"predecessor-version":[{"id":9448,"href":"https:\/\/addevmaterials.com\/de\/wp-json\/wp\/v2\/pages\/5886\/revisions\/9448"}],"wp:attachment":[{"href":"https:\/\/addevmaterials.com\/de\/wp-json\/wp\/v2\/media?parent=5886"}],"curies":[{"name":"wp","href":"https:\/\/api.w.org\/{rel}","templated":true}]}}