{"id":4825,"date":"2024-02-29T10:14:11","date_gmt":"2024-02-29T10:14:11","guid":{"rendered":"https:\/\/addevmaterials.com\/?page_id=4825"},"modified":"2026-02-22T20:44:08","modified_gmt":"2026-02-22T20:44:08","slug":"interview-with-caroline-celle-director-treasury-finance-group","status":"publish","type":"page","link":"https:\/\/addevmaterials.com\/en\/interview-de-caroline-celle-directrice-tresorerie-financement-groupe\/","title":{"rendered":"Interview with Caroline CELLE: Group Treasury &amp; Financing Director"},"content":{"rendered":"<div data-elementor-type=\"wp-page\" data-elementor-id=\"4825\" class=\"elementor elementor-4825\" data-elementor-post-type=\"page\">\n\t\t\t\t\t\t<section class=\"elementor-section elementor-top-section elementor-element elementor-element-7da7f7b elementor-section-boxed elementor-section-height-default elementor-section-height-default\" data-id=\"7da7f7b\" data-element_type=\"section\" data-e-type=\"section\" data-settings=\"{&quot;background_background&quot;:&quot;classic&quot;}\">\n\t\t\t\t\t\t\t<div class=\"elementor-background-overlay\"><\/div>\n\t\t\t\t\t\t\t<div class=\"elementor-container elementor-column-gap-default\">\n\t\t\t\t\t<div class=\"elementor-column elementor-col-100 elementor-top-column elementor-element elementor-element-699ebb5\" data-id=\"699ebb5\" data-element_type=\"column\" data-e-type=\"column\">\n\t\t\t<div class=\"elementor-widget-wrap elementor-element-populated\">\n\t\t\t\t\t\t<div class=\"elementor-element elementor-element-4eb5347 elementor-widget elementor-widget-heading\" data-id=\"4eb5347\" data-element_type=\"widget\" data-e-type=\"widget\" data-widget_type=\"heading.default\">\n\t\t\t\t<div class=\"elementor-widget-container\">\n\t\t\t\t\t<h1 class=\"elementor-heading-title elementor-size-default\">Interview with Caroline CELLE: Group Treasury &amp; Financing Director<\/h1>\t\t\t\t<\/div>\n\t\t\t\t<\/div>\n\t\t\t\t\t<\/div>\n\t\t<\/div>\n\t\t\t\t\t<\/div>\n\t\t<\/section>\n\t\t<div class=\"elementor-element elementor-element-3601f5e e-flex e-con-boxed e-con e-parent\" data-id=\"3601f5e\" data-element_type=\"container\" data-e-type=\"container\">\n\t\t\t\t\t<div class=\"e-con-inner\">\n\t\t\t\t<div class=\"elementor-element elementor-element-b1f7627 elementor-widget elementor-widget-text-editor\" data-id=\"b1f7627\" data-element_type=\"widget\" data-e-type=\"widget\" data-widget_type=\"text-editor.default\">\n\t\t\t\t<div class=\"elementor-widget-container\">\n\t\t\t\t\t\t\t\t\t<p><b><span data-contrast=\"auto\">Name : <\/span><\/b><span data-contrast=\"auto\">Caroline Celle<\/span><span data-ccp-props=\"{&quot;335551550&quot;:6,&quot;335551620&quot;:6}\">\u00a0<\/span><\/p><p><b><span data-contrast=\"auto\">Function :<\/span><\/b><span data-contrast=\"auto\"> Group Treasury &amp; Financing Director<\/span><span data-ccp-props=\"{&quot;335551550&quot;:6,&quot;335551620&quot;:6}\">\u00a0<\/span><\/p><p><b><span data-contrast=\"auto\">Seniority, responsibilities and experience at ADDEV <\/span><\/b><span data-contrast=\"auto\">I joined the ADDEV Materials Group in May 2023 (9 months' seniority), where I'm in charge of Group Treasury and Financing. Managing the Group's cash position means ensuring the Group's day-to-day liquidity and optimising and securing the company's financial flows.<\/span><span data-ccp-props=\"{&quot;335551550&quot;:6,&quot;335551620&quot;:6}\">\u00a0<\/span><\/p><p><span data-contrast=\"auto\">As for financing, this involves finding partners and financing solutions to support the company's growth needs (external growth\/investments, etc.).<\/span><span data-ccp-props=\"{&quot;335551550&quot;:6,&quot;335551620&quot;:6}\">\u00a0<\/span><\/p><p><span data-contrast=\"auto\">My experience at ADDEV may be recent, but it's very rich, as I helped refinance the Group's debt and I'm currently working on setting up a management tool to optimise the Group's cash flow.<\/span><span data-ccp-props=\"{&quot;335551550&quot;:6,&quot;335551620&quot;:6}\">\u00a0<\/span><\/p><p><span data-contrast=\"auto\">Before that, I worked in large groups and medium-sized companies, and I've been in this business for 16 years.<\/span><span data-ccp-props=\"{&quot;335551550&quot;:6,&quot;335551620&quot;:6}\">\u00a0<\/span><span data-ccp-props=\"{&quot;335551550&quot;:6,&quot;335551620&quot;:6}\">\u00a0<\/span><\/p><p><b><span data-contrast=\"auto\">What studies have you done and why?\u00a0<\/span><\/b><span data-ccp-props=\"{&quot;335551550&quot;:6,&quot;335551620&quot;:6}\">\u00a0<\/span><\/p><p><span data-contrast=\"auto\">After the baccalaur\u00e9at, I only had a vague idea of what I wanted to do: work in a company and have responsibilities. So I decided to go to a preparatory class and then a business school. I specialised in finance in my 3rd year at school, then in treasury thanks to my end-of-study placement in the Casino Group's Finance Department. Working in a group on one side gave me an insight into the different facets of the job.<\/span><span data-ccp-props=\"{&quot;335551550&quot;:6,&quot;335551620&quot;:6}\">\u00a0<\/span><span data-contrast=\"auto\">\u00a0<\/span><span data-ccp-props=\"{&quot;335551550&quot;:6,&quot;335551620&quot;:6}\">\u00a0<\/span><\/p><p><b><span data-contrast=\"auto\">In your opinion, do financial professions suffer from gender inequality?<\/span><\/b><span data-ccp-props=\"{&quot;335551550&quot;:6,&quot;335551620&quot;:6}\">\u00a0<\/span><\/p><p><span data-contrast=\"auto\">Finance is still a very male-dominated field, but I've never felt or suffered any disparity with my male colleagues, or even any inequality on the part of my hierarchical superiors: for example, today only 17% women hold finance positions, compared with 46% in marketing and 58% in human resources.<\/span><span data-ccp-props=\"{&quot;335551550&quot;:6,&quot;335551620&quot;:6}\">\u00a0<\/span><span data-contrast=\"auto\">\u00a0 \u00a0 \u00a0 \u00a0 \u00a0 \u00a0 \u00a0 \u00a0 <\/span><span data-ccp-props=\"{&quot;335551550&quot;:6,&quot;335551620&quot;:6}\">\u00a0<\/span><\/p><p><b><span data-contrast=\"auto\">What advantages and difficulties have you encountered in your career?<\/span><\/b><span data-ccp-props=\"{&quot;335551550&quot;:6,&quot;335551620&quot;:6}\">\u00a0<\/span><\/p><p><span data-contrast=\"auto\">I find my job strategic and stimulating. You have to be adaptable and curious about economic issues, IT developments and international standards. For me, it's important to find your own path, to love your job so that you can learn, progress and move forward every day. The other essential point, which is not always easy, is to manage to combine professional and personal life harmoniously.<\/span><span data-ccp-props=\"{&quot;335551550&quot;:6,&quot;335551620&quot;:6}\">\u00a0<\/span><\/p><p><b><span data-contrast=\"auto\">In your opinion, and based on your experience, have things changed for women in recent years and what are the remaining obstacles (education and business)?<\/span><\/b><span data-ccp-props=\"{&quot;335551550&quot;:6,&quot;335551620&quot;:6}\">\u00a0<\/span><\/p><p><span data-contrast=\"auto\">Things are changing for the better, because more and more women are working in finance (particularly in audit) and want to have the same level of responsibility as men. The glass ceiling is gradually being broken, and it's partly thanks to them! If you want it, you can get it. At the same time, we are witnessing a collective social and societal awakening, and companies are having to adapt to these changes. For example, companies are now increasingly involved in CSR initiatives where they are challenged to meet certain commitments, such as gender equality quotas.<\/span><span data-ccp-props=\"{&quot;335551550&quot;:6,&quot;335551620&quot;:6}\">\u00a0<\/span><\/p><p><b><span data-contrast=\"auto\">What advice would you give to women who want to enter a profession like yours, and also to employers looking for profiles?<\/span><\/b><span data-ccp-props=\"{&quot;335551550&quot;:6,&quot;335551620&quot;:6}\">\u00a0<\/span><\/p><p><span data-contrast=\"auto\">Finance is a very interesting profession, where you need to be proactive, rigorous and good at interpersonal relations. If you have these qualities, go for it!\u00a0<\/span><span data-ccp-props=\"{&quot;335551550&quot;:6,&quot;335551620&quot;:6}\">\u00a0<\/span><\/p><p><span data-contrast=\"auto\">As far as employers are concerned, I'd say that we need to help women to see themselves in the company by deconstructing the image of male leadership, supporting talent, offering training and creating networks...<\/span><span data-ccp-props=\"{&quot;335551550&quot;:6,&quot;335551620&quot;:6}\">\u00a0<\/span><\/p>\t\t\t\t\t\t\t\t<\/div>\n\t\t\t\t<\/div>\n\t\t\t\t\t<\/div>\n\t\t\t\t<\/div>\n\t\t\t\t<\/div>","protected":false},"excerpt":{"rendered":"<p>Interview de Caroline CELLE : Directrice Tr\u00e9sorerie &amp; Financement Groupe Nom : Caroline Celle\u00a0 Fonction : Directrice Tr\u00e9sorerie &amp; Financement Groupe\u00a0 Anciennet\u00e9, responsabilit\u00e9s et exp\u00e9rience chez ADDEV : J\u2019ai rejoint le groupe ADDEV Materials en mai 2023 (9 mois d\u2019anciennet\u00e9) o\u00f9 je suis en charge de la Tr\u00e9sorerie et des Financements du Groupe. G\u00e9rer la [&hellip;]<\/p>\n","protected":false},"author":11,"featured_media":4496,"parent":0,"menu_order":0,"comment_status":"closed","ping_status":"closed","template":"elementor_header_footer","meta":{"footnotes":""},"class_list":["post-4825","page","type-page","status-publish","has-post-thumbnail","hentry"],"yoast_head":"<!-- This site is optimized with the Yoast SEO plugin v27.4 - https:\/\/yoast.com\/product\/yoast-seo-wordpress\/ -->\n<title>Interview de Caroline CELLE : Directrice Tr\u00e9sorerie &amp; Financement Groupe - ADDEV Materials<\/title>\n<meta name=\"robots\" content=\"index, follow, max-snippet:-1, max-image-preview:large, max-video-preview:-1\" \/>\n<link rel=\"canonical\" href=\"https:\/\/addevmaterials.com\/en\/interview-with-caroline-celle-director-treasury-finance-group\/\" \/>\n<meta property=\"og:locale\" content=\"en_GB\" \/>\n<meta property=\"og:type\" content=\"article\" \/>\n<meta property=\"og:title\" content=\"Interview de Caroline CELLE : Directrice Tr\u00e9sorerie &amp; Financement Groupe - ADDEV Materials\" \/>\n<meta property=\"og:description\" content=\"Interview de Caroline CELLE : Directrice Tr\u00e9sorerie &amp; Financement Groupe Nom : Caroline Celle\u00a0 Fonction : Directrice Tr\u00e9sorerie &amp; Financement Groupe\u00a0 Anciennet\u00e9, responsabilit\u00e9s et exp\u00e9rience chez ADDEV : J\u2019ai rejoint le groupe ADDEV Materials en mai 2023 (9 mois d\u2019anciennet\u00e9) o\u00f9 je suis en charge de la Tr\u00e9sorerie et des Financements du Groupe. G\u00e9rer la [&hellip;]\" \/>\n<meta property=\"og:url\" content=\"https:\/\/addevmaterials.com\/en\/interview-with-caroline-celle-director-treasury-finance-group\/\" \/>\n<meta property=\"og:site_name\" content=\"ADDEV Materials\" \/>\n<meta property=\"article:modified_time\" content=\"2026-02-22T20:44:08+00:00\" \/>\n<meta property=\"og:image\" content=\"https:\/\/addevmaterials.com\/wp-content\/uploads\/2023\/11\/famille2-1.png\" \/>\n\t<meta property=\"og:image:width\" content=\"625\" \/>\n\t<meta property=\"og:image:height\" content=\"375\" \/>\n\t<meta property=\"og:image:type\" content=\"image\/png\" \/>\n<meta name=\"twitter:card\" content=\"summary_large_image\" \/>\n<meta name=\"twitter:label1\" content=\"Estimated reading time\" \/>\n\t<meta name=\"twitter:data1\" content=\"3 minutes\" \/>\n<script type=\"application\/ld+json\" class=\"yoast-schema-graph\">{\"@context\":\"https:\\\/\\\/schema.org\",\"@graph\":[{\"@type\":\"WebPage\",\"@id\":\"https:\\\/\\\/addevmaterials.com\\\/interview-de-caroline-celle-directrice-tresorerie-financement-groupe\\\/\",\"url\":\"https:\\\/\\\/addevmaterials.com\\\/interview-de-caroline-celle-directrice-tresorerie-financement-groupe\\\/\",\"name\":\"Interview de Caroline CELLE : Directrice Tr\u00e9sorerie &amp; Financement Groupe - ADDEV Materials\",\"isPartOf\":{\"@id\":\"https:\\\/\\\/addevmaterials.com\\\/fr\\\/#website\"},\"primaryImageOfPage\":{\"@id\":\"https:\\\/\\\/addevmaterials.com\\\/interview-de-caroline-celle-directrice-tresorerie-financement-groupe\\\/#primaryimage\"},\"image\":{\"@id\":\"https:\\\/\\\/addevmaterials.com\\\/interview-de-caroline-celle-directrice-tresorerie-financement-groupe\\\/#primaryimage\"},\"thumbnailUrl\":\"https:\\\/\\\/addevmaterials.com\\\/wp-content\\\/uploads\\\/2023\\\/11\\\/famille2-1.png\",\"datePublished\":\"2024-02-29T10:14:11+00:00\",\"dateModified\":\"2026-02-22T20:44:08+00:00\",\"breadcrumb\":{\"@id\":\"https:\\\/\\\/addevmaterials.com\\\/interview-de-caroline-celle-directrice-tresorerie-financement-groupe\\\/#breadcrumb\"},\"inLanguage\":\"en-GB\",\"potentialAction\":[{\"@type\":\"ReadAction\",\"target\":[\"https:\\\/\\\/addevmaterials.com\\\/interview-de-caroline-celle-directrice-tresorerie-financement-groupe\\\/\"]}]},{\"@type\":\"ImageObject\",\"inLanguage\":\"en-GB\",\"@id\":\"https:\\\/\\\/addevmaterials.com\\\/interview-de-caroline-celle-directrice-tresorerie-financement-groupe\\\/#primaryimage\",\"url\":\"https:\\\/\\\/addevmaterials.com\\\/wp-content\\\/uploads\\\/2023\\\/11\\\/famille2-1.png\",\"contentUrl\":\"https:\\\/\\\/addevmaterials.com\\\/wp-content\\\/uploads\\\/2023\\\/11\\\/famille2-1.png\",\"width\":625,\"height\":375},{\"@type\":\"BreadcrumbList\",\"@id\":\"https:\\\/\\\/addevmaterials.com\\\/interview-de-caroline-celle-directrice-tresorerie-financement-groupe\\\/#breadcrumb\",\"itemListElement\":[{\"@type\":\"ListItem\",\"position\":1,\"name\":\"Accueil\",\"item\":\"https:\\\/\\\/addevmaterials.com\\\/\"},{\"@type\":\"ListItem\",\"position\":2,\"name\":\"Interview de Caroline CELLE : Directrice Tr\u00e9sorerie &amp; Financement Groupe\"}]},{\"@type\":\"WebSite\",\"@id\":\"https:\\\/\\\/addevmaterials.com\\\/fr\\\/#website\",\"url\":\"https:\\\/\\\/addevmaterials.com\\\/fr\\\/\",\"name\":\"ADDEV Materials\",\"description\":\"\",\"potentialAction\":[{\"@type\":\"SearchAction\",\"target\":{\"@type\":\"EntryPoint\",\"urlTemplate\":\"https:\\\/\\\/addevmaterials.com\\\/fr\\\/?s={search_term_string}\"},\"query-input\":{\"@type\":\"PropertyValueSpecification\",\"valueRequired\":true,\"valueName\":\"search_term_string\"}}],\"inLanguage\":\"en-GB\"}]}<\/script>\n<!-- \/ Yoast SEO plugin. -->","yoast_head_json":{"title":"Interview with Caroline CELLE: Group Treasury &amp; Financing Director - ADDEV Materials","robots":{"index":"index","follow":"follow","max-snippet":"max-snippet:-1","max-image-preview":"max-image-preview:large","max-video-preview":"max-video-preview:-1"},"canonical":"https:\/\/addevmaterials.com\/en\/interview-with-caroline-celle-director-treasury-finance-group\/","og_locale":"en_GB","og_type":"article","og_title":"Interview de Caroline CELLE : Directrice Tr\u00e9sorerie &amp; Financement Groupe - ADDEV Materials","og_description":"Interview de Caroline CELLE : Directrice Tr\u00e9sorerie &amp; Financement Groupe Nom : Caroline Celle\u00a0 Fonction : Directrice Tr\u00e9sorerie &amp; Financement Groupe\u00a0 Anciennet\u00e9, responsabilit\u00e9s et exp\u00e9rience chez ADDEV : J\u2019ai rejoint le groupe ADDEV Materials en mai 2023 (9 mois d\u2019anciennet\u00e9) o\u00f9 je suis en charge de la Tr\u00e9sorerie et des Financements du Groupe. G\u00e9rer la [&hellip;]","og_url":"https:\/\/addevmaterials.com\/en\/interview-with-caroline-celle-director-treasury-finance-group\/","og_site_name":"ADDEV Materials","article_modified_time":"2026-02-22T20:44:08+00:00","og_image":[{"width":625,"height":375,"url":"https:\/\/addevmaterials.com\/wp-content\/uploads\/2023\/11\/famille2-1.png","type":"image\/png"}],"twitter_card":"summary_large_image","twitter_misc":{"Estimated reading time":"3 minutes"},"schema":{"@context":"https:\/\/schema.org","@graph":[{"@type":"WebPage","@id":"https:\/\/addevmaterials.com\/interview-de-caroline-celle-directrice-tresorerie-financement-groupe\/","url":"https:\/\/addevmaterials.com\/interview-de-caroline-celle-directrice-tresorerie-financement-groupe\/","name":"Interview with Caroline CELLE: Group Treasury &amp; Financing Director - ADDEV Materials","isPartOf":{"@id":"https:\/\/addevmaterials.com\/fr\/#website"},"primaryImageOfPage":{"@id":"https:\/\/addevmaterials.com\/interview-de-caroline-celle-directrice-tresorerie-financement-groupe\/#primaryimage"},"image":{"@id":"https:\/\/addevmaterials.com\/interview-de-caroline-celle-directrice-tresorerie-financement-groupe\/#primaryimage"},"thumbnailUrl":"https:\/\/addevmaterials.com\/wp-content\/uploads\/2023\/11\/famille2-1.png","datePublished":"2024-02-29T10:14:11+00:00","dateModified":"2026-02-22T20:44:08+00:00","breadcrumb":{"@id":"https:\/\/addevmaterials.com\/interview-de-caroline-celle-directrice-tresorerie-financement-groupe\/#breadcrumb"},"inLanguage":"en-GB","potentialAction":[{"@type":"ReadAction","target":["https:\/\/addevmaterials.com\/interview-de-caroline-celle-directrice-tresorerie-financement-groupe\/"]}]},{"@type":"ImageObject","inLanguage":"en-GB","@id":"https:\/\/addevmaterials.com\/interview-de-caroline-celle-directrice-tresorerie-financement-groupe\/#primaryimage","url":"https:\/\/addevmaterials.com\/wp-content\/uploads\/2023\/11\/famille2-1.png","contentUrl":"https:\/\/addevmaterials.com\/wp-content\/uploads\/2023\/11\/famille2-1.png","width":625,"height":375},{"@type":"BreadcrumbList","@id":"https:\/\/addevmaterials.com\/interview-de-caroline-celle-directrice-tresorerie-financement-groupe\/#breadcrumb","itemListElement":[{"@type":"ListItem","position":1,"name":"Accueil","item":"https:\/\/addevmaterials.com\/"},{"@type":"ListItem","position":2,"name":"Interview de Caroline CELLE : Directrice Tr\u00e9sorerie &amp; Financement Groupe"}]},{"@type":"WebSite","@id":"https:\/\/addevmaterials.com\/fr\/#website","url":"https:\/\/addevmaterials.com\/fr\/","name":"ADDEV Materials","description":"","potentialAction":[{"@type":"SearchAction","target":{"@type":"EntryPoint","urlTemplate":"https:\/\/addevmaterials.com\/fr\/?s={search_term_string}"},"query-input":{"@type":"PropertyValueSpecification","valueRequired":true,"valueName":"search_term_string"}}],"inLanguage":"en-GB"}]}},"distributor_meta":false,"distributor_terms":false,"distributor_media":false,"distributor_original_site_name":"ADDEV Materials","distributor_original_site_url":"https:\/\/addevmaterials.com\/en","push-errors":false,"_links":{"self":[{"href":"https:\/\/addevmaterials.com\/en\/wp-json\/wp\/v2\/pages\/4825","targetHints":{"allow":["GET"]}}],"collection":[{"href":"https:\/\/addevmaterials.com\/en\/wp-json\/wp\/v2\/pages"}],"about":[{"href":"https:\/\/addevmaterials.com\/en\/wp-json\/wp\/v2\/types\/page"}],"author":[{"embeddable":true,"href":"https:\/\/addevmaterials.com\/en\/wp-json\/wp\/v2\/users\/11"}],"replies":[{"embeddable":true,"href":"https:\/\/addevmaterials.com\/en\/wp-json\/wp\/v2\/comments?post=4825"}],"version-history":[{"count":14,"href":"https:\/\/addevmaterials.com\/en\/wp-json\/wp\/v2\/pages\/4825\/revisions"}],"predecessor-version":[{"id":10264,"href":"https:\/\/addevmaterials.com\/en\/wp-json\/wp\/v2\/pages\/4825\/revisions\/10264"}],"wp:featuredmedia":[{"embeddable":true,"href":"https:\/\/addevmaterials.com\/en\/wp-json\/wp\/v2\/media\/4496"}],"wp:attachment":[{"href":"https:\/\/addevmaterials.com\/en\/wp-json\/wp\/v2\/media?parent=4825"}],"curies":[{"name":"wp","href":"https:\/\/api.w.org\/{rel}","templated":true}]}}