{"id":5036,"date":"2024-07-19T11:58:04","date_gmt":"2024-07-19T11:58:04","guid":{"rendered":"https:\/\/addevmaterials.com\/?page_id=5036"},"modified":"2026-04-13T13:11:44","modified_gmt":"2026-04-13T13:11:44","slug":"responsible-supplier-and-purchasing-relations","status":"publish","type":"page","link":"https:\/\/addevmaterials.com\/en\/relations-fournisseurs-et-achats-responsables\/","title":{"rendered":"Supplier Relations and Responsible Purchasing"},"content":{"rendered":"<div data-elementor-type=\"wp-page\" data-elementor-id=\"5036\" class=\"elementor elementor-5036\" data-elementor-post-type=\"page\">\n\t\t\t\t\t\t<section class=\"elementor-section elementor-top-section elementor-element elementor-element-d701087 elementor-section-boxed elementor-section-height-default elementor-section-height-default\" data-id=\"d701087\" data-element_type=\"section\" data-e-type=\"section\" data-settings=\"{&quot;background_background&quot;:&quot;classic&quot;}\">\n\t\t\t\t\t\t\t<div class=\"elementor-background-overlay\"><\/div>\n\t\t\t\t\t\t\t<div class=\"elementor-container elementor-column-gap-default\">\n\t\t\t\t\t<div class=\"elementor-column elementor-col-100 elementor-top-column elementor-element elementor-element-9487a62\" data-id=\"9487a62\" data-element_type=\"column\" data-e-type=\"column\">\n\t\t\t<div class=\"elementor-widget-wrap elementor-element-populated\">\n\t\t\t\t\t\t<div class=\"elementor-element elementor-element-a3db33c elementor-widget elementor-widget-heading\" data-id=\"a3db33c\" data-element_type=\"widget\" data-e-type=\"widget\" data-widget_type=\"heading.default\">\n\t\t\t\t<div class=\"elementor-widget-container\">\n\t\t\t\t\t<h1 class=\"elementor-heading-title elementor-size-default\">Our commitment to responsible purchasing<\/h1>\t\t\t\t<\/div>\n\t\t\t\t<\/div>\n\t\t\t\t\t<\/div>\n\t\t<\/div>\n\t\t\t\t\t<\/div>\n\t\t<\/section>\n\t\t<div class=\"elementor-element elementor-element-8449022 e-flex e-con-boxed e-con e-parent\" data-id=\"8449022\" data-element_type=\"container\" data-e-type=\"container\">\n\t\t\t\t\t<div class=\"e-con-inner\">\n\t\t<div class=\"elementor-element elementor-element-c4ebb0b e-con-full e-flex e-con e-child\" data-id=\"c4ebb0b\" data-element_type=\"container\" data-e-type=\"container\">\n\t\t\t\t<div class=\"elementor-element elementor-element-946653c elementor-widget elementor-widget-text-editor\" data-id=\"946653c\" data-element_type=\"widget\" data-e-type=\"widget\" data-widget_type=\"text-editor.default\">\n\t\t\t\t<div class=\"elementor-widget-container\">\n\t\t\t\t\t\t\t\t\t<h2>Our commitments<\/h2><h4>Signature of the Responsible Purchasing Charter<\/h4><p>Continuing our efforts, in 2024 we were able to reach a base of 251 signatory partner suppliers, representing 50% of ADDEV Materials expenditure.<br \/>The aim is to achieve coverage of 85% by 2025.<\/p>\t\t\t\t\t\t\t\t<\/div>\n\t\t\t\t<\/div>\n\t\t\t\t<div class=\"elementor-element elementor-element-d86f35c elementor-widget elementor-widget-text-editor\" data-id=\"d86f35c\" data-element_type=\"widget\" data-e-type=\"widget\" data-widget_type=\"text-editor.default\">\n\t\t\t\t<div class=\"elementor-widget-container\">\n\t\t\t\t\t\t\t\t\t<p>In 2024, ADDEV Materials signed up to the Responsible Purchasing Charter. This commitment reflects our determination to promote ethical and sustainable practices throughout our supply chain. Our ultimate aim is to obtain the RFAR label, demonstrating our desire to strengthen our social responsibility and build relationships of trust with our business partners.<\/p>\t\t\t\t\t\t\t\t<\/div>\n\t\t\t\t<\/div>\n\t\t\t\t<\/div>\n\t\t<div class=\"elementor-element elementor-element-28153ed e-con-full e-flex e-con e-child\" data-id=\"28153ed\" data-element_type=\"container\" data-e-type=\"container\">\n\t\t\t\t<div class=\"elementor-element elementor-element-2aeb947 elementor-widget elementor-widget-image\" data-id=\"2aeb947\" data-element_type=\"widget\" data-e-type=\"widget\" data-widget_type=\"image.default\">\n\t\t\t\t<div class=\"elementor-widget-container\">\n\t\t\t\t\t\t\t\t\t\t\t\t\t\t\t<img fetchpriority=\"high\" decoding=\"async\" width=\"557\" height=\"784\" src=\"https:\/\/addevmaterials.com\/wp-content\/uploads\/2024\/07\/sustainable-purchasing-chater.png\" class=\"attachment-large size-large wp-image-5240\" alt=\"\" srcset=\"https:\/\/addevmaterials.com\/wp-content\/uploads\/2024\/07\/sustainable-purchasing-chater.png 557w, https:\/\/addevmaterials.com\/wp-content\/uploads\/2024\/07\/sustainable-purchasing-chater-213x300.png 213w, https:\/\/addevmaterials.com\/wp-content\/uploads\/2024\/07\/sustainable-purchasing-chater-9x12.png 9w\" sizes=\"(max-width: 557px) 100vw, 557px\" \/>\t\t\t\t\t\t\t\t\t\t\t\t\t\t\t<\/div>\n\t\t\t\t<\/div>\n\t\t\t\t<div class=\"elementor-element elementor-element-b69cc41 elementor-align-center elementor-widget elementor-widget-button\" data-id=\"b69cc41\" data-element_type=\"widget\" data-e-type=\"widget\" data-widget_type=\"button.default\">\n\t\t\t\t<div class=\"elementor-widget-container\">\n\t\t\t\t\t\t\t\t\t<div class=\"elementor-button-wrapper\">\n\t\t\t\t\t<a class=\"elementor-button elementor-button-link elementor-size-sm\" href=\"https:\/\/addevmaterials.com\/RSE\/Charte-Achats-Responsables.pdf\">\n\t\t\t\t\t\t<span class=\"elementor-button-content-wrapper\">\n\t\t\t\t\t\t<span class=\"elementor-button-icon\">\n\t\t\t\t<svg aria-hidden=\"true\" class=\"e-font-icon-svg e-far-file-pdf\" viewbox=\"0 0 384 512\" xmlns=\"http:\/\/www.w3.org\/2000\/svg\"><path d=\"M369.9 97.9L286 14C277 5 264.8-.1 252.1-.1H48C21.5 0 0 21.5 0 48v416c0 26.5 21.5 48 48 48h288c26.5 0 48-21.5 48-48V131.9c0-12.7-5.1-25-14.1-34zM332.1 128H256V51.9l76.1 76.1zM48 464V48h160v104c0 13.3 10.7 24 24 24h104v288H48zm250.2-143.7c-12.2-12-47-8.7-64.4-6.5-17.2-10.5-28.7-25-36.8-46.3 3.9-16.1 10.1-40.6 5.4-56-4.2-26.2-37.8-23.6-42.6-5.9-4.4 16.1-.4 38.5 7 67.1-10 23.9-24.9 56-35.4 74.4-20 10.3-47 26.2-51 46.2-3.3 15.8 26 55.2 76.1-31.2 22.4-7.4 46.8-16.5 68.4-20.1 18.9 10.2 41 17 55.8 17 25.5 0 28-28.2 17.5-38.7zm-198.1 77.8c5.1-13.7 24.5-29.5 30.4-35-19 30.3-30.4 35.7-30.4 35zm81.6-190.6c7.4 0 6.7 32.1 1.8 40.8-4.4-13.9-4.3-40.8-1.8-40.8zm-24.4 136.6c9.7-16.9 18-37 24.7-54.7 8.3 15.1 18.9 27.2 30.1 35.5-20.8 4.3-38.9 13.1-54.8 19.2zm131.6-5s-5 6-37.3-7.8c35.1-2.6 40.9 5.4 37.3 7.8z\"><\/path><\/svg>\t\t\t<\/span>\n\t\t\t\t\t\t\t\t\t<span class=\"elementor-button-text\">Download the responsible purchasing charter (FR)<\/span>\n\t\t\t\t\t<\/span>\n\t\t\t\t\t<\/a>\n\t\t\t\t<\/div>\n\t\t\t\t\t\t\t\t<\/div>\n\t\t\t\t<\/div>\n\t\t\t\t<div class=\"elementor-element elementor-element-7caa2e0 elementor-align-center elementor-widget elementor-widget-button\" data-id=\"7caa2e0\" data-element_type=\"widget\" data-e-type=\"widget\" data-widget_type=\"button.default\">\n\t\t\t\t<div class=\"elementor-widget-container\">\n\t\t\t\t\t\t\t\t\t<div class=\"elementor-button-wrapper\">\n\t\t\t\t\t<a class=\"elementor-button elementor-button-link elementor-size-sm\" href=\"https:\/\/addevmaterials.com\/RSE\/Sustainable-Purchasing-Charter.pdf\">\n\t\t\t\t\t\t<span class=\"elementor-button-content-wrapper\">\n\t\t\t\t\t\t<span class=\"elementor-button-icon\">\n\t\t\t\t<svg aria-hidden=\"true\" class=\"e-font-icon-svg e-far-file-pdf\" viewbox=\"0 0 384 512\" xmlns=\"http:\/\/www.w3.org\/2000\/svg\"><path d=\"M369.9 97.9L286 14C277 5 264.8-.1 252.1-.1H48C21.5 0 0 21.5 0 48v416c0 26.5 21.5 48 48 48h288c26.5 0 48-21.5 48-48V131.9c0-12.7-5.1-25-14.1-34zM332.1 128H256V51.9l76.1 76.1zM48 464V48h160v104c0 13.3 10.7 24 24 24h104v288H48zm250.2-143.7c-12.2-12-47-8.7-64.4-6.5-17.2-10.5-28.7-25-36.8-46.3 3.9-16.1 10.1-40.6 5.4-56-4.2-26.2-37.8-23.6-42.6-5.9-4.4 16.1-.4 38.5 7 67.1-10 23.9-24.9 56-35.4 74.4-20 10.3-47 26.2-51 46.2-3.3 15.8 26 55.2 76.1-31.2 22.4-7.4 46.8-16.5 68.4-20.1 18.9 10.2 41 17 55.8 17 25.5 0 28-28.2 17.5-38.7zm-198.1 77.8c5.1-13.7 24.5-29.5 30.4-35-19 30.3-30.4 35.7-30.4 35zm81.6-190.6c7.4 0 6.7 32.1 1.8 40.8-4.4-13.9-4.3-40.8-1.8-40.8zm-24.4 136.6c9.7-16.9 18-37 24.7-54.7 8.3 15.1 18.9 27.2 30.1 35.5-20.8 4.3-38.9 13.1-54.8 19.2zm131.6-5s-5 6-37.3-7.8c35.1-2.6 40.9 5.4 37.3 7.8z\"><\/path><\/svg>\t\t\t<\/span>\n\t\t\t\t\t\t\t\t\t<span class=\"elementor-button-text\">Download Sustainable Purchasing Charter (EN)<\/span>\n\t\t\t\t\t<\/span>\n\t\t\t\t\t<\/a>\n\t\t\t\t<\/div>\n\t\t\t\t\t\t\t\t<\/div>\n\t\t\t\t<\/div>\n\t\t\t\t<\/div>\n\t\t\t\t\t<\/div>\n\t\t\t\t<\/div>\n\t\t<div class=\"elementor-element elementor-element-b1e0ae9 e-flex e-con-boxed e-con e-parent\" data-id=\"b1e0ae9\" data-element_type=\"container\" data-e-type=\"container\">\n\t\t\t\t\t<div class=\"e-con-inner\">\n\t\t<div class=\"elementor-element elementor-element-f4ca36e e-con-full e-flex e-con e-child\" data-id=\"f4ca36e\" data-element_type=\"container\" data-e-type=\"container\">\n\t\t\t\t<div class=\"elementor-element elementor-element-4a3a57b elementor-align-center elementor-widget elementor-widget-button\" data-id=\"4a3a57b\" data-element_type=\"widget\" data-e-type=\"widget\" data-widget_type=\"button.default\">\n\t\t\t\t<div class=\"elementor-widget-container\">\n\t\t\t\t\t\t\t\t\t<div class=\"elementor-button-wrapper\">\n\t\t\t\t\t<a class=\"elementor-button elementor-button-link elementor-size-sm\" href=\"https:\/\/addevmaterials.com\/RSE\/Politique-Achats-Responsables.pdf\">\n\t\t\t\t\t\t<span class=\"elementor-button-content-wrapper\">\n\t\t\t\t\t\t<span class=\"elementor-button-icon\">\n\t\t\t\t<svg aria-hidden=\"true\" class=\"e-font-icon-svg e-far-file-pdf\" viewbox=\"0 0 384 512\" xmlns=\"http:\/\/www.w3.org\/2000\/svg\"><path d=\"M369.9 97.9L286 14C277 5 264.8-.1 252.1-.1H48C21.5 0 0 21.5 0 48v416c0 26.5 21.5 48 48 48h288c26.5 0 48-21.5 48-48V131.9c0-12.7-5.1-25-14.1-34zM332.1 128H256V51.9l76.1 76.1zM48 464V48h160v104c0 13.3 10.7 24 24 24h104v288H48zm250.2-143.7c-12.2-12-47-8.7-64.4-6.5-17.2-10.5-28.7-25-36.8-46.3 3.9-16.1 10.1-40.6 5.4-56-4.2-26.2-37.8-23.6-42.6-5.9-4.4 16.1-.4 38.5 7 67.1-10 23.9-24.9 56-35.4 74.4-20 10.3-47 26.2-51 46.2-3.3 15.8 26 55.2 76.1-31.2 22.4-7.4 46.8-16.5 68.4-20.1 18.9 10.2 41 17 55.8 17 25.5 0 28-28.2 17.5-38.7zm-198.1 77.8c5.1-13.7 24.5-29.5 30.4-35-19 30.3-30.4 35.7-30.4 35zm81.6-190.6c7.4 0 6.7 32.1 1.8 40.8-4.4-13.9-4.3-40.8-1.8-40.8zm-24.4 136.6c9.7-16.9 18-37 24.7-54.7 8.3 15.1 18.9 27.2 30.1 35.5-20.8 4.3-38.9 13.1-54.8 19.2zm131.6-5s-5 6-37.3-7.8c35.1-2.6 40.9 5.4 37.3 7.8z\"><\/path><\/svg>\t\t\t<\/span>\n\t\t\t\t\t\t\t\t\t<span class=\"elementor-button-text\">Download the responsible purchasing policy (FR)<\/span>\n\t\t\t\t\t<\/span>\n\t\t\t\t\t<\/a>\n\t\t\t\t<\/div>\n\t\t\t\t\t\t\t\t<\/div>\n\t\t\t\t<\/div>\n\t\t\t\t<div class=\"elementor-element elementor-element-5782321 elementor-align-center elementor-widget elementor-widget-button\" data-id=\"5782321\" data-element_type=\"widget\" data-e-type=\"widget\" data-widget_type=\"button.default\">\n\t\t\t\t<div class=\"elementor-widget-container\">\n\t\t\t\t\t\t\t\t\t<div class=\"elementor-button-wrapper\">\n\t\t\t\t\t<a class=\"elementor-button elementor-button-link elementor-size-sm\" href=\"https:\/\/addevmaterials.com\/RSE\/Sustainable-Purchasing-Policy.pdf\">\n\t\t\t\t\t\t<span class=\"elementor-button-content-wrapper\">\n\t\t\t\t\t\t<span class=\"elementor-button-icon\">\n\t\t\t\t<svg aria-hidden=\"true\" class=\"e-font-icon-svg e-far-file-pdf\" viewbox=\"0 0 384 512\" xmlns=\"http:\/\/www.w3.org\/2000\/svg\"><path d=\"M369.9 97.9L286 14C277 5 264.8-.1 252.1-.1H48C21.5 0 0 21.5 0 48v416c0 26.5 21.5 48 48 48h288c26.5 0 48-21.5 48-48V131.9c0-12.7-5.1-25-14.1-34zM332.1 128H256V51.9l76.1 76.1zM48 464V48h160v104c0 13.3 10.7 24 24 24h104v288H48zm250.2-143.7c-12.2-12-47-8.7-64.4-6.5-17.2-10.5-28.7-25-36.8-46.3 3.9-16.1 10.1-40.6 5.4-56-4.2-26.2-37.8-23.6-42.6-5.9-4.4 16.1-.4 38.5 7 67.1-10 23.9-24.9 56-35.4 74.4-20 10.3-47 26.2-51 46.2-3.3 15.8 26 55.2 76.1-31.2 22.4-7.4 46.8-16.5 68.4-20.1 18.9 10.2 41 17 55.8 17 25.5 0 28-28.2 17.5-38.7zm-198.1 77.8c5.1-13.7 24.5-29.5 30.4-35-19 30.3-30.4 35.7-30.4 35zm81.6-190.6c7.4 0 6.7 32.1 1.8 40.8-4.4-13.9-4.3-40.8-1.8-40.8zm-24.4 136.6c9.7-16.9 18-37 24.7-54.7 8.3 15.1 18.9 27.2 30.1 35.5-20.8 4.3-38.9 13.1-54.8 19.2zm131.6-5s-5 6-37.3-7.8c35.1-2.6 40.9 5.4 37.3 7.8z\"><\/path><\/svg>\t\t\t<\/span>\n\t\t\t\t\t\t\t\t\t<span class=\"elementor-button-text\">Download the Sustainable Purchasing Policy (EN)<\/span>\n\t\t\t\t\t<\/span>\n\t\t\t\t\t<\/a>\n\t\t\t\t<\/div>\n\t\t\t\t\t\t\t\t<\/div>\n\t\t\t\t<\/div>\n\t\t\t\t<\/div>\n\t\t<div class=\"elementor-element elementor-element-5b8ada3 e-con-full e-flex e-con e-child\" data-id=\"5b8ada3\" data-element_type=\"container\" data-e-type=\"container\">\n\t\t\t\t<div class=\"elementor-element elementor-element-08491c7 elementor-widget elementor-widget-text-editor\" data-id=\"08491c7\" data-element_type=\"widget\" data-e-type=\"widget\" data-widget_type=\"text-editor.default\">\n\t\t\t\t<div class=\"elementor-widget-container\">\n\t\t\t\t\t\t\t\t\t<h2>Our policy<\/h2><p>In 2022, ADDEV Materials formalised its approach to Responsible Purchasing by drafting a new dedicated policy detailing its approach, commitments and expectations in terms of business ethics and the promotion of sustainable purchasing.<\/p><p><br \/>To make this policy more dynamic, the indicators will be re-evaluated and new monitoring indicators may be added each year. In 2024, the additional indicators will include the amounts spent with solidarity structures, indirect purchases made locally, and the percentage of buyers trained in responsible purchasing, thus completing the existing indicators.<\/p><p><br \/>ADDEV Materials's Responsible Purchasing policy must enable us to<br \/>ensure that a sustainable approach to purchasing is taken into account at all its sites, by sharing common values and objectives, both in the search for more environmentally-friendly solutions and products and in the adaptation of its processes, in order to integrate a set of CSR criteria into its sourcing activities and in the choice of its long-term partnerships.<\/p>\t\t\t\t\t\t\t\t<\/div>\n\t\t\t\t<\/div>\n\t\t\t\t<\/div>\n\t\t\t\t\t<\/div>\n\t\t\t\t<\/div>\n\t\t\t\t<\/div>","protected":false},"excerpt":{"rendered":"<p>Notre engagement achats responsables Nos engagements La signature de la Charte Achats Responsables Dans la continuit\u00e9 de nos efforts, en 2024 nous avons pu atteindre le socle de 251 fournisseurs partenaires signataires, repr\u00e9sentant ainsi 50% des d\u00e9penses d\u2019ADDEV Materials.L\u2019objectif est d\u2019atteindre une couverture de 85% d\u2019ici 2025. En 2024, ADDEV Materials adh\u00e8re \u00e0 la charte [&hellip;]<\/p>\n","protected":false},"author":15,"featured_media":0,"parent":0,"menu_order":0,"comment_status":"closed","ping_status":"closed","template":"elementor_header_footer","meta":{"footnotes":""},"class_list":["post-5036","page","type-page","status-publish","hentry"],"yoast_head":"<!-- This site is optimized with the Yoast SEO plugin v27.4 - https:\/\/yoast.com\/product\/yoast-seo-wordpress\/ -->\n<title>Relations Fournisseurs et Achats Responsables - ADDEV Materials<\/title>\n<meta name=\"robots\" content=\"index, follow, max-snippet:-1, max-image-preview:large, max-video-preview:-1\" \/>\n<link rel=\"canonical\" href=\"https:\/\/addevmaterials.com\/en\/responsible-supplier-and-purchasing-relations\/\" \/>\n<meta property=\"og:locale\" content=\"en_GB\" \/>\n<meta property=\"og:type\" content=\"article\" \/>\n<meta property=\"og:title\" content=\"Relations Fournisseurs et Achats Responsables - ADDEV Materials\" \/>\n<meta property=\"og:description\" content=\"Notre engagement achats responsables Nos engagements La signature de la Charte Achats Responsables Dans la continuit\u00e9 de nos efforts, en 2024 nous avons pu atteindre le socle de 251 fournisseurs partenaires signataires, repr\u00e9sentant ainsi 50% des d\u00e9penses d\u2019ADDEV Materials.L\u2019objectif est d\u2019atteindre une couverture de 85% d\u2019ici 2025. En 2024, ADDEV Materials adh\u00e8re \u00e0 la charte [&hellip;]\" \/>\n<meta property=\"og:url\" content=\"https:\/\/addevmaterials.com\/en\/responsible-supplier-and-purchasing-relations\/\" \/>\n<meta property=\"og:site_name\" content=\"ADDEV Materials\" \/>\n<meta property=\"article:modified_time\" content=\"2026-04-13T13:11:44+00:00\" \/>\n<meta property=\"og:image\" content=\"https:\/\/addevmaterials.com\/wp-content\/uploads\/2024\/07\/sustainable-purchasing-chater.png\" \/>\n<meta name=\"twitter:card\" content=\"summary_large_image\" \/>\n<meta name=\"twitter:label1\" content=\"Estimated reading time\" \/>\n\t<meta name=\"twitter:data1\" content=\"2 minutes\" \/>\n<script type=\"application\/ld+json\" class=\"yoast-schema-graph\">{\"@context\":\"https:\\\/\\\/schema.org\",\"@graph\":[{\"@type\":\"WebPage\",\"@id\":\"https:\\\/\\\/addevmaterials.com\\\/relations-fournisseurs-et-achats-responsables\\\/\",\"url\":\"https:\\\/\\\/addevmaterials.com\\\/relations-fournisseurs-et-achats-responsables\\\/\",\"name\":\"Relations Fournisseurs et Achats Responsables - ADDEV Materials\",\"isPartOf\":{\"@id\":\"https:\\\/\\\/addevmaterials.com\\\/fr\\\/#website\"},\"primaryImageOfPage\":{\"@id\":\"https:\\\/\\\/addevmaterials.com\\\/relations-fournisseurs-et-achats-responsables\\\/#primaryimage\"},\"image\":{\"@id\":\"https:\\\/\\\/addevmaterials.com\\\/relations-fournisseurs-et-achats-responsables\\\/#primaryimage\"},\"thumbnailUrl\":\"https:\\\/\\\/addevmaterials.com\\\/wp-content\\\/uploads\\\/2024\\\/07\\\/sustainable-purchasing-chater.png\",\"datePublished\":\"2024-07-19T11:58:04+00:00\",\"dateModified\":\"2026-04-13T13:11:44+00:00\",\"breadcrumb\":{\"@id\":\"https:\\\/\\\/addevmaterials.com\\\/relations-fournisseurs-et-achats-responsables\\\/#breadcrumb\"},\"inLanguage\":\"en-GB\",\"potentialAction\":[{\"@type\":\"ReadAction\",\"target\":[\"https:\\\/\\\/addevmaterials.com\\\/relations-fournisseurs-et-achats-responsables\\\/\"]}]},{\"@type\":\"ImageObject\",\"inLanguage\":\"en-GB\",\"@id\":\"https:\\\/\\\/addevmaterials.com\\\/relations-fournisseurs-et-achats-responsables\\\/#primaryimage\",\"url\":\"https:\\\/\\\/addevmaterials.com\\\/wp-content\\\/uploads\\\/2024\\\/07\\\/sustainable-purchasing-chater.png\",\"contentUrl\":\"https:\\\/\\\/addevmaterials.com\\\/wp-content\\\/uploads\\\/2024\\\/07\\\/sustainable-purchasing-chater.png\"},{\"@type\":\"BreadcrumbList\",\"@id\":\"https:\\\/\\\/addevmaterials.com\\\/relations-fournisseurs-et-achats-responsables\\\/#breadcrumb\",\"itemListElement\":[{\"@type\":\"ListItem\",\"position\":1,\"name\":\"Accueil\",\"item\":\"https:\\\/\\\/addevmaterials.com\\\/\"},{\"@type\":\"ListItem\",\"position\":2,\"name\":\"Relations Fournisseurs et Achats Responsables\"}]},{\"@type\":\"WebSite\",\"@id\":\"https:\\\/\\\/addevmaterials.com\\\/fr\\\/#website\",\"url\":\"https:\\\/\\\/addevmaterials.com\\\/fr\\\/\",\"name\":\"ADDEV Materials\",\"description\":\"\",\"potentialAction\":[{\"@type\":\"SearchAction\",\"target\":{\"@type\":\"EntryPoint\",\"urlTemplate\":\"https:\\\/\\\/addevmaterials.com\\\/fr\\\/?s={search_term_string}\"},\"query-input\":{\"@type\":\"PropertyValueSpecification\",\"valueRequired\":true,\"valueName\":\"search_term_string\"}}],\"inLanguage\":\"en-GB\"}]}<\/script>\n<!-- \/ Yoast SEO plugin. -->","yoast_head_json":{"title":"Supplier Relations and Responsible Purchasing - ADDEV Materials","robots":{"index":"index","follow":"follow","max-snippet":"max-snippet:-1","max-image-preview":"max-image-preview:large","max-video-preview":"max-video-preview:-1"},"canonical":"https:\/\/addevmaterials.com\/en\/responsible-supplier-and-purchasing-relations\/","og_locale":"en_GB","og_type":"article","og_title":"Relations Fournisseurs et Achats Responsables - ADDEV Materials","og_description":"Notre engagement achats responsables Nos engagements La signature de la Charte Achats Responsables Dans la continuit\u00e9 de nos efforts, en 2024 nous avons pu atteindre le socle de 251 fournisseurs partenaires signataires, repr\u00e9sentant ainsi 50% des d\u00e9penses d\u2019ADDEV Materials.L\u2019objectif est d\u2019atteindre une couverture de 85% d\u2019ici 2025. En 2024, ADDEV Materials adh\u00e8re \u00e0 la charte [&hellip;]","og_url":"https:\/\/addevmaterials.com\/en\/responsible-supplier-and-purchasing-relations\/","og_site_name":"ADDEV Materials","article_modified_time":"2026-04-13T13:11:44+00:00","og_image":[{"url":"https:\/\/addevmaterials.com\/wp-content\/uploads\/2024\/07\/sustainable-purchasing-chater.png","type":"","width":"","height":""}],"twitter_card":"summary_large_image","twitter_misc":{"Estimated reading time":"2 minutes"},"schema":{"@context":"https:\/\/schema.org","@graph":[{"@type":"WebPage","@id":"https:\/\/addevmaterials.com\/relations-fournisseurs-et-achats-responsables\/","url":"https:\/\/addevmaterials.com\/relations-fournisseurs-et-achats-responsables\/","name":"Supplier Relations and Responsible Purchasing - ADDEV Materials","isPartOf":{"@id":"https:\/\/addevmaterials.com\/fr\/#website"},"primaryImageOfPage":{"@id":"https:\/\/addevmaterials.com\/relations-fournisseurs-et-achats-responsables\/#primaryimage"},"image":{"@id":"https:\/\/addevmaterials.com\/relations-fournisseurs-et-achats-responsables\/#primaryimage"},"thumbnailUrl":"https:\/\/addevmaterials.com\/wp-content\/uploads\/2024\/07\/sustainable-purchasing-chater.png","datePublished":"2024-07-19T11:58:04+00:00","dateModified":"2026-04-13T13:11:44+00:00","breadcrumb":{"@id":"https:\/\/addevmaterials.com\/relations-fournisseurs-et-achats-responsables\/#breadcrumb"},"inLanguage":"en-GB","potentialAction":[{"@type":"ReadAction","target":["https:\/\/addevmaterials.com\/relations-fournisseurs-et-achats-responsables\/"]}]},{"@type":"ImageObject","inLanguage":"en-GB","@id":"https:\/\/addevmaterials.com\/relations-fournisseurs-et-achats-responsables\/#primaryimage","url":"https:\/\/addevmaterials.com\/wp-content\/uploads\/2024\/07\/sustainable-purchasing-chater.png","contentUrl":"https:\/\/addevmaterials.com\/wp-content\/uploads\/2024\/07\/sustainable-purchasing-chater.png"},{"@type":"BreadcrumbList","@id":"https:\/\/addevmaterials.com\/relations-fournisseurs-et-achats-responsables\/#breadcrumb","itemListElement":[{"@type":"ListItem","position":1,"name":"Accueil","item":"https:\/\/addevmaterials.com\/"},{"@type":"ListItem","position":2,"name":"Relations Fournisseurs et Achats Responsables"}]},{"@type":"WebSite","@id":"https:\/\/addevmaterials.com\/fr\/#website","url":"https:\/\/addevmaterials.com\/fr\/","name":"ADDEV Materials","description":"","potentialAction":[{"@type":"SearchAction","target":{"@type":"EntryPoint","urlTemplate":"https:\/\/addevmaterials.com\/fr\/?s={search_term_string}"},"query-input":{"@type":"PropertyValueSpecification","valueRequired":true,"valueName":"search_term_string"}}],"inLanguage":"en-GB"}]}},"distributor_meta":false,"distributor_terms":false,"distributor_media":false,"distributor_original_site_name":"ADDEV Materials","distributor_original_site_url":"https:\/\/addevmaterials.com\/en","push-errors":false,"_links":{"self":[{"href":"https:\/\/addevmaterials.com\/en\/wp-json\/wp\/v2\/pages\/5036","targetHints":{"allow":["GET"]}}],"collection":[{"href":"https:\/\/addevmaterials.com\/en\/wp-json\/wp\/v2\/pages"}],"about":[{"href":"https:\/\/addevmaterials.com\/en\/wp-json\/wp\/v2\/types\/page"}],"author":[{"embeddable":true,"href":"https:\/\/addevmaterials.com\/en\/wp-json\/wp\/v2\/users\/15"}],"replies":[{"embeddable":true,"href":"https:\/\/addevmaterials.com\/en\/wp-json\/wp\/v2\/comments?post=5036"}],"version-history":[{"count":45,"href":"https:\/\/addevmaterials.com\/en\/wp-json\/wp\/v2\/pages\/5036\/revisions"}],"predecessor-version":[{"id":10297,"href":"https:\/\/addevmaterials.com\/en\/wp-json\/wp\/v2\/pages\/5036\/revisions\/10297"}],"wp:attachment":[{"href":"https:\/\/addevmaterials.com\/en\/wp-json\/wp\/v2\/media?parent=5036"}],"curies":[{"name":"wp","href":"https:\/\/api.w.org\/{rel}","templated":true}]}}