{"id":5777,"date":"2025-03-04T14:04:43","date_gmt":"2025-03-04T14:04:43","guid":{"rendered":"https:\/\/addevmaterials.com\/?page_id=5777"},"modified":"2026-02-22T20:45:41","modified_gmt":"2026-02-22T20:45:41","slug":"interview-with-vanessa-north","status":"publish","type":"page","link":"https:\/\/addevmaterials.com\/en\/interview-de-vanessa-north\/","title":{"rendered":"Interview with Vanessa NORTH, Customer Service Management"},"content":{"rendered":"<div data-elementor-type=\"wp-page\" data-elementor-id=\"5777\" class=\"elementor elementor-5777\" data-elementor-post-type=\"page\">\n\t\t\t\t\t\t<section class=\"elementor-section elementor-top-section elementor-element elementor-element-20fbcd37 elementor-section-boxed elementor-section-height-default elementor-section-height-default\" data-id=\"20fbcd37\" data-element_type=\"section\" data-e-type=\"section\" data-settings=\"{&quot;background_background&quot;:&quot;classic&quot;}\">\n\t\t\t\t\t\t\t<div class=\"elementor-background-overlay\"><\/div>\n\t\t\t\t\t\t\t<div class=\"elementor-container elementor-column-gap-default\">\n\t\t\t\t\t<div class=\"elementor-column elementor-col-100 elementor-top-column elementor-element elementor-element-2b86fcf8\" data-id=\"2b86fcf8\" data-element_type=\"column\" data-e-type=\"column\">\n\t\t\t<div class=\"elementor-widget-wrap elementor-element-populated\">\n\t\t\t\t\t\t<div class=\"elementor-element elementor-element-acac1d4 elementor-widget elementor-widget-heading\" data-id=\"acac1d4\" data-element_type=\"widget\" data-e-type=\"widget\" data-widget_type=\"heading.default\">\n\t\t\t\t<div class=\"elementor-widget-container\">\n\t\t\t\t\t<h1 class=\"elementor-heading-title elementor-size-default\">Interview with Vanessa NORTH, Customer Service Representative<\/h1>\t\t\t\t<\/div>\n\t\t\t\t<\/div>\n\t\t\t\t\t<\/div>\n\t\t<\/div>\n\t\t\t\t\t<\/div>\n\t\t<\/section>\n\t\t<div class=\"elementor-element elementor-element-81e7f2a e-flex e-con-boxed e-con e-parent\" data-id=\"81e7f2a\" data-element_type=\"container\" data-e-type=\"container\">\n\t\t\t\t\t<div class=\"e-con-inner\">\n\t\t\t\t<div class=\"elementor-element elementor-element-fc34202 elementor-widget elementor-widget-text-editor\" data-id=\"fc34202\" data-element_type=\"widget\" data-e-type=\"widget\" data-widget_type=\"text-editor.default\">\n\t\t\t\t<div class=\"elementor-widget-container\">\n\t\t\t\t\t\t\t\t\t<p>1. Introduction and Professional background<\/p><ul><li data-start=\"48\" data-end=\"707\"><em>Can you tell us about your role at ADDEV Materials and the path that led you to this position?<\/em><\/li><\/ul><p data-start=\"48\" data-end=\"707\">I am currently Customer Services Manager at ADDEV Materials Aerospace Ltd. My career started in 1994 when I joined PSG Ltd as a Technical Assistant. I worked in production as well as in the technical office. I then progressed to Technical Supervisor, where I managed a production team while continuing to provide technical support from the office. I then moved into Customer Services, where I held a number of different positions before taking up my current role in February.<\/p><ul><li data-start=\"709\" data-end=\"886\"><em>What have been the key moments or main challenges in your professional development?<\/em><\/li><\/ul><p data-start=\"709\" data-end=\"886\">Being a woman, a mother and a wife, while managing children and a home.<\/p><h3 data-start=\"888\" data-end=\"944\">2. Experience as a woman in your sector<\/h3><ul><li data-start=\"945\" data-end=\"1555\"><em>Given that this sector has historically been dominated by men, how did you experience your integration and career progression?<\/em><\/li><\/ul><p><span style=\"color: var( --e-global-color-text ); font-family: var( --e-global-typography-text-font-family ), Sans-serif; font-weight: var( --e-global-typography-text-font-weight ); text-align: var(--text-align);\">I had to overcome the stereotype that only men can understand the technical aspects of the industry.<\/span><\/p><p>In my early days, it used to make me smile when calls were transferred and customers were surprised to hear a woman on the other end of the line asking, \"Sorry, did I want to be transferred to the technical department?\" But by the end of the call, I hope they realised I had the knowledge and expertise.<\/p><ul><li data-start=\"1557\" data-end=\"1757\"><em>Have you faced any specific challenges as a woman? If so, how did you overcome them?<\/em><\/li><\/ul><p data-start=\"1557\" data-end=\"1757\">I overcame them by demonstrating my in-depth knowledge of the products and the company.<\/p><ul><li data-start=\"1759\" data-end=\"1857\"><em>How do you think the role of women in your sector has changed in recent years?<\/em><\/li><\/ul><h3 data-start=\"1859\" data-end=\"1893\">3. Leadership and inspiration<\/h3><ul><li data-start=\"1894\" data-end=\"2036\"><em>In your opinion, what are the essential qualities needed to be a woman leader today?<\/em><\/li><\/ul><p>Integrity, honesty and transparency.<\/p><ul><li data-start=\"2038\" data-end=\"2416\"><em>Have you had any mentors or inspirational figures, either at ADDEV or elsewhere, who have influenced your career?<\/em><\/li><\/ul><p data-start=\"2038\" data-end=\"2416\">My greatest mentor throughout my career has been Colin Bolton, my former Technical Manager and now retiring colleague. He provided me with a solid knowledge base that has accompanied me throughout my development.<\/p><h3 data-start=\"2418\" data-end=\"2481\">4. Work-life balance<\/h3><ul><li data-start=\"2482\" data-end=\"2807\"><em>What challenges have you faced in balancing your career and your personal life?<\/em><\/li><\/ul><p data-start=\"2482\" data-end=\"2807\">My biggest challenge was when my children were young: juggling nannies, au pairs, school, extra-curricular activities and so on. It definitely gets easier as they get older.<\/p><ul><li data-start=\"2809\" data-end=\"3101\"><em>What advice would you give to women who want to progress professionally while maintaining a healthy work-life balance?<\/em><\/li><\/ul><p data-start=\"2809\" data-end=\"3101\">Take time for yourself. For me, sport is my outlet and helps me keep my mind and body strong.<\/p><h3 data-start=\"3103\" data-end=\"3144\">5. Vision and Advice for the Future<\/h3><ul><li data-start=\"3145\" data-end=\"3470\"><em>What message would you like to give to young women who are reluctant to enter your field or aim for leadership positions?<\/em><\/li><\/ul><p data-start=\"3145\" data-end=\"3470\" data-is-last-node=\"\" data-is-only-node=\"\">Be confident in yourself and be the best version of yourself. Don't try to be what you or others think you should be. Be yourself and inspire by example.<\/p>\t\t\t\t\t\t\t\t<\/div>\n\t\t\t\t<\/div>\n\t\t\t\t\t<\/div>\n\t\t\t\t<\/div>\n\t\t\t\t<\/div>","protected":false},"excerpt":{"rendered":"<p>Interview de Vanessa NORTH, Repr\u00e9sentante du service client 1. Introduction et Parcours Professionnel Pouvez-vous nous parler de votre r\u00f4le chez ADDEV Materials et du parcours qui vous a men\u00e9e \u00e0 ce poste ? Je suis actuellement Responsable du Service Client chez ADDEV Materials Aerospace Ltd. Mon parcours a d\u00e9but\u00e9 en 1994 lorsque j\u2019ai rejoint PSG [&hellip;]<\/p>\n","protected":false},"author":11,"featured_media":0,"parent":0,"menu_order":0,"comment_status":"closed","ping_status":"closed","template":"elementor_canvas","meta":{"footnotes":""},"class_list":["post-5777","page","type-page","status-publish","hentry"],"yoast_head":"<!-- This site is optimized with the Yoast SEO plugin v27.5 - https:\/\/yoast.com\/product\/yoast-seo-wordpress\/ -->\n<title>Interview de Vanessa NORTH, Management service client - ADDEV Materials<\/title>\n<meta name=\"robots\" content=\"index, follow, max-snippet:-1, max-image-preview:large, max-video-preview:-1\" \/>\n<link rel=\"canonical\" href=\"https:\/\/addevmaterials.com\/en\/interview-with-vanessa-north\/\" \/>\n<meta property=\"og:locale\" content=\"en_GB\" \/>\n<meta property=\"og:type\" content=\"article\" \/>\n<meta property=\"og:title\" content=\"Interview de Vanessa NORTH, Management service client - ADDEV Materials\" \/>\n<meta property=\"og:description\" content=\"Interview de Vanessa NORTH, Repr\u00e9sentante du service client 1. Introduction et Parcours Professionnel Pouvez-vous nous parler de votre r\u00f4le chez ADDEV Materials et du parcours qui vous a men\u00e9e \u00e0 ce poste ? Je suis actuellement Responsable du Service Client chez ADDEV Materials Aerospace Ltd. Mon parcours a d\u00e9but\u00e9 en 1994 lorsque j\u2019ai rejoint PSG [&hellip;]\" \/>\n<meta property=\"og:url\" content=\"https:\/\/addevmaterials.com\/en\/interview-with-vanessa-north\/\" \/>\n<meta property=\"og:site_name\" content=\"ADDEV Materials\" \/>\n<meta property=\"article:modified_time\" content=\"2026-02-22T20:45:41+00:00\" \/>\n<meta name=\"twitter:card\" content=\"summary_large_image\" \/>\n<meta name=\"twitter:label1\" content=\"Estimated reading time\" \/>\n\t<meta name=\"twitter:data1\" content=\"3 minutes\" \/>\n<script type=\"application\/ld+json\" class=\"yoast-schema-graph\">{\"@context\":\"https:\\\/\\\/schema.org\",\"@graph\":[{\"@type\":\"WebPage\",\"@id\":\"https:\\\/\\\/addevmaterials.com\\\/interview-de-vanessa-north\\\/\",\"url\":\"https:\\\/\\\/addevmaterials.com\\\/interview-de-vanessa-north\\\/\",\"name\":\"Interview de Vanessa NORTH, Management service client - ADDEV Materials\",\"isPartOf\":{\"@id\":\"https:\\\/\\\/addevmaterials.com\\\/fr\\\/#website\"},\"datePublished\":\"2025-03-04T14:04:43+00:00\",\"dateModified\":\"2026-02-22T20:45:41+00:00\",\"breadcrumb\":{\"@id\":\"https:\\\/\\\/addevmaterials.com\\\/interview-de-vanessa-north\\\/#breadcrumb\"},\"inLanguage\":\"en-GB\",\"potentialAction\":[{\"@type\":\"ReadAction\",\"target\":[\"https:\\\/\\\/addevmaterials.com\\\/interview-de-vanessa-north\\\/\"]}]},{\"@type\":\"BreadcrumbList\",\"@id\":\"https:\\\/\\\/addevmaterials.com\\\/interview-de-vanessa-north\\\/#breadcrumb\",\"itemListElement\":[{\"@type\":\"ListItem\",\"position\":1,\"name\":\"Accueil\",\"item\":\"https:\\\/\\\/addevmaterials.com\\\/\"},{\"@type\":\"ListItem\",\"position\":2,\"name\":\"Interview de Vanessa NORTH, Management service client\"}]},{\"@type\":\"WebSite\",\"@id\":\"https:\\\/\\\/addevmaterials.com\\\/fr\\\/#website\",\"url\":\"https:\\\/\\\/addevmaterials.com\\\/fr\\\/\",\"name\":\"ADDEV Materials\",\"description\":\"\",\"potentialAction\":[{\"@type\":\"SearchAction\",\"target\":{\"@type\":\"EntryPoint\",\"urlTemplate\":\"https:\\\/\\\/addevmaterials.com\\\/fr\\\/?s={search_term_string}\"},\"query-input\":{\"@type\":\"PropertyValueSpecification\",\"valueRequired\":true,\"valueName\":\"search_term_string\"}}],\"inLanguage\":\"en-GB\"}]}<\/script>\n<!-- \/ Yoast SEO plugin. -->","yoast_head_json":{"title":"Interview with Vanessa NORTH, Customer Service Management - ADDEV Materials","robots":{"index":"index","follow":"follow","max-snippet":"max-snippet:-1","max-image-preview":"max-image-preview:large","max-video-preview":"max-video-preview:-1"},"canonical":"https:\/\/addevmaterials.com\/en\/interview-with-vanessa-north\/","og_locale":"en_GB","og_type":"article","og_title":"Interview de Vanessa NORTH, Management service client - ADDEV Materials","og_description":"Interview de Vanessa NORTH, Repr\u00e9sentante du service client 1. Introduction et Parcours Professionnel Pouvez-vous nous parler de votre r\u00f4le chez ADDEV Materials et du parcours qui vous a men\u00e9e \u00e0 ce poste ? Je suis actuellement Responsable du Service Client chez ADDEV Materials Aerospace Ltd. Mon parcours a d\u00e9but\u00e9 en 1994 lorsque j\u2019ai rejoint PSG [&hellip;]","og_url":"https:\/\/addevmaterials.com\/en\/interview-with-vanessa-north\/","og_site_name":"ADDEV Materials","article_modified_time":"2026-02-22T20:45:41+00:00","twitter_card":"summary_large_image","twitter_misc":{"Estimated reading time":"3 minutes"},"schema":{"@context":"https:\/\/schema.org","@graph":[{"@type":"WebPage","@id":"https:\/\/addevmaterials.com\/interview-de-vanessa-north\/","url":"https:\/\/addevmaterials.com\/interview-de-vanessa-north\/","name":"Interview with Vanessa NORTH, Customer Service Management - ADDEV Materials","isPartOf":{"@id":"https:\/\/addevmaterials.com\/fr\/#website"},"datePublished":"2025-03-04T14:04:43+00:00","dateModified":"2026-02-22T20:45:41+00:00","breadcrumb":{"@id":"https:\/\/addevmaterials.com\/interview-de-vanessa-north\/#breadcrumb"},"inLanguage":"en-GB","potentialAction":[{"@type":"ReadAction","target":["https:\/\/addevmaterials.com\/interview-de-vanessa-north\/"]}]},{"@type":"BreadcrumbList","@id":"https:\/\/addevmaterials.com\/interview-de-vanessa-north\/#breadcrumb","itemListElement":[{"@type":"ListItem","position":1,"name":"Accueil","item":"https:\/\/addevmaterials.com\/"},{"@type":"ListItem","position":2,"name":"Interview de Vanessa NORTH, Management service client"}]},{"@type":"WebSite","@id":"https:\/\/addevmaterials.com\/fr\/#website","url":"https:\/\/addevmaterials.com\/fr\/","name":"ADDEV Materials","description":"","potentialAction":[{"@type":"SearchAction","target":{"@type":"EntryPoint","urlTemplate":"https:\/\/addevmaterials.com\/fr\/?s={search_term_string}"},"query-input":{"@type":"PropertyValueSpecification","valueRequired":true,"valueName":"search_term_string"}}],"inLanguage":"en-GB"}]}},"distributor_meta":false,"distributor_terms":false,"distributor_media":false,"distributor_original_site_name":"ADDEV Materials","distributor_original_site_url":"https:\/\/addevmaterials.com\/en","push-errors":false,"_links":{"self":[{"href":"https:\/\/addevmaterials.com\/en\/wp-json\/wp\/v2\/pages\/5777","targetHints":{"allow":["GET"]}}],"collection":[{"href":"https:\/\/addevmaterials.com\/en\/wp-json\/wp\/v2\/pages"}],"about":[{"href":"https:\/\/addevmaterials.com\/en\/wp-json\/wp\/v2\/types\/page"}],"author":[{"embeddable":true,"href":"https:\/\/addevmaterials.com\/en\/wp-json\/wp\/v2\/users\/11"}],"replies":[{"embeddable":true,"href":"https:\/\/addevmaterials.com\/en\/wp-json\/wp\/v2\/comments?post=5777"}],"version-history":[{"count":13,"href":"https:\/\/addevmaterials.com\/en\/wp-json\/wp\/v2\/pages\/5777\/revisions"}],"predecessor-version":[{"id":10267,"href":"https:\/\/addevmaterials.com\/en\/wp-json\/wp\/v2\/pages\/5777\/revisions\/10267"}],"wp:attachment":[{"href":"https:\/\/addevmaterials.com\/en\/wp-json\/wp\/v2\/media?parent=5777"}],"curies":[{"name":"wp","href":"https:\/\/api.w.org\/{rel}","templated":true}]}}