{"id":8825,"date":"2025-11-26T09:52:39","date_gmt":"2025-11-26T09:52:39","guid":{"rendered":"https:\/\/addevmaterials.com\/?page_id=8825"},"modified":"2026-04-13T13:04:43","modified_gmt":"2026-04-13T13:04:43","slug":"specialised-manufacturing","status":"publish","type":"page","link":"https:\/\/addevmaterials.com\/en\/expertises\/fabrication-specialisee\/","title":{"rendered":"Specialist manufacturing"},"content":{"rendered":"\t\t<div data-elementor-type=\"wp-page\" data-elementor-id=\"8825\" class=\"elementor elementor-8825\" data-elementor-post-type=\"page\">\n\t\t\t\t<div class=\"elementor-element elementor-element-27392c4 e-flex e-con-boxed e-con e-parent\" data-id=\"27392c4\" data-element_type=\"container\" data-e-type=\"container\" data-settings=\"{&quot;background_background&quot;:&quot;classic&quot;,&quot;background_motion_fx_motion_fx_scrolling&quot;:&quot;yes&quot;,&quot;background_motion_fx_translateX_effect&quot;:&quot;yes&quot;,&quot;background_motion_fx_translateX_speed&quot;:{&quot;unit&quot;:&quot;px&quot;,&quot;size&quot;:4,&quot;sizes&quot;:[]},&quot;background_motion_fx_translateX_affectedRange&quot;:{&quot;unit&quot;:&quot;%&quot;,&quot;size&quot;:&quot;&quot;,&quot;sizes&quot;:{&quot;start&quot;:0,&quot;end&quot;:100}},&quot;background_motion_fx_devices&quot;:[&quot;widescreen&quot;,&quot;desktop&quot;,&quot;laptop&quot;,&quot;tablet_extra&quot;,&quot;tablet&quot;,&quot;mobile_extra&quot;,&quot;mobile&quot;]}\">\n\t\t\t\t\t<div class=\"e-con-inner\">\n\t\t\t\t<div class=\"elementor-element elementor-element-bac2b3d elementor-widget elementor-widget-heading\" data-id=\"bac2b3d\" data-element_type=\"widget\" data-e-type=\"widget\" data-widget_type=\"heading.default\">\n\t\t\t\t<div class=\"elementor-widget-container\">\n\t\t\t\t\t<h1 class=\"elementor-heading-title elementor-size-default\">Fabrication sp\u00e9cialis\u00e9e - ADDEV Materials<\/h1>\t\t\t\t<\/div>\n\t\t\t\t<\/div>\n\t\t\t\t\t<\/div>\n\t\t\t\t<\/div>\n\t\t<div class=\"elementor-element elementor-element-d3696fa e-flex e-con-boxed e-con e-parent\" data-id=\"d3696fa\" data-element_type=\"container\" data-e-type=\"container\" data-settings=\"{&quot;background_background&quot;:&quot;classic&quot;}\">\n\t\t\t\t\t<div class=\"e-con-inner\">\n\t\t<div class=\"elementor-element elementor-element-4d6f04a e-con-full e-flex e-con e-child\" data-id=\"4d6f04a\" data-element_type=\"container\" data-e-type=\"container\">\n\t\t\t\t<div class=\"elementor-element elementor-element-185ec47 elementor-widget elementor-widget-text-editor\" data-id=\"185ec47\" data-element_type=\"widget\" data-e-type=\"widget\" data-widget_type=\"text-editor.default\">\n\t\t\t\t<div class=\"elementor-widget-container\">\n\t\t\t\t\t\t\t\t\t<p><strong>ADDEV Materials d\u00e9veloppe \u00e9galement des gammes de produits de niche con\u00e7ues pour r\u00e9pondre aux exigences \u00e9lev\u00e9es des industries les plus critiques. <\/strong><\/p><p><strong>Gr\u00e2ce \u00e0 ses marques propri\u00e9taires, l\u2019entreprise propose des solutions sp\u00e9cialis\u00e9es combinant performance technique, fiabilit\u00e9 et expertise process.<\/strong><\/p><p><strong>Ces capacit\u00e9s industrielles renforcent l\u2019engagement d\u2019ADDEV Materials envers l\u2019innovation, la qualit\u00e9 et des solutions centr\u00e9es sur les besoins clients.<\/strong><\/p>\t\t\t\t\t\t\t\t<\/div>\n\t\t\t\t<\/div>\n\t\t\t\t<\/div>\n\t\t\t\t\t<\/div>\n\t\t\t\t<\/div>\n\t\t<div class=\"elementor-element elementor-element-35c5c24 e-flex e-con-boxed e-con e-parent\" data-id=\"35c5c24\" data-element_type=\"container\" data-e-type=\"container\">\n\t\t\t\t\t<div class=\"e-con-inner\">\n\t\t\t\t<div class=\"elementor-element elementor-element-39438f1 elementor-widget-divider--view-line elementor-widget elementor-widget-divider\" data-id=\"39438f1\" data-element_type=\"widget\" data-e-type=\"widget\" data-widget_type=\"divider.default\">\n\t\t\t\t<div class=\"elementor-widget-container\">\n\t\t\t\t\t\t\t<div class=\"elementor-divider\">\n\t\t\t<span class=\"elementor-divider-separator\">\n\t\t\t\t\t\t<\/span>\n\t\t<\/div>\n\t\t\t\t\t\t<\/div>\n\t\t\t\t<\/div>\n\t\t\t\t\t<\/div>\n\t\t\t\t<\/div>\n\t\t<div class=\"elementor-element elementor-element-f31256c e-con-full e-flex e-con e-parent\" data-id=\"f31256c\" data-element_type=\"container\" data-e-type=\"container\" data-settings=\"{&quot;background_background&quot;:&quot;classic&quot;}\">\n\t\t<div class=\"elementor-element elementor-element-0ddc419 e-con-full e-flex e-con e-child\" data-id=\"0ddc419\" data-element_type=\"container\" data-e-type=\"container\" data-settings=\"{&quot;background_background&quot;:&quot;classic&quot;}\">\n\t\t\t\t<div class=\"elementor-element elementor-element-29fb31a elementor-hidden-mobile elementor-widget elementor-widget-image\" data-id=\"29fb31a\" data-element_type=\"widget\" data-e-type=\"widget\" data-widget_type=\"image.default\">\n\t\t\t\t<div class=\"elementor-widget-container\">\n\t\t\t\t\t\t\t\t\t\t\t\t\t\t\t\t<a href=\"https:\/\/zipchem.com\/\">\n\t\t\t\t\t\t\t<img fetchpriority=\"high\" decoding=\"async\" width=\"625\" height=\"375\" src=\"https:\/\/addevmaterials.com\/wp-content\/uploads\/2025\/10\/Zipchem-logo.png\" class=\"elementor-animation-bob attachment-large size-large wp-image-7619\" alt=\"Zipchem-logo\" srcset=\"https:\/\/addevmaterials.com\/wp-content\/uploads\/2025\/10\/Zipchem-logo.png 625w, https:\/\/addevmaterials.com\/wp-content\/uploads\/2025\/10\/Zipchem-logo-300x180.png 300w, https:\/\/addevmaterials.com\/wp-content\/uploads\/2025\/10\/Zipchem-logo-18x12.png 18w\" sizes=\"(max-width: 625px) 100vw, 625px\" \/>\t\t\t\t\t\t\t\t<\/a>\n\t\t\t\t\t\t\t\t\t\t\t\t\t\t\t<\/div>\n\t\t\t\t<\/div>\n\t\t\t\t<div class=\"elementor-element elementor-element-2ad1a41 elementor-widget elementor-widget-heading\" data-id=\"2ad1a41\" data-element_type=\"widget\" data-e-type=\"widget\" data-widget_type=\"heading.default\">\n\t\t\t\t<div class=\"elementor-widget-container\">\n\t\t\t\t\t<h2 class=\"elementor-heading-title elementor-size-default\">ZIPCHEM\u00ae<\/h2>\t\t\t\t<\/div>\n\t\t\t\t<\/div>\n\t\t\t\t<div class=\"elementor-element elementor-element-0f2b341 elementor-widget elementor-widget-text-editor\" data-id=\"0f2b341\" data-element_type=\"widget\" data-e-type=\"widget\" data-widget_type=\"text-editor.default\">\n\t\t\t\t<div class=\"elementor-widget-container\">\n\t\t\t\t\t\t\t\t\t<p><strong>ZIPCHEM\u00ae<\/strong> est une marque de r\u00e9f\u00e9rence dans les produits chimiques haute performance destin\u00e9s \u00e0 l\u2019a\u00e9ronautique, au secteur militaire et aux compagnies a\u00e9riennes. Reconnue pour ses <strong>Corrosion Inhibiting Compounds (CIC\u2019s)<\/strong> de pointe, ses nettoyants, lubrifiants et solutions de pr\u00e9paration de surface, ZIPCHEM\u00ae fournit des formulations fiables, <strong>approuv\u00e9es par les OEM<\/strong>, conformes aux exigences strictes de la maintenance et de la fabrication a\u00e9ronautique.<\/p>\t\t\t\t\t\t\t\t<\/div>\n\t\t\t\t<\/div>\n\t\t\t\t<div class=\"elementor-element elementor-element-7005bca elementor-align-justify elementor-widget elementor-widget-button\" data-id=\"7005bca\" data-element_type=\"widget\" data-e-type=\"widget\" data-widget_type=\"button.default\">\n\t\t\t\t<div class=\"elementor-widget-container\">\n\t\t\t\t\t\t\t\t\t<div class=\"elementor-button-wrapper\">\n\t\t\t\t\t<a class=\"elementor-button elementor-button-link elementor-size-sm\" href=\"https:\/\/zipchem.com\/\">\n\t\t\t\t\t\t<span class=\"elementor-button-content-wrapper\">\n\t\t\t\t\t\t\t\t\t<span class=\"elementor-button-text\">D\u00e9couvir ZIPCHEM\u00ae<\/span>\n\t\t\t\t\t<\/span>\n\t\t\t\t\t<\/a>\n\t\t\t\t<\/div>\n\t\t\t\t\t\t\t\t<\/div>\n\t\t\t\t<\/div>\n\t\t\t\t<\/div>\n\t\t<div class=\"elementor-element elementor-element-0f4bd0e e-con-full e-flex e-con e-child\" data-id=\"0f4bd0e\" data-element_type=\"container\" data-e-type=\"container\" data-settings=\"{&quot;background_background&quot;:&quot;classic&quot;}\">\n\t\t\t\t<div class=\"elementor-element elementor-element-bb280b8 elementor-hidden-mobile elementor-widget elementor-widget-image\" data-id=\"bb280b8\" data-element_type=\"widget\" data-e-type=\"widget\" data-widget_type=\"image.default\">\n\t\t\t\t<div class=\"elementor-widget-container\">\n\t\t\t\t\t\t\t\t\t\t\t\t\t\t\t<img decoding=\"async\" width=\"750\" height=\"450\" src=\"https:\/\/addevmaterials.com\/wp-content\/uploads\/2025\/12\/NOXIT\u00ae-logo.png\" class=\"attachment-large size-large wp-image-8977\" alt=\"\" srcset=\"https:\/\/addevmaterials.com\/wp-content\/uploads\/2025\/12\/NOXIT\u00ae-logo.png 750w, https:\/\/addevmaterials.com\/wp-content\/uploads\/2025\/12\/NOXIT\u00ae-logo-300x180.png 300w, https:\/\/addevmaterials.com\/wp-content\/uploads\/2025\/12\/NOXIT\u00ae-logo-18x12.png 18w\" sizes=\"(max-width: 750px) 100vw, 750px\" \/>\t\t\t\t\t\t\t\t\t\t\t\t\t\t\t<\/div>\n\t\t\t\t<\/div>\n\t\t\t\t<div class=\"elementor-element elementor-element-8946e27 elementor-widget elementor-widget-heading\" data-id=\"8946e27\" data-element_type=\"widget\" data-e-type=\"widget\" data-widget_type=\"heading.default\">\n\t\t\t\t<div class=\"elementor-widget-container\">\n\t\t\t\t\t<h2 class=\"elementor-heading-title elementor-size-default\">NOXIT\u00ae<\/h2>\t\t\t\t<\/div>\n\t\t\t\t<\/div>\n\t\t\t\t<div class=\"elementor-element elementor-element-26c8ae2 elementor-widget elementor-widget-text-editor\" data-id=\"26c8ae2\" data-element_type=\"widget\" data-e-type=\"widget\" data-widget_type=\"text-editor.default\">\n\t\t\t\t<div class=\"elementor-widget-container\">\n\t\t\t\t\t\t\t\t\t<p><strong>NOXIT\u00ae<\/strong> propose une protection anticorrosion haute performance destin\u00e9e \u00e0 prolonger la dur\u00e9e de vie des \u00e9quipements dans les <strong>industries lourdes<\/strong> les plus exigeantes.<\/p><p>Les solutions NOXIT\u00ae emp\u00eachent la corrosion de se d\u00e9velopper sur les \u00e9quipements des secteurs <strong>minier, oil &amp; gas<\/strong>, mais aussi au sein de l\u2019<strong>automobile<\/strong> et du <strong>ferroviaire<\/strong>.<\/p>\t\t\t\t\t\t\t\t<\/div>\n\t\t\t\t<\/div>\n\t\t\t\t<\/div>\n\t\t<div class=\"elementor-element elementor-element-323abf8 e-con-full e-flex e-con e-child\" data-id=\"323abf8\" data-element_type=\"container\" data-e-type=\"container\" data-settings=\"{&quot;background_background&quot;:&quot;classic&quot;}\">\n\t\t\t\t<div class=\"elementor-element elementor-element-08d7c1d elementor-hidden-mobile elementor-widget elementor-widget-image\" data-id=\"08d7c1d\" data-element_type=\"widget\" data-e-type=\"widget\" data-widget_type=\"image.default\">\n\t\t\t\t<div class=\"elementor-widget-container\">\n\t\t\t\t\t\t\t\t\t\t\t\t\t\t\t\t<a href=\"https:\/\/eurobands.com\/\">\n\t\t\t\t\t\t\t<img decoding=\"async\" width=\"750\" height=\"450\" src=\"https:\/\/addevmaterials.com\/wp-content\/uploads\/2025\/11\/Eurobands-logo.png\" class=\"elementor-animation-bob attachment-large size-large wp-image-8596\" alt=\"Eurobands-logo\" srcset=\"https:\/\/addevmaterials.com\/wp-content\/uploads\/2025\/11\/Eurobands-logo.png 750w, https:\/\/addevmaterials.com\/wp-content\/uploads\/2025\/11\/Eurobands-logo-300x180.png 300w, https:\/\/addevmaterials.com\/wp-content\/uploads\/2025\/11\/Eurobands-logo-18x12.png 18w\" sizes=\"(max-width: 750px) 100vw, 750px\" \/>\t\t\t\t\t\t\t\t<\/a>\n\t\t\t\t\t\t\t\t\t\t\t\t\t\t\t<\/div>\n\t\t\t\t<\/div>\n\t\t\t\t<div class=\"elementor-element elementor-element-7f15f48 elementor-widget elementor-widget-heading\" data-id=\"7f15f48\" data-element_type=\"widget\" data-e-type=\"widget\" data-widget_type=\"heading.default\">\n\t\t\t\t<div class=\"elementor-widget-container\">\n\t\t\t\t\t<h2 class=\"elementor-heading-title elementor-size-default\">EUROBANDS\u00ae<\/h2>\t\t\t\t<\/div>\n\t\t\t\t<\/div>\n\t\t\t\t<div class=\"elementor-element elementor-element-7aead41 elementor-widget elementor-widget-text-editor\" data-id=\"7aead41\" data-element_type=\"widget\" data-e-type=\"widget\" data-widget_type=\"text-editor.default\">\n\t\t\t\t<div class=\"elementor-widget-container\">\n\t\t\t\t\t\t\t\t\t<p><strong>EUROBANDS\u00ae<\/strong> offre une gamme compl\u00e8te de rubans techniques sp\u00e9cialis\u00e9s : <strong>ruban<\/strong> <strong>adh\u00e9sif simple face, ruban adh\u00e9sif double face et ruban transfert<\/strong> couvrant un large \u00e9ventail d\u2019applications :<\/p><ul><li>Masquage, \u00e9tanch\u00e9it\u00e9, marquage, protection, assemblage, emballage, jonction, r\u00e9paration et isolation \u00e9lectrique.<\/li><\/ul>\t\t\t\t\t\t\t\t<\/div>\n\t\t\t\t<\/div>\n\t\t\t\t<div class=\"elementor-element elementor-element-e4a3a9c elementor-align-justify elementor-widget elementor-widget-button\" data-id=\"e4a3a9c\" data-element_type=\"widget\" data-e-type=\"widget\" data-widget_type=\"button.default\">\n\t\t\t\t<div class=\"elementor-widget-container\">\n\t\t\t\t\t\t\t\t\t<div class=\"elementor-button-wrapper\">\n\t\t\t\t\t<a class=\"elementor-button elementor-button-link elementor-size-sm\" href=\"https:\/\/eurobands.com\/\">\n\t\t\t\t\t\t<span class=\"elementor-button-content-wrapper\">\n\t\t\t\t\t\t\t\t\t<span class=\"elementor-button-text\">D\u00e9couvrir EUROBANDS\u00ae<\/span>\n\t\t\t\t\t<\/span>\n\t\t\t\t\t<\/a>\n\t\t\t\t<\/div>\n\t\t\t\t\t\t\t\t<\/div>\n\t\t\t\t<\/div>\n\t\t\t\t<\/div>\n\t\t<div class=\"elementor-element elementor-element-4a8967a e-con-full e-flex e-con e-child\" data-id=\"4a8967a\" data-element_type=\"container\" data-e-type=\"container\" data-settings=\"{&quot;background_background&quot;:&quot;classic&quot;}\">\n\t\t\t\t<div class=\"elementor-element elementor-element-9746b07 elementor-hidden-mobile elementor-widget elementor-widget-image\" data-id=\"9746b07\" data-element_type=\"widget\" data-e-type=\"widget\" data-widget_type=\"image.default\">\n\t\t\t\t<div class=\"elementor-widget-container\">\n\t\t\t\t\t\t\t\t\t\t\t\t\t\t\t\t<a href=\"https:\/\/thewipefactory.eu\/\">\n\t\t\t\t\t\t\t<img loading=\"lazy\" decoding=\"async\" width=\"625\" height=\"375\" src=\"https:\/\/addevmaterials.com\/wp-content\/uploads\/2025\/10\/The-wipe-factory-logo.png\" class=\"elementor-animation-bob attachment-large size-large wp-image-7620\" alt=\"The wipe factory-logo\" srcset=\"https:\/\/addevmaterials.com\/wp-content\/uploads\/2025\/10\/The-wipe-factory-logo.png 625w, https:\/\/addevmaterials.com\/wp-content\/uploads\/2025\/10\/The-wipe-factory-logo-300x180.png 300w, https:\/\/addevmaterials.com\/wp-content\/uploads\/2025\/10\/The-wipe-factory-logo-18x12.png 18w\" sizes=\"(max-width: 625px) 100vw, 625px\" \/>\t\t\t\t\t\t\t\t<\/a>\n\t\t\t\t\t\t\t\t\t\t\t\t\t\t\t<\/div>\n\t\t\t\t<\/div>\n\t\t\t\t<div class=\"elementor-element elementor-element-4598953 elementor-widget elementor-widget-heading\" data-id=\"4598953\" data-element_type=\"widget\" data-e-type=\"widget\" data-widget_type=\"heading.default\">\n\t\t\t\t<div class=\"elementor-widget-container\">\n\t\t\t\t\t<h2 class=\"elementor-heading-title elementor-size-default\">THE WIPE FACTORY\u00ae<\/h2>\t\t\t\t<\/div>\n\t\t\t\t<\/div>\n\t\t\t\t<div class=\"elementor-element elementor-element-82f3d4a elementor-widget elementor-widget-text-editor\" data-id=\"82f3d4a\" data-element_type=\"widget\" data-e-type=\"widget\" data-widget_type=\"text-editor.default\">\n\t\t\t\t<div class=\"elementor-widget-container\">\n\t\t\t\t\t\t\t\t\t<p><strong>THE WIPE FACTORY\u00ae<\/strong> fournit une gamme compl\u00e8te de <strong>lingettes s\u00e8ches techniques<\/strong> r\u00e9pondant aux applications les plus exigeantes.<\/p><p>Produites en <strong>salle blanche ISO 8<\/strong>, nos lingettes de nettoyage critique sont utilis\u00e9es dans de nombreux secteurs : agroalimentaire &amp; horeca, maintenance industrielle, sant\u00e9 &amp; m\u00e9dical, sciences de la vie &amp; environnements critiques, beaut\u00e9 &amp; spa, transport.<\/p>\t\t\t\t\t\t\t\t<\/div>\n\t\t\t\t<\/div>\n\t\t\t\t<div class=\"elementor-element elementor-element-8b8c3ab elementor-align-justify elementor-widget elementor-widget-button\" data-id=\"8b8c3ab\" data-element_type=\"widget\" data-e-type=\"widget\" data-widget_type=\"button.default\">\n\t\t\t\t<div class=\"elementor-widget-container\">\n\t\t\t\t\t\t\t\t\t<div class=\"elementor-button-wrapper\">\n\t\t\t\t\t<a class=\"elementor-button elementor-button-link elementor-size-sm\" href=\"https:\/\/thewipefactory.eu\/\">\n\t\t\t\t\t\t<span class=\"elementor-button-content-wrapper\">\n\t\t\t\t\t\t\t\t\t<span class=\"elementor-button-text\">D\u00e9couvrir THE WIPE FACTORY\u00ae<\/span>\n\t\t\t\t\t<\/span>\n\t\t\t\t\t<\/a>\n\t\t\t\t<\/div>\n\t\t\t\t\t\t\t\t<\/div>\n\t\t\t\t<\/div>\n\t\t\t\t<\/div>\n\t\t\t\t<\/div>\n\t\t\t\t<\/div>\n\t\t","protected":false},"excerpt":{"rendered":"<p>Fabrication sp\u00e9cialis\u00e9e &#8211; ADDEV Materials ADDEV Materials d\u00e9veloppe \u00e9galement des gammes de produits de niche con\u00e7ues pour r\u00e9pondre aux exigences \u00e9lev\u00e9es des industries les plus critiques. Gr\u00e2ce \u00e0 ses marques propri\u00e9taires, l\u2019entreprise propose des solutions sp\u00e9cialis\u00e9es combinant performance technique, fiabilit\u00e9 et expertise process. Ces capacit\u00e9s industrielles renforcent l\u2019engagement d\u2019ADDEV Materials envers l\u2019innovation, la qualit\u00e9 et [&hellip;]<\/p>\n","protected":false},"author":15,"featured_media":0,"parent":9237,"menu_order":0,"comment_status":"closed","ping_status":"closed","template":"elementor_header_footer","meta":{"footnotes":""},"class_list":["post-8825","page","type-page","status-publish","hentry"],"yoast_head":"<!-- This site is optimized with the Yoast SEO plugin v27.4 - https:\/\/yoast.com\/product\/yoast-seo-wordpress\/ -->\n<title>Fabrication sp\u00e9cialis\u00e9e \u2013 Expertise ADDEV Materials<\/title>\n<meta name=\"description\" content=\"Nos marques ZIPCHEM\u00ae, NOXIT\u00ae, EUROBANDS\u00ae et The Wipe Factory\u00ae garantissent une fabrication sp\u00e9cialis\u00e9e fiable pour environnements critiques.\" \/>\n<meta name=\"robots\" content=\"index, follow, max-snippet:-1, max-image-preview:large, max-video-preview:-1\" \/>\n<link rel=\"canonical\" href=\"https:\/\/addevmaterials.com\/en\/expertise\/specialised-manufacturing\/\" \/>\n<meta property=\"og:locale\" content=\"en_GB\" \/>\n<meta property=\"og:type\" content=\"article\" \/>\n<meta property=\"og:title\" content=\"Fabrication sp\u00e9cialis\u00e9e \u2013 Expertise ADDEV Materials\" \/>\n<meta property=\"og:description\" content=\"Nos marques ZIPCHEM\u00ae, NOXIT\u00ae, EUROBANDS\u00ae et The Wipe Factory\u00ae garantissent une fabrication sp\u00e9cialis\u00e9e fiable pour environnements critiques.\" \/>\n<meta property=\"og:url\" content=\"https:\/\/addevmaterials.com\/en\/expertise\/specialised-manufacturing\/\" \/>\n<meta property=\"og:site_name\" content=\"ADDEV Materials\" \/>\n<meta property=\"article:modified_time\" content=\"2026-04-13T13:04:43+00:00\" \/>\n<meta property=\"og:image\" content=\"https:\/\/addevmaterials.com\/wp-content\/uploads\/2025\/10\/Zipchem-logo.png\" \/>\n<meta name=\"twitter:card\" content=\"summary_large_image\" \/>\n<meta name=\"twitter:label1\" content=\"Estimated reading time\" \/>\n\t<meta name=\"twitter:data1\" content=\"2 minutes\" \/>\n<script type=\"application\/ld+json\" class=\"yoast-schema-graph\">{\"@context\":\"https:\\\/\\\/schema.org\",\"@graph\":[{\"@type\":\"WebPage\",\"@id\":\"https:\\\/\\\/addevmaterials.com\\\/expertises\\\/fabrication-specialisee\\\/\",\"url\":\"https:\\\/\\\/addevmaterials.com\\\/expertises\\\/fabrication-specialisee\\\/\",\"name\":\"Fabrication sp\u00e9cialis\u00e9e \u2013 Expertise ADDEV Materials\",\"isPartOf\":{\"@id\":\"https:\\\/\\\/addevmaterials.com\\\/fr\\\/#website\"},\"primaryImageOfPage\":{\"@id\":\"https:\\\/\\\/addevmaterials.com\\\/expertises\\\/fabrication-specialisee\\\/#primaryimage\"},\"image\":{\"@id\":\"https:\\\/\\\/addevmaterials.com\\\/expertises\\\/fabrication-specialisee\\\/#primaryimage\"},\"thumbnailUrl\":\"https:\\\/\\\/addevmaterials.com\\\/wp-content\\\/uploads\\\/2025\\\/10\\\/Zipchem-logo.png\",\"datePublished\":\"2025-11-26T09:52:39+00:00\",\"dateModified\":\"2026-04-13T13:04:43+00:00\",\"description\":\"Nos marques ZIPCHEM\u00ae, NOXIT\u00ae, EUROBANDS\u00ae et The Wipe Factory\u00ae garantissent une fabrication sp\u00e9cialis\u00e9e fiable pour environnements critiques.\",\"breadcrumb\":{\"@id\":\"https:\\\/\\\/addevmaterials.com\\\/expertises\\\/fabrication-specialisee\\\/#breadcrumb\"},\"inLanguage\":\"en-GB\",\"potentialAction\":[{\"@type\":\"ReadAction\",\"target\":[\"https:\\\/\\\/addevmaterials.com\\\/expertises\\\/fabrication-specialisee\\\/\"]}]},{\"@type\":\"ImageObject\",\"inLanguage\":\"en-GB\",\"@id\":\"https:\\\/\\\/addevmaterials.com\\\/expertises\\\/fabrication-specialisee\\\/#primaryimage\",\"url\":\"https:\\\/\\\/addevmaterials.com\\\/wp-content\\\/uploads\\\/2025\\\/10\\\/Zipchem-logo.png\",\"contentUrl\":\"https:\\\/\\\/addevmaterials.com\\\/wp-content\\\/uploads\\\/2025\\\/10\\\/Zipchem-logo.png\"},{\"@type\":\"BreadcrumbList\",\"@id\":\"https:\\\/\\\/addevmaterials.com\\\/expertises\\\/fabrication-specialisee\\\/#breadcrumb\",\"itemListElement\":[{\"@type\":\"ListItem\",\"position\":1,\"name\":\"Accueil\",\"item\":\"https:\\\/\\\/addevmaterials.com\\\/\"},{\"@type\":\"ListItem\",\"position\":2,\"name\":\"Nos expertises\",\"item\":\"https:\\\/\\\/addevmaterials.com\\\/expertises\\\/\"},{\"@type\":\"ListItem\",\"position\":3,\"name\":\"Fabrication sp\u00e9cialis\u00e9e\"}]},{\"@type\":\"WebSite\",\"@id\":\"https:\\\/\\\/addevmaterials.com\\\/fr\\\/#website\",\"url\":\"https:\\\/\\\/addevmaterials.com\\\/fr\\\/\",\"name\":\"ADDEV Materials\",\"description\":\"\",\"potentialAction\":[{\"@type\":\"SearchAction\",\"target\":{\"@type\":\"EntryPoint\",\"urlTemplate\":\"https:\\\/\\\/addevmaterials.com\\\/fr\\\/?s={search_term_string}\"},\"query-input\":{\"@type\":\"PropertyValueSpecification\",\"valueRequired\":true,\"valueName\":\"search_term_string\"}}],\"inLanguage\":\"en-GB\"}]}<\/script>\n<!-- \/ Yoast SEO plugin. -->","yoast_head_json":{"title":"Specialist Manufacturing - Expertise ADDEV Materials","description":"Our ZIPCHEM\u00ae, NOXIT\u00ae, EUROBANDS\u00ae and The Wipe Factory\u00ae brands guarantee reliable specialist manufacturing for critical environments.","robots":{"index":"index","follow":"follow","max-snippet":"max-snippet:-1","max-image-preview":"max-image-preview:large","max-video-preview":"max-video-preview:-1"},"canonical":"https:\/\/addevmaterials.com\/en\/expertise\/specialised-manufacturing\/","og_locale":"en_GB","og_type":"article","og_title":"Fabrication sp\u00e9cialis\u00e9e \u2013 Expertise ADDEV Materials","og_description":"Nos marques ZIPCHEM\u00ae, NOXIT\u00ae, EUROBANDS\u00ae et The Wipe Factory\u00ae garantissent une fabrication sp\u00e9cialis\u00e9e fiable pour environnements critiques.","og_url":"https:\/\/addevmaterials.com\/en\/expertise\/specialised-manufacturing\/","og_site_name":"ADDEV Materials","article_modified_time":"2026-04-13T13:04:43+00:00","og_image":[{"url":"https:\/\/addevmaterials.com\/wp-content\/uploads\/2025\/10\/Zipchem-logo.png","type":"","width":"","height":""}],"twitter_card":"summary_large_image","twitter_misc":{"Estimated reading time":"2 minutes"},"schema":{"@context":"https:\/\/schema.org","@graph":[{"@type":"WebPage","@id":"https:\/\/addevmaterials.com\/expertises\/fabrication-specialisee\/","url":"https:\/\/addevmaterials.com\/expertises\/fabrication-specialisee\/","name":"Specialist Manufacturing - Expertise ADDEV Materials","isPartOf":{"@id":"https:\/\/addevmaterials.com\/fr\/#website"},"primaryImageOfPage":{"@id":"https:\/\/addevmaterials.com\/expertises\/fabrication-specialisee\/#primaryimage"},"image":{"@id":"https:\/\/addevmaterials.com\/expertises\/fabrication-specialisee\/#primaryimage"},"thumbnailUrl":"https:\/\/addevmaterials.com\/wp-content\/uploads\/2025\/10\/Zipchem-logo.png","datePublished":"2025-11-26T09:52:39+00:00","dateModified":"2026-04-13T13:04:43+00:00","description":"Our ZIPCHEM\u00ae, NOXIT\u00ae, EUROBANDS\u00ae and The Wipe Factory\u00ae brands guarantee reliable specialist manufacturing for critical environments.","breadcrumb":{"@id":"https:\/\/addevmaterials.com\/expertises\/fabrication-specialisee\/#breadcrumb"},"inLanguage":"en-GB","potentialAction":[{"@type":"ReadAction","target":["https:\/\/addevmaterials.com\/expertises\/fabrication-specialisee\/"]}]},{"@type":"ImageObject","inLanguage":"en-GB","@id":"https:\/\/addevmaterials.com\/expertises\/fabrication-specialisee\/#primaryimage","url":"https:\/\/addevmaterials.com\/wp-content\/uploads\/2025\/10\/Zipchem-logo.png","contentUrl":"https:\/\/addevmaterials.com\/wp-content\/uploads\/2025\/10\/Zipchem-logo.png"},{"@type":"BreadcrumbList","@id":"https:\/\/addevmaterials.com\/expertises\/fabrication-specialisee\/#breadcrumb","itemListElement":[{"@type":"ListItem","position":1,"name":"Accueil","item":"https:\/\/addevmaterials.com\/"},{"@type":"ListItem","position":2,"name":"Nos expertises","item":"https:\/\/addevmaterials.com\/expertises\/"},{"@type":"ListItem","position":3,"name":"Fabrication sp\u00e9cialis\u00e9e"}]},{"@type":"WebSite","@id":"https:\/\/addevmaterials.com\/fr\/#website","url":"https:\/\/addevmaterials.com\/fr\/","name":"ADDEV Materials","description":"","potentialAction":[{"@type":"SearchAction","target":{"@type":"EntryPoint","urlTemplate":"https:\/\/addevmaterials.com\/fr\/?s={search_term_string}"},"query-input":{"@type":"PropertyValueSpecification","valueRequired":true,"valueName":"search_term_string"}}],"inLanguage":"en-GB"}]}},"distributor_meta":false,"distributor_terms":false,"distributor_media":false,"distributor_original_site_name":"ADDEV Materials","distributor_original_site_url":"https:\/\/addevmaterials.com\/en","push-errors":false,"_links":{"self":[{"href":"https:\/\/addevmaterials.com\/en\/wp-json\/wp\/v2\/pages\/8825","targetHints":{"allow":["GET"]}}],"collection":[{"href":"https:\/\/addevmaterials.com\/en\/wp-json\/wp\/v2\/pages"}],"about":[{"href":"https:\/\/addevmaterials.com\/en\/wp-json\/wp\/v2\/types\/page"}],"author":[{"embeddable":true,"href":"https:\/\/addevmaterials.com\/en\/wp-json\/wp\/v2\/users\/15"}],"replies":[{"embeddable":true,"href":"https:\/\/addevmaterials.com\/en\/wp-json\/wp\/v2\/comments?post=8825"}],"version-history":[{"count":34,"href":"https:\/\/addevmaterials.com\/en\/wp-json\/wp\/v2\/pages\/8825\/revisions"}],"predecessor-version":[{"id":10343,"href":"https:\/\/addevmaterials.com\/en\/wp-json\/wp\/v2\/pages\/8825\/revisions\/10343"}],"up":[{"embeddable":true,"href":"https:\/\/addevmaterials.com\/en\/wp-json\/wp\/v2\/pages\/9237"}],"wp:attachment":[{"href":"https:\/\/addevmaterials.com\/en\/wp-json\/wp\/v2\/media?parent=8825"}],"curies":[{"name":"wp","href":"https:\/\/api.w.org\/{rel}","templated":true}]}}