{"id":2319,"date":"2023-03-20T13:56:47","date_gmt":"2023-03-20T13:56:47","guid":{"rendered":"https:\/\/addevmaterials.com\/?page_id=2319"},"modified":"2025-12-03T20:28:44","modified_gmt":"2025-12-03T20:28:44","slug":"pelne-oceny","status":"publish","type":"page","link":"https:\/\/addevmaterials.com\/pl\/mentions-legales\/","title":{"rendered":"Informacje prawne"},"content":{"rendered":"<div data-elementor-type=\"wp-page\" data-elementor-id=\"2319\" class=\"elementor elementor-2319\" data-elementor-post-type=\"page\">\n\t\t\t\t\t\t<section class=\"elementor-section elementor-top-section elementor-element elementor-element-5ed92a13 elementor-section-boxed elementor-section-height-default elementor-section-height-default\" data-id=\"5ed92a13\" data-element_type=\"section\" data-e-type=\"section\" data-settings=\"{&quot;background_background&quot;:&quot;classic&quot;}\">\n\t\t\t\t\t\t\t<div class=\"elementor-background-overlay\"><\/div>\n\t\t\t\t\t\t\t<div class=\"elementor-container elementor-column-gap-default\">\n\t\t\t\t\t<div class=\"elementor-column elementor-col-100 elementor-top-column elementor-element elementor-element-2c11d850\" data-id=\"2c11d850\" data-element_type=\"column\" data-e-type=\"column\">\n\t\t\t<div class=\"elementor-widget-wrap elementor-element-populated\">\n\t\t\t\t\t\t<div class=\"elementor-element elementor-element-1b3cae00 elementor-widget elementor-widget-heading\" data-id=\"1b3cae00\" data-element_type=\"widget\" data-e-type=\"widget\" data-widget_type=\"heading.default\">\n\t\t\t\t<div class=\"elementor-widget-container\">\n\t\t\t\t\t<h1 class=\"elementor-heading-title elementor-size-default\">Informacje prawne<\/h1>\t\t\t\t<\/div>\n\t\t\t\t<\/div>\n\t\t\t\t\t<\/div>\n\t\t<\/div>\n\t\t\t\t\t<\/div>\n\t\t<\/section>\n\t\t\t\t<section class=\"elementor-section elementor-top-section elementor-element elementor-element-4d7af87 elementor-section-boxed elementor-section-height-default elementor-section-height-default\" data-id=\"4d7af87\" data-element_type=\"section\" data-e-type=\"section\">\n\t\t\t\t\t\t<div class=\"elementor-container elementor-column-gap-default\">\n\t\t\t\t\t<div class=\"elementor-column elementor-col-100 elementor-top-column elementor-element elementor-element-0ed76a8\" data-id=\"0ed76a8\" data-element_type=\"column\" data-e-type=\"column\">\n\t\t\t<div class=\"elementor-widget-wrap elementor-element-populated\">\n\t\t\t\t\t\t<div class=\"elementor-element elementor-element-b1f38ec elementor-widget elementor-widget-text-editor\" data-id=\"b1f38ec\" data-element_type=\"widget\" data-e-type=\"widget\" data-widget_type=\"text-editor.default\">\n\t\t\t\t<div class=\"elementor-widget-container\">\n\t\t\t\t\t\t\t\t\t<p data-start=\"127\" data-end=\"157\"><strong data-start=\"127\" data-end=\"155\">Obowi\u0105zuje od 12.03.2025 r.<\/strong><\/p><p data-start=\"159\" data-end=\"500\">Zgodnie z postanowieniami artyku\u0142\u00f3w <strong data-start=\"202\" data-end=\"217\">6-III i 19<\/strong> z <strong data-start=\"224\" data-end=\"258\">Ustawa nr 2004-575 z dnia 21 czerwca 2004 r.<\/strong> na rzecz zaufania do gospodarki cyfrowej (<strong data-start=\"304\" data-end=\"312\">LCEN<\/strong>), u\u017cytkownicy i odwiedzaj\u0105cy witryn\u0119 s\u0105 niniejszym informowani, \u017ce <a href=\"https:\/\/addevmaterials.com\/\" target=\"_new\" rel=\"noopener\" data-start=\"384\" data-end=\"442\">https:\/\/addevmaterials.com\/<\/a> (zwanej dalej \"Witryn\u0105\"), niniejsza informacja prawna.<\/p><p data-start=\"502\" data-end=\"675\">Po\u0142\u0105czenie z Witryn\u0105 i przegl\u0105danie jej przez u\u017cytkownika (zwanego dalej \"U\u017cytkownikiem\") oznacza pe\u0142n\u0105 i bezwarunkow\u0105 akceptacj\u0119 niniejszej informacji prawnej.<\/p><p data-start=\"677\" data-end=\"759\">S\u0105 one dost\u0119pne na Stronie pod nag\u0142\u00f3wkiem <strong data-start=\"734\" data-end=\"758\">\"Informacje prawne<\/strong>.<\/p><hr data-start=\"761\" data-end=\"764\" \/><h2 data-start=\"766\" data-end=\"794\"><strong data-start=\"769\" data-end=\"792\">ARTYKU\u0141 1 - WYDAWCA<\/strong><\/h2><p data-start=\"796\" data-end=\"1074\">Witryna jest redagowana i publikowana przez <strong data-start=\"866\" data-end=\"889\">ADDEV Materials SAS<\/strong>na <strong data-start=\"894\" data-end=\"932\">kapita\u0142 zak\u0142adowy w wysoko\u015bci 38 322 519 euro<\/strong>zarejestrowany pod adresem <strong data-start=\"950\" data-end=\"1004\">Lyon Trade and Companies Register (RCS)<\/strong> pod numerem <strong data-start=\"1020\" data-end=\"1035\">820 724 508<\/strong>kt\u00f3rej siedziba znajduje si\u0119 pod adresem :<\/p><p data-start=\"1076\" data-end=\"1289\">\ud83d\udccd <strong data-start=\"1079\" data-end=\"1120\">30 Quai Perrache, 69002, Lyon, Francja<\/strong><br data-start=\"1120\" data-end=\"1123\" \/>\ud83d\udcde <strong data-start=\"1126\" data-end=\"1149\">Numer telefonu<\/strong> : +33 (0)4 72 11 35 00<br data-start=\"1172\" data-end=\"1175\" \/>\u2709\ufe0f <strong data-start=\"1178\" data-end=\"1196\">Adres e-mail<\/strong> : <a rel=\"noopener\" data-start=\"1199\" data-end=\"1225\">contact@addevmaterials.com<\/a><br data-start=\"1225\" data-end=\"1228\" \/>\ud83d\udccc <strong data-start=\"1231\" data-end=\"1267\">Wewn\u0105trzwsp\u00f3lnotowy numer VAT<\/strong> : <strong data-start=\"1270\" data-end=\"1287\">FR32820724508<\/strong><\/p><p data-start=\"1291\" data-end=\"1365\">Dyrektorem ds. publikacji jest <strong data-start=\"1326\" data-end=\"1339\">Marie BLANCHARD BRUNEL<\/strong>\u00a0(dalej \"Wydawca\").<\/p><hr data-start=\"1367\" data-end=\"1370\" \/><h2 data-start=\"1372\" data-end=\"1402\"><strong data-start=\"1375\" data-end=\"1400\">ARTYKU\u0141 2 - GOSPODARZ<\/strong><\/h2><p data-start=\"1404\" data-end=\"1491\">Witryna jest hostowana przez <strong data-start=\"1428\" data-end=\"1453\">Infomaniak Network SA<\/strong>kt\u00f3rej siedziba znajduje si\u0119 pod adresem :<\/p><p data-start=\"1493\" data-end=\"1728\">\ud83d\udccd <strong data-start=\"1496\" data-end=\"1556\">Rue Eug\u00e8ne-Marziano 25, 1227 Les Acacias, Genewa, Szwajcaria<\/strong><br data-start=\"1556\" data-end=\"1559\" \/>\ud83d\udcde <strong data-start=\"1562\" data-end=\"1575\">Telefon<\/strong> : +41 (0)22 820 35 44<br data-start=\"1597\" data-end=\"1600\" \/>\u2709\ufe0f <strong data-start=\"1603\" data-end=\"1624\">Kontakt e-mail<\/strong> : <a rel=\"noopener\" data-start=\"1627\" data-end=\"1649\">support@infomaniak.com<\/a><br data-start=\"1649\" data-end=\"1652\" \/>\ud83c\udf0d <strong data-start=\"1655\" data-end=\"1667\">Strona internetowa<\/strong> : <a href=\"https:\/\/www.infomaniak.com\" target=\"_new\" rel=\"noopener\" data-start=\"1670\" data-end=\"1726\">https:\/\/www.infomaniak.com<\/a><\/p><hr data-start=\"1730\" data-end=\"1733\" \/><h2 data-start=\"1735\" data-end=\"1769\"><strong data-start=\"1738\" data-end=\"1767\">ARTYKU\u0141 3 - DOST\u0118P DO WITRYNY<\/strong><\/h2><p data-start=\"1771\" data-end=\"1919\">Witryna jest dost\u0119pna 24 godziny na dob\u0119, 7 dni w tygodniu, z wyj\u0105tkiem przypadk\u00f3w <strong data-start=\"1825\" data-end=\"1842\">si\u0142a wy\u017csza<\/strong>, d'<strong data-start=\"1846\" data-end=\"1873\">zaplanowana przerwa<\/strong> lub nie z powod\u00f3w <strong data-start=\"1901\" data-end=\"1916\">konserwacja<\/strong>.<\/p><p data-start=\"1921\" data-end=\"2024\">Wydawca nie ponosi odpowiedzialno\u015bci za jakiekolwiek modyfikacje, przerwy lub zawieszenia Witryny.<\/p><hr data-start=\"2026\" data-end=\"2029\" \/><h2 data-start=\"2031\" data-end=\"2096\"><strong data-start=\"2034\" data-end=\"2094\">ARTYKU\u0141 4 - GROMADZENIE DANYCH OSOBOWYCH I PLIK\u00d3W COOKIE<\/strong><\/h2><h3 data-start=\"2098\" data-end=\"2158\"><strong data-start=\"2102\" data-end=\"2156\">1. Gromadzenie i przetwarzanie danych osobowych<\/strong><\/h3><p data-start=\"2160\" data-end=\"2300\">Witryna gromadzi i przetwarza dane osobowe U\u017cytkownika. <strong data-start=\"2225\" data-end=\"2249\">dane osobowe<\/strong> przy jednoczesnym poszanowaniu prywatno\u015bci, zgodnie z :<\/p><ul data-start=\"2301\" data-end=\"2507\"><li data-start=\"2301\" data-end=\"2409\">do <strong data-start=\"2308\" data-end=\"2341\">Ustawa nr 78-17 z dnia 6 stycznia 1978 r.<\/strong>zmieniona w odniesieniu do technologii informacyjnej, plik\u00f3w i swob\u00f3d obywatelskich<\/li><li data-start=\"2410\" data-end=\"2507\">oraz <strong data-start=\"2418\" data-end=\"2487\">Og\u00f3lne rozporz\u0105dzenie o ochronie danych (RODO) nr 2016\/679<\/strong> z dnia 27 kwietnia 2016 r.<\/li><\/ul><p data-start=\"2509\" data-end=\"2766\">U\u017cytkownik ma nast\u0119puj\u0105ce prawa w odniesieniu do swoich danych:<br data-start=\"2568\" data-end=\"2571\" \/>\u2705 <strong data-start=\"2573\" data-end=\"2590\">Prawo dost\u0119pu<\/strong><br data-start=\"2590\" data-end=\"2593\" \/>\u2705 <strong data-start=\"2595\" data-end=\"2621\">Prawo do sprostowania<\/strong><br data-start=\"2621\" data-end=\"2624\" \/>\u2705 <strong data-start=\"2626\" data-end=\"2650\">Prawo do usuni\u0119cia<\/strong><br data-start=\"2650\" data-end=\"2653\" \/>\u2705 <strong data-start=\"2655\" data-end=\"2677\">Prawo do sprzeciwu<\/strong><br data-start=\"2677\" data-end=\"2680\" \/>\u2705 <strong data-start=\"2682\" data-end=\"2720\">Prawo do przenoszenia danych<\/strong><br data-start=\"2720\" data-end=\"2723\" \/>\u2705 <strong data-start=\"2725\" data-end=\"2764\">Prawo do ograniczenia przetwarzania<\/strong><\/p><p data-start=\"2768\" data-end=\"2901\">Aby skorzysta\u0107 z tych praw, U\u017cytkownicy mog\u0105 skontaktowa\u0107 si\u0119 z Wydawc\u0105 pod nast\u0119puj\u0105cym adresem<br data-start=\"2854\" data-end=\"2857\" \/>\ud83d\udce7 <strong data-start=\"2860\" data-end=\"2870\">E-mail<\/strong> : <a rel=\"noopener\" data-start=\"2873\" data-end=\"2899\">contact@addevmaterials.com<\/a><\/p><p data-start=\"2903\" data-end=\"3005\">W przypadku reklamacji U\u017cytkownik mo\u017ce <strong data-start=\"2945\" data-end=\"2963\">skierowa\u0107 spraw\u0119 do CNIL<\/strong> za po\u015brednictwem <a href=\"https:\/\/www.cnil.fr\" target=\"_new\" rel=\"noopener\" data-start=\"2968\" data-end=\"3002\">www.cnil.fr<\/a>.<\/p><hr data-start=\"3007\" data-end=\"3010\" \/><h3 data-start=\"3012\" data-end=\"3046\"><strong data-start=\"3016\" data-end=\"3044\">2. Polityka dotycz\u0105ca plik\u00f3w cookie<\/strong><\/h3><p data-start=\"3048\" data-end=\"3154\">Podczas przegl\u0105dania Witryny niekt\u00f3re <strong data-start=\"3087\" data-end=\"3098\">ciasteczka<\/strong> mog\u0105 zosta\u0107 zdeponowane na urz\u0105dzeniu U\u017cytkownika.<\/p><p data-start=\"3156\" data-end=\"3307\">Zgodnie z zaleceniami <strong data-start=\"3195\" data-end=\"3203\">CNIL<\/strong>, <strong data-start=\"3205\" data-end=\"3266\">U\u017cytkownik jest o tym informowany i musi wyrazi\u0107 na to wyra\u017an\u0105 zgod\u0119<\/strong> na korzystanie z nast\u0119puj\u0105cych plik\u00f3w cookie:<\/p><ul data-start=\"3308\" data-end=\"3487\"><li data-start=\"3308\" data-end=\"3369\"><strong data-start=\"3310\" data-end=\"3333\">Analityczne pliki cookie<\/strong> mierzenie ogl\u0105dalno\u015bci witryny<\/li><li data-start=\"3370\" data-end=\"3433\"><strong data-start=\"3372\" data-end=\"3397\">Reklamowe pliki cookie<\/strong> aby spersonalizowa\u0107 reklamy<\/li><li data-start=\"3434\" data-end=\"3487\"><strong data-start=\"3436\" data-end=\"3458\">Udost\u0119pnianie plik\u00f3w cookie<\/strong> dla sieci spo\u0142eczno\u015bciowych<\/li><\/ul><p data-start=\"3489\" data-end=\"3630\">U\u017cytkownik mo\u017ce <strong data-start=\"3508\" data-end=\"3531\">zaakceptowa\u0107 lub odrzuci\u0107<\/strong> korzystanie z tych plik\u00f3w cookie za po\u015brednictwem <strong data-start=\"3568\" data-end=\"3595\">baner zgody<\/strong> wy\u015bwietlana przy pierwszym po\u0142\u0105czeniu.<\/p><p data-start=\"3632\" data-end=\"3778\">\u2139\ufe0f <strong data-start=\"3635\" data-end=\"3688\">Aby dowiedzie\u0107 si\u0119 wi\u0119cej o zarz\u0105dzaniu plikami cookie<\/strong>U\u017cytkownik mo\u017ce zapozna\u0107 si\u0119 z <strong data-start=\"3722\" data-end=\"3754\">Polityka prywatno\u015bci<\/strong> dost\u0119pne w Witrynie.<\/p><hr data-start=\"3780\" data-end=\"3783\" \/><h2 data-start=\"3785\" data-end=\"3830\"><strong data-start=\"3788\" data-end=\"3828\">ARTYKU\u0141 5 - W\u0141ASNO\u015a\u0106 INTELEKTUALNA<\/strong><\/h2><p data-start=\"3832\" data-end=\"4073\">Ca\u0142a zawarto\u015b\u0107 Witryny (tekst, obrazy, logo, filmy, grafika itp.) jest w\u0142asno\u015bci\u0105 odpowiednich w\u0142a\u015bcicieli. <strong data-start=\"3932\" data-end=\"3988\">chronione prawem w\u0142asno\u015bci intelektualnej<\/strong> i stanowi\u0105 wy\u0142\u0105czn\u0105 w\u0142asno\u015b\u0107 <strong data-start=\"4023\" data-end=\"4046\">ADDEV Materials SAS<\/strong>o ile nie okre\u015blono inaczej.<\/p><p data-start=\"4075\" data-end=\"4395\">Wszystkie <strong data-start=\"4081\" data-end=\"4156\">wykorzystywanie, powielanie, rozpowszechnianie, wprowadzanie do obrotu lub modyfikowanie<\/strong> ca\u0142o\u015bci lub cz\u0119\u015bci Witryny <strong data-start=\"4183\" data-end=\"4229\">bez uprzedniej zgody Wydawcy<\/strong> jest zabronione i mo\u017ce podlega\u0107 <strong data-start=\"4271\" data-end=\"4297\">post\u0119powanie s\u0105dowe<\/strong>zgodnie z postanowieniami <strong data-start=\"4332\" data-end=\"4371\">Kodeks w\u0142asno\u015bci intelektualnej<\/strong> oraz <strong data-start=\"4378\" data-end=\"4392\">Kodeks cywilny<\/strong>.<\/p><p data-start=\"4397\" data-end=\"4532\">Je\u015bli U\u017cytkownik chce ponownie wykorzysta\u0107 jakiekolwiek tre\u015bci w Witrynie, wniosek o autoryzacj\u0119 musi zosta\u0107 wys\u0142any na adres <strong data-start=\"4501\" data-end=\"4531\"><a rel=\"noopener\" data-start=\"4503\" data-end=\"4529\">contact@addevmaterials.com<\/a><\/strong>.<\/p><hr data-start=\"4534\" data-end=\"4537\" \/><h2 data-start=\"4539\" data-end=\"4574\"><strong data-start=\"4542\" data-end=\"4572\">ARTYKU\u0141 6 - ODPOWIEDZIALNO\u015a\u0106<\/strong><\/h2><p data-start=\"4576\" data-end=\"4708\">Wydawca dok\u0142ada wszelkich stara\u0144, aby dostarcza\u0107 informacje <strong data-start=\"4634\" data-end=\"4655\">dok\u0142adne i aktualne<\/strong>ale nie ponosi odpowiedzialno\u015bci w przypadku :<\/p><ul data-start=\"4709\" data-end=\"4923\"><li data-start=\"4709\" data-end=\"4786\">B\u0142\u0119dy, pomini\u0119cia lub nie\u015bcis\u0142o\u015bci w informacjach dost\u0119pnych w Witrynie<\/li><li data-start=\"4787\" data-end=\"4849\">Problem techniczny powoduj\u0105cy <strong data-start=\"4823\" data-end=\"4839\">przerwa<\/strong> Strony<\/li><li data-start=\"4850\" data-end=\"4923\">Bezpo\u015brednie lub po\u015brednie szkody wynikaj\u0105ce z dost\u0119pu do Witryny lub korzystania z niej<\/li><\/ul><p data-start=\"4925\" data-end=\"5035\">Wydawca zastrzega sobie prawo do <strong data-start=\"4958\" data-end=\"4994\">modyfikowa\u0107, zawiesza\u0107 lub usuwa\u0107<\/strong> ca\u0142o\u015bci lub cz\u0119\u015bci Witryny <strong data-start=\"5018\" data-end=\"5034\">bez powiadomienia<\/strong>.<\/p><hr data-start=\"5037\" data-end=\"5040\" \/><h2 data-start=\"5042\" data-end=\"5105\"><strong data-start=\"5045\" data-end=\"5103\">ARTYKU\u0141 7 - PRAWO W\u0141A\u015aCIWE I JURYSDYKCJA<\/strong><\/h2><p data-start=\"5107\" data-end=\"5178\">Niniejsza informacja prawna jest regulowana przez <strong data-start=\"5157\" data-end=\"5175\">Prawo francuskie<\/strong>.<\/p><p data-start=\"5180\" data-end=\"5340\">W przypadku sporu i braku polubownego rozwi\u0105zania, sp\u00f3r zostanie wniesiony do <strong data-start=\"5261\" data-end=\"5339\">s\u0105dy w\u0142a\u015bciwe dla siedziby ADDEV Materials SAS<\/strong>.<\/p><hr data-start=\"5342\" data-end=\"5345\" \/><h3 data-start=\"5347\" data-end=\"5368\"><strong data-start=\"5351\" data-end=\"5366\">AKTUALIZACJA<\/strong><\/h3><p data-start=\"5370\" data-end=\"5444\">Niniejsza nota prawna zosta\u0142a zaktualizowana <strong data-start=\"5422\" data-end=\"5441\">12 marca 2025 r.<\/strong>.<\/p><p data-start=\"5446\" data-end=\"5576\">Wydawca zastrzega sobie prawo do <strong data-start=\"5483\" data-end=\"5509\">zmieni\u0107 w dowolnym momencie<\/strong> w celu zapewnienia ich zgodno\u015bci z obowi\u0105zuj\u0105cymi przepisami.<\/p><p data-start=\"5578\" data-end=\"5715\">\u2139\ufe0f <strong data-start=\"5581\" data-end=\"5622\">Najnowsza aktualizacja dost\u0119pna na :<\/strong> <a target=\"_new\" rel=\"noopener\" data-start=\"5623\" data-end=\"5713\">https:\/\/addevmaterials.com\/mentions-legales<\/a><\/p><h4 data-start=\"5578\" data-end=\"5715\"><a href=\"https:\/\/addevmaterials.com\/politique-de-confidentialite\/\">POLITYKA PRYWATNO\u015aCI<\/a><\/h4>\t\t\t\t\t\t\t\t<\/div>\n\t\t\t\t<\/div>\n\t\t\t\t\t<\/div>\n\t\t<\/div>\n\t\t\t\t\t<\/div>\n\t\t<\/section>\n\t\t\t\t<\/div>","protected":false},"excerpt":{"rendered":"<p>Mentions l\u00e9gales En vigueur au 12\/03\/2025 Conform\u00e9ment aux dispositions des articles 6-III et 19 de la Loi n\u00b02004-575 du 21 juin 2004 pour la Confiance dans l\u2019\u00c9conomie Num\u00e9rique (LCEN), il est port\u00e9 \u00e0 la connaissance des utilisateurs et visiteurs du site https:\/\/addevmaterials.com\/ (ci-apr\u00e8s \u00ab le Site \u00bb), les pr\u00e9sentes mentions l\u00e9gales. La connexion et la [&hellip;]<\/p>\n","protected":false},"author":1,"featured_media":0,"parent":0,"menu_order":0,"comment_status":"closed","ping_status":"closed","template":"elementor_header_footer","meta":{"footnotes":""},"class_list":["post-2319","page","type-page","status-publish","hentry"],"yoast_head":"<!-- This site is optimized with the Yoast SEO plugin v27.3 - https:\/\/yoast.com\/product\/yoast-seo-wordpress\/ -->\n<title>Mentions l\u00e9gales - ADDEV Materials<\/title>\n<meta name=\"robots\" content=\"noindex, follow\" \/>\n<meta property=\"og:locale\" content=\"pl_PL\" \/>\n<meta property=\"og:type\" content=\"article\" \/>\n<meta property=\"og:title\" content=\"Mentions l\u00e9gales - ADDEV Materials\" \/>\n<meta property=\"og:description\" content=\"Mentions l\u00e9gales En vigueur au 12\/03\/2025 Conform\u00e9ment aux dispositions des articles 6-III et 19 de la Loi n\u00b02004-575 du 21 juin 2004 pour la Confiance dans l\u2019\u00c9conomie Num\u00e9rique (LCEN), il est port\u00e9 \u00e0 la connaissance des utilisateurs et visiteurs du site https:\/\/addevmaterials.com\/ (ci-apr\u00e8s \u00ab le Site \u00bb), les pr\u00e9sentes mentions l\u00e9gales. La connexion et la [&hellip;]\" \/>\n<meta property=\"og:url\" content=\"https:\/\/addevmaterials.com\/pl\/pelne-oceny\/\" \/>\n<meta property=\"og:site_name\" content=\"ADDEV Materials\" \/>\n<meta property=\"article:modified_time\" content=\"2025-12-03T20:28:44+00:00\" \/>\n<meta name=\"twitter:card\" content=\"summary_large_image\" \/>\n<meta name=\"twitter:label1\" content=\"Szacowany czas czytania\" \/>\n\t<meta name=\"twitter:data1\" content=\"4 minuty\" \/>\n<script type=\"application\/ld+json\" class=\"yoast-schema-graph\">{\"@context\":\"https:\\\/\\\/schema.org\",\"@graph\":[{\"@type\":\"WebPage\",\"@id\":\"https:\\\/\\\/addevmaterials.com\\\/mentions-legales\\\/\",\"url\":\"https:\\\/\\\/addevmaterials.com\\\/mentions-legales\\\/\",\"name\":\"Mentions l\u00e9gales - ADDEV Materials\",\"isPartOf\":{\"@id\":\"https:\\\/\\\/addevmaterials.com\\\/fr\\\/#website\"},\"datePublished\":\"2023-03-20T13:56:47+00:00\",\"dateModified\":\"2025-12-03T20:28:44+00:00\",\"breadcrumb\":{\"@id\":\"https:\\\/\\\/addevmaterials.com\\\/mentions-legales\\\/#breadcrumb\"},\"inLanguage\":\"pl-PL\",\"potentialAction\":[{\"@type\":\"ReadAction\",\"target\":[\"https:\\\/\\\/addevmaterials.com\\\/mentions-legales\\\/\"]}]},{\"@type\":\"BreadcrumbList\",\"@id\":\"https:\\\/\\\/addevmaterials.com\\\/mentions-legales\\\/#breadcrumb\",\"itemListElement\":[{\"@type\":\"ListItem\",\"position\":1,\"name\":\"Accueil\",\"item\":\"https:\\\/\\\/addevmaterials.com\\\/\"},{\"@type\":\"ListItem\",\"position\":2,\"name\":\"Mentions l\u00e9gales\"}]},{\"@type\":\"WebSite\",\"@id\":\"https:\\\/\\\/addevmaterials.com\\\/fr\\\/#website\",\"url\":\"https:\\\/\\\/addevmaterials.com\\\/fr\\\/\",\"name\":\"ADDEV Materials\",\"description\":\"\",\"potentialAction\":[{\"@type\":\"SearchAction\",\"target\":{\"@type\":\"EntryPoint\",\"urlTemplate\":\"https:\\\/\\\/addevmaterials.com\\\/fr\\\/?s={search_term_string}\"},\"query-input\":{\"@type\":\"PropertyValueSpecification\",\"valueRequired\":true,\"valueName\":\"search_term_string\"}}],\"inLanguage\":\"pl-PL\"}]}<\/script>\n<!-- \/ Yoast SEO plugin. -->","yoast_head_json":{"title":"Informacje prawne - ADDEV Materials","robots":{"index":"noindex","follow":"follow"},"og_locale":"pl_PL","og_type":"article","og_title":"Mentions l\u00e9gales - ADDEV Materials","og_description":"Mentions l\u00e9gales En vigueur au 12\/03\/2025 Conform\u00e9ment aux dispositions des articles 6-III et 19 de la Loi n\u00b02004-575 du 21 juin 2004 pour la Confiance dans l\u2019\u00c9conomie Num\u00e9rique (LCEN), il est port\u00e9 \u00e0 la connaissance des utilisateurs et visiteurs du site https:\/\/addevmaterials.com\/ (ci-apr\u00e8s \u00ab le Site \u00bb), les pr\u00e9sentes mentions l\u00e9gales. La connexion et la [&hellip;]","og_url":"https:\/\/addevmaterials.com\/pl\/pelne-oceny\/","og_site_name":"ADDEV Materials","article_modified_time":"2025-12-03T20:28:44+00:00","twitter_card":"summary_large_image","twitter_misc":{"Szacowany czas czytania":"4 minuty"},"schema":{"@context":"https:\/\/schema.org","@graph":[{"@type":"WebPage","@id":"https:\/\/addevmaterials.com\/mentions-legales\/","url":"https:\/\/addevmaterials.com\/mentions-legales\/","name":"Informacje prawne - ADDEV Materials","isPartOf":{"@id":"https:\/\/addevmaterials.com\/fr\/#website"},"datePublished":"2023-03-20T13:56:47+00:00","dateModified":"2025-12-03T20:28:44+00:00","breadcrumb":{"@id":"https:\/\/addevmaterials.com\/mentions-legales\/#breadcrumb"},"inLanguage":"pl-PL","potentialAction":[{"@type":"ReadAction","target":["https:\/\/addevmaterials.com\/mentions-legales\/"]}]},{"@type":"BreadcrumbList","@id":"https:\/\/addevmaterials.com\/mentions-legales\/#breadcrumb","itemListElement":[{"@type":"ListItem","position":1,"name":"Accueil","item":"https:\/\/addevmaterials.com\/"},{"@type":"ListItem","position":2,"name":"Mentions l\u00e9gales"}]},{"@type":"WebSite","@id":"https:\/\/addevmaterials.com\/fr\/#website","url":"https:\/\/addevmaterials.com\/fr\/","name":"ADDEV Materials","description":"","potentialAction":[{"@type":"SearchAction","target":{"@type":"EntryPoint","urlTemplate":"https:\/\/addevmaterials.com\/fr\/?s={search_term_string}"},"query-input":{"@type":"PropertyValueSpecification","valueRequired":true,"valueName":"search_term_string"}}],"inLanguage":"pl-PL"}]}},"distributor_meta":false,"distributor_terms":false,"distributor_media":false,"distributor_original_site_name":"ADDEV Materials","distributor_original_site_url":"https:\/\/addevmaterials.com\/pl","push-errors":false,"_links":{"self":[{"href":"https:\/\/addevmaterials.com\/pl\/wp-json\/wp\/v2\/pages\/2319","targetHints":{"allow":["GET"]}}],"collection":[{"href":"https:\/\/addevmaterials.com\/pl\/wp-json\/wp\/v2\/pages"}],"about":[{"href":"https:\/\/addevmaterials.com\/pl\/wp-json\/wp\/v2\/types\/page"}],"author":[{"embeddable":true,"href":"https:\/\/addevmaterials.com\/pl\/wp-json\/wp\/v2\/users\/1"}],"replies":[{"embeddable":true,"href":"https:\/\/addevmaterials.com\/pl\/wp-json\/wp\/v2\/comments?post=2319"}],"version-history":[{"count":18,"href":"https:\/\/addevmaterials.com\/pl\/wp-json\/wp\/v2\/pages\/2319\/revisions"}],"predecessor-version":[{"id":9445,"href":"https:\/\/addevmaterials.com\/pl\/wp-json\/wp\/v2\/pages\/2319\/revisions\/9445"}],"wp:attachment":[{"href":"https:\/\/addevmaterials.com\/pl\/wp-json\/wp\/v2\/media?parent=2319"}],"curies":[{"name":"wp","href":"https:\/\/api.w.org\/{rel}","templated":true}]}}