{"id":4825,"date":"2024-02-29T10:14:11","date_gmt":"2024-02-29T10:14:11","guid":{"rendered":"https:\/\/addevmaterials.com\/?page_id=4825"},"modified":"2026-02-22T20:44:08","modified_gmt":"2026-02-22T20:44:08","slug":"interview-with-caroline-celle-director-treasury-finance-group","status":"publish","type":"page","link":"https:\/\/addevmaterials.com\/pl\/interview-de-caroline-celle-directrice-tresorerie-financement-groupe\/","title":{"rendered":"Wywiad z Caroline CELLE: Dyrektor Grupy ds. Skarbu i Finansowania"},"content":{"rendered":"<div data-elementor-type=\"wp-page\" data-elementor-id=\"4825\" class=\"elementor elementor-4825\" data-elementor-post-type=\"page\">\n\t\t\t\t\t\t<section class=\"elementor-section elementor-top-section elementor-element elementor-element-7da7f7b elementor-section-boxed elementor-section-height-default elementor-section-height-default\" data-id=\"7da7f7b\" data-element_type=\"section\" data-e-type=\"section\" data-settings=\"{&quot;background_background&quot;:&quot;classic&quot;}\">\n\t\t\t\t\t\t\t<div class=\"elementor-background-overlay\"><\/div>\n\t\t\t\t\t\t\t<div class=\"elementor-container elementor-column-gap-default\">\n\t\t\t\t\t<div class=\"elementor-column elementor-col-100 elementor-top-column elementor-element elementor-element-699ebb5\" data-id=\"699ebb5\" data-element_type=\"column\" data-e-type=\"column\">\n\t\t\t<div class=\"elementor-widget-wrap elementor-element-populated\">\n\t\t\t\t\t\t<div class=\"elementor-element elementor-element-4eb5347 elementor-widget elementor-widget-heading\" data-id=\"4eb5347\" data-element_type=\"widget\" data-e-type=\"widget\" data-widget_type=\"heading.default\">\n\t\t\t\t<div class=\"elementor-widget-container\">\n\t\t\t\t\t<h1 class=\"elementor-heading-title elementor-size-default\">Wywiad z Caroline CELLE: Dyrektor Grupy ds. Skarbu i Finansowania<\/h1>\t\t\t\t<\/div>\n\t\t\t\t<\/div>\n\t\t\t\t\t<\/div>\n\t\t<\/div>\n\t\t\t\t\t<\/div>\n\t\t<\/section>\n\t\t<div class=\"elementor-element elementor-element-3601f5e e-flex e-con-boxed e-con e-parent\" data-id=\"3601f5e\" data-element_type=\"container\" data-e-type=\"container\">\n\t\t\t\t\t<div class=\"e-con-inner\">\n\t\t\t\t<div class=\"elementor-element elementor-element-b1f7627 elementor-widget elementor-widget-text-editor\" data-id=\"b1f7627\" data-element_type=\"widget\" data-e-type=\"widget\" data-widget_type=\"text-editor.default\">\n\t\t\t\t<div class=\"elementor-widget-container\">\n\t\t\t\t\t\t\t\t\t<p><b><span data-contrast=\"auto\">Nazwa : <\/span><\/b><span data-contrast=\"auto\">Caroline Celle<\/span><span data-ccp-props=\"{&quot;335551550&quot;:6,&quot;335551620&quot;:6}\">\u00a0<\/span><\/p><p><b><span data-contrast=\"auto\">Funkcja :<\/span><\/b><span data-contrast=\"auto\"> Dyrektor Grupy ds. Skarbu i Finansowania<\/span><span data-ccp-props=\"{&quot;335551550&quot;:6,&quot;335551620&quot;:6}\">\u00a0<\/span><\/p><p><b><span data-contrast=\"auto\">Sta\u017c pracy, obowi\u0105zki i do\u015bwiadczenie w ADDEV <\/span><\/b><span data-contrast=\"auto\">Do\u0142\u0105czy\u0142em do Grupy ADDEV Materials w maju 2023 r. (9 miesi\u0119cy sta\u017cu pracy), gdzie odpowiadam za Skarbiec i Finansowanie Grupy. Zarz\u0105dzanie pozycj\u0105 got\u00f3wkow\u0105 Grupy oznacza zapewnienie bie\u017c\u0105cej p\u0142ynno\u015bci Grupy oraz optymalizacj\u0119 i zabezpieczenie przep\u0142yw\u00f3w finansowych firmy.<\/span><span data-ccp-props=\"{&quot;335551550&quot;:6,&quot;335551620&quot;:6}\">\u00a0<\/span><\/p><p><span data-contrast=\"auto\">Je\u015bli chodzi o finansowanie, wi\u0105\u017ce si\u0119 to ze znalezieniem partner\u00f3w i rozwi\u0105za\u0144 finansowych wspieraj\u0105cych potrzeby rozwojowe firmy (rozw\u00f3j\/inwestycje zewn\u0119trzne itp.).<\/span><span data-ccp-props=\"{&quot;335551550&quot;:6,&quot;335551620&quot;:6}\">\u00a0<\/span><\/p><p><span data-contrast=\"auto\">Moje do\u015bwiadczenie w ADDEV jest mo\u017ce niedawne, ale bardzo bogate, poniewa\u017c pomog\u0142em w refinansowaniu zad\u0142u\u017cenia Grupy i obecnie pracuj\u0119 nad stworzeniem narz\u0119dzia do zarz\u0105dzania w celu optymalizacji przep\u0142yw\u00f3w pieni\u0119\u017cnych Grupy.<\/span><span data-ccp-props=\"{&quot;335551550&quot;:6,&quot;335551620&quot;:6}\">\u00a0<\/span><\/p><p><span data-contrast=\"auto\">Wcze\u015bniej pracowa\u0142em w du\u017cych grupach i \u015brednich firmach. Jestem w tej bran\u017cy od 16 lat.<\/span><span data-ccp-props=\"{&quot;335551550&quot;:6,&quot;335551620&quot;:6}\">\u00a0<\/span><span data-ccp-props=\"{&quot;335551550&quot;:6,&quot;335551620&quot;:6}\">\u00a0<\/span><\/p><p><b><span data-contrast=\"auto\">Jakie badania przeprowadzi\u0142e\u015b i dlaczego?\u00a0<\/span><\/b><span data-ccp-props=\"{&quot;335551550&quot;:6,&quot;335551620&quot;:6}\">\u00a0<\/span><\/p><p><span data-contrast=\"auto\">Po maturze mia\u0142em tylko mgliste poj\u0119cie o tym, co chc\u0119 robi\u0107: pracowa\u0107 w firmie i mie\u0107 obowi\u0105zki. Zdecydowa\u0142em si\u0119 wi\u0119c p\u00f3j\u015b\u0107 do klasy przygotowawczej, a nast\u0119pnie do szko\u0142y biznesu. Na trzecim roku specjalizowa\u0142em si\u0119 w finansach, a nast\u0119pnie w finansach dzi\u0119ki sta\u017cowi w Departamencie Finans\u00f3w Grupy Casino. Praca w grupie z jednej strony da\u0142a mi wgl\u0105d w r\u00f3\u017cne aspekty tej pracy.<\/span><span data-ccp-props=\"{&quot;335551550&quot;:6,&quot;335551620&quot;:6}\">\u00a0<\/span><span data-contrast=\"auto\">\u00a0<\/span><span data-ccp-props=\"{&quot;335551550&quot;:6,&quot;335551620&quot;:6}\">\u00a0<\/span><\/p><p><b><span data-contrast=\"auto\">Czy Twoim zdaniem w zawodach finansowych wyst\u0119puje nier\u00f3wno\u015b\u0107 p\u0142ci?<\/span><\/b><span data-ccp-props=\"{&quot;335551550&quot;:6,&quot;335551620&quot;:6}\">\u00a0<\/span><\/p><p><span data-contrast=\"auto\">Finanse s\u0105 nadal dziedzin\u0105 zdominowan\u0105 przez m\u0119\u017cczyzn, ale nigdy nie odczuwa\u0142am ani nie odczuwam \u017cadnych r\u00f3\u017cnic w stosunku do moich koleg\u00f3w, ani nawet \u017cadnych nier\u00f3wno\u015bci ze strony moich prze\u0142o\u017conych: na przyk\u0142ad obecnie tylko 17% kobiet zajmuje stanowiska w finansach, w por\u00f3wnaniu z 46% w marketingu i 58% w zasobach ludzkich.<\/span><span data-ccp-props=\"{&quot;335551550&quot;:6,&quot;335551620&quot;:6}\">\u00a0<\/span><span data-contrast=\"auto\">\u00a0 \u00a0 \u00a0 \u00a0 \u00a0 \u00a0 \u00a0 \u00a0 <\/span><span data-ccp-props=\"{&quot;335551550&quot;:6,&quot;335551620&quot;:6}\">\u00a0<\/span><\/p><p><b><span data-contrast=\"auto\">Jakie korzy\u015bci i trudno\u015bci napotka\u0142e\u015b w swojej karierze?<\/span><\/b><span data-ccp-props=\"{&quot;335551550&quot;:6,&quot;335551620&quot;:6}\">\u00a0<\/span><\/p><p><span data-contrast=\"auto\">Uwa\u017cam, \u017ce moja praca jest strategiczna i stymuluj\u0105ca. Trzeba by\u0107 elastycznym i ciekawym kwestii ekonomicznych, rozwoju IT i mi\u0119dzynarodowych standard\u00f3w. Dla mnie wa\u017cne jest, aby znale\u017a\u0107 w\u0142asn\u0105 \u015bcie\u017ck\u0119, pokocha\u0107 swoj\u0105 prac\u0119, aby m\u00f3c si\u0119 uczy\u0107, rozwija\u0107 i i\u015b\u0107 naprz\u00f3d ka\u017cdego dnia. Inn\u0105 istotn\u0105 kwesti\u0105, kt\u00f3ra nie zawsze jest \u0142atwa, jest harmonijne \u0142\u0105czenie \u017cycia zawodowego i osobistego.<\/span><span data-ccp-props=\"{&quot;335551550&quot;:6,&quot;335551620&quot;:6}\">\u00a0<\/span><\/p><p><b><span data-contrast=\"auto\">Czy Twoim zdaniem i w oparciu o Twoje do\u015bwiadczenie co\u015b si\u0119 zmieni\u0142o dla kobiet w ostatnich latach i jakie s\u0105 pozosta\u0142e przeszkody (edukacyjne i biznesowe)?<\/span><\/b><span data-ccp-props=\"{&quot;335551550&quot;:6,&quot;335551620&quot;:6}\">\u00a0<\/span><\/p><p><span data-contrast=\"auto\">Sytuacja zmienia si\u0119 na lepsze, poniewa\u017c coraz wi\u0119cej kobiet pracuje w finansach (zw\u0142aszcza w audycie) i chce mie\u0107 taki sam poziom odpowiedzialno\u015bci jak m\u0119\u017cczy\u017ani. Szklany sufit jest stopniowo rozbijany i to cz\u0119\u015bciowo dzi\u0119ki nim! Je\u015bli tego chcesz, mo\u017cesz to osi\u0105gn\u0105\u0107. Jednocze\u015bnie jeste\u015bmy \u015bwiadkami zbiorowego przebudzenia spo\u0142ecznego i socjalnego, a firmy musz\u0105 dostosowa\u0107 si\u0119 do tych zmian. Na przyk\u0142ad firmy s\u0105 obecnie coraz bardziej zaanga\u017cowane w inicjatywy CSR, w ramach kt\u00f3rych musz\u0105 spe\u0142nia\u0107 okre\u015blone zobowi\u0105zania, takie jak kwoty r\u00f3wno\u015bci p\u0142ci.<\/span><span data-ccp-props=\"{&quot;335551550&quot;:6,&quot;335551620&quot;:6}\">\u00a0<\/span><\/p><p><b><span data-contrast=\"auto\">Jakiej rady udzieli\u0142aby\u015b kobietom, kt\u00f3re chc\u0105 rozpocz\u0105\u0107 prac\u0119 w zawodzie takim jak Tw\u00f3j, a tak\u017ce pracodawcom poszukuj\u0105cym profili?<\/span><\/b><span data-ccp-props=\"{&quot;335551550&quot;:6,&quot;335551620&quot;:6}\">\u00a0<\/span><\/p><p><span data-contrast=\"auto\">Finanse to bardzo interesuj\u0105cy zaw\u00f3d, w kt\u00f3rym trzeba by\u0107 proaktywnym, rygorystycznym i dobrym w relacjach interpersonalnych. Je\u015bli posiadasz te cechy, zr\u00f3b to!\u00a0<\/span><span data-ccp-props=\"{&quot;335551550&quot;:6,&quot;335551620&quot;:6}\">\u00a0<\/span><\/p><p><span data-contrast=\"auto\">Je\u015bli chodzi o pracodawc\u00f3w, powiedzia\u0142bym, \u017ce musimy pom\u00f3c kobietom zobaczy\u0107 siebie w firmie, dekonstruuj\u0105c wizerunek m\u0119skiego przyw\u00f3dztwa, wspieraj\u0105c talenty, oferuj\u0105c szkolenia i tworz\u0105c sieci...<\/span><span data-ccp-props=\"{&quot;335551550&quot;:6,&quot;335551620&quot;:6}\">\u00a0<\/span><\/p>\t\t\t\t\t\t\t\t<\/div>\n\t\t\t\t<\/div>\n\t\t\t\t\t<\/div>\n\t\t\t\t<\/div>\n\t\t\t\t<\/div>","protected":false},"excerpt":{"rendered":"<p>Interview de Caroline CELLE : Directrice Tr\u00e9sorerie &amp; Financement Groupe Nom : Caroline Celle\u00a0 Fonction : Directrice Tr\u00e9sorerie &amp; Financement Groupe\u00a0 Anciennet\u00e9, responsabilit\u00e9s et exp\u00e9rience chez ADDEV : J\u2019ai rejoint le groupe ADDEV Materials en mai 2023 (9 mois d\u2019anciennet\u00e9) o\u00f9 je suis en charge de la Tr\u00e9sorerie et des Financements du Groupe. G\u00e9rer la [&hellip;]<\/p>\n","protected":false},"author":11,"featured_media":4496,"parent":0,"menu_order":0,"comment_status":"closed","ping_status":"closed","template":"elementor_header_footer","meta":{"footnotes":""},"class_list":["post-4825","page","type-page","status-publish","has-post-thumbnail","hentry"],"yoast_head":"<!-- This site is optimized with the Yoast SEO plugin v27.4 - https:\/\/yoast.com\/product\/yoast-seo-wordpress\/ -->\n<title>Interview de Caroline CELLE : Directrice Tr\u00e9sorerie &amp; Financement Groupe - ADDEV Materials<\/title>\n<meta name=\"robots\" content=\"index, follow, max-snippet:-1, max-image-preview:large, max-video-preview:-1\" \/>\n<link rel=\"canonical\" href=\"https:\/\/addevmaterials.com\/pl\/interview-with-caroline-celle-director-treasury-finance-group\/\" \/>\n<meta property=\"og:locale\" content=\"pl_PL\" \/>\n<meta property=\"og:type\" content=\"article\" \/>\n<meta property=\"og:title\" content=\"Interview de Caroline CELLE : Directrice Tr\u00e9sorerie &amp; Financement Groupe - ADDEV Materials\" \/>\n<meta property=\"og:description\" content=\"Interview de Caroline CELLE : Directrice Tr\u00e9sorerie &amp; Financement Groupe Nom : Caroline Celle\u00a0 Fonction : Directrice Tr\u00e9sorerie &amp; Financement Groupe\u00a0 Anciennet\u00e9, responsabilit\u00e9s et exp\u00e9rience chez ADDEV : J\u2019ai rejoint le groupe ADDEV Materials en mai 2023 (9 mois d\u2019anciennet\u00e9) o\u00f9 je suis en charge de la Tr\u00e9sorerie et des Financements du Groupe. G\u00e9rer la [&hellip;]\" \/>\n<meta property=\"og:url\" content=\"https:\/\/addevmaterials.com\/pl\/interview-with-caroline-celle-director-treasury-finance-group\/\" \/>\n<meta property=\"og:site_name\" content=\"ADDEV Materials\" \/>\n<meta property=\"article:modified_time\" content=\"2026-02-22T20:44:08+00:00\" \/>\n<meta property=\"og:image\" content=\"https:\/\/addevmaterials.com\/wp-content\/uploads\/2023\/11\/famille2-1.png\" \/>\n\t<meta property=\"og:image:width\" content=\"625\" \/>\n\t<meta property=\"og:image:height\" content=\"375\" \/>\n\t<meta property=\"og:image:type\" content=\"image\/png\" \/>\n<meta name=\"twitter:card\" content=\"summary_large_image\" \/>\n<meta name=\"twitter:label1\" content=\"Szacowany czas czytania\" \/>\n\t<meta name=\"twitter:data1\" content=\"3 minuty\" \/>\n<script type=\"application\/ld+json\" class=\"yoast-schema-graph\">{\"@context\":\"https:\\\/\\\/schema.org\",\"@graph\":[{\"@type\":\"WebPage\",\"@id\":\"https:\\\/\\\/addevmaterials.com\\\/interview-de-caroline-celle-directrice-tresorerie-financement-groupe\\\/\",\"url\":\"https:\\\/\\\/addevmaterials.com\\\/interview-de-caroline-celle-directrice-tresorerie-financement-groupe\\\/\",\"name\":\"Interview de Caroline CELLE : Directrice Tr\u00e9sorerie &amp; Financement Groupe - ADDEV Materials\",\"isPartOf\":{\"@id\":\"https:\\\/\\\/addevmaterials.com\\\/fr\\\/#website\"},\"primaryImageOfPage\":{\"@id\":\"https:\\\/\\\/addevmaterials.com\\\/interview-de-caroline-celle-directrice-tresorerie-financement-groupe\\\/#primaryimage\"},\"image\":{\"@id\":\"https:\\\/\\\/addevmaterials.com\\\/interview-de-caroline-celle-directrice-tresorerie-financement-groupe\\\/#primaryimage\"},\"thumbnailUrl\":\"https:\\\/\\\/addevmaterials.com\\\/wp-content\\\/uploads\\\/2023\\\/11\\\/famille2-1.png\",\"datePublished\":\"2024-02-29T10:14:11+00:00\",\"dateModified\":\"2026-02-22T20:44:08+00:00\",\"breadcrumb\":{\"@id\":\"https:\\\/\\\/addevmaterials.com\\\/interview-de-caroline-celle-directrice-tresorerie-financement-groupe\\\/#breadcrumb\"},\"inLanguage\":\"pl-PL\",\"potentialAction\":[{\"@type\":\"ReadAction\",\"target\":[\"https:\\\/\\\/addevmaterials.com\\\/interview-de-caroline-celle-directrice-tresorerie-financement-groupe\\\/\"]}]},{\"@type\":\"ImageObject\",\"inLanguage\":\"pl-PL\",\"@id\":\"https:\\\/\\\/addevmaterials.com\\\/interview-de-caroline-celle-directrice-tresorerie-financement-groupe\\\/#primaryimage\",\"url\":\"https:\\\/\\\/addevmaterials.com\\\/wp-content\\\/uploads\\\/2023\\\/11\\\/famille2-1.png\",\"contentUrl\":\"https:\\\/\\\/addevmaterials.com\\\/wp-content\\\/uploads\\\/2023\\\/11\\\/famille2-1.png\",\"width\":625,\"height\":375},{\"@type\":\"BreadcrumbList\",\"@id\":\"https:\\\/\\\/addevmaterials.com\\\/interview-de-caroline-celle-directrice-tresorerie-financement-groupe\\\/#breadcrumb\",\"itemListElement\":[{\"@type\":\"ListItem\",\"position\":1,\"name\":\"Accueil\",\"item\":\"https:\\\/\\\/addevmaterials.com\\\/\"},{\"@type\":\"ListItem\",\"position\":2,\"name\":\"Interview de Caroline CELLE : Directrice Tr\u00e9sorerie &amp; Financement Groupe\"}]},{\"@type\":\"WebSite\",\"@id\":\"https:\\\/\\\/addevmaterials.com\\\/fr\\\/#website\",\"url\":\"https:\\\/\\\/addevmaterials.com\\\/fr\\\/\",\"name\":\"ADDEV Materials\",\"description\":\"\",\"potentialAction\":[{\"@type\":\"SearchAction\",\"target\":{\"@type\":\"EntryPoint\",\"urlTemplate\":\"https:\\\/\\\/addevmaterials.com\\\/fr\\\/?s={search_term_string}\"},\"query-input\":{\"@type\":\"PropertyValueSpecification\",\"valueRequired\":true,\"valueName\":\"search_term_string\"}}],\"inLanguage\":\"pl-PL\"}]}<\/script>\n<!-- \/ Yoast SEO plugin. -->","yoast_head_json":{"title":"Wywiad z Caroline CELLE: Group Treasury &amp; Financing Director - ADDEV Materials","robots":{"index":"index","follow":"follow","max-snippet":"max-snippet:-1","max-image-preview":"max-image-preview:large","max-video-preview":"max-video-preview:-1"},"canonical":"https:\/\/addevmaterials.com\/pl\/interview-with-caroline-celle-director-treasury-finance-group\/","og_locale":"pl_PL","og_type":"article","og_title":"Interview de Caroline CELLE : Directrice Tr\u00e9sorerie &amp; Financement Groupe - ADDEV Materials","og_description":"Interview de Caroline CELLE : Directrice Tr\u00e9sorerie &amp; Financement Groupe Nom : Caroline Celle\u00a0 Fonction : Directrice Tr\u00e9sorerie &amp; Financement Groupe\u00a0 Anciennet\u00e9, responsabilit\u00e9s et exp\u00e9rience chez ADDEV : J\u2019ai rejoint le groupe ADDEV Materials en mai 2023 (9 mois d\u2019anciennet\u00e9) o\u00f9 je suis en charge de la Tr\u00e9sorerie et des Financements du Groupe. G\u00e9rer la [&hellip;]","og_url":"https:\/\/addevmaterials.com\/pl\/interview-with-caroline-celle-director-treasury-finance-group\/","og_site_name":"ADDEV Materials","article_modified_time":"2026-02-22T20:44:08+00:00","og_image":[{"width":625,"height":375,"url":"https:\/\/addevmaterials.com\/wp-content\/uploads\/2023\/11\/famille2-1.png","type":"image\/png"}],"twitter_card":"summary_large_image","twitter_misc":{"Szacowany czas czytania":"3 minuty"},"schema":{"@context":"https:\/\/schema.org","@graph":[{"@type":"WebPage","@id":"https:\/\/addevmaterials.com\/interview-de-caroline-celle-directrice-tresorerie-financement-groupe\/","url":"https:\/\/addevmaterials.com\/interview-de-caroline-celle-directrice-tresorerie-financement-groupe\/","name":"Wywiad z Caroline CELLE: Group Treasury &amp; Financing Director - ADDEV Materials","isPartOf":{"@id":"https:\/\/addevmaterials.com\/fr\/#website"},"primaryImageOfPage":{"@id":"https:\/\/addevmaterials.com\/interview-de-caroline-celle-directrice-tresorerie-financement-groupe\/#primaryimage"},"image":{"@id":"https:\/\/addevmaterials.com\/interview-de-caroline-celle-directrice-tresorerie-financement-groupe\/#primaryimage"},"thumbnailUrl":"https:\/\/addevmaterials.com\/wp-content\/uploads\/2023\/11\/famille2-1.png","datePublished":"2024-02-29T10:14:11+00:00","dateModified":"2026-02-22T20:44:08+00:00","breadcrumb":{"@id":"https:\/\/addevmaterials.com\/interview-de-caroline-celle-directrice-tresorerie-financement-groupe\/#breadcrumb"},"inLanguage":"pl-PL","potentialAction":[{"@type":"ReadAction","target":["https:\/\/addevmaterials.com\/interview-de-caroline-celle-directrice-tresorerie-financement-groupe\/"]}]},{"@type":"ImageObject","inLanguage":"pl-PL","@id":"https:\/\/addevmaterials.com\/interview-de-caroline-celle-directrice-tresorerie-financement-groupe\/#primaryimage","url":"https:\/\/addevmaterials.com\/wp-content\/uploads\/2023\/11\/famille2-1.png","contentUrl":"https:\/\/addevmaterials.com\/wp-content\/uploads\/2023\/11\/famille2-1.png","width":625,"height":375},{"@type":"BreadcrumbList","@id":"https:\/\/addevmaterials.com\/interview-de-caroline-celle-directrice-tresorerie-financement-groupe\/#breadcrumb","itemListElement":[{"@type":"ListItem","position":1,"name":"Accueil","item":"https:\/\/addevmaterials.com\/"},{"@type":"ListItem","position":2,"name":"Interview de Caroline CELLE : Directrice Tr\u00e9sorerie &amp; Financement Groupe"}]},{"@type":"WebSite","@id":"https:\/\/addevmaterials.com\/fr\/#website","url":"https:\/\/addevmaterials.com\/fr\/","name":"ADDEV Materials","description":"","potentialAction":[{"@type":"SearchAction","target":{"@type":"EntryPoint","urlTemplate":"https:\/\/addevmaterials.com\/fr\/?s={search_term_string}"},"query-input":{"@type":"PropertyValueSpecification","valueRequired":true,"valueName":"search_term_string"}}],"inLanguage":"pl-PL"}]}},"distributor_meta":false,"distributor_terms":false,"distributor_media":false,"distributor_original_site_name":"ADDEV Materials","distributor_original_site_url":"https:\/\/addevmaterials.com\/pl","push-errors":false,"_links":{"self":[{"href":"https:\/\/addevmaterials.com\/pl\/wp-json\/wp\/v2\/pages\/4825","targetHints":{"allow":["GET"]}}],"collection":[{"href":"https:\/\/addevmaterials.com\/pl\/wp-json\/wp\/v2\/pages"}],"about":[{"href":"https:\/\/addevmaterials.com\/pl\/wp-json\/wp\/v2\/types\/page"}],"author":[{"embeddable":true,"href":"https:\/\/addevmaterials.com\/pl\/wp-json\/wp\/v2\/users\/11"}],"replies":[{"embeddable":true,"href":"https:\/\/addevmaterials.com\/pl\/wp-json\/wp\/v2\/comments?post=4825"}],"version-history":[{"count":14,"href":"https:\/\/addevmaterials.com\/pl\/wp-json\/wp\/v2\/pages\/4825\/revisions"}],"predecessor-version":[{"id":10264,"href":"https:\/\/addevmaterials.com\/pl\/wp-json\/wp\/v2\/pages\/4825\/revisions\/10264"}],"wp:featuredmedia":[{"embeddable":true,"href":"https:\/\/addevmaterials.com\/pl\/wp-json\/wp\/v2\/media\/4496"}],"wp:attachment":[{"href":"https:\/\/addevmaterials.com\/pl\/wp-json\/wp\/v2\/media?parent=4825"}],"curies":[{"name":"wp","href":"https:\/\/api.w.org\/{rel}","templated":true}]}}