{"id":5886,"date":"2025-03-12T13:45:13","date_gmt":"2025-03-12T13:45:13","guid":{"rendered":"https:\/\/addevmaterials.com\/?page_id=5886"},"modified":"2025-12-03T20:33:06","modified_gmt":"2025-12-03T20:33:06","slug":"polityka-prywatnosci","status":"publish","type":"page","link":"https:\/\/addevmaterials.com\/pl\/politique-de-confidentialite\/","title":{"rendered":"Polityka prywatno\u015bci"},"content":{"rendered":"<div data-elementor-type=\"wp-page\" data-elementor-id=\"5886\" class=\"elementor elementor-5886\" data-elementor-post-type=\"page\">\n\t\t\t\t<div class=\"elementor-element elementor-element-ba604a1 e-flex e-con-boxed e-con e-parent\" data-id=\"ba604a1\" data-element_type=\"container\" data-e-type=\"container\">\n\t\t\t\t\t<div class=\"e-con-inner\">\n\t\t\t\t<div class=\"elementor-element elementor-element-8337dad elementor-widget-divider--view-line elementor-widget elementor-widget-divider\" data-id=\"8337dad\" data-element_type=\"widget\" data-e-type=\"widget\" data-widget_type=\"divider.default\">\n\t\t\t\t<div class=\"elementor-widget-container\">\n\t\t\t\t\t\t\t<div class=\"elementor-divider\">\n\t\t\t<span class=\"elementor-divider-separator\">\n\t\t\t\t\t\t<\/span>\n\t\t<\/div>\n\t\t\t\t\t\t<\/div>\n\t\t\t\t<\/div>\n\t\t\t\t<div class=\"elementor-element elementor-element-08ec148 elementor-widget elementor-widget-heading\" data-id=\"08ec148\" data-element_type=\"widget\" data-e-type=\"widget\" data-widget_type=\"heading.default\">\n\t\t\t\t<div class=\"elementor-widget-container\">\n\t\t\t\t\t<h1 class=\"elementor-heading-title elementor-size-default\">Polityka prywatno\u015bci<\/h1>\t\t\t\t<\/div>\n\t\t\t\t<\/div>\n\t\t\t\t\t<\/div>\n\t\t\t\t<\/div>\n\t\t<div class=\"elementor-element elementor-element-5867d04 e-flex e-con-boxed e-con e-parent\" data-id=\"5867d04\" data-element_type=\"container\" data-e-type=\"container\">\n\t\t\t\t\t<div class=\"e-con-inner\">\n\t\t\t\t<div class=\"elementor-element elementor-element-ef4257f elementor-widget elementor-widget-text-editor\" data-id=\"ef4257f\" data-element_type=\"widget\" data-e-type=\"widget\" data-widget_type=\"text-editor.default\">\n\t\t\t\t<div class=\"elementor-widget-container\">\n\t\t\t\t\t\t\t\t\t<p data-start=\"195\" data-end=\"225\"><strong data-start=\"195\" data-end=\"223\">Obowi\u0105zuje od 12.03.2025 r.<\/strong><\/p><p data-start=\"227\" data-end=\"614\">Tera\u017aniejszo\u015b\u0107 <strong data-start=\"239\" data-end=\"271\">Polityka prywatno\u015bci<\/strong> jest informowanie u\u017cytkownik\u00f3w strony <strong data-start=\"324\" data-end=\"355\"><a href=\"https:\/\/addevmaterials.com\/\" target=\"_new\" rel=\"noopener\" data-start=\"326\" data-end=\"353\">https:\/\/addevmaterials.com\/<\/a><\/strong> (zwanej dalej \"Witryn\u0105\") w sprawie gromadzenia, wykorzystywania i ochrony ich danych osobowych, zgodnie z prawem. <strong data-start=\"474\" data-end=\"543\">Og\u00f3lne rozporz\u0105dzenie o ochronie danych (RODO) nr 2016\/679<\/strong> i <strong data-start=\"552\" data-end=\"611\">Francuska ustawa o ochronie danych osobowych z dnia 6 stycznia 1978 r. z p\u00f3\u017aniejszymi zmianami<\/strong>.<\/p><p data-start=\"616\" data-end=\"703\">Korzystaj\u0105c z Witryny, u\u017cytkownik akceptuje niniejsz\u0105 Polityk\u0119 prywatno\u015bci.<\/p><hr data-start=\"705\" data-end=\"708\" \/><h2 data-start=\"710\" data-end=\"747\"><strong data-start=\"713\" data-end=\"745\">1. ADMINISTRATOR DANYCH<\/strong><\/h2><p data-start=\"748\" data-end=\"832\">Podmiotem odpowiedzialnym za przetwarzanie danych osobowych gromadzonych na Stronie jest :<\/p><p data-start=\"834\" data-end=\"1006\"><strong data-start=\"834\" data-end=\"857\">ADDEV Materials SAS<\/strong><br data-start=\"857\" data-end=\"860\" \/>\ud83d\udccd <strong data-start=\"863\" data-end=\"879\">Siedziba g\u0142\u00f3wna<\/strong> 30 Quai Perrache, 69002 Lyon, Francja<br data-start=\"918\" data-end=\"921\" \/>\ud83d\udcde <strong data-start=\"924\" data-end=\"937\">Telefon<\/strong> : +33 (0)4 72 11 35 00<br data-start=\"960\" data-end=\"963\" \/>\u2709\ufe0f <strong data-start=\"966\" data-end=\"975\">E-mail<\/strong> : <a rel=\"noopener\" data-start=\"978\" data-end=\"1004\">contact@addevmaterials.com<\/a><\/p><p data-start=\"1008\" data-end=\"1117\">W przypadku jakichkolwiek pyta\u0144 dotycz\u0105cych ochrony danych osobowych prosimy o kontakt pod powy\u017cszym adresem.<\/p><hr data-start=\"1119\" data-end=\"1122\" \/><h2 data-start=\"1124\" data-end=\"1167\"><strong data-start=\"1127\" data-end=\"1165\">2. GROMADZONE DANE I CELE<\/strong><\/h2><p data-start=\"1169\" data-end=\"1295\">Gromadzimy i przetwarzamy dane osobowe tylko wtedy, gdy jest to konieczne do nast\u0119puj\u0105cych cel\u00f3w:<\/p><table data-start=\"1297\" data-end=\"1999\"><thead data-start=\"1297\" data-end=\"1352\"><tr data-start=\"1297\" data-end=\"1352\"><th data-start=\"1297\" data-end=\"1326\">Rodzaj gromadzonych danych<\/th><th data-start=\"1326\" data-end=\"1337\">Cel<\/th><th data-start=\"1337\" data-end=\"1352\">Podstawa prawna<\/th><\/tr><\/thead><tbody data-start=\"1407\" data-end=\"1999\"><tr data-start=\"1407\" data-end=\"1515\"><td>Nazwisko, imi\u0119, adres e-mail, numer telefonu<\/td><td>Zarz\u0105dzanie zg\u0142oszeniami za po\u015brednictwem formularza kontaktowego<\/td><td>Zgoda<\/td><\/tr><tr data-start=\"1516\" data-end=\"1641\"><td>Adres IP, dane przegl\u0105dania (Google Analytics)<\/td><td>Analiza ruchu i ulepszanie strony<\/td><td>Zgoda<\/td><\/tr><tr data-start=\"1642\" data-end=\"1777\"><td>Nazwisko, imi\u0119, adres e-mail, interakcje z nasz\u0105 firm\u0105 (CRM)<\/td><td>Zarz\u0105dzanie relacjami z klientami i monitorowanie sprzeda\u017cy<\/td><td>Uzasadniony interes<\/td><\/tr><tr data-start=\"1778\" data-end=\"1895\"><td>Techniczne i funkcjonalne pliki cookie<\/td><td>Zapewnienie sprawnego dzia\u0142ania witryny<\/td><td>Niezb\u0119dne do dzia\u0142ania witryny<\/td><\/tr><tr data-start=\"1896\" data-end=\"1999\"><td>Reklamowe i analityczne pliki cookie<\/td><td>Ukierunkowane reklamy, statystyki odbiorc\u00f3w<\/td><td>Zgoda<\/td><\/tr><\/tbody><\/table><p data-start=\"2001\" data-end=\"2169\">\ud83d\udccc <strong data-start=\"2004\" data-end=\"2018\">Uwaga:<\/strong> Dane zebrane za po\u015brednictwem <strong data-start=\"2046\" data-end=\"2066\">Google Analytics<\/strong> s\u0105 w miar\u0119 mo\u017cliwo\u015bci zanonimizowane i nie pozwalaj\u0105 na identyfikacj\u0119 u\u017cytkownika.<\/p><hr data-start=\"2171\" data-end=\"2174\" \/><h2 data-start=\"2176\" data-end=\"2225\"><strong data-start=\"2179\" data-end=\"2223\">3. KORZYSTANIE Z GOOGLE ANALYTICS I CRM<\/strong><\/h2><h3 data-start=\"2227\" data-end=\"2257\"><strong data-start=\"2231\" data-end=\"2255\">3.1 Google Analytics<\/strong><\/h3><p data-start=\"2258\" data-end=\"2402\">U\u017cywamy <strong data-start=\"2273\" data-end=\"2293\">Google Analytics<\/strong>us\u0142uga \u015bwiadczona przez Google LLC w celu analizy ogl\u0105dalno\u015bci Strony i poprawy komfortu u\u017cytkowania.<\/p><ul data-start=\"2404\" data-end=\"2736\"><li data-start=\"2404\" data-end=\"2532\">Google Analytics gromadzi informacje, takie jak adres IP, typ urz\u0105dzenia, czas sp\u0119dzony na stronach itp.<\/li><li data-start=\"2533\" data-end=\"2622\">Dane te s\u0105 <strong data-start=\"2552\" data-end=\"2567\">zanonimizowany<\/strong> i nie pozwalaj\u0105 na bezpo\u015bredni\u0105 identyfikacj\u0119 u\u017cytkownika.<\/li><li data-start=\"2623\" data-end=\"2736\">Mo\u017cesz dezaktywowa\u0107 Google Analytics, odrzucaj\u0105c pliki cookie za po\u015brednictwem naszej witryny <strong data-start=\"2699\" data-end=\"2733\">baner zarz\u0105dzania plikami cookie<\/strong>.<\/li><\/ul><p data-start=\"2738\" data-end=\"2873\">\ud83d\udccc <strong data-start=\"2741\" data-end=\"2809\">Wi\u0119cej informacji na temat zarz\u0105dzania danymi przez Google :<\/strong> <a target=\"_new\" rel=\"noopener\" data-start=\"2810\" data-end=\"2871\">Prywatno\u015b\u0107 i warunki Google<\/a><\/p><h3 data-start=\"2875\" data-end=\"2915\"><strong data-start=\"2879\" data-end=\"2913\">3.2 Korzystanie z narz\u0119dzia CRM<\/strong><\/h3><p data-start=\"2916\" data-end=\"3052\">U\u017cywamy <strong data-start=\"2934\" data-end=\"2976\">CRM (zarz\u0105dzanie relacjami z klientami)<\/strong> do zarz\u0105dzania naszymi relacjami z klientami i \u015bledzenia interakcji handlowych.<\/p><ul data-start=\"3053\" data-end=\"3263\"><li data-start=\"3053\" data-end=\"3182\">Zebrane dane (imi\u0119 i nazwisko, adres e-mail, historia wymiany) s\u0105 wykorzystywane do nast\u0119puj\u0105cych cel\u00f3w <strong data-start=\"3131\" data-end=\"3179\">wy\u0142\u0105cznie do cel\u00f3w zarz\u0105dzania komercyjnego<\/strong>.<\/li><li data-start=\"3183\" data-end=\"3263\">Nie sprzedajemy ani nie udost\u0119pniamy danych u\u017cytkownik\u00f3w nieupowa\u017cnionym stronom trzecim.<\/li><\/ul><p data-start=\"3265\" data-end=\"3384\">Je\u015bli chcesz <strong data-start=\"3283\" data-end=\"3332\">sprzeciwi\u0107 si\u0119 przetwarzaniu danych CRM u\u017cytkownika<\/strong>skontaktuj si\u0119 z nami pod adresem <strong data-start=\"3351\" data-end=\"3381\"><a rel=\"noopener\" data-start=\"3353\" data-end=\"3379\">contact@addevmaterials.com<\/a><\/strong>.<\/p><hr data-start=\"3386\" data-end=\"3389\" \/><h2 data-start=\"3391\" data-end=\"3436\"><strong data-start=\"3394\" data-end=\"3434\">4. OKRES PRZECHOWYWANIA DANYCH<\/strong><\/h2><p data-start=\"3437\" data-end=\"3576\">Dane osobowe u\u017cytkownika b\u0119d\u0105 przechowywane wy\u0142\u0105cznie <strong data-start=\"3489\" data-end=\"3517\">tak d\u0142ugo, jak to konieczne<\/strong> cele, dla kt\u00f3rych zosta\u0142y zebrane:<\/p><ul data-start=\"3578\" data-end=\"3884\"><li data-start=\"3578\" data-end=\"3638\"><strong data-start=\"3580\" data-end=\"3602\">Dane kontaktowe<\/strong> 3 lata po ostatniej wymianie.<\/li><li data-start=\"3639\" data-end=\"3709\"><strong data-start=\"3641\" data-end=\"3656\">Dane CRM<\/strong> 3 lata po ostatniej interakcji handlowej.<\/li><li data-start=\"3710\" data-end=\"3798\"><strong data-start=\"3712\" data-end=\"3777\">Dane przegl\u0105dania (Google Analytics, analityczne pliki cookie)<\/strong> Maksymalnie 13 miesi\u0119cy.<\/li><li data-start=\"3799\" data-end=\"3884\"><strong data-start=\"3801\" data-end=\"3823\">Techniczne pliki cookie<\/strong> Czas trwania sesji (usuwany po zamkni\u0119ciu przegl\u0105darki).<\/li><\/ul><p data-start=\"3886\" data-end=\"3986\">Po up\u0142ywie tego okresu dane u\u017cytkownika s\u0105 usuwane lub anonimizowane do cel\u00f3w statystycznych.<\/p><hr data-start=\"3988\" data-end=\"3991\" \/><h2 data-start=\"3993\" data-end=\"4039\"><strong data-start=\"3996\" data-end=\"4037\">5. UDOST\u0118PNIANIE DANYCH I HOSTING<\/strong><\/h2><p data-start=\"4041\" data-end=\"4135\">Nie udost\u0119pniamy danych osobowych u\u017cytkownik\u00f3w stronom trzecim, z wyj\u0105tkiem nast\u0119puj\u0105cych przypadk\u00f3w:<\/p><p data-start=\"4137\" data-end=\"4325\">\u2714\ufe0f <strong data-start=\"4140\" data-end=\"4169\">Hosting i konserwacja<\/strong> Witryny (Infomaniak Network SA, Szwajcaria).<br data-start=\"4210\" data-end=\"4213\" \/>\u2714\ufe0f <strong data-start=\"4216\" data-end=\"4236\">Google Analytics<\/strong> do monitorowania odbiorc\u00f3w.<br data-start=\"4265\" data-end=\"4268\" \/>\u2714\ufe0f <strong data-start=\"4271\" data-end=\"4284\">Narz\u0119dzie CRM<\/strong> do zarz\u0105dzania relacjami z klientami.<\/p><p data-start=\"4327\" data-end=\"4399\">Wszystkie dane s\u0105 przechowywane w Unii Europejskiej lub Szwajcarii.<\/p><hr data-start=\"4401\" data-end=\"4404\" \/><h2 data-start=\"4406\" data-end=\"4441\"><strong data-start=\"4409\" data-end=\"4439\">6. PRAWA U\u017bYTKOWNIKA<\/strong><\/h2><p data-start=\"4443\" data-end=\"4535\">Zgodnie z <strong data-start=\"4459\" data-end=\"4467\">RGPD<\/strong>U\u017cytkownikowi przys\u0142uguj\u0105 nast\u0119puj\u0105ce prawa w odniesieniu do jego danych osobowych:<\/p><p data-start=\"4537\" data-end=\"5036\">\u2705 <strong data-start=\"4539\" data-end=\"4556\">Prawo dost\u0119pu<\/strong> Uzyska\u0107 kopi\u0119 przechowywanych przez nas danych dotycz\u0105cych u\u017cytkownika.<br data-start=\"4616\" data-end=\"4619\" \/>\u2705 <strong data-start=\"4621\" data-end=\"4647\">Prawo do sprostowania<\/strong> Modyfikowa\u0107 lub poprawia\u0107 swoje dane.<br data-start=\"4683\" data-end=\"4686\" \/>\u2705 <strong data-start=\"4688\" data-end=\"4712\">Prawo do usuni\u0119cia<\/strong> \u017b\u0105danie usuni\u0119cia swoich danych.<br data-start=\"4754\" data-end=\"4757\" \/>\u2705 <strong data-start=\"4759\" data-end=\"4781\">Prawo do sprzeciwu<\/strong> Odm\u00f3wi\u0107 przetwarzania danych z uzasadnionych powod\u00f3w.<br data-start=\"4848\" data-end=\"4851\" \/>\u2705 <strong data-start=\"4853\" data-end=\"4879\">Prawo do przenoszenia<\/strong> Odzyskaj dane w u\u017cytecznym formacie.<br data-start=\"4931\" data-end=\"4934\" \/>\u2705 <strong data-start=\"4936\" data-end=\"4975\">Prawo do ograniczenia przetwarzania<\/strong> Za\u017c\u0105da\u0107 tymczasowego wstrzymania przetwarzania swoich danych.<\/p><p data-start=\"5038\" data-end=\"5208\">Aby skorzysta\u0107 z tych praw, nale\u017cy skontaktowa\u0107 si\u0119 z nami pod adresem : <strong data-start=\"5085\" data-end=\"5115\"><a rel=\"noopener\" data-start=\"5087\" data-end=\"5113\">contact@addevmaterials.com<\/a><\/strong><br data-start=\"5115\" data-end=\"5118\" \/>W przypadku sporu u\u017cytkownik mo\u017ce skierowa\u0107 spraw\u0119 do <strong data-start=\"5161\" data-end=\"5169\">CNIL<\/strong> (<a href=\"https:\/\/www.cnil.fr\" target=\"_new\" rel=\"noopener\" data-start=\"5171\" data-end=\"5205\">www.cnil.fr<\/a>)<\/p><hr data-start=\"5210\" data-end=\"5213\" \/><h2 data-start=\"5215\" data-end=\"5261\"><strong data-start=\"5218\" data-end=\"5259\">7. PLIKI COOKIE I ZARZ\u0104DZANIE ZGOD\u0104<\/strong><\/h2><p data-start=\"5263\" data-end=\"5372\">Podczas pierwszej wizyty baner zgody umo\u017cliwia zaakceptowanie lub odrzucenie plik\u00f3w cookie.<\/p><p data-start=\"5374\" data-end=\"5682\">\ud83d\udccc <strong data-start=\"5377\" data-end=\"5415\">Pliki cookie u\u017cywane na stronie :<\/strong><br data-start=\"5415\" data-end=\"5418\" \/>\u2714\ufe0f <strong data-start=\"5421\" data-end=\"5445\">Funkcjonalne pliki cookie<\/strong> Niezb\u0119dne do prawid\u0142owego funkcjonowania obiektu (zwolnione z obowi\u0105zku uzyskania zgody).<br data-start=\"5520\" data-end=\"5523\" \/>\u2714\ufe0f <strong data-start=\"5526\" data-end=\"5568\">Analityczne pliki cookie (Google Analytics)<\/strong> S\u0142u\u017cy do analizy ruchu w witrynie.<br data-start=\"5611\" data-end=\"5614\" \/>\u2714\ufe0f <strong data-start=\"5617\" data-end=\"5642\">Reklamowe pliki cookie<\/strong> U\u017cywany do targetowania marketingowego.<\/p><p data-start=\"5684\" data-end=\"5827\"><strong data-start=\"5684\" data-end=\"5825\">Mo\u017cesz zmieni\u0107 swoje preferencje w dowolnym momencie za po\u015brednictwem naszej strony <a target=\"_new\" rel=\"noopener\" data-start=\"5747\" data-end=\"5822\">Strona zarz\u0105dzania plikami cookie<\/a>.<\/strong><\/p><hr data-start=\"5829\" data-end=\"5832\" \/><h2 data-start=\"5834\" data-end=\"5894\"><strong data-start=\"5837\" data-end=\"5892\">8. ZMIANY W POLITYCE PRYWATNO\u015aCI<\/strong><\/h2><p data-start=\"5895\" data-end=\"6016\">Zastrzegamy sobie prawo do zmiany niniejszej polityki w celu zapewnienia jej zgodno\u015bci z obowi\u0105zuj\u0105cymi przepisami.<\/p><p data-start=\"6018\" data-end=\"6216\">\ud83d\udccc <strong data-start=\"6021\" data-end=\"6060\">Ostatnia aktualizacja: 12 marca 2025 r.<\/strong><br data-start=\"6060\" data-end=\"6063\" \/>\ud83d\udccc <strong data-start=\"6066\" data-end=\"6105\">Sprawd\u017a najnowsz\u0105 wersj\u0119 tutaj:<\/strong> <a target=\"_new\" rel=\"noopener\" data-start=\"6106\" data-end=\"6214\">https:\/\/addevmaterials.com\/politique-confidentialite<\/a><\/p><hr data-start=\"6218\" data-end=\"6221\" \/><h3 data-start=\"6223\" data-end=\"6252\"><strong data-start=\"6227\" data-end=\"6250\">POTRZEBUJESZ WI\u0118CEJ INFORMACJI?<\/strong><\/h3><p data-start=\"6253\" data-end=\"6375\">\ud83d\udce7 <strong data-start=\"6256\" data-end=\"6269\">Kontakt:<\/strong> <a rel=\"noopener\" data-start=\"6270\" data-end=\"6296\">contact@addevmaterials.com<\/a><br data-start=\"6296\" data-end=\"6299\" \/>\ud83c\udf0d <strong data-start=\"6302\" data-end=\"6316\">Strona internetowa :<\/strong> <a href=\"https:\/\/addevmaterials.com\" target=\"_new\" rel=\"noopener\" data-start=\"6317\" data-end=\"6373\">https:\/\/addevmaterials.com<\/a><\/p>\t\t\t\t\t\t\t\t<\/div>\n\t\t\t\t<\/div>\n\t\t\t\t\t<\/div>\n\t\t\t\t<\/div>\n\t\t\t\t<\/div>","protected":false},"excerpt":{"rendered":"<p>Politique de confidentialit\u00e9 \u200b En vigueur au 12\/03\/2025 La pr\u00e9sente Politique de Confidentialit\u00e9 a pour objectif d\u2019informer les utilisateurs du site https:\/\/addevmaterials.com\/ (ci-apr\u00e8s \u00ab le Site \u00bb) sur la collecte, l\u2019utilisation et la protection de leurs donn\u00e9es personnelles, conform\u00e9ment au R\u00e8glement G\u00e9n\u00e9ral sur la Protection des Donn\u00e9es (RGPD) n\u00b02016\/679 et \u00e0 la Loi Informatique et [&hellip;]<\/p>\n","protected":false},"author":11,"featured_media":0,"parent":0,"menu_order":0,"comment_status":"closed","ping_status":"closed","template":"elementor_header_footer","meta":{"footnotes":""},"class_list":["post-5886","page","type-page","status-publish","hentry"],"yoast_head":"<!-- This site is optimized with the Yoast SEO plugin v27.4 - https:\/\/yoast.com\/product\/yoast-seo-wordpress\/ -->\n<title>Politique de confidentialit\u00e9 - ADDEV Materials<\/title>\n<meta name=\"robots\" content=\"noindex, follow\" \/>\n<meta property=\"og:locale\" content=\"pl_PL\" \/>\n<meta property=\"og:type\" content=\"article\" \/>\n<meta property=\"og:title\" content=\"Politique de confidentialit\u00e9 - ADDEV Materials\" \/>\n<meta property=\"og:description\" content=\"Politique de confidentialit\u00e9 \u200b En vigueur au 12\/03\/2025 La pr\u00e9sente Politique de Confidentialit\u00e9 a pour objectif d\u2019informer les utilisateurs du site https:\/\/addevmaterials.com\/ (ci-apr\u00e8s \u00ab le Site \u00bb) sur la collecte, l\u2019utilisation et la protection de leurs donn\u00e9es personnelles, conform\u00e9ment au R\u00e8glement G\u00e9n\u00e9ral sur la Protection des Donn\u00e9es (RGPD) n\u00b02016\/679 et \u00e0 la Loi Informatique et [&hellip;]\" \/>\n<meta property=\"og:url\" content=\"https:\/\/addevmaterials.com\/pl\/polityka-prywatnosci\/\" \/>\n<meta property=\"og:site_name\" content=\"ADDEV Materials\" \/>\n<meta property=\"article:modified_time\" content=\"2025-12-03T20:33:06+00:00\" \/>\n<meta name=\"twitter:card\" content=\"summary_large_image\" \/>\n<meta name=\"twitter:label1\" content=\"Szacowany czas czytania\" \/>\n\t<meta name=\"twitter:data1\" content=\"4 minuty\" \/>\n<script type=\"application\/ld+json\" class=\"yoast-schema-graph\">{\"@context\":\"https:\\\/\\\/schema.org\",\"@graph\":[{\"@type\":\"WebPage\",\"@id\":\"https:\\\/\\\/addevmaterials.com\\\/politique-de-confidentialite\\\/\",\"url\":\"https:\\\/\\\/addevmaterials.com\\\/politique-de-confidentialite\\\/\",\"name\":\"Politique de confidentialit\u00e9 - ADDEV Materials\",\"isPartOf\":{\"@id\":\"https:\\\/\\\/addevmaterials.com\\\/fr\\\/#website\"},\"datePublished\":\"2025-03-12T13:45:13+00:00\",\"dateModified\":\"2025-12-03T20:33:06+00:00\",\"breadcrumb\":{\"@id\":\"https:\\\/\\\/addevmaterials.com\\\/politique-de-confidentialite\\\/#breadcrumb\"},\"inLanguage\":\"pl-PL\",\"potentialAction\":[{\"@type\":\"ReadAction\",\"target\":[\"https:\\\/\\\/addevmaterials.com\\\/politique-de-confidentialite\\\/\"]}]},{\"@type\":\"BreadcrumbList\",\"@id\":\"https:\\\/\\\/addevmaterials.com\\\/politique-de-confidentialite\\\/#breadcrumb\",\"itemListElement\":[{\"@type\":\"ListItem\",\"position\":1,\"name\":\"Accueil\",\"item\":\"https:\\\/\\\/addevmaterials.com\\\/\"},{\"@type\":\"ListItem\",\"position\":2,\"name\":\"Politique de confidentialit\u00e9\"}]},{\"@type\":\"WebSite\",\"@id\":\"https:\\\/\\\/addevmaterials.com\\\/fr\\\/#website\",\"url\":\"https:\\\/\\\/addevmaterials.com\\\/fr\\\/\",\"name\":\"ADDEV Materials\",\"description\":\"\",\"potentialAction\":[{\"@type\":\"SearchAction\",\"target\":{\"@type\":\"EntryPoint\",\"urlTemplate\":\"https:\\\/\\\/addevmaterials.com\\\/fr\\\/?s={search_term_string}\"},\"query-input\":{\"@type\":\"PropertyValueSpecification\",\"valueRequired\":true,\"valueName\":\"search_term_string\"}}],\"inLanguage\":\"pl-PL\"}]}<\/script>\n<!-- \/ Yoast SEO plugin. -->","yoast_head_json":{"title":"Polityka prywatno\u015bci - ADDEV Materials","robots":{"index":"noindex","follow":"follow"},"og_locale":"pl_PL","og_type":"article","og_title":"Politique de confidentialit\u00e9 - ADDEV Materials","og_description":"Politique de confidentialit\u00e9 \u200b En vigueur au 12\/03\/2025 La pr\u00e9sente Politique de Confidentialit\u00e9 a pour objectif d\u2019informer les utilisateurs du site https:\/\/addevmaterials.com\/ (ci-apr\u00e8s \u00ab le Site \u00bb) sur la collecte, l\u2019utilisation et la protection de leurs donn\u00e9es personnelles, conform\u00e9ment au R\u00e8glement G\u00e9n\u00e9ral sur la Protection des Donn\u00e9es (RGPD) n\u00b02016\/679 et \u00e0 la Loi Informatique et [&hellip;]","og_url":"https:\/\/addevmaterials.com\/pl\/polityka-prywatnosci\/","og_site_name":"ADDEV Materials","article_modified_time":"2025-12-03T20:33:06+00:00","twitter_card":"summary_large_image","twitter_misc":{"Szacowany czas czytania":"4 minuty"},"schema":{"@context":"https:\/\/schema.org","@graph":[{"@type":"WebPage","@id":"https:\/\/addevmaterials.com\/politique-de-confidentialite\/","url":"https:\/\/addevmaterials.com\/politique-de-confidentialite\/","name":"Polityka prywatno\u015bci - ADDEV Materials","isPartOf":{"@id":"https:\/\/addevmaterials.com\/fr\/#website"},"datePublished":"2025-03-12T13:45:13+00:00","dateModified":"2025-12-03T20:33:06+00:00","breadcrumb":{"@id":"https:\/\/addevmaterials.com\/politique-de-confidentialite\/#breadcrumb"},"inLanguage":"pl-PL","potentialAction":[{"@type":"ReadAction","target":["https:\/\/addevmaterials.com\/politique-de-confidentialite\/"]}]},{"@type":"BreadcrumbList","@id":"https:\/\/addevmaterials.com\/politique-de-confidentialite\/#breadcrumb","itemListElement":[{"@type":"ListItem","position":1,"name":"Accueil","item":"https:\/\/addevmaterials.com\/"},{"@type":"ListItem","position":2,"name":"Politique de confidentialit\u00e9"}]},{"@type":"WebSite","@id":"https:\/\/addevmaterials.com\/fr\/#website","url":"https:\/\/addevmaterials.com\/fr\/","name":"ADDEV Materials","description":"","potentialAction":[{"@type":"SearchAction","target":{"@type":"EntryPoint","urlTemplate":"https:\/\/addevmaterials.com\/fr\/?s={search_term_string}"},"query-input":{"@type":"PropertyValueSpecification","valueRequired":true,"valueName":"search_term_string"}}],"inLanguage":"pl-PL"}]}},"distributor_meta":false,"distributor_terms":false,"distributor_media":false,"distributor_original_site_name":"ADDEV Materials","distributor_original_site_url":"https:\/\/addevmaterials.com\/pl","push-errors":false,"_links":{"self":[{"href":"https:\/\/addevmaterials.com\/pl\/wp-json\/wp\/v2\/pages\/5886","targetHints":{"allow":["GET"]}}],"collection":[{"href":"https:\/\/addevmaterials.com\/pl\/wp-json\/wp\/v2\/pages"}],"about":[{"href":"https:\/\/addevmaterials.com\/pl\/wp-json\/wp\/v2\/types\/page"}],"author":[{"embeddable":true,"href":"https:\/\/addevmaterials.com\/pl\/wp-json\/wp\/v2\/users\/11"}],"replies":[{"embeddable":true,"href":"https:\/\/addevmaterials.com\/pl\/wp-json\/wp\/v2\/comments?post=5886"}],"version-history":[{"count":16,"href":"https:\/\/addevmaterials.com\/pl\/wp-json\/wp\/v2\/pages\/5886\/revisions"}],"predecessor-version":[{"id":9448,"href":"https:\/\/addevmaterials.com\/pl\/wp-json\/wp\/v2\/pages\/5886\/revisions\/9448"}],"wp:attachment":[{"href":"https:\/\/addevmaterials.com\/pl\/wp-json\/wp\/v2\/media?parent=5886"}],"curies":[{"name":"wp","href":"https:\/\/api.w.org\/{rel}","templated":true}]}}