{"id":9912,"date":"2026-01-08T10:17:13","date_gmt":"2026-01-08T10:17:13","guid":{"rendered":"https:\/\/addevmaterials.com\/?page_id=9912"},"modified":"2026-01-08T10:18:05","modified_gmt":"2026-01-08T10:18:05","slug":"kroki-3","status":"publish","type":"page","link":"https:\/\/addevmaterials.com\/pl\/marches-3\/","title":{"rendered":"Nasze rynki"},"content":{"rendered":"\t\t<div data-elementor-type=\"wp-page\" data-elementor-id=\"9912\" class=\"elementor elementor-9912\" data-elementor-post-type=\"page\">\n\t\t\t\t<div class=\"elementor-element elementor-element-27392c4 e-flex e-con-boxed e-con e-parent\" data-id=\"27392c4\" data-element_type=\"container\" data-e-type=\"container\" data-settings=\"{&quot;background_background&quot;:&quot;classic&quot;,&quot;background_motion_fx_motion_fx_scrolling&quot;:&quot;yes&quot;,&quot;background_motion_fx_translateX_effect&quot;:&quot;yes&quot;,&quot;background_motion_fx_translateX_speed&quot;:{&quot;unit&quot;:&quot;px&quot;,&quot;size&quot;:4,&quot;sizes&quot;:[]},&quot;background_motion_fx_translateX_affectedRange&quot;:{&quot;unit&quot;:&quot;%&quot;,&quot;size&quot;:&quot;&quot;,&quot;sizes&quot;:{&quot;start&quot;:0,&quot;end&quot;:100}},&quot;background_motion_fx_devices&quot;:[&quot;widescreen&quot;,&quot;desktop&quot;,&quot;laptop&quot;,&quot;tablet_extra&quot;,&quot;tablet&quot;,&quot;mobile_extra&quot;,&quot;mobile&quot;]}\">\n\t\t\t\t\t<div class=\"e-con-inner\">\n\t\t\t\t<div class=\"elementor-element elementor-element-bac2b3d elementor-widget elementor-widget-heading\" data-id=\"bac2b3d\" data-element_type=\"widget\" data-e-type=\"widget\" data-widget_type=\"heading.default\">\n\t\t\t\t<div class=\"elementor-widget-container\">\n\t\t\t\t\t<h1 class=\"elementor-heading-title elementor-size-default\">Nos march\u00e9s cibles \u2013 A\u00e9ronautique, Sant\u00e9, Industrie, Energie<\/h1>\t\t\t\t<\/div>\n\t\t\t\t<\/div>\n\t\t\t\t\t<\/div>\n\t\t\t\t<\/div>\n\t\t<div class=\"elementor-element elementor-element-7bfce98 e-flex e-con-boxed e-con e-parent\" data-id=\"7bfce98\" data-element_type=\"container\" data-e-type=\"container\">\n\t\t\t\t\t<div class=\"e-con-inner\">\n\t\t\t\t<div class=\"elementor-element elementor-element-f3ca95f elementor-widget elementor-widget-text-editor\" data-id=\"f3ca95f\" data-element_type=\"widget\" data-e-type=\"widget\" data-widget_type=\"text-editor.default\">\n\t\t\t\t<div class=\"elementor-widget-container\">\n\t\t\t\t\t\t\t\t\t<p>ADDEV Materials accompagne ses clients industriels sur quatre march\u00e9s strat\u00e9giques gr\u00e2ce \u00e0 une expertise unique en mat\u00e9riaux techniques, solutions chimiques qualifi\u00e9es et services de transformation sur mesure.<\/p><p>Pr\u00e9sent en <strong data-start=\"503\" data-end=\"545\">Europe, en Am\u00e9rique du Nord et en Asie<\/strong>, le groupe d\u00e9veloppe des solutions fiables, durables et conformes aux standards internationaux pour r\u00e9pondre aux besoins exigeants de l\u2019a\u00e9ronautique, de l\u2019\u00e9nergie, de la sant\u00e9 et de l\u2019industrie.<\/p><p>Gr\u00e2ce \u00e0 notre mod\u00e8le int\u00e9gr\u00e9 : distribution sp\u00e9cialis\u00e9e, converting haute pr\u00e9cision et packaging personnalis\u00e9, nous aidons nos clients \u00e0 renforcer leur performance op\u00e9rationnelle et \u00e0 acc\u00e9l\u00e9rer leurs projets d\u2019innovation.<\/p>\t\t\t\t\t\t\t\t<\/div>\n\t\t\t\t<\/div>\n\t\t\t\t\t<\/div>\n\t\t\t\t<\/div>\n\t\t<div class=\"elementor-element elementor-element-a26faaf e-con-full e-flex e-con e-parent\" data-id=\"a26faaf\" data-element_type=\"container\" data-e-type=\"container\">\n\t\t<div class=\"elementor-element elementor-element-179e778 e-con-full e-flex e-con e-child\" data-id=\"179e778\" data-element_type=\"container\" data-e-type=\"container\" data-settings=\"{&quot;background_background&quot;:&quot;classic&quot;}\">\n\t\t\t\t<div class=\"elementor-element elementor-element-736dae3 elementor-widget elementor-widget-image\" data-id=\"736dae3\" data-element_type=\"widget\" data-e-type=\"widget\" data-widget_type=\"image.default\">\n\t\t\t\t<div class=\"elementor-widget-container\">\n\t\t\t\t\t\t\t\t\t\t\t\t\t\t\t\t<a href=\"https:\/\/addevmaterials.com\/marches\/aerospace-and-defense\/\">\n\t\t\t\t\t\t\t<img fetchpriority=\"high\" decoding=\"async\" width=\"1024\" height=\"683\" src=\"https:\/\/addevmaterials.com\/wp-content\/uploads\/2025\/10\/HP-B.U-AD-1024x683.jpg\" class=\"elementor-animation-bob attachment-large size-large wp-image-7563\" alt=\"Aerospace and Defense\" srcset=\"https:\/\/addevmaterials.com\/wp-content\/uploads\/2025\/10\/HP-B.U-AD-1024x683.jpg 1024w, https:\/\/addevmaterials.com\/wp-content\/uploads\/2025\/10\/HP-B.U-AD-300x200.jpg 300w, https:\/\/addevmaterials.com\/wp-content\/uploads\/2025\/10\/HP-B.U-AD-768x512.jpg 768w, https:\/\/addevmaterials.com\/wp-content\/uploads\/2025\/10\/HP-B.U-AD-18x12.jpg 18w, https:\/\/addevmaterials.com\/wp-content\/uploads\/2025\/10\/HP-B.U-AD.jpg 1500w\" sizes=\"(max-width: 1024px) 100vw, 1024px\" \/>\t\t\t\t\t\t\t\t<\/a>\n\t\t\t\t\t\t\t\t\t\t\t\t\t\t\t<\/div>\n\t\t\t\t<\/div>\n\t\t\t\t<div class=\"elementor-element elementor-element-0e24934 elementor-widget elementor-widget-heading\" data-id=\"0e24934\" data-element_type=\"widget\" data-e-type=\"widget\" data-widget_type=\"heading.default\">\n\t\t\t\t<div class=\"elementor-widget-container\">\n\t\t\t\t\t<h2 class=\"elementor-heading-title elementor-size-default\">Aerospace &amp; Defense<\/h2>\t\t\t\t<\/div>\n\t\t\t\t<\/div>\n\t\t\t\t<div class=\"elementor-element elementor-element-88e96e1 elementor-widget elementor-widget-text-editor\" data-id=\"88e96e1\" data-element_type=\"widget\" data-e-type=\"widget\" data-widget_type=\"text-editor.default\">\n\t\t\t\t<div class=\"elementor-widget-container\">\n\t\t\t\t\t\t\t\t\t<p>Sp\u00e9cialiste du march\u00e9 A\u00e9ronautique, Spatial &amp; D\u00e9fense, ADDEV Materials apporte \u00e0 ses clients, toute son expertise produits, ses solutions de conditionnement et dosage sur-mesure, ses capacit\u00e9s de d\u00e9coupe industrielle ainsi qu\u2019une large offre de services \u00e0 valeur ajout\u00e9e.<\/p><p>En tant que fabricant de la marque Zip-Chem\u00ae, ADDEV Materials se positionne \u00e9galement comme expert des produits de traitement de surface pour l\u2019aviation. Avec son r\u00e9seau multi-local de sites certifi\u00e9s EN\/AS 9100 et EN AS\/9120 en Europe, au Royaume-Uni, en Am\u00e9rique du Nord, en Inde et en Asie, ADDEV Materials est le partenaire des plus grands \u00e9quipementiers, compagnies a\u00e9riennes, op\u00e9rateurs MRO.<\/p>\t\t\t\t\t\t\t\t<\/div>\n\t\t\t\t<\/div>\n\t\t\t\t<div class=\"elementor-element elementor-element-06c9336 elementor-align-justify elementor-widget elementor-widget-button\" data-id=\"06c9336\" data-element_type=\"widget\" data-e-type=\"widget\" data-widget_type=\"button.default\">\n\t\t\t\t<div class=\"elementor-widget-container\">\n\t\t\t\t\t\t\t\t\t<div class=\"elementor-button-wrapper\">\n\t\t\t\t\t<a class=\"elementor-button elementor-button-link elementor-size-sm\" href=\"https:\/\/addevmaterials.com\/marches\/aerospace-and-defense\/\">\n\t\t\t\t\t\t<span class=\"elementor-button-content-wrapper\">\n\t\t\t\t\t\t\t\t\t<span class=\"elementor-button-text\">En savoir plus sur nos solutions Aerospace &amp; Defense<\/span>\n\t\t\t\t\t<\/span>\n\t\t\t\t\t<\/a>\n\t\t\t\t<\/div>\n\t\t\t\t\t\t\t\t<\/div>\n\t\t\t\t<\/div>\n\t\t\t\t<\/div>\n\t\t<div class=\"elementor-element elementor-element-cc1f52b e-con-full e-flex e-con e-child\" data-id=\"cc1f52b\" data-element_type=\"container\" data-e-type=\"container\" data-settings=\"{&quot;background_background&quot;:&quot;classic&quot;}\">\n\t\t\t\t<div class=\"elementor-element elementor-element-a861589 elementor-widget elementor-widget-image\" data-id=\"a861589\" data-element_type=\"widget\" data-e-type=\"widget\" data-widget_type=\"image.default\">\n\t\t\t\t<div class=\"elementor-widget-container\">\n\t\t\t\t\t\t\t\t\t\t\t\t\t\t\t\t<a href=\"https:\/\/addevmaterials.com\/healthcare-and-wellness\/\">\n\t\t\t\t\t\t\t<img decoding=\"async\" width=\"1024\" height=\"683\" src=\"https:\/\/addevmaterials.com\/wp-content\/uploads\/2025\/10\/HP-B.U-HW-1024x683.jpg\" class=\"elementor-animation-bob attachment-large size-large wp-image-7566\" alt=\"Sant\u00e9 et bien \u00eatre\" srcset=\"https:\/\/addevmaterials.com\/wp-content\/uploads\/2025\/10\/HP-B.U-HW-1024x683.jpg 1024w, https:\/\/addevmaterials.com\/wp-content\/uploads\/2025\/10\/HP-B.U-HW-300x200.jpg 300w, https:\/\/addevmaterials.com\/wp-content\/uploads\/2025\/10\/HP-B.U-HW-768x512.jpg 768w, https:\/\/addevmaterials.com\/wp-content\/uploads\/2025\/10\/HP-B.U-HW-18x12.jpg 18w, https:\/\/addevmaterials.com\/wp-content\/uploads\/2025\/10\/HP-B.U-HW.jpg 1500w\" sizes=\"(max-width: 1024px) 100vw, 1024px\" \/>\t\t\t\t\t\t\t\t<\/a>\n\t\t\t\t\t\t\t\t\t\t\t\t\t\t\t<\/div>\n\t\t\t\t<\/div>\n\t\t\t\t<div class=\"elementor-element elementor-element-f5a7a83 elementor-widget elementor-widget-heading\" data-id=\"f5a7a83\" data-element_type=\"widget\" data-e-type=\"widget\" data-widget_type=\"heading.default\">\n\t\t\t\t<div class=\"elementor-widget-container\">\n\t\t\t\t\t<h2 class=\"elementor-heading-title elementor-size-default\">Healthcare &amp; Wellness<\/h2>\t\t\t\t<\/div>\n\t\t\t\t<\/div>\n\t\t\t\t<div class=\"elementor-element elementor-element-15bdd3a elementor-widget elementor-widget-text-editor\" data-id=\"15bdd3a\" data-element_type=\"widget\" data-e-type=\"widget\" data-widget_type=\"text-editor.default\">\n\t\t\t\t<div class=\"elementor-widget-container\">\n\t\t\t\t\t\t\t\t\t<p>La technicit\u00e9 de notre offre produits combin\u00e9e \u00e0 notre capacit\u00e9 de complexage et de d\u00e9coupe de pr\u00e9cision en salle blanche en Europe et Am\u00e9rique du Nord, fait d\u2019ADDEV Materials un partenaire de choix pour les grands acteurs de la Sant\u00e9 et du Bien-\u00eatre.<\/p><p>Nous transformons et combinons des mat\u00e9riaux flexibles, adh\u00e9sifs m\u00e9dicaux, films techniques, mousses et packagings st\u00e9riles, pour r\u00e9pondre aux besoins d\u2019\u00e9volution constants du march\u00e9 des dispositifs m\u00e9dicaux, en garantissant qualit\u00e9, tra\u00e7abilit\u00e9 et conformit\u00e9 r\u00e9glementaire, dans le respect de la norme ISO 13485.<\/p>\t\t\t\t\t\t\t\t<\/div>\n\t\t\t\t<\/div>\n\t\t\t\t<div class=\"elementor-element elementor-element-c3409db elementor-align-justify elementor-widget elementor-widget-button\" data-id=\"c3409db\" data-element_type=\"widget\" data-e-type=\"widget\" data-widget_type=\"button.default\">\n\t\t\t\t<div class=\"elementor-widget-container\">\n\t\t\t\t\t\t\t\t\t<div class=\"elementor-button-wrapper\">\n\t\t\t\t\t<a class=\"elementor-button elementor-button-link elementor-size-sm\" href=\"https:\/\/addevmaterials.com\/marches\/healthcare-and-wellness\/\">\n\t\t\t\t\t\t<span class=\"elementor-button-content-wrapper\">\n\t\t\t\t\t\t\t\t\t<span class=\"elementor-button-text\">En savoir plus nos solutions Healthcare &amp; Wellness<\/span>\n\t\t\t\t\t<\/span>\n\t\t\t\t\t<\/a>\n\t\t\t\t<\/div>\n\t\t\t\t\t\t\t\t<\/div>\n\t\t\t\t<\/div>\n\t\t\t\t<\/div>\n\t\t<div class=\"elementor-element elementor-element-4f8c4ed e-con-full e-flex e-con e-child\" data-id=\"4f8c4ed\" data-element_type=\"container\" data-e-type=\"container\" data-settings=\"{&quot;background_background&quot;:&quot;classic&quot;}\">\n\t\t\t\t<div class=\"elementor-element elementor-element-3cb6e77 elementor-widget elementor-widget-image\" data-id=\"3cb6e77\" data-element_type=\"widget\" data-e-type=\"widget\" data-widget_type=\"image.default\">\n\t\t\t\t<div class=\"elementor-widget-container\">\n\t\t\t\t\t\t\t\t\t\t\t\t\t\t\t\t<a href=\"https:\/\/addevmaterials.com\/marches\/industry-and-electronics\/\">\n\t\t\t\t\t\t\t<img decoding=\"async\" width=\"1024\" height=\"683\" src=\"https:\/\/addevmaterials.com\/wp-content\/uploads\/2025\/10\/HP-NEW-B.U-IE-1024x683.jpg\" class=\"elementor-animation-bob attachment-large size-large wp-image-7565\" alt=\"Industrie et \u00e9lectronique\" srcset=\"https:\/\/addevmaterials.com\/wp-content\/uploads\/2025\/10\/HP-NEW-B.U-IE-1024x683.jpg 1024w, https:\/\/addevmaterials.com\/wp-content\/uploads\/2025\/10\/HP-NEW-B.U-IE-300x200.jpg 300w, https:\/\/addevmaterials.com\/wp-content\/uploads\/2025\/10\/HP-NEW-B.U-IE-768x512.jpg 768w, https:\/\/addevmaterials.com\/wp-content\/uploads\/2025\/10\/HP-NEW-B.U-IE-18x12.jpg 18w, https:\/\/addevmaterials.com\/wp-content\/uploads\/2025\/10\/HP-NEW-B.U-IE.jpg 1500w\" sizes=\"(max-width: 1024px) 100vw, 1024px\" \/>\t\t\t\t\t\t\t\t<\/a>\n\t\t\t\t\t\t\t\t\t\t\t\t\t\t\t<\/div>\n\t\t\t\t<\/div>\n\t\t\t\t<div class=\"elementor-element elementor-element-f30e304 elementor-widget elementor-widget-heading\" data-id=\"f30e304\" data-element_type=\"widget\" data-e-type=\"widget\" data-widget_type=\"heading.default\">\n\t\t\t\t<div class=\"elementor-widget-container\">\n\t\t\t\t\t<h2 class=\"elementor-heading-title elementor-size-default\">Industry &amp; Electronics<\/h2>\t\t\t\t<\/div>\n\t\t\t\t<\/div>\n\t\t\t\t<div class=\"elementor-element elementor-element-beee41a elementor-widget elementor-widget-text-editor\" data-id=\"beee41a\" data-element_type=\"widget\" data-e-type=\"widget\" data-widget_type=\"text-editor.default\">\n\t\t\t\t<div class=\"elementor-widget-container\">\n\t\t\t\t\t\t\t\t\t<p>Sp\u00e9cialiste des solutions d\u2019assemblage par voie d\u2019adh\u00e9sivage ou de collage, ADDEV Materials vous accompagne d\u00e8s la phase de d\u00e9veloppement, pour \u00e9laborer un cahier des charges adapt\u00e9 et qualifier les meilleures solutions \u00e0 mettre en \u0153uvre, en vous garantissant des produits qualifi\u00e9s et certifi\u00e9s. Gr\u00e2ce aux partenariats consolid\u00e9s depuis pr\u00e8s de 20 ans aupr\u00e8s des grands fabricants mondiaux, nous sommes en mesure de pr\u00e9coniser les solutions techniques les plus abouties pour les march\u00e9s de l\u2019industrie, des v\u00e9hicules sp\u00e9ciaux, de la construction mais aussi de l\u2019\u00e9lectronique.<\/p>\t\t\t\t\t\t\t\t<\/div>\n\t\t\t\t<\/div>\n\t\t\t\t<div class=\"elementor-element elementor-element-7752fae elementor-align-justify elementor-widget elementor-widget-button\" data-id=\"7752fae\" data-element_type=\"widget\" data-e-type=\"widget\" data-widget_type=\"button.default\">\n\t\t\t\t<div class=\"elementor-widget-container\">\n\t\t\t\t\t\t\t\t\t<div class=\"elementor-button-wrapper\">\n\t\t\t\t\t<a class=\"elementor-button elementor-button-link elementor-size-sm\" href=\"https:\/\/addevmaterials.com\/marches\/industry-and-electronics\/\">\n\t\t\t\t\t\t<span class=\"elementor-button-content-wrapper\">\n\t\t\t\t\t\t\t\t\t<span class=\"elementor-button-text\">En savoir plus sur nos solutions Industry &amp; Electronics<\/span>\n\t\t\t\t\t<\/span>\n\t\t\t\t\t<\/a>\n\t\t\t\t<\/div>\n\t\t\t\t\t\t\t\t<\/div>\n\t\t\t\t<\/div>\n\t\t\t\t<\/div>\n\t\t<div class=\"elementor-element elementor-element-7aaa3ba e-con-full e-flex e-con e-child\" data-id=\"7aaa3ba\" data-element_type=\"container\" data-e-type=\"container\" data-settings=\"{&quot;background_background&quot;:&quot;classic&quot;}\">\n\t\t\t\t<div class=\"elementor-element elementor-element-b85e16d elementor-widget elementor-widget-image\" data-id=\"b85e16d\" data-element_type=\"widget\" data-e-type=\"widget\" data-widget_type=\"image.default\">\n\t\t\t\t<div class=\"elementor-widget-container\">\n\t\t\t\t\t\t\t\t\t\t\t\t\t\t\t\t<a href=\"https:\/\/addevmaterials.com\/marches\/power-and-mobility\/\">\n\t\t\t\t\t\t\t<img loading=\"lazy\" decoding=\"async\" width=\"1024\" height=\"683\" src=\"https:\/\/addevmaterials.com\/wp-content\/uploads\/2025\/10\/HP-NEW-B.U-PM-1024x683.jpg\" class=\"elementor-animation-bob attachment-large size-large wp-image-7564\" alt=\"Energie et Mobilit\u00e9\" srcset=\"https:\/\/addevmaterials.com\/wp-content\/uploads\/2025\/10\/HP-NEW-B.U-PM-1024x683.jpg 1024w, https:\/\/addevmaterials.com\/wp-content\/uploads\/2025\/10\/HP-NEW-B.U-PM-300x200.jpg 300w, https:\/\/addevmaterials.com\/wp-content\/uploads\/2025\/10\/HP-NEW-B.U-PM-768x512.jpg 768w, https:\/\/addevmaterials.com\/wp-content\/uploads\/2025\/10\/HP-NEW-B.U-PM-18x12.jpg 18w, https:\/\/addevmaterials.com\/wp-content\/uploads\/2025\/10\/HP-NEW-B.U-PM.jpg 1500w\" sizes=\"(max-width: 1024px) 100vw, 1024px\" \/>\t\t\t\t\t\t\t\t<\/a>\n\t\t\t\t\t\t\t\t\t\t\t\t\t\t\t<\/div>\n\t\t\t\t<\/div>\n\t\t\t\t<div class=\"elementor-element elementor-element-2f58036 elementor-widget elementor-widget-heading\" data-id=\"2f58036\" data-element_type=\"widget\" data-e-type=\"widget\" data-widget_type=\"heading.default\">\n\t\t\t\t<div class=\"elementor-widget-container\">\n\t\t\t\t\t<h2 class=\"elementor-heading-title elementor-size-default\">Power &amp; Mobility\u200b<\/h2>\t\t\t\t<\/div>\n\t\t\t\t<\/div>\n\t\t\t\t<div class=\"elementor-element elementor-element-c32be01 elementor-widget elementor-widget-text-editor\" data-id=\"c32be01\" data-element_type=\"widget\" data-e-type=\"widget\" data-widget_type=\"text-editor.default\">\n\t\t\t\t<div class=\"elementor-widget-container\">\n\t\t\t\t\t\t\t\t\t<p>ADDEV Materials met son expertise historique en isolation \u00e9lectrique et management thermique au service des syst\u00e8mes de puissance modernes.<\/p><p>Partenaire des marques Nomex\u00ae, Kapton\u00ae et Mylar\u00ae, nous transformons et laminons des mat\u00e9riaux techniques destin\u00e9s \u00e0 l\u2019\u00e9nergie, \u00e0 l\u2019automobile, au ferroviaire et aux march\u00e9s \u00e9mergents tels que les data centers et les batteries.<\/p><p>Gr\u00e2ce \u00e0 nos sites en Europe et aux \u00c9tats-Unis, nous concevons des solutions sur mesure r\u00e9pondant aux exigences les plus strictes en mati\u00e8re de protection, fiabilit\u00e9 et performance industrielle.<\/p>\t\t\t\t\t\t\t\t<\/div>\n\t\t\t\t<\/div>\n\t\t\t\t<div class=\"elementor-element elementor-element-110ea45 elementor-align-justify elementor-widget elementor-widget-button\" data-id=\"110ea45\" data-element_type=\"widget\" data-e-type=\"widget\" data-widget_type=\"button.default\">\n\t\t\t\t<div class=\"elementor-widget-container\">\n\t\t\t\t\t\t\t\t\t<div class=\"elementor-button-wrapper\">\n\t\t\t\t\t<a class=\"elementor-button elementor-button-link elementor-size-sm\" href=\"https:\/\/addevmaterials.com\/marches\/power-and-mobility\/\">\n\t\t\t\t\t\t<span class=\"elementor-button-content-wrapper\">\n\t\t\t\t\t\t\t\t\t<span class=\"elementor-button-text\">En savoir plus sur nos solutions Power &amp; Mobility<\/span>\n\t\t\t\t\t<\/span>\n\t\t\t\t\t<\/a>\n\t\t\t\t<\/div>\n\t\t\t\t\t\t\t\t<\/div>\n\t\t\t\t<\/div>\n\t\t\t\t<\/div>\n\t\t\t\t<\/div>\n\t\t\t\t<\/div>\n\t\t","protected":false},"excerpt":{"rendered":"<p>Nos march\u00e9s cibles \u2013 A\u00e9ronautique, Sant\u00e9, Industrie, Energie ADDEV Materials accompagne ses clients industriels sur quatre march\u00e9s strat\u00e9giques gr\u00e2ce \u00e0 une expertise unique en mat\u00e9riaux techniques, solutions chimiques qualifi\u00e9es et services de transformation sur mesure. Pr\u00e9sent en Europe, en Am\u00e9rique du Nord et en Asie, le groupe d\u00e9veloppe des solutions fiables, durables et conformes aux [&hellip;]<\/p>\n","protected":false},"author":2,"featured_media":0,"parent":0,"menu_order":0,"comment_status":"closed","ping_status":"closed","template":"elementor_header_footer","meta":{"footnotes":""},"class_list":["post-9912","page","type-page","status-publish","hentry"],"yoast_head":"<!-- This site is optimized with the Yoast SEO plugin v27.3 - https:\/\/yoast.com\/product\/yoast-seo-wordpress\/ -->\n<title>Nos march\u00e9s - ADDEV Materials<\/title>\n<meta name=\"robots\" content=\"index, follow, max-snippet:-1, max-image-preview:large, max-video-preview:-1\" \/>\n<link rel=\"canonical\" href=\"https:\/\/addevmaterials.com\/pl\/kroki-3\/\" \/>\n<meta property=\"og:locale\" content=\"pl_PL\" \/>\n<meta property=\"og:type\" content=\"article\" \/>\n<meta property=\"og:title\" content=\"Nos march\u00e9s - ADDEV Materials\" \/>\n<meta property=\"og:description\" content=\"Nos march\u00e9s cibles \u2013 A\u00e9ronautique, Sant\u00e9, Industrie, Energie ADDEV Materials accompagne ses clients industriels sur quatre march\u00e9s strat\u00e9giques gr\u00e2ce \u00e0 une expertise unique en mat\u00e9riaux techniques, solutions chimiques qualifi\u00e9es et services de transformation sur mesure. Pr\u00e9sent en Europe, en Am\u00e9rique du Nord et en Asie, le groupe d\u00e9veloppe des solutions fiables, durables et conformes aux [&hellip;]\" \/>\n<meta property=\"og:url\" content=\"https:\/\/addevmaterials.com\/pl\/kroki-3\/\" \/>\n<meta property=\"og:site_name\" content=\"ADDEV Materials\" \/>\n<meta property=\"article:modified_time\" content=\"2026-01-08T10:18:05+00:00\" \/>\n<meta property=\"og:image\" content=\"https:\/\/addevmaterials.com\/wp-content\/uploads\/2025\/10\/HP-B.U-AD.jpg\" \/>\n\t<meta property=\"og:image:width\" content=\"1500\" \/>\n\t<meta property=\"og:image:height\" content=\"1000\" \/>\n\t<meta property=\"og:image:type\" content=\"image\/jpeg\" \/>\n<meta name=\"twitter:card\" content=\"summary_large_image\" \/>\n<meta name=\"twitter:label1\" content=\"Szacowany czas czytania\" \/>\n\t<meta name=\"twitter:data1\" content=\"3 minuty\" \/>\n<script type=\"application\/ld+json\" class=\"yoast-schema-graph\">{\"@context\":\"https:\\\/\\\/schema.org\",\"@graph\":[{\"@type\":\"WebPage\",\"@id\":\"https:\\\/\\\/addevmaterials.com\\\/marches-3\\\/\",\"url\":\"https:\\\/\\\/addevmaterials.com\\\/marches-3\\\/\",\"name\":\"Nos march\u00e9s - ADDEV Materials\",\"isPartOf\":{\"@id\":\"https:\\\/\\\/addevmaterials.com\\\/fr\\\/#website\"},\"primaryImageOfPage\":{\"@id\":\"https:\\\/\\\/addevmaterials.com\\\/marches-3\\\/#primaryimage\"},\"image\":{\"@id\":\"https:\\\/\\\/addevmaterials.com\\\/marches-3\\\/#primaryimage\"},\"thumbnailUrl\":\"https:\\\/\\\/addevmaterials.com\\\/wp-content\\\/uploads\\\/2025\\\/10\\\/HP-B.U-AD-1024x683.jpg\",\"datePublished\":\"2026-01-08T10:17:13+00:00\",\"dateModified\":\"2026-01-08T10:18:05+00:00\",\"breadcrumb\":{\"@id\":\"https:\\\/\\\/addevmaterials.com\\\/marches-3\\\/#breadcrumb\"},\"inLanguage\":\"pl-PL\",\"potentialAction\":[{\"@type\":\"ReadAction\",\"target\":[\"https:\\\/\\\/addevmaterials.com\\\/marches-3\\\/\"]}]},{\"@type\":\"ImageObject\",\"inLanguage\":\"pl-PL\",\"@id\":\"https:\\\/\\\/addevmaterials.com\\\/marches-3\\\/#primaryimage\",\"url\":\"https:\\\/\\\/addevmaterials.com\\\/wp-content\\\/uploads\\\/2025\\\/10\\\/HP-B.U-AD-1024x683.jpg\",\"contentUrl\":\"https:\\\/\\\/addevmaterials.com\\\/wp-content\\\/uploads\\\/2025\\\/10\\\/HP-B.U-AD-1024x683.jpg\"},{\"@type\":\"BreadcrumbList\",\"@id\":\"https:\\\/\\\/addevmaterials.com\\\/marches-3\\\/#breadcrumb\",\"itemListElement\":[{\"@type\":\"ListItem\",\"position\":1,\"name\":\"Accueil\",\"item\":\"https:\\\/\\\/addevmaterials.com\\\/\"},{\"@type\":\"ListItem\",\"position\":2,\"name\":\"Nos march\u00e9s\"}]},{\"@type\":\"WebSite\",\"@id\":\"https:\\\/\\\/addevmaterials.com\\\/fr\\\/#website\",\"url\":\"https:\\\/\\\/addevmaterials.com\\\/fr\\\/\",\"name\":\"ADDEV Materials\",\"description\":\"\",\"potentialAction\":[{\"@type\":\"SearchAction\",\"target\":{\"@type\":\"EntryPoint\",\"urlTemplate\":\"https:\\\/\\\/addevmaterials.com\\\/fr\\\/?s={search_term_string}\"},\"query-input\":{\"@type\":\"PropertyValueSpecification\",\"valueRequired\":true,\"valueName\":\"search_term_string\"}}],\"inLanguage\":\"pl-PL\"}]}<\/script>\n<!-- \/ Yoast SEO plugin. -->","yoast_head_json":{"title":"Nasze rynki - ADDEV Materials","robots":{"index":"index","follow":"follow","max-snippet":"max-snippet:-1","max-image-preview":"max-image-preview:large","max-video-preview":"max-video-preview:-1"},"canonical":"https:\/\/addevmaterials.com\/pl\/kroki-3\/","og_locale":"pl_PL","og_type":"article","og_title":"Nos march\u00e9s - ADDEV Materials","og_description":"Nos march\u00e9s cibles \u2013 A\u00e9ronautique, Sant\u00e9, Industrie, Energie ADDEV Materials accompagne ses clients industriels sur quatre march\u00e9s strat\u00e9giques gr\u00e2ce \u00e0 une expertise unique en mat\u00e9riaux techniques, solutions chimiques qualifi\u00e9es et services de transformation sur mesure. Pr\u00e9sent en Europe, en Am\u00e9rique du Nord et en Asie, le groupe d\u00e9veloppe des solutions fiables, durables et conformes aux [&hellip;]","og_url":"https:\/\/addevmaterials.com\/pl\/kroki-3\/","og_site_name":"ADDEV Materials","article_modified_time":"2026-01-08T10:18:05+00:00","og_image":[{"width":1500,"height":1000,"url":"https:\/\/addevmaterials.com\/wp-content\/uploads\/2025\/10\/HP-B.U-AD.jpg","type":"image\/jpeg"}],"twitter_card":"summary_large_image","twitter_misc":{"Szacowany czas czytania":"3 minuty"},"schema":{"@context":"https:\/\/schema.org","@graph":[{"@type":"WebPage","@id":"https:\/\/addevmaterials.com\/marches-3\/","url":"https:\/\/addevmaterials.com\/marches-3\/","name":"Nasze rynki - ADDEV Materials","isPartOf":{"@id":"https:\/\/addevmaterials.com\/fr\/#website"},"primaryImageOfPage":{"@id":"https:\/\/addevmaterials.com\/marches-3\/#primaryimage"},"image":{"@id":"https:\/\/addevmaterials.com\/marches-3\/#primaryimage"},"thumbnailUrl":"https:\/\/addevmaterials.com\/wp-content\/uploads\/2025\/10\/HP-B.U-AD-1024x683.jpg","datePublished":"2026-01-08T10:17:13+00:00","dateModified":"2026-01-08T10:18:05+00:00","breadcrumb":{"@id":"https:\/\/addevmaterials.com\/marches-3\/#breadcrumb"},"inLanguage":"pl-PL","potentialAction":[{"@type":"ReadAction","target":["https:\/\/addevmaterials.com\/marches-3\/"]}]},{"@type":"ImageObject","inLanguage":"pl-PL","@id":"https:\/\/addevmaterials.com\/marches-3\/#primaryimage","url":"https:\/\/addevmaterials.com\/wp-content\/uploads\/2025\/10\/HP-B.U-AD-1024x683.jpg","contentUrl":"https:\/\/addevmaterials.com\/wp-content\/uploads\/2025\/10\/HP-B.U-AD-1024x683.jpg"},{"@type":"BreadcrumbList","@id":"https:\/\/addevmaterials.com\/marches-3\/#breadcrumb","itemListElement":[{"@type":"ListItem","position":1,"name":"Accueil","item":"https:\/\/addevmaterials.com\/"},{"@type":"ListItem","position":2,"name":"Nos march\u00e9s"}]},{"@type":"WebSite","@id":"https:\/\/addevmaterials.com\/fr\/#website","url":"https:\/\/addevmaterials.com\/fr\/","name":"ADDEV Materials","description":"","potentialAction":[{"@type":"SearchAction","target":{"@type":"EntryPoint","urlTemplate":"https:\/\/addevmaterials.com\/fr\/?s={search_term_string}"},"query-input":{"@type":"PropertyValueSpecification","valueRequired":true,"valueName":"search_term_string"}}],"inLanguage":"pl-PL"}]}},"distributor_meta":false,"distributor_terms":false,"distributor_media":false,"distributor_original_site_name":"ADDEV Materials","distributor_original_site_url":"https:\/\/addevmaterials.com\/pl","push-errors":false,"_links":{"self":[{"href":"https:\/\/addevmaterials.com\/pl\/wp-json\/wp\/v2\/pages\/9912","targetHints":{"allow":["GET"]}}],"collection":[{"href":"https:\/\/addevmaterials.com\/pl\/wp-json\/wp\/v2\/pages"}],"about":[{"href":"https:\/\/addevmaterials.com\/pl\/wp-json\/wp\/v2\/types\/page"}],"author":[{"embeddable":true,"href":"https:\/\/addevmaterials.com\/pl\/wp-json\/wp\/v2\/users\/2"}],"replies":[{"embeddable":true,"href":"https:\/\/addevmaterials.com\/pl\/wp-json\/wp\/v2\/comments?post=9912"}],"version-history":[{"count":3,"href":"https:\/\/addevmaterials.com\/pl\/wp-json\/wp\/v2\/pages\/9912\/revisions"}],"predecessor-version":[{"id":9918,"href":"https:\/\/addevmaterials.com\/pl\/wp-json\/wp\/v2\/pages\/9912\/revisions\/9918"}],"wp:attachment":[{"href":"https:\/\/addevmaterials.com\/pl\/wp-json\/wp\/v2\/media?parent=9912"}],"curies":[{"name":"wp","href":"https:\/\/api.w.org\/{rel}","templated":true}]}}